{"id":10189,"date":"2021-01-09T13:48:20","date_gmt":"2021-01-09T05:48:20","guid":{"rendered":"https:\/\/seppeschina.com\/?post_type=product&#038;p=10189"},"modified":"2025-05-19T16:15:03","modified_gmt":"2025-05-19T08:15:03","slug":"seppes-blaues-hochgeschwindigkeits-stapeltor","status":"publish","type":"product","link":"https:\/\/seppeschina.com\/de\/product\/seppes-blue-high-speed-stacking-door\/","title":{"rendered":"SEPPES Blaue Hochgeschwindigkeits-Stapeltor"},"content":{"rendered":"<div style=\"width: 960px;\" class=\"wp-video\"><video class=\"wp-video-shortcode\" id=\"video-10189-1\" width=\"960\" height=\"544\" preload=\"metadata\" controls=\"controls\"><source type=\"video\/mp4\" src=\"https:\/\/seppeschina.com\/wp-content\/uploads\/2021\/01\/d5d9ded8b6bbc4317d173084318be8ca.mp4?_=1\" \/><a href=\"https:\/\/seppeschina.com\/wp-content\/uploads\/2021\/01\/d5d9ded8b6bbc4317d173084318be8ca.mp4\">https:\/\/seppeschina.com\/wp-content\/uploads\/2021\/01\/d5d9ded8b6bbc4317d173084318be8ca.mp4<\/a><\/video><\/div>\n<h3><span style=\"color: #0000ff;\"><strong><b>Beschreibung<\/b><\/strong><\/span><\/h3>\n<p>Das Hochgeschwindigkeits-Stapeltor nutzt eine faltbare Hubmethode und mehrere eingebaute oder externe horizontale Windwiderstandsstreben, sodass der Winddruck gleichm\u00e4\u00dfig auf das gesamte T\u00fcrblatt verteilt wird und es etwa 10 Windst\u00e4rken standhalten kann. Sein Windwiderstand ist deutlich h\u00f6her als der konventioneller trommelf\u00f6rmiger Tore. Das Hochgeschwindigkeits-Stapeltor ist besonders f\u00fcr Logistikkan\u00e4le und Umgebungen mit gro\u00dfen \u00d6ffnungsfl\u00e4chen geeignet.<\/p>\n<h3><span style=\"color: #0000ff;\"><strong><b>Aufbau<\/b><\/strong><\/span><\/h3>\n<p><img loading=\"lazy\" decoding=\"async\" class=\"wp-image-10205 aligncenter\" src=\"https:\/\/seppeschina.com\/wp-content\/uploads\/2021\/01\/\u5fae\u4fe1\u56fe\u7247_20200604095146.jpg\" alt=\"\" width=\"600\" height=\"640\" srcset=\"https:\/\/seppeschina.com\/wp-content\/uploads\/2021\/01\/\u5fae\u4fe1\u56fe\u7247_20200604095146.jpg 750w, https:\/\/seppeschina.com\/wp-content\/uploads\/2021\/01\/\u5fae\u4fe1\u56fe\u7247_20200604095146-360x384.jpg 360w, https:\/\/seppeschina.com\/wp-content\/uploads\/2021\/01\/\u5fae\u4fe1\u56fe\u7247_20200604095146-600x640.jpg 600w, https:\/\/seppeschina.com\/wp-content\/uploads\/2021\/01\/\u5fae\u4fe1\u56fe\u7247_20200604095146-281x300.jpg 281w, https:\/\/seppeschina.com\/wp-content\/uploads\/2021\/01\/\u5fae\u4fe1\u56fe\u7247_20200604095146-516x550.jpg 516w\" sizes=\"auto, (max-width: 600px) 100vw, 600px\" \/><\/p>\n<h3><span style=\"color: #3366ff;\"><strong><b>Merkmale<\/b><\/strong><\/span><\/h3>\n<table style=\"height: 537px;\" width=\"486\">\n<tbody>\n<tr>\n<td width=\"90\">\n<p style=\"text-align: center;\"><strong><b>Bezeichnung<\/b><\/strong><\/p>\n<\/td>\n<td width=\"267\">\n<p style=\"text-align: center;\">SEPPES Riemen-Rolltor<\/p>\n<\/td>\n<\/tr>\n<tr>\n<td width=\"90\">\n<p style=\"text-align: center;\"><strong><b>Maximale Gr\u00f6\u00dfe<\/b><\/strong><\/p>\n<\/td>\n<td style=\"text-align: center;\" width=\"267\">W12000*10000mm<\/td>\n<\/tr>\n<tr>\n<td width=\"90\">\n<p style=\"text-align: center;\"><strong><b>T\u00fcrblatt<\/b><\/strong><\/p>\n<\/td>\n<td style=\"text-align: center;\" width=\"267\">Langlebiger PVC-Gewebebehang<\/td>\n<\/tr>\n<tr>\n<td style=\"text-align: center;\" width=\"90\"><strong><b>Torrahmen<\/b><\/strong><\/td>\n<td width=\"267\">\n<p style=\"text-align: center;\">SPCC\/304 Edelstahl\/Aluminiumlegierung<\/p>\n<\/td>\n<\/tr>\n<tr>\n<td width=\"90\">\n<p style=\"text-align: center;\"><strong><b>Motor<\/b><\/strong><\/p>\n<\/td>\n<td style=\"text-align: center;\" width=\"267\">SEW-Motor, \u00fcber 1,5 Millionen Nutzungszyklen<\/td>\n<\/tr>\n<tr>\n<td style=\"text-align: center;\" width=\"90\"><strong><b>Leistung<\/b><\/strong><\/td>\n<td width=\"267\">\n<p style=\"text-align: center;\">220V, 0,75KW, 50HZ<\/p>\n<\/td>\n<\/tr>\n<tr>\n<td width=\"90\">\n<p style=\"text-align: center;\"><strong><b>Geschwindigkeit<\/b><\/strong><\/p>\n<\/td>\n<td style=\"text-align: center;\" width=\"267\">0,5 bis 0,8 m\/s, einstellbar<\/td>\n<\/tr>\n<tr>\n<td style=\"text-align: center;\" width=\"90\"><strong><b>Nutzungszyklen<\/b><\/strong><\/td>\n<td width=\"267\">\n<p style=\"text-align: center;\">Mehr als 1,5 Millionen<\/p>\n<\/td>\n<\/tr>\n<tr>\n<td width=\"90\">\n<p style=\"text-align: center;\"><strong><b>Schutzart<\/b><\/strong><\/p>\n<\/td>\n<td width=\"267\">\n<p style=\"text-align: center;\">IP 54<\/p>\n<\/td>\n<\/tr>\n<tr>\n<td style=\"text-align: center;\" width=\"90\"><strong><b>Vorteile<\/b><\/strong><\/td>\n<td width=\"267\">\n<p style=\"text-align: center;\">Kann Windst\u00e4rke 10 standhalten<\/p>\n<\/td>\n<\/tr>\n<\/tbody>\n<\/table>\n<h3><strong><span style=\"color: #3366ff;\">\u00d6ffnungsmethoden<\/span><\/strong><\/h3>\n<h3><img loading=\"lazy\" decoding=\"async\" class=\"wp-image-9999 aligncenter\" src=\"https:\/\/seppeschina.com\/wp-content\/uploads\/2019\/04\/\u672a\u6807\u9898-2.jpg\" alt=\"\" width=\"600\" height=\"600\" srcset=\"https:\/\/seppeschina.com\/wp-content\/uploads\/2019\/04\/\u672a\u6807\u9898-2.jpg 750w, https:\/\/seppeschina.com\/wp-content\/uploads\/2019\/04\/\u672a\u6807\u9898-2-360x360.jpg 360w, https:\/\/seppeschina.com\/wp-content\/uploads\/2019\/04\/\u672a\u6807\u9898-2-100x100.jpg 100w, https:\/\/seppeschina.com\/wp-content\/uploads\/2019\/04\/\u672a\u6807\u9898-2-600x600.jpg 600w, https:\/\/seppeschina.com\/wp-content\/uploads\/2019\/04\/\u672a\u6807\u9898-2-300x300.jpg 300w, https:\/\/seppeschina.com\/wp-content\/uploads\/2019\/04\/\u672a\u6807\u9898-2-150x150.jpg 150w, https:\/\/seppeschina.com\/wp-content\/uploads\/2019\/04\/\u672a\u6807\u9898-2-24x24.jpg 24w, https:\/\/seppeschina.com\/wp-content\/uploads\/2019\/04\/\u672a\u6807\u9898-2-48x48.jpg 48w, https:\/\/seppeschina.com\/wp-content\/uploads\/2019\/04\/\u672a\u6807\u9898-2-96x96.jpg 96w, https:\/\/seppeschina.com\/wp-content\/uploads\/2019\/04\/\u672a\u6807\u9898-2-364x364.jpg 364w, https:\/\/seppeschina.com\/wp-content\/uploads\/2019\/04\/\u672a\u6807\u9898-2-50x50.jpg 50w, https:\/\/seppeschina.com\/wp-content\/uploads\/2019\/04\/\u672a\u6807\u9898-2-110x110.jpg 110w, https:\/\/seppeschina.com\/wp-content\/uploads\/2019\/04\/\u672a\u6807\u9898-2-275x275.jpg 275w, https:\/\/seppeschina.com\/wp-content\/uploads\/2019\/04\/\u672a\u6807\u9898-2-480x480.jpg 480w, https:\/\/seppeschina.com\/wp-content\/uploads\/2019\/04\/\u672a\u6807\u9898-2-550x550.jpg 550w\" sizes=\"auto, (max-width: 600px) 100vw, 600px\" \/><\/h3>\n<h3><span style=\"color: #3366ff;\"><b>Farbauswahl<\/b><\/span><\/h3>\n<p><img loading=\"lazy\" decoding=\"async\" class=\"aligncenter wp-image-9862\" src=\"https:\/\/seppeschina.com\/wp-content\/uploads\/2019\/04\/color750.png\" alt=\"\" width=\"600\" height=\"600\" srcset=\"https:\/\/seppeschina.com\/wp-content\/uploads\/2019\/04\/color750.png 750w, https:\/\/seppeschina.com\/wp-content\/uploads\/2019\/04\/color750-360x360.png 360w, https:\/\/seppeschina.com\/wp-content\/uploads\/2019\/04\/color750-100x100.png 100w, https:\/\/seppeschina.com\/wp-content\/uploads\/2019\/04\/color750-600x600.png 600w, https:\/\/seppeschina.com\/wp-content\/uploads\/2019\/04\/color750-150x150.png 150w, https:\/\/seppeschina.com\/wp-content\/uploads\/2019\/04\/color750-300x300.png 300w, https:\/\/seppeschina.com\/wp-content\/uploads\/2019\/04\/color750-24x24.png 24w, https:\/\/seppeschina.com\/wp-content\/uploads\/2019\/04\/color750-48x48.png 48w, https:\/\/seppeschina.com\/wp-content\/uploads\/2019\/04\/color750-96x96.png 96w, https:\/\/seppeschina.com\/wp-content\/uploads\/2019\/04\/color750-364x364.png 364w, https:\/\/seppeschina.com\/wp-content\/uploads\/2019\/04\/color750-50x50.png 50w, https:\/\/seppeschina.com\/wp-content\/uploads\/2019\/04\/color750-110x110.png 110w, https:\/\/seppeschina.com\/wp-content\/uploads\/2019\/04\/color750-275x275.png 275w, https:\/\/seppeschina.com\/wp-content\/uploads\/2019\/04\/color750-480x480.png 480w, https:\/\/seppeschina.com\/wp-content\/uploads\/2019\/04\/color750-550x550.png 550w\" sizes=\"auto, (max-width: 600px) 100vw, 600px\" \/><\/p>\n<div class=\"J_module\">\n<div class=\"detail-decorate-json-renderer-container\">\n<div class=\"magic-4\">\n<div class=\"magic-26\">\n<div class=\"magic-6\">\n<div class=\"magic-7\" data-id=\"paragraph0\"><\/div>\n<\/div>\n<\/div>\n<\/div>\n<\/div>\n<\/div>\n<h3><span style=\"color: #3366ff;\"><strong><b>Kooperationsprojektf\u00e4lle<\/b><\/strong><\/span><\/h3>\n<p><img loading=\"lazy\" decoding=\"async\" class=\"aligncenter wp-image-11608 size-full\" src=\"https:\/\/seppeschina.com\/wp-content\/uploads\/2021\/03\/seppes-door10.gif\" alt=\"\" width=\"600\" height=\"491\"><\/p>\n<p>F\u00fcr Standorte mit gro\u00dfen Abmessungen und hohem Windwiderstand sind unsere Stapeltore sehr gut f\u00fcr den Einsatz in solchen Umgebungen geeignet.<\/p>\n<h3><span style=\"color: #3366ff;\"><strong><b>Unternehmensprofil<\/b><\/strong><\/span><\/h3>\n<p><img loading=\"lazy\" decoding=\"async\" class=\"aligncenter wp-image-11606 size-full\" src=\"https:\/\/seppeschina.com\/wp-content\/uploads\/2021\/03\/seppes-door8.gif\" alt=\"\" width=\"600\" height=\"502\"><\/p>\n<h3><span style=\"color: #3366ff;\"><strong><b>Werk &amp; Produktion<\/b><\/strong><\/span><\/h3>\n<p><img loading=\"lazy\" decoding=\"async\" class=\"aligncenter wp-image-11604 size-full\" src=\"https:\/\/seppeschina.com\/wp-content\/uploads\/2021\/03\/seppes-door6.gif\" alt=\"\" width=\"600\" height=\"358\"><\/p>\n<h3><span style=\"color: #3366ff;\"><b>Ausstellung<\/b><\/span><\/h3>\n<p><img decoding=\"async\" class=\"aligncenter\" src=\"https:\/\/seppeschina.com\/wp-content\/uploads\/2021\/03\/seppes-door7.gif\" alt=\"\"><\/p>\n<h3><span style=\"color: #3366ff;\">Vorteile<\/span><\/h3>\n<p><img loading=\"lazy\" decoding=\"async\" class=\"aligncenter size-full wp-image-11719\" src=\"https:\/\/seppeschina.com\/wp-content\/uploads\/2021\/03\/stacking-door-3.jpg\" alt=\"\" width=\"600\" height=\"628\" srcset=\"https:\/\/seppeschina.com\/wp-content\/uploads\/2021\/03\/stacking-door-3.jpg 600w, https:\/\/seppeschina.com\/wp-content\/uploads\/2021\/03\/stacking-door-3-360x377.jpg 360w, https:\/\/seppeschina.com\/wp-content\/uploads\/2021\/03\/stacking-door-3-287x300.jpg 287w, https:\/\/seppeschina.com\/wp-content\/uploads\/2021\/03\/stacking-door-3-24x24.jpg 24w, https:\/\/seppeschina.com\/wp-content\/uploads\/2021\/03\/stacking-door-3-525x550.jpg 525w\" sizes=\"auto, (max-width: 600px) 100vw, 600px\" \/><\/p>\n<h3><span style=\"color: #3366ff;\">Anwendungsbeispiele<\/span><\/h3>\n<p><img decoding=\"async\" class=\"aligncenter\" src=\"https:\/\/seppeschina.com\/wp-content\/uploads\/2021\/03\/seppes-door2.jpg\" alt=\"\"><\/p>\n<h3><span style=\"color: #3366ff;\"><strong><b>Verpackung &amp; Lieferung<\/b><\/strong><\/span><\/h3>\n<p><img loading=\"lazy\" decoding=\"async\" class=\"aligncenter wp-image-11818 size-full\" src=\"https:\/\/seppeschina.com\/wp-content\/uploads\/2021\/04\/H847d78bca14e40ceb2854a49609655195.png\" alt=\"\" width=\"750\" height=\"310\" srcset=\"https:\/\/seppeschina.com\/wp-content\/uploads\/2021\/04\/H847d78bca14e40ceb2854a49609655195.png 750w, https:\/\/seppeschina.com\/wp-content\/uploads\/2021\/04\/H847d78bca14e40ceb2854a49609655195-360x149.png 360w, https:\/\/seppeschina.com\/wp-content\/uploads\/2021\/04\/H847d78bca14e40ceb2854a49609655195-600x248.png 600w, https:\/\/seppeschina.com\/wp-content\/uploads\/2021\/04\/H847d78bca14e40ceb2854a49609655195-300x124.png 300w, https:\/\/seppeschina.com\/wp-content\/uploads\/2021\/04\/H847d78bca14e40ceb2854a49609655195-550x227.png 550w\" sizes=\"auto, (max-width: 750px) 100vw, 750px\" \/><\/p>\n<h3>FAQ<\/h3>\n<p><span style=\"color: #ff0000;\"><strong>F: Wie sieht es mit der Leistung und Spannung aus?<\/strong><\/span><\/p>\n<p><strong>A: Kann angepasst werden. Normalerweise 220 V, 0,75 KW, 50 HZ, 1-phasig.<\/strong><\/p>\n<p><span style=\"color: #ff0000;\"><strong>F: Welche Materialien stehen f\u00fcr den Hochgeschwindigkeitst\u00fcrrahmen zur Auswahl?<\/strong><\/span><\/p>\n<p><strong>A: Lackierter Stahlt\u00fcrrahmen, SUS304\/316 Edelstahlt\u00fcrrahmen, Aluminiumlegierungs-T\u00fcrrahmen.<\/strong><\/p>\n<p><span style=\"color: #ff0000;\"><strong>F: Wie hoch ist der Preis f\u00fcr eine Hochgeschwindigkeitst\u00fcr?<\/strong><\/span><\/p>\n<p><strong>A: H\u00e4ngt von Ihrer Gr\u00f6\u00dfe und weiteren Ausstattungen ab.<\/strong><\/p>\n<p><span style=\"color: #ff0000;\"><strong>F: Wie w\u00e4hlt man den Hersteller f\u00fcr Hochgeschwindigkeitst\u00fcren aus?<\/strong><\/span><\/p>\n<p><strong>A: Zertifiziert, SGS, CE, mehr als 10 Jahre Erfahrung.<\/strong><\/p>\n<p><span style=\"color: #ff0000;\"><strong>F: K\u00f6nnen wir die Hochgeschwindigkeitst\u00fcr selbst installieren?<\/strong><\/span><\/p>\n<p><strong>A: Ja, sehr einfach. Wir k\u00f6nnen englische Installationsanleitungen und Videos bereitstellen.\u00a0<\/strong><\/p>\n<p><span style=\"color: #ff0000;\"><strong>F: Wie lange ist die Nutzungsdauer?<\/strong><\/span><\/p>\n<p><strong>A: Etwa 10\u201315 Jahre.<\/strong><\/p>\n<p><span style=\"color: #ff0000;\"><strong>F: Welche automatischen\/intelligenten \u00d6ffnungsmethoden bietet die Hochgeschwindigkeitst\u00fcr?<\/strong><\/span><\/p>\n<p><strong>A: Manueller Druckknopf, automatischer Bewegungssensor, Induktionsschleife, Zugschalter, Kartenleser, Anbindung an PLC oder AGV.<\/strong><\/p>","protected":false},"excerpt":{"rendered":"<p>Das Hochgeschwindigkeits-Stapeltor verwendet eine faltbare Hubmethode und mehrere eingebaute oder externe horizontale windfeste Rippen, sodass der Winddruck auf das gesamte T\u00fcrblatt wirken kann. Der Windwiderstand erreicht Stufe 10, und seine Windwiderstandsleistung ist deutlich h\u00f6her als die herk\u00f6mmlicher Schnellrolltore, was es besonders f\u00fcr Logistikdurchg\u00e4nge und gro\u00dfe \u00d6ffnungen geeignet macht.<\/p>","protected":false},"featured_media":11978,"comment_status":"open","ping_status":"closed","template":"","meta":[],"product_brand":[],"product_cat":[316],"product_tag":[],"class_list":{"0":"post-10189","1":"product","2":"type-product","3":"status-publish","4":"has-post-thumbnail","6":"product_cat-high-speed-stacking-door","9":"first","10":"instock","11":"shipping-taxable","12":"product-type-simple"},"_links":{"self":[{"href":"https:\/\/seppeschina.com\/de\/wp-json\/wp\/v2\/product\/10189","targetHints":{"allow":["GET"]}}],"collection":[{"href":"https:\/\/seppeschina.com\/de\/wp-json\/wp\/v2\/product"}],"about":[{"href":"https:\/\/seppeschina.com\/de\/wp-json\/wp\/v2\/types\/product"}],"replies":[{"embeddable":true,"href":"https:\/\/seppeschina.com\/de\/wp-json\/wp\/v2\/comments?post=10189"}],"wp:featuredmedia":[{"embeddable":true,"href":"https:\/\/seppeschina.com\/de\/wp-json\/wp\/v2\/media\/11978"}],"wp:attachment":[{"href":"https:\/\/seppeschina.com\/de\/wp-json\/wp\/v2\/media?parent=10189"}],"wp:term":[{"taxonomy":"product_brand","embeddable":true,"href":"https:\/\/seppeschina.com\/de\/wp-json\/wp\/v2\/product_brand?post=10189"},{"taxonomy":"product_cat","embeddable":true,"href":"https:\/\/seppeschina.com\/de\/wp-json\/wp\/v2\/product_cat?post=10189"},{"taxonomy":"product_tag","embeddable":true,"href":"https:\/\/seppeschina.com\/de\/wp-json\/wp\/v2\/product_tag?post=10189"}],"curies":[{"name":"wp","href":"https:\/\/api.w.org\/{rel}","templated":true}]}}