{"id":10274,"date":"2021-01-11T17:01:06","date_gmt":"2021-01-11T09:01:06","guid":{"rendered":"https:\/\/seppeschina.com\/?post_type=product&#038;p=10274"},"modified":"2024-11-19T15:11:12","modified_gmt":"2024-11-19T07:11:12","slug":"chinesischer-lieferant-fur-laderampenschutz-in-der-logistik","status":"publish","type":"product","link":"https:\/\/seppeschina.com\/de\/product\/china-loading-logistic-dock-shelter-supplier\/","title":{"rendered":"SEPPES Schwarzer Aufblasbarer Dock Shelter"},"content":{"rendered":"<div style=\"width: 640px;\" class=\"wp-video\"><video class=\"wp-video-shortcode\" id=\"video-10274-1\" width=\"640\" height=\"368\" preload=\"metadata\" controls=\"controls\"><source type=\"video\/mp4\" src=\"https:\/\/seppeschina.com\/wp-content\/uploads\/2021\/01\/f604c810506edf445f64905f8739143a.mp4?_=1\" \/><a href=\"https:\/\/seppeschina.com\/wp-content\/uploads\/2021\/01\/f604c810506edf445f64905f8739143a.mp4\">https:\/\/seppeschina.com\/wp-content\/uploads\/2021\/01\/f604c810506edf445f64905f8739143a.mp4<\/a><\/video><\/div>\n<h3>Beschreibung<\/h3>\n<p>Die Oberfl\u00e4che des aufblasbaren Tordichtungssystems besteht aus hochwertigem Neopren-Gummi und hochverschlei\u00dffestem Material, was eine Lebensdauer von mindestens 30.000 Zyklen gew\u00e4hrleistet. Die seitlichen und oberen Luftkissen umschlie\u00dfen nach dem Aufblasen den hinteren Teil der Fahrzeugkabine fest. Die seitlichen Luftkissen sind in L-Form ausgef\u00fchrt, um eine dichte Abdichtung zwischen dem unteren Teil der seitlichen Luftkissen und der Wand sicherzustellen. Der Breitenverstellbereich betr\u00e4gt 1600 mm, und der L\u00e4ngenverstellbereich des oberen Luftkissens liegt zwischen 1200 und 1500 mm, sodass es f\u00fcr verschiedene Lkw-Fahrwerksh\u00f6hen geeignet ist. Mit leistungsstarken Gebl\u00e4sen, die im Freien installiert sind, kann es auch bei schlechtem Wetter stabil arbeiten.<\/p>\n<p><img loading=\"lazy\" decoding=\"async\" class=\"aligncenter wp-image-11968\" src=\"https:\/\/seppeschina.com\/wp-content\/uploads\/2019\/05\/Inflatable-dock-shelter-3.jpg\" sizes=\"auto, (max-width: 600px) 100vw, 600px\" srcset=\"https:\/\/seppeschina.com\/wp-content\/uploads\/2019\/05\/Inflatable-dock-shelter-3.jpg 750w, https:\/\/seppeschina.com\/wp-content\/uploads\/2019\/05\/Inflatable-dock-shelter-3-300x300.jpg 300w, https:\/\/seppeschina.com\/wp-content\/uploads\/2019\/05\/Inflatable-dock-shelter-3-150x150.jpg 150w, https:\/\/seppeschina.com\/wp-content\/uploads\/2019\/05\/Inflatable-dock-shelter-3-360x360.jpg 360w, https:\/\/seppeschina.com\/wp-content\/uploads\/2019\/05\/Inflatable-dock-shelter-3-600x600.jpg 600w, https:\/\/seppeschina.com\/wp-content\/uploads\/2019\/05\/Inflatable-dock-shelter-3-100x100.jpg 100w, https:\/\/seppeschina.com\/wp-content\/uploads\/2019\/05\/Inflatable-dock-shelter-3-24x24.jpg 24w, https:\/\/seppeschina.com\/wp-content\/uploads\/2019\/05\/Inflatable-dock-shelter-3-48x48.jpg 48w, https:\/\/seppeschina.com\/wp-content\/uploads\/2019\/05\/Inflatable-dock-shelter-3-96x96.jpg 96w, https:\/\/seppeschina.com\/wp-content\/uploads\/2019\/05\/Inflatable-dock-shelter-3-364x364.jpg 364w, https:\/\/seppeschina.com\/wp-content\/uploads\/2019\/05\/Inflatable-dock-shelter-3-50x50.jpg 50w, https:\/\/seppeschina.com\/wp-content\/uploads\/2019\/05\/Inflatable-dock-shelter-3-110x110.jpg 110w, https:\/\/seppeschina.com\/wp-content\/uploads\/2019\/05\/Inflatable-dock-shelter-3-275x275.jpg 275w, https:\/\/seppeschina.com\/wp-content\/uploads\/2019\/05\/Inflatable-dock-shelter-3-480x480.jpg 480w, https:\/\/seppeschina.com\/wp-content\/uploads\/2019\/05\/Inflatable-dock-shelter-3-550x550.jpg 550w\" alt=\"\" width=\"600\" height=\"600\"><\/p>\n<div class=\"J_module\">\n<h3>Details<\/h3>\n<p><img loading=\"lazy\" decoding=\"async\" class=\"aligncenter wp-image-12040 size-full\" src=\"https:\/\/seppeschina.com\/wp-content\/uploads\/2021\/03\/%E6%9C%BA%E6%A2%B0%E9%97%A8%E5%B0%81_04.jpg\" sizes=\"auto, (max-width: 600px) 100vw, 600px\" srcset=\"https:\/\/seppeschina.com\/wp-content\/uploads\/2021\/03\/\u673a\u68b0\u95e8\u5c01_04.jpg 600w, https:\/\/seppeschina.com\/wp-content\/uploads\/2021\/03\/\u673a\u68b0\u95e8\u5c01_04-300x174.jpg 300w, https:\/\/seppeschina.com\/wp-content\/uploads\/2021\/03\/\u673a\u68b0\u95e8\u5c01_04-360x209.jpg 360w, https:\/\/seppeschina.com\/wp-content\/uploads\/2021\/03\/\u673a\u68b0\u95e8\u5c01_04-550x319.jpg 550w\" alt=\"\" width=\"600\" height=\"348\"><\/p>\n<p><img loading=\"lazy\" decoding=\"async\" class=\"aligncenter size-full wp-image-12041\" src=\"https:\/\/seppeschina.com\/wp-content\/uploads\/2021\/03\/%E6%9C%BA%E6%A2%B0%E9%97%A8%E5%B0%81_03.jpg\" sizes=\"auto, (max-width: 600px) 100vw, 600px\" srcset=\"https:\/\/seppeschina.com\/wp-content\/uploads\/2021\/03\/\u673a\u68b0\u95e8\u5c01_03.jpg 600w, https:\/\/seppeschina.com\/wp-content\/uploads\/2021\/03\/\u673a\u68b0\u95e8\u5c01_03-284x300.jpg 284w, https:\/\/seppeschina.com\/wp-content\/uploads\/2021\/03\/\u673a\u68b0\u95e8\u5c01_03-360x380.jpg 360w, https:\/\/seppeschina.com\/wp-content\/uploads\/2021\/03\/\u673a\u68b0\u95e8\u5c01_03-24x24.jpg 24w, https:\/\/seppeschina.com\/wp-content\/uploads\/2021\/03\/\u673a\u68b0\u95e8\u5c01_03-521x550.jpg 521w\" alt=\"\" width=\"600\" height=\"634\"><\/p>\n<p><img loading=\"lazy\" decoding=\"async\" class=\"aligncenter wp-image-10345\" src=\"https:\/\/seppeschina.com\/wp-content\/uploads\/2021\/01\/\u56fe\u72472.png\" alt=\"\" width=\"600\" height=\"536\" srcset=\"https:\/\/seppeschina.com\/wp-content\/uploads\/2021\/01\/\u56fe\u72472.png 750w, https:\/\/seppeschina.com\/wp-content\/uploads\/2021\/01\/\u56fe\u72472-360x322.png 360w, https:\/\/seppeschina.com\/wp-content\/uploads\/2021\/01\/\u56fe\u72472-600x536.png 600w, https:\/\/seppeschina.com\/wp-content\/uploads\/2021\/01\/\u56fe\u72472-300x268.png 300w, https:\/\/seppeschina.com\/wp-content\/uploads\/2021\/01\/\u56fe\u72472-550x491.png 550w\" sizes=\"auto, (max-width: 600px) 100vw, 600px\" \/><\/p>\n<div class=\"flex-layout-v magic-9\">\n<div class=\"magic-10\">\n<h3>Arbeitsprinzip<\/h3>\n<p>Es erfordert das Zusammenwirken von Industrietoren, Laderampen und Tordichtungssystemen, um eine geschlossene Be- und Entladeumgebung zwischen Fahrzeugkabine und Raum zu schaffen. Dies verhindert das Eindringen von \u00e4u\u00dferem Schmutz, Luftstr\u00f6mungen, Regen usw. und gew\u00e4hrleistet, dass die Be- und Entladearbeiten bequem, sauber und sicher durchgef\u00fchrt werden k\u00f6nnen.<\/p>\n<\/div>\n<\/div>\n<div class=\"text-wrapper magic-12\">\n<div class=\"text-wrapper-right text-theme-light text-align-left\">\n<div class=\"text-title\" data-id=\"right-title\">\n<div class=\"magic-13\">\n<h3>Unternehmensprofil<\/h3>\n<h6>\u00dcber uns<\/h6>\n<p><img loading=\"lazy\" decoding=\"async\" class=\"aligncenter size-full wp-image-11606\" src=\"https:\/\/seppeschina.com\/wp-content\/uploads\/2021\/03\/seppes-door8.gif\" alt=\"\" width=\"600\" height=\"502\"><\/p>\n<h3><b data-spm-anchor-id=\"a2700.details.pronpeci14.i1.54614b77C31x07\">Fabrikpr\u00e4sentation<\/b><\/h3>\n<p><img loading=\"lazy\" decoding=\"async\" class=\"aligncenter wp-image-11604 size-full\" src=\"https:\/\/seppeschina.com\/wp-content\/uploads\/2021\/03\/seppes-door6.gif\" alt=\"\" width=\"600\" height=\"358\"><\/p>\n<h3><b>Ausstellung<\/b><\/h3>\n<p><img loading=\"lazy\" decoding=\"async\" class=\"aligncenter wp-image-11605 size-full\" src=\"https:\/\/seppeschina.com\/wp-content\/uploads\/2021\/03\/seppes-door7.gif\" alt=\"\" width=\"600\" height=\"338\"><\/p>\n<h3>Unsere Partner<\/h3>\n<p><img loading=\"lazy\" decoding=\"async\" class=\"aligncenter wp-image-11608 size-full\" src=\"https:\/\/seppeschina.com\/wp-content\/uploads\/2021\/03\/seppes-door10.gif\" alt=\"\" width=\"600\" height=\"491\"><\/p>\n<h3>Zertifizierungen<\/h3>\n<p><img loading=\"lazy\" decoding=\"async\" class=\"wp-image-9887 aligncenter\" src=\"https:\/\/seppeschina.com\/wp-content\/uploads\/2019\/04\/certification.jpg\" sizes=\"auto, (max-width: 600px) 100vw, 600px\" srcset=\"https:\/\/seppeschina.com\/wp-content\/uploads\/2019\/04\/certification.jpg 750w, https:\/\/seppeschina.com\/wp-content\/uploads\/2019\/04\/certification-150x150.jpg 150w, https:\/\/seppeschina.com\/wp-content\/uploads\/2019\/04\/certification-300x300.jpg 300w, https:\/\/seppeschina.com\/wp-content\/uploads\/2019\/04\/certification-360x360.jpg 360w, https:\/\/seppeschina.com\/wp-content\/uploads\/2019\/04\/certification-600x600.jpg 600w, https:\/\/seppeschina.com\/wp-content\/uploads\/2019\/04\/certification-100x100.jpg 100w, https:\/\/seppeschina.com\/wp-content\/uploads\/2019\/04\/certification-24x24.jpg 24w, https:\/\/seppeschina.com\/wp-content\/uploads\/2019\/04\/certification-48x48.jpg 48w, https:\/\/seppeschina.com\/wp-content\/uploads\/2019\/04\/certification-96x96.jpg 96w, https:\/\/seppeschina.com\/wp-content\/uploads\/2019\/04\/certification-364x364.jpg 364w, https:\/\/seppeschina.com\/wp-content\/uploads\/2019\/04\/certification-50x50.jpg 50w, https:\/\/seppeschina.com\/wp-content\/uploads\/2019\/04\/certification-110x110.jpg 110w, https:\/\/seppeschina.com\/wp-content\/uploads\/2019\/04\/certification-275x275.jpg 275w, https:\/\/seppeschina.com\/wp-content\/uploads\/2019\/04\/certification-480x480.jpg 480w, https:\/\/seppeschina.com\/wp-content\/uploads\/2019\/04\/certification-550x550.jpg 550w\" alt=\"\" width=\"600\" height=\"600\"><\/p>\n<h3>Vorteile<\/h3>\n<p><img loading=\"lazy\" decoding=\"async\" class=\"aligncenter wp-image-12035 size-full\" src=\"https:\/\/seppeschina.com\/wp-content\/uploads\/2021\/03\/%E5%85%85%E6%B0%94%E9%97%A8%E5%B0%81_02.jpg\" sizes=\"auto, (max-width: 600px) 100vw, 600px\" srcset=\"https:\/\/seppeschina.com\/wp-content\/uploads\/2021\/03\/\u5145\u6c14\u95e8\u5c01_02.jpg 600w, https:\/\/seppeschina.com\/wp-content\/uploads\/2021\/03\/\u5145\u6c14\u95e8\u5c01_02-287x300.jpg 287w, https:\/\/seppeschina.com\/wp-content\/uploads\/2021\/03\/\u5145\u6c14\u95e8\u5c01_02-360x377.jpg 360w, https:\/\/seppeschina.com\/wp-content\/uploads\/2021\/03\/\u5145\u6c14\u95e8\u5c01_02-24x24.jpg 24w, https:\/\/seppeschina.com\/wp-content\/uploads\/2021\/03\/\u5145\u6c14\u95e8\u5c01_02-525x550.jpg 525w\" alt=\"\" width=\"600\" height=\"628\"><\/p>\n<h3>Anwendungen<\/h3>\n<p><img loading=\"lazy\" decoding=\"async\" class=\"aligncenter wp-image-10307\" src=\"https:\/\/seppeschina.com\/wp-content\/uploads\/2019\/02\/%E6%9C%BA%E6%A2%B0%E9%97%A8%E5%B0%81%E5%BA%94%E7%94%A8%E5%9B%BE.jpg\" alt=\"\" width=\"600\" height=\"600\"><\/p>\n<h3>Lieferung &amp; Verpackung<\/h3>\n<p>Unsere Verpackungsmethode ist Holzkistenverpackung, und die Transportmethoden umfassen Express, Luft und See. In der Regel 3-7 Tage nach Auftragserteilung.<\/p>\n<p><img loading=\"lazy\" decoding=\"async\" class=\"aligncenter wp-image-11818 size-full\" src=\"https:\/\/seppeschina.com\/wp-content\/uploads\/2021\/04\/H847d78bca14e40ceb2854a49609655195.png\" sizes=\"auto, (max-width: 750px) 100vw, 750px\" srcset=\"https:\/\/seppeschina.com\/wp-content\/uploads\/2021\/04\/H847d78bca14e40ceb2854a49609655195.png 750w, https:\/\/seppeschina.com\/wp-content\/uploads\/2021\/04\/H847d78bca14e40ceb2854a49609655195-300x124.png 300w, https:\/\/seppeschina.com\/wp-content\/uploads\/2021\/04\/H847d78bca14e40ceb2854a49609655195-360x149.png 360w, https:\/\/seppeschina.com\/wp-content\/uploads\/2021\/04\/H847d78bca14e40ceb2854a49609655195-600x248.png 600w, https:\/\/seppeschina.com\/wp-content\/uploads\/2021\/04\/H847d78bca14e40ceb2854a49609655195-550x227.png 550w\" alt=\"\" width=\"750\" height=\"310\"><\/p>\n<h3>FAQ<\/h3>\n<p><b><span data-spm-anchor-id=\"a2700.custom-template.0.i4.45393333ve2JZu\">1. F: Welcher Art ist der Antrieb des Laderampendichtungssystems?<\/span><\/b><b><span data-spm-anchor-id=\"a2700.custom-template.0.i4.45393333ve2JZu\">otor?<\/span><\/b><\/p>\n<p>A: Servomotor, 220V- 0,75 KW- 50HZ-1 Phrase<\/p>\n<p><b><span data-spm-anchor-id=\"a2700.custom-template.0.i6.45393333ve2JZu\">2. F: Aus welchem Material besteht das Laderampendichtungssystem?<\/span><\/b><\/p>\n<p>A: PVC-Gewebe mit vollst\u00e4ndiger Schaumstofff\u00fcllung im Inneren<\/p>\n<p><b><span data-spm-anchor-id=\"a2700.custom-template.0.i69.45393333PN6HP1\">3. F: Wie viel Platz wird f\u00fcr die Installation ben\u00f6tigt?<\/span><\/b><\/p>\n<p>A: Horizontal platziert, ausgerichtet mit der Ladeb\u00fchne des Lastwagens und der Laderampe<\/p>\n<p><b><span data-spm-anchor-id=\"a2700.custom-template.0.i9.45393333ve2JZu\">4. F: Wie lange ist es nutzbar?<\/span><\/b><\/p>\n<p>A: Etwa 8-10 Jahre<\/p>\n<p><b>5. F: F\u00fcr welche Art von Einsatzorten eignet sich das Hochgeschwindigkeitstor?<\/b><\/p>\n<p>A: Geeignet f\u00fcr Modelle verschiedener Spezifikationen sowie f\u00fcr Lagerlogistik und K\u00fchlh\u00e4user.<\/p>\n<p><b><span data-spm-anchor-id=\"a2700.custom-template.0.i88.45393333PN6HP1\">6. F: Wie funktioniert das Laderampendichtungssystem?<\/span><\/b><\/p>\n<p>A: Durch die Anpressung des Fahrzeugs an den Tordichtungsstreifen wird verhindert, dass Luft ausstr\u00f6mt.<\/p>\n<\/div>\n<\/div>\n<\/div>\n<\/div>\n<\/div>\n<p><img loading=\"lazy\" decoding=\"async\" class=\"alignnone wp-image-9979 size-full\" src=\"https:\/\/seppeschina.com\/wp-content\/uploads\/2021\/01\/\u5fae\u4fe1\u56fe\u7247_20210106145813.jpg\" alt=\"\" width=\"750\" height=\"293\" srcset=\"https:\/\/seppeschina.com\/wp-content\/uploads\/2021\/01\/\u5fae\u4fe1\u56fe\u7247_20210106145813.jpg 750w, https:\/\/seppeschina.com\/wp-content\/uploads\/2021\/01\/\u5fae\u4fe1\u56fe\u7247_20210106145813-360x141.jpg 360w, https:\/\/seppeschina.com\/wp-content\/uploads\/2021\/01\/\u5fae\u4fe1\u56fe\u7247_20210106145813-600x234.jpg 600w, https:\/\/seppeschina.com\/wp-content\/uploads\/2021\/01\/\u5fae\u4fe1\u56fe\u7247_20210106145813-300x117.jpg 300w, https:\/\/seppeschina.com\/wp-content\/uploads\/2021\/01\/\u5fae\u4fe1\u56fe\u7247_20210106145813-550x215.jpg 550w\" sizes=\"auto, (max-width: 750px) 100vw, 750px\" \/><\/p>","protected":false},"excerpt":{"rendered":"<p>Die Industrietor ist geschlossen, wenn sie sich nicht im Arbeitszustand befindet, und gew\u00e4hrleistet so eine dichte Isolierung zwischen Innen- und Au\u00dfenbereich; beim \u00dcbergang in den Arbeitszustand \u00f6ffnet sich die Industrietor, und die Laderampe arbeitet mit dem Tordichtungssystem zusammen, um eine geschlossene Be- und Entladeumgebung zwischen dem Fahrzeug und dem Innenraum zu schaffen. Dies verhindert das Eindringen von \u00e4u\u00dferem Schmutz, Luftstr\u00f6mungen, Regen usw. und stellt sicher, dass die Be- und Entladearbeiten bequem, sauber und sicher durchgef\u00fchrt werden k\u00f6nnen.<\/p>\n<p>&nbsp;<\/p>","protected":false},"featured_media":12044,"comment_status":"open","ping_status":"closed","template":"","meta":[],"product_brand":[],"product_cat":[328],"product_tag":[],"class_list":{"0":"post-10274","1":"product","2":"type-product","3":"status-publish","4":"has-post-thumbnail","6":"product_cat-dock-shelter","9":"first","10":"instock","11":"shipping-taxable","12":"product-type-simple"},"_links":{"self":[{"href":"https:\/\/seppeschina.com\/de\/wp-json\/wp\/v2\/product\/10274","targetHints":{"allow":["GET"]}}],"collection":[{"href":"https:\/\/seppeschina.com\/de\/wp-json\/wp\/v2\/product"}],"about":[{"href":"https:\/\/seppeschina.com\/de\/wp-json\/wp\/v2\/types\/product"}],"replies":[{"embeddable":true,"href":"https:\/\/seppeschina.com\/de\/wp-json\/wp\/v2\/comments?post=10274"}],"wp:featuredmedia":[{"embeddable":true,"href":"https:\/\/seppeschina.com\/de\/wp-json\/wp\/v2\/media\/12044"}],"wp:attachment":[{"href":"https:\/\/seppeschina.com\/de\/wp-json\/wp\/v2\/media?parent=10274"}],"wp:term":[{"taxonomy":"product_brand","embeddable":true,"href":"https:\/\/seppeschina.com\/de\/wp-json\/wp\/v2\/product_brand?post=10274"},{"taxonomy":"product_cat","embeddable":true,"href":"https:\/\/seppeschina.com\/de\/wp-json\/wp\/v2\/product_cat?post=10274"},{"taxonomy":"product_tag","embeddable":true,"href":"https:\/\/seppeschina.com\/de\/wp-json\/wp\/v2\/product_tag?post=10274"}],"curies":[{"name":"wp","href":"https:\/\/api.w.org\/{rel}","templated":true}]}}