{"id":11135,"date":"2021-02-05T16:08:10","date_gmt":"2021-02-05T08:08:10","guid":{"rendered":"https:\/\/seppeschina.com\/?post_type=product&#038;p=11135"},"modified":"2025-05-19T16:14:44","modified_gmt":"2025-05-19T08:14:44","slug":"seppes-interlocking-high-speed-doors","status":"publish","type":"product","link":"https:\/\/seppeschina.com\/de\/product\/seppes-interlocking-high-speed-doors\/","title":{"rendered":"SEPPES Interlocking Hochgeschwindigkeitstore"},"content":{"rendered":"<div style=\"width: 544px;\" class=\"wp-video\"><video class=\"wp-video-shortcode\" id=\"video-11135-1\" width=\"544\" height=\"960\" preload=\"metadata\" controls=\"controls\"><source type=\"video\/mp4\" src=\"https:\/\/seppeschina.com\/wp-content\/uploads\/2021\/02\/interlocking-fast-door.mp4?_=1\" \/><a href=\"https:\/\/seppeschina.com\/wp-content\/uploads\/2021\/02\/interlocking-fast-door.mp4\">https:\/\/seppeschina.com\/wp-content\/uploads\/2021\/02\/interlocking-fast-door.mp4<\/a><\/video><\/div>\n<h3>Beschreibung<\/h3>\n<p>SEPPES-Verbund-Schnelllauftore beziehen sich auf die Funktion der Verbundsteuerung von zwei oder mehreren Schnelllauftoren in einem Werksdurchgang. Sie werden in der Regel an beiden Enden eines Werktunnels eingesetzt. Ziel ist es, die Raumumgebung sauber zu halten oder den Verlust der Innentemperatur zu verhindern. Unter normalen Umst\u00e4nden kann ein einzelnes Schnelllauftor diese Anforderung nur schwer erf\u00fcllen.<\/p>\n<p><img loading=\"lazy\" decoding=\"async\" class=\"aligncenter size-full wp-image-11137\" src=\"https:\/\/seppeschina.com\/wp-content\/uploads\/2021\/02\/interlocking-fast-door-2.jpg\" alt=\"\" width=\"750\" height=\"750\" srcset=\"https:\/\/seppeschina.com\/wp-content\/uploads\/2021\/02\/interlocking-fast-door-2.jpg 750w, https:\/\/seppeschina.com\/wp-content\/uploads\/2021\/02\/interlocking-fast-door-2-360x360.jpg 360w, https:\/\/seppeschina.com\/wp-content\/uploads\/2021\/02\/interlocking-fast-door-2-100x100.jpg 100w, https:\/\/seppeschina.com\/wp-content\/uploads\/2021\/02\/interlocking-fast-door-2-600x600.jpg 600w, https:\/\/seppeschina.com\/wp-content\/uploads\/2021\/02\/interlocking-fast-door-2-300x300.jpg 300w, https:\/\/seppeschina.com\/wp-content\/uploads\/2021\/02\/interlocking-fast-door-2-150x150.jpg 150w, https:\/\/seppeschina.com\/wp-content\/uploads\/2021\/02\/interlocking-fast-door-2-24x24.jpg 24w, https:\/\/seppeschina.com\/wp-content\/uploads\/2021\/02\/interlocking-fast-door-2-48x48.jpg 48w, https:\/\/seppeschina.com\/wp-content\/uploads\/2021\/02\/interlocking-fast-door-2-96x96.jpg 96w, https:\/\/seppeschina.com\/wp-content\/uploads\/2021\/02\/interlocking-fast-door-2-364x364.jpg 364w, https:\/\/seppeschina.com\/wp-content\/uploads\/2021\/02\/interlocking-fast-door-2-50x50.jpg 50w, https:\/\/seppeschina.com\/wp-content\/uploads\/2021\/02\/interlocking-fast-door-2-110x110.jpg 110w, https:\/\/seppeschina.com\/wp-content\/uploads\/2021\/02\/interlocking-fast-door-2-275x275.jpg 275w, https:\/\/seppeschina.com\/wp-content\/uploads\/2021\/02\/interlocking-fast-door-2-480x480.jpg 480w, https:\/\/seppeschina.com\/wp-content\/uploads\/2021\/02\/interlocking-fast-door-2-550x550.jpg 550w\" sizes=\"auto, (max-width: 750px) 100vw, 750px\" \/><\/p>\n<h3>Merkmale des Tores:<\/h3>\n<p>1. Verbundsteuerung: Einfach ausgedr\u00fcckt bedeutet dies, dass ein Tor ge\u00f6ffnet ist, w\u00e4hrend das andere geschlossen bleibt. Es wird sichergestellt, dass zwei oder mehr Tore nicht gleichzeitig ge\u00f6ffnet werden k\u00f6nnen, was die Verbundnatur der Tore widerspiegelt.<\/p>\n<p>2. Intelligenz: Das verbundgesteuerte Schnelllauftor mit intelligenter Frequenzsteuerung kann nicht nur den T\u00fcrbetrieb zeitgesteuert regeln. Bei einem Fehler kann dieser umgehend behoben werden, was die Wartungskosten senkt.<\/p>\n<p>3. <span class=\"VIiyi\" lang=\"en\"><span class=\"JLqJ4b ChMk0b\" data-language-for-alternatives=\"en\" data-language-to-translate-into=\"zh-CN\" data-phrase-index=\"0\">Luftdichtheit<\/span><\/span> : Das Schnellrolltor ist mit doppelten Reihen hochdichter B\u00fcrsten abgedichtet, staub- und insektenabweisend sowie leicht demontier- und montierbar.<\/p>\n<p>4. Vielseitige Funktionen: Fahrzeug-Geomagnetinduktion, menschliche Infrarot-Radarinduktion, Fernbedienung, Code-Zugangskartenleser, Zugschalter, Bluetooth-Fernbedienung usw. zum \u00d6ffnen des Tores.<\/p>\n<p>5. Hohe Geschwindigkeit: Das verbundgesteuerte Schnellrolltor im Werkdurchgang kann bis zu 1000 Mal\/Tag betrieben werden, mit sanftem Anlauf und Stopp, was den Motorverschlei\u00df reduziert und die Lebensdauer erh\u00f6ht.<\/p>\n<p>6. Windbest\u00e4ndigkeit: Nach der Ausstattung mit windresistenten Verst\u00e4rkungsrippen kann das Hochgeschwindigkeitstor an Standorten mit Winddruck ab Stufe 6 eingesetzt werden.<\/p>\n<p>7. Vernetzung: Wenn unser Tor an einer Anlage installiert ist, sendet es ein Signal an die Anlage, um den synchronen Betrieb von Tor und Anlage zu gew\u00e4hrleisten. Daher verf\u00fcgt unser Tor \u00fcber eine gewisse Vernetzungsfunktion, die den Betrieb in Werken erheblich erleichtert, wie z. B. in Luftschleusenr\u00e4umen, auf F\u00f6rderb\u00e4ndern oder in Lastenaufz\u00fcgen, die dieses Tor verwenden.<\/p>\n<p><img loading=\"lazy\" decoding=\"async\" class=\"aligncenter size-full wp-image-11142\" src=\"https:\/\/seppeschina.com\/wp-content\/uploads\/2021\/02\/interlocking-fast-door-1.jpg\" alt=\"\" width=\"750\" height=\"750\" srcset=\"https:\/\/seppeschina.com\/wp-content\/uploads\/2021\/02\/interlocking-fast-door-1.jpg 750w, https:\/\/seppeschina.com\/wp-content\/uploads\/2021\/02\/interlocking-fast-door-1-360x360.jpg 360w, https:\/\/seppeschina.com\/wp-content\/uploads\/2021\/02\/interlocking-fast-door-1-100x100.jpg 100w, https:\/\/seppeschina.com\/wp-content\/uploads\/2021\/02\/interlocking-fast-door-1-600x600.jpg 600w, https:\/\/seppeschina.com\/wp-content\/uploads\/2021\/02\/interlocking-fast-door-1-300x300.jpg 300w, https:\/\/seppeschina.com\/wp-content\/uploads\/2021\/02\/interlocking-fast-door-1-150x150.jpg 150w, https:\/\/seppeschina.com\/wp-content\/uploads\/2021\/02\/interlocking-fast-door-1-24x24.jpg 24w, https:\/\/seppeschina.com\/wp-content\/uploads\/2021\/02\/interlocking-fast-door-1-48x48.jpg 48w, https:\/\/seppeschina.com\/wp-content\/uploads\/2021\/02\/interlocking-fast-door-1-96x96.jpg 96w, https:\/\/seppeschina.com\/wp-content\/uploads\/2021\/02\/interlocking-fast-door-1-364x364.jpg 364w, https:\/\/seppeschina.com\/wp-content\/uploads\/2021\/02\/interlocking-fast-door-1-50x50.jpg 50w, https:\/\/seppeschina.com\/wp-content\/uploads\/2021\/02\/interlocking-fast-door-1-110x110.jpg 110w, https:\/\/seppeschina.com\/wp-content\/uploads\/2021\/02\/interlocking-fast-door-1-275x275.jpg 275w, https:\/\/seppeschina.com\/wp-content\/uploads\/2021\/02\/interlocking-fast-door-1-480x480.jpg 480w, https:\/\/seppeschina.com\/wp-content\/uploads\/2021\/02\/interlocking-fast-door-1-550x550.jpg 550w\" sizes=\"auto, (max-width: 750px) 100vw, 750px\" \/><\/p>\n<p>Diese Methode eignet sich besonders f\u00fcr viele komplexe Installationsumgebungen. Gr\u00f6\u00dfe, Farbe und \u00d6ffnungsmethode k\u00f6nnen individuell angepasst werden.<\/p>\n<h6><b>Farbauswahl<\/b><\/h6>\n<div class=\"J_module\">\n<div class=\"detail-decorate-json-renderer-container\">\n<div class=\"magic-4\">\n<div class=\"magic-26\">\n<div class=\"magic-6\">\n<div class=\"magic-7\" data-id=\"paragraph0\">\n<div class=\"magic-39\" data-spm-anchor-id=\"a2700.details.pronpeci14.i4.12355170Y9xOFu\"><b class=\"magic-40\"><span class=\"magic-25\">Blau: RAL:5002,\u00a0<\/span><\/b><b class=\"magic-40\"><span class=\"magic-25\">Gelb: RAL:1003,\u00a0<\/span><\/b><b class=\"magic-40\"><span class=\"magic-25\"><span class=\"magic-24\">Grau: RAL:<\/span>9006<\/span><\/b><\/div>\n<\/div>\n<\/div>\n<\/div>\n<div class=\"magic-26\">\n<div class=\"magic-6\">\n<div class=\"magic-7\" data-id=\"paragraph2\">\n<div>\n<div class=\"magic-26\">\n<div class=\"magic-6\">\n<div class=\"magic-7\" data-id=\"paragraph0\">\n<div class=\"magic-39\" data-spm-anchor-id=\"a2700.details.pronpeci14.i5.12355170Y9xOFu\"><b class=\"magic-40\"><span class=\"magic-25\">Rot: RAL:3002,\u00a0<\/span><\/b><b><span class=\"magic-25\">Orange: RAL:2004,\u00a0<\/span><\/b><b class=\"magic-40\"><span class=\"magic-25\">Wei\u00df: RAL:9003<\/span><\/b><\/div>\n<\/div>\n<\/div>\n<\/div>\n<\/div>\n<\/div>\n<\/div>\n<\/div>\n<\/div>\n<\/div>\n<\/div>\n<div class=\"J_module\">\n<div class=\"detail-decorate-json-renderer-container\">\n<div class=\"magic-4\">\n<div class=\"magic-26\">\n<div class=\"magic-27\"><\/div>\n<\/div>\n<\/div>\n<\/div>\n<\/div>\n<p><img loading=\"lazy\" decoding=\"async\" class=\"aligncenter wp-image-9862\" src=\"https:\/\/seppeschina.com\/wp-content\/uploads\/2019\/04\/color750.png\" sizes=\"auto, (max-width: 600px) 100vw, 600px\" srcset=\"https:\/\/seppeschina.com\/wp-content\/uploads\/2019\/04\/color750.png 750w, https:\/\/seppeschina.com\/wp-content\/uploads\/2019\/04\/color750-150x150.png 150w, https:\/\/seppeschina.com\/wp-content\/uploads\/2019\/04\/color750-300x300.png 300w, https:\/\/seppeschina.com\/wp-content\/uploads\/2019\/04\/color750-360x360.png 360w, https:\/\/seppeschina.com\/wp-content\/uploads\/2019\/04\/color750-600x600.png 600w, https:\/\/seppeschina.com\/wp-content\/uploads\/2019\/04\/color750-100x100.png 100w, https:\/\/seppeschina.com\/wp-content\/uploads\/2019\/04\/color750-24x24.png 24w, https:\/\/seppeschina.com\/wp-content\/uploads\/2019\/04\/color750-48x48.png 48w, https:\/\/seppeschina.com\/wp-content\/uploads\/2019\/04\/color750-96x96.png 96w, https:\/\/seppeschina.com\/wp-content\/uploads\/2019\/04\/color750-364x364.png 364w, https:\/\/seppeschina.com\/wp-content\/uploads\/2019\/04\/color750-50x50.png 50w, https:\/\/seppeschina.com\/wp-content\/uploads\/2019\/04\/color750-110x110.png 110w, https:\/\/seppeschina.com\/wp-content\/uploads\/2019\/04\/color750-275x275.png 275w, https:\/\/seppeschina.com\/wp-content\/uploads\/2019\/04\/color750-480x480.png 480w, https:\/\/seppeschina.com\/wp-content\/uploads\/2019\/04\/color750-550x550.png 550w\" alt=\"\" width=\"600\" height=\"600\"><\/p>\n<h3>Unternehmensprofil<\/h3>\n<h6>\u00dcber uns<\/h6>\n<p>Gegr\u00fcndet im Jahr 2011,<b>Seppes Door Industry(Suzhou)Co.,ltd<\/b>\u00a0ist ein Produktions- und Handelsunternehmen mit Sitz in Suzhou, Provinz Jiangsu in Festlandchina. Wir sind spezialisiert auf die Herstellung kompletter und ma\u00dfgeschneiderter L\u00f6sungen f\u00fcr Eingangst\u00fcrsysteme f\u00fcr Industriekunden, die Fabriken in einer staubfreien, ger\u00e4uscharmen, energieeffizienten, w\u00e4rmeisolierenden Umgebung halten oder andere Kundenanforderungen erf\u00fcllen. Unsere Hauptprodukte sind Hochgeschwindigkeitstore, Schnellrolltore, automatische Rolltore, Sektionaltore und so weiter.<\/p>\n<h3><b data-spm-anchor-id=\"a2700.details.pronpeci14.i1.54614b77C31x07\">Fabrikpr\u00e4sentation<\/b><\/h3>\n<p><img loading=\"lazy\" decoding=\"async\" class=\"aligncenter wp-image-11604 size-full\" src=\"https:\/\/seppeschina.com\/wp-content\/uploads\/2021\/03\/seppes-door6.gif\" alt=\"\" width=\"600\" height=\"358\"><\/p>\n<h3><b>Ausstellung<\/b><\/h3>\n<p>Dies ist ein Gruppenfoto, das von unseren internationalen Kunden bei einem Besuch unseres Unternehmens aufgenommen wurde, darunter aus den USA, Australien, Spanien, Chile, Israel und anderen L\u00e4ndern.<\/p>\n<p><img loading=\"lazy\" decoding=\"async\" class=\"aligncenter wp-image-11605 size-full\" src=\"https:\/\/seppeschina.com\/wp-content\/uploads\/2021\/03\/seppes-door7.gif\" alt=\"\" width=\"600\" height=\"338\"><\/p>\n<h3>Unsere Partner<\/h3>\n<p>Wir sind kooperativer Lieferant f\u00fcr fast 60 Fortune-500-Unternehmen wie IKEA, Logitech, Fresenius, Akzo Nobel usw.<\/p>\n<p><img loading=\"lazy\" decoding=\"async\" class=\"aligncenter wp-image-11608 size-full\" src=\"https:\/\/seppeschina.com\/wp-content\/uploads\/2021\/03\/seppes-door10.gif\" alt=\"\" width=\"600\" height=\"491\"><\/p>\n<h3>Zertifizierungen<\/h3>\n<p><img loading=\"lazy\" decoding=\"async\" class=\"wp-image-9887 aligncenter\" src=\"https:\/\/seppeschina.com\/wp-content\/uploads\/2019\/04\/certification.jpg\" sizes=\"auto, (max-width: 600px) 100vw, 600px\" srcset=\"https:\/\/seppeschina.com\/wp-content\/uploads\/2019\/04\/certification.jpg 750w, https:\/\/seppeschina.com\/wp-content\/uploads\/2019\/04\/certification-150x150.jpg 150w, https:\/\/seppeschina.com\/wp-content\/uploads\/2019\/04\/certification-300x300.jpg 300w, https:\/\/seppeschina.com\/wp-content\/uploads\/2019\/04\/certification-360x360.jpg 360w, https:\/\/seppeschina.com\/wp-content\/uploads\/2019\/04\/certification-600x600.jpg 600w, https:\/\/seppeschina.com\/wp-content\/uploads\/2019\/04\/certification-100x100.jpg 100w, https:\/\/seppeschina.com\/wp-content\/uploads\/2019\/04\/certification-24x24.jpg 24w, https:\/\/seppeschina.com\/wp-content\/uploads\/2019\/04\/certification-48x48.jpg 48w, https:\/\/seppeschina.com\/wp-content\/uploads\/2019\/04\/certification-96x96.jpg 96w, https:\/\/seppeschina.com\/wp-content\/uploads\/2019\/04\/certification-364x364.jpg 364w, https:\/\/seppeschina.com\/wp-content\/uploads\/2019\/04\/certification-50x50.jpg 50w, https:\/\/seppeschina.com\/wp-content\/uploads\/2019\/04\/certification-110x110.jpg 110w, https:\/\/seppeschina.com\/wp-content\/uploads\/2019\/04\/certification-275x275.jpg 275w, https:\/\/seppeschina.com\/wp-content\/uploads\/2019\/04\/certification-480x480.jpg 480w, https:\/\/seppeschina.com\/wp-content\/uploads\/2019\/04\/certification-550x550.jpg 550w\" alt=\"\" width=\"600\" height=\"600\"><\/p>\n<h3>Vorteile<\/h3>\n<p><img loading=\"lazy\" decoding=\"async\" class=\"aligncenter size-full wp-image-11976\" src=\"https:\/\/seppeschina.com\/wp-content\/uploads\/2019\/04\/%E5%BF%AB%E9%80%9F%E9%97%A8_02.gif\" alt=\"\" width=\"600\" height=\"797\"><\/p>\n<p>1.\u00a0<strong>Praktisch<\/strong>: Innovatives Mensch-Maschine-Schnittstellendesign; benutzerfreundliche und wartungsarme Schnittstelle.<\/p>\n<p>2.\u00a0<strong>Schnell<\/strong>: Hunderte t\u00e4gliche Schaltvorg\u00e4nge; 1,0-1,2 m\/s \u00d6ffnungsgeschwindigkeit.<\/p>\n<p>3.\u00a0<strong>Robust<\/strong>: Verwendung von Hochfestem PVC-Gewebevorhang importierter Marken mit selbstreinigender Oberfl\u00e4che.<\/p>\n<p>4.\u00a0<strong>Luftdicht<\/strong>: Ausgestattet mit einer innovativen doppelreihigen Kassetten-Dichtungsb\u00fcrste.<\/p>\n<p>5.\u00a0<strong>Stabil<\/strong>: Ausgestattet mit deutschem Markensteuerungssystem; Servo-Hochpr\u00e4zisions-Antriebseinheit.<\/p>\n<p>6.\u00a0<strong>Intelligent<\/strong>: Integrierter IoT-Smart-Chip f\u00fcr eine integrierte, intelligente und leistungsstarke L\u00f6sung.<\/p>\n<p>7.\u00a0<strong>\u00c4sthetisch<\/strong>: Verwendung von automatischer Laserschneidtechnik und Pr\u00e4zisionst\u00fcrrahmenkomponenten.<\/p>\n<p>8.\u00a0<b data-spm-anchor-id=\"a2700.details.pronpeci14.i8.12355170Y9xOFu\">Sicher<\/b>: Standard-Infrarot-Anti-Quetsch-Sicherheitsvorrichtung.<\/p>\n<h3>Anwendungsbeispiele<\/h3>\n<p><img loading=\"lazy\" decoding=\"async\" class=\"aligncenter wp-image-11612 size-full\" src=\"https:\/\/seppeschina.com\/wp-content\/uploads\/2021\/03\/seppes-door2.jpg\" sizes=\"auto, (max-width: 600px) 100vw, 600px\" srcset=\"https:\/\/seppeschina.com\/wp-content\/uploads\/2021\/03\/seppes-door2.jpg 600w, https:\/\/seppeschina.com\/wp-content\/uploads\/2021\/03\/seppes-door2-249x300.jpg 249w, https:\/\/seppeschina.com\/wp-content\/uploads\/2021\/03\/seppes-door2-360x434.jpg 360w, https:\/\/seppeschina.com\/wp-content\/uploads\/2021\/03\/seppes-door2-456x550.jpg 456w\" alt=\"\" width=\"600\" height=\"723\"><\/p>\n<h3>Lieferung &amp; Verpackung<\/h3>\n<p>Unsere Verpackungsmethode ist Holzkistenverpackung, und die Transportmethoden umfassen Express, Luft und See. In der Regel 3-7 Tage nach Auftragserteilung.<\/p>\n<p><img loading=\"lazy\" decoding=\"async\" class=\"wp-image-9880 aligncenter\" src=\"https:\/\/seppeschina.com\/wp-content\/uploads\/2019\/04\/shipping.jpg\" sizes=\"auto, (max-width: 600px) 100vw, 600px\" srcset=\"https:\/\/seppeschina.com\/wp-content\/uploads\/2019\/04\/shipping.jpg 750w, https:\/\/seppeschina.com\/wp-content\/uploads\/2019\/04\/shipping-150x150.jpg 150w, https:\/\/seppeschina.com\/wp-content\/uploads\/2019\/04\/shipping-300x300.jpg 300w, https:\/\/seppeschina.com\/wp-content\/uploads\/2019\/04\/shipping-360x360.jpg 360w, https:\/\/seppeschina.com\/wp-content\/uploads\/2019\/04\/shipping-600x600.jpg 600w, https:\/\/seppeschina.com\/wp-content\/uploads\/2019\/04\/shipping-100x100.jpg 100w, https:\/\/seppeschina.com\/wp-content\/uploads\/2019\/04\/shipping-24x24.jpg 24w, https:\/\/seppeschina.com\/wp-content\/uploads\/2019\/04\/shipping-48x48.jpg 48w, https:\/\/seppeschina.com\/wp-content\/uploads\/2019\/04\/shipping-96x96.jpg 96w, https:\/\/seppeschina.com\/wp-content\/uploads\/2019\/04\/shipping-364x364.jpg 364w, https:\/\/seppeschina.com\/wp-content\/uploads\/2019\/04\/shipping-50x50.jpg 50w, https:\/\/seppeschina.com\/wp-content\/uploads\/2019\/04\/shipping-110x110.jpg 110w, https:\/\/seppeschina.com\/wp-content\/uploads\/2019\/04\/shipping-275x275.jpg 275w, https:\/\/seppeschina.com\/wp-content\/uploads\/2019\/04\/shipping-480x480.jpg 480w, https:\/\/seppeschina.com\/wp-content\/uploads\/2019\/04\/shipping-550x550.jpg 550w\" alt=\"\" width=\"600\" height=\"600\"><\/p>\n<h3>FAQ<\/h3>\n<p><span style=\"color: #ff0000;\"><strong>F: Wie sieht es mit der Leistung und Spannung aus?<\/strong><\/span><\/p>\n<p><strong>A: Kann angepasst werden. Normalerweise 220 V, 0,75 KW, 50 HZ, 1-phasig.<\/strong><\/p>\n<p><span style=\"color: #ff0000;\"><strong>F: Welche Materialien stehen f\u00fcr den Hochgeschwindigkeitst\u00fcrrahmen zur Auswahl?<\/strong><\/span><\/p>\n<p><strong>A: Lackierter Stahlt\u00fcrrahmen, SUS304\/316 Edelstahlt\u00fcrrahmen, Aluminiumlegierungs-T\u00fcrrahmen.<\/strong><\/p>\n<p><span style=\"color: #ff0000;\"><strong>F: Wie hoch ist der Preis f\u00fcr eine Hochgeschwindigkeitst\u00fcr?<\/strong><\/span><\/p>\n<p><strong>A: H\u00e4ngt von Ihrer Gr\u00f6\u00dfe und weiteren Ausstattungen ab.<\/strong><\/p>\n<p><span style=\"color: #ff0000;\"><strong>F: Wie w\u00e4hlt man den Hersteller f\u00fcr Hochgeschwindigkeitst\u00fcren aus?<\/strong><\/span><\/p>\n<p><strong>A: Zertifiziert, SGS, CE, mehr als 10 Jahre Erfahrung.<\/strong><\/p>\n<p><span style=\"color: #ff0000;\"><strong>F: K\u00f6nnen wir die Hochgeschwindigkeitst\u00fcr selbst installieren?<\/strong><\/span><\/p>\n<p><strong>A: Ja, sehr einfach. Wir k\u00f6nnen englische Installationsanleitungen und Videos bereitstellen.\u00a0<\/strong><\/p>\n<p><span style=\"color: #ff0000;\"><strong>F: Wie lange ist die Nutzungsdauer?<\/strong><\/span><\/p>\n<p><strong>A: Etwa 10\u201315 Jahre.<\/strong><\/p>\n<p><span style=\"color: #ff0000;\"><strong>F: Welche automatischen\/intelligenten \u00d6ffnungsmethoden bietet die Hochgeschwindigkeitst\u00fcr?<\/strong><\/span><\/p>\n<p><strong>A: Manueller Druckknopf, automatischer Bewegungssensor, Induktionsschleife, Zugschalter, Kartenleser, Anbindung an PLC oder AGV.<\/strong><\/p>","protected":false},"excerpt":{"rendered":"<p>Maximale Gr\u00f6\u00dfe: Breite 6000 mm, H\u00f6he 8000 mm<br \/>\n\u00d6ffnungszyklen pro Tag: 500\u2013800 Mal<br \/>\nFarbe: Orange, Blau, Grau, Gelb und individuell anpassbar<br \/>\n\u00d6ffnungsgeschwindigkeit: Max. 2,0 m\/s (einstellbar)<br \/>\nBedienungsmethoden: Tasten, Radar, Fernbedienung<br \/>\nStromversorgung: 1-phasig 220 V oder 3-phasig 380 V<br \/>\nLeistung: 0,75\u20131,5 kW<br \/>\nWindwiderstandsklasse: 6\u20137 (bei einer Fl\u00e4che bis 9 m\u00b2)<\/p>","protected":false},"featured_media":11138,"comment_status":"open","ping_status":"closed","template":"","meta":[],"product_brand":[],"product_cat":[309],"product_tag":[337],"class_list":{"0":"post-11135","1":"product","2":"type-product","3":"status-publish","4":"has-post-thumbnail","6":"product_cat-high-speed-door","7":"product_tag-seppes-interlocking-fast-door","10":"first","11":"instock","12":"shipping-taxable","13":"product-type-simple"},"_links":{"self":[{"href":"https:\/\/seppeschina.com\/de\/wp-json\/wp\/v2\/product\/11135","targetHints":{"allow":["GET"]}}],"collection":[{"href":"https:\/\/seppeschina.com\/de\/wp-json\/wp\/v2\/product"}],"about":[{"href":"https:\/\/seppeschina.com\/de\/wp-json\/wp\/v2\/types\/product"}],"replies":[{"embeddable":true,"href":"https:\/\/seppeschina.com\/de\/wp-json\/wp\/v2\/comments?post=11135"}],"wp:featuredmedia":[{"embeddable":true,"href":"https:\/\/seppeschina.com\/de\/wp-json\/wp\/v2\/media\/11138"}],"wp:attachment":[{"href":"https:\/\/seppeschina.com\/de\/wp-json\/wp\/v2\/media?parent=11135"}],"wp:term":[{"taxonomy":"product_brand","embeddable":true,"href":"https:\/\/seppeschina.com\/de\/wp-json\/wp\/v2\/product_brand?post=11135"},{"taxonomy":"product_cat","embeddable":true,"href":"https:\/\/seppeschina.com\/de\/wp-json\/wp\/v2\/product_cat?post=11135"},{"taxonomy":"product_tag","embeddable":true,"href":"https:\/\/seppeschina.com\/de\/wp-json\/wp\/v2\/product_tag?post=11135"}],"curies":[{"name":"wp","href":"https:\/\/api.w.org\/{rel}","templated":true}]}}