{"id":11201,"date":"2021-03-02T16:29:12","date_gmt":"2021-03-02T08:29:12","guid":{"rendered":"https:\/\/seppeschina.com\/?post_type=product&#038;p=11201"},"modified":"2025-05-19T15:52:21","modified_gmt":"2025-05-19T07:52:21","slug":"seppes-sicherheitsschutz-schnellrolltor","status":"publish","type":"product","link":"https:\/\/seppeschina.com\/de\/product\/seppes-safety-protection-fast-rolling-door\/","title":{"rendered":"SEPPES Sicherheitsschutz-Schnellrolltor"},"content":{"rendered":"<h3><strong><b>Produktbeschreibung<\/b><\/strong><\/h3>\n<p>Die konventionellen Merkmale der Sicherheitsschutz-Schnelllauftor umfassen:<\/p>\n<div class=\"ccvoYb\">\n<div class=\"AxqVh\">\n<div class=\"OPPzxe\">\n<div class=\"dePhmb\">\n<div class=\"eyKpYb\" data-language=\"en\" data-original-language=\"zh-CN\" data-result-index=\"0\">\n<div class=\"J0lOec\"><span class=\"VIiyi\" lang=\"en\"><span class=\"JLqJ4b ChMk0b\" data-language-for-alternatives=\"en\" data-language-to-translate-into=\"zh-CN\" data-phrase-index=\"0\">1. Europ\u00e4ische Norm: Europ\u00e4ischer industrieller Sicherheitsschutzstandard<\/span> <\/span><\/div>\n<div class=\"J0lOec\"><span class=\"VIiyi\" lang=\"en\"><span class=\"JLqJ4b ChMk0b\" data-language-for-alternatives=\"en\" data-language-to-translate-into=\"zh-CN\" data-phrase-index=\"2\">2. Rahmen: Die verzinkte und verwindungssteife Profilmontage bildet einen integrierten Rahmen, \u00e4sthetisch und gro\u00dfz\u00fcgig, besser abgestimmt auf die Ausr\u00fcstung<\/span> <\/span><\/div>\n<div class=\"J0lOec\"><span class=\"VIiyi\" lang=\"en\"><span class=\"JLqJ4b ChMk0b\" data-language-for-alternatives=\"en\" data-language-to-translate-into=\"zh-CN\" data-phrase-index=\"4\">3. Verdickung: 2,00 mm speziell verdickter T\u00fcrvorhang, die Platte ist sehr flach, stabil, verst\u00e4rkt und schlagfest<\/span> <\/span><\/div>\n<div class=\"J0lOec\"><span class=\"VIiyi\" lang=\"en\"><span class=\"JLqJ4b ChMk0b\" data-language-for-alternatives=\"en\" data-language-to-translate-into=\"zh-CN\" data-phrase-index=\"6\">4. Hohe Geschwindigkeit: Ausgestattet mit dem deutschen FROG PUPIL dedizierten Servo-Steuerungssystem, kann die T\u00fcr\u00f6ffnungsgeschwindigkeit bis zu 1,5-2,2 m\/s betragen<\/span> <\/span><\/div>\n<div class=\"J0lOec\"><span class=\"VIiyi\" lang=\"en\"><span class=\"JLqJ4b ChMk0b\" data-language-for-alternatives=\"en\" data-language-to-translate-into=\"zh-CN\" data-phrase-index=\"8\">5. Sicherheit: Optionale erweiterte Sicherheitslichtschranke und Luftkissen-Unterkante (SEPPE-Patenttechnologie) f\u00fcr noch mehr Sicherheit<\/span><\/span><\/div>\n<\/div>\n<\/div>\n<\/div>\n<\/div>\n<\/div>\n<p><img loading=\"lazy\" decoding=\"async\" class=\"aligncenter wp-image-10638\" src=\"https:\/\/seppeschina.com\/wp-content\/uploads\/2018\/02\/\u7cbe\u5bc6\u5236\u9020.jpg\" alt=\"\" width=\"600\" height=\"404\" srcset=\"https:\/\/seppeschina.com\/wp-content\/uploads\/2018\/02\/\u7cbe\u5bc6\u5236\u9020.jpg 1600w, https:\/\/seppeschina.com\/wp-content\/uploads\/2018\/02\/\u7cbe\u5bc6\u5236\u9020-360x242.jpg 360w, https:\/\/seppeschina.com\/wp-content\/uploads\/2018\/02\/\u7cbe\u5bc6\u5236\u9020-600x404.jpg 600w, https:\/\/seppeschina.com\/wp-content\/uploads\/2018\/02\/\u7cbe\u5bc6\u5236\u9020-300x202.jpg 300w, https:\/\/seppeschina.com\/wp-content\/uploads\/2018\/02\/\u7cbe\u5bc6\u5236\u9020-1024x689.jpg 1024w, https:\/\/seppeschina.com\/wp-content\/uploads\/2018\/02\/\u7cbe\u5bc6\u5236\u9020-768x517.jpg 768w, https:\/\/seppeschina.com\/wp-content\/uploads\/2018\/02\/\u7cbe\u5bc6\u5236\u9020-1536x1034.jpg 1536w, https:\/\/seppeschina.com\/wp-content\/uploads\/2018\/02\/\u7cbe\u5bc6\u5236\u9020-550x370.jpg 550w\" sizes=\"auto, (max-width: 600px) 100vw, 600px\" \/><\/p>\n<h3>Details<\/h3>\n<p><img loading=\"lazy\" decoding=\"async\" class=\"aligncenter size-full wp-image-12060\" src=\"https:\/\/seppeschina.com\/wp-content\/uploads\/2021\/03\/\u9632\u62a4\u5feb\u901f\u95e8_04.jpg\" alt=\"\" width=\"600\" height=\"463\" srcset=\"https:\/\/seppeschina.com\/wp-content\/uploads\/2021\/03\/\u9632\u62a4\u5feb\u901f\u95e8_04.jpg 600w, https:\/\/seppeschina.com\/wp-content\/uploads\/2021\/03\/\u9632\u62a4\u5feb\u901f\u95e8_04-360x278.jpg 360w, https:\/\/seppeschina.com\/wp-content\/uploads\/2021\/03\/\u9632\u62a4\u5feb\u901f\u95e8_04-300x232.jpg 300w, https:\/\/seppeschina.com\/wp-content\/uploads\/2021\/03\/\u9632\u62a4\u5feb\u901f\u95e8_04-550x424.jpg 550w\" sizes=\"auto, (max-width: 600px) 100vw, 600px\" \/> <img loading=\"lazy\" decoding=\"async\" class=\"aligncenter size-full wp-image-12061\" src=\"https:\/\/seppeschina.com\/wp-content\/uploads\/2021\/03\/\u9632\u62a4\u5feb\u901f\u95e8_03.jpg\" alt=\"\" width=\"600\" height=\"632\" srcset=\"https:\/\/seppeschina.com\/wp-content\/uploads\/2021\/03\/\u9632\u62a4\u5feb\u901f\u95e8_03.jpg 600w, https:\/\/seppeschina.com\/wp-content\/uploads\/2021\/03\/\u9632\u62a4\u5feb\u901f\u95e8_03-360x379.jpg 360w, https:\/\/seppeschina.com\/wp-content\/uploads\/2021\/03\/\u9632\u62a4\u5feb\u901f\u95e8_03-285x300.jpg 285w, https:\/\/seppeschina.com\/wp-content\/uploads\/2021\/03\/\u9632\u62a4\u5feb\u901f\u95e8_03-24x24.jpg 24w, https:\/\/seppeschina.com\/wp-content\/uploads\/2021\/03\/\u9632\u62a4\u5feb\u901f\u95e8_03-522x550.jpg 522w\" sizes=\"auto, (max-width: 600px) 100vw, 600px\" \/><\/p>\n<h3>Farbauswahl<\/h3>\n<p><strong>Standardfarben<\/strong>: blau, gelb, grau und individuell anpassbar.<\/p>\n<h3><img loading=\"lazy\" decoding=\"async\" class=\"wp-image-10104 aligncenter\" src=\"https:\/\/seppeschina.com\/wp-content\/uploads\/2019\/04\/COLOR-1.jpg\" sizes=\"auto, (max-width: 600px) 100vw, 600px\" srcset=\"https:\/\/seppeschina.com\/wp-content\/uploads\/2019\/04\/COLOR-1.jpg 750w, https:\/\/seppeschina.com\/wp-content\/uploads\/2019\/04\/COLOR-1-300x300.jpg 300w, https:\/\/seppeschina.com\/wp-content\/uploads\/2019\/04\/COLOR-1-150x150.jpg 150w, https:\/\/seppeschina.com\/wp-content\/uploads\/2019\/04\/COLOR-1-360x360.jpg 360w, https:\/\/seppeschina.com\/wp-content\/uploads\/2019\/04\/COLOR-1-600x600.jpg 600w, https:\/\/seppeschina.com\/wp-content\/uploads\/2019\/04\/COLOR-1-100x100.jpg 100w, https:\/\/seppeschina.com\/wp-content\/uploads\/2019\/04\/COLOR-1-24x24.jpg 24w, https:\/\/seppeschina.com\/wp-content\/uploads\/2019\/04\/COLOR-1-48x48.jpg 48w, https:\/\/seppeschina.com\/wp-content\/uploads\/2019\/04\/COLOR-1-96x96.jpg 96w, https:\/\/seppeschina.com\/wp-content\/uploads\/2019\/04\/COLOR-1-364x364.jpg 364w, https:\/\/seppeschina.com\/wp-content\/uploads\/2019\/04\/COLOR-1-50x50.jpg 50w, https:\/\/seppeschina.com\/wp-content\/uploads\/2019\/04\/COLOR-1-110x110.jpg 110w, https:\/\/seppeschina.com\/wp-content\/uploads\/2019\/04\/COLOR-1-275x275.jpg 275w, https:\/\/seppeschina.com\/wp-content\/uploads\/2019\/04\/COLOR-1-480x480.jpg 480w, https:\/\/seppeschina.com\/wp-content\/uploads\/2019\/04\/COLOR-1-550x550.jpg 550w\" alt=\"\" width=\"600\" height=\"600\"><strong>T\u00fcr\u00f6ffnungsarten<\/strong><\/h3>\n<p>Unsere Standard-T\u00fcr\u00f6ffnungsmethode ist\u00a0<strong>beidseitig<\/strong>\u00a0<strong>manueller Taster<\/strong>,\u00a0<strong>optional Radar<\/strong>,\u00a0<strong>Geomagnetik<\/strong>,\u00a0<strong>Zugkette<\/strong>,\u00a0<strong>Fernbedienung<\/strong>,\u00a0<strong>Bluetooth<\/strong>,\u00a0<strong>drahtloser Schalter<\/strong>, usw.<\/p>\n<p><img loading=\"lazy\" decoding=\"async\" class=\"aligncenter wp-image-9999\" src=\"https:\/\/seppeschina.com\/wp-content\/uploads\/2019\/04\/%E6%9C%AA%E6%A0%87%E9%A2%98-2.jpg\" sizes=\"auto, (max-width: 600px) 100vw, 600px\" srcset=\"https:\/\/seppeschina.com\/wp-content\/uploads\/2019\/04\/\u672a\u6807\u9898-2.jpg 750w, https:\/\/seppeschina.com\/wp-content\/uploads\/2019\/04\/\u672a\u6807\u9898-2-300x300.jpg 300w, https:\/\/seppeschina.com\/wp-content\/uploads\/2019\/04\/\u672a\u6807\u9898-2-150x150.jpg 150w, https:\/\/seppeschina.com\/wp-content\/uploads\/2019\/04\/\u672a\u6807\u9898-2-360x360.jpg 360w, https:\/\/seppeschina.com\/wp-content\/uploads\/2019\/04\/\u672a\u6807\u9898-2-600x600.jpg 600w, https:\/\/seppeschina.com\/wp-content\/uploads\/2019\/04\/\u672a\u6807\u9898-2-100x100.jpg 100w, https:\/\/seppeschina.com\/wp-content\/uploads\/2019\/04\/\u672a\u6807\u9898-2-24x24.jpg 24w, https:\/\/seppeschina.com\/wp-content\/uploads\/2019\/04\/\u672a\u6807\u9898-2-48x48.jpg 48w, https:\/\/seppeschina.com\/wp-content\/uploads\/2019\/04\/\u672a\u6807\u9898-2-96x96.jpg 96w, https:\/\/seppeschina.com\/wp-content\/uploads\/2019\/04\/\u672a\u6807\u9898-2-364x364.jpg 364w, https:\/\/seppeschina.com\/wp-content\/uploads\/2019\/04\/\u672a\u6807\u9898-2-50x50.jpg 50w, https:\/\/seppeschina.com\/wp-content\/uploads\/2019\/04\/\u672a\u6807\u9898-2-110x110.jpg 110w, https:\/\/seppeschina.com\/wp-content\/uploads\/2019\/04\/\u672a\u6807\u9898-2-275x275.jpg 275w, https:\/\/seppeschina.com\/wp-content\/uploads\/2019\/04\/\u672a\u6807\u9898-2-480x480.jpg 480w, https:\/\/seppeschina.com\/wp-content\/uploads\/2019\/04\/\u672a\u6807\u9898-2-550x550.jpg 550w\" alt=\"\" width=\"600\" height=\"600\"><\/p>\n<h3>Warum uns w\u00e4hlen?<\/h3>\n<p><img loading=\"lazy\" decoding=\"async\" class=\"wp-image-9998 aligncenter\" src=\"https:\/\/seppeschina.com\/wp-content\/uploads\/2019\/04\/why-choose-us.jpg\" sizes=\"auto, (max-width: 600px) 100vw, 600px\" srcset=\"https:\/\/seppeschina.com\/wp-content\/uploads\/2019\/04\/why-choose-us.jpg 750w, https:\/\/seppeschina.com\/wp-content\/uploads\/2019\/04\/why-choose-us-300x300.jpg 300w, https:\/\/seppeschina.com\/wp-content\/uploads\/2019\/04\/why-choose-us-150x150.jpg 150w, https:\/\/seppeschina.com\/wp-content\/uploads\/2019\/04\/why-choose-us-360x360.jpg 360w, https:\/\/seppeschina.com\/wp-content\/uploads\/2019\/04\/why-choose-us-600x600.jpg 600w, https:\/\/seppeschina.com\/wp-content\/uploads\/2019\/04\/why-choose-us-100x100.jpg 100w, https:\/\/seppeschina.com\/wp-content\/uploads\/2019\/04\/why-choose-us-24x24.jpg 24w, https:\/\/seppeschina.com\/wp-content\/uploads\/2019\/04\/why-choose-us-48x48.jpg 48w, https:\/\/seppeschina.com\/wp-content\/uploads\/2019\/04\/why-choose-us-96x96.jpg 96w, https:\/\/seppeschina.com\/wp-content\/uploads\/2019\/04\/why-choose-us-364x364.jpg 364w, https:\/\/seppeschina.com\/wp-content\/uploads\/2019\/04\/why-choose-us-50x50.jpg 50w, https:\/\/seppeschina.com\/wp-content\/uploads\/2019\/04\/why-choose-us-110x110.jpg 110w, https:\/\/seppeschina.com\/wp-content\/uploads\/2019\/04\/why-choose-us-275x275.jpg 275w, https:\/\/seppeschina.com\/wp-content\/uploads\/2019\/04\/why-choose-us-480x480.jpg 480w, https:\/\/seppeschina.com\/wp-content\/uploads\/2019\/04\/why-choose-us-550x550.jpg 550w\" alt=\"\" width=\"600\" height=\"600\"><\/p>\n<h3>Unternehmensprofil<\/h3>\n<p><img loading=\"lazy\" decoding=\"async\" class=\"aligncenter size-full wp-image-11606\" src=\"https:\/\/seppeschina.com\/wp-content\/uploads\/2021\/03\/seppes-door8.gif\" alt=\"\" width=\"600\" height=\"502\"><\/p>\n<h3><b data-spm-anchor-id=\"a2700.details.pronpeci14.i1.54614b77C31x07\">Fabrikpr\u00e4sentation<\/b><\/h3>\n<p><img loading=\"lazy\" decoding=\"async\" class=\"aligncenter wp-image-11604 size-full\" src=\"https:\/\/seppeschina.com\/wp-content\/uploads\/2021\/03\/seppes-door6.gif\" alt=\"\" width=\"600\" height=\"358\"><\/p>\n<h3><b>Ausstellung<\/b><\/h3>\n<p>Dies ist ein Gruppenfoto, das von unseren internationalen Kunden bei einem Besuch unseres Unternehmens aufgenommen wurde, darunter aus den USA, Australien, Spanien, Chile, Israel und anderen L\u00e4ndern.<\/p>\n<p><img loading=\"lazy\" decoding=\"async\" class=\"aligncenter wp-image-11605 size-full\" src=\"https:\/\/seppeschina.com\/wp-content\/uploads\/2021\/03\/seppes-door7.gif\" alt=\"\" width=\"600\" height=\"338\"><\/p>\n<h3>Unsere Kooperationspartner<\/h3>\n<p>Wir sind kooperativer Lieferant f\u00fcr fast 60 Fortune-500-Unternehmen wie IKEA, Logitech, Fresenius, Akzo Nobel usw.<\/p>\n<p><img loading=\"lazy\" decoding=\"async\" class=\"aligncenter wp-image-11608 size-full\" src=\"https:\/\/seppeschina.com\/wp-content\/uploads\/2021\/03\/seppes-door10.gif\" alt=\"\" width=\"600\" height=\"491\"><\/p>\n<h3>Zertifizierungen<\/h3>\n<p><img loading=\"lazy\" decoding=\"async\" class=\"aligncenter wp-image-9887 size-full\" src=\"https:\/\/seppeschina.com\/wp-content\/uploads\/2019\/04\/certification.jpg\" alt=\"\" width=\"750\" height=\"750\" srcset=\"https:\/\/seppeschina.com\/wp-content\/uploads\/2019\/04\/certification.jpg 750w, https:\/\/seppeschina.com\/wp-content\/uploads\/2019\/04\/certification-360x360.jpg 360w, https:\/\/seppeschina.com\/wp-content\/uploads\/2019\/04\/certification-100x100.jpg 100w, https:\/\/seppeschina.com\/wp-content\/uploads\/2019\/04\/certification-600x600.jpg 600w, https:\/\/seppeschina.com\/wp-content\/uploads\/2019\/04\/certification-150x150.jpg 150w, https:\/\/seppeschina.com\/wp-content\/uploads\/2019\/04\/certification-300x300.jpg 300w, https:\/\/seppeschina.com\/wp-content\/uploads\/2019\/04\/certification-24x24.jpg 24w, https:\/\/seppeschina.com\/wp-content\/uploads\/2019\/04\/certification-48x48.jpg 48w, https:\/\/seppeschina.com\/wp-content\/uploads\/2019\/04\/certification-96x96.jpg 96w, https:\/\/seppeschina.com\/wp-content\/uploads\/2019\/04\/certification-364x364.jpg 364w, https:\/\/seppeschina.com\/wp-content\/uploads\/2019\/04\/certification-50x50.jpg 50w, https:\/\/seppeschina.com\/wp-content\/uploads\/2019\/04\/certification-110x110.jpg 110w, https:\/\/seppeschina.com\/wp-content\/uploads\/2019\/04\/certification-275x275.jpg 275w, https:\/\/seppeschina.com\/wp-content\/uploads\/2019\/04\/certification-480x480.jpg 480w, https:\/\/seppeschina.com\/wp-content\/uploads\/2019\/04\/certification-550x550.jpg 550w\" sizes=\"auto, (max-width: 750px) 100vw, 750px\" \/><\/p>\n<h3>Vorteile<\/h3>\n<p><img loading=\"lazy\" decoding=\"async\" class=\"aligncenter size-full wp-image-12062\" src=\"https:\/\/seppeschina.com\/wp-content\/uploads\/2021\/03\/\u9632\u62a4\u5feb\u901f\u95e8_02.jpg\" alt=\"\" width=\"600\" height=\"630\" srcset=\"https:\/\/seppeschina.com\/wp-content\/uploads\/2021\/03\/\u9632\u62a4\u5feb\u901f\u95e8_02.jpg 600w, https:\/\/seppeschina.com\/wp-content\/uploads\/2021\/03\/\u9632\u62a4\u5feb\u901f\u95e8_02-360x378.jpg 360w, https:\/\/seppeschina.com\/wp-content\/uploads\/2021\/03\/\u9632\u62a4\u5feb\u901f\u95e8_02-286x300.jpg 286w, https:\/\/seppeschina.com\/wp-content\/uploads\/2021\/03\/\u9632\u62a4\u5feb\u901f\u95e8_02-24x24.jpg 24w, https:\/\/seppeschina.com\/wp-content\/uploads\/2021\/03\/\u9632\u62a4\u5feb\u901f\u95e8_02-524x550.jpg 524w\" sizes=\"auto, (max-width: 600px) 100vw, 600px\" \/><\/p>\n<h3>Anwendungen<\/h3>\n<p><img loading=\"lazy\" decoding=\"async\" class=\"aligncenter wp-image-11612 size-full\" src=\"https:\/\/seppeschina.com\/wp-content\/uploads\/2021\/03\/seppes-door2.jpg\" sizes=\"auto, (max-width: 600px) 100vw, 600px\" srcset=\"https:\/\/seppeschina.com\/wp-content\/uploads\/2021\/03\/seppes-door2.jpg 600w, https:\/\/seppeschina.com\/wp-content\/uploads\/2021\/03\/seppes-door2-249x300.jpg 249w, https:\/\/seppeschina.com\/wp-content\/uploads\/2021\/03\/seppes-door2-360x434.jpg 360w, https:\/\/seppeschina.com\/wp-content\/uploads\/2021\/03\/seppes-door2-456x550.jpg 456w\" alt=\"\" width=\"600\" height=\"723\"><\/p>\n<h3>Lieferung &amp; Verpackung<\/h3>\n<p>Unsere Verpackungsmethode ist Holzkistenverpackung, und die Transportmethoden umfassen Express, Luft und See. In der Regel 3-7 Tage nach Auftragserteilung.<\/p>\n<p><img loading=\"lazy\" decoding=\"async\" class=\"aligncenter wp-image-9880 size-full\" src=\"https:\/\/seppeschina.com\/wp-content\/uploads\/2019\/04\/shipping.jpg\" alt=\"\" width=\"750\" height=\"750\" srcset=\"https:\/\/seppeschina.com\/wp-content\/uploads\/2019\/04\/shipping.jpg 750w, https:\/\/seppeschina.com\/wp-content\/uploads\/2019\/04\/shipping-360x360.jpg 360w, https:\/\/seppeschina.com\/wp-content\/uploads\/2019\/04\/shipping-100x100.jpg 100w, https:\/\/seppeschina.com\/wp-content\/uploads\/2019\/04\/shipping-600x600.jpg 600w, https:\/\/seppeschina.com\/wp-content\/uploads\/2019\/04\/shipping-150x150.jpg 150w, https:\/\/seppeschina.com\/wp-content\/uploads\/2019\/04\/shipping-300x300.jpg 300w, https:\/\/seppeschina.com\/wp-content\/uploads\/2019\/04\/shipping-24x24.jpg 24w, https:\/\/seppeschina.com\/wp-content\/uploads\/2019\/04\/shipping-48x48.jpg 48w, https:\/\/seppeschina.com\/wp-content\/uploads\/2019\/04\/shipping-96x96.jpg 96w, https:\/\/seppeschina.com\/wp-content\/uploads\/2019\/04\/shipping-364x364.jpg 364w, https:\/\/seppeschina.com\/wp-content\/uploads\/2019\/04\/shipping-50x50.jpg 50w, https:\/\/seppeschina.com\/wp-content\/uploads\/2019\/04\/shipping-110x110.jpg 110w, https:\/\/seppeschina.com\/wp-content\/uploads\/2019\/04\/shipping-275x275.jpg 275w, https:\/\/seppeschina.com\/wp-content\/uploads\/2019\/04\/shipping-480x480.jpg 480w, https:\/\/seppeschina.com\/wp-content\/uploads\/2019\/04\/shipping-550x550.jpg 550w\" sizes=\"auto, (max-width: 750px) 100vw, 750px\" \/><\/p>\n<h3>FAQ<\/h3>\n<p><b><span data-spm-anchor-id=\"a2700.custom-template.0.i102.577f3333LwTOBI\">F\uff1a<\/span><span data-spm-anchor-id=\"a2700.custom-template.0.i145.577f3333LwTOBI\">Wie sieht es mit Leistung und Spannung aus?<\/span><\/b><\/p>\n<p>A\uff1aKann angepasst werden. Normalerweise 220V, 0,75KW, 50HZ, 1-phasig<\/p>\n<p><b data-spm-anchor-id=\"a2700.custom-template.0.i7.577f3333SViG38\">F: Welche Materialien stehen f\u00fcr den Hochgeschwindigkeitst\u00fcrrahmen zur Auswahl?<\/b><\/p>\n<p>A\uff1aLackierter Stahlt\u00fcrrahmen, SUS304\/316 Edelstahlt\u00fcrrahmen, Aluminiumlegierungs-T\u00fcrrahmen<\/p>\n<p><b data-spm-anchor-id=\"a2700.custom-template.0.i8.577f3333SViG38\">F: Wie hoch ist der Preis f\u00fcr eine Hochgeschwindigkeitst\u00fcr?<\/b><\/p>\n<p>A: H\u00e4ngt von Ihrer Gr\u00f6\u00dfe und weiteren Ausstattungen ab.<\/p>\n<p><b data-spm-anchor-id=\"a2700.custom-template.0.i166.577f3333LwTOBI\">F: Wie w\u00e4hlt man den Hersteller f\u00fcr Hochgeschwindigkeitst\u00fcren aus?<\/b><br \/>\nA\uff1aZertifiziert, SGS, CE, mehr als 10 Jahre<\/p>\n<p><b data-spm-anchor-id=\"a2700.custom-template.0.i9.577f3333SViG38\">F: K\u00f6nnen wir die Hochgeschwindigkeitst\u00fcr selbst installieren?<\/b><\/p>\n<p>A\uff1aJa, sehr einfach. Wir k\u00f6nnen englische Installationshandb\u00fccher und Videos bereitstellen.<\/p>\n<p><b data-spm-anchor-id=\"a2700.custom-template.0.i10.577f3333SViG38\">F: Wie lange ist die Nutzungsdauer?<\/b><\/p>\n<p>A\uff1aetwa 10-15 Jahre<\/p>\n<p><b data-spm-anchor-id=\"a2700.custom-template.0.i11.577f3333SViG38\">F: Welche automatischen\/intelligenten \u00d6ffnungsmethoden bietet die Hochgeschwindigkeitst\u00fcr?<\/b><\/p>\n<p>A: Manueller Druckknopf, automatischer Bewegungssensor, Induktionsschleife, Zugschalter, Kartenleser, Anbindung an PLC oder AGV.<\/p>\n\n<div class=\"wpcf7 no-js\" id=\"wpcf7-f1555-o1\" lang=\"en-US\" dir=\"ltr\" data-wpcf7-id=\"1555\">\n<div class=\"screen-reader-response\"><p role=\"status\" aria-live=\"polite\" aria-atomic=\"true\"><\/p> <ul><\/ul><\/div>\n<form action=\"\/de\/wp-json\/wp\/v2\/product\/11201#wpcf7-f1555-o1\" method=\"post\" class=\"wpcf7-form init\" aria-label=\"Contact form\" novalidate=\"novalidate\" data-status=\"init\" data-trp-original-action=\"\/de\/wp-json\/wp\/v2\/product\/11201#wpcf7-f1555-o1\">\n<fieldset class=\"hidden-fields-container\"><input type=\"hidden\" name=\"_wpcf7\" value=\"1555\" \/><input type=\"hidden\" name=\"_wpcf7_version\" value=\"6.1.4\" \/><input type=\"hidden\" name=\"_wpcf7_locale\" value=\"en_US\" \/><input type=\"hidden\" name=\"_wpcf7_unit_tag\" value=\"wpcf7-f1555-o1\" \/><input type=\"hidden\" name=\"_wpcf7_container_post\" value=\"0\" \/><input type=\"hidden\" name=\"_wpcf7_posted_data_hash\" value=\"\" \/><input type=\"hidden\" name=\"_wpcf7_recaptcha_response\" value=\"\" \/>\n<\/fieldset>\n<div class=\"hunkcf71\">\n\t<p class=\"cf7-title\" style=\"font-size:25px;\"><i class=\"fa fa-envelope-o\"><\/i> Wir werden Ihre E-Mail in K\u00fcrze beantworten!\n\t<\/p>\n\t<p><span class=\"wpcf7-form-control-wrap\" data-name=\"text-737\"><input size=\"40\" maxlength=\"400\" class=\"wpcf7-form-control wpcf7-text wpcf7-validates-as-required\" aria-required=\"true\" aria-invalid=\"false\" placeholder=\"Ihr Name*\" value=\"\" type=\"text\" name=\"text-737\" \/><\/span>\n\t<\/p>\n\t<p><span class=\"wpcf7-form-control-wrap\" data-name=\"email-193\"><input size=\"40\" maxlength=\"400\" class=\"wpcf7-form-control wpcf7-email wpcf7-validates-as-required wpcf7-text wpcf7-validates-as-email\" aria-required=\"true\" aria-invalid=\"false\" placeholder=\"E-Mail-Adresse*\" value=\"\" type=\"email\" name=\"email-193\" \/><\/span>\n\t<\/p>\n\t<p><span class=\"wpcf7-form-control-wrap\" data-name=\"text-738\"><input size=\"40\" maxlength=\"400\" class=\"wpcf7-form-control wpcf7-text\" aria-invalid=\"false\" placeholder=\"Telefonnummer\" value=\"\" type=\"text\" name=\"text-738\" \/><\/span>\n\t<\/p>\n\t<p><span class=\"wpcf7-form-control-wrap\" data-name=\"textarea-837\"><textarea cols=\"40\" rows=\"10\" maxlength=\"2000\" class=\"wpcf7-form-control wpcf7-textarea wpcf7-validates-as-required\" aria-required=\"true\" aria-invalid=\"false\" placeholder=\"Teilen Sie uns Ihren Bedarf so konkret wie m\u00f6glich mit*\" name=\"textarea-837\"><\/textarea><\/span>\n\t<\/p>\n\t<p><input class=\"wpcf7-form-control wpcf7-submit has-spinner\" type=\"submit\" value=\"Senden\" \/>\n\t<\/p>\n<\/div><div class=\"wpcf7-response-output\" aria-hidden=\"true\"><\/div>\n<input type=\"hidden\" name=\"trp-form-language\" value=\"de\"\/><\/form>\n<\/div>","protected":false},"excerpt":{"rendered":"<p><strong><b>Es verf\u00fcgt \u00fcber gute Funktionen wie Staubschutz, Geruchsbindung, schnelles \u00d6ffnen, W\u00e4rmed\u00e4mmung, Schutz und weitere.<\/b><\/strong><\/p>\n<p><strong><b>Die betroffenen Branchen umfassen Lebensmittel, Elektronik, Automobile, Pharmazeutika, Chemikalien, Textilien, Logistik und andere Industrien.<\/b><\/strong><\/p>","protected":false},"featured_media":12063,"comment_status":"open","ping_status":"closed","template":"","meta":[],"product_brand":[],"product_cat":[309],"product_tag":[346],"class_list":{"0":"post-11201","1":"product","2":"type-product","3":"status-publish","4":"has-post-thumbnail","6":"product_cat-high-speed-door","7":"product_tag-high-speed-door","10":"first","11":"instock","12":"shipping-taxable","13":"product-type-simple"},"_links":{"self":[{"href":"https:\/\/seppeschina.com\/de\/wp-json\/wp\/v2\/product\/11201","targetHints":{"allow":["GET"]}}],"collection":[{"href":"https:\/\/seppeschina.com\/de\/wp-json\/wp\/v2\/product"}],"about":[{"href":"https:\/\/seppeschina.com\/de\/wp-json\/wp\/v2\/types\/product"}],"replies":[{"embeddable":true,"href":"https:\/\/seppeschina.com\/de\/wp-json\/wp\/v2\/comments?post=11201"}],"wp:featuredmedia":[{"embeddable":true,"href":"https:\/\/seppeschina.com\/de\/wp-json\/wp\/v2\/media\/12063"}],"wp:attachment":[{"href":"https:\/\/seppeschina.com\/de\/wp-json\/wp\/v2\/media?parent=11201"}],"wp:term":[{"taxonomy":"product_brand","embeddable":true,"href":"https:\/\/seppeschina.com\/de\/wp-json\/wp\/v2\/product_brand?post=11201"},{"taxonomy":"product_cat","embeddable":true,"href":"https:\/\/seppeschina.com\/de\/wp-json\/wp\/v2\/product_cat?post=11201"},{"taxonomy":"product_tag","embeddable":true,"href":"https:\/\/seppeschina.com\/de\/wp-json\/wp\/v2\/product_tag?post=11201"}],"curies":[{"name":"wp","href":"https:\/\/api.w.org\/{rel}","templated":true}]}}