{"id":11215,"date":"2021-03-04T12:15:23","date_gmt":"2021-03-04T04:15:23","guid":{"rendered":"https:\/\/seppeschina.com\/?post_type=product&#038;p=11215"},"modified":"2025-05-19T15:52:06","modified_gmt":"2025-05-19T07:52:06","slug":"seppes-gelbe-hochgeschwindigkeits-faltanlage","status":"publish","type":"product","link":"https:\/\/seppeschina.com\/de\/product\/seppes-yellow-high-speed-stacking-door\/","title":{"rendered":"SEPPES Gelbes Hochgeschwindigkeits-Stapeltor"},"content":{"rendered":"<h3><span style=\"color: #3366ff;\"><strong>Produktbeschreibung<\/strong><\/span><\/h3>\n<p><strong>Hochgeschwindigkeits-Falttor<\/strong> \u00a0Verwendet eine faltbare Hebevorrichtung und mehrere eingebaute oder externe horizontale Windabweiser, sodass der Winddruck gleichm\u00e4\u00dfig auf das gesamte Tuch verteilt wird und es etwa Windst\u00e4rke 10 standhalten kann. Seine Windbest\u00e4ndigkeit ist deutlich h\u00f6her als bei konventionellen Trommel-Rolltoren und es ist besonders geeignet f\u00fcr Logistikwege und Umgebungen mit gro\u00dfen \u00d6ffnungsfl\u00e4chen.<\/p>\n<p><img loading=\"lazy\" decoding=\"async\" class=\"aligncenter wp-image-11078\" src=\"https:\/\/seppeschina.com\/wp-content\/uploads\/2021\/01\/\u6d4e\u6e90\u94a2\u94c1-1.jpg\" alt=\"\" width=\"600\" height=\"450\" srcset=\"https:\/\/seppeschina.com\/wp-content\/uploads\/2021\/01\/\u6d4e\u6e90\u94a2\u94c1-1.jpg 1440w, https:\/\/seppeschina.com\/wp-content\/uploads\/2021\/01\/\u6d4e\u6e90\u94a2\u94c1-1-360x270.jpg 360w, https:\/\/seppeschina.com\/wp-content\/uploads\/2021\/01\/\u6d4e\u6e90\u94a2\u94c1-1-600x450.jpg 600w, https:\/\/seppeschina.com\/wp-content\/uploads\/2021\/01\/\u6d4e\u6e90\u94a2\u94c1-1-300x225.jpg 300w, https:\/\/seppeschina.com\/wp-content\/uploads\/2021\/01\/\u6d4e\u6e90\u94a2\u94c1-1-1024x768.jpg 1024w, https:\/\/seppeschina.com\/wp-content\/uploads\/2021\/01\/\u6d4e\u6e90\u94a2\u94c1-1-768x576.jpg 768w, https:\/\/seppeschina.com\/wp-content\/uploads\/2021\/01\/\u6d4e\u6e90\u94a2\u94c1-1-550x413.jpg 550w\" sizes=\"auto, (max-width: 600px) 100vw, 600px\" \/><\/p>\n<div class=\"J_module\">\n<h3 id=\"ali-anchor-AliMagic-859kg7\" class=\"magic-3\" data-section=\"AliMagic-859kg7\" data-section-title=\"Details of products\" data-spm-anchor-id=\"a2700.details.pronpeci14.i1.7e7c6220zGAGVA\"><span style=\"color: #3366ff;\"><strong>Produktdetails<\/strong><\/span><\/h3>\n<\/div>\n<div class=\"J_module\">\n<div class=\"ife-detail-decorate-table\">\n<ol>\n<li><strong>Produktname<\/strong>: Hochgeschwindigkeits-Stapeltor<\/li>\n<li><strong>Dicke des T\u00fcrvorhangs<\/strong>: 9mm<\/li>\n<li><strong>Garantie<\/strong>: 13 Monate<\/li>\n<li><strong>Material des T\u00fcrvorhangs<\/strong>: PVC (Polyvinylchlorid), Nylonband<\/li>\n<li><strong>Modellnummer<\/strong>: HSZD<\/li>\n<li><strong>Motor<\/strong>: Deutsche Marke<\/li>\n<li><strong>T\u00fcrrahmen<\/strong>: optional 304 Edelstahl, Aluminiumlegierung, lackiertes Stahlblech<\/li>\n<li><strong>T\u00fcrgr\u00f6\u00dfe<\/strong>: Maximale Breite 12m, Maximale H\u00f6he 10m; Ma\u00dfanfertigung m\u00f6glich<\/li>\n<li><strong>\u00d6ffnungsgeschwindigkeit<\/strong>: 0,6-0,8m\/s, einstellbar<\/li>\n<li><strong>Leistung<\/strong>: 1,5KW (bis 25 Quadratmeter); 2,2KW (bis 40 Quadratmeter)<\/li>\n<li><strong>Spannung<\/strong>: 220V oder 380V<\/li>\n<li><strong>Kundendienst<\/strong>: Online-Technischer Support, Kostenlose Ersatzteile, R\u00fcckgabe und Umtausch<\/li>\n<li><strong>Projektl\u00f6sungskompetenz<\/strong>: Grafikdesign, 3D-Modelldesign, Komplettl\u00f6sungen f\u00fcr Projekte, Kategorie\u00fcbergreifende B\u00fcndelung, Sonstiges<\/li>\n<\/ol>\n<h3><span style=\"color: #3366ff;\"><strong><b>Strukturdiagramm<\/b><\/strong><\/span><\/h3>\n<p><img loading=\"lazy\" decoding=\"async\" class=\"aligncenter wp-image-11986\" src=\"https:\/\/seppeschina.com\/wp-content\/uploads\/2021\/03\/\u9ec4\u8272\u5806\u79ef\u95e8\u7ec6\u8282\u56fe1.jpg\" alt=\"\" width=\"600\" height=\"600\" srcset=\"https:\/\/seppeschina.com\/wp-content\/uploads\/2021\/03\/\u9ec4\u8272\u5806\u79ef\u95e8\u7ec6\u8282\u56fe1.jpg 750w, https:\/\/seppeschina.com\/wp-content\/uploads\/2021\/03\/\u9ec4\u8272\u5806\u79ef\u95e8\u7ec6\u8282\u56fe1-360x360.jpg 360w, https:\/\/seppeschina.com\/wp-content\/uploads\/2021\/03\/\u9ec4\u8272\u5806\u79ef\u95e8\u7ec6\u8282\u56fe1-100x100.jpg 100w, https:\/\/seppeschina.com\/wp-content\/uploads\/2021\/03\/\u9ec4\u8272\u5806\u79ef\u95e8\u7ec6\u8282\u56fe1-600x600.jpg 600w, https:\/\/seppeschina.com\/wp-content\/uploads\/2021\/03\/\u9ec4\u8272\u5806\u79ef\u95e8\u7ec6\u8282\u56fe1-300x300.jpg 300w, https:\/\/seppeschina.com\/wp-content\/uploads\/2021\/03\/\u9ec4\u8272\u5806\u79ef\u95e8\u7ec6\u8282\u56fe1-150x150.jpg 150w, https:\/\/seppeschina.com\/wp-content\/uploads\/2021\/03\/\u9ec4\u8272\u5806\u79ef\u95e8\u7ec6\u8282\u56fe1-24x24.jpg 24w, https:\/\/seppeschina.com\/wp-content\/uploads\/2021\/03\/\u9ec4\u8272\u5806\u79ef\u95e8\u7ec6\u8282\u56fe1-48x48.jpg 48w, https:\/\/seppeschina.com\/wp-content\/uploads\/2021\/03\/\u9ec4\u8272\u5806\u79ef\u95e8\u7ec6\u8282\u56fe1-96x96.jpg 96w, https:\/\/seppeschina.com\/wp-content\/uploads\/2021\/03\/\u9ec4\u8272\u5806\u79ef\u95e8\u7ec6\u8282\u56fe1-364x364.jpg 364w, https:\/\/seppeschina.com\/wp-content\/uploads\/2021\/03\/\u9ec4\u8272\u5806\u79ef\u95e8\u7ec6\u8282\u56fe1-50x50.jpg 50w, https:\/\/seppeschina.com\/wp-content\/uploads\/2021\/03\/\u9ec4\u8272\u5806\u79ef\u95e8\u7ec6\u8282\u56fe1-110x110.jpg 110w, https:\/\/seppeschina.com\/wp-content\/uploads\/2021\/03\/\u9ec4\u8272\u5806\u79ef\u95e8\u7ec6\u8282\u56fe1-275x275.jpg 275w, https:\/\/seppeschina.com\/wp-content\/uploads\/2021\/03\/\u9ec4\u8272\u5806\u79ef\u95e8\u7ec6\u8282\u56fe1-480x480.jpg 480w, https:\/\/seppeschina.com\/wp-content\/uploads\/2021\/03\/\u9ec4\u8272\u5806\u79ef\u95e8\u7ec6\u8282\u56fe1-550x550.jpg 550w\" sizes=\"auto, (max-width: 600px) 100vw, 600px\" \/><\/p>\n<h3><span style=\"color: #3366ff;\">T\u00fcr\u00f6ffnungsarten<\/span><\/h3>\n<p>Wir haben standardm\u00e4\u00dfige beidseitige Handtaster, optional Radar, Geomagnetik, Zugkette, Fernbedienung, Rei\u00dfverschluss-Bluetooth, etc.<\/p>\n<p><img loading=\"lazy\" decoding=\"async\" class=\"aligncenter wp-image-10101\" src=\"https:\/\/seppeschina.com\/wp-content\/uploads\/2019\/04\/750750.jpg\" alt=\"\" width=\"600\" height=\"600\" srcset=\"https:\/\/seppeschina.com\/wp-content\/uploads\/2019\/04\/750750.jpg 750w, https:\/\/seppeschina.com\/wp-content\/uploads\/2019\/04\/750750-360x360.jpg 360w, https:\/\/seppeschina.com\/wp-content\/uploads\/2019\/04\/750750-100x100.jpg 100w, https:\/\/seppeschina.com\/wp-content\/uploads\/2019\/04\/750750-600x600.jpg 600w, https:\/\/seppeschina.com\/wp-content\/uploads\/2019\/04\/750750-300x300.jpg 300w, https:\/\/seppeschina.com\/wp-content\/uploads\/2019\/04\/750750-150x150.jpg 150w, https:\/\/seppeschina.com\/wp-content\/uploads\/2019\/04\/750750-24x24.jpg 24w, https:\/\/seppeschina.com\/wp-content\/uploads\/2019\/04\/750750-48x48.jpg 48w, https:\/\/seppeschina.com\/wp-content\/uploads\/2019\/04\/750750-96x96.jpg 96w, https:\/\/seppeschina.com\/wp-content\/uploads\/2019\/04\/750750-364x364.jpg 364w, https:\/\/seppeschina.com\/wp-content\/uploads\/2019\/04\/750750-50x50.jpg 50w, https:\/\/seppeschina.com\/wp-content\/uploads\/2019\/04\/750750-110x110.jpg 110w, https:\/\/seppeschina.com\/wp-content\/uploads\/2019\/04\/750750-275x275.jpg 275w, https:\/\/seppeschina.com\/wp-content\/uploads\/2019\/04\/750750-480x480.jpg 480w, https:\/\/seppeschina.com\/wp-content\/uploads\/2019\/04\/750750-550x550.jpg 550w\" sizes=\"auto, (max-width: 600px) 100vw, 600px\" \/><\/p>\n<h3><span style=\"color: #3366ff;\">Farbauswahl<\/span><\/h3>\n<p><strong>Blau<\/strong>: RAL:<span class=\"magic-25\" data-spm-anchor-id=\"a2700.details.pronpeci14.i0.3aea5170eoKBGW\">5002; <strong>Gelb<\/strong>: RAL:1003; <strong>Rot<\/strong>: RAL:3002; <\/span><span class=\"magic-25\" data-spm-anchor-id=\"a2700.details.pronpeci14.i0.3aea5170eoKBGW\"><strong>Wei\u00df<\/strong>: RAL:9003; <strong>Grau: <\/strong><span class=\"magic-24\" data-spm-anchor-id=\"a2700.details.pronpeci14.i4.3aea5170eoKBGW\">RAL:<\/span>9006<\/span><\/p>\n<p><img loading=\"lazy\" decoding=\"async\" class=\"aligncenter wp-image-10104\" src=\"https:\/\/seppeschina.com\/wp-content\/uploads\/2019\/04\/COLOR-1.jpg\" alt=\"\" width=\"600\" height=\"600\" srcset=\"https:\/\/seppeschina.com\/wp-content\/uploads\/2019\/04\/COLOR-1.jpg 750w, https:\/\/seppeschina.com\/wp-content\/uploads\/2019\/04\/COLOR-1-360x360.jpg 360w, https:\/\/seppeschina.com\/wp-content\/uploads\/2019\/04\/COLOR-1-100x100.jpg 100w, https:\/\/seppeschina.com\/wp-content\/uploads\/2019\/04\/COLOR-1-600x600.jpg 600w, https:\/\/seppeschina.com\/wp-content\/uploads\/2019\/04\/COLOR-1-300x300.jpg 300w, https:\/\/seppeschina.com\/wp-content\/uploads\/2019\/04\/COLOR-1-150x150.jpg 150w, https:\/\/seppeschina.com\/wp-content\/uploads\/2019\/04\/COLOR-1-24x24.jpg 24w, https:\/\/seppeschina.com\/wp-content\/uploads\/2019\/04\/COLOR-1-48x48.jpg 48w, https:\/\/seppeschina.com\/wp-content\/uploads\/2019\/04\/COLOR-1-96x96.jpg 96w, https:\/\/seppeschina.com\/wp-content\/uploads\/2019\/04\/COLOR-1-364x364.jpg 364w, https:\/\/seppeschina.com\/wp-content\/uploads\/2019\/04\/COLOR-1-50x50.jpg 50w, https:\/\/seppeschina.com\/wp-content\/uploads\/2019\/04\/COLOR-1-110x110.jpg 110w, https:\/\/seppeschina.com\/wp-content\/uploads\/2019\/04\/COLOR-1-275x275.jpg 275w, https:\/\/seppeschina.com\/wp-content\/uploads\/2019\/04\/COLOR-1-480x480.jpg 480w, https:\/\/seppeschina.com\/wp-content\/uploads\/2019\/04\/COLOR-1-550x550.jpg 550w\" sizes=\"auto, (max-width: 600px) 100vw, 600px\" \/><\/p>\n<h3><span style=\"color: #3366ff;\">Warum uns w\u00e4hlen<\/span><\/h3>\n<p><img loading=\"lazy\" decoding=\"async\" class=\"aligncenter wp-image-9998\" src=\"https:\/\/seppeschina.com\/wp-content\/uploads\/2019\/04\/why-choose-us.jpg\" alt=\"\" width=\"600\" height=\"600\" srcset=\"https:\/\/seppeschina.com\/wp-content\/uploads\/2019\/04\/why-choose-us.jpg 750w, https:\/\/seppeschina.com\/wp-content\/uploads\/2019\/04\/why-choose-us-360x360.jpg 360w, https:\/\/seppeschina.com\/wp-content\/uploads\/2019\/04\/why-choose-us-100x100.jpg 100w, https:\/\/seppeschina.com\/wp-content\/uploads\/2019\/04\/why-choose-us-600x600.jpg 600w, https:\/\/seppeschina.com\/wp-content\/uploads\/2019\/04\/why-choose-us-300x300.jpg 300w, https:\/\/seppeschina.com\/wp-content\/uploads\/2019\/04\/why-choose-us-150x150.jpg 150w, https:\/\/seppeschina.com\/wp-content\/uploads\/2019\/04\/why-choose-us-24x24.jpg 24w, https:\/\/seppeschina.com\/wp-content\/uploads\/2019\/04\/why-choose-us-48x48.jpg 48w, https:\/\/seppeschina.com\/wp-content\/uploads\/2019\/04\/why-choose-us-96x96.jpg 96w, https:\/\/seppeschina.com\/wp-content\/uploads\/2019\/04\/why-choose-us-364x364.jpg 364w, https:\/\/seppeschina.com\/wp-content\/uploads\/2019\/04\/why-choose-us-50x50.jpg 50w, https:\/\/seppeschina.com\/wp-content\/uploads\/2019\/04\/why-choose-us-110x110.jpg 110w, https:\/\/seppeschina.com\/wp-content\/uploads\/2019\/04\/why-choose-us-275x275.jpg 275w, https:\/\/seppeschina.com\/wp-content\/uploads\/2019\/04\/why-choose-us-480x480.jpg 480w, https:\/\/seppeschina.com\/wp-content\/uploads\/2019\/04\/why-choose-us-550x550.jpg 550w\" sizes=\"auto, (max-width: 600px) 100vw, 600px\" \/><\/p>\n<h3><span style=\"color: #3366ff;\"><strong><b>Unternehmensprofil<\/b><\/strong><\/span><\/h3>\n<p><strong><b>Seppes Door Industry (Suzhou) Co., Ltd.<\/b><\/strong> wurde 2011 gegr\u00fcndet und ist ein Produktions- und Handelsunternehmen mit 9 Jahren Erfahrung. Unsere Hauptprodukte sind Hochgeschwindigkeitstore, Hochgeschwindigkeits-Stapeltore, automatische Rolltore, Kombinationstore, etc.<\/p>\n<p><img loading=\"lazy\" decoding=\"async\" class=\"aligncenter wp-image-9951\" src=\"https:\/\/seppeschina.com\/wp-content\/uploads\/2019\/04\/company.jpg\" alt=\"\" width=\"600\" height=\"600\" srcset=\"https:\/\/seppeschina.com\/wp-content\/uploads\/2019\/04\/company.jpg 750w, https:\/\/seppeschina.com\/wp-content\/uploads\/2019\/04\/company-360x360.jpg 360w, https:\/\/seppeschina.com\/wp-content\/uploads\/2019\/04\/company-100x100.jpg 100w, https:\/\/seppeschina.com\/wp-content\/uploads\/2019\/04\/company-600x600.jpg 600w, https:\/\/seppeschina.com\/wp-content\/uploads\/2019\/04\/company-150x150.jpg 150w, https:\/\/seppeschina.com\/wp-content\/uploads\/2019\/04\/company-300x300.jpg 300w, https:\/\/seppeschina.com\/wp-content\/uploads\/2019\/04\/company-24x24.jpg 24w, https:\/\/seppeschina.com\/wp-content\/uploads\/2019\/04\/company-48x48.jpg 48w, https:\/\/seppeschina.com\/wp-content\/uploads\/2019\/04\/company-96x96.jpg 96w, https:\/\/seppeschina.com\/wp-content\/uploads\/2019\/04\/company-364x364.jpg 364w, https:\/\/seppeschina.com\/wp-content\/uploads\/2019\/04\/company-50x50.jpg 50w, https:\/\/seppeschina.com\/wp-content\/uploads\/2019\/04\/company-110x110.jpg 110w, https:\/\/seppeschina.com\/wp-content\/uploads\/2019\/04\/company-275x275.jpg 275w, https:\/\/seppeschina.com\/wp-content\/uploads\/2019\/04\/company-480x480.jpg 480w, https:\/\/seppeschina.com\/wp-content\/uploads\/2019\/04\/company-550x550.jpg 550w\" sizes=\"auto, (max-width: 600px) 100vw, 600px\" \/><\/p>\n<h3><span style=\"color: #3366ff;\"><strong><b>Fabrikpr\u00e4sentation\u00a0\u00a0<\/b><\/strong><\/span><\/h3>\n<p>Dies ist unsere Werksausstellung. Sie verf\u00fcgt \u00fcber eine professionelle Produktionsst\u00e4tte von mehr als 17.500 Quadratmetern, und die redundante automatisierte Produktionslinie ist f\u00fcr kundenspezifische Montageger\u00e4te ausgelegt, um den vielf\u00e4ltigen Anforderungen an schnelle standardisierte Produktion und personalisierte individuelle Fertigung gerecht zu werden.<\/p>\n<p><img loading=\"lazy\" decoding=\"async\" class=\"aligncenter wp-image-9877\" src=\"https:\/\/seppeschina.com\/wp-content\/uploads\/2019\/04\/\u5de5\u5382\u5c55\u793a.jpg\" alt=\"\" width=\"600\" height=\"600\" srcset=\"https:\/\/seppeschina.com\/wp-content\/uploads\/2019\/04\/\u5de5\u5382\u5c55\u793a.jpg 750w, https:\/\/seppeschina.com\/wp-content\/uploads\/2019\/04\/\u5de5\u5382\u5c55\u793a-360x360.jpg 360w, https:\/\/seppeschina.com\/wp-content\/uploads\/2019\/04\/\u5de5\u5382\u5c55\u793a-100x100.jpg 100w, https:\/\/seppeschina.com\/wp-content\/uploads\/2019\/04\/\u5de5\u5382\u5c55\u793a-600x600.jpg 600w, https:\/\/seppeschina.com\/wp-content\/uploads\/2019\/04\/\u5de5\u5382\u5c55\u793a-150x150.jpg 150w, https:\/\/seppeschina.com\/wp-content\/uploads\/2019\/04\/\u5de5\u5382\u5c55\u793a-300x300.jpg 300w, https:\/\/seppeschina.com\/wp-content\/uploads\/2019\/04\/\u5de5\u5382\u5c55\u793a-24x24.jpg 24w, https:\/\/seppeschina.com\/wp-content\/uploads\/2019\/04\/\u5de5\u5382\u5c55\u793a-48x48.jpg 48w, https:\/\/seppeschina.com\/wp-content\/uploads\/2019\/04\/\u5de5\u5382\u5c55\u793a-96x96.jpg 96w, https:\/\/seppeschina.com\/wp-content\/uploads\/2019\/04\/\u5de5\u5382\u5c55\u793a-364x364.jpg 364w, https:\/\/seppeschina.com\/wp-content\/uploads\/2019\/04\/\u5de5\u5382\u5c55\u793a-50x50.jpg 50w, https:\/\/seppeschina.com\/wp-content\/uploads\/2019\/04\/\u5de5\u5382\u5c55\u793a-110x110.jpg 110w, https:\/\/seppeschina.com\/wp-content\/uploads\/2019\/04\/\u5de5\u5382\u5c55\u793a-275x275.jpg 275w, https:\/\/seppeschina.com\/wp-content\/uploads\/2019\/04\/\u5de5\u5382\u5c55\u793a-480x480.jpg 480w, https:\/\/seppeschina.com\/wp-content\/uploads\/2019\/04\/\u5de5\u5382\u5c55\u793a-550x550.jpg 550w\" sizes=\"auto, (max-width: 600px) 100vw, 600px\" \/><\/p>\n<h3><span style=\"color: #3366ff;\">Kundenfotos<\/span><\/h3>\n<p><img loading=\"lazy\" decoding=\"async\" class=\"aligncenter wp-image-11605 size-full\" src=\"https:\/\/seppeschina.com\/wp-content\/uploads\/2021\/03\/seppes-door7.gif\" alt=\"\" width=\"600\" height=\"338\"><\/p>\n<h3><span style=\"color: #3366ff;\"><strong><b>Unsere Partner<\/b><\/strong><\/span><\/h3>\n<p>&nbsp;<\/p>\n<p><img loading=\"lazy\" decoding=\"async\" class=\"aligncenter wp-image-11608 size-full\" src=\"https:\/\/seppeschina.com\/wp-content\/uploads\/2021\/03\/seppes-door10.gif\" alt=\"\" width=\"600\" height=\"491\"><\/p>\n<h3><span style=\"color: #3366ff;\"><strong><b>Vorteile<\/b><\/strong><\/span><\/h3>\n<p><img decoding=\"async\" class=\"aligncenter\" src=\"https:\/\/seppeschina.com\/wp-content\/uploads\/2021\/04\/%E5%A0%86%E7%A7%AF%E5%BF%AB%E9%80%9F%E9%97%A8_02.jpg\" alt=\"\"><\/p>\n<p>1.<strong><b>Praktisch<\/b><\/strong>: Innovatives Mensch-Maschine-Schnittstellendesign; benutzerfreundliche und wartungsfreundliche Schnittstelle.<br \/>\n2.<strong><b>Schnell<\/b><\/strong>: Hunderte t\u00e4gliche \u00d6ffnungs- und Schlie\u00dfvorg\u00e4nge; 1,0-1,2m\/s \u00d6ffnungsgeschwindigkeit.<br \/>\n3.<strong><b>Robust<\/b><\/strong>: Verwendung von Hochfestem PVC-Gewebevorhang importierter Marken mit selbstreinigender Oberfl\u00e4che.<br \/>\n4.<strong><b>Luftdicht<\/b><\/strong>: Ausgestattet mit einer innovativen doppelreihigen Kassetten-Dichtungsb\u00fcrste.<br \/>\n5.<strong><b>Stabil<\/b><\/strong>: Ausgestattet mit deutschem Markensteuerungssystem; Servo-Hochpr\u00e4zisions-Antriebseinheit.<br \/>\n6.<strong><b>Intelligent<\/b><\/strong>: Integrierter IoT-Smart-Chip f\u00fcr eine integrierte, intelligente und leistungsstarke L\u00f6sung.<br \/>\n7.<strong><b>\u00c4sthetisch<\/b><\/strong>: Verwendung von automatischer Laserschneidtechnik und Pr\u00e4zisionst\u00fcrrahmenkomponenten.<br \/>\n8.<strong><b>Sicher<\/b><\/strong>: Standard-Infrarot-Anti-Quetsch-Sicherheitsvorrichtung.<\/p>\n<h3><span style=\"color: #3366ff;\"><strong><b>Anwendungen<\/b><\/strong><\/span><\/h3>\n<p>Dies ist eine Vielzahl von Schnelltoren, die wir tats\u00e4chlich in Unternehmen einsetzen, darunter die Branchen Pharma, Elektronik, Lebensmittel, Chemie, Automobil, Textil, Druck und Logistik.<\/p>\n<p><img loading=\"lazy\" decoding=\"async\" class=\"aligncenter wp-image-11612 size-full\" src=\"https:\/\/seppeschina.com\/wp-content\/uploads\/2021\/03\/seppes-door2.jpg\" alt=\"\" width=\"600\" height=\"723\" srcset=\"https:\/\/seppeschina.com\/wp-content\/uploads\/2021\/03\/seppes-door2.jpg 600w, https:\/\/seppeschina.com\/wp-content\/uploads\/2021\/03\/seppes-door2-360x434.jpg 360w, https:\/\/seppeschina.com\/wp-content\/uploads\/2021\/03\/seppes-door2-249x300.jpg 249w, https:\/\/seppeschina.com\/wp-content\/uploads\/2021\/03\/seppes-door2-456x550.jpg 456w\" sizes=\"auto, (max-width: 600px) 100vw, 600px\" \/><\/p>\n<h3><span style=\"color: #3366ff;\"><strong><b>Lieferung &amp; Verpackung<\/b><\/strong><\/span><\/h3>\n<div><b><span class=\"magic-28\" data-spm-anchor-id=\"a2700.wholesale.pronpeci14.i1.279a24cb2YGapr\">Schneller und sicherer <\/span><\/b><\/div>\n<div>Drei Transportarten. Um die Sicherheit Ihrer Ware besser zu gew\u00e4hrleisten, werden professionelle, umweltfreundliche, bequeme und effiziente Verpackungsdienstleistungen bereitgestellt.<\/div>\n<p><img loading=\"lazy\" decoding=\"async\" class=\"aligncenter wp-image-9880\" src=\"https:\/\/seppeschina.com\/wp-content\/uploads\/2019\/04\/shipping.jpg\" alt=\"\" width=\"600\" height=\"600\" srcset=\"https:\/\/seppeschina.com\/wp-content\/uploads\/2019\/04\/shipping.jpg 750w, https:\/\/seppeschina.com\/wp-content\/uploads\/2019\/04\/shipping-360x360.jpg 360w, https:\/\/seppeschina.com\/wp-content\/uploads\/2019\/04\/shipping-100x100.jpg 100w, https:\/\/seppeschina.com\/wp-content\/uploads\/2019\/04\/shipping-600x600.jpg 600w, https:\/\/seppeschina.com\/wp-content\/uploads\/2019\/04\/shipping-150x150.jpg 150w, https:\/\/seppeschina.com\/wp-content\/uploads\/2019\/04\/shipping-300x300.jpg 300w, https:\/\/seppeschina.com\/wp-content\/uploads\/2019\/04\/shipping-24x24.jpg 24w, https:\/\/seppeschina.com\/wp-content\/uploads\/2019\/04\/shipping-48x48.jpg 48w, https:\/\/seppeschina.com\/wp-content\/uploads\/2019\/04\/shipping-96x96.jpg 96w, https:\/\/seppeschina.com\/wp-content\/uploads\/2019\/04\/shipping-364x364.jpg 364w, https:\/\/seppeschina.com\/wp-content\/uploads\/2019\/04\/shipping-50x50.jpg 50w, https:\/\/seppeschina.com\/wp-content\/uploads\/2019\/04\/shipping-110x110.jpg 110w, https:\/\/seppeschina.com\/wp-content\/uploads\/2019\/04\/shipping-275x275.jpg 275w, https:\/\/seppeschina.com\/wp-content\/uploads\/2019\/04\/shipping-480x480.jpg 480w, https:\/\/seppeschina.com\/wp-content\/uploads\/2019\/04\/shipping-550x550.jpg 550w\" sizes=\"auto, (max-width: 600px) 100vw, 600px\" \/><\/p>\n<h3><span style=\"color: #3366ff;\">FAQ<\/span><\/h3>\n<p><strong>F: Welche Art von Motor hat das Hochgeschwindigkeitstor?<\/strong><\/p>\n<p>A: Servomotor, 220V- 0,75 KW- 50HZ-1 Phrase<\/p>\n<p><b data-spm-anchor-id=\"a2700.custom-template.0.i72.27b43333dfASdI\">F: Aus welchem Material ist der Rahmen des Hochgeschwindigkeitstores?<\/b><\/p>\n<p>A: Lackierter Stahltorrahmen, SUS304-Torrahmen, Aluminiumlegierungs-Torrahmen.<\/p>\n<p><b><span data-spm-anchor-id=\"a2700.custom-template.0.i5.27b43333UNBSMa\">F: Wie hoch ist der Preis f\u00fcr ein Hochgeschwindigkeitstor?<\/span><\/b><\/p>\n<p>A: H\u00e4ngt von der Gr\u00f6\u00dfe und weiteren Ausstattungen ab.<\/p>\n<p><b><span data-spm-anchor-id=\"a2700.custom-template.0.i4.27b43333UNBSMa\">F: F\u00fcr welche Art von Einsatzorten eignen sich Hochgeschwindigkeitstore?<\/span><\/b><\/p>\n<p>A: Weit verbreitet in gro\u00dfen Lagerhallen und Werkst\u00e4tten mit gro\u00dfen Tor\u00f6ffnungen<\/p>\n<p><b><span data-spm-anchor-id=\"a2700.custom-template.0.i7.27b43333UNBSMa\">F: Wie lange kann das Hochgeschwindigkeitstor genutzt werden?<\/span><\/b><\/p>\n<p>A: 8-10 Jahre<\/p>\n<p><b>F: K\u00f6nnen wir das Hochgeschwindigkeitstor selbst installieren?<\/b><\/p>\n<p>A: Ja, sehr einfach. Wir k\u00f6nnen englische Installationsanleitungen und Videos bereitstellen.<\/p>\n<p><b><span data-spm-anchor-id=\"a2700.custom-template.0.i93.27b43333dfASdI\">F: Was sind die automatischen \/ intelligenten \u00d6ffnungsmethoden des Hochgeschwindigkeitstores?<\/span><\/b><\/p>\n<p>A: Handtaster, automatische Bewegungssensoren, Induktionsschleifen, Zugschalter, Kartenleser, Anbindung an SPS oder AGV.<\/p>\n\n<div class=\"wpcf7 no-js\" id=\"wpcf7-f1555-o1\" lang=\"en-US\" dir=\"ltr\" data-wpcf7-id=\"1555\">\n<div class=\"screen-reader-response\"><p role=\"status\" aria-live=\"polite\" aria-atomic=\"true\"><\/p> <ul><\/ul><\/div>\n<form action=\"\/de\/wp-json\/wp\/v2\/product\/11215#wpcf7-f1555-o1\" method=\"post\" class=\"wpcf7-form init\" aria-label=\"Contact form\" novalidate=\"novalidate\" data-status=\"init\" data-trp-original-action=\"\/de\/wp-json\/wp\/v2\/product\/11215#wpcf7-f1555-o1\">\n<fieldset class=\"hidden-fields-container\"><input type=\"hidden\" name=\"_wpcf7\" value=\"1555\" \/><input type=\"hidden\" name=\"_wpcf7_version\" value=\"6.1.4\" \/><input type=\"hidden\" name=\"_wpcf7_locale\" value=\"en_US\" \/><input type=\"hidden\" name=\"_wpcf7_unit_tag\" value=\"wpcf7-f1555-o1\" \/><input type=\"hidden\" name=\"_wpcf7_container_post\" value=\"0\" \/><input type=\"hidden\" name=\"_wpcf7_posted_data_hash\" value=\"\" \/><input type=\"hidden\" name=\"_wpcf7_recaptcha_response\" value=\"\" \/>\n<\/fieldset>\n<div class=\"hunkcf71\">\n\t<p class=\"cf7-title\" style=\"font-size:25px;\"><i class=\"fa fa-envelope-o\"><\/i> Wir werden Ihre E-Mail in K\u00fcrze beantworten!\n\t<\/p>\n\t<p><span class=\"wpcf7-form-control-wrap\" data-name=\"text-737\"><input size=\"40\" maxlength=\"400\" class=\"wpcf7-form-control wpcf7-text wpcf7-validates-as-required\" aria-required=\"true\" aria-invalid=\"false\" placeholder=\"Ihr Name*\" value=\"\" type=\"text\" name=\"text-737\" \/><\/span>\n\t<\/p>\n\t<p><span class=\"wpcf7-form-control-wrap\" data-name=\"email-193\"><input size=\"40\" maxlength=\"400\" class=\"wpcf7-form-control wpcf7-email wpcf7-validates-as-required wpcf7-text wpcf7-validates-as-email\" aria-required=\"true\" aria-invalid=\"false\" placeholder=\"E-Mail-Adresse*\" value=\"\" type=\"email\" name=\"email-193\" \/><\/span>\n\t<\/p>\n\t<p><span class=\"wpcf7-form-control-wrap\" data-name=\"text-738\"><input size=\"40\" maxlength=\"400\" class=\"wpcf7-form-control wpcf7-text\" aria-invalid=\"false\" placeholder=\"Telefonnummer\" value=\"\" type=\"text\" name=\"text-738\" \/><\/span>\n\t<\/p>\n\t<p><span class=\"wpcf7-form-control-wrap\" data-name=\"textarea-837\"><textarea cols=\"40\" rows=\"10\" maxlength=\"2000\" class=\"wpcf7-form-control wpcf7-textarea wpcf7-validates-as-required\" aria-required=\"true\" aria-invalid=\"false\" placeholder=\"Teilen Sie uns Ihren Bedarf so konkret wie m\u00f6glich mit*\" name=\"textarea-837\"><\/textarea><\/span>\n\t<\/p>\n\t<p><input class=\"wpcf7-form-control wpcf7-submit has-spinner\" type=\"submit\" value=\"Senden\" \/>\n\t<\/p>\n<\/div><div class=\"wpcf7-response-output\" aria-hidden=\"true\"><\/div>\n<input type=\"hidden\" name=\"trp-form-language\" value=\"de\"\/><\/form>\n<\/div>\n\n<\/div>\n<\/div>","protected":false},"excerpt":{"rendered":"<p><strong>Durch den Gurt aufgestapelt, geeignet f\u00fcr gro\u00dfe \u00d6ffnungen und verwendet unter hohem Winddruck, um den Bedarf an h\u00e4ufiger \u00d6ffnung zu erf\u00fcllen.<\/strong><\/p>","protected":false},"featured_media":12034,"comment_status":"open","ping_status":"closed","template":"","meta":[],"product_brand":[],"product_cat":[316],"product_tag":[320],"class_list":{"0":"post-11215","1":"product","2":"type-product","3":"status-publish","4":"has-post-thumbnail","6":"product_cat-high-speed-stacking-door","7":"product_tag-high-speed-stacking-door","10":"first","11":"instock","12":"shipping-taxable","13":"product-type-simple"},"_links":{"self":[{"href":"https:\/\/seppeschina.com\/de\/wp-json\/wp\/v2\/product\/11215","targetHints":{"allow":["GET"]}}],"collection":[{"href":"https:\/\/seppeschina.com\/de\/wp-json\/wp\/v2\/product"}],"about":[{"href":"https:\/\/seppeschina.com\/de\/wp-json\/wp\/v2\/types\/product"}],"replies":[{"embeddable":true,"href":"https:\/\/seppeschina.com\/de\/wp-json\/wp\/v2\/comments?post=11215"}],"wp:featuredmedia":[{"embeddable":true,"href":"https:\/\/seppeschina.com\/de\/wp-json\/wp\/v2\/media\/12034"}],"wp:attachment":[{"href":"https:\/\/seppeschina.com\/de\/wp-json\/wp\/v2\/media?parent=11215"}],"wp:term":[{"taxonomy":"product_brand","embeddable":true,"href":"https:\/\/seppeschina.com\/de\/wp-json\/wp\/v2\/product_brand?post=11215"},{"taxonomy":"product_cat","embeddable":true,"href":"https:\/\/seppeschina.com\/de\/wp-json\/wp\/v2\/product_cat?post=11215"},{"taxonomy":"product_tag","embeddable":true,"href":"https:\/\/seppeschina.com\/de\/wp-json\/wp\/v2\/product_tag?post=11215"}],"curies":[{"name":"wp","href":"https:\/\/api.w.org\/{rel}","templated":true}]}}