{"id":11262,"date":"2021-03-05T17:32:23","date_gmt":"2021-03-05T09:32:23","guid":{"rendered":"https:\/\/seppeschina.com\/?post_type=product&#038;p=11262"},"modified":"2025-05-19T15:51:45","modified_gmt":"2025-05-19T07:51:45","slug":"seppes-schwarze-hydraulische-laderampe-dl-220","status":"publish","type":"product","link":"https:\/\/seppeschina.com\/de\/product\/seppes-black-hydraulic-dock-leveler-dl-220\/","title":{"rendered":"SEPPES Schwarzer Hydraulischer Ladedocknivellierer DL-220"},"content":{"rendered":"<div class=\"J_module\">\n<h3 data-section=\"AliMagic-umg0h2\" data-section-title=\"Products Description\" data-spm-anchor-id=\"a2700.details.0.i25.5a551fefHAERHr\">Hydraulischer Ladedocknivellierer<\/h3>\n<p><img loading=\"lazy\" decoding=\"async\" class=\"aligncenter size-full wp-image-11265\" src=\"https:\/\/seppeschina.com\/wp-content\/uploads\/2021\/03\/d2b440a2848695b888639ae08a09d3a-e1614932937894.png\" alt=\"\" width=\"750\" height=\"750\" srcset=\"https:\/\/seppeschina.com\/wp-content\/uploads\/2021\/03\/d2b440a2848695b888639ae08a09d3a-e1614932937894.png 750w, https:\/\/seppeschina.com\/wp-content\/uploads\/2021\/03\/d2b440a2848695b888639ae08a09d3a-e1614932937894-360x360.png 360w, https:\/\/seppeschina.com\/wp-content\/uploads\/2021\/03\/d2b440a2848695b888639ae08a09d3a-e1614932937894-100x100.png 100w, https:\/\/seppeschina.com\/wp-content\/uploads\/2021\/03\/d2b440a2848695b888639ae08a09d3a-e1614932937894-600x600.png 600w\" sizes=\"auto, (max-width: 750px) 100vw, 750px\" \/><\/p>\n<h3>Beschreibung<\/h3>\n<p>(1) Borax-Behandlung der Stahloberfl\u00e4che.<br \/>\n(2) Verwendung von Einbrennlack-Technologie, gute Korrosionsbest\u00e4ndigkeit.<br \/>\n(3) Der Abstand zwischen der Rampenbahn und dem vorderen Tr\u00e4ger (25 mm) bietet effektiven Sicherheitsschutz.<br \/>\n(4) Das Verbindungsscharnier zwischen Plattform und Einfahrtsbahn verf\u00fcgt \u00fcber Selbstreinigungsf\u00e4higkeit.<br \/>\n(5) Die L\u00e4nge der Einfahrtsrampe ist einstellbar und erm\u00f6glicht eine komfortablere Anwendung.<br \/>\n(6) Der Einfahrtsbahn-Tr\u00e4ger ist sehr stabil und erm\u00f6glicht im geschlossenen Zustand sichere seitliche Bewegungen auf der Plattform.<br \/>\n(7) Der Luftbalg des Seitenschutzes verhindert, dass Wartungspersonal w\u00e4hrend der Arbeit in den Spalt zwischen Plattform und Grube tritt, was einen guten Schutz bietet.<\/p>\n<p><img loading=\"lazy\" decoding=\"async\" class=\"aligncenter wp-image-11098\" src=\"https:\/\/seppeschina.com\/wp-content\/uploads\/2021\/02\/\u6d77\u7ef5\u95e8\u5c011.png\" alt=\"\" width=\"600\" height=\"600\" srcset=\"https:\/\/seppeschina.com\/wp-content\/uploads\/2021\/02\/\u6d77\u7ef5\u95e8\u5c011.png 750w, https:\/\/seppeschina.com\/wp-content\/uploads\/2021\/02\/\u6d77\u7ef5\u95e8\u5c011-360x360.png 360w, https:\/\/seppeschina.com\/wp-content\/uploads\/2021\/02\/\u6d77\u7ef5\u95e8\u5c011-100x100.png 100w, https:\/\/seppeschina.com\/wp-content\/uploads\/2021\/02\/\u6d77\u7ef5\u95e8\u5c011-600x600.png 600w, https:\/\/seppeschina.com\/wp-content\/uploads\/2021\/02\/\u6d77\u7ef5\u95e8\u5c011-300x300.png 300w, https:\/\/seppeschina.com\/wp-content\/uploads\/2021\/02\/\u6d77\u7ef5\u95e8\u5c011-150x150.png 150w, https:\/\/seppeschina.com\/wp-content\/uploads\/2021\/02\/\u6d77\u7ef5\u95e8\u5c011-24x24.png 24w, https:\/\/seppeschina.com\/wp-content\/uploads\/2021\/02\/\u6d77\u7ef5\u95e8\u5c011-48x48.png 48w, https:\/\/seppeschina.com\/wp-content\/uploads\/2021\/02\/\u6d77\u7ef5\u95e8\u5c011-96x96.png 96w, https:\/\/seppeschina.com\/wp-content\/uploads\/2021\/02\/\u6d77\u7ef5\u95e8\u5c011-364x364.png 364w, https:\/\/seppeschina.com\/wp-content\/uploads\/2021\/02\/\u6d77\u7ef5\u95e8\u5c011-50x50.png 50w, https:\/\/seppeschina.com\/wp-content\/uploads\/2021\/02\/\u6d77\u7ef5\u95e8\u5c011-110x110.png 110w, https:\/\/seppeschina.com\/wp-content\/uploads\/2021\/02\/\u6d77\u7ef5\u95e8\u5c011-275x275.png 275w, https:\/\/seppeschina.com\/wp-content\/uploads\/2021\/02\/\u6d77\u7ef5\u95e8\u5c011-480x480.png 480w, https:\/\/seppeschina.com\/wp-content\/uploads\/2021\/02\/\u6d77\u7ef5\u95e8\u5c011-550x550.png 550w\" sizes=\"auto, (max-width: 600px) 100vw, 600px\" \/><\/p>\n<h3>Details<\/h3>\n<\/div>\n<div class=\"J_module\">\n<div class=\"ife-detail-decorate-table\"><img loading=\"lazy\" decoding=\"async\" class=\"aligncenter size-full wp-image-11839\" src=\"https:\/\/seppeschina.com\/wp-content\/uploads\/2021\/04\/\u88c5\u5378\u8d27\u5e73\u53f0_04.jpg\" alt=\"\" width=\"600\" height=\"82\" srcset=\"https:\/\/seppeschina.com\/wp-content\/uploads\/2021\/04\/\u88c5\u5378\u8d27\u5e73\u53f0_04.jpg 600w, https:\/\/seppeschina.com\/wp-content\/uploads\/2021\/04\/\u88c5\u5378\u8d27\u5e73\u53f0_04-360x49.jpg 360w, https:\/\/seppeschina.com\/wp-content\/uploads\/2021\/04\/\u88c5\u5378\u8d27\u5e73\u53f0_04-300x41.jpg 300w, https:\/\/seppeschina.com\/wp-content\/uploads\/2021\/04\/\u88c5\u5378\u8d27\u5e73\u53f0_04-550x75.jpg 550w\" sizes=\"auto, (max-width: 600px) 100vw, 600px\" \/><img loading=\"lazy\" decoding=\"async\" class=\"aligncenter size-full wp-image-11965\" src=\"https:\/\/seppeschina.com\/wp-content\/uploads\/2021\/04\/\u88c5\u5378\u8d27\u5e73\u53f0_05-1.jpg\" alt=\"\" width=\"600\" height=\"266\" srcset=\"https:\/\/seppeschina.com\/wp-content\/uploads\/2021\/04\/\u88c5\u5378\u8d27\u5e73\u53f0_05-1.jpg 600w, https:\/\/seppeschina.com\/wp-content\/uploads\/2021\/04\/\u88c5\u5378\u8d27\u5e73\u53f0_05-1-360x160.jpg 360w, https:\/\/seppeschina.com\/wp-content\/uploads\/2021\/04\/\u88c5\u5378\u8d27\u5e73\u53f0_05-1-300x133.jpg 300w, https:\/\/seppeschina.com\/wp-content\/uploads\/2021\/04\/\u88c5\u5378\u8d27\u5e73\u53f0_05-1-550x244.jpg 550w\" sizes=\"auto, (max-width: 600px) 100vw, 600px\" \/><\/div>\n<div><img decoding=\"async\" class=\"aligncenter\" src=\"https:\/\/seppeschina.com\/wp-content\/uploads\/2021\/04\/%E8%A3%85%E5%8D%B8%E8%B4%A7%E5%B9%B3%E5%8F%B0_03.jpg\" alt=\"\"><\/div>\n<div>Dies sind die 6 Details des hydraulischen Ladedocknivellierers, die zeigen, dass unsere Produkte nicht nur langlebig und sicher, sondern auch sehr n\u00fctzlich f\u00fcr die Steigerung der Logistikeffizienz sind. Wenn Ihr Werk einen hydraulischen Ladedocknivellierer installieren kann, nutzen Sie ihn bitte h\u00e4ufig.<\/div>\n<div class=\"ife-detail-decorate-table\">\n<h3><span class=\"magic-6\" data-spm-anchor-id=\"a2700.details.0.i27.5a551fefHAERHr\">S<\/span>Struktur<\/h3>\n<div class=\"J_module\">\n<div class=\"detail-decorate-json-renderer-container\">\n<div class=\"magic-20\">\n<div class=\"magic-21\">\n<div class=\"magic-22\">\n<div><img loading=\"lazy\" decoding=\"async\" class=\"aligncenter wp-image-11964\" src=\"https:\/\/seppeschina.com\/wp-content\/uploads\/2021\/03\/\u5fae\u4fe1\u56fe\u7247_20210414115653.png\" alt=\"\" width=\"600\" height=\"600\" srcset=\"https:\/\/seppeschina.com\/wp-content\/uploads\/2021\/03\/\u5fae\u4fe1\u56fe\u7247_20210414115653.png 750w, https:\/\/seppeschina.com\/wp-content\/uploads\/2021\/03\/\u5fae\u4fe1\u56fe\u7247_20210414115653-360x360.png 360w, https:\/\/seppeschina.com\/wp-content\/uploads\/2021\/03\/\u5fae\u4fe1\u56fe\u7247_20210414115653-100x100.png 100w, https:\/\/seppeschina.com\/wp-content\/uploads\/2021\/03\/\u5fae\u4fe1\u56fe\u7247_20210414115653-600x600.png 600w, https:\/\/seppeschina.com\/wp-content\/uploads\/2021\/03\/\u5fae\u4fe1\u56fe\u7247_20210414115653-300x300.png 300w, https:\/\/seppeschina.com\/wp-content\/uploads\/2021\/03\/\u5fae\u4fe1\u56fe\u7247_20210414115653-150x150.png 150w, https:\/\/seppeschina.com\/wp-content\/uploads\/2021\/03\/\u5fae\u4fe1\u56fe\u7247_20210414115653-24x24.png 24w, https:\/\/seppeschina.com\/wp-content\/uploads\/2021\/03\/\u5fae\u4fe1\u56fe\u7247_20210414115653-48x48.png 48w, https:\/\/seppeschina.com\/wp-content\/uploads\/2021\/03\/\u5fae\u4fe1\u56fe\u7247_20210414115653-96x96.png 96w, https:\/\/seppeschina.com\/wp-content\/uploads\/2021\/03\/\u5fae\u4fe1\u56fe\u7247_20210414115653-364x364.png 364w, https:\/\/seppeschina.com\/wp-content\/uploads\/2021\/03\/\u5fae\u4fe1\u56fe\u7247_20210414115653-50x50.png 50w, https:\/\/seppeschina.com\/wp-content\/uploads\/2021\/03\/\u5fae\u4fe1\u56fe\u7247_20210414115653-110x110.png 110w, https:\/\/seppeschina.com\/wp-content\/uploads\/2021\/03\/\u5fae\u4fe1\u56fe\u7247_20210414115653-275x275.png 275w, https:\/\/seppeschina.com\/wp-content\/uploads\/2021\/03\/\u5fae\u4fe1\u56fe\u7247_20210414115653-480x480.png 480w, https:\/\/seppeschina.com\/wp-content\/uploads\/2021\/03\/\u5fae\u4fe1\u56fe\u7247_20210414115653-550x550.png 550w\" sizes=\"auto, (max-width: 600px) 100vw, 600px\" \/><\/div>\n<\/div>\n<\/div>\n<\/div>\n<\/div>\n<\/div>\n<p><img loading=\"lazy\" decoding=\"async\" class=\"aligncenter wp-image-11929\" src=\"https:\/\/seppeschina.com\/wp-content\/uploads\/2021\/03\/dock-leveler-details3-1.jpg\" alt=\"\" width=\"600\" height=\"600\" srcset=\"https:\/\/seppeschina.com\/wp-content\/uploads\/2021\/03\/dock-leveler-details3-1.jpg 750w, https:\/\/seppeschina.com\/wp-content\/uploads\/2021\/03\/dock-leveler-details3-1-360x360.jpg 360w, https:\/\/seppeschina.com\/wp-content\/uploads\/2021\/03\/dock-leveler-details3-1-100x100.jpg 100w, https:\/\/seppeschina.com\/wp-content\/uploads\/2021\/03\/dock-leveler-details3-1-600x600.jpg 600w, https:\/\/seppeschina.com\/wp-content\/uploads\/2021\/03\/dock-leveler-details3-1-300x300.jpg 300w, https:\/\/seppeschina.com\/wp-content\/uploads\/2021\/03\/dock-leveler-details3-1-150x150.jpg 150w, https:\/\/seppeschina.com\/wp-content\/uploads\/2021\/03\/dock-leveler-details3-1-24x24.jpg 24w, https:\/\/seppeschina.com\/wp-content\/uploads\/2021\/03\/dock-leveler-details3-1-48x48.jpg 48w, https:\/\/seppeschina.com\/wp-content\/uploads\/2021\/03\/dock-leveler-details3-1-96x96.jpg 96w, https:\/\/seppeschina.com\/wp-content\/uploads\/2021\/03\/dock-leveler-details3-1-364x364.jpg 364w, https:\/\/seppeschina.com\/wp-content\/uploads\/2021\/03\/dock-leveler-details3-1-50x50.jpg 50w, https:\/\/seppeschina.com\/wp-content\/uploads\/2021\/03\/dock-leveler-details3-1-110x110.jpg 110w, https:\/\/seppeschina.com\/wp-content\/uploads\/2021\/03\/dock-leveler-details3-1-275x275.jpg 275w, https:\/\/seppeschina.com\/wp-content\/uploads\/2021\/03\/dock-leveler-details3-1-480x480.jpg 480w, https:\/\/seppeschina.com\/wp-content\/uploads\/2021\/03\/dock-leveler-details3-1-550x550.jpg 550w\" sizes=\"auto, (max-width: 600px) 100vw, 600px\" \/><\/p>\n<p>P1:<\/p>\n<div class=\"text-title\" data-id=\"right-title\"><b><span class=\"magic-14\" data-spm-anchor-id=\"a2700.details.0.i34.5a551fefHAERHr\">Steuereinheit<\/span><\/b><\/div>\n<div class=\"text-content\" data-id=\"right-content\">\n<div><b><span class=\"magic-6\">Einfach und langlebig<\/span><\/b><\/div>\n<p>Importiertes ausl\u00e4ndisches Steuerungssystem, die Steuerbox ist einfach zu bedienen.<\/p>\n<\/div>\n<div data-id=\"right-content\">\n<p>P2:<\/p>\n<div class=\"text-title\" data-id=\"left-title\"><span class=\"magic-14\" data-spm-anchor-id=\"a2700.details.0.i35.5a551fefHAERHr\">Motor<\/span><\/div>\n<div class=\"text-content\" data-id=\"left-content\">\n<div><b><span class=\"magic-6\">Schnell und stabil<\/span><\/b><\/div>\n<p><span class=\"magic-6\">Lange Lebensdauer, sehr schneller und stabiler Betrieb.<\/span><\/p>\n<\/div>\n<\/div>\n<div data-id=\"left-content\">\n<p>P3:<\/p>\n<div class=\"text-title\" data-id=\"right-title\"><span class=\"magic-14\" data-spm-anchor-id=\"a2700.details.0.i36.5a551fefHAERHr\">Installationsbedingungen<\/span><\/div>\n<div class=\"text-content\" data-id=\"right-content\">\n<p><span class=\"magic-6\"><b>Einfach, Schnell<\/b><\/span><\/p>\n<h3>Verwandte Produkte<\/h3>\n<p><img loading=\"lazy\" decoding=\"async\" class=\"aligncenter size-full wp-image-11966\" src=\"https:\/\/seppeschina.com\/wp-content\/uploads\/2021\/04\/%E8%A3%85%E5%8D%B8%E8%B4%A7%E5%B9%B3%E5%8F%B0_08.jpg\" sizes=\"auto, (max-width: 600px) 100vw, 600px\" srcset=\"https:\/\/seppeschina.com\/wp-content\/uploads\/2021\/04\/\u88c5\u5378\u8d27\u5e73\u53f0_08.jpg 600w, https:\/\/seppeschina.com\/wp-content\/uploads\/2021\/04\/\u88c5\u5378\u8d27\u5e73\u53f0_08-300x264.jpg 300w, https:\/\/seppeschina.com\/wp-content\/uploads\/2021\/04\/\u88c5\u5378\u8d27\u5e73\u53f0_08-360x317.jpg 360w, https:\/\/seppeschina.com\/wp-content\/uploads\/2021\/04\/\u88c5\u5378\u8d27\u5e73\u53f0_08-550x484.jpg 550w\" alt=\"\" width=\"600\" height=\"528\"><\/p>\n<div class=\"J_module\">\n<div class=\"ife-detail-decorate-table\">\n<div data-id=\"left-content\">\n<div class=\"text-content\" data-id=\"right-content\">\n<h3>Unternehmensprofil<\/h3>\n<h6>\u00dcber uns<\/h6>\n<p>Gegr\u00fcndet im Jahr 2011,<b>Seppes Door Industry(Suzhou)Co.,ltd<\/b>\u00a0ist ein Produktions- und Handelsunternehmen mit Sitz in Suzhou, Provinz Jiangsu in Festlandchina. Wir sind spezialisiert auf die Herstellung kompletter und ma\u00dfgeschneiderter L\u00f6sungen f\u00fcr Eingangst\u00fcrsysteme f\u00fcr Industriekunden, die Fabriken in einer staubfreien, ger\u00e4uscharmen, energieeffizienten, w\u00e4rmeisolierenden Umgebung halten oder andere Kundenanforderungen erf\u00fcllen. Unsere Hauptprodukte sind Hochgeschwindigkeitstore, Schnellrolltore, automatische Rolltore, Sektionaltore und so weiter.<\/p>\n<h3><b data-spm-anchor-id=\"a2700.details.pronpeci14.i1.54614b77C31x07\">Fabrikpr\u00e4sentation<\/b><\/h3>\n<p><img loading=\"lazy\" decoding=\"async\" class=\"aligncenter wp-image-11604 size-full\" src=\"https:\/\/seppeschina.com\/wp-content\/uploads\/2021\/03\/seppes-door6.gif\" alt=\"\" width=\"600\" height=\"358\"><\/p>\n<h3><b>Ausstellung<\/b><\/h3>\n<p>Dies ist ein Gruppenfoto, das von unseren internationalen Kunden bei einem Besuch unseres Unternehmens aufgenommen wurde, darunter aus den USA, Australien, Spanien, Chile, Israel und anderen L\u00e4ndern.<\/p>\n<p><img loading=\"lazy\" decoding=\"async\" class=\"aligncenter wp-image-11605 size-full\" src=\"https:\/\/seppeschina.com\/wp-content\/uploads\/2021\/03\/seppes-door7.gif\" alt=\"\" width=\"600\" height=\"338\"><\/p>\n<h3>Vorteile<\/h3>\n<p><img loading=\"lazy\" decoding=\"async\" class=\"aligncenter wp-image-12004 size-full\" src=\"https:\/\/seppeschina.com\/wp-content\/uploads\/2021\/02\/%E8%A3%85%E5%8D%B8%E8%B4%A7%E5%B9%B3%E5%8F%B0_02.jpg\" sizes=\"auto, (max-width: 600px) 100vw, 600px\" srcset=\"https:\/\/seppeschina.com\/wp-content\/uploads\/2021\/02\/\u88c5\u5378\u8d27\u5e73\u53f0_02.jpg 600w, https:\/\/seppeschina.com\/wp-content\/uploads\/2021\/02\/\u88c5\u5378\u8d27\u5e73\u53f0_02-287x300.jpg 287w, https:\/\/seppeschina.com\/wp-content\/uploads\/2021\/02\/\u88c5\u5378\u8d27\u5e73\u53f0_02-360x377.jpg 360w, https:\/\/seppeschina.com\/wp-content\/uploads\/2021\/02\/\u88c5\u5378\u8d27\u5e73\u53f0_02-24x24.jpg 24w, https:\/\/seppeschina.com\/wp-content\/uploads\/2021\/02\/\u88c5\u5378\u8d27\u5e73\u53f0_02-525x550.jpg 525w\" alt=\"\" width=\"600\" height=\"628\"><\/p>\n<h3>Kooperationsprojekt<\/h3>\n<p><img loading=\"lazy\" decoding=\"async\" class=\"aligncenter wp-image-11268\" src=\"https:\/\/seppeschina.com\/wp-content\/uploads\/2021\/03\/cooperate-project.jpg\" sizes=\"auto, (max-width: 600px) 100vw, 600px\" srcset=\"https:\/\/seppeschina.com\/wp-content\/uploads\/2021\/03\/cooperate-project.jpg 750w, https:\/\/seppeschina.com\/wp-content\/uploads\/2021\/03\/cooperate-project-300x242.jpg 300w, https:\/\/seppeschina.com\/wp-content\/uploads\/2021\/03\/cooperate-project-360x290.jpg 360w, https:\/\/seppeschina.com\/wp-content\/uploads\/2021\/03\/cooperate-project-600x484.jpg 600w, https:\/\/seppeschina.com\/wp-content\/uploads\/2021\/03\/cooperate-project-550x444.jpg 550w\" alt=\"\" width=\"600\" height=\"484\"><\/p>\n<h3>Unsere Partner<\/h3>\n<p>Wir sind kooperativer Lieferant f\u00fcr fast 60 Fortune-500-Unternehmen wie IKEA, Logitech, Fresenius, Akzo Nobel usw.<\/p>\n<p><img loading=\"lazy\" decoding=\"async\" class=\"aligncenter wp-image-11608 size-full\" src=\"https:\/\/seppeschina.com\/wp-content\/uploads\/2021\/03\/seppes-door10.gif\" alt=\"\" width=\"600\" height=\"491\"><\/p>\n<\/div>\n<\/div>\n<\/div>\n<\/div>\n<h3>Zertifizierungen<\/h3>\n<p><img loading=\"lazy\" decoding=\"async\" class=\"wp-image-9887 aligncenter\" src=\"https:\/\/seppeschina.com\/wp-content\/uploads\/2019\/04\/certification.jpg\" sizes=\"auto, (max-width: 600px) 100vw, 600px\" srcset=\"https:\/\/seppeschina.com\/wp-content\/uploads\/2019\/04\/certification.jpg 750w, https:\/\/seppeschina.com\/wp-content\/uploads\/2019\/04\/certification-150x150.jpg 150w, https:\/\/seppeschina.com\/wp-content\/uploads\/2019\/04\/certification-300x300.jpg 300w, https:\/\/seppeschina.com\/wp-content\/uploads\/2019\/04\/certification-360x360.jpg 360w, https:\/\/seppeschina.com\/wp-content\/uploads\/2019\/04\/certification-600x600.jpg 600w, https:\/\/seppeschina.com\/wp-content\/uploads\/2019\/04\/certification-100x100.jpg 100w, https:\/\/seppeschina.com\/wp-content\/uploads\/2019\/04\/certification-24x24.jpg 24w, https:\/\/seppeschina.com\/wp-content\/uploads\/2019\/04\/certification-48x48.jpg 48w, https:\/\/seppeschina.com\/wp-content\/uploads\/2019\/04\/certification-96x96.jpg 96w, https:\/\/seppeschina.com\/wp-content\/uploads\/2019\/04\/certification-364x364.jpg 364w, https:\/\/seppeschina.com\/wp-content\/uploads\/2019\/04\/certification-50x50.jpg 50w, https:\/\/seppeschina.com\/wp-content\/uploads\/2019\/04\/certification-110x110.jpg 110w, https:\/\/seppeschina.com\/wp-content\/uploads\/2019\/04\/certification-275x275.jpg 275w, https:\/\/seppeschina.com\/wp-content\/uploads\/2019\/04\/certification-480x480.jpg 480w, https:\/\/seppeschina.com\/wp-content\/uploads\/2019\/04\/certification-550x550.jpg 550w\" alt=\"\" width=\"600\" height=\"600\"><\/p>\n<h3>Lieferung und Verpackung<\/h3>\n<p>Der Ladedocknivellierer wird entweder unverpackt oder in Holzkisten geliefert. Je gr\u00f6\u00dfer die Menge, desto h\u00f6her die Wahrscheinlichkeit der Verpackung in Holzkisten.<\/p>\n<p><img loading=\"lazy\" decoding=\"async\" class=\"aligncenter size-full wp-image-11269\" src=\"https:\/\/seppeschina.com\/wp-content\/uploads\/2021\/03\/dock-leveler-packing-.jpg\" sizes=\"auto, (max-width: 750px) 100vw, 750px\" srcset=\"https:\/\/seppeschina.com\/wp-content\/uploads\/2021\/03\/dock-leveler-packing-.jpg 750w, https:\/\/seppeschina.com\/wp-content\/uploads\/2021\/03\/dock-leveler-packing--300x300.jpg 300w, https:\/\/seppeschina.com\/wp-content\/uploads\/2021\/03\/dock-leveler-packing--150x150.jpg 150w, https:\/\/seppeschina.com\/wp-content\/uploads\/2021\/03\/dock-leveler-packing--360x360.jpg 360w, https:\/\/seppeschina.com\/wp-content\/uploads\/2021\/03\/dock-leveler-packing--600x600.jpg 600w, https:\/\/seppeschina.com\/wp-content\/uploads\/2021\/03\/dock-leveler-packing--100x100.jpg 100w, https:\/\/seppeschina.com\/wp-content\/uploads\/2021\/03\/dock-leveler-packing--24x24.jpg 24w, https:\/\/seppeschina.com\/wp-content\/uploads\/2021\/03\/dock-leveler-packing--48x48.jpg 48w, https:\/\/seppeschina.com\/wp-content\/uploads\/2021\/03\/dock-leveler-packing--96x96.jpg 96w, https:\/\/seppeschina.com\/wp-content\/uploads\/2021\/03\/dock-leveler-packing--364x364.jpg 364w, https:\/\/seppeschina.com\/wp-content\/uploads\/2021\/03\/dock-leveler-packing--50x50.jpg 50w, https:\/\/seppeschina.com\/wp-content\/uploads\/2021\/03\/dock-leveler-packing--110x110.jpg 110w, https:\/\/seppeschina.com\/wp-content\/uploads\/2021\/03\/dock-leveler-packing--275x275.jpg 275w, https:\/\/seppeschina.com\/wp-content\/uploads\/2021\/03\/dock-leveler-packing--480x480.jpg 480w, https:\/\/seppeschina.com\/wp-content\/uploads\/2021\/03\/dock-leveler-packing--550x550.jpg 550w\" alt=\"\" width=\"750\" height=\"750\"><\/p>\n<h3>FAQ<\/h3>\n<p><b data-spm-anchor-id=\"a2700.custom-template.0.i2.744b3333rK4wob\">F: Welche Art von Motor hat der Ladedocknivellierer?<\/b><\/p>\n<p>A: Servomotor, 220V- 0,75 KW- 50HZ-1 Phrase<\/p>\n<p><b data-spm-anchor-id=\"a2700.custom-template.0.i4.744b3333nwf5MP\">F: Wie viel Platz wird f\u00fcr die Installation ben\u00f6tigt?<\/b><\/p>\n<p>A: Horizontal platziert, ausgerichtet mit der Lkw-Ladefl\u00e4che und dem Dockschutz.<\/p>\n<p><b data-spm-anchor-id=\"a2700.custom-template.0.i5.744b3333nwf5MP\">F: Wie lange kann er genutzt werden?<\/b><\/p>\n<p>A: Etwa 8-10 Jahre.<\/p>\n<p><b data-spm-anchor-id=\"a2700.custom-template.0.i119.744b3333qJk7Hp\">F: In welcher Art von Umgebung kann der Ladedocknivellierer eingesetzt werden?<\/b><\/p>\n<p>A: Weit verbreitet in Lebensmittel-, Pharmazie- und anderen Logistik- sowie K\u00fchlhausbereichen, die relativ hohe Sauberkeitsanforderungen stellen.<\/p>\n<p><b>F: Wie funktioniert der Ladedocknivellierer?<\/b><\/p>\n<p>A: Zusammenarbeit durch Steuerungssystem, elektrohydraulische Einheit, Verstellplatte und Klappplatte.<\/p>\n\n<div class=\"wpcf7 no-js\" id=\"wpcf7-f1555-o1\" lang=\"en-US\" dir=\"ltr\" data-wpcf7-id=\"1555\">\n<div class=\"screen-reader-response\"><p role=\"status\" aria-live=\"polite\" aria-atomic=\"true\"><\/p> <ul><\/ul><\/div>\n<form action=\"\/de\/wp-json\/wp\/v2\/product\/11262#wpcf7-f1555-o1\" method=\"post\" class=\"wpcf7-form init\" aria-label=\"Contact form\" novalidate=\"novalidate\" data-status=\"init\" data-trp-original-action=\"\/de\/wp-json\/wp\/v2\/product\/11262#wpcf7-f1555-o1\">\n<fieldset class=\"hidden-fields-container\"><input type=\"hidden\" name=\"_wpcf7\" value=\"1555\" \/><input type=\"hidden\" name=\"_wpcf7_version\" value=\"6.1.4\" \/><input type=\"hidden\" name=\"_wpcf7_locale\" value=\"en_US\" \/><input type=\"hidden\" name=\"_wpcf7_unit_tag\" value=\"wpcf7-f1555-o1\" \/><input type=\"hidden\" name=\"_wpcf7_container_post\" value=\"0\" \/><input type=\"hidden\" name=\"_wpcf7_posted_data_hash\" value=\"\" \/><input type=\"hidden\" name=\"_wpcf7_recaptcha_response\" value=\"\" \/>\n<\/fieldset>\n<div class=\"hunkcf71\">\n\t<p class=\"cf7-title\" style=\"font-size:25px;\"><i class=\"fa fa-envelope-o\"><\/i> Wir werden Ihre E-Mail in K\u00fcrze beantworten!\n\t<\/p>\n\t<p><span class=\"wpcf7-form-control-wrap\" data-name=\"text-737\"><input size=\"40\" maxlength=\"400\" class=\"wpcf7-form-control wpcf7-text wpcf7-validates-as-required\" aria-required=\"true\" aria-invalid=\"false\" placeholder=\"Ihr Name*\" value=\"\" type=\"text\" name=\"text-737\" \/><\/span>\n\t<\/p>\n\t<p><span class=\"wpcf7-form-control-wrap\" data-name=\"email-193\"><input size=\"40\" maxlength=\"400\" class=\"wpcf7-form-control wpcf7-email wpcf7-validates-as-required wpcf7-text wpcf7-validates-as-email\" aria-required=\"true\" aria-invalid=\"false\" placeholder=\"E-Mail-Adresse*\" value=\"\" type=\"email\" name=\"email-193\" \/><\/span>\n\t<\/p>\n\t<p><span class=\"wpcf7-form-control-wrap\" data-name=\"text-738\"><input size=\"40\" maxlength=\"400\" class=\"wpcf7-form-control wpcf7-text\" aria-invalid=\"false\" placeholder=\"Telefonnummer\" value=\"\" type=\"text\" name=\"text-738\" \/><\/span>\n\t<\/p>\n\t<p><span class=\"wpcf7-form-control-wrap\" data-name=\"textarea-837\"><textarea cols=\"40\" rows=\"10\" maxlength=\"2000\" class=\"wpcf7-form-control wpcf7-textarea wpcf7-validates-as-required\" aria-required=\"true\" aria-invalid=\"false\" placeholder=\"Teilen Sie uns Ihren Bedarf so konkret wie m\u00f6glich mit*\" name=\"textarea-837\"><\/textarea><\/span>\n\t<\/p>\n\t<p><input class=\"wpcf7-form-control wpcf7-submit has-spinner\" type=\"submit\" value=\"Senden\" \/>\n\t<\/p>\n<\/div><div class=\"wpcf7-response-output\" aria-hidden=\"true\"><\/div>\n<input type=\"hidden\" name=\"trp-form-language\" value=\"de\"\/><\/form>\n<\/div>\n\n<\/div>\n<\/div>\n<\/div>\n<\/div>","protected":false},"excerpt":{"rendered":"<p><span lang=\"en\">Die seitlichen Schutzk\u00f6rper sind automatisch einziehbar und gew\u00e4hrleisten so Sicherheit. Ausgestattet mit zuverl\u00e4ssigem hydraulischem Steuergeschwindigkeitssicherheitsventil und Sicherheitsschutzvorrichtung gegen Absturz.<\/span><\/p>\n<p>Dynamische Tragf\u00e4higkeit: 6,3T, statische Tragf\u00e4higkeit: 13,6T<\/p>","protected":false},"featured_media":11838,"comment_status":"open","ping_status":"closed","template":"","meta":[],"product_brand":[],"product_cat":[243],"product_tag":[351],"class_list":{"0":"post-11262","1":"product","2":"type-product","3":"status-publish","4":"has-post-thumbnail","6":"product_cat-dock-leveler","7":"product_tag-hydraulic-dock-leveler","10":"first","11":"instock","12":"shipping-taxable","13":"product-type-simple"},"_links":{"self":[{"href":"https:\/\/seppeschina.com\/de\/wp-json\/wp\/v2\/product\/11262","targetHints":{"allow":["GET"]}}],"collection":[{"href":"https:\/\/seppeschina.com\/de\/wp-json\/wp\/v2\/product"}],"about":[{"href":"https:\/\/seppeschina.com\/de\/wp-json\/wp\/v2\/types\/product"}],"replies":[{"embeddable":true,"href":"https:\/\/seppeschina.com\/de\/wp-json\/wp\/v2\/comments?post=11262"}],"wp:featuredmedia":[{"embeddable":true,"href":"https:\/\/seppeschina.com\/de\/wp-json\/wp\/v2\/media\/11838"}],"wp:attachment":[{"href":"https:\/\/seppeschina.com\/de\/wp-json\/wp\/v2\/media?parent=11262"}],"wp:term":[{"taxonomy":"product_brand","embeddable":true,"href":"https:\/\/seppeschina.com\/de\/wp-json\/wp\/v2\/product_brand?post=11262"},{"taxonomy":"product_cat","embeddable":true,"href":"https:\/\/seppeschina.com\/de\/wp-json\/wp\/v2\/product_cat?post=11262"},{"taxonomy":"product_tag","embeddable":true,"href":"https:\/\/seppeschina.com\/de\/wp-json\/wp\/v2\/product_tag?post=11262"}],"curies":[{"name":"wp","href":"https:\/\/api.w.org\/{rel}","templated":true}]}}