{"id":11421,"date":"2021-03-11T14:24:25","date_gmt":"2021-03-11T06:24:25","guid":{"rendered":"https:\/\/seppeschina.com\/?post_type=product&#038;p=11421"},"modified":"2024-11-19T15:08:34","modified_gmt":"2024-11-19T07:08:34","slug":"seppes-mechanischer-torschutz-hersteller","status":"publish","type":"product","link":"https:\/\/seppeschina.com\/de\/product\/seppes-mechanical-door-shelter-manufacturer\/","title":{"rendered":"SEPPES Mechanisches Schwarzes Laderampendichtungssystem"},"content":{"rendered":"<h3>Beschreibung<\/h3>\n<p><strong>Mechanischer Rammschutz<\/strong> Die Vorhangbahn besteht aus doppellagigem Polyester-Einzelfaser-Elastizit\u00e4tsgewebe mit PVC-Beschichtung. Reflektierende gelbe Leitstreifen an beiden Seitenfl\u00fcgeln, scharniergelagerte Verbindung zum Schutz vor Quetschungen. Der obere Rahmen ist zur besseren Entw\u00e4sserung geneigt. Der Rammschutz besteht aus Vorderrahmen, Hinterrahmen und Verbindungsarm. Das gesamte Gestell ist korrosionsgesch\u00fctzt verzinkt und mit eloxierten Aluminiumprofilen oberfl\u00e4chenfixiert verkleidet, was ein \u00e4sthetisches und ansprechendes Erscheinungsbild ergibt.<\/p>\n<p><img loading=\"lazy\" decoding=\"async\" class=\"aligncenter wp-image-10610\" src=\"https:\/\/seppeschina.com\/wp-content\/uploads\/2018\/02\/\u666e\u6d1b\u65af\u7269\u6d41\u56ed.jpg\" alt=\"\" width=\"600\" height=\"404\" srcset=\"https:\/\/seppeschina.com\/wp-content\/uploads\/2018\/02\/\u666e\u6d1b\u65af\u7269\u6d41\u56ed.jpg 1600w, https:\/\/seppeschina.com\/wp-content\/uploads\/2018\/02\/\u666e\u6d1b\u65af\u7269\u6d41\u56ed-360x242.jpg 360w, https:\/\/seppeschina.com\/wp-content\/uploads\/2018\/02\/\u666e\u6d1b\u65af\u7269\u6d41\u56ed-600x404.jpg 600w, https:\/\/seppeschina.com\/wp-content\/uploads\/2018\/02\/\u666e\u6d1b\u65af\u7269\u6d41\u56ed-300x202.jpg 300w, https:\/\/seppeschina.com\/wp-content\/uploads\/2018\/02\/\u666e\u6d1b\u65af\u7269\u6d41\u56ed-1024x689.jpg 1024w, https:\/\/seppeschina.com\/wp-content\/uploads\/2018\/02\/\u666e\u6d1b\u65af\u7269\u6d41\u56ed-768x517.jpg 768w, https:\/\/seppeschina.com\/wp-content\/uploads\/2018\/02\/\u666e\u6d1b\u65af\u7269\u6d41\u56ed-1536x1034.jpg 1536w, https:\/\/seppeschina.com\/wp-content\/uploads\/2018\/02\/\u666e\u6d1b\u65af\u7269\u6d41\u56ed-550x370.jpg 550w\" sizes=\"auto, (max-width: 600px) 100vw, 600px\" \/><\/p>\n<p><span style=\"font-size: 30px; font-weight: bold;\">Details<\/span><\/p>\n<p><img loading=\"lazy\" decoding=\"async\" class=\"aligncenter wp-image-12040 size-full\" src=\"https:\/\/seppeschina.com\/wp-content\/uploads\/2021\/03\/\u673a\u68b0\u95e8\u5c01_04.jpg\" alt=\"\" width=\"600\" height=\"348\" srcset=\"https:\/\/seppeschina.com\/wp-content\/uploads\/2021\/03\/\u673a\u68b0\u95e8\u5c01_04.jpg 600w, https:\/\/seppeschina.com\/wp-content\/uploads\/2021\/03\/\u673a\u68b0\u95e8\u5c01_04-360x209.jpg 360w, https:\/\/seppeschina.com\/wp-content\/uploads\/2021\/03\/\u673a\u68b0\u95e8\u5c01_04-300x174.jpg 300w, https:\/\/seppeschina.com\/wp-content\/uploads\/2021\/03\/\u673a\u68b0\u95e8\u5c01_04-550x319.jpg 550w\" sizes=\"auto, (max-width: 600px) 100vw, 600px\" \/><\/p>\n<p><img loading=\"lazy\" decoding=\"async\" class=\"aligncenter size-full wp-image-12041\" src=\"https:\/\/seppeschina.com\/wp-content\/uploads\/2021\/03\/\u673a\u68b0\u95e8\u5c01_03.jpg\" alt=\"\" width=\"600\" height=\"634\" srcset=\"https:\/\/seppeschina.com\/wp-content\/uploads\/2021\/03\/\u673a\u68b0\u95e8\u5c01_03.jpg 600w, https:\/\/seppeschina.com\/wp-content\/uploads\/2021\/03\/\u673a\u68b0\u95e8\u5c01_03-360x380.jpg 360w, https:\/\/seppeschina.com\/wp-content\/uploads\/2021\/03\/\u673a\u68b0\u95e8\u5c01_03-284x300.jpg 284w, https:\/\/seppeschina.com\/wp-content\/uploads\/2021\/03\/\u673a\u68b0\u95e8\u5c01_03-24x24.jpg 24w, https:\/\/seppeschina.com\/wp-content\/uploads\/2021\/03\/\u673a\u68b0\u95e8\u5c01_03-521x550.jpg 521w\" sizes=\"auto, (max-width: 600px) 100vw, 600px\" \/><\/p>\n<div class=\"flex-layout-v magic-9\">\n<div class=\"magic-10\">\n<h3>Arbeitsprinzip<\/h3>\n<p>Es erfordert das Zusammenwirken von Industrietoren, Laderampen und Tordichtungssystemen, um eine geschlossene Be- und Entladeumgebung zwischen Fahrzeugkabine und Raum zu schaffen. Dies verhindert das Eindringen von \u00e4u\u00dferem Schmutz, Luftstr\u00f6mungen, Regen usw. und gew\u00e4hrleistet, dass die Be- und Entladearbeiten bequem, sauber und sicher durchgef\u00fchrt werden k\u00f6nnen.<\/p>\n<\/div>\n<\/div>\n<div class=\"text-wrapper magic-12\">\n<div class=\"text-wrapper-right text-theme-light text-align-left\">\n<div class=\"text-title\" data-id=\"right-title\">\n<div class=\"magic-13\">\n<h3>Unternehmensprofil<\/h3>\n<h6>\u00dcber uns<\/h6>\n<p><img loading=\"lazy\" decoding=\"async\" class=\"aligncenter size-full wp-image-11606\" src=\"https:\/\/seppeschina.com\/wp-content\/uploads\/2021\/03\/seppes-door8.gif\" alt=\"\" width=\"600\" height=\"502\"><\/p>\n<h3><b data-spm-anchor-id=\"a2700.details.pronpeci14.i1.54614b77C31x07\">Fabrikpr\u00e4sentation<\/b><\/h3>\n<p><img loading=\"lazy\" decoding=\"async\" class=\"aligncenter wp-image-11604 size-full\" src=\"https:\/\/seppeschina.com\/wp-content\/uploads\/2021\/03\/seppes-door6.gif\" alt=\"\" width=\"600\" height=\"358\"><\/p>\n<h3><b>Ausstellung<\/b><\/h3>\n<p><img loading=\"lazy\" decoding=\"async\" class=\"aligncenter wp-image-11605 size-full\" src=\"https:\/\/seppeschina.com\/wp-content\/uploads\/2021\/03\/seppes-door7.gif\" alt=\"\" width=\"600\" height=\"338\"><\/p>\n<h3>Unsere Partner<\/h3>\n<p><img loading=\"lazy\" decoding=\"async\" class=\"aligncenter wp-image-11608 size-full\" src=\"https:\/\/seppeschina.com\/wp-content\/uploads\/2021\/03\/seppes-door10.gif\" alt=\"\" width=\"600\" height=\"491\"><\/p>\n<h3>Zertifizierungen<\/h3>\n<p><img loading=\"lazy\" decoding=\"async\" class=\"wp-image-9887 aligncenter\" src=\"https:\/\/seppeschina.com\/wp-content\/uploads\/2019\/04\/certification.jpg\" sizes=\"auto, (max-width: 600px) 100vw, 600px\" srcset=\"https:\/\/seppeschina.com\/wp-content\/uploads\/2019\/04\/certification.jpg 750w, https:\/\/seppeschina.com\/wp-content\/uploads\/2019\/04\/certification-150x150.jpg 150w, https:\/\/seppeschina.com\/wp-content\/uploads\/2019\/04\/certification-300x300.jpg 300w, https:\/\/seppeschina.com\/wp-content\/uploads\/2019\/04\/certification-360x360.jpg 360w, https:\/\/seppeschina.com\/wp-content\/uploads\/2019\/04\/certification-600x600.jpg 600w, https:\/\/seppeschina.com\/wp-content\/uploads\/2019\/04\/certification-100x100.jpg 100w, https:\/\/seppeschina.com\/wp-content\/uploads\/2019\/04\/certification-24x24.jpg 24w, https:\/\/seppeschina.com\/wp-content\/uploads\/2019\/04\/certification-48x48.jpg 48w, https:\/\/seppeschina.com\/wp-content\/uploads\/2019\/04\/certification-96x96.jpg 96w, https:\/\/seppeschina.com\/wp-content\/uploads\/2019\/04\/certification-364x364.jpg 364w, https:\/\/seppeschina.com\/wp-content\/uploads\/2019\/04\/certification-50x50.jpg 50w, https:\/\/seppeschina.com\/wp-content\/uploads\/2019\/04\/certification-110x110.jpg 110w, https:\/\/seppeschina.com\/wp-content\/uploads\/2019\/04\/certification-275x275.jpg 275w, https:\/\/seppeschina.com\/wp-content\/uploads\/2019\/04\/certification-480x480.jpg 480w, https:\/\/seppeschina.com\/wp-content\/uploads\/2019\/04\/certification-550x550.jpg 550w\" alt=\"\" width=\"600\" height=\"600\"><\/p>\n<h3>Vorteile<\/h3>\n<p><img loading=\"lazy\" decoding=\"async\" class=\"aligncenter wp-image-12035 size-full\" src=\"https:\/\/seppeschina.com\/wp-content\/uploads\/2021\/03\/%E5%85%85%E6%B0%94%E9%97%A8%E5%B0%81_02.jpg\" sizes=\"auto, (max-width: 600px) 100vw, 600px\" srcset=\"https:\/\/seppeschina.com\/wp-content\/uploads\/2021\/03\/\u5145\u6c14\u95e8\u5c01_02.jpg 600w, https:\/\/seppeschina.com\/wp-content\/uploads\/2021\/03\/\u5145\u6c14\u95e8\u5c01_02-287x300.jpg 287w, https:\/\/seppeschina.com\/wp-content\/uploads\/2021\/03\/\u5145\u6c14\u95e8\u5c01_02-360x377.jpg 360w, https:\/\/seppeschina.com\/wp-content\/uploads\/2021\/03\/\u5145\u6c14\u95e8\u5c01_02-24x24.jpg 24w, https:\/\/seppeschina.com\/wp-content\/uploads\/2021\/03\/\u5145\u6c14\u95e8\u5c01_02-525x550.jpg 525w\" alt=\"\" width=\"600\" height=\"628\"><\/p>\n<h3>Anwendungen<\/h3>\n<p><img loading=\"lazy\" decoding=\"async\" class=\"aligncenter wp-image-10307 size-full\" src=\"https:\/\/seppeschina.com\/wp-content\/uploads\/2019\/02\/%E6%9C%BA%E6%A2%B0%E9%97%A8%E5%B0%81%E5%BA%94%E7%94%A8%E5%9B%BE.jpg\" sizes=\"auto, (max-width: 750px) 100vw, 750px\" srcset=\"https:\/\/seppeschina.com\/wp-content\/uploads\/2019\/02\/\u673a\u68b0\u95e8\u5c01\u5e94\u7528\u56fe.jpg 750w, https:\/\/seppeschina.com\/wp-content\/uploads\/2019\/02\/\u673a\u68b0\u95e8\u5c01\u5e94\u7528\u56fe-300x300.jpg 300w, https:\/\/seppeschina.com\/wp-content\/uploads\/2019\/02\/\u673a\u68b0\u95e8\u5c01\u5e94\u7528\u56fe-150x150.jpg 150w, https:\/\/seppeschina.com\/wp-content\/uploads\/2019\/02\/\u673a\u68b0\u95e8\u5c01\u5e94\u7528\u56fe-360x360.jpg 360w, https:\/\/seppeschina.com\/wp-content\/uploads\/2019\/02\/\u673a\u68b0\u95e8\u5c01\u5e94\u7528\u56fe-600x600.jpg 600w, https:\/\/seppeschina.com\/wp-content\/uploads\/2019\/02\/\u673a\u68b0\u95e8\u5c01\u5e94\u7528\u56fe-100x100.jpg 100w, https:\/\/seppeschina.com\/wp-content\/uploads\/2019\/02\/\u673a\u68b0\u95e8\u5c01\u5e94\u7528\u56fe-24x24.jpg 24w, https:\/\/seppeschina.com\/wp-content\/uploads\/2019\/02\/\u673a\u68b0\u95e8\u5c01\u5e94\u7528\u56fe-48x48.jpg 48w, https:\/\/seppeschina.com\/wp-content\/uploads\/2019\/02\/\u673a\u68b0\u95e8\u5c01\u5e94\u7528\u56fe-96x96.jpg 96w, https:\/\/seppeschina.com\/wp-content\/uploads\/2019\/02\/\u673a\u68b0\u95e8\u5c01\u5e94\u7528\u56fe-364x364.jpg 364w, https:\/\/seppeschina.com\/wp-content\/uploads\/2019\/02\/\u673a\u68b0\u95e8\u5c01\u5e94\u7528\u56fe-50x50.jpg 50w, https:\/\/seppeschina.com\/wp-content\/uploads\/2019\/02\/\u673a\u68b0\u95e8\u5c01\u5e94\u7528\u56fe-110x110.jpg 110w, https:\/\/seppeschina.com\/wp-content\/uploads\/2019\/02\/\u673a\u68b0\u95e8\u5c01\u5e94\u7528\u56fe-275x275.jpg 275w, https:\/\/seppeschina.com\/wp-content\/uploads\/2019\/02\/\u673a\u68b0\u95e8\u5c01\u5e94\u7528\u56fe-480x480.jpg 480w, https:\/\/seppeschina.com\/wp-content\/uploads\/2019\/02\/\u673a\u68b0\u95e8\u5c01\u5e94\u7528\u56fe-550x550.jpg 550w\" alt=\"\" width=\"750\" height=\"750\"><\/p>\n<h3>Lieferung &amp; Verpackung<\/h3>\n<p>Unsere Verpackungsmethode ist Holzkistenverpackung, und die Transportmethoden umfassen Express, Luft und See. In der Regel 3-7 Tage nach Auftragserteilung.<\/p>\n<p><img loading=\"lazy\" decoding=\"async\" class=\"aligncenter wp-image-11818 size-full\" src=\"https:\/\/seppeschina.com\/wp-content\/uploads\/2021\/04\/H847d78bca14e40ceb2854a49609655195.png\" sizes=\"auto, (max-width: 750px) 100vw, 750px\" srcset=\"https:\/\/seppeschina.com\/wp-content\/uploads\/2021\/04\/H847d78bca14e40ceb2854a49609655195.png 750w, https:\/\/seppeschina.com\/wp-content\/uploads\/2021\/04\/H847d78bca14e40ceb2854a49609655195-300x124.png 300w, https:\/\/seppeschina.com\/wp-content\/uploads\/2021\/04\/H847d78bca14e40ceb2854a49609655195-360x149.png 360w, https:\/\/seppeschina.com\/wp-content\/uploads\/2021\/04\/H847d78bca14e40ceb2854a49609655195-600x248.png 600w, https:\/\/seppeschina.com\/wp-content\/uploads\/2021\/04\/H847d78bca14e40ceb2854a49609655195-550x227.png 550w\" alt=\"\" width=\"750\" height=\"310\"><\/p>\n<h3>FAQ<\/h3>\n<p><b><span data-spm-anchor-id=\"a2700.custom-template.0.i4.45393333ve2JZu\">F: Welcher Motortyp wird beim Rammschutz verwendet?<\/span><\/b><\/p>\n<p>A: Servomotor, 220V- 0,75 KW- 50HZ-1 Phrase<\/p>\n<p><b><span data-spm-anchor-id=\"a2700.custom-template.0.i6.45393333ve2JZu\">F: Aus welchem Material besteht der Rammschutz?<\/span><\/b><\/p>\n<p>A: PVC-Gewebe mit vollst\u00e4ndiger Schaumstofff\u00fcllung im Inneren<\/p>\n<p><b><span data-spm-anchor-id=\"a2700.custom-template.0.i69.45393333PN6HP1\">F: Wie viel Platz wird f\u00fcr die Installation ben\u00f6tigt?<\/span><\/b><\/p>\n<p>A: Horizontal platziert, ausgerichtet mit der Ladeb\u00fchne des Lastwagens und der Laderampe<\/p>\n<p><b><span data-spm-anchor-id=\"a2700.custom-template.0.i9.45393333ve2JZu\">F: Wie lange kann er genutzt werden?<\/span><\/b><\/p>\n<p>A: Etwa 8-10 Jahre<\/p>\n<p><b>F: F\u00fcr welche Art von Einsatzorten eignen sich Hochgeschwindigkeitstore?<\/b><\/p>\n<p>A: Geeignet f\u00fcr Modelle verschiedener Spezifikationen sowie f\u00fcr Lagerlogistik und K\u00fchlh\u00e4user.<\/p>\n<p><b><span data-spm-anchor-id=\"a2700.custom-template.0.i88.45393333PN6HP1\">F: Wie funktioniert der Rammschutz?<\/span><\/b><\/p>\n<p>A: Durch die Anpressung des Fahrzeugs an den Tordichtungsstreifen wird verhindert, dass Luft ausstr\u00f6mt.<\/p>\n\n<div class=\"wpcf7 no-js\" id=\"wpcf7-f1555-o1\" lang=\"en-US\" dir=\"ltr\" data-wpcf7-id=\"1555\">\n<div class=\"screen-reader-response\"><p role=\"status\" aria-live=\"polite\" aria-atomic=\"true\"><\/p> <ul><\/ul><\/div>\n<form action=\"\/de\/wp-json\/wp\/v2\/product\/11421#wpcf7-f1555-o1\" method=\"post\" class=\"wpcf7-form init\" aria-label=\"Contact form\" novalidate=\"novalidate\" data-status=\"init\" data-trp-original-action=\"\/de\/wp-json\/wp\/v2\/product\/11421#wpcf7-f1555-o1\">\n<fieldset class=\"hidden-fields-container\"><input type=\"hidden\" name=\"_wpcf7\" value=\"1555\" \/><input type=\"hidden\" name=\"_wpcf7_version\" value=\"6.1.4\" \/><input type=\"hidden\" name=\"_wpcf7_locale\" value=\"en_US\" \/><input type=\"hidden\" name=\"_wpcf7_unit_tag\" value=\"wpcf7-f1555-o1\" \/><input type=\"hidden\" name=\"_wpcf7_container_post\" value=\"0\" \/><input type=\"hidden\" name=\"_wpcf7_posted_data_hash\" value=\"\" \/><input type=\"hidden\" name=\"_wpcf7_recaptcha_response\" value=\"\" \/>\n<\/fieldset>\n<div class=\"hunkcf71\">\n\t<p class=\"cf7-title\" style=\"font-size:25px;\"><i class=\"fa fa-envelope-o\"><\/i> Wir werden Ihre E-Mail in K\u00fcrze beantworten!\n\t<\/p>\n\t<p><span class=\"wpcf7-form-control-wrap\" data-name=\"text-737\"><input size=\"40\" maxlength=\"400\" class=\"wpcf7-form-control wpcf7-text wpcf7-validates-as-required\" aria-required=\"true\" aria-invalid=\"false\" placeholder=\"Ihr Name*\" value=\"\" type=\"text\" name=\"text-737\" \/><\/span>\n\t<\/p>\n\t<p><span class=\"wpcf7-form-control-wrap\" data-name=\"email-193\"><input size=\"40\" maxlength=\"400\" class=\"wpcf7-form-control wpcf7-email wpcf7-validates-as-required wpcf7-text wpcf7-validates-as-email\" aria-required=\"true\" aria-invalid=\"false\" placeholder=\"E-Mail-Adresse*\" value=\"\" type=\"email\" name=\"email-193\" \/><\/span>\n\t<\/p>\n\t<p><span class=\"wpcf7-form-control-wrap\" data-name=\"text-738\"><input size=\"40\" maxlength=\"400\" class=\"wpcf7-form-control wpcf7-text\" aria-invalid=\"false\" placeholder=\"Telefonnummer\" value=\"\" type=\"text\" name=\"text-738\" \/><\/span>\n\t<\/p>\n\t<p><span class=\"wpcf7-form-control-wrap\" data-name=\"textarea-837\"><textarea cols=\"40\" rows=\"10\" maxlength=\"2000\" class=\"wpcf7-form-control wpcf7-textarea wpcf7-validates-as-required\" aria-required=\"true\" aria-invalid=\"false\" placeholder=\"Teilen Sie uns Ihren Bedarf so konkret wie m\u00f6glich mit*\" name=\"textarea-837\"><\/textarea><\/span>\n\t<\/p>\n\t<p><input class=\"wpcf7-form-control wpcf7-submit has-spinner\" type=\"submit\" value=\"Senden\" \/>\n\t<\/p>\n<\/div><div class=\"wpcf7-response-output\" aria-hidden=\"true\"><\/div>\n<input type=\"hidden\" name=\"trp-form-language\" value=\"de\"\/><\/form>\n<\/div>\n\n<\/div>\n<\/div>\n<\/div>\n<\/div>","protected":false},"excerpt":{"rendered":"<p><strong>Schaffung einer geschlossenen Be- und Entladeumgebung, geeignet f\u00fcr eine breitere Modellpalette und mit geringeren Anforderungen an die Wandtragf\u00e4higkeit.<\/strong><\/p>","protected":false},"featured_media":12042,"comment_status":"open","ping_status":"closed","template":"","meta":[],"product_brand":[],"product_cat":[328],"product_tag":[354],"class_list":{"0":"post-11421","1":"product","2":"type-product","3":"status-publish","4":"has-post-thumbnail","6":"product_cat-dock-shelter","7":"product_tag-door-shelter","10":"first","11":"instock","12":"shipping-taxable","13":"product-type-simple"},"_links":{"self":[{"href":"https:\/\/seppeschina.com\/de\/wp-json\/wp\/v2\/product\/11421","targetHints":{"allow":["GET"]}}],"collection":[{"href":"https:\/\/seppeschina.com\/de\/wp-json\/wp\/v2\/product"}],"about":[{"href":"https:\/\/seppeschina.com\/de\/wp-json\/wp\/v2\/types\/product"}],"replies":[{"embeddable":true,"href":"https:\/\/seppeschina.com\/de\/wp-json\/wp\/v2\/comments?post=11421"}],"wp:featuredmedia":[{"embeddable":true,"href":"https:\/\/seppeschina.com\/de\/wp-json\/wp\/v2\/media\/12042"}],"wp:attachment":[{"href":"https:\/\/seppeschina.com\/de\/wp-json\/wp\/v2\/media?parent=11421"}],"wp:term":[{"taxonomy":"product_brand","embeddable":true,"href":"https:\/\/seppeschina.com\/de\/wp-json\/wp\/v2\/product_brand?post=11421"},{"taxonomy":"product_cat","embeddable":true,"href":"https:\/\/seppeschina.com\/de\/wp-json\/wp\/v2\/product_cat?post=11421"},{"taxonomy":"product_tag","embeddable":true,"href":"https:\/\/seppeschina.com\/de\/wp-json\/wp\/v2\/product_tag?post=11421"}],"curies":[{"name":"wp","href":"https:\/\/api.w.org\/{rel}","templated":true}]}}