{"id":11828,"date":"2021-04-02T17:02:26","date_gmt":"2021-04-02T09:02:26","guid":{"rendered":"https:\/\/seppeschina.com\/?post_type=product&#038;p=11828"},"modified":"2025-05-19T15:50:49","modified_gmt":"2025-05-19T07:50:49","slug":"seppes-hochwertiges-schnelles-automatisches-hochfahr-hochgeschwindigkeits-pvc-stapeltor","status":"publish","type":"product","link":"https:\/\/seppeschina.com\/de\/product\/seppes-high-quality-fast-automatic-up-high-speed-rapid-pvc-stacking-door\/","title":{"rendered":"SEPPES Rotes Hochgeschwindigkeits-Stapeltor"},"content":{"rendered":"<h3><strong>Produktbeschreibung<\/strong><\/h3>\n<p><strong>Hochgeschwindigkeits-Falttor<\/strong>\u00a0Es wird eine faltbare Hebevorrichtung und mehrere eingebaute oder externe horizontale Windst\u00fctzen verwendet, sodass der Winddruck gleichm\u00e4\u00dfig auf die gesamte Plane verteilt wird und Windst\u00e4rken von etwa 10 widerstanden werden k\u00f6nnen. Die Windbest\u00e4ndigkeit ist deutlich h\u00f6her als bei konventionellen Trommeltypen.<\/p>\n<p><img loading=\"lazy\" decoding=\"async\" class=\"aligncenter wp-image-10627\" src=\"Joy WeChat\/WhatsApp: +86 17715186985\" alt=\"\" width=\"600\" height=\"404\" srcset=\"\" sizes=\"auto, (max-width: 600px) 100vw, 600px\" data-srcset=\"\" \/><\/p>\n<h3 id=\"ali-anchor-AliMagic-859kg7\" class=\"magic-3\" data-section=\"AliMagic-859kg7\" data-section-title=\"Details of products\" data-spm-anchor-id=\"a2700.details.pronpeci14.i1.7e7c6220zGAGVA\"><strong>Produktdetails<\/strong><\/h3>\n<p><img loading=\"lazy\" decoding=\"async\" class=\"aligncenter size-full wp-image-11832\" src=\"https:\/\/seppeschina.com\/wp-content\/uploads\/2021\/04\/\u5fae\u4fe1\u56fe\u7247_20210402164528.png\" alt=\"\" width=\"590\" height=\"255\" srcset=\"https:\/\/seppeschina.com\/wp-content\/uploads\/2021\/04\/\u5fae\u4fe1\u56fe\u7247_20210402164528.png 590w, https:\/\/seppeschina.com\/wp-content\/uploads\/2021\/04\/\u5fae\u4fe1\u56fe\u7247_20210402164528-360x156.png 360w, https:\/\/seppeschina.com\/wp-content\/uploads\/2021\/04\/\u5fae\u4fe1\u56fe\u7247_20210402164528-300x130.png 300w, https:\/\/seppeschina.com\/wp-content\/uploads\/2021\/04\/\u5fae\u4fe1\u56fe\u7247_20210402164528-550x238.png 550w\" sizes=\"auto, (max-width: 590px) 100vw, 590px\" \/><\/p>\n<p><img loading=\"lazy\" decoding=\"async\" class=\"aligncenter size-full wp-image-11830\" src=\"https:\/\/seppeschina.com\/wp-content\/uploads\/2021\/04\/\u5806\u79ef\u5feb\u901f\u95e8_03.jpg\" alt=\"\" width=\"600\" height=\"634\" srcset=\"https:\/\/seppeschina.com\/wp-content\/uploads\/2021\/04\/\u5806\u79ef\u5feb\u901f\u95e8_03.jpg 600w, https:\/\/seppeschina.com\/wp-content\/uploads\/2021\/04\/\u5806\u79ef\u5feb\u901f\u95e8_03-360x380.jpg 360w, https:\/\/seppeschina.com\/wp-content\/uploads\/2021\/04\/\u5806\u79ef\u5feb\u901f\u95e8_03-284x300.jpg 284w, https:\/\/seppeschina.com\/wp-content\/uploads\/2021\/04\/\u5806\u79ef\u5feb\u901f\u95e8_03-24x24.jpg 24w, https:\/\/seppeschina.com\/wp-content\/uploads\/2021\/04\/\u5806\u79ef\u5feb\u901f\u95e8_03-521x550.jpg 521w\" sizes=\"auto, (max-width: 600px) 100vw, 600px\" \/><\/p>\n<h3><strong><b>Strukturdiagramm<\/b><\/strong><\/h3>\n<p><img loading=\"lazy\" decoding=\"async\" class=\"aligncenter wp-image-12021\" src=\"https:\/\/seppeschina.com\/wp-content\/uploads\/2021\/04\/\u7ea2\u8272\u5806\u79ef\u95e8\u7ec6\u8282\u56fe.jpg\" alt=\"\" width=\"600\" height=\"600\" srcset=\"https:\/\/seppeschina.com\/wp-content\/uploads\/2021\/04\/\u7ea2\u8272\u5806\u79ef\u95e8\u7ec6\u8282\u56fe.jpg 750w, https:\/\/seppeschina.com\/wp-content\/uploads\/2021\/04\/\u7ea2\u8272\u5806\u79ef\u95e8\u7ec6\u8282\u56fe-360x360.jpg 360w, https:\/\/seppeschina.com\/wp-content\/uploads\/2021\/04\/\u7ea2\u8272\u5806\u79ef\u95e8\u7ec6\u8282\u56fe-100x100.jpg 100w, https:\/\/seppeschina.com\/wp-content\/uploads\/2021\/04\/\u7ea2\u8272\u5806\u79ef\u95e8\u7ec6\u8282\u56fe-600x600.jpg 600w, https:\/\/seppeschina.com\/wp-content\/uploads\/2021\/04\/\u7ea2\u8272\u5806\u79ef\u95e8\u7ec6\u8282\u56fe-300x300.jpg 300w, https:\/\/seppeschina.com\/wp-content\/uploads\/2021\/04\/\u7ea2\u8272\u5806\u79ef\u95e8\u7ec6\u8282\u56fe-150x150.jpg 150w, https:\/\/seppeschina.com\/wp-content\/uploads\/2021\/04\/\u7ea2\u8272\u5806\u79ef\u95e8\u7ec6\u8282\u56fe-24x24.jpg 24w, https:\/\/seppeschina.com\/wp-content\/uploads\/2021\/04\/\u7ea2\u8272\u5806\u79ef\u95e8\u7ec6\u8282\u56fe-48x48.jpg 48w, https:\/\/seppeschina.com\/wp-content\/uploads\/2021\/04\/\u7ea2\u8272\u5806\u79ef\u95e8\u7ec6\u8282\u56fe-96x96.jpg 96w, https:\/\/seppeschina.com\/wp-content\/uploads\/2021\/04\/\u7ea2\u8272\u5806\u79ef\u95e8\u7ec6\u8282\u56fe-364x364.jpg 364w, https:\/\/seppeschina.com\/wp-content\/uploads\/2021\/04\/\u7ea2\u8272\u5806\u79ef\u95e8\u7ec6\u8282\u56fe-50x50.jpg 50w, https:\/\/seppeschina.com\/wp-content\/uploads\/2021\/04\/\u7ea2\u8272\u5806\u79ef\u95e8\u7ec6\u8282\u56fe-110x110.jpg 110w, https:\/\/seppeschina.com\/wp-content\/uploads\/2021\/04\/\u7ea2\u8272\u5806\u79ef\u95e8\u7ec6\u8282\u56fe-275x275.jpg 275w, https:\/\/seppeschina.com\/wp-content\/uploads\/2021\/04\/\u7ea2\u8272\u5806\u79ef\u95e8\u7ec6\u8282\u56fe-480x480.jpg 480w, https:\/\/seppeschina.com\/wp-content\/uploads\/2021\/04\/\u7ea2\u8272\u5806\u79ef\u95e8\u7ec6\u8282\u56fe-550x550.jpg 550w\" sizes=\"auto, (max-width: 600px) 100vw, 600px\" \/><\/p>\n<h3>T\u00fcr\u00f6ffnungsarten<\/h3>\n<p>Wir haben standardm\u00e4\u00dfige beidseitige Handtaster, optional Radar, Geomagnetik, Zugkette, Fernbedienung, Rei\u00dfverschluss-Bluetooth, etc.<\/p>\n<p><img loading=\"lazy\" decoding=\"async\" class=\"aligncenter wp-image-10010\" src=\"https:\/\/seppeschina.com\/wp-content\/uploads\/2019\/04\/\u95e8\u5f00\u5173\u65b9\u5f0f.jpg\" alt=\"\" width=\"600\" height=\"600\" srcset=\"https:\/\/seppeschina.com\/wp-content\/uploads\/2019\/04\/\u95e8\u5f00\u5173\u65b9\u5f0f.jpg 750w, https:\/\/seppeschina.com\/wp-content\/uploads\/2019\/04\/\u95e8\u5f00\u5173\u65b9\u5f0f-360x360.jpg 360w, https:\/\/seppeschina.com\/wp-content\/uploads\/2019\/04\/\u95e8\u5f00\u5173\u65b9\u5f0f-100x100.jpg 100w, https:\/\/seppeschina.com\/wp-content\/uploads\/2019\/04\/\u95e8\u5f00\u5173\u65b9\u5f0f-600x600.jpg 600w, https:\/\/seppeschina.com\/wp-content\/uploads\/2019\/04\/\u95e8\u5f00\u5173\u65b9\u5f0f-300x300.jpg 300w, https:\/\/seppeschina.com\/wp-content\/uploads\/2019\/04\/\u95e8\u5f00\u5173\u65b9\u5f0f-150x150.jpg 150w, https:\/\/seppeschina.com\/wp-content\/uploads\/2019\/04\/\u95e8\u5f00\u5173\u65b9\u5f0f-24x24.jpg 24w, https:\/\/seppeschina.com\/wp-content\/uploads\/2019\/04\/\u95e8\u5f00\u5173\u65b9\u5f0f-48x48.jpg 48w, https:\/\/seppeschina.com\/wp-content\/uploads\/2019\/04\/\u95e8\u5f00\u5173\u65b9\u5f0f-96x96.jpg 96w, https:\/\/seppeschina.com\/wp-content\/uploads\/2019\/04\/\u95e8\u5f00\u5173\u65b9\u5f0f-364x364.jpg 364w, https:\/\/seppeschina.com\/wp-content\/uploads\/2019\/04\/\u95e8\u5f00\u5173\u65b9\u5f0f-50x50.jpg 50w, https:\/\/seppeschina.com\/wp-content\/uploads\/2019\/04\/\u95e8\u5f00\u5173\u65b9\u5f0f-110x110.jpg 110w, https:\/\/seppeschina.com\/wp-content\/uploads\/2019\/04\/\u95e8\u5f00\u5173\u65b9\u5f0f-275x275.jpg 275w, https:\/\/seppeschina.com\/wp-content\/uploads\/2019\/04\/\u95e8\u5f00\u5173\u65b9\u5f0f-480x480.jpg 480w, https:\/\/seppeschina.com\/wp-content\/uploads\/2019\/04\/\u95e8\u5f00\u5173\u65b9\u5f0f-550x550.jpg 550w\" sizes=\"auto, (max-width: 600px) 100vw, 600px\" \/><\/p>\n<h3>Farbauswahl<\/h3>\n<p><strong>Blau<\/strong>: RAL:<span class=\"magic-25\" data-spm-anchor-id=\"a2700.details.pronpeci14.i0.3aea5170eoKBGW\">5002;\u00a0<strong>Gelb<\/strong>: RAL:1003;\u00a0<strong>Rot<\/strong>: RAL:3002;\u00a0<\/span><span class=\"magic-25\" data-spm-anchor-id=\"a2700.details.pronpeci14.i0.3aea5170eoKBGW\"><strong>Wei\u00df<\/strong>: RAL:9003;\u00a0<strong>Grau:\u00a0<\/strong><span class=\"magic-24\" data-spm-anchor-id=\"a2700.details.pronpeci14.i4.3aea5170eoKBGW\">RAL:<\/span>9006<\/span><\/p>\n<p><img loading=\"lazy\" decoding=\"async\" class=\"aligncenter wp-image-10104\" src=\"https:\/\/seppeschina.com\/wp-content\/uploads\/2019\/04\/COLOR-1.jpg\" sizes=\"auto, (max-width: 600px) 100vw, 600px\" srcset=\"https:\/\/seppeschina.com\/wp-content\/uploads\/2019\/04\/COLOR-1.jpg 750w, https:\/\/seppeschina.com\/wp-content\/uploads\/2019\/04\/COLOR-1-300x300.jpg 300w, https:\/\/seppeschina.com\/wp-content\/uploads\/2019\/04\/COLOR-1-150x150.jpg 150w, https:\/\/seppeschina.com\/wp-content\/uploads\/2019\/04\/COLOR-1-360x360.jpg 360w, https:\/\/seppeschina.com\/wp-content\/uploads\/2019\/04\/COLOR-1-600x600.jpg 600w, https:\/\/seppeschina.com\/wp-content\/uploads\/2019\/04\/COLOR-1-100x100.jpg 100w, https:\/\/seppeschina.com\/wp-content\/uploads\/2019\/04\/COLOR-1-24x24.jpg 24w, https:\/\/seppeschina.com\/wp-content\/uploads\/2019\/04\/COLOR-1-48x48.jpg 48w, https:\/\/seppeschina.com\/wp-content\/uploads\/2019\/04\/COLOR-1-96x96.jpg 96w, https:\/\/seppeschina.com\/wp-content\/uploads\/2019\/04\/COLOR-1-364x364.jpg 364w, https:\/\/seppeschina.com\/wp-content\/uploads\/2019\/04\/COLOR-1-50x50.jpg 50w, https:\/\/seppeschina.com\/wp-content\/uploads\/2019\/04\/COLOR-1-110x110.jpg 110w, https:\/\/seppeschina.com\/wp-content\/uploads\/2019\/04\/COLOR-1-275x275.jpg 275w, https:\/\/seppeschina.com\/wp-content\/uploads\/2019\/04\/COLOR-1-480x480.jpg 480w, https:\/\/seppeschina.com\/wp-content\/uploads\/2019\/04\/COLOR-1-550x550.jpg 550w\" alt=\"\" width=\"600\" height=\"600\"><\/p>\n<h3>Verwandte Produkte<\/h3>\n<p><img loading=\"lazy\" decoding=\"async\" class=\"aligncenter size-full wp-image-11610\" src=\"https:\/\/seppeschina.com\/wp-content\/uploads\/2021\/03\/seppes-door12.jpg\" alt=\"\" width=\"600\" height=\"217\" srcset=\"https:\/\/seppeschina.com\/wp-content\/uploads\/2021\/03\/seppes-door12.jpg 600w, https:\/\/seppeschina.com\/wp-content\/uploads\/2021\/03\/seppes-door12-360x130.jpg 360w, https:\/\/seppeschina.com\/wp-content\/uploads\/2021\/03\/seppes-door12-300x109.jpg 300w, https:\/\/seppeschina.com\/wp-content\/uploads\/2021\/03\/seppes-door12-550x199.jpg 550w\" sizes=\"auto, (max-width: 600px) 100vw, 600px\" \/><\/p>\n<p><img loading=\"lazy\" decoding=\"async\" class=\"aligncenter size-full wp-image-11533\" src=\"https:\/\/seppeschina.com\/wp-content\/uploads\/2021\/03\/\u5feb\u901f\u95e8_08.gif\" alt=\"\" width=\"600\" height=\"528\"><\/p>\n<div class=\"woocommerce-tabs wc-tabs-wrapper\">\n<div id=\"tab-description\" class=\"woocommerce-Tabs-panel woocommerce-Tabs-panel--description panel entry-content wc-tab\" role=\"tabpanel\" aria-labelledby=\"tab-title-description\">\n<div class=\"J_module\">\n<div class=\"ife-detail-decorate-table\">\n<h3>Warum uns w\u00e4hlen?<\/h3>\n<p><img loading=\"lazy\" decoding=\"async\" class=\"aligncenter wp-image-9998\" src=\"https:\/\/seppeschina.com\/wp-content\/uploads\/2019\/04\/why-choose-us.jpg\" sizes=\"auto, (max-width: 600px) 100vw, 600px\" srcset=\"https:\/\/seppeschina.com\/wp-content\/uploads\/2019\/04\/why-choose-us.jpg 750w, https:\/\/seppeschina.com\/wp-content\/uploads\/2019\/04\/why-choose-us-300x300.jpg 300w, https:\/\/seppeschina.com\/wp-content\/uploads\/2019\/04\/why-choose-us-150x150.jpg 150w, https:\/\/seppeschina.com\/wp-content\/uploads\/2019\/04\/why-choose-us-360x360.jpg 360w, https:\/\/seppeschina.com\/wp-content\/uploads\/2019\/04\/why-choose-us-600x600.jpg 600w, https:\/\/seppeschina.com\/wp-content\/uploads\/2019\/04\/why-choose-us-100x100.jpg 100w, https:\/\/seppeschina.com\/wp-content\/uploads\/2019\/04\/why-choose-us-24x24.jpg 24w, https:\/\/seppeschina.com\/wp-content\/uploads\/2019\/04\/why-choose-us-48x48.jpg 48w, https:\/\/seppeschina.com\/wp-content\/uploads\/2019\/04\/why-choose-us-96x96.jpg 96w, https:\/\/seppeschina.com\/wp-content\/uploads\/2019\/04\/why-choose-us-364x364.jpg 364w, https:\/\/seppeschina.com\/wp-content\/uploads\/2019\/04\/why-choose-us-50x50.jpg 50w, https:\/\/seppeschina.com\/wp-content\/uploads\/2019\/04\/why-choose-us-110x110.jpg 110w, https:\/\/seppeschina.com\/wp-content\/uploads\/2019\/04\/why-choose-us-275x275.jpg 275w, https:\/\/seppeschina.com\/wp-content\/uploads\/2019\/04\/why-choose-us-480x480.jpg 480w, https:\/\/seppeschina.com\/wp-content\/uploads\/2019\/04\/why-choose-us-550x550.jpg 550w\" alt=\"\" width=\"600\" height=\"600\"><\/p>\n<h3><strong><b>Unternehmensprofil<\/b><\/strong><\/h3>\n<p><strong><b>Seppes Door Industry (Suzhou) Co., Ltd.<\/b><\/strong>\u00a0wurde 2011 gegr\u00fcndet und ist ein Produktions- und Handelsunternehmen mit 9 Jahren Erfahrung. Unsere Hauptprodukte sind Hochgeschwindigkeitstore, Schnellrolltore, automatische Rolltore, Kombinationstore usw.<\/p>\n<p><img loading=\"lazy\" decoding=\"async\" class=\"aligncenter wp-image-9951\" src=\"https:\/\/seppeschina.com\/wp-content\/uploads\/2019\/04\/company.jpg\" sizes=\"auto, (max-width: 600px) 100vw, 600px\" srcset=\"https:\/\/seppeschina.com\/wp-content\/uploads\/2019\/04\/company.jpg 750w, https:\/\/seppeschina.com\/wp-content\/uploads\/2019\/04\/company-150x150.jpg 150w, https:\/\/seppeschina.com\/wp-content\/uploads\/2019\/04\/company-300x300.jpg 300w, https:\/\/seppeschina.com\/wp-content\/uploads\/2019\/04\/company-360x360.jpg 360w, https:\/\/seppeschina.com\/wp-content\/uploads\/2019\/04\/company-600x600.jpg 600w, https:\/\/seppeschina.com\/wp-content\/uploads\/2019\/04\/company-100x100.jpg 100w, https:\/\/seppeschina.com\/wp-content\/uploads\/2019\/04\/company-24x24.jpg 24w, https:\/\/seppeschina.com\/wp-content\/uploads\/2019\/04\/company-48x48.jpg 48w, https:\/\/seppeschina.com\/wp-content\/uploads\/2019\/04\/company-96x96.jpg 96w, https:\/\/seppeschina.com\/wp-content\/uploads\/2019\/04\/company-364x364.jpg 364w, https:\/\/seppeschina.com\/wp-content\/uploads\/2019\/04\/company-50x50.jpg 50w, https:\/\/seppeschina.com\/wp-content\/uploads\/2019\/04\/company-110x110.jpg 110w, https:\/\/seppeschina.com\/wp-content\/uploads\/2019\/04\/company-275x275.jpg 275w, https:\/\/seppeschina.com\/wp-content\/uploads\/2019\/04\/company-480x480.jpg 480w, https:\/\/seppeschina.com\/wp-content\/uploads\/2019\/04\/company-550x550.jpg 550w\" alt=\"\" width=\"600\" height=\"600\"><\/p>\n<h3><strong><b>Fabrikpr\u00e4sentation\u00a0\u00a0<\/b><\/strong><\/h3>\n<p>Dies ist unsere Werksausstellung. Sie verf\u00fcgt \u00fcber eine professionelle Produktionsst\u00e4tte von mehr als 17.500 Quadratmetern, und die redundante automatisierte Produktionslinie ist f\u00fcr kundenspezifische Montageger\u00e4te ausgelegt, um den vielf\u00e4ltigen Anforderungen an schnelle standardisierte Produktion und personalisierte individuelle Fertigung gerecht zu werden.<\/p>\n<p><img loading=\"lazy\" decoding=\"async\" class=\"aligncenter wp-image-11604 size-full\" src=\"https:\/\/seppeschina.com\/wp-content\/uploads\/2021\/03\/seppes-door6.gif\" alt=\"\" width=\"600\" height=\"358\"><\/p>\n<h3>Kundenfotos<\/h3>\n<p><img loading=\"lazy\" decoding=\"async\" class=\"aligncenter wp-image-11605 size-full\" src=\"https:\/\/seppeschina.com\/wp-content\/uploads\/2021\/03\/seppes-door7.gif\" alt=\"\" width=\"600\" height=\"338\"><\/p>\n<h3><strong><b>Unsere Partner<\/b><\/strong><\/h3>\n<p>Zum kooperativen Lieferanten f\u00fcr fast 60 Fortune-500-Unternehmen wie Mercedes-Benz, NSK, Procter &amp; Gamble und ABB geworden.<\/p>\n<p><img loading=\"lazy\" decoding=\"async\" class=\"aligncenter wp-image-11608 size-full\" src=\"https:\/\/seppeschina.com\/wp-content\/uploads\/2021\/03\/seppes-door10.gif\" alt=\"\" width=\"600\" height=\"491\"><\/p>\n<h3><strong><b>Vorteile<\/b><\/strong><\/h3>\n<p><img loading=\"lazy\" decoding=\"async\" class=\"aligncenter size-full wp-image-11831\" src=\"https:\/\/seppeschina.com\/wp-content\/uploads\/2021\/04\/%E5%A0%86%E7%A7%AF%E5%BF%AB%E9%80%9F%E9%97%A8_02.jpg\" sizes=\"auto, (max-width: 600px) 100vw, 600px\" srcset=\"https:\/\/seppeschina.com\/wp-content\/uploads\/2021\/04\/\u5806\u79ef\u5feb\u901f\u95e8_02.jpg 600w, https:\/\/seppeschina.com\/wp-content\/uploads\/2021\/04\/\u5806\u79ef\u5feb\u901f\u95e8_02-287x300.jpg 287w, https:\/\/seppeschina.com\/wp-content\/uploads\/2021\/04\/\u5806\u79ef\u5feb\u901f\u95e8_02-360x377.jpg 360w, https:\/\/seppeschina.com\/wp-content\/uploads\/2021\/04\/\u5806\u79ef\u5feb\u901f\u95e8_02-24x24.jpg 24w, https:\/\/seppeschina.com\/wp-content\/uploads\/2021\/04\/\u5806\u79ef\u5feb\u901f\u95e8_02-525x550.jpg 525w\" alt=\"\" width=\"600\" height=\"628\"><\/p>\n<h3><strong><b>Anwendungen<\/b><\/strong><\/h3>\n<p>Dies ist eine Vielzahl von Schnelltoren, die wir tats\u00e4chlich in Unternehmen einsetzen, darunter die Branchen Pharma, Elektronik, Lebensmittel, Chemie, Automobil, Textil, Druck und Logistik.<\/p>\n<p><img loading=\"lazy\" decoding=\"async\" class=\"aligncenter wp-image-11612 size-full\" src=\"https:\/\/seppeschina.com\/wp-content\/uploads\/2021\/03\/seppes-door2.jpg\" sizes=\"auto, (max-width: 600px) 100vw, 600px\" srcset=\"https:\/\/seppeschina.com\/wp-content\/uploads\/2021\/03\/seppes-door2.jpg 600w, https:\/\/seppeschina.com\/wp-content\/uploads\/2021\/03\/seppes-door2-249x300.jpg 249w, https:\/\/seppeschina.com\/wp-content\/uploads\/2021\/03\/seppes-door2-360x434.jpg 360w, https:\/\/seppeschina.com\/wp-content\/uploads\/2021\/03\/seppes-door2-456x550.jpg 456w\" alt=\"\" width=\"600\" height=\"723\"><\/p>\n<h3><strong><b>Lieferung &amp; Verpackung<\/b><\/strong><\/h3>\n<div><b><span class=\"magic-28\" data-spm-anchor-id=\"a2700.wholesale.pronpeci14.i1.279a24cb2YGapr\">Schneller und sicherer<\/span><\/b><\/div>\n<div>Drei Transportarten. Um die Sicherheit Ihrer Ware besser zu gew\u00e4hrleisten, werden professionelle, umweltfreundliche, bequeme und effiziente Verpackungsdienstleistungen bereitgestellt.<\/div>\n<p><img loading=\"lazy\" decoding=\"async\" class=\"aligncenter wp-image-9880\" src=\"https:\/\/seppeschina.com\/wp-content\/uploads\/2019\/04\/shipping.jpg\" sizes=\"auto, (max-width: 600px) 100vw, 600px\" srcset=\"https:\/\/seppeschina.com\/wp-content\/uploads\/2019\/04\/shipping.jpg 750w, https:\/\/seppeschina.com\/wp-content\/uploads\/2019\/04\/shipping-150x150.jpg 150w, https:\/\/seppeschina.com\/wp-content\/uploads\/2019\/04\/shipping-300x300.jpg 300w, https:\/\/seppeschina.com\/wp-content\/uploads\/2019\/04\/shipping-360x360.jpg 360w, https:\/\/seppeschina.com\/wp-content\/uploads\/2019\/04\/shipping-600x600.jpg 600w, https:\/\/seppeschina.com\/wp-content\/uploads\/2019\/04\/shipping-100x100.jpg 100w, https:\/\/seppeschina.com\/wp-content\/uploads\/2019\/04\/shipping-24x24.jpg 24w, https:\/\/seppeschina.com\/wp-content\/uploads\/2019\/04\/shipping-48x48.jpg 48w, https:\/\/seppeschina.com\/wp-content\/uploads\/2019\/04\/shipping-96x96.jpg 96w, https:\/\/seppeschina.com\/wp-content\/uploads\/2019\/04\/shipping-364x364.jpg 364w, https:\/\/seppeschina.com\/wp-content\/uploads\/2019\/04\/shipping-50x50.jpg 50w, https:\/\/seppeschina.com\/wp-content\/uploads\/2019\/04\/shipping-110x110.jpg 110w, https:\/\/seppeschina.com\/wp-content\/uploads\/2019\/04\/shipping-275x275.jpg 275w, https:\/\/seppeschina.com\/wp-content\/uploads\/2019\/04\/shipping-480x480.jpg 480w, https:\/\/seppeschina.com\/wp-content\/uploads\/2019\/04\/shipping-550x550.jpg 550w\" alt=\"\" width=\"600\" height=\"600\"><\/p>\n<h3>FAQ<\/h3>\n<p><strong>F: Welche Art von Motor hat das Hochgeschwindigkeitstor?<\/strong><\/p>\n<p>A: Servomotor, 220V- 0,75 KW- 50HZ-1 Phrase<\/p>\n<p><b data-spm-anchor-id=\"a2700.custom-template.0.i72.27b43333dfASdI\">F: Aus welchem Material ist der Rahmen des Hochgeschwindigkeitstores?<\/b><\/p>\n<p>A: Lackierter Stahltorrahmen, SUS304-Torrahmen, Aluminiumlegierungs-Torrahmen.<\/p>\n<p><b><span data-spm-anchor-id=\"a2700.custom-template.0.i5.27b43333UNBSMa\">F: Wie hoch ist der Preis f\u00fcr ein Hochgeschwindigkeitstor?<\/span><\/b><\/p>\n<p>A: H\u00e4ngt von der Gr\u00f6\u00dfe und weiteren Ausstattungen ab.<\/p>\n<p><b><span data-spm-anchor-id=\"a2700.custom-template.0.i4.27b43333UNBSMa\">F: F\u00fcr welche Art von Einsatzorten eignen sich Hochgeschwindigkeitstore?<\/span><\/b><\/p>\n<p>A: Weit verbreitet in gro\u00dfen Lagerhallen und Werkst\u00e4tten mit gro\u00dfen Tor\u00f6ffnungen<\/p>\n<p><b><span data-spm-anchor-id=\"a2700.custom-template.0.i7.27b43333UNBSMa\">F: Wie lange kann das Hochgeschwindigkeitstor genutzt werden?<\/span><\/b><\/p>\n<p>A: 8-10 Jahre<\/p>\n<p><b>F: K\u00f6nnen wir das Hochgeschwindigkeitstor selbst installieren?<\/b><\/p>\n<p>A: Ja, sehr einfach. Wir k\u00f6nnen englische Installationsanleitungen und Videos bereitstellen.<\/p>\n<p><b><span data-spm-anchor-id=\"a2700.custom-template.0.i93.27b43333dfASdI\">F: Was sind die automatischen \/ intelligenten \u00d6ffnungsmethoden des Hochgeschwindigkeitstores?<\/span><\/b><\/p>\n<p>A: Handtaster, automatische Bewegungssensoren, Induktionsschleifen, Zugschalter, Kartenleser, Anbindung an SPS oder AGV.<\/p>\n\n<div class=\"wpcf7 no-js\" id=\"wpcf7-f1555-o1\" lang=\"en-US\" dir=\"ltr\" data-wpcf7-id=\"1555\">\n<div class=\"screen-reader-response\"><p role=\"status\" aria-live=\"polite\" aria-atomic=\"true\"><\/p> <ul><\/ul><\/div>\n<form action=\"\/de\/wp-json\/wp\/v2\/product\/11828#wpcf7-f1555-o1\" method=\"post\" class=\"wpcf7-form init\" aria-label=\"Contact form\" novalidate=\"novalidate\" data-status=\"init\" data-trp-original-action=\"\/de\/wp-json\/wp\/v2\/product\/11828#wpcf7-f1555-o1\">\n<fieldset class=\"hidden-fields-container\"><input type=\"hidden\" name=\"_wpcf7\" value=\"1555\" \/><input type=\"hidden\" name=\"_wpcf7_version\" value=\"6.1.4\" \/><input type=\"hidden\" name=\"_wpcf7_locale\" value=\"en_US\" \/><input type=\"hidden\" name=\"_wpcf7_unit_tag\" value=\"wpcf7-f1555-o1\" \/><input type=\"hidden\" name=\"_wpcf7_container_post\" value=\"0\" \/><input type=\"hidden\" name=\"_wpcf7_posted_data_hash\" value=\"\" \/><input type=\"hidden\" name=\"_wpcf7_recaptcha_response\" value=\"\" \/>\n<\/fieldset>\n<div class=\"hunkcf71\">\n\t<p class=\"cf7-title\" style=\"font-size:25px;\"><i class=\"fa fa-envelope-o\"><\/i> Wir werden Ihre E-Mail in K\u00fcrze beantworten!\n\t<\/p>\n\t<p><span class=\"wpcf7-form-control-wrap\" data-name=\"text-737\"><input size=\"40\" maxlength=\"400\" class=\"wpcf7-form-control wpcf7-text wpcf7-validates-as-required\" aria-required=\"true\" aria-invalid=\"false\" placeholder=\"Ihr Name*\" value=\"\" type=\"text\" name=\"text-737\" \/><\/span>\n\t<\/p>\n\t<p><span class=\"wpcf7-form-control-wrap\" data-name=\"email-193\"><input size=\"40\" maxlength=\"400\" class=\"wpcf7-form-control wpcf7-email wpcf7-validates-as-required wpcf7-text wpcf7-validates-as-email\" aria-required=\"true\" aria-invalid=\"false\" placeholder=\"E-Mail-Adresse*\" value=\"\" type=\"email\" name=\"email-193\" \/><\/span>\n\t<\/p>\n\t<p><span class=\"wpcf7-form-control-wrap\" data-name=\"text-738\"><input size=\"40\" maxlength=\"400\" class=\"wpcf7-form-control wpcf7-text\" aria-invalid=\"false\" placeholder=\"Telefonnummer\" value=\"\" type=\"text\" name=\"text-738\" \/><\/span>\n\t<\/p>\n\t<p><span class=\"wpcf7-form-control-wrap\" data-name=\"textarea-837\"><textarea cols=\"40\" rows=\"10\" maxlength=\"2000\" class=\"wpcf7-form-control wpcf7-textarea wpcf7-validates-as-required\" aria-required=\"true\" aria-invalid=\"false\" placeholder=\"Teilen Sie uns Ihren Bedarf so konkret wie m\u00f6glich mit*\" name=\"textarea-837\"><\/textarea><\/span>\n\t<\/p>\n\t<p><input class=\"wpcf7-form-control wpcf7-submit has-spinner\" type=\"submit\" value=\"Senden\" \/>\n\t<\/p>\n<\/div><div class=\"wpcf7-response-output\" aria-hidden=\"true\"><\/div>\n<input type=\"hidden\" name=\"trp-form-language\" value=\"de\"\/><\/form>\n<\/div>\n\n<\/div>\n<\/div>\n<\/div>\n<\/div>","protected":false},"excerpt":{"rendered":"<p>Product Description High Speed Stacking Door\u00a0adopts a folding lifting method and multiple built-in or external horizontal wind-resistant levers, so that the wind pressure can be evenly distributed on the whole curtain, and it can resist about 10 strong winds, and its wind resistance is much higher than the conventional drum type. Details of products Structure diagram Door opening ways We have standard double-sided manual buttons, optional radar, geomagnetism, drawstring, remote control, zipper Bluetooth, etc. Colors choose Blue: RAL:5002;\u00a0Yellow: RAL:1003;\u00a0Red: RAL:3002;\u00a0White: RAL:9003;\u00a0Gray:\u00a0RAL:9006 Related product Why choose us? Company Profile Seppes Door Industry (Suzhou) Co., Ltd.\u00a0was established in 2011 and is a manufacturing and trading company with 9 years of experience. Our main products are high-speed doors, fast rolling doors, automatic rolling [&hellip;]<\/p>\n","protected":false},"featured_media":11833,"comment_status":"open","ping_status":"closed","template":"","meta":[],"product_brand":[],"product_cat":[309],"product_tag":[320],"class_list":{"0":"post-11828","1":"product","2":"type-product","3":"status-publish","4":"has-post-thumbnail","6":"product_cat-high-speed-door","7":"product_tag-high-speed-stacking-door","10":"first","11":"instock","12":"shipping-taxable","13":"product-type-simple"},"_links":{"self":[{"href":"https:\/\/seppeschina.com\/de\/wp-json\/wp\/v2\/product\/11828","targetHints":{"allow":["GET"]}}],"collection":[{"href":"https:\/\/seppeschina.com\/de\/wp-json\/wp\/v2\/product"}],"about":[{"href":"https:\/\/seppeschina.com\/de\/wp-json\/wp\/v2\/types\/product"}],"replies":[{"embeddable":true,"href":"https:\/\/seppeschina.com\/de\/wp-json\/wp\/v2\/comments?post=11828"}],"wp:featuredmedia":[{"embeddable":true,"href":"https:\/\/seppeschina.com\/de\/wp-json\/wp\/v2\/media\/11833"}],"wp:attachment":[{"href":"https:\/\/seppeschina.com\/de\/wp-json\/wp\/v2\/media?parent=11828"}],"wp:term":[{"taxonomy":"product_brand","embeddable":true,"href":"https:\/\/seppeschina.com\/de\/wp-json\/wp\/v2\/product_brand?post=11828"},{"taxonomy":"product_cat","embeddable":true,"href":"https:\/\/seppeschina.com\/de\/wp-json\/wp\/v2\/product_cat?post=11828"},{"taxonomy":"product_tag","embeddable":true,"href":"https:\/\/seppeschina.com\/de\/wp-json\/wp\/v2\/product_tag?post=11828"}],"curies":[{"name":"wp","href":"https:\/\/api.w.org\/{rel}","templated":true}]}}