{"id":12261,"date":"2021-05-12T11:53:50","date_gmt":"2021-05-12T03:53:50","guid":{"rendered":"https:\/\/seppeschina.com\/?post_type=product&#038;p=12261"},"modified":"2021-05-13T13:48:07","modified_gmt":"2021-05-13T05:48:07","slug":"hochgeschwindigkeits-aluminium-rolltor","status":"publish","type":"product","link":"https:\/\/seppeschina.com\/de\/product\/high-speed-aluminum-roller-shutter-door\/","title":{"rendered":"Hochgeschwindigkeits-Aluminium-Rolltor"},"content":{"rendered":"<h3><span style=\"color: #3366ff;\"><strong>Produktbeschreibung<\/strong><\/span><\/h3>\n<p><strong>High speed aluminum roller shutter door<\/strong> is <a href=\"https:\/\/seppeschina.com\/de\/product-category\/hochgeschwindigkeits-spiralrolltor\/\">SEPPES<\/a> door with anti-theft,save energy,good sealing,high efficiency,anti-wind.It is used to logistics channel for fast and frequent use,the maximum opening speed of the door is 2.35m\/s. Those door is able to save more cost and reduce energy loss for many enterprises.it can save about 50% energy loss than common sectional garage door, <a href=\"https:\/\/www.bengshutterdoors.com.sg\/\" target=\"_blank\" rel=\"noopener\">metal roller shutter door<\/a> and others door.<\/p>\n<p><img loading=\"lazy\" decoding=\"async\" class=\"aligncenter wp-image-11706 size-full\" title=\"Seppes Schnelltore\" src=\"https:\/\/seppeschina.com\/wp-content\/uploads\/2021\/03\/\u56fe\u724732.jpg\" alt=\"Seppes Schnelltore\" width=\"600\" height=\"400\" srcset=\"https:\/\/seppeschina.com\/wp-content\/uploads\/2021\/03\/\u56fe\u724732.jpg 600w, https:\/\/seppeschina.com\/wp-content\/uploads\/2021\/03\/\u56fe\u724732-360x240.jpg 360w, https:\/\/seppeschina.com\/wp-content\/uploads\/2021\/03\/\u56fe\u724732-300x200.jpg 300w, https:\/\/seppeschina.com\/wp-content\/uploads\/2021\/03\/\u56fe\u724732-128x84.jpg 128w, https:\/\/seppeschina.com\/wp-content\/uploads\/2021\/03\/\u56fe\u724732-550x367.jpg 550w\" sizes=\"auto, (max-width: 600px) 100vw, 600px\" \/><\/p>\n<h3><span style=\"color: #3366ff;\"><br \/>\n<img loading=\"lazy\" decoding=\"async\" class=\"aligncenter size-full wp-image-11822\" style=\"color: #2b2b2b; font-size: 16px; font-weight: 400;\" src=\"https:\/\/seppeschina.com\/wp-content\/uploads\/2021\/04\/\u786c\u8d28\u5feb\u901f\u95e8_04.jpg\" alt=\"\" width=\"600\" height=\"348\" srcset=\"https:\/\/seppeschina.com\/wp-content\/uploads\/2021\/04\/\u786c\u8d28\u5feb\u901f\u95e8_04.jpg 600w, https:\/\/seppeschina.com\/wp-content\/uploads\/2021\/04\/\u786c\u8d28\u5feb\u901f\u95e8_04-360x209.jpg 360w, https:\/\/seppeschina.com\/wp-content\/uploads\/2021\/04\/\u786c\u8d28\u5feb\u901f\u95e8_04-300x174.jpg 300w, https:\/\/seppeschina.com\/wp-content\/uploads\/2021\/04\/\u786c\u8d28\u5feb\u901f\u95e8_04-550x319.jpg 550w\" sizes=\"auto, (max-width: 600px) 100vw, 600px\" \/><\/span><\/h3>\n<h3><span style=\"color: #3366ff;\">Feature<\/span><\/h3>\n<p>1.Insulation:0.7mm thick double-layer aluminum alloy door panel, filled with high-density polyurethane foam in the middle, each cubic volume density \u2265 50kg, total thickness of the door panel is 40mm, broken bridge insulation structure design.<\/p>\n<p>2.Fast:Opening speed 1.2-2.35m\/s, adjustable, closing speed 0.6m\/s, adjustable.<\/p>\n<p>3.Security:Infrared safety anti-pinch protection device is standard, theentire light curtain and the bottom edge of the wireless airbag are optional (Seppes patented technology).<\/p>\n<p>4.Airtight:The four-layer sealing structure ensures the airtightness and isolation effect inside and outside the door. The air tightness is 8.63m\u00b3\/( \u33a1 xh) up to international level 3, and the water tightness \u2264700Pa, reaching the international standard level.<\/p>\n<p>5.Wind resistance:High-strength door panel and transmission mechanism, wind resistance capacity up to 32m\/s (12 levels).<\/p>\n<h3><span style=\"color: #3366ff;\">Details<\/span><\/h3>\n<p><img loading=\"lazy\" decoding=\"async\" class=\"aligncenter size-full wp-image-11823\" src=\"https:\/\/seppeschina.com\/wp-content\/uploads\/2021\/04\/\u786c\u8d28\u5feb\u901f\u95e8_03.gif\" alt=\"\" width=\"600\" height=\"634\" \/><\/p>\n<div class=\"J_module\">\n<div class=\"detail-decorate-json-renderer-container\">\n<div class=\"magic-4\">\n<div class=\"magic-5\">\n<div class=\"magic-6\">\n<h3 class=\"magic-7\"><span style=\"color: #3366ff;\"><b><span class=\"magic-21\" data-spm-anchor-id=\"a2700.details.pronpeci14.i13.12355170Y9xOFu\">Strukturdiagramm<\/span><\/b><\/span><\/h3>\n<\/div>\n<\/div>\n<\/div>\n<\/div>\n<\/div>\n<div class=\"J_module\">\n<div class=\"icbu-pc-images magic-0\">\n<div>\n<div class=\"flex-layout-v\">\n<div class=\"flex-layout-h magic-0\"><img loading=\"lazy\" decoding=\"async\" class=\"aligncenter wp-image-12071\" title=\"Hochgeschwindigkeits-Spiralrolltor\" src=\"https:\/\/seppeschina.com\/wp-content\/uploads\/2021\/04\/%E5%BE%AE%E4%BF%A1%E5%9B%BE%E7%89%87_20210322151602.jpg\" alt=\"Hochgeschwindigkeits-Spiralrolltor\" width=\"600\" height=\"640\" \/><\/div>\n<\/div>\n<\/div>\n<\/div>\n<\/div>\n<h3><span style=\"color: #3366ff;\">T\u00fcr\u00f6ffnungsarten<\/span><\/h3>\n<p><img loading=\"lazy\" decoding=\"async\" class=\"aligncenter wp-image-9999\" src=\"https:\/\/seppeschina.com\/wp-content\/uploads\/2019\/04\/\u672a\u6807\u9898-2.jpg\" alt=\"\" width=\"598\" height=\"598\" srcset=\"https:\/\/seppeschina.com\/wp-content\/uploads\/2019\/04\/\u672a\u6807\u9898-2.jpg 750w, https:\/\/seppeschina.com\/wp-content\/uploads\/2019\/04\/\u672a\u6807\u9898-2-360x360.jpg 360w, https:\/\/seppeschina.com\/wp-content\/uploads\/2019\/04\/\u672a\u6807\u9898-2-100x100.jpg 100w, https:\/\/seppeschina.com\/wp-content\/uploads\/2019\/04\/\u672a\u6807\u9898-2-600x600.jpg 600w, https:\/\/seppeschina.com\/wp-content\/uploads\/2019\/04\/\u672a\u6807\u9898-2-300x300.jpg 300w, https:\/\/seppeschina.com\/wp-content\/uploads\/2019\/04\/\u672a\u6807\u9898-2-150x150.jpg 150w, https:\/\/seppeschina.com\/wp-content\/uploads\/2019\/04\/\u672a\u6807\u9898-2-24x24.jpg 24w, https:\/\/seppeschina.com\/wp-content\/uploads\/2019\/04\/\u672a\u6807\u9898-2-48x48.jpg 48w, https:\/\/seppeschina.com\/wp-content\/uploads\/2019\/04\/\u672a\u6807\u9898-2-96x96.jpg 96w, https:\/\/seppeschina.com\/wp-content\/uploads\/2019\/04\/\u672a\u6807\u9898-2-364x364.jpg 364w, https:\/\/seppeschina.com\/wp-content\/uploads\/2019\/04\/\u672a\u6807\u9898-2-50x50.jpg 50w, https:\/\/seppeschina.com\/wp-content\/uploads\/2019\/04\/\u672a\u6807\u9898-2-110x110.jpg 110w, https:\/\/seppeschina.com\/wp-content\/uploads\/2019\/04\/\u672a\u6807\u9898-2-275x275.jpg 275w, https:\/\/seppeschina.com\/wp-content\/uploads\/2019\/04\/\u672a\u6807\u9898-2-480x480.jpg 480w, https:\/\/seppeschina.com\/wp-content\/uploads\/2019\/04\/\u672a\u6807\u9898-2-550x550.jpg 550w\" sizes=\"auto, (max-width: 598px) 100vw, 598px\" \/><\/p>\n<h3 class=\"magic-14\"><span style=\"color: #3366ff;\"><b class=\"magic-15\"><span class=\"magic-16\" data-spm-anchor-id=\"a2700.details.pronpeci14.i2.79674380esgSi0\">Installationsbedingungen<\/span><\/b><\/span><\/h3>\n<div class=\"magic-14\">\n<div><img loading=\"lazy\" decoding=\"async\" class=\"alignnone wp-image-10059 size-full\" title=\"Hochgeschwindigkeits-Spiralrolltor\" src=\"https:\/\/seppeschina.com\/wp-content\/uploads\/2019\/02\/\u5b89\u88c5\u786c\u5feb.jpg\" alt=\"Hochgeschwindigkeits-Spiralrolltor\" width=\"750\" height=\"750\" srcset=\"https:\/\/seppeschina.com\/wp-content\/uploads\/2019\/02\/\u5b89\u88c5\u786c\u5feb.jpg 750w, https:\/\/seppeschina.com\/wp-content\/uploads\/2019\/02\/\u5b89\u88c5\u786c\u5feb-360x360.jpg 360w, https:\/\/seppeschina.com\/wp-content\/uploads\/2019\/02\/\u5b89\u88c5\u786c\u5feb-100x100.jpg 100w, https:\/\/seppeschina.com\/wp-content\/uploads\/2019\/02\/\u5b89\u88c5\u786c\u5feb-600x600.jpg 600w, https:\/\/seppeschina.com\/wp-content\/uploads\/2019\/02\/\u5b89\u88c5\u786c\u5feb-300x300.jpg 300w, https:\/\/seppeschina.com\/wp-content\/uploads\/2019\/02\/\u5b89\u88c5\u786c\u5feb-150x150.jpg 150w, https:\/\/seppeschina.com\/wp-content\/uploads\/2019\/02\/\u5b89\u88c5\u786c\u5feb-24x24.jpg 24w, https:\/\/seppeschina.com\/wp-content\/uploads\/2019\/02\/\u5b89\u88c5\u786c\u5feb-48x48.jpg 48w, https:\/\/seppeschina.com\/wp-content\/uploads\/2019\/02\/\u5b89\u88c5\u786c\u5feb-96x96.jpg 96w, https:\/\/seppeschina.com\/wp-content\/uploads\/2019\/02\/\u5b89\u88c5\u786c\u5feb-364x364.jpg 364w, https:\/\/seppeschina.com\/wp-content\/uploads\/2019\/02\/\u5b89\u88c5\u786c\u5feb-50x50.jpg 50w, https:\/\/seppeschina.com\/wp-content\/uploads\/2019\/02\/\u5b89\u88c5\u786c\u5feb-110x110.jpg 110w, https:\/\/seppeschina.com\/wp-content\/uploads\/2019\/02\/\u5b89\u88c5\u786c\u5feb-275x275.jpg 275w, https:\/\/seppeschina.com\/wp-content\/uploads\/2019\/02\/\u5b89\u88c5\u786c\u5feb-480x480.jpg 480w, https:\/\/seppeschina.com\/wp-content\/uploads\/2019\/02\/\u5b89\u88c5\u786c\u5feb-550x550.jpg 550w\" sizes=\"auto, (max-width: 750px) 100vw, 750px\" \/><\/div>\n<h3><span style=\"color: #3366ff;\">Verwandte Produkte<\/span><\/h3>\n<div>\n<h3><span style=\"color: #3366ff;\"><img loading=\"lazy\" decoding=\"async\" class=\"aligncenter size-full wp-image-11533\" src=\"https:\/\/seppeschina.com\/wp-content\/uploads\/2021\/03\/\u5feb\u901f\u95e8_08.gif\" alt=\"\" width=\"600\" height=\"528\" \/><\/span><\/h3>\n<\/div>\n<div><\/div>\n<div>\n<h3><span style=\"color: #3366ff;\"><strong><b>Unternehmensprofil<\/b><\/strong><\/span><\/h3>\n<p><img loading=\"lazy\" decoding=\"async\" class=\"aligncenter size-full wp-image-11606\" src=\"https:\/\/seppeschina.com\/wp-content\/uploads\/2021\/03\/seppes-door8.gif\" alt=\"\" width=\"600\" height=\"502\" \/><\/p>\n<h3><span style=\"color: #3366ff;\"><strong><b>Fabrikpr\u00e4sentation<\/b><\/strong><\/span><\/h3>\n<p><img loading=\"lazy\" decoding=\"async\" class=\"aligncenter wp-image-11604 size-full\" src=\"https:\/\/seppeschina.com\/wp-content\/uploads\/2021\/03\/seppes-door6.gif\" alt=\"\" width=\"600\" height=\"358\" \/><\/p>\n<h3><span style=\"color: #3366ff;\"><strong><b>Ausstellung<\/b><\/strong><\/span><\/h3>\n<p><img loading=\"lazy\" decoding=\"async\" class=\"aligncenter wp-image-11605 size-full\" src=\"https:\/\/seppeschina.com\/wp-content\/uploads\/2021\/03\/seppes-door7.gif\" alt=\"\" width=\"600\" height=\"338\" \/><\/p>\n<h3><span style=\"color: #3366ff;\"><strong><b>Vorteile<\/b><\/strong><\/span><\/h3>\n<p><img loading=\"lazy\" decoding=\"async\" class=\"aligncenter size-full wp-image-11824\" src=\"https:\/\/seppeschina.com\/wp-content\/uploads\/2021\/04\/\u786c\u8d28\u5feb\u901f\u95e8_02.gif\" alt=\"\" width=\"600\" height=\"636\" \/><\/p>\n<h3><span style=\"color: #3366ff;\"><strong><b>Anwendungen<\/b><\/strong><\/span><\/h3>\n<p><strong><b><img loading=\"lazy\" decoding=\"async\" class=\"aligncenter wp-image-11612 size-full\" src=\"https:\/\/seppeschina.com\/wp-content\/uploads\/2021\/03\/seppes-door2.jpg\" alt=\"\" width=\"600\" height=\"723\" srcset=\"https:\/\/seppeschina.com\/wp-content\/uploads\/2021\/03\/seppes-door2.jpg 600w, https:\/\/seppeschina.com\/wp-content\/uploads\/2021\/03\/seppes-door2-360x434.jpg 360w, https:\/\/seppeschina.com\/wp-content\/uploads\/2021\/03\/seppes-door2-249x300.jpg 249w, https:\/\/seppeschina.com\/wp-content\/uploads\/2021\/03\/seppes-door2-456x550.jpg 456w\" sizes=\"auto, (max-width: 600px) 100vw, 600px\" \/><\/b><\/strong><\/p>\n<h3><span style=\"color: #3366ff;\"><strong><b>Unsere Partner<\/b><\/strong><\/span><\/h3>\n<p>Wir sind kooperativer Lieferant f\u00fcr fast 60 Fortune-500-Unternehmen wie IKEA, Logitech, Fresenius, Akzo Nobel usw.<\/p>\n<p><img loading=\"lazy\" decoding=\"async\" class=\"aligncenter wp-image-11608 size-full\" src=\"https:\/\/seppeschina.com\/wp-content\/uploads\/2021\/03\/seppes-door10.gif\" alt=\"\" width=\"600\" height=\"491\" \/><\/p>\n<h3><span style=\"color: #3366ff;\"><strong><b>Zertifizierungen<\/b><\/strong><\/span><\/h3>\n<p><img loading=\"lazy\" decoding=\"async\" class=\"aligncenter wp-image-11597 size-full\" src=\"https:\/\/seppeschina.com\/wp-content\/uploads\/2021\/03\/fast-door6.gif\" alt=\"\" width=\"600\" height=\"488\" \/><\/p>\n<p>&nbsp;<\/p>\n<h3><span style=\"color: #3366ff;\"><strong><b>Lieferung &amp; Verpackung<\/b><\/strong><\/span><\/h3>\n<p>Unsere Verpackungsmethode ist Holzkistenverpackung, und die Transportmethoden umfassen Express, Luft und See. In der Regel 3-7 Tage nach Auftragserteilung.<\/p>\n<p><img loading=\"lazy\" decoding=\"async\" class=\"aligncenter wp-image-11818 size-full\" src=\"https:\/\/seppeschina.com\/wp-content\/uploads\/2021\/04\/H847d78bca14e40ceb2854a49609655195.png\" alt=\"\" width=\"750\" height=\"310\" srcset=\"https:\/\/seppeschina.com\/wp-content\/uploads\/2021\/04\/H847d78bca14e40ceb2854a49609655195.png 750w, https:\/\/seppeschina.com\/wp-content\/uploads\/2021\/04\/H847d78bca14e40ceb2854a49609655195-360x149.png 360w, https:\/\/seppeschina.com\/wp-content\/uploads\/2021\/04\/H847d78bca14e40ceb2854a49609655195-600x248.png 600w, https:\/\/seppeschina.com\/wp-content\/uploads\/2021\/04\/H847d78bca14e40ceb2854a49609655195-300x124.png 300w, https:\/\/seppeschina.com\/wp-content\/uploads\/2021\/04\/H847d78bca14e40ceb2854a49609655195-550x227.png 550w\" sizes=\"auto, (max-width: 750px) 100vw, 750px\" \/><\/p>\n<h3><span style=\"color: #3366ff;\">FAQ<\/span><\/h3>\n<p><strong>F: Wie sieht es mit der Leistung und Spannung aus?<\/strong><\/p>\n<p><strong>A: Kann angepasst werden. Normalerweise 220 V, 0,75 KW, 50 HZ, 1-phasig.<\/strong><\/p>\n<p><strong>Q\uff1aWhat\u2019s the material of high speed aluminum roller shutter door frame can choose ?<\/strong><\/p>\n<p><strong>A\uff1aaluminium alloy door frame<\/strong><\/p>\n<p><strong>Q\uff1aWhat\u2019s the price of high speed aluminum roller shutter door ?<\/strong><\/p>\n<p><strong>A: H\u00e4ngt von Ihrer Gr\u00f6\u00dfe und weiteren Ausstattungen ab.<\/strong><\/p>\n<p><strong>Q\uff1aHow to choose the high speed aluminum alloy door factory?<\/strong><\/p>\n<p><strong>A: Zertifiziert, SGS, CE, mehr als 10 Jahre Erfahrung.<\/strong><\/p>\n<p><strong>Q\uff1aCan we install the high speed roller shutter door by ourselves?<\/strong><\/p>\n<p><strong>A: Ja, sehr einfach. Wir k\u00f6nnen englische Installationsanleitungen und Videos bereitstellen.\u00a0<\/strong><\/p>\n<p><strong>F: Wie lange ist die Nutzungsdauer?<\/strong><\/p>\n<p><strong>A: Etwa 10\u201315 Jahre.<\/strong><\/p>\n<p><strong>Q\uff1aWhat\u2019s the automatic \/ intellegient opening methods of high speed aluminum door?<\/strong><\/p>\n<p><strong>A: Manueller Druckknopf, automatischer Bewegungssensor, Induktionsschleife, Zugschalter, Kartenleser, Anbindung an PLC oder AGV.<\/strong><\/p>\n\n<div class=\"wpcf7 no-js\" id=\"wpcf7-f1555-o1\" lang=\"en-US\" dir=\"ltr\" data-wpcf7-id=\"1555\">\n<div class=\"screen-reader-response\"><p role=\"status\" aria-live=\"polite\" aria-atomic=\"true\"><\/p> <ul><\/ul><\/div>\n<form action=\"\/de\/wp-json\/wp\/v2\/product\/12261#wpcf7-f1555-o1\" method=\"post\" class=\"wpcf7-form init\" aria-label=\"Contact form\" novalidate=\"novalidate\" data-status=\"init\" data-trp-original-action=\"\/de\/wp-json\/wp\/v2\/product\/12261#wpcf7-f1555-o1\">\n<fieldset class=\"hidden-fields-container\"><input type=\"hidden\" name=\"_wpcf7\" value=\"1555\" \/><input type=\"hidden\" name=\"_wpcf7_version\" value=\"6.1.4\" \/><input type=\"hidden\" name=\"_wpcf7_locale\" value=\"en_US\" \/><input type=\"hidden\" name=\"_wpcf7_unit_tag\" value=\"wpcf7-f1555-o1\" \/><input type=\"hidden\" name=\"_wpcf7_container_post\" value=\"0\" \/><input type=\"hidden\" name=\"_wpcf7_posted_data_hash\" value=\"\" \/><input type=\"hidden\" name=\"_wpcf7_recaptcha_response\" value=\"\" \/>\n<\/fieldset>\n<div class=\"hunkcf71\">\n\t<p class=\"cf7-title\" style=\"font-size:25px;\"><i class=\"fa fa-envelope-o\"><\/i> Wir werden Ihre E-Mail in K\u00fcrze beantworten!\n\t<\/p>\n\t<p><span class=\"wpcf7-form-control-wrap\" data-name=\"text-737\"><input size=\"40\" maxlength=\"400\" class=\"wpcf7-form-control wpcf7-text wpcf7-validates-as-required\" aria-required=\"true\" aria-invalid=\"false\" placeholder=\"Ihr Name*\" value=\"\" type=\"text\" name=\"text-737\" \/><\/span>\n\t<\/p>\n\t<p><span class=\"wpcf7-form-control-wrap\" data-name=\"email-193\"><input size=\"40\" maxlength=\"400\" class=\"wpcf7-form-control wpcf7-email wpcf7-validates-as-required wpcf7-text wpcf7-validates-as-email\" aria-required=\"true\" aria-invalid=\"false\" placeholder=\"E-Mail-Adresse*\" value=\"\" type=\"email\" name=\"email-193\" \/><\/span>\n\t<\/p>\n\t<p><span class=\"wpcf7-form-control-wrap\" data-name=\"text-738\"><input size=\"40\" maxlength=\"400\" class=\"wpcf7-form-control wpcf7-text\" aria-invalid=\"false\" placeholder=\"Telefonnummer\" value=\"\" type=\"text\" name=\"text-738\" \/><\/span>\n\t<\/p>\n\t<p><span class=\"wpcf7-form-control-wrap\" data-name=\"textarea-837\"><textarea cols=\"40\" rows=\"10\" maxlength=\"2000\" class=\"wpcf7-form-control wpcf7-textarea wpcf7-validates-as-required\" aria-required=\"true\" aria-invalid=\"false\" placeholder=\"Teilen Sie uns Ihren Bedarf so konkret wie m\u00f6glich mit*\" name=\"textarea-837\"><\/textarea><\/span>\n\t<\/p>\n\t<p><input class=\"wpcf7-form-control wpcf7-submit has-spinner\" type=\"submit\" value=\"Senden\" \/>\n\t<\/p>\n<\/div><div class=\"wpcf7-response-output\" aria-hidden=\"true\"><\/div>\n<input type=\"hidden\" name=\"trp-form-language\" value=\"de\"\/><\/form>\n<\/div>\n\n<\/div>\n<\/div>","protected":false},"excerpt":{"rendered":"<p><strong><span lang=\"en\">F\u00fcnf strukturelle Konzepte <\/span><\/strong><\/p>\n<p><strong><span lang=\"en\">1. Standard-Spiralsaugstruktur <\/span><\/strong><\/p>\n<p><strong><span lang=\"en\">2. Elliptische Spiralsaugstruktur <\/span><\/strong><\/p>\n<p><strong><span lang=\"en\">3. L-f\u00f6rmige Struktur <\/span><\/strong><\/p>\n<p><strong><span lang=\"en\">4. Vertikale Struktur<\/span><\/strong><\/p>\n<p><strong><span lang=\"en\"> 5. Liegestruktur<\/span><\/strong><\/p>","protected":false},"featured_media":12265,"comment_status":"open","ping_status":"closed","template":"","meta":[],"product_brand":[],"product_cat":[253],"product_tag":[391,350],"class_list":{"0":"post-12261","1":"product","2":"type-product","3":"status-publish","4":"has-post-thumbnail","6":"product_cat-high-speed-spiral-door","7":"product_tag-high-speed-aluminum-roller-shutter-door","8":"product_tag-high-speed-spiral-door","11":"first","12":"instock","13":"shipping-taxable","14":"product-type-simple"},"_links":{"self":[{"href":"https:\/\/seppeschina.com\/de\/wp-json\/wp\/v2\/product\/12261","targetHints":{"allow":["GET"]}}],"collection":[{"href":"https:\/\/seppeschina.com\/de\/wp-json\/wp\/v2\/product"}],"about":[{"href":"https:\/\/seppeschina.com\/de\/wp-json\/wp\/v2\/types\/product"}],"replies":[{"embeddable":true,"href":"https:\/\/seppeschina.com\/de\/wp-json\/wp\/v2\/comments?post=12261"}],"wp:featuredmedia":[{"embeddable":true,"href":"https:\/\/seppeschina.com\/de\/wp-json\/wp\/v2\/media\/12265"}],"wp:attachment":[{"href":"https:\/\/seppeschina.com\/de\/wp-json\/wp\/v2\/media?parent=12261"}],"wp:term":[{"taxonomy":"product_brand","embeddable":true,"href":"https:\/\/seppeschina.com\/de\/wp-json\/wp\/v2\/product_brand?post=12261"},{"taxonomy":"product_cat","embeddable":true,"href":"https:\/\/seppeschina.com\/de\/wp-json\/wp\/v2\/product_cat?post=12261"},{"taxonomy":"product_tag","embeddable":true,"href":"https:\/\/seppeschina.com\/de\/wp-json\/wp\/v2\/product_tag?post=12261"}],"curies":[{"name":"wp","href":"https:\/\/api.w.org\/{rel}","templated":true}]}}