{"id":12507,"date":"2021-07-23T16:23:34","date_gmt":"2021-07-23T08:23:34","guid":{"rendered":"https:\/\/seppeschina.com\/?post_type=product&#038;p=12507"},"modified":"2025-06-17T17:05:33","modified_gmt":"2025-06-17T09:05:33","slug":"hochgeschwindigkeitstor","status":"publish","type":"product","link":"https:\/\/seppeschina.com\/de\/product\/high-speed-door\/","title":{"rendered":"Hochgeschwindigkeitstor"},"content":{"rendered":"<h2><strong>Beschreibung<\/strong><\/h2>\n<p><strong data-start=\"166\" data-end=\"332\">SEPPES ist ein vertrauensw\u00fcrdiger Hersteller von Hochgeschwindigkeitstoren mit \u00fcber 14 Jahren Erfahrung, der Logistikzentren, Reinr\u00e4ume und Industrieanlagen in \u00fcber 70 L\u00e4ndern beliefert.<\/strong><\/p>\n<p><br data-start=\"332\" data-end=\"335\" \/>Unsere PVC-Schnellrolltore arbeiten mit bis zu <strong data-start=\"382\" data-end=\"393\">0,8-1,2 m\/s<\/strong>, unterst\u00fctzen <strong data-start=\"403\" data-end=\"426\">\u00fcber 50 Zyklen pro Stunde<\/strong>, und bieten <strong data-start=\"438\" data-end=\"483\">hervorragende Abdichtung, Sicherheit und Langlebigkeit.<\/strong>.<\/p>\n<p><br data-start=\"484\" data-end=\"487\" \/>Zertifiziert mit <strong data-start=\"504\" data-end=\"510\">CE<\/strong>, <strong data-start=\"512\" data-end=\"519\">ISO<\/strong>, und installiert von <strong data-start=\"538\" data-end=\"561\">Fortune-500-Kunden<\/strong>, sind SEPPES-Tore f\u00fcr hohe Leistung in anspruchsvollen Umgebungen konzipiert \u2013<strong data-start=\"638\" data-end=\"700\">zu einem weitaus wettbewerbsf\u00e4higeren Preis als internationale Marken.<\/strong><\/p>\n<p><img loading=\"lazy\" decoding=\"async\" class=\"aligncenter size-full wp-image-13060\" src=\"https:\/\/seppeschina.com\/wp-content\/uploads\/2021\/07\/2-2.jpg\" alt=\"\" width=\"750\" height=\"766\" srcset=\"https:\/\/seppeschina.com\/wp-content\/uploads\/2021\/07\/2-2.jpg 750w, https:\/\/seppeschina.com\/wp-content\/uploads\/2021\/07\/2-2-360x368.jpg 360w, https:\/\/seppeschina.com\/wp-content\/uploads\/2021\/07\/2-2-600x613.jpg 600w, https:\/\/seppeschina.com\/wp-content\/uploads\/2021\/07\/2-2-294x300.jpg 294w, https:\/\/seppeschina.com\/wp-content\/uploads\/2021\/07\/2-2-24x24.jpg 24w, https:\/\/seppeschina.com\/wp-content\/uploads\/2021\/07\/2-2-48x48.jpg 48w, https:\/\/seppeschina.com\/wp-content\/uploads\/2021\/07\/2-2-50x50.jpg 50w, https:\/\/seppeschina.com\/wp-content\/uploads\/2021\/07\/2-2-539x550.jpg 539w\" sizes=\"auto, (max-width: 750px) 100vw, 750px\" \/><\/p>\n<h2>Projektf\u00e4lle<\/h2>\n<p><img loading=\"lazy\" decoding=\"async\" class=\"aligncenter size-full wp-image-13062\" src=\"https:\/\/seppeschina.com\/wp-content\/uploads\/2021\/07\/3\u4fee\u6539.jpg\" alt=\"\" width=\"750\" height=\"776\" srcset=\"https:\/\/seppeschina.com\/wp-content\/uploads\/2021\/07\/3\u4fee\u6539.jpg 750w, https:\/\/seppeschina.com\/wp-content\/uploads\/2021\/07\/3\u4fee\u6539-360x372.jpg 360w, https:\/\/seppeschina.com\/wp-content\/uploads\/2021\/07\/3\u4fee\u6539-600x621.jpg 600w, https:\/\/seppeschina.com\/wp-content\/uploads\/2021\/07\/3\u4fee\u6539-290x300.jpg 290w, https:\/\/seppeschina.com\/wp-content\/uploads\/2021\/07\/3\u4fee\u6539-24x24.jpg 24w, https:\/\/seppeschina.com\/wp-content\/uploads\/2021\/07\/3\u4fee\u6539-532x550.jpg 532w\" sizes=\"auto, (max-width: 750px) 100vw, 750px\" \/><\/p>\n<p data-start=\"1054\" data-end=\"1200\"><strong>| Lebensmittel- und Arzneimittelherstellung |<\/strong><br data-start=\"1092\" data-end=\"1095\" \/>Installation in einer GMP-zertifizierten Lebensmittelfabrik, gew\u00e4hrleistet Luftisolation und schnellen Zugang mit \u00fcber 50 t\u00e4glichen Zyklen.<\/p>\n<p data-start=\"1202\" data-end=\"1339\"><strong>| Smart Factory AGV-Anbindung |<\/strong><br data-start=\"1234\" data-end=\"1237\" \/>Ma\u00dfgefertigtes Tor mit Lichtvorhang und Radar, erm\u00f6glicht ber\u00fchrungslosen AGV-Zugang in einer automatisierten Anlage.<\/p>\n<p data-start=\"1341\" data-end=\"1486\"><strong>| Reinraum Luftschleuse |<\/strong><br data-start=\"1373\" data-end=\"1376\" \/>Einsatz in einem pharmazeutischen Reinraum mit hoher Luftdichtheit, verbessert die Staubkontrolle und Arbeitsablauftrennung.<\/p>\n<p data-start=\"1488\" data-end=\"1626\"><strong>| Pr\u00e4zisionswerkstatt |<\/strong><br data-start=\"1513\" data-end=\"1516\" \/>Antistatisches PVC-Tor installiert in einer Hochpr\u00e4zisions-Elektronikfabrik mit strengen Umweltanforderungen.<\/p>\n<p data-start=\"1628\" data-end=\"1746\"><strong>| Automobilwerkstatt |<\/strong><br data-start=\"1654\" data-end=\"1657\" \/>Hochbelastbares Schnelltor, ausgelegt f\u00fcr gro\u00dfe \u00d6ffnungsma\u00dfe und hochfrequenten Logistikzugang.<\/p>\n<p data-start=\"1748\" data-end=\"1885\"><strong>| Elektronikfertigung |<\/strong><br data-start=\"1780\" data-end=\"1783\" \/>Einsatz in einer PCB-Produktionslinie mit mehreren Schnelltoren zur Staubkontrolle und schlanken Produktionsabl\u00e4ufen.<\/p>\n<h2>Details<\/h2>\n<p><img loading=\"lazy\" decoding=\"async\" class=\"aligncenter size-full wp-image-12509\" src=\"https:\/\/seppeschina.com\/wp-content\/uploads\/2021\/07\/fast-door-4.jpg\" alt=\"\" width=\"750\" height=\"748\" srcset=\"https:\/\/seppeschina.com\/wp-content\/uploads\/2021\/07\/fast-door-4.jpg 750w, https:\/\/seppeschina.com\/wp-content\/uploads\/2021\/07\/fast-door-4-360x359.jpg 360w, https:\/\/seppeschina.com\/wp-content\/uploads\/2021\/07\/fast-door-4-100x100.jpg 100w, https:\/\/seppeschina.com\/wp-content\/uploads\/2021\/07\/fast-door-4-600x598.jpg 600w, https:\/\/seppeschina.com\/wp-content\/uploads\/2021\/07\/fast-door-4-300x300.jpg 300w, https:\/\/seppeschina.com\/wp-content\/uploads\/2021\/07\/fast-door-4-150x150.jpg 150w, https:\/\/seppeschina.com\/wp-content\/uploads\/2021\/07\/fast-door-4-24x24.jpg 24w, https:\/\/seppeschina.com\/wp-content\/uploads\/2021\/07\/fast-door-4-48x48.jpg 48w, https:\/\/seppeschina.com\/wp-content\/uploads\/2021\/07\/fast-door-4-96x96.jpg 96w, https:\/\/seppeschina.com\/wp-content\/uploads\/2021\/07\/fast-door-4-364x364.jpg 364w, https:\/\/seppeschina.com\/wp-content\/uploads\/2021\/07\/fast-door-4-50x50.jpg 50w, https:\/\/seppeschina.com\/wp-content\/uploads\/2021\/07\/fast-door-4-110x110.jpg 110w, https:\/\/seppeschina.com\/wp-content\/uploads\/2021\/07\/fast-door-4-275x275.jpg 275w, https:\/\/seppeschina.com\/wp-content\/uploads\/2021\/07\/fast-door-4-480x480.jpg 480w, https:\/\/seppeschina.com\/wp-content\/uploads\/2021\/07\/fast-door-4-550x550.jpg 550w\" sizes=\"auto, (max-width: 750px) 100vw, 750px\" \/><\/p>\n<h3 data-start=\"503\" data-end=\"548\"><strong data-start=\"503\" data-end=\"548\">Schl\u00fcsselkomponenten des SEPPES Hochgeschwindigkeitstores:<\/strong><\/h3>\n<ul data-start=\"553\" data-end=\"1486\">\n<li data-start=\"553\" data-end=\"711\">\n<p data-start=\"555\" data-end=\"711\"><strong data-start=\"555\" data-end=\"571\">PVC-Tuch:<\/strong> Hergestellt aus verschlei\u00dffestem und flexiblem PVC, geeignet f\u00fcr lebensmittelkonforme oder Reinraumanwendungen. Verf\u00fcgbar in mehreren Farben und St\u00e4rken.<\/p>\n<\/li>\n<li data-start=\"714\" data-end=\"862\">\n<p data-start=\"716\" data-end=\"862\"><strong data-start=\"716\" data-end=\"740\">Lackierter Stahlrahmen:<\/strong> Korrosionsbest\u00e4ndige Oberfl\u00e4che, langlebig bei h\u00e4ufigen \u00d6ffnungs- und Schlie\u00dfzyklen. Anpassbar in verzinktem oder rostfreiem Stahl.<\/p>\n<\/li>\n<li data-start=\"865\" data-end=\"1000\">\n<p data-start=\"867\" data-end=\"1000\"><strong data-start=\"867\" data-end=\"893\">Windschiene (Windstab):<\/strong> Erh\u00f6ht die Windbest\u00e4ndigkeit und gew\u00e4hrleistet die Torstabilit\u00e4t bei Druckdifferenzen oder Au\u00dfeninstallation.<\/p>\n<\/li>\n<li data-start=\"1003\" data-end=\"1136\">\n<p data-start=\"1005\" data-end=\"1136\"><strong data-start=\"1005\" data-end=\"1026\">Infrarotsensoren:<\/strong> Zweiseitige Sensoren f\u00fcr sicheren Betrieb; stoppen und kehren automatisch um, wenn beim Schlie\u00dfen Hindernisse erkannt werden.<\/p>\n<\/li>\n<li data-start=\"1139\" data-end=\"1226\">\n<p data-start=\"1141\" data-end=\"1226\"><strong data-start=\"1141\" data-end=\"1156\">B\u00fcrstendichtung:<\/strong> In der F\u00fchrungsschiene montiert, reduziert Ger\u00e4usche, Staub und Luftleckagen.<\/p>\n<\/li>\n<li data-start=\"1229\" data-end=\"1368\">\n<p data-start=\"1231\" data-end=\"1368\"><strong data-start=\"1231\" data-end=\"1247\">Steuerung:<\/strong> Intelligenter Controller mit Mehrfachbetriebsarten (manuell, Radar, Zugseil usw.), anpassbar mit mehreren Sprachen.<\/p>\n<\/li>\n<li data-start=\"1371\" data-end=\"1486\">\n<p data-start=\"1373\" data-end=\"1486\"><strong data-start=\"1373\" data-end=\"1383\">Motor:<\/strong> Hochgeschwindigkeits-Motorsystem mit \u00dcberlastschutz, langer Lebensdauer und optionalem Servomotor-Upgrade.<\/p>\n<\/li>\n<\/ul>\n<h2>Vorteile<\/h2>\n<p><a href=\"https:\/\/seppeschina.com\/de\/unternehmensgeschichte\/\"><img loading=\"lazy\" decoding=\"async\" class=\"aligncenter size-full wp-image-12875\" src=\"https:\/\/seppeschina.com\/wp-content\/uploads\/2021\/07\/2-1.jpg\" alt=\"\" width=\"750\" height=\"272\" srcset=\"https:\/\/seppeschina.com\/wp-content\/uploads\/2021\/07\/2-1.jpg 750w, https:\/\/seppeschina.com\/wp-content\/uploads\/2021\/07\/2-1-360x131.jpg 360w, https:\/\/seppeschina.com\/wp-content\/uploads\/2021\/07\/2-1-600x218.jpg 600w, https:\/\/seppeschina.com\/wp-content\/uploads\/2021\/07\/2-1-300x109.jpg 300w, https:\/\/seppeschina.com\/wp-content\/uploads\/2021\/07\/2-1-550x199.jpg 550w\" sizes=\"auto, (max-width: 750px) 100vw, 750px\" \/><\/a><\/p>\n<p><img loading=\"lazy\" decoding=\"async\" class=\"aligncenter size-full wp-image-13063\" src=\"https:\/\/seppeschina.com\/wp-content\/uploads\/2021\/07\/6\u4fee\u6539.jpg\" alt=\"\" width=\"750\" height=\"828\" srcset=\"https:\/\/seppeschina.com\/wp-content\/uploads\/2021\/07\/6\u4fee\u6539.jpg 750w, https:\/\/seppeschina.com\/wp-content\/uploads\/2021\/07\/6\u4fee\u6539-360x397.jpg 360w, https:\/\/seppeschina.com\/wp-content\/uploads\/2021\/07\/6\u4fee\u6539-600x662.jpg 600w, https:\/\/seppeschina.com\/wp-content\/uploads\/2021\/07\/6\u4fee\u6539-272x300.jpg 272w, https:\/\/seppeschina.com\/wp-content\/uploads\/2021\/07\/6\u4fee\u6539-498x550.jpg 498w\" sizes=\"auto, (max-width: 750px) 100vw, 750px\" \/><\/p>\n<h2>Zertifikate<\/h2>\n<p><img loading=\"lazy\" decoding=\"async\" class=\"aligncenter wp-image-14344 size-full\" src=\"https:\/\/seppeschina.com\/wp-content\/uploads\/2021\/07\/certificate-1.webp\" alt=\"SEPPES ZERTIFIKAT\" width=\"800\" height=\"463\" srcset=\"https:\/\/seppeschina.com\/wp-content\/uploads\/2021\/07\/certificate-1.webp 800w, https:\/\/seppeschina.com\/wp-content\/uploads\/2021\/07\/certificate-1-300x174.webp 300w, https:\/\/seppeschina.com\/wp-content\/uploads\/2021\/07\/certificate-1-768x444.webp 768w, https:\/\/seppeschina.com\/wp-content\/uploads\/2021\/07\/certificate-1-18x10.webp 18w, https:\/\/seppeschina.com\/wp-content\/uploads\/2021\/07\/certificate-1-360x208.webp 360w, https:\/\/seppeschina.com\/wp-content\/uploads\/2021\/07\/certificate-1-600x347.webp 600w, https:\/\/seppeschina.com\/wp-content\/uploads\/2021\/07\/certificate-1-550x318.webp 550w\" sizes=\"auto, (max-width: 800px) 100vw, 800px\" \/><\/p>\n<p>&nbsp;<\/p>\n<h2>Fabrikpr\u00e4sentation<\/h2>\n<p><img loading=\"lazy\" decoding=\"async\" class=\"aligncenter size-full wp-image-13054\" src=\"https:\/\/seppeschina.com\/wp-content\/uploads\/2022\/01\/\u5ba2\u6237\u597d\u8bc41.jpg\" alt=\"\" width=\"750\" height=\"728\" srcset=\"https:\/\/seppeschina.com\/wp-content\/uploads\/2022\/01\/\u5ba2\u6237\u597d\u8bc41.jpg 750w, https:\/\/seppeschina.com\/wp-content\/uploads\/2022\/01\/\u5ba2\u6237\u597d\u8bc41-360x349.jpg 360w, https:\/\/seppeschina.com\/wp-content\/uploads\/2022\/01\/\u5ba2\u6237\u597d\u8bc41-600x582.jpg 600w, https:\/\/seppeschina.com\/wp-content\/uploads\/2022\/01\/\u5ba2\u6237\u597d\u8bc41-300x291.jpg 300w, https:\/\/seppeschina.com\/wp-content\/uploads\/2022\/01\/\u5ba2\u6237\u597d\u8bc41-24x24.jpg 24w, https:\/\/seppeschina.com\/wp-content\/uploads\/2022\/01\/\u5ba2\u6237\u597d\u8bc41-48x48.jpg 48w, https:\/\/seppeschina.com\/wp-content\/uploads\/2022\/01\/\u5ba2\u6237\u597d\u8bc41-50x50.jpg 50w, https:\/\/seppeschina.com\/wp-content\/uploads\/2022\/01\/\u5ba2\u6237\u597d\u8bc41-550x534.jpg 550w\" sizes=\"auto, (max-width: 750px) 100vw, 750px\" \/><\/p>\n<h2>Kunden<\/h2>\n<p>Dies ist ein Foto von spanischen, australischen, brasilianischen, chilenischen Kunden usw., die uns hohes Lob ausgesprochen haben.<br \/>\n<span class=\"color-main\"><img loading=\"lazy\" decoding=\"async\" class=\"aligncenter wp-image-12511 size-full\" title=\"Fabrik-Hochgeschwindigkeitstor\" src=\"https:\/\/seppeschina.com\/wp-content\/uploads\/2021\/07\/fast-door-6.jpg\" alt=\"\" width=\"750\" height=\"1466\" srcset=\"https:\/\/seppeschina.com\/wp-content\/uploads\/2021\/07\/fast-door-6.jpg 750w, https:\/\/seppeschina.com\/wp-content\/uploads\/2021\/07\/fast-door-6-360x704.jpg 360w, https:\/\/seppeschina.com\/wp-content\/uploads\/2021\/07\/fast-door-6-600x1173.jpg 600w, https:\/\/seppeschina.com\/wp-content\/uploads\/2021\/07\/fast-door-6-153x300.jpg 153w, https:\/\/seppeschina.com\/wp-content\/uploads\/2021\/07\/fast-door-6-524x1024.jpg 524w, https:\/\/seppeschina.com\/wp-content\/uploads\/2021\/07\/fast-door-6-281x550.jpg 281w\" sizes=\"auto, (max-width: 750px) 100vw, 750px\" \/><\/span><\/p>\n<p><img loading=\"lazy\" decoding=\"async\" class=\"aligncenter size-full wp-image-13050\" src=\"https:\/\/seppeschina.com\/wp-content\/uploads\/2022\/01\/\u4eba\u7269\u597d\u8bc4.jpg\" alt=\"\" width=\"750\" height=\"575\" srcset=\"https:\/\/seppeschina.com\/wp-content\/uploads\/2022\/01\/\u4eba\u7269\u597d\u8bc4.jpg 750w, https:\/\/seppeschina.com\/wp-content\/uploads\/2022\/01\/\u4eba\u7269\u597d\u8bc4-360x276.jpg 360w, https:\/\/seppeschina.com\/wp-content\/uploads\/2022\/01\/\u4eba\u7269\u597d\u8bc4-600x460.jpg 600w, https:\/\/seppeschina.com\/wp-content\/uploads\/2022\/01\/\u4eba\u7269\u597d\u8bc4-300x230.jpg 300w, https:\/\/seppeschina.com\/wp-content\/uploads\/2022\/01\/\u4eba\u7269\u597d\u8bc4-550x422.jpg 550w\" sizes=\"auto, (max-width: 750px) 100vw, 750px\" \/><\/p>\n<h2>Unsere Partner<\/h2>\n<p>Mehr als 60 Fortune-500-Unternehmen von\u00a0<a href=\"http:\/\/global.geely.com\/\" rel=\"nofollow noopener\" target=\"_blank\">Geely<\/a>, Procter &amp; Gamble, Huawei, Bosch und Pfizer haben uns ausgew\u00e4hlt.<\/p>\n<p><img loading=\"lazy\" decoding=\"async\" class=\"aligncenter size-full wp-image-13053\" src=\"https:\/\/seppeschina.com\/wp-content\/uploads\/2022\/01\/9.jpg\" alt=\"\" width=\"750\" height=\"754\" srcset=\"https:\/\/seppeschina.com\/wp-content\/uploads\/2022\/01\/9.jpg 750w, https:\/\/seppeschina.com\/wp-content\/uploads\/2022\/01\/9-360x362.jpg 360w, https:\/\/seppeschina.com\/wp-content\/uploads\/2022\/01\/9-100x100.jpg 100w, https:\/\/seppeschina.com\/wp-content\/uploads\/2022\/01\/9-600x603.jpg 600w, https:\/\/seppeschina.com\/wp-content\/uploads\/2022\/01\/9-298x300.jpg 298w, https:\/\/seppeschina.com\/wp-content\/uploads\/2022\/01\/9-150x150.jpg 150w, https:\/\/seppeschina.com\/wp-content\/uploads\/2022\/01\/9-24x24.jpg 24w, https:\/\/seppeschina.com\/wp-content\/uploads\/2022\/01\/9-48x48.jpg 48w, https:\/\/seppeschina.com\/wp-content\/uploads\/2022\/01\/9-96x96.jpg 96w, https:\/\/seppeschina.com\/wp-content\/uploads\/2022\/01\/9-50x50.jpg 50w, https:\/\/seppeschina.com\/wp-content\/uploads\/2022\/01\/9-110x110.jpg 110w, https:\/\/seppeschina.com\/wp-content\/uploads\/2022\/01\/9-275x275.jpg 275w, https:\/\/seppeschina.com\/wp-content\/uploads\/2022\/01\/9-547x550.jpg 547w\" sizes=\"auto, (max-width: 750px) 100vw, 750px\" \/><\/p>\n<h2>Weitere Anwendungsf\u00e4lle<\/h2>\n<p><img loading=\"lazy\" decoding=\"async\" class=\"aligncenter wp-image-12508 size-full\" title=\"Hochgeschwindigkeitstor\" src=\"https:\/\/seppeschina.com\/wp-content\/uploads\/2021\/07\/fast-door-3.jpg\" alt=\"\" width=\"750\" height=\"734\" srcset=\"https:\/\/seppeschina.com\/wp-content\/uploads\/2021\/07\/fast-door-3.jpg 750w, https:\/\/seppeschina.com\/wp-content\/uploads\/2021\/07\/fast-door-3-360x352.jpg 360w, https:\/\/seppeschina.com\/wp-content\/uploads\/2021\/07\/fast-door-3-600x587.jpg 600w, https:\/\/seppeschina.com\/wp-content\/uploads\/2021\/07\/fast-door-3-300x294.jpg 300w, https:\/\/seppeschina.com\/wp-content\/uploads\/2021\/07\/fast-door-3-24x24.jpg 24w, https:\/\/seppeschina.com\/wp-content\/uploads\/2021\/07\/fast-door-3-48x48.jpg 48w, https:\/\/seppeschina.com\/wp-content\/uploads\/2021\/07\/fast-door-3-50x50.jpg 50w, https:\/\/seppeschina.com\/wp-content\/uploads\/2021\/07\/fast-door-3-550x538.jpg 550w\" sizes=\"auto, (max-width: 750px) 100vw, 750px\" \/><\/p>\n<h2>FAQ<\/h2>\n<p><span class=\"magic-36\"><b data-spm-anchor-id=\"a2700.details.0.i23.546e123aKROpOh\">1<\/b><b>.F: Welche Farbe hat das Tor?<\/b><\/span><\/p>\n<div>\n<p><span class=\"magic-36\">A: Rot, gelb, blau, wei\u00df, grau und transparent.<\/span><\/p>\n<p><b>2.F: Welcher Typ von Torantrieb wird verwendet?<\/b><br \/>\nA: Servomotor, 220V- 0,75 KW- 50HZ-1 Phrase<\/p>\n<p><b>3.F: Aus welchem Material besteht der Torrahmen?<\/b><br \/>\nA: Lackierter Stahltorrahmen, SUS304-Torrahmen, Aluminiumlegierungs-Torrahmen.<\/p>\n<p><b>4.F: Wie hoch ist der Preis des Tors?<\/b><br \/>\nA: H\u00e4ngt von der Gr\u00f6\u00dfe und weiteren Ausstattungen ab.<\/p>\n<p><b data-spm-anchor-id=\"a2700.details.0.i24.546e123aKROpOh\">5.F: Wie lange kann das Tor verwendet werden?<\/b><br \/>\nA: 8-10 Jahre<\/p>\n<p><b>6.F: F\u00fcr welche Art von Orten kann das Tor eingesetzt werden?<\/b><br \/>\nA: Fabriklager, Lagerr\u00e4ume, Reinr\u00e4ume.<\/p>\n<\/div>\n<div>\n\n<div class=\"wpcf7 no-js\" id=\"wpcf7-f1555-o1\" lang=\"en-US\" dir=\"ltr\" data-wpcf7-id=\"1555\">\n<div class=\"screen-reader-response\"><p role=\"status\" aria-live=\"polite\" aria-atomic=\"true\"><\/p> <ul><\/ul><\/div>\n<form action=\"\/de\/wp-json\/wp\/v2\/product\/12507#wpcf7-f1555-o1\" method=\"post\" class=\"wpcf7-form init\" aria-label=\"Contact form\" novalidate=\"novalidate\" data-status=\"init\" data-trp-original-action=\"\/de\/wp-json\/wp\/v2\/product\/12507#wpcf7-f1555-o1\">\n<fieldset class=\"hidden-fields-container\"><input type=\"hidden\" name=\"_wpcf7\" value=\"1555\" \/><input type=\"hidden\" name=\"_wpcf7_version\" value=\"6.1.4\" \/><input type=\"hidden\" name=\"_wpcf7_locale\" value=\"en_US\" \/><input type=\"hidden\" name=\"_wpcf7_unit_tag\" value=\"wpcf7-f1555-o1\" \/><input type=\"hidden\" name=\"_wpcf7_container_post\" value=\"0\" \/><input type=\"hidden\" name=\"_wpcf7_posted_data_hash\" value=\"\" \/><input type=\"hidden\" name=\"_wpcf7_recaptcha_response\" value=\"\" \/>\n<\/fieldset>\n<div class=\"hunkcf71\">\n\t<p class=\"cf7-title\" style=\"font-size:25px;\"><i class=\"fa fa-envelope-o\"><\/i> Wir werden Ihre E-Mail in K\u00fcrze beantworten!\n\t<\/p>\n\t<p><span class=\"wpcf7-form-control-wrap\" data-name=\"text-737\"><input size=\"40\" maxlength=\"400\" class=\"wpcf7-form-control wpcf7-text wpcf7-validates-as-required\" aria-required=\"true\" aria-invalid=\"false\" placeholder=\"Ihr Name*\" value=\"\" type=\"text\" name=\"text-737\" \/><\/span>\n\t<\/p>\n\t<p><span class=\"wpcf7-form-control-wrap\" data-name=\"email-193\"><input size=\"40\" maxlength=\"400\" class=\"wpcf7-form-control wpcf7-email wpcf7-validates-as-required wpcf7-text wpcf7-validates-as-email\" aria-required=\"true\" aria-invalid=\"false\" placeholder=\"E-Mail-Adresse*\" value=\"\" type=\"email\" name=\"email-193\" \/><\/span>\n\t<\/p>\n\t<p><span class=\"wpcf7-form-control-wrap\" data-name=\"text-738\"><input size=\"40\" maxlength=\"400\" class=\"wpcf7-form-control wpcf7-text\" aria-invalid=\"false\" placeholder=\"Telefonnummer\" value=\"\" type=\"text\" name=\"text-738\" \/><\/span>\n\t<\/p>\n\t<p><span class=\"wpcf7-form-control-wrap\" data-name=\"textarea-837\"><textarea cols=\"40\" rows=\"10\" maxlength=\"2000\" class=\"wpcf7-form-control wpcf7-textarea wpcf7-validates-as-required\" aria-required=\"true\" aria-invalid=\"false\" placeholder=\"Teilen Sie uns Ihren Bedarf so konkret wie m\u00f6glich mit*\" name=\"textarea-837\"><\/textarea><\/span>\n\t<\/p>\n\t<p><input class=\"wpcf7-form-control wpcf7-submit has-spinner\" type=\"submit\" value=\"Senden\" \/>\n\t<\/p>\n<\/div><div class=\"wpcf7-response-output\" aria-hidden=\"true\"><\/div>\n<input type=\"hidden\" name=\"trp-form-language\" value=\"de\"\/><\/form>\n<\/div>\n\n<\/div>\n<hr \/>\n<h2>Verwandte Artikel<\/h2>\n<ul>\n<li><a href=\"https:\/\/seppeschina.com\/de\/how-to-choose-the-right-high-speed-door\/\">Wie w\u00e4hlt man das richtige Hochgeschwindigkeitstor?<\/a><\/li>\n<li><a href=\"https:\/\/seppeschina.com\/de\/high-speed-door-vs-sectionals\/\">Hochgeschwindigkeitstor vs. Sektionaltor: Welches ist besser?<\/a><\/li>\n<li><a href=\"https:\/\/seppeschina.com\/de\/maintenance-tips-for-fast-rolling-doors\/\">5 Wartungstipps f\u00fcr Hochgeschwindigkeitsrolltore<\/a><\/li>\n<\/ul>\n<p><a href=\"https:\/\/seppeschina.com\/de\/schlagwort\/hochgeschwindigkeitstor\/\"><strong> Alle Artikel zu Hochgeschwindigkeitstoren anzeigen<\/strong><\/a><\/p>","protected":false},"excerpt":{"rendered":"<p><span class=\"color-main\"><span style=\"color: #000000;\">High speed door can be widely used in workshops and clean plants in various industries such as&#8230;&#8230;<\/span><\/span><\/p>\n[video width=\"640\" height=\"368\" mp4=\"https:\/\/seppeschina.com\/wp-content\/uploads\/2021\/07\/1.mp4\"][\/video]\n","protected":false},"featured_media":13061,"comment_status":"open","ping_status":"closed","template":"","meta":[],"product_brand":[],"product_cat":[309],"product_tag":[416,368,363,371,369,418,417],"class_list":{"0":"post-12507","1":"product","2":"type-product","3":"status-publish","4":"has-post-thumbnail","6":"product_cat-high-speed-door","7":"product_tag-automated-workshop-high-speed-door","8":"product_tag-china-pvc-fast-door","9":"product_tag-clean-room-high-speed-door","10":"product_tag-fast-acting-door","11":"product_tag-fast-action-fabric-rapid-roller-door","12":"product_tag-workshop-automatic-lifting-door","13":"product_tag-workshop-induction-automatic-door","16":"first","17":"instock","18":"shipping-taxable","19":"product-type-simple"},"_links":{"self":[{"href":"https:\/\/seppeschina.com\/de\/wp-json\/wp\/v2\/product\/12507","targetHints":{"allow":["GET"]}}],"collection":[{"href":"https:\/\/seppeschina.com\/de\/wp-json\/wp\/v2\/product"}],"about":[{"href":"https:\/\/seppeschina.com\/de\/wp-json\/wp\/v2\/types\/product"}],"replies":[{"embeddable":true,"href":"https:\/\/seppeschina.com\/de\/wp-json\/wp\/v2\/comments?post=12507"}],"wp:featuredmedia":[{"embeddable":true,"href":"https:\/\/seppeschina.com\/de\/wp-json\/wp\/v2\/media\/13061"}],"wp:attachment":[{"href":"https:\/\/seppeschina.com\/de\/wp-json\/wp\/v2\/media?parent=12507"}],"wp:term":[{"taxonomy":"product_brand","embeddable":true,"href":"https:\/\/seppeschina.com\/de\/wp-json\/wp\/v2\/product_brand?post=12507"},{"taxonomy":"product_cat","embeddable":true,"href":"https:\/\/seppeschina.com\/de\/wp-json\/wp\/v2\/product_cat?post=12507"},{"taxonomy":"product_tag","embeddable":true,"href":"https:\/\/seppeschina.com\/de\/wp-json\/wp\/v2\/product_tag?post=12507"}],"curies":[{"name":"wp","href":"https:\/\/api.w.org\/{rel}","templated":true}]}}