{"id":12519,"date":"2021-07-23T16:25:33","date_gmt":"2021-07-23T08:25:33","guid":{"rendered":"https:\/\/seppeschina.com\/?post_type=product&#038;p=12519"},"modified":"2023-03-14T10:05:48","modified_gmt":"2023-03-14T02:05:48","slug":"high-speed-roll-up-door","status":"publish","type":"product","link":"https:\/\/seppeschina.com\/de\/product\/high-speed-roll-up-door\/","title":{"rendered":"Hochgeschwindigkeits-Rolltor"},"content":{"rendered":"<p><span class=\"color-main\"><span style=\"color: #000000;\"><strong>High speed roll up door<\/strong> kann in klimatisierten Werkst\u00e4tten und Reinr\u00e4umen verschiedener Branchen wie Elektronik, Maschinenbau, Chemie, Textilien, K\u00e4ltetechnik, Druck, Lebensmittel, Automobilmontage, Superm\u00e4rkten, Logistik und Lagerhaltung weit verbreitet eingesetzt werden. Dabei handelt es sich um ein schnelllaufendes Rolltor, das sich automatisch mit hoher Geschwindigkeit \u00f6ffnet und schlie\u00dft. In Betrieben, Lagern, Gesch\u00e4ften usw., die strenge Qualit\u00e4tskontrolle, hohe Effizienz und Kosteneinsparungen anstreben, ist das effektive \u00d6ffnen und Schlie\u00dfen von Ein- und Ausg\u00e4ngen der Schl\u00fcssel zur Sicherheit der Waren und zur Effizienz von Produktion und Betrieb. <a style=\"color: #000000;\" href=\"https:\/\/www.alniff.com.sg\/?keyword_k=high%20speed%20door&amp;gclid=Cj0KCQjw0emHBhC1ARIsAL1QGNfRCfIjbQbc4EVyHLkUk3GiMcXwZwFnsHSE1LT3YvBiCt2pjTbodH0aAjqNEALw_wcB\">Schnelltore<\/a> sind 20-mal schneller als Stahlrolltore und erreichen eine hohe \u00d6ffnungs- und Schlie\u00dfgeschwindigkeit von 50 Mal pro Stunde sowie eine hohe Haltbarkeit.<\/span><a href=\"https:\/\/seppeschina.com\/de\/product\/roller-rapid-doors\/\"><img loading=\"lazy\" decoding=\"async\" class=\"aligncenter wp-image-12509 size-full\" title=\"Hochgeschwindigkeitstor\" src=\"https:\/\/seppeschina.com\/wp-content\/uploads\/2021\/07\/fast-door-4.jpg\" alt=\"\" width=\"750\" height=\"748\" srcset=\"https:\/\/seppeschina.com\/wp-content\/uploads\/2021\/07\/fast-door-4.jpg 750w, https:\/\/seppeschina.com\/wp-content\/uploads\/2021\/07\/fast-door-4-360x359.jpg 360w, https:\/\/seppeschina.com\/wp-content\/uploads\/2021\/07\/fast-door-4-100x100.jpg 100w, https:\/\/seppeschina.com\/wp-content\/uploads\/2021\/07\/fast-door-4-600x598.jpg 600w, https:\/\/seppeschina.com\/wp-content\/uploads\/2021\/07\/fast-door-4-300x300.jpg 300w, https:\/\/seppeschina.com\/wp-content\/uploads\/2021\/07\/fast-door-4-150x150.jpg 150w, https:\/\/seppeschina.com\/wp-content\/uploads\/2021\/07\/fast-door-4-24x24.jpg 24w, https:\/\/seppeschina.com\/wp-content\/uploads\/2021\/07\/fast-door-4-48x48.jpg 48w, https:\/\/seppeschina.com\/wp-content\/uploads\/2021\/07\/fast-door-4-96x96.jpg 96w, https:\/\/seppeschina.com\/wp-content\/uploads\/2021\/07\/fast-door-4-364x364.jpg 364w, https:\/\/seppeschina.com\/wp-content\/uploads\/2021\/07\/fast-door-4-50x50.jpg 50w, https:\/\/seppeschina.com\/wp-content\/uploads\/2021\/07\/fast-door-4-110x110.jpg 110w, https:\/\/seppeschina.com\/wp-content\/uploads\/2021\/07\/fast-door-4-275x275.jpg 275w, https:\/\/seppeschina.com\/wp-content\/uploads\/2021\/07\/fast-door-4-480x480.jpg 480w, https:\/\/seppeschina.com\/wp-content\/uploads\/2021\/07\/fast-door-4-550x550.jpg 550w\" sizes=\"auto, (max-width: 750px) 100vw, 750px\" \/><\/a><a href=\"https:\/\/seppeschina.com\/de\/product\/china-manufacturer-pvc-rapid-rolling-door-for-industry\/\"><img loading=\"lazy\" decoding=\"async\" class=\"aligncenter wp-image-12510 size-full\" title=\"Hochgeschwindigkeitstor\" src=\"https:\/\/seppeschina.com\/wp-content\/uploads\/2021\/07\/fast-door-5.jpg\" alt=\"\" width=\"750\" height=\"613\" srcset=\"https:\/\/seppeschina.com\/wp-content\/uploads\/2021\/07\/fast-door-5.jpg 750w, https:\/\/seppeschina.com\/wp-content\/uploads\/2021\/07\/fast-door-5-360x294.jpg 360w, https:\/\/seppeschina.com\/wp-content\/uploads\/2021\/07\/fast-door-5-600x490.jpg 600w, https:\/\/seppeschina.com\/wp-content\/uploads\/2021\/07\/fast-door-5-300x245.jpg 300w, https:\/\/seppeschina.com\/wp-content\/uploads\/2021\/07\/fast-door-5-550x450.jpg 550w\" sizes=\"auto, (max-width: 750px) 100vw, 750px\" \/><\/a><\/span>High speed roll up door feedback<span class=\"color-main\"><a href=\"https:\/\/seppeschina.com\/de\/kooperationsfall\/\"><img loading=\"lazy\" decoding=\"async\" class=\"aligncenter wp-image-12511 size-full\" title=\"Fabrik-Hochgeschwindigkeitstor\" src=\"https:\/\/seppeschina.com\/wp-content\/uploads\/2021\/07\/fast-door-6.jpg\" alt=\"\" width=\"750\" height=\"1466\" srcset=\"https:\/\/seppeschina.com\/wp-content\/uploads\/2021\/07\/fast-door-6.jpg 750w, https:\/\/seppeschina.com\/wp-content\/uploads\/2021\/07\/fast-door-6-360x704.jpg 360w, https:\/\/seppeschina.com\/wp-content\/uploads\/2021\/07\/fast-door-6-600x1173.jpg 600w, https:\/\/seppeschina.com\/wp-content\/uploads\/2021\/07\/fast-door-6-153x300.jpg 153w, https:\/\/seppeschina.com\/wp-content\/uploads\/2021\/07\/fast-door-6-524x1024.jpg 524w, https:\/\/seppeschina.com\/wp-content\/uploads\/2021\/07\/fast-door-6-281x550.jpg 281w\" sizes=\"auto, (max-width: 750px) 100vw, 750px\" \/><\/a><\/span><\/p>\n<p><a href=\"https:\/\/seppeschina.com\/de\/\"><img loading=\"lazy\" decoding=\"async\" class=\"aligncenter wp-image-12518 size-full\" title=\"Lager-Hochgeschwindigkeitstor\" src=\"https:\/\/seppeschina.com\/wp-content\/uploads\/2021\/07\/fast-door-8.jpg\" alt=\"\" width=\"750\" height=\"526\" srcset=\"https:\/\/seppeschina.com\/wp-content\/uploads\/2021\/07\/fast-door-8.jpg 750w, https:\/\/seppeschina.com\/wp-content\/uploads\/2021\/07\/fast-door-8-360x252.jpg 360w, https:\/\/seppeschina.com\/wp-content\/uploads\/2021\/07\/fast-door-8-600x421.jpg 600w, https:\/\/seppeschina.com\/wp-content\/uploads\/2021\/07\/fast-door-8-300x210.jpg 300w, https:\/\/seppeschina.com\/wp-content\/uploads\/2021\/07\/fast-door-8-550x386.jpg 550w\" sizes=\"auto, (max-width: 750px) 100vw, 750px\" \/><\/a><\/p>\n<p><span style=\"color: #000000;\">In verschiedenen Werkst\u00e4tten installierte SEPPES-Hochgeschwindigkeitstore<\/span><span style=\"color: #000000;\">SEPPES wurde 2011 in Suzhou, China, gegr\u00fcndet. Es handelt sich um ein produzierendes Unternehmen, das sich auf die Lieferung von T\u00fcranlagen f\u00fcr Industriebetriebe spezialisiert hat. In den letzten Jahren, aufgrund der kontinuierlichen Erweiterung des Umfangs und kontinuierlichen Produktinnovationen, umfassen die Hauptprodukte nun industrielle Hochgeschwindigkeitstore, industrielle Schiebetore, Lagerhaus-Rampenausgleicher, Fabrikt\u00fcrdichtungen, Industriel\u00fcfter und so weiter. Ab 2015 begann SEPPES mit ausl\u00e4ndischen Kunden zusammenzuarbeiten, und wir lieferten ihnen hochwertige Hochgeschwindigkeitstore f\u00fcr den Einsatz in ihren Werkst\u00e4tten. Heute kann SEPPES T\u00fcren weltweit verkaufen.<\/span><a href=\"https:\/\/seppeschina.com\/de\/\"><img loading=\"lazy\" decoding=\"async\" class=\"aligncenter wp-image-12514 size-full\" title=\"Einsatzorte von Hochgeschwindigkeitstoren\" src=\"https:\/\/seppeschina.com\/wp-content\/uploads\/2021\/07\/fast-door-12.jpg\" alt=\"\" width=\"750\" height=\"575\" srcset=\"https:\/\/seppeschina.com\/wp-content\/uploads\/2021\/07\/fast-door-12.jpg 750w, https:\/\/seppeschina.com\/wp-content\/uploads\/2021\/07\/fast-door-12-360x276.jpg 360w, https:\/\/seppeschina.com\/wp-content\/uploads\/2021\/07\/fast-door-12-600x460.jpg 600w, https:\/\/seppeschina.com\/wp-content\/uploads\/2021\/07\/fast-door-12-300x230.jpg 300w, https:\/\/seppeschina.com\/wp-content\/uploads\/2021\/07\/fast-door-12-550x422.jpg 550w\" sizes=\"auto, (max-width: 750px) 100vw, 750px\" \/><\/a><\/p>\n<p>&nbsp;<\/p>\n<p><a href=\"https:\/\/seppeschina.com\/de\/unternehmensgeschichte\/\"><img loading=\"lazy\" decoding=\"async\" class=\"aligncenter wp-image-12516 size-full\" title=\"SEPPES Hochgeschwindigkeitstor\" src=\"https:\/\/seppeschina.com\/wp-content\/uploads\/2021\/07\/fast-door-9.jpg\" alt=\"\" width=\"750\" height=\"792\" srcset=\"https:\/\/seppeschina.com\/wp-content\/uploads\/2021\/07\/fast-door-9.jpg 750w, https:\/\/seppeschina.com\/wp-content\/uploads\/2021\/07\/fast-door-9-360x380.jpg 360w, https:\/\/seppeschina.com\/wp-content\/uploads\/2021\/07\/fast-door-9-600x634.jpg 600w, https:\/\/seppeschina.com\/wp-content\/uploads\/2021\/07\/fast-door-9-284x300.jpg 284w, https:\/\/seppeschina.com\/wp-content\/uploads\/2021\/07\/fast-door-9-24x24.jpg 24w, https:\/\/seppeschina.com\/wp-content\/uploads\/2021\/07\/fast-door-9-521x550.jpg 521w\" sizes=\"auto, (max-width: 750px) 100vw, 750px\" \/><\/a> <a href=\"https:\/\/seppeschina.com\/de\/unternehmensgeschichte\/\"><img loading=\"lazy\" decoding=\"async\" class=\"aligncenter wp-image-12512 size-full\" title=\"Hochgeschwindigkeitstor\" src=\"https:\/\/seppeschina.com\/wp-content\/uploads\/2021\/07\/fast-door-7.jpg\" alt=\"\" width=\"750\" height=\"486\" srcset=\"https:\/\/seppeschina.com\/wp-content\/uploads\/2021\/07\/fast-door-7.jpg 750w, https:\/\/seppeschina.com\/wp-content\/uploads\/2021\/07\/fast-door-7-360x233.jpg 360w, https:\/\/seppeschina.com\/wp-content\/uploads\/2021\/07\/fast-door-7-600x389.jpg 600w, https:\/\/seppeschina.com\/wp-content\/uploads\/2021\/07\/fast-door-7-300x195.jpg 300w, https:\/\/seppeschina.com\/wp-content\/uploads\/2021\/07\/fast-door-7-128x84.jpg 128w, https:\/\/seppeschina.com\/wp-content\/uploads\/2021\/07\/fast-door-7-550x356.jpg 550w\" sizes=\"auto, (max-width: 750px) 100vw, 750px\" \/><\/a> <a href=\"https:\/\/seppeschina.com\/de\/unternehmensgeschichte\/\"><img loading=\"lazy\" decoding=\"async\" class=\"aligncenter wp-image-12513 size-full\" title=\"Hochgeschwindigkeitstore mit CE-Kennzeichnung\" src=\"https:\/\/seppeschina.com\/wp-content\/uploads\/2021\/07\/fast-door-11.jpg\" alt=\"\" width=\"750\" height=\"654\" srcset=\"https:\/\/seppeschina.com\/wp-content\/uploads\/2021\/07\/fast-door-11.jpg 750w, https:\/\/seppeschina.com\/wp-content\/uploads\/2021\/07\/fast-door-11-360x314.jpg 360w, https:\/\/seppeschina.com\/wp-content\/uploads\/2021\/07\/fast-door-11-600x523.jpg 600w, https:\/\/seppeschina.com\/wp-content\/uploads\/2021\/07\/fast-door-11-300x262.jpg 300w, https:\/\/seppeschina.com\/wp-content\/uploads\/2021\/07\/fast-door-11-550x480.jpg 550w\" sizes=\"auto, (max-width: 750px) 100vw, 750px\" \/><\/a> <a href=\"https:\/\/seppeschina.com\/de\/kooperationsfall\/\"><img loading=\"lazy\" decoding=\"async\" class=\"aligncenter wp-image-12515 size-full\" title=\"HOCHGESCHWINDIGKEITSTORE WELTWEIT VERKAUFT\" src=\"https:\/\/seppeschina.com\/wp-content\/uploads\/2021\/07\/fast-door-10.jpg\" alt=\"\" width=\"750\" height=\"618\" srcset=\"https:\/\/seppeschina.com\/wp-content\/uploads\/2021\/07\/fast-door-10.jpg 750w, https:\/\/seppeschina.com\/wp-content\/uploads\/2021\/07\/fast-door-10-360x297.jpg 360w, https:\/\/seppeschina.com\/wp-content\/uploads\/2021\/07\/fast-door-10-600x494.jpg 600w, https:\/\/seppeschina.com\/wp-content\/uploads\/2021\/07\/fast-door-10-300x247.jpg 300w, https:\/\/seppeschina.com\/wp-content\/uploads\/2021\/07\/fast-door-10-550x453.jpg 550w\" sizes=\"auto, (max-width: 750px) 100vw, 750px\" \/><\/a> <a href=\"https:\/\/seppeschina.com\/de\/unternehmensgeschichte\/\"><img loading=\"lazy\" decoding=\"async\" class=\"aligncenter wp-image-12517 size-full\" title=\"Hochgeschwindigkeitstor\" src=\"https:\/\/seppeschina.com\/wp-content\/uploads\/2021\/07\/fast-door-1.jpg\" alt=\"\" width=\"750\" height=\"782\" srcset=\"https:\/\/seppeschina.com\/wp-content\/uploads\/2021\/07\/fast-door-1.jpg 750w, https:\/\/seppeschina.com\/wp-content\/uploads\/2021\/07\/fast-door-1-360x375.jpg 360w, https:\/\/seppeschina.com\/wp-content\/uploads\/2021\/07\/fast-door-1-600x626.jpg 600w, https:\/\/seppeschina.com\/wp-content\/uploads\/2021\/07\/fast-door-1-288x300.jpg 288w, https:\/\/seppeschina.com\/wp-content\/uploads\/2021\/07\/fast-door-1-24x24.jpg 24w, https:\/\/seppeschina.com\/wp-content\/uploads\/2021\/07\/fast-door-1-527x550.jpg 527w\" sizes=\"auto, (max-width: 750px) 100vw, 750px\" \/><\/a><\/p>\n<p><a href=\"https:\/\/seppeschina.com\/de\/\"><img loading=\"lazy\" decoding=\"async\" class=\"aligncenter wp-image-12508 size-full\" title=\"Hochgeschwindigkeitstor\" src=\"https:\/\/seppeschina.com\/wp-content\/uploads\/2021\/07\/fast-door-3.jpg\" alt=\"\" width=\"750\" height=\"734\" srcset=\"https:\/\/seppeschina.com\/wp-content\/uploads\/2021\/07\/fast-door-3.jpg 750w, https:\/\/seppeschina.com\/wp-content\/uploads\/2021\/07\/fast-door-3-360x352.jpg 360w, https:\/\/seppeschina.com\/wp-content\/uploads\/2021\/07\/fast-door-3-600x587.jpg 600w, https:\/\/seppeschina.com\/wp-content\/uploads\/2021\/07\/fast-door-3-300x294.jpg 300w, https:\/\/seppeschina.com\/wp-content\/uploads\/2021\/07\/fast-door-3-24x24.jpg 24w, https:\/\/seppeschina.com\/wp-content\/uploads\/2021\/07\/fast-door-3-48x48.jpg 48w, https:\/\/seppeschina.com\/wp-content\/uploads\/2021\/07\/fast-door-3-50x50.jpg 50w, https:\/\/seppeschina.com\/wp-content\/uploads\/2021\/07\/fast-door-3-550x538.jpg 550w\" sizes=\"auto, (max-width: 750px) 100vw, 750px\" \/><\/a>\n<div class=\"wpcf7 no-js\" id=\"wpcf7-f1555-o1\" lang=\"en-US\" dir=\"ltr\" data-wpcf7-id=\"1555\">\n<div class=\"screen-reader-response\"><p role=\"status\" aria-live=\"polite\" aria-atomic=\"true\"><\/p> <ul><\/ul><\/div>\n<form action=\"\/de\/wp-json\/wp\/v2\/product\/12519#wpcf7-f1555-o1\" method=\"post\" class=\"wpcf7-form init\" aria-label=\"Contact form\" novalidate=\"novalidate\" data-status=\"init\" data-trp-original-action=\"\/de\/wp-json\/wp\/v2\/product\/12519#wpcf7-f1555-o1\">\n<fieldset class=\"hidden-fields-container\"><input type=\"hidden\" name=\"_wpcf7\" value=\"1555\" \/><input type=\"hidden\" name=\"_wpcf7_version\" value=\"6.1.4\" \/><input type=\"hidden\" name=\"_wpcf7_locale\" value=\"en_US\" \/><input type=\"hidden\" name=\"_wpcf7_unit_tag\" value=\"wpcf7-f1555-o1\" \/><input type=\"hidden\" name=\"_wpcf7_container_post\" value=\"0\" \/><input type=\"hidden\" name=\"_wpcf7_posted_data_hash\" value=\"\" \/><input type=\"hidden\" name=\"_wpcf7_recaptcha_response\" value=\"\" \/>\n<\/fieldset>\n<div class=\"hunkcf71\">\n\t<p class=\"cf7-title\" style=\"font-size:25px;\"><i class=\"fa fa-envelope-o\"><\/i> Wir werden Ihre E-Mail in K\u00fcrze beantworten!\n\t<\/p>\n\t<p><span class=\"wpcf7-form-control-wrap\" data-name=\"text-737\"><input size=\"40\" maxlength=\"400\" class=\"wpcf7-form-control wpcf7-text wpcf7-validates-as-required\" aria-required=\"true\" aria-invalid=\"false\" placeholder=\"Ihr Name*\" value=\"\" type=\"text\" name=\"text-737\" \/><\/span>\n\t<\/p>\n\t<p><span class=\"wpcf7-form-control-wrap\" data-name=\"email-193\"><input size=\"40\" maxlength=\"400\" class=\"wpcf7-form-control wpcf7-email wpcf7-validates-as-required wpcf7-text wpcf7-validates-as-email\" aria-required=\"true\" aria-invalid=\"false\" placeholder=\"E-Mail-Adresse*\" value=\"\" type=\"email\" name=\"email-193\" \/><\/span>\n\t<\/p>\n\t<p><span class=\"wpcf7-form-control-wrap\" data-name=\"text-738\"><input size=\"40\" maxlength=\"400\" class=\"wpcf7-form-control wpcf7-text\" aria-invalid=\"false\" placeholder=\"Telefonnummer\" value=\"\" type=\"text\" name=\"text-738\" \/><\/span>\n\t<\/p>\n\t<p><span class=\"wpcf7-form-control-wrap\" data-name=\"textarea-837\"><textarea cols=\"40\" rows=\"10\" maxlength=\"2000\" class=\"wpcf7-form-control wpcf7-textarea wpcf7-validates-as-required\" aria-required=\"true\" aria-invalid=\"false\" placeholder=\"Teilen Sie uns Ihren Bedarf so konkret wie m\u00f6glich mit*\" name=\"textarea-837\"><\/textarea><\/span>\n\t<\/p>\n\t<p><input class=\"wpcf7-form-control wpcf7-submit has-spinner\" type=\"submit\" value=\"Senden\" \/>\n\t<\/p>\n<\/div><div class=\"wpcf7-response-output\" aria-hidden=\"true\"><\/div>\n<input type=\"hidden\" name=\"trp-form-language\" value=\"de\"\/><\/form>\n<\/div>","protected":false},"excerpt":{"rendered":"<p><span class=\"color-main\"><span style=\"color: #000000;\">High speed roll up door can be widely used in air-conditioned workshops and clean plants in various industries such as<\/span><\/span><\/p>\n[video width=\"1280\" height=\"720\" mp4=\"https:\/\/seppeschina.com\/wp-content\/uploads\/2021\/07\/1.mp4\"][\/video]\n","protected":false},"featured_media":12520,"comment_status":"open","ping_status":"closed","template":"","meta":[],"product_brand":[],"product_cat":[309],"product_tag":[420,419,423,421,422],"class_list":{"0":"post-12519","1":"product","2":"type-product","3":"status-publish","4":"has-post-thumbnail","6":"product_cat-high-speed-door","7":"product_tag-air-shower-high-speed-door","8":"product_tag-cargo-shower-room-high-speed-door","9":"product_tag-electric-high-speed-door","10":"product_tag-purification-workshop-high-speed-door","11":"product_tag-warehouse-high-speed-door","14":"first","15":"instock","16":"shipping-taxable","17":"product-type-simple"},"yoast_head":"<!-- This site is optimized with the Yoast SEO plugin v25.3 - https:\/\/yoast.com\/wordpress\/plugins\/seo\/ -->\n<title>High Speed Roll Up Door - High speed door<\/title>\n<meta name=\"description\" content=\"High speed roll up door has many functions such as insect proof, wind proof, dust proof, wind pressure resistance, low noise, high opening frequency and good safety performance.\" \/>\n<meta name=\"robots\" content=\"index, follow, max-snippet:-1, max-image-preview:large, max-video-preview:-1\" \/>\n<link rel=\"canonical\" href=\"https:\/\/seppeschina.com\/de\/product\/high-speed-roll-up-door\/\" \/>\n<meta property=\"og:locale\" content=\"de_DE\" \/>\n<meta property=\"og:type\" content=\"article\" \/>\n<meta property=\"og:title\" content=\"High Speed Roll Up Door - High speed door\" \/>\n<meta property=\"og:description\" content=\"High speed roll up door has many functions such as insect proof, wind proof, dust proof, wind pressure resistance, low noise, high opening frequency and good safety performance.\" \/>\n<meta property=\"og:url\" content=\"https:\/\/seppeschina.com\/de\/product\/high-speed-roll-up-door\/\" \/>\n<meta property=\"og:site_name\" content=\"High speed door\" \/>\n<meta property=\"article:publisher\" content=\"https:\/\/www.facebook.com\/Seppesdoor-101420388136000\/\" \/>\n<meta property=\"article:modified_time\" content=\"2023-03-14T02:05:48+00:00\" \/>\n<meta property=\"og:image\" content=\"https:\/\/seppeschina.com\/wp-content\/uploads\/2021\/07\/high-speed-door-11.jpg\" \/>\n\t<meta property=\"og:image:width\" content=\"750\" \/>\n\t<meta property=\"og:image:height\" content=\"750\" \/>\n\t<meta property=\"og:image:type\" content=\"image\/jpeg\" \/>\n<meta name=\"twitter:card\" content=\"summary_large_image\" \/>\n<meta name=\"twitter:site\" content=\"@Stella93161069\" \/>\n<meta name=\"twitter:label1\" content=\"Gesch\u00e4tzte Lesezeit\" \/>\n\t<meta name=\"twitter:data1\" content=\"4\u00a0Minuten\" \/>\n<script type=\"application\/ld+json\" class=\"yoast-schema-graph\">{\"@context\":\"https:\/\/schema.org\",\"@graph\":[{\"@type\":\"WebPage\",\"@id\":\"https:\/\/seppeschina.com\/product\/high-speed-roll-up-door\/\",\"url\":\"https:\/\/seppeschina.com\/product\/high-speed-roll-up-door\/\",\"name\":\"High Speed Roll Up Door - High speed door\",\"isPartOf\":{\"@id\":\"https:\/\/seppeschina.com\/#website\"},\"primaryImageOfPage\":{\"@id\":\"https:\/\/seppeschina.com\/product\/high-speed-roll-up-door\/#primaryimage\"},\"image\":{\"@id\":\"https:\/\/seppeschina.com\/product\/high-speed-roll-up-door\/#primaryimage\"},\"thumbnailUrl\":\"https:\/\/seppeschina.com\/wp-content\/uploads\/2021\/07\/high-speed-door-11.jpg\",\"datePublished\":\"2021-07-23T08:25:33+00:00\",\"dateModified\":\"2023-03-14T02:05:48+00:00\",\"description\":\"High speed roll up door has many functions such as insect proof, wind proof, dust proof, wind pressure resistance, low noise, high opening frequency and good safety performance.\",\"breadcrumb\":{\"@id\":\"https:\/\/seppeschina.com\/product\/high-speed-roll-up-door\/#breadcrumb\"},\"inLanguage\":\"de\",\"potentialAction\":[{\"@type\":\"ReadAction\",\"target\":[\"https:\/\/seppeschina.com\/product\/high-speed-roll-up-door\/\"]}]},{\"@type\":\"ImageObject\",\"inLanguage\":\"de\",\"@id\":\"https:\/\/seppeschina.com\/product\/high-speed-roll-up-door\/#primaryimage\",\"url\":\"https:\/\/seppeschina.com\/wp-content\/uploads\/2021\/07\/high-speed-door-11.jpg\",\"contentUrl\":\"https:\/\/seppeschina.com\/wp-content\/uploads\/2021\/07\/high-speed-door-11.jpg\",\"width\":750,\"height\":750},{\"@type\":\"BreadcrumbList\",\"@id\":\"https:\/\/seppeschina.com\/product\/high-speed-roll-up-door\/#breadcrumb\",\"itemListElement\":[{\"@type\":\"ListItem\",\"position\":1,\"name\":\"Home\",\"item\":\"https:\/\/seppeschina.com\/\"},{\"@type\":\"ListItem\",\"position\":2,\"name\":\"Shop\",\"item\":\"https:\/\/seppeschina.com\/shop\/\"},{\"@type\":\"ListItem\",\"position\":3,\"name\":\"High Speed Roll Up Door\"}]},{\"@type\":\"WebSite\",\"@id\":\"https:\/\/seppeschina.com\/#website\",\"url\":\"https:\/\/seppeschina.com\/\",\"name\":\"SEPPES Door Industry\",\"description\":\"China&#039;s Leading High Speed Door Manufacturer\",\"potentialAction\":[{\"@type\":\"SearchAction\",\"target\":{\"@type\":\"EntryPoint\",\"urlTemplate\":\"https:\/\/seppeschina.com\/?s={search_term_string}\"},\"query-input\":{\"@type\":\"PropertyValueSpecification\",\"valueRequired\":true,\"valueName\":\"search_term_string\"}}],\"inLanguage\":\"de\"}]}<\/script>\n<!-- \/ Yoast SEO plugin. -->","yoast_head_json":{"title":"High Speed Roll Up Door - High speed door","description":"High speed roll up door has many functions such as insect proof, wind proof, dust proof, wind pressure resistance, low noise, high opening frequency and good safety performance.","robots":{"index":"index","follow":"follow","max-snippet":"max-snippet:-1","max-image-preview":"max-image-preview:large","max-video-preview":"max-video-preview:-1"},"canonical":"https:\/\/seppeschina.com\/de\/product\/high-speed-roll-up-door\/","og_locale":"de_DE","og_type":"article","og_title":"High Speed Roll Up Door - High speed door","og_description":"High speed roll up door has many functions such as insect proof, wind proof, dust proof, wind pressure resistance, low noise, high opening frequency and good safety performance.","og_url":"https:\/\/seppeschina.com\/de\/product\/high-speed-roll-up-door\/","og_site_name":"High speed door","article_publisher":"https:\/\/www.facebook.com\/Seppesdoor-101420388136000\/","article_modified_time":"2023-03-14T02:05:48+00:00","og_image":[{"width":750,"height":750,"url":"https:\/\/seppeschina.com\/wp-content\/uploads\/2021\/07\/high-speed-door-11.jpg","type":"image\/jpeg"}],"twitter_card":"summary_large_image","twitter_site":"@Stella93161069","twitter_misc":{"Gesch\u00e4tzte Lesezeit":"4\u00a0Minuten"},"schema":{"@context":"https:\/\/schema.org","@graph":[{"@type":"WebPage","@id":"https:\/\/seppeschina.com\/product\/high-speed-roll-up-door\/","url":"https:\/\/seppeschina.com\/product\/high-speed-roll-up-door\/","name":"High Speed Roll Up Door - High speed door","isPartOf":{"@id":"https:\/\/seppeschina.com\/#website"},"primaryImageOfPage":{"@id":"https:\/\/seppeschina.com\/product\/high-speed-roll-up-door\/#primaryimage"},"image":{"@id":"https:\/\/seppeschina.com\/product\/high-speed-roll-up-door\/#primaryimage"},"thumbnailUrl":"https:\/\/seppeschina.com\/wp-content\/uploads\/2021\/07\/high-speed-door-11.jpg","datePublished":"2021-07-23T08:25:33+00:00","dateModified":"2023-03-14T02:05:48+00:00","description":"High speed roll up door has many functions such as insect proof, wind proof, dust proof, wind pressure resistance, low noise, high opening frequency and good safety performance.","breadcrumb":{"@id":"https:\/\/seppeschina.com\/product\/high-speed-roll-up-door\/#breadcrumb"},"inLanguage":"de","potentialAction":[{"@type":"ReadAction","target":["https:\/\/seppeschina.com\/product\/high-speed-roll-up-door\/"]}]},{"@type":"ImageObject","inLanguage":"de","@id":"https:\/\/seppeschina.com\/product\/high-speed-roll-up-door\/#primaryimage","url":"https:\/\/seppeschina.com\/wp-content\/uploads\/2021\/07\/high-speed-door-11.jpg","contentUrl":"https:\/\/seppeschina.com\/wp-content\/uploads\/2021\/07\/high-speed-door-11.jpg","width":750,"height":750},{"@type":"BreadcrumbList","@id":"https:\/\/seppeschina.com\/product\/high-speed-roll-up-door\/#breadcrumb","itemListElement":[{"@type":"ListItem","position":1,"name":"Home","item":"https:\/\/seppeschina.com\/"},{"@type":"ListItem","position":2,"name":"Shop","item":"https:\/\/seppeschina.com\/shop\/"},{"@type":"ListItem","position":3,"name":"High Speed Roll Up Door"}]},{"@type":"WebSite","@id":"https:\/\/seppeschina.com\/#website","url":"https:\/\/seppeschina.com\/","name":"SEPPES T\u00fcrindustrie","description":"Chinas f\u00fchrender Hersteller von Hochgeschwindigkeitst\u00fcren","potentialAction":[{"@type":"SearchAction","target":{"@type":"EntryPoint","urlTemplate":"https:\/\/seppeschina.com\/?s={search_term_string}"},"query-input":{"@type":"PropertyValueSpecification","valueRequired":true,"valueName":"search_term_string"}}],"inLanguage":"de"}]}},"_links":{"self":[{"href":"https:\/\/seppeschina.com\/de\/wp-json\/wp\/v2\/product\/12519","targetHints":{"allow":["GET"]}}],"collection":[{"href":"https:\/\/seppeschina.com\/de\/wp-json\/wp\/v2\/product"}],"about":[{"href":"https:\/\/seppeschina.com\/de\/wp-json\/wp\/v2\/types\/product"}],"replies":[{"embeddable":true,"href":"https:\/\/seppeschina.com\/de\/wp-json\/wp\/v2\/comments?post=12519"}],"wp:featuredmedia":[{"embeddable":true,"href":"https:\/\/seppeschina.com\/de\/wp-json\/wp\/v2\/media\/12520"}],"wp:attachment":[{"href":"https:\/\/seppeschina.com\/de\/wp-json\/wp\/v2\/media?parent=12519"}],"wp:term":[{"taxonomy":"product_brand","embeddable":true,"href":"https:\/\/seppeschina.com\/de\/wp-json\/wp\/v2\/product_brand?post=12519"},{"taxonomy":"product_cat","embeddable":true,"href":"https:\/\/seppeschina.com\/de\/wp-json\/wp\/v2\/product_cat?post=12519"},{"taxonomy":"product_tag","embeddable":true,"href":"https:\/\/seppeschina.com\/de\/wp-json\/wp\/v2\/product_tag?post=12519"}],"curies":[{"name":"wp","href":"https:\/\/api.w.org\/{rel}","templated":true}]}}