{"id":12745,"date":"2021-09-15T15:56:30","date_gmt":"2021-09-15T07:56:30","guid":{"rendered":"https:\/\/seppeschina.com\/?post_type=product&#038;p=12745"},"modified":"2022-07-13T13:09:39","modified_gmt":"2022-07-13T05:09:39","slug":"industrielle-pvc-warmedammung-automatische-kuhlraumtur","status":"publish","type":"product","link":"https:\/\/seppeschina.com\/de\/product\/industrial-pvc-thermal-insulation-automatic-cold-room-door\/","title":{"rendered":"Industrielle PVC-thermische Isolier-Automatikt\u00fcr f\u00fcr K\u00fchlr\u00e4ume"},"content":{"rendered":"<h3><img loading=\"lazy\" decoding=\"async\" class=\"aligncenter size-full wp-image-12738\" src=\"https:\/\/seppeschina.com\/wp-content\/uploads\/2021\/09\/1.jpg\" alt=\"\" width=\"750\" height=\"750\" srcset=\"https:\/\/seppeschina.com\/wp-content\/uploads\/2021\/09\/1.jpg 750w, https:\/\/seppeschina.com\/wp-content\/uploads\/2021\/09\/1-360x360.jpg 360w, https:\/\/seppeschina.com\/wp-content\/uploads\/2021\/09\/1-100x100.jpg 100w, https:\/\/seppeschina.com\/wp-content\/uploads\/2021\/09\/1-600x600.jpg 600w, https:\/\/seppeschina.com\/wp-content\/uploads\/2021\/09\/1-300x300.jpg 300w, https:\/\/seppeschina.com\/wp-content\/uploads\/2021\/09\/1-150x150.jpg 150w, https:\/\/seppeschina.com\/wp-content\/uploads\/2021\/09\/1-24x24.jpg 24w, https:\/\/seppeschina.com\/wp-content\/uploads\/2021\/09\/1-48x48.jpg 48w, https:\/\/seppeschina.com\/wp-content\/uploads\/2021\/09\/1-96x96.jpg 96w, https:\/\/seppeschina.com\/wp-content\/uploads\/2021\/09\/1-364x364.jpg 364w, https:\/\/seppeschina.com\/wp-content\/uploads\/2021\/09\/1-50x50.jpg 50w, https:\/\/seppeschina.com\/wp-content\/uploads\/2021\/09\/1-110x110.jpg 110w, https:\/\/seppeschina.com\/wp-content\/uploads\/2021\/09\/1-275x275.jpg 275w, https:\/\/seppeschina.com\/wp-content\/uploads\/2021\/09\/1-480x480.jpg 480w, https:\/\/seppeschina.com\/wp-content\/uploads\/2021\/09\/1-550x550.jpg 550w\" sizes=\"auto, (max-width: 750px) 100vw, 750px\" \/><\/h3>\n<h3>Produktbeschreibung<\/h3>\n<p>Die konventionellen Merkmale der thermischen Isolier-Hochgeschwindigkeitst\u00fcr umfassen:<\/p>\n<p><span class=\"VIiyi\" lang=\"en\"><span class=\"JLqJ4b ChMk0b\" data-language-for-alternatives=\"en\" data-language-to-translate-into=\"zh-CN\" data-phrase-index=\"0\">1. Isolierung: Mehrschichtiger, verdickter T\u00fcrvorhang, gef\u00fcllt mit W\u00e4rmed\u00e4mmmaterial, der den W\u00e4rme\u00fcbergang erheblich reduziert<\/span><\/span><\/p>\n<p><span class=\"VIiyi\" lang=\"en\"><span class=\"JLqJ4b ChMk0b\" data-language-for-alternatives=\"en\" data-language-to-translate-into=\"zh-CN\" data-phrase-index=\"2\">2. Luftdichtheit: Doppelreihige B\u00fcrsten oder Gummib\u00e4nder in der Schiene sind kassettiert abgedichtet, um Luftkonvektion zu blockieren und die W\u00e4rmeerhaltung zu f\u00f6rdern<\/span><\/span><\/p>\n<p><span class=\"VIiyi\" lang=\"en\"><span class=\"JLqJ4b ChMk0b\" data-language-for-alternatives=\"en\" data-language-to-translate-into=\"zh-CN\" data-phrase-index=\"4\">3. Windbest\u00e4ndigkeit: Das eingebaute Aluminiumprofil im Vorhang widersteht Winddruck und St\u00f6\u00dfen und verbessert die integrierte \u00c4sthetik des Vorhangs<\/span><\/span><\/p>\n<p><span class=\"VIiyi\" lang=\"en\"><span class=\"JLqJ4b ChMk0b\" data-language-for-alternatives=\"en\" data-language-to-translate-into=\"zh-CN\" data-phrase-index=\"6\">4. Antrieb: Eingebauter servorohrmontierter Motor, h\u00f6here Pr\u00e4zision, gr\u00f6\u00dfere Rolle, schnellere T\u00fcr\u00f6ffnungsgeschwindigkeit<br \/>\n<\/span><\/span><\/p>\n<p><span class=\"VIiyi\" lang=\"en\"><span class=\"JLqJ4b ChMk0b\" data-language-for-alternatives=\"en\" data-language-to-translate-into=\"zh-CN\" data-phrase-index=\"8\">5. Rahmen: SUS304 Edelstahlrahmen und Komponenten, korrosionsbest\u00e4ndig und leicht zu reinigen, besser geeignet f\u00fcr K\u00fchlhausumgebungen<\/span><\/span><\/p>\n<p><span class=\"VIiyi\" lang=\"en\"><span class=\"JLqJ4b ChMk0b\" data-language-for-alternatives=\"en\" data-language-to-translate-into=\"zh-CN\" data-phrase-index=\"10\">6. Sicherheit: Standard-Infrarot-Sicherheits-Quetschschutzvorrichtung, optionaler drahtloser Luftkissen-Unterkantenschutz (SEPPES-Patenttechnologie)<\/span><\/span><\/p>\n<p><span class=\"VIiyi\" lang=\"en\"><span class=\"JLqJ4b ChMk0b\" data-language-for-alternatives=\"en\" data-language-to-translate-into=\"zh-CN\" data-phrase-index=\"12\">7. Frostschutz: Optionale Schienenheizungsvorrichtung zur Verhinderung von Kondensation und Vereisung<\/span><\/span><\/p>\n<div class=\"J_module\">\n<h3 id=\"ali-anchor-AliMagic-x5rm3m\" class=\"magic-0\" data-section=\"AliMagic-x5rm3m\" data-section-title=\"Charactor\" data-spm-anchor-id=\"a2700.details.pronpeci14.i2.5aa0fa97NHfjD2\">1. Eigenschaften<\/h3>\n<\/div>\n<div class=\"J_module\">\n<div class=\"ife-detail-decorate-table\">\n<h3><img loading=\"lazy\" decoding=\"async\" class=\"aligncenter size-full wp-image-12056\" src=\"https:\/\/seppeschina.com\/wp-content\/uploads\/2021\/03\/\u4fdd\u6e29\u5feb\u901f\u95e8_04.jpg\" alt=\"\" width=\"600\" height=\"463\" srcset=\"https:\/\/seppeschina.com\/wp-content\/uploads\/2021\/03\/\u4fdd\u6e29\u5feb\u901f\u95e8_04.jpg 600w, https:\/\/seppeschina.com\/wp-content\/uploads\/2021\/03\/\u4fdd\u6e29\u5feb\u901f\u95e8_04-360x278.jpg 360w, https:\/\/seppeschina.com\/wp-content\/uploads\/2021\/03\/\u4fdd\u6e29\u5feb\u901f\u95e8_04-300x232.jpg 300w, https:\/\/seppeschina.com\/wp-content\/uploads\/2021\/03\/\u4fdd\u6e29\u5feb\u901f\u95e8_04-550x424.jpg 550w\" sizes=\"auto, (max-width: 600px) 100vw, 600px\" \/><\/h3>\n<h3>\u00a0<strong><b>2. Strukturdiagramm<\/b><\/strong><\/h3>\n<p><img loading=\"lazy\" decoding=\"async\" class=\"aligncenter wp-image-12057\" src=\"https:\/\/seppeschina.com\/wp-content\/uploads\/2021\/03\/\u6a59\u8272\u4fdd\u6e29\u95e8\u7ec6\u8282\u56fe.jpg\" alt=\"\" width=\"600\" height=\"600\" srcset=\"https:\/\/seppeschina.com\/wp-content\/uploads\/2021\/03\/\u6a59\u8272\u4fdd\u6e29\u95e8\u7ec6\u8282\u56fe.jpg 750w, https:\/\/seppeschina.com\/wp-content\/uploads\/2021\/03\/\u6a59\u8272\u4fdd\u6e29\u95e8\u7ec6\u8282\u56fe-360x360.jpg 360w, https:\/\/seppeschina.com\/wp-content\/uploads\/2021\/03\/\u6a59\u8272\u4fdd\u6e29\u95e8\u7ec6\u8282\u56fe-100x100.jpg 100w, https:\/\/seppeschina.com\/wp-content\/uploads\/2021\/03\/\u6a59\u8272\u4fdd\u6e29\u95e8\u7ec6\u8282\u56fe-600x600.jpg 600w, https:\/\/seppeschina.com\/wp-content\/uploads\/2021\/03\/\u6a59\u8272\u4fdd\u6e29\u95e8\u7ec6\u8282\u56fe-300x300.jpg 300w, https:\/\/seppeschina.com\/wp-content\/uploads\/2021\/03\/\u6a59\u8272\u4fdd\u6e29\u95e8\u7ec6\u8282\u56fe-150x150.jpg 150w, https:\/\/seppeschina.com\/wp-content\/uploads\/2021\/03\/\u6a59\u8272\u4fdd\u6e29\u95e8\u7ec6\u8282\u56fe-24x24.jpg 24w, https:\/\/seppeschina.com\/wp-content\/uploads\/2021\/03\/\u6a59\u8272\u4fdd\u6e29\u95e8\u7ec6\u8282\u56fe-48x48.jpg 48w, https:\/\/seppeschina.com\/wp-content\/uploads\/2021\/03\/\u6a59\u8272\u4fdd\u6e29\u95e8\u7ec6\u8282\u56fe-96x96.jpg 96w, https:\/\/seppeschina.com\/wp-content\/uploads\/2021\/03\/\u6a59\u8272\u4fdd\u6e29\u95e8\u7ec6\u8282\u56fe-364x364.jpg 364w, https:\/\/seppeschina.com\/wp-content\/uploads\/2021\/03\/\u6a59\u8272\u4fdd\u6e29\u95e8\u7ec6\u8282\u56fe-50x50.jpg 50w, https:\/\/seppeschina.com\/wp-content\/uploads\/2021\/03\/\u6a59\u8272\u4fdd\u6e29\u95e8\u7ec6\u8282\u56fe-110x110.jpg 110w, https:\/\/seppeschina.com\/wp-content\/uploads\/2021\/03\/\u6a59\u8272\u4fdd\u6e29\u95e8\u7ec6\u8282\u56fe-275x275.jpg 275w, https:\/\/seppeschina.com\/wp-content\/uploads\/2021\/03\/\u6a59\u8272\u4fdd\u6e29\u95e8\u7ec6\u8282\u56fe-480x480.jpg 480w, https:\/\/seppeschina.com\/wp-content\/uploads\/2021\/03\/\u6a59\u8272\u4fdd\u6e29\u95e8\u7ec6\u8282\u56fe-550x550.jpg 550w\" sizes=\"auto, (max-width: 600px) 100vw, 600px\" \/><\/p>\n<h3>3. Produktdetails<\/h3>\n<p><img loading=\"lazy\" decoding=\"async\" class=\"aligncenter size-full wp-image-12742\" src=\"https:\/\/seppeschina.com\/wp-content\/uploads\/2021\/09\/3-1.jpg\" alt=\"\" width=\"750\" height=\"763\" srcset=\"https:\/\/seppeschina.com\/wp-content\/uploads\/2021\/09\/3-1.jpg 750w, https:\/\/seppeschina.com\/wp-content\/uploads\/2021\/09\/3-1-360x366.jpg 360w, https:\/\/seppeschina.com\/wp-content\/uploads\/2021\/09\/3-1-600x610.jpg 600w, https:\/\/seppeschina.com\/wp-content\/uploads\/2021\/09\/3-1-295x300.jpg 295w, https:\/\/seppeschina.com\/wp-content\/uploads\/2021\/09\/3-1-24x24.jpg 24w, https:\/\/seppeschina.com\/wp-content\/uploads\/2021\/09\/3-1-48x48.jpg 48w, https:\/\/seppeschina.com\/wp-content\/uploads\/2021\/09\/3-1-50x50.jpg 50w, https:\/\/seppeschina.com\/wp-content\/uploads\/2021\/09\/3-1-541x550.jpg 541w\" sizes=\"auto, (max-width: 750px) 100vw, 750px\" \/><\/p>\n<p>&nbsp;<\/p>\n<h3><strong>4. T\u00fcr\u00f6ffnungsarten<\/strong><\/h3>\n<p>Unsere Standard-T\u00fcr\u00f6ffnungsmethode ist\u00a0<strong>beidseitig<\/strong>\u00a0<strong>manueller Taster<\/strong>,\u00a0<strong>optional Radar<\/strong>,\u00a0<strong>Geomagnetik<\/strong>,\u00a0<strong>Zugkette<\/strong>,\u00a0<strong>Fernbedienung<\/strong>,\u00a0<strong>Bluetooth<\/strong>,\u00a0<strong>drahtloser Schalter<\/strong>, usw.<\/p>\n<p><img loading=\"lazy\" decoding=\"async\" class=\"aligncenter wp-image-11980\" src=\"https:\/\/seppeschina.com\/wp-content\/uploads\/2019\/04\/\u6a59\u8272\u5f00\u5173\u56fe.jpg\" alt=\"\" width=\"600\" height=\"600\" srcset=\"https:\/\/seppeschina.com\/wp-content\/uploads\/2019\/04\/\u6a59\u8272\u5f00\u5173\u56fe.jpg 750w, https:\/\/seppeschina.com\/wp-content\/uploads\/2019\/04\/\u6a59\u8272\u5f00\u5173\u56fe-360x360.jpg 360w, https:\/\/seppeschina.com\/wp-content\/uploads\/2019\/04\/\u6a59\u8272\u5f00\u5173\u56fe-100x100.jpg 100w, https:\/\/seppeschina.com\/wp-content\/uploads\/2019\/04\/\u6a59\u8272\u5f00\u5173\u56fe-600x600.jpg 600w, https:\/\/seppeschina.com\/wp-content\/uploads\/2019\/04\/\u6a59\u8272\u5f00\u5173\u56fe-300x300.jpg 300w, https:\/\/seppeschina.com\/wp-content\/uploads\/2019\/04\/\u6a59\u8272\u5f00\u5173\u56fe-150x150.jpg 150w, https:\/\/seppeschina.com\/wp-content\/uploads\/2019\/04\/\u6a59\u8272\u5f00\u5173\u56fe-24x24.jpg 24w, https:\/\/seppeschina.com\/wp-content\/uploads\/2019\/04\/\u6a59\u8272\u5f00\u5173\u56fe-48x48.jpg 48w, https:\/\/seppeschina.com\/wp-content\/uploads\/2019\/04\/\u6a59\u8272\u5f00\u5173\u56fe-96x96.jpg 96w, https:\/\/seppeschina.com\/wp-content\/uploads\/2019\/04\/\u6a59\u8272\u5f00\u5173\u56fe-364x364.jpg 364w, https:\/\/seppeschina.com\/wp-content\/uploads\/2019\/04\/\u6a59\u8272\u5f00\u5173\u56fe-50x50.jpg 50w, https:\/\/seppeschina.com\/wp-content\/uploads\/2019\/04\/\u6a59\u8272\u5f00\u5173\u56fe-110x110.jpg 110w, https:\/\/seppeschina.com\/wp-content\/uploads\/2019\/04\/\u6a59\u8272\u5f00\u5173\u56fe-275x275.jpg 275w, https:\/\/seppeschina.com\/wp-content\/uploads\/2019\/04\/\u6a59\u8272\u5f00\u5173\u56fe-480x480.jpg 480w, https:\/\/seppeschina.com\/wp-content\/uploads\/2019\/04\/\u6a59\u8272\u5f00\u5173\u56fe-550x550.jpg 550w\" sizes=\"auto, (max-width: 600px) 100vw, 600px\" \/><\/p>\n<h3>5. Warum uns w\u00e4hlen?<\/h3>\n<p><img loading=\"lazy\" decoding=\"async\" class=\"aligncenter size-full wp-image-12739\" src=\"https:\/\/seppeschina.com\/wp-content\/uploads\/2021\/09\/2.jpg\" alt=\"\" width=\"750\" height=\"483\" srcset=\"https:\/\/seppeschina.com\/wp-content\/uploads\/2021\/09\/2.jpg 750w, https:\/\/seppeschina.com\/wp-content\/uploads\/2021\/09\/2-360x232.jpg 360w, https:\/\/seppeschina.com\/wp-content\/uploads\/2021\/09\/2-600x386.jpg 600w, https:\/\/seppeschina.com\/wp-content\/uploads\/2021\/09\/2-300x193.jpg 300w, https:\/\/seppeschina.com\/wp-content\/uploads\/2021\/09\/2-550x354.jpg 550w\" sizes=\"auto, (max-width: 750px) 100vw, 750px\" \/><\/p>\n<h3>6. Unternehmensprofil<\/h3>\n<p><img loading=\"lazy\" decoding=\"async\" class=\"aligncenter size-full wp-image-12740\" src=\"https:\/\/seppeschina.com\/wp-content\/uploads\/2021\/09\/8.jpg\" alt=\"\" width=\"750\" height=\"932\" srcset=\"https:\/\/seppeschina.com\/wp-content\/uploads\/2021\/09\/8.jpg 750w, https:\/\/seppeschina.com\/wp-content\/uploads\/2021\/09\/8-360x447.jpg 360w, https:\/\/seppeschina.com\/wp-content\/uploads\/2021\/09\/8-600x746.jpg 600w, https:\/\/seppeschina.com\/wp-content\/uploads\/2021\/09\/8-241x300.jpg 241w, https:\/\/seppeschina.com\/wp-content\/uploads\/2021\/09\/8-443x550.jpg 443w\" sizes=\"auto, (max-width: 750px) 100vw, 750px\" \/><\/p>\n<h3><strong><b>7. Fabrikvorstellung<\/b><\/strong><\/h3>\n<p><img loading=\"lazy\" decoding=\"async\" class=\"aligncenter size-full wp-image-12741\" src=\"https:\/\/seppeschina.com\/wp-content\/uploads\/2021\/09\/6.jpg\" alt=\"\" width=\"750\" height=\"533\" srcset=\"https:\/\/seppeschina.com\/wp-content\/uploads\/2021\/09\/6.jpg 750w, https:\/\/seppeschina.com\/wp-content\/uploads\/2021\/09\/6-360x256.jpg 360w, https:\/\/seppeschina.com\/wp-content\/uploads\/2021\/09\/6-600x426.jpg 600w, https:\/\/seppeschina.com\/wp-content\/uploads\/2021\/09\/6-300x213.jpg 300w, https:\/\/seppeschina.com\/wp-content\/uploads\/2021\/09\/6-550x391.jpg 550w\" sizes=\"auto, (max-width: 750px) 100vw, 750px\" \/><\/p>\n<h3><b class=\"magic-6\" data-spm-anchor-id=\"a2700.details.pronpeci14.i5.4d3ffa9795VXQD\">8. Ausstellung<\/b><\/h3>\n<p>Dies ist ein Gruppenfoto, das von unseren internationalen Kunden bei einem Besuch unseres Unternehmens aufgenommen wurde, darunter aus den USA, Australien, Spanien, Chile, Israel und anderen L\u00e4ndern.<\/p>\n<p><img loading=\"lazy\" decoding=\"async\" class=\"aligncenter wp-image-11605 size-full\" src=\"https:\/\/seppeschina.com\/wp-content\/uploads\/2021\/03\/seppes-door7.gif\" alt=\"\" width=\"600\" height=\"338\"><\/p>\n<h3>9. Anwendungen<\/h3>\n<p><img loading=\"lazy\" decoding=\"async\" class=\"aligncenter size-full wp-image-12743\" src=\"https:\/\/seppeschina.com\/wp-content\/uploads\/2021\/09\/5.jpg\" alt=\"\" width=\"750\" height=\"1475\" srcset=\"https:\/\/seppeschina.com\/wp-content\/uploads\/2021\/09\/5.jpg 750w, https:\/\/seppeschina.com\/wp-content\/uploads\/2021\/09\/5-360x708.jpg 360w, https:\/\/seppeschina.com\/wp-content\/uploads\/2021\/09\/5-600x1180.jpg 600w, https:\/\/seppeschina.com\/wp-content\/uploads\/2021\/09\/5-153x300.jpg 153w, https:\/\/seppeschina.com\/wp-content\/uploads\/2021\/09\/5-521x1024.jpg 521w, https:\/\/seppeschina.com\/wp-content\/uploads\/2021\/09\/5-280x550.jpg 280w\" sizes=\"auto, (max-width: 750px) 100vw, 750px\" \/><\/p>\n<h3>10. Partner<\/h3>\n<p><img loading=\"lazy\" decoding=\"async\" class=\"aligncenter size-full wp-image-12744\" src=\"https:\/\/seppeschina.com\/wp-content\/uploads\/2021\/09\/9.jpg\" alt=\"\" width=\"750\" height=\"603\" srcset=\"https:\/\/seppeschina.com\/wp-content\/uploads\/2021\/09\/9.jpg 750w, https:\/\/seppeschina.com\/wp-content\/uploads\/2021\/09\/9-360x289.jpg 360w, https:\/\/seppeschina.com\/wp-content\/uploads\/2021\/09\/9-600x482.jpg 600w, https:\/\/seppeschina.com\/wp-content\/uploads\/2021\/09\/9-300x241.jpg 300w, https:\/\/seppeschina.com\/wp-content\/uploads\/2021\/09\/9-550x442.jpg 550w\" sizes=\"auto, (max-width: 750px) 100vw, 750px\" \/><\/p>\n<p>&nbsp;<\/p>\n<h3><strong><b>11. Lieferung &amp; Verpackung<\/b><\/strong><\/h3>\n<p>Unsere Verpackungsmethode ist Holzkistenverpackung, und die Transportmethoden umfassen Express, Luft und See. In der Regel 3-7 Tage nach Auftragserteilung.<\/p>\n<p><img loading=\"lazy\" decoding=\"async\" class=\"wp-image-9880 aligncenter\" src=\"https:\/\/seppeschina.com\/wp-content\/uploads\/2019\/04\/shipping.jpg\" sizes=\"auto, (max-width: 600px) 100vw, 600px\" srcset=\"https:\/\/seppeschina.com\/wp-content\/uploads\/2019\/04\/shipping.jpg 750w, https:\/\/seppeschina.com\/wp-content\/uploads\/2019\/04\/shipping-150x150.jpg 150w, https:\/\/seppeschina.com\/wp-content\/uploads\/2019\/04\/shipping-300x300.jpg 300w, https:\/\/seppeschina.com\/wp-content\/uploads\/2019\/04\/shipping-360x360.jpg 360w, https:\/\/seppeschina.com\/wp-content\/uploads\/2019\/04\/shipping-600x600.jpg 600w, https:\/\/seppeschina.com\/wp-content\/uploads\/2019\/04\/shipping-100x100.jpg 100w, https:\/\/seppeschina.com\/wp-content\/uploads\/2019\/04\/shipping-24x24.jpg 24w, https:\/\/seppeschina.com\/wp-content\/uploads\/2019\/04\/shipping-48x48.jpg 48w, https:\/\/seppeschina.com\/wp-content\/uploads\/2019\/04\/shipping-96x96.jpg 96w, https:\/\/seppeschina.com\/wp-content\/uploads\/2019\/04\/shipping-364x364.jpg 364w, https:\/\/seppeschina.com\/wp-content\/uploads\/2019\/04\/shipping-50x50.jpg 50w, https:\/\/seppeschina.com\/wp-content\/uploads\/2019\/04\/shipping-110x110.jpg 110w, https:\/\/seppeschina.com\/wp-content\/uploads\/2019\/04\/shipping-275x275.jpg 275w, https:\/\/seppeschina.com\/wp-content\/uploads\/2019\/04\/shipping-480x480.jpg 480w, https:\/\/seppeschina.com\/wp-content\/uploads\/2019\/04\/shipping-550x550.jpg 550w\" alt=\"\" width=\"600\" height=\"600\"><\/p>\n<h3>12. FAQ<\/h3>\n<p><b><span data-spm-anchor-id=\"a2700.custom-template.0.i102.577f3333LwTOBI\">F\uff1a<\/span><span data-spm-anchor-id=\"a2700.custom-template.0.i145.577f3333LwTOBI\">Wie sieht es mit Leistung und Spannung aus?<\/span><\/b><\/p>\n<p>A\uff1aKann angepasst werden. Normalerweise 220V, 0,75KW, 50HZ, 1-phasig<\/p>\n<p><b data-spm-anchor-id=\"a2700.custom-template.0.i7.577f3333SViG38\">F: Welche Materialien stehen f\u00fcr den Hochgeschwindigkeitst\u00fcrrahmen zur Auswahl?<\/b><\/p>\n<p>A\uff1aLackierter Stahlt\u00fcrrahmen, SUS304\/316 Edelstahlt\u00fcrrahmen, Aluminiumlegierungs-T\u00fcrrahmen<\/p>\n<p><b data-spm-anchor-id=\"a2700.custom-template.0.i8.577f3333SViG38\">F: Wie hoch ist der Preis f\u00fcr eine Hochgeschwindigkeitst\u00fcr?<\/b><\/p>\n<p>A: H\u00e4ngt von Ihrer Gr\u00f6\u00dfe und weiteren Ausstattungen ab.<\/p>\n<p><b data-spm-anchor-id=\"a2700.custom-template.0.i166.577f3333LwTOBI\">F: Wie w\u00e4hlt man den Hersteller f\u00fcr Hochgeschwindigkeitst\u00fcren aus?<\/b><br \/>\nA\uff1aZertifiziert, SGS, CE, mehr als 10 Jahre<\/p>\n<p><b data-spm-anchor-id=\"a2700.custom-template.0.i9.577f3333SViG38\">F: K\u00f6nnen wir die Hochgeschwindigkeitst\u00fcr selbst installieren?<\/b><\/p>\n<p>A\uff1aJa, sehr einfach. Wir k\u00f6nnen englische Installationshandb\u00fccher und Videos bereitstellen.<\/p>\n<p><b data-spm-anchor-id=\"a2700.custom-template.0.i10.577f3333SViG38\">F: Wie lange ist die Nutzungsdauer?<\/b><\/p>\n<p>A\uff1aetwa 10-15 Jahre<\/p>\n<p><b data-spm-anchor-id=\"a2700.custom-template.0.i11.577f3333SViG38\">F: Welche automatischen\/intelligenten \u00d6ffnungsmethoden bietet die Hochgeschwindigkeitst\u00fcr?<\/b><\/p>\n<p>A: Manueller Druckknopf, automatischer Bewegungssensor, Induktionsschleife, Zugschalter, Kartenleser, Anbindung an PLC oder AGV.<\/p>\n\n<div class=\"wpcf7 no-js\" id=\"wpcf7-f1555-o1\" lang=\"en-US\" dir=\"ltr\" data-wpcf7-id=\"1555\">\n<div class=\"screen-reader-response\"><p role=\"status\" aria-live=\"polite\" aria-atomic=\"true\"><\/p> <ul><\/ul><\/div>\n<form action=\"\/de\/wp-json\/wp\/v2\/product\/12745#wpcf7-f1555-o1\" method=\"post\" class=\"wpcf7-form init\" aria-label=\"Contact form\" novalidate=\"novalidate\" data-status=\"init\" data-trp-original-action=\"\/de\/wp-json\/wp\/v2\/product\/12745#wpcf7-f1555-o1\">\n<fieldset class=\"hidden-fields-container\"><input type=\"hidden\" name=\"_wpcf7\" value=\"1555\" \/><input type=\"hidden\" name=\"_wpcf7_version\" value=\"6.1.4\" \/><input type=\"hidden\" name=\"_wpcf7_locale\" value=\"en_US\" \/><input type=\"hidden\" name=\"_wpcf7_unit_tag\" value=\"wpcf7-f1555-o1\" \/><input type=\"hidden\" name=\"_wpcf7_container_post\" value=\"0\" \/><input type=\"hidden\" name=\"_wpcf7_posted_data_hash\" value=\"\" \/><input type=\"hidden\" name=\"_wpcf7_recaptcha_response\" value=\"\" \/>\n<\/fieldset>\n<div class=\"hunkcf71\">\n\t<p class=\"cf7-title\" style=\"font-size:25px;\"><i class=\"fa fa-envelope-o\"><\/i> Wir werden Ihre E-Mail in K\u00fcrze beantworten!\n\t<\/p>\n\t<p><span class=\"wpcf7-form-control-wrap\" data-name=\"text-737\"><input size=\"40\" maxlength=\"400\" class=\"wpcf7-form-control wpcf7-text wpcf7-validates-as-required\" aria-required=\"true\" aria-invalid=\"false\" placeholder=\"Ihr Name*\" value=\"\" type=\"text\" name=\"text-737\" \/><\/span>\n\t<\/p>\n\t<p><span class=\"wpcf7-form-control-wrap\" data-name=\"email-193\"><input size=\"40\" maxlength=\"400\" class=\"wpcf7-form-control wpcf7-email wpcf7-validates-as-required wpcf7-text wpcf7-validates-as-email\" aria-required=\"true\" aria-invalid=\"false\" placeholder=\"E-Mail-Adresse*\" value=\"\" type=\"email\" name=\"email-193\" \/><\/span>\n\t<\/p>\n\t<p><span class=\"wpcf7-form-control-wrap\" data-name=\"text-738\"><input size=\"40\" maxlength=\"400\" class=\"wpcf7-form-control wpcf7-text\" aria-invalid=\"false\" placeholder=\"Telefonnummer\" value=\"\" type=\"text\" name=\"text-738\" \/><\/span>\n\t<\/p>\n\t<p><span class=\"wpcf7-form-control-wrap\" data-name=\"textarea-837\"><textarea cols=\"40\" rows=\"10\" maxlength=\"2000\" class=\"wpcf7-form-control wpcf7-textarea wpcf7-validates-as-required\" aria-required=\"true\" aria-invalid=\"false\" placeholder=\"Teilen Sie uns Ihren Bedarf so konkret wie m\u00f6glich mit*\" name=\"textarea-837\"><\/textarea><\/span>\n\t<\/p>\n\t<p><input class=\"wpcf7-form-control wpcf7-submit has-spinner\" type=\"submit\" value=\"Senden\" \/>\n\t<\/p>\n<\/div><div class=\"wpcf7-response-output\" aria-hidden=\"true\"><\/div>\n<input type=\"hidden\" name=\"trp-form-language\" value=\"de\"\/><\/form>\n<\/div>\n\n<\/div>\n<\/div>","protected":false},"excerpt":{"rendered":"<p><strong><b>Es verf\u00fcgt \u00fcber gute Funktionen wie Staubschutz, Geruchsbindung, schnelles \u00d6ffnen, W\u00e4rmed\u00e4mmung, Schutz und weitere.<\/b><\/strong><\/p>","protected":false},"featured_media":12746,"comment_status":"open","ping_status":"closed","template":"","meta":[],"product_brand":[],"product_cat":[326],"product_tag":[343],"class_list":{"0":"post-12745","1":"product","2":"type-product","3":"status-publish","4":"has-post-thumbnail","6":"product_cat-high-speed-freezer-door","7":"product_tag-pvc-high-speed-door","10":"first","11":"instock","12":"shipping-taxable","13":"product-type-simple"},"_links":{"self":[{"href":"https:\/\/seppeschina.com\/de\/wp-json\/wp\/v2\/product\/12745","targetHints":{"allow":["GET"]}}],"collection":[{"href":"https:\/\/seppeschina.com\/de\/wp-json\/wp\/v2\/product"}],"about":[{"href":"https:\/\/seppeschina.com\/de\/wp-json\/wp\/v2\/types\/product"}],"replies":[{"embeddable":true,"href":"https:\/\/seppeschina.com\/de\/wp-json\/wp\/v2\/comments?post=12745"}],"wp:featuredmedia":[{"embeddable":true,"href":"https:\/\/seppeschina.com\/de\/wp-json\/wp\/v2\/media\/12746"}],"wp:attachment":[{"href":"https:\/\/seppeschina.com\/de\/wp-json\/wp\/v2\/media?parent=12745"}],"wp:term":[{"taxonomy":"product_brand","embeddable":true,"href":"https:\/\/seppeschina.com\/de\/wp-json\/wp\/v2\/product_brand?post=12745"},{"taxonomy":"product_cat","embeddable":true,"href":"https:\/\/seppeschina.com\/de\/wp-json\/wp\/v2\/product_cat?post=12745"},{"taxonomy":"product_tag","embeddable":true,"href":"https:\/\/seppeschina.com\/de\/wp-json\/wp\/v2\/product_tag?post=12745"}],"curies":[{"name":"wp","href":"https:\/\/api.w.org\/{rel}","templated":true}]}}