{"id":13088,"date":"2022-02-08T15:55:49","date_gmt":"2022-02-08T07:55:49","guid":{"rendered":"https:\/\/seppeschina.com\/?post_type=product&#038;p=13088"},"modified":"2022-02-08T16:00:34","modified_gmt":"2022-02-08T08:00:34","slug":"isolierte-schnelllauftur","status":"publish","type":"product","link":"https:\/\/seppeschina.com\/de\/product\/insulated-high-speed-door\/","title":{"rendered":"Isoliertes Hochgeschwindigkeitstor"},"content":{"rendered":"<figure id=\"attachment_13059\" aria-describedby=\"caption-attachment-13059\" style=\"width: 750px\" class=\"wp-caption aligncenter\"><img loading=\"lazy\" decoding=\"async\" class=\"size-full wp-image-13059\" src=\"https:\/\/seppeschina.com\/wp-content\/uploads\/2021\/07\/1\u4fee\u6539.jpg\" alt=\"\" width=\"750\" height=\"761\" srcset=\"https:\/\/seppeschina.com\/wp-content\/uploads\/2021\/07\/1\u4fee\u6539.jpg 750w, https:\/\/seppeschina.com\/wp-content\/uploads\/2021\/07\/1\u4fee\u6539-360x365.jpg 360w, https:\/\/seppeschina.com\/wp-content\/uploads\/2021\/07\/1\u4fee\u6539-100x100.jpg 100w, https:\/\/seppeschina.com\/wp-content\/uploads\/2021\/07\/1\u4fee\u6539-600x609.jpg 600w, https:\/\/seppeschina.com\/wp-content\/uploads\/2021\/07\/1\u4fee\u6539-296x300.jpg 296w, https:\/\/seppeschina.com\/wp-content\/uploads\/2021\/07\/1\u4fee\u6539-24x24.jpg 24w, https:\/\/seppeschina.com\/wp-content\/uploads\/2021\/07\/1\u4fee\u6539-48x48.jpg 48w, https:\/\/seppeschina.com\/wp-content\/uploads\/2021\/07\/1\u4fee\u6539-96x96.jpg 96w, https:\/\/seppeschina.com\/wp-content\/uploads\/2021\/07\/1\u4fee\u6539-50x50.jpg 50w, https:\/\/seppeschina.com\/wp-content\/uploads\/2021\/07\/1\u4fee\u6539-542x550.jpg 542w\" sizes=\"auto, (max-width: 750px) 100vw, 750px\" \/><figcaption id=\"caption-attachment-13059\" class=\"wp-caption-text\">Hochgeschwindigkeitstor<\/figcaption><\/figure>\n<h3><strong>Beschreibung<\/strong><\/h3>\n<p><span class=\"color-main\"><span style=\"color: #000000;\">Die isolierte Schnelllauft\u00fcr kann in gro\u00dfem Umfang in Werkst\u00e4tten und Reinr\u00e4umen verschiedener Branchen eingesetzt werden, wie z. B. in der Elektronik, im Maschinenbau, in der Chemie, in der Textilindustrie, in der K\u00e4ltetechnik, im Druckwesen, in der Lebensmittelindustrie, in der Automobilmontage, im Supermarkt-, Logistik- und Lagerwesen. Dabei handelt es sich um eine isolierte Schnelllauft\u00fcr, die automatisch und mit hoher Geschwindigkeit \u00f6ffnet und schlie\u00dft. In Fabriken, Lagern, Gesch\u00e4ften usw., die eine strenge Qualit\u00e4tskontrolle, hohe Effizienz und Kosteneinsparungen anstreben, ist das effektive \u00d6ffnen und Schlie\u00dfen von Ein- und Ausg\u00e4ngen der Schl\u00fcssel zur Sicherheit der Waren und zur Effizienz der Produktion und des Betriebs. <a style=\"color: #000000;\" href=\"https:\/\/www.alniff.com.sg\/?keyword_k=high%20speed%20door&amp;gclid=Cj0KCQjw0emHBhC1ARIsAL1QGNfRCfIjbQbc4EVyHLkUk3GiMcXwZwFnsHSE1LT3YvBiCt2pjTbodH0aAjqNEALw_wcB\" rel=\"nofollow noopener\" target=\"_blank\">Schnelltore<\/a> sind 20-mal schneller als Stahlrolltore und erreichen eine hohe \u00d6ffnungs- und Schlie\u00dfgeschwindigkeit von 50 Mal pro Stunde sowie eine hohe Haltbarkeit.<\/span><\/span><\/p>\n<p><img loading=\"lazy\" decoding=\"async\" class=\"aligncenter size-full wp-image-13060\" src=\"https:\/\/seppeschina.com\/wp-content\/uploads\/2021\/07\/2-2.jpg\" alt=\"\" width=\"750\" height=\"766\" srcset=\"https:\/\/seppeschina.com\/wp-content\/uploads\/2021\/07\/2-2.jpg 750w, https:\/\/seppeschina.com\/wp-content\/uploads\/2021\/07\/2-2-360x368.jpg 360w, https:\/\/seppeschina.com\/wp-content\/uploads\/2021\/07\/2-2-600x613.jpg 600w, https:\/\/seppeschina.com\/wp-content\/uploads\/2021\/07\/2-2-294x300.jpg 294w, https:\/\/seppeschina.com\/wp-content\/uploads\/2021\/07\/2-2-24x24.jpg 24w, https:\/\/seppeschina.com\/wp-content\/uploads\/2021\/07\/2-2-48x48.jpg 48w, https:\/\/seppeschina.com\/wp-content\/uploads\/2021\/07\/2-2-50x50.jpg 50w, https:\/\/seppeschina.com\/wp-content\/uploads\/2021\/07\/2-2-539x550.jpg 539w\" sizes=\"auto, (max-width: 750px) 100vw, 750px\" \/><\/p>\n<h3>Projektf\u00e4lle<\/h3>\n<p><img loading=\"lazy\" decoding=\"async\" class=\"aligncenter size-full wp-image-13062\" src=\"https:\/\/seppeschina.com\/wp-content\/uploads\/2021\/07\/3\u4fee\u6539.jpg\" alt=\"\" width=\"750\" height=\"776\" srcset=\"https:\/\/seppeschina.com\/wp-content\/uploads\/2021\/07\/3\u4fee\u6539.jpg 750w, https:\/\/seppeschina.com\/wp-content\/uploads\/2021\/07\/3\u4fee\u6539-360x372.jpg 360w, https:\/\/seppeschina.com\/wp-content\/uploads\/2021\/07\/3\u4fee\u6539-600x621.jpg 600w, https:\/\/seppeschina.com\/wp-content\/uploads\/2021\/07\/3\u4fee\u6539-290x300.jpg 290w, https:\/\/seppeschina.com\/wp-content\/uploads\/2021\/07\/3\u4fee\u6539-24x24.jpg 24w, https:\/\/seppeschina.com\/wp-content\/uploads\/2021\/07\/3\u4fee\u6539-532x550.jpg 532w\" sizes=\"auto, (max-width: 750px) 100vw, 750px\" \/><\/p>\n<h3>Details<\/h3>\n<p><img loading=\"lazy\" decoding=\"async\" class=\"aligncenter size-full wp-image-12509\" src=\"https:\/\/seppeschina.com\/wp-content\/uploads\/2021\/07\/fast-door-4.jpg\" alt=\"\" width=\"750\" height=\"748\" srcset=\"https:\/\/seppeschina.com\/wp-content\/uploads\/2021\/07\/fast-door-4.jpg 750w, https:\/\/seppeschina.com\/wp-content\/uploads\/2021\/07\/fast-door-4-360x359.jpg 360w, https:\/\/seppeschina.com\/wp-content\/uploads\/2021\/07\/fast-door-4-100x100.jpg 100w, https:\/\/seppeschina.com\/wp-content\/uploads\/2021\/07\/fast-door-4-600x598.jpg 600w, https:\/\/seppeschina.com\/wp-content\/uploads\/2021\/07\/fast-door-4-300x300.jpg 300w, https:\/\/seppeschina.com\/wp-content\/uploads\/2021\/07\/fast-door-4-150x150.jpg 150w, https:\/\/seppeschina.com\/wp-content\/uploads\/2021\/07\/fast-door-4-24x24.jpg 24w, https:\/\/seppeschina.com\/wp-content\/uploads\/2021\/07\/fast-door-4-48x48.jpg 48w, https:\/\/seppeschina.com\/wp-content\/uploads\/2021\/07\/fast-door-4-96x96.jpg 96w, https:\/\/seppeschina.com\/wp-content\/uploads\/2021\/07\/fast-door-4-364x364.jpg 364w, https:\/\/seppeschina.com\/wp-content\/uploads\/2021\/07\/fast-door-4-50x50.jpg 50w, https:\/\/seppeschina.com\/wp-content\/uploads\/2021\/07\/fast-door-4-110x110.jpg 110w, https:\/\/seppeschina.com\/wp-content\/uploads\/2021\/07\/fast-door-4-275x275.jpg 275w, https:\/\/seppeschina.com\/wp-content\/uploads\/2021\/07\/fast-door-4-480x480.jpg 480w, https:\/\/seppeschina.com\/wp-content\/uploads\/2021\/07\/fast-door-4-550x550.jpg 550w\" sizes=\"auto, (max-width: 750px) 100vw, 750px\" \/><\/p>\n<h3>Vorteile<\/h3>\n<p><a href=\"https:\/\/seppeschina.com\/de\/unternehmensgeschichte\/\"><img loading=\"lazy\" decoding=\"async\" class=\"aligncenter size-full wp-image-12875\" src=\"https:\/\/seppeschina.com\/wp-content\/uploads\/2021\/07\/2-1.jpg\" alt=\"\" width=\"750\" height=\"272\" srcset=\"https:\/\/seppeschina.com\/wp-content\/uploads\/2021\/07\/2-1.jpg 750w, https:\/\/seppeschina.com\/wp-content\/uploads\/2021\/07\/2-1-360x131.jpg 360w, https:\/\/seppeschina.com\/wp-content\/uploads\/2021\/07\/2-1-600x218.jpg 600w, https:\/\/seppeschina.com\/wp-content\/uploads\/2021\/07\/2-1-300x109.jpg 300w, https:\/\/seppeschina.com\/wp-content\/uploads\/2021\/07\/2-1-550x199.jpg 550w\" sizes=\"auto, (max-width: 750px) 100vw, 750px\" \/><\/a><\/p>\n<p><img loading=\"lazy\" decoding=\"async\" class=\"aligncenter size-full wp-image-13063\" src=\"https:\/\/seppeschina.com\/wp-content\/uploads\/2021\/07\/6\u4fee\u6539.jpg\" alt=\"\" width=\"750\" height=\"828\" srcset=\"https:\/\/seppeschina.com\/wp-content\/uploads\/2021\/07\/6\u4fee\u6539.jpg 750w, https:\/\/seppeschina.com\/wp-content\/uploads\/2021\/07\/6\u4fee\u6539-360x397.jpg 360w, https:\/\/seppeschina.com\/wp-content\/uploads\/2021\/07\/6\u4fee\u6539-600x662.jpg 600w, https:\/\/seppeschina.com\/wp-content\/uploads\/2021\/07\/6\u4fee\u6539-272x300.jpg 272w, https:\/\/seppeschina.com\/wp-content\/uploads\/2021\/07\/6\u4fee\u6539-498x550.jpg 498w\" sizes=\"auto, (max-width: 750px) 100vw, 750px\" \/><\/p>\n<h3>Zertifikate<\/h3>\n<p><img loading=\"lazy\" decoding=\"async\" class=\"aligncenter size-full wp-image-13052\" src=\"https:\/\/seppeschina.com\/wp-content\/uploads\/2022\/01\/7.jpg\" alt=\"\" width=\"750\" height=\"1527\" srcset=\"https:\/\/seppeschina.com\/wp-content\/uploads\/2022\/01\/7.jpg 750w, https:\/\/seppeschina.com\/wp-content\/uploads\/2022\/01\/7-360x733.jpg 360w, https:\/\/seppeschina.com\/wp-content\/uploads\/2022\/01\/7-600x1222.jpg 600w, https:\/\/seppeschina.com\/wp-content\/uploads\/2022\/01\/7-147x300.jpg 147w, https:\/\/seppeschina.com\/wp-content\/uploads\/2022\/01\/7-503x1024.jpg 503w, https:\/\/seppeschina.com\/wp-content\/uploads\/2022\/01\/7-270x550.jpg 270w\" sizes=\"auto, (max-width: 750px) 100vw, 750px\" \/><\/p>\n<h3>Fabrikpr\u00e4sentation<\/h3>\n<p><img loading=\"lazy\" decoding=\"async\" class=\"aligncenter size-full wp-image-13054\" src=\"https:\/\/seppeschina.com\/wp-content\/uploads\/2022\/01\/\u5ba2\u6237\u597d\u8bc41.jpg\" alt=\"\" width=\"750\" height=\"728\" srcset=\"https:\/\/seppeschina.com\/wp-content\/uploads\/2022\/01\/\u5ba2\u6237\u597d\u8bc41.jpg 750w, https:\/\/seppeschina.com\/wp-content\/uploads\/2022\/01\/\u5ba2\u6237\u597d\u8bc41-360x349.jpg 360w, https:\/\/seppeschina.com\/wp-content\/uploads\/2022\/01\/\u5ba2\u6237\u597d\u8bc41-600x582.jpg 600w, https:\/\/seppeschina.com\/wp-content\/uploads\/2022\/01\/\u5ba2\u6237\u597d\u8bc41-300x291.jpg 300w, https:\/\/seppeschina.com\/wp-content\/uploads\/2022\/01\/\u5ba2\u6237\u597d\u8bc41-24x24.jpg 24w, https:\/\/seppeschina.com\/wp-content\/uploads\/2022\/01\/\u5ba2\u6237\u597d\u8bc41-48x48.jpg 48w, https:\/\/seppeschina.com\/wp-content\/uploads\/2022\/01\/\u5ba2\u6237\u597d\u8bc41-50x50.jpg 50w, https:\/\/seppeschina.com\/wp-content\/uploads\/2022\/01\/\u5ba2\u6237\u597d\u8bc41-550x534.jpg 550w\" sizes=\"auto, (max-width: 750px) 100vw, 750px\" \/><\/p>\n<h3>Kunden<\/h3>\n<p>Dies ist ein Foto von spanischen, australischen, brasilianischen, chilenischen Kunden usw., die uns hohes Lob ausgesprochen haben.<br \/>\n<span class=\"color-main\"><img loading=\"lazy\" decoding=\"async\" class=\"aligncenter wp-image-12511 size-full\" title=\"Fabrik-Hochgeschwindigkeitstor\" src=\"https:\/\/seppeschina.com\/wp-content\/uploads\/2021\/07\/fast-door-6.jpg\" alt=\"\" width=\"750\" height=\"1466\" srcset=\"https:\/\/seppeschina.com\/wp-content\/uploads\/2021\/07\/fast-door-6.jpg 750w, https:\/\/seppeschina.com\/wp-content\/uploads\/2021\/07\/fast-door-6-360x704.jpg 360w, https:\/\/seppeschina.com\/wp-content\/uploads\/2021\/07\/fast-door-6-600x1173.jpg 600w, https:\/\/seppeschina.com\/wp-content\/uploads\/2021\/07\/fast-door-6-153x300.jpg 153w, https:\/\/seppeschina.com\/wp-content\/uploads\/2021\/07\/fast-door-6-524x1024.jpg 524w, https:\/\/seppeschina.com\/wp-content\/uploads\/2021\/07\/fast-door-6-281x550.jpg 281w\" sizes=\"auto, (max-width: 750px) 100vw, 750px\" \/><\/span><\/p>\n<p><img loading=\"lazy\" decoding=\"async\" class=\"aligncenter size-full wp-image-13050\" src=\"https:\/\/seppeschina.com\/wp-content\/uploads\/2022\/01\/\u4eba\u7269\u597d\u8bc4.jpg\" alt=\"\" width=\"750\" height=\"575\" srcset=\"https:\/\/seppeschina.com\/wp-content\/uploads\/2022\/01\/\u4eba\u7269\u597d\u8bc4.jpg 750w, https:\/\/seppeschina.com\/wp-content\/uploads\/2022\/01\/\u4eba\u7269\u597d\u8bc4-360x276.jpg 360w, https:\/\/seppeschina.com\/wp-content\/uploads\/2022\/01\/\u4eba\u7269\u597d\u8bc4-600x460.jpg 600w, https:\/\/seppeschina.com\/wp-content\/uploads\/2022\/01\/\u4eba\u7269\u597d\u8bc4-300x230.jpg 300w, https:\/\/seppeschina.com\/wp-content\/uploads\/2022\/01\/\u4eba\u7269\u597d\u8bc4-550x422.jpg 550w\" sizes=\"auto, (max-width: 750px) 100vw, 750px\" \/><\/p>\n<h3>Unsere Partner<\/h3>\n<p>Mehr als 60 Fortune-500-Unternehmen von\u00a0<a href=\"http:\/\/global.geely.com\/\" rel=\"nofollow noopener\" target=\"_blank\">Geely<\/a>, Procter &amp; Gamble, Huawei, Bosch und Pfizer haben uns ausgew\u00e4hlt.<\/p>\n<p><img loading=\"lazy\" decoding=\"async\" class=\"aligncenter size-full wp-image-13053\" src=\"https:\/\/seppeschina.com\/wp-content\/uploads\/2022\/01\/9.jpg\" alt=\"\" width=\"750\" height=\"754\" srcset=\"https:\/\/seppeschina.com\/wp-content\/uploads\/2022\/01\/9.jpg 750w, https:\/\/seppeschina.com\/wp-content\/uploads\/2022\/01\/9-360x362.jpg 360w, https:\/\/seppeschina.com\/wp-content\/uploads\/2022\/01\/9-100x100.jpg 100w, https:\/\/seppeschina.com\/wp-content\/uploads\/2022\/01\/9-600x603.jpg 600w, https:\/\/seppeschina.com\/wp-content\/uploads\/2022\/01\/9-298x300.jpg 298w, https:\/\/seppeschina.com\/wp-content\/uploads\/2022\/01\/9-150x150.jpg 150w, https:\/\/seppeschina.com\/wp-content\/uploads\/2022\/01\/9-24x24.jpg 24w, https:\/\/seppeschina.com\/wp-content\/uploads\/2022\/01\/9-48x48.jpg 48w, https:\/\/seppeschina.com\/wp-content\/uploads\/2022\/01\/9-96x96.jpg 96w, https:\/\/seppeschina.com\/wp-content\/uploads\/2022\/01\/9-50x50.jpg 50w, https:\/\/seppeschina.com\/wp-content\/uploads\/2022\/01\/9-110x110.jpg 110w, https:\/\/seppeschina.com\/wp-content\/uploads\/2022\/01\/9-275x275.jpg 275w, https:\/\/seppeschina.com\/wp-content\/uploads\/2022\/01\/9-547x550.jpg 547w\" sizes=\"auto, (max-width: 750px) 100vw, 750px\" \/><\/p>\n<h3>Weitere Anwendungsf\u00e4lle<\/h3>\n<p><img loading=\"lazy\" decoding=\"async\" class=\"aligncenter wp-image-12508 size-full\" title=\"Hochgeschwindigkeitstor\" src=\"https:\/\/seppeschina.com\/wp-content\/uploads\/2021\/07\/fast-door-3.jpg\" alt=\"\" width=\"750\" height=\"734\" srcset=\"https:\/\/seppeschina.com\/wp-content\/uploads\/2021\/07\/fast-door-3.jpg 750w, https:\/\/seppeschina.com\/wp-content\/uploads\/2021\/07\/fast-door-3-360x352.jpg 360w, https:\/\/seppeschina.com\/wp-content\/uploads\/2021\/07\/fast-door-3-600x587.jpg 600w, https:\/\/seppeschina.com\/wp-content\/uploads\/2021\/07\/fast-door-3-300x294.jpg 300w, https:\/\/seppeschina.com\/wp-content\/uploads\/2021\/07\/fast-door-3-24x24.jpg 24w, https:\/\/seppeschina.com\/wp-content\/uploads\/2021\/07\/fast-door-3-48x48.jpg 48w, https:\/\/seppeschina.com\/wp-content\/uploads\/2021\/07\/fast-door-3-50x50.jpg 50w, https:\/\/seppeschina.com\/wp-content\/uploads\/2021\/07\/fast-door-3-550x538.jpg 550w\" sizes=\"auto, (max-width: 750px) 100vw, 750px\" \/><\/p>\n<h3>FAQ<\/h3>\n<p><span class=\"magic-36\"><b data-spm-anchor-id=\"a2700.details.0.i23.546e123aKROpOh\">1<\/b><b>.F: Welche Farbe hat das Tor?<\/b><\/span><\/p>\n<div>\n<p><span class=\"magic-36\">A: Rot, gelb, blau, wei\u00df, grau und transparent.<\/span><\/p>\n<p><b>2.F: Welcher Typ von Torantrieb wird verwendet?<\/b><br \/>\nA: Servomotor, 220V- 0,75 KW- 50HZ-1 Phrase<\/p>\n<p><b>3.F: Aus welchem Material besteht der Torrahmen?<\/b><br \/>\nA: Lackierter Stahltorrahmen, SUS304-Torrahmen, Aluminiumlegierungs-Torrahmen.<\/p>\n<p><b>4.F: Wie hoch ist der Preis des Tors?<\/b><br \/>\nA: H\u00e4ngt von der Gr\u00f6\u00dfe und weiteren Ausstattungen ab.<\/p>\n<p><b data-spm-anchor-id=\"a2700.details.0.i24.546e123aKROpOh\">5.F: Wie lange kann das Tor verwendet werden?<\/b><br \/>\nA: 8-10 Jahre<\/p>\n<p><b>6.F: F\u00fcr welche Art von Orten kann das Tor eingesetzt werden?<\/b><br \/>\nA: Fabriklager, Lagerr\u00e4ume, Reinr\u00e4ume.<\/p>\n<p><a href=\"https:\/\/seppeschina.com\/de\/contacts\/\"><img loading=\"lazy\" decoding=\"async\" class=\"aligncenter size-full wp-image-12923\" src=\"https:\/\/seppeschina.com\/wp-content\/uploads\/2021\/07\/contact.jpg\" alt=\"\" width=\"750\" height=\"422\" srcset=\"https:\/\/seppeschina.com\/wp-content\/uploads\/2021\/07\/contact.jpg 750w, https:\/\/seppeschina.com\/wp-content\/uploads\/2021\/07\/contact-360x203.jpg 360w, https:\/\/seppeschina.com\/wp-content\/uploads\/2021\/07\/contact-600x338.jpg 600w, https:\/\/seppeschina.com\/wp-content\/uploads\/2021\/07\/contact-300x169.jpg 300w, https:\/\/seppeschina.com\/wp-content\/uploads\/2021\/07\/contact-550x309.jpg 550w\" sizes=\"auto, (max-width: 750px) 100vw, 750px\" \/><\/a><\/p>\n\n<div class=\"wpcf7 no-js\" id=\"wpcf7-f1555-o1\" lang=\"en-US\" dir=\"ltr\" data-wpcf7-id=\"1555\">\n<div class=\"screen-reader-response\"><p role=\"status\" aria-live=\"polite\" aria-atomic=\"true\"><\/p> <ul><\/ul><\/div>\n<form action=\"\/de\/wp-json\/wp\/v2\/product\/13088#wpcf7-f1555-o1\" method=\"post\" class=\"wpcf7-form init\" aria-label=\"Contact form\" novalidate=\"novalidate\" data-status=\"init\" data-trp-original-action=\"\/de\/wp-json\/wp\/v2\/product\/13088#wpcf7-f1555-o1\">\n<fieldset class=\"hidden-fields-container\"><input type=\"hidden\" name=\"_wpcf7\" value=\"1555\" \/><input type=\"hidden\" name=\"_wpcf7_version\" value=\"6.1.4\" \/><input type=\"hidden\" name=\"_wpcf7_locale\" value=\"en_US\" \/><input type=\"hidden\" name=\"_wpcf7_unit_tag\" value=\"wpcf7-f1555-o1\" \/><input type=\"hidden\" name=\"_wpcf7_container_post\" value=\"0\" \/><input type=\"hidden\" name=\"_wpcf7_posted_data_hash\" value=\"\" \/><input type=\"hidden\" name=\"_wpcf7_recaptcha_response\" value=\"\" \/>\n<\/fieldset>\n<div class=\"hunkcf71\">\n\t<p class=\"cf7-title\" style=\"font-size:25px;\"><i class=\"fa fa-envelope-o\"><\/i> Wir werden Ihre E-Mail in K\u00fcrze beantworten!\n\t<\/p>\n\t<p><span class=\"wpcf7-form-control-wrap\" data-name=\"text-737\"><input size=\"40\" maxlength=\"400\" class=\"wpcf7-form-control wpcf7-text wpcf7-validates-as-required\" aria-required=\"true\" aria-invalid=\"false\" placeholder=\"Ihr Name*\" value=\"\" type=\"text\" name=\"text-737\" \/><\/span>\n\t<\/p>\n\t<p><span class=\"wpcf7-form-control-wrap\" data-name=\"email-193\"><input size=\"40\" maxlength=\"400\" class=\"wpcf7-form-control wpcf7-email wpcf7-validates-as-required wpcf7-text wpcf7-validates-as-email\" aria-required=\"true\" aria-invalid=\"false\" placeholder=\"E-Mail-Adresse*\" value=\"\" type=\"email\" name=\"email-193\" \/><\/span>\n\t<\/p>\n\t<p><span class=\"wpcf7-form-control-wrap\" data-name=\"text-738\"><input size=\"40\" maxlength=\"400\" class=\"wpcf7-form-control wpcf7-text\" aria-invalid=\"false\" placeholder=\"Telefonnummer\" value=\"\" type=\"text\" name=\"text-738\" \/><\/span>\n\t<\/p>\n\t<p><span class=\"wpcf7-form-control-wrap\" data-name=\"textarea-837\"><textarea cols=\"40\" rows=\"10\" maxlength=\"2000\" class=\"wpcf7-form-control wpcf7-textarea wpcf7-validates-as-required\" aria-required=\"true\" aria-invalid=\"false\" placeholder=\"Teilen Sie uns Ihren Bedarf so konkret wie m\u00f6glich mit*\" name=\"textarea-837\"><\/textarea><\/span>\n\t<\/p>\n\t<p><input class=\"wpcf7-form-control wpcf7-submit has-spinner\" type=\"submit\" value=\"Senden\" \/>\n\t<\/p>\n<\/div><div class=\"wpcf7-response-output\" aria-hidden=\"true\"><\/div>\n<input type=\"hidden\" name=\"trp-form-language\" value=\"de\"\/><\/form>\n<\/div>\n\n<\/div>","protected":false},"excerpt":{"rendered":"<p><span class=\"color-main\"><span style=\"color: #000000;\">insulated high speed door can be widely used in workshops such as&#8230;&#8230;<\/span><\/span><\/p>\n[video width=\"640\" height=\"368\" mp4=\"https:\/\/seppeschina.com\/wp-content\/uploads\/2021\/07\/eb477f5a896cd93560534d571b603a02.mp4\"][\/video]\n","protected":false},"featured_media":13090,"comment_status":"open","ping_status":"closed","template":"","meta":[],"product_brand":[],"product_cat":[309],"product_tag":[416,368,363,371,369,418,417],"class_list":{"0":"post-13088","1":"product","2":"type-product","3":"status-publish","4":"has-post-thumbnail","6":"product_cat-high-speed-door","7":"product_tag-automated-workshop-high-speed-door","8":"product_tag-china-pvc-fast-door","9":"product_tag-clean-room-high-speed-door","10":"product_tag-fast-acting-door","11":"product_tag-fast-action-fabric-rapid-roller-door","12":"product_tag-workshop-automatic-lifting-door","13":"product_tag-workshop-induction-automatic-door","16":"first","17":"instock","18":"shipping-taxable","19":"product-type-simple"},"_links":{"self":[{"href":"https:\/\/seppeschina.com\/de\/wp-json\/wp\/v2\/product\/13088","targetHints":{"allow":["GET"]}}],"collection":[{"href":"https:\/\/seppeschina.com\/de\/wp-json\/wp\/v2\/product"}],"about":[{"href":"https:\/\/seppeschina.com\/de\/wp-json\/wp\/v2\/types\/product"}],"replies":[{"embeddable":true,"href":"https:\/\/seppeschina.com\/de\/wp-json\/wp\/v2\/comments?post=13088"}],"wp:featuredmedia":[{"embeddable":true,"href":"https:\/\/seppeschina.com\/de\/wp-json\/wp\/v2\/media\/13090"}],"wp:attachment":[{"href":"https:\/\/seppeschina.com\/de\/wp-json\/wp\/v2\/media?parent=13088"}],"wp:term":[{"taxonomy":"product_brand","embeddable":true,"href":"https:\/\/seppeschina.com\/de\/wp-json\/wp\/v2\/product_brand?post=13088"},{"taxonomy":"product_cat","embeddable":true,"href":"https:\/\/seppeschina.com\/de\/wp-json\/wp\/v2\/product_cat?post=13088"},{"taxonomy":"product_tag","embeddable":true,"href":"https:\/\/seppeschina.com\/de\/wp-json\/wp\/v2\/product_tag?post=13088"}],"curies":[{"name":"wp","href":"https:\/\/api.w.org\/{rel}","templated":true}]}}