{"id":8074,"date":"2019-02-03T19:01:21","date_gmt":"2019-02-03T19:01:21","guid":{"rendered":"https:\/\/seppeschina.com\/?post_type=product&#038;p=8074"},"modified":"2025-05-19T16:16:36","modified_gmt":"2025-05-19T08:16:36","slug":"seppes-blue-double-shaft-insulation-high-speed-door-with-geomagnetism-hsd-200","status":"publish","type":"product","link":"https:\/\/seppeschina.com\/de\/product\/seppes-blue-double-shaft-insulation-high-speed-door-with-geomagnetism-hsd-200\/","title":{"rendered":"SEPPES Blaues Doppelwellen-Isolier-Hochgeschwindigkeitstor mit Geomagnetismus HSD-200"},"content":{"rendered":"<h3><span style=\"color: #3366ff;\"><strong><b>Produktbeschreibung<\/b><\/strong><\/span><\/h3>\n<p><strong><b><span class=\"VIiyi\" lang=\"en\"><span class=\"JLqJ4b ChMk0b\" data-language-for-alternatives=\"en\" data-language-to-translate-into=\"zh-CN\" data-phrase-index=\"0\">Double shaft<\/span><\/span> Insulation High Speed Door? <\/b><\/strong> Combines the zipper locking structure with the thermal insulation multi-layer thickened door curtain at night, while ensuring the air tightness of the internal environment, it significantly reduces heat transfer, reduces energy loss and produces a condensing environment. The innovative dual-axis drive technology makes the door curtain not Need to increase the traditional counterweight can be high-speed switching operation, as well as comprehensive safety protection.<\/p>\n<p><img loading=\"lazy\" decoding=\"async\" class=\"aligncenter wp-image-11890\" src=\"https:\/\/seppeschina.com\/wp-content\/uploads\/2021\/04\/image-3.png\" alt=\"\" width=\"600\" height=\"400\" srcset=\"https:\/\/seppeschina.com\/wp-content\/uploads\/2021\/04\/image-3.png 582w, https:\/\/seppeschina.com\/wp-content\/uploads\/2021\/04\/image-3-360x240.png 360w, https:\/\/seppeschina.com\/wp-content\/uploads\/2021\/04\/image-3-300x200.png 300w, https:\/\/seppeschina.com\/wp-content\/uploads\/2021\/04\/image-3-128x84.png 128w, https:\/\/seppeschina.com\/wp-content\/uploads\/2021\/04\/image-3-550x367.png 550w\" sizes=\"auto, (max-width: 600px) 100vw, 600px\" \/><\/p>\n<h5><span style=\"color: #3366ff;\">Features<\/span><\/h5>\n<table style=\"height: 340px;\" width=\"713\">\n<tbody>\n<tr>\n<td width=\"137\">Name<\/td>\n<td width=\"241\"><span class=\"VIiyi\" lang=\"en\"><span class=\"JLqJ4b ChMk0b\" data-language-for-alternatives=\"en\" data-language-to-translate-into=\"zh-CN\" data-phrase-index=\"0\">Double shaft<\/span><\/span> Insulation High Speed Door<\/td>\n<\/tr>\n<tr>\n<td width=\"137\">Curtain<\/td>\n<td width=\"241\">0.9mm\/1.2mm, French PVC fabric<\/td>\n<\/tr>\n<tr>\n<td width=\"137\">Door Frame<\/td>\n<td width=\"241\">SUS304 stainless steel \/Aluminum alloy<\/td>\n<\/tr>\n<tr>\n<td width=\"137\">Max Size<\/td>\n<td width=\"241\">W5000mm*H5000mm; customized size<\/td>\n<\/tr>\n<tr>\n<td width=\"137\">Motor<\/td>\n<td width=\"241\">German Brand<\/td>\n<\/tr>\n<tr>\n<td width=\"137\">Power<\/td>\n<td width=\"241\">0.75kw-1.5kw,220v<\/td>\n<\/tr>\n<tr>\n<td width=\"137\">Voltage<\/td>\n<td width=\"241\">220-380v<\/td>\n<\/tr>\n<tr>\n<td width=\"137\">Speed<\/td>\n<td width=\"241\">1..2-1.5m\/s,adjustable<\/td>\n<\/tr>\n<tr>\n<td width=\"137\">Use Times<\/td>\n<td width=\"241\">More than 1.5 million times<\/td>\n<\/tr>\n<\/tbody>\n<\/table>\n<h5><span style=\"color: #3366ff;\"><strong><b>Strukturdiagramm<\/b><\/strong><\/span><\/h5>\n<p><img loading=\"lazy\" decoding=\"async\" class=\"aligncenter wp-image-11542 size-full\" src=\"https:\/\/seppeschina.com\/wp-content\/uploads\/2021\/03\/H26581db25bbd468cb689ff79d53d88461.png\" alt=\"\" width=\"750\" height=\"750\" srcset=\"https:\/\/seppeschina.com\/wp-content\/uploads\/2021\/03\/H26581db25bbd468cb689ff79d53d88461.png 750w, https:\/\/seppeschina.com\/wp-content\/uploads\/2021\/03\/H26581db25bbd468cb689ff79d53d88461-360x360.png 360w, https:\/\/seppeschina.com\/wp-content\/uploads\/2021\/03\/H26581db25bbd468cb689ff79d53d88461-100x100.png 100w, https:\/\/seppeschina.com\/wp-content\/uploads\/2021\/03\/H26581db25bbd468cb689ff79d53d88461-600x600.png 600w, https:\/\/seppeschina.com\/wp-content\/uploads\/2021\/03\/H26581db25bbd468cb689ff79d53d88461-300x300.png 300w, https:\/\/seppeschina.com\/wp-content\/uploads\/2021\/03\/H26581db25bbd468cb689ff79d53d88461-150x150.png 150w, https:\/\/seppeschina.com\/wp-content\/uploads\/2021\/03\/H26581db25bbd468cb689ff79d53d88461-24x24.png 24w, https:\/\/seppeschina.com\/wp-content\/uploads\/2021\/03\/H26581db25bbd468cb689ff79d53d88461-48x48.png 48w, https:\/\/seppeschina.com\/wp-content\/uploads\/2021\/03\/H26581db25bbd468cb689ff79d53d88461-96x96.png 96w, https:\/\/seppeschina.com\/wp-content\/uploads\/2021\/03\/H26581db25bbd468cb689ff79d53d88461-364x364.png 364w, https:\/\/seppeschina.com\/wp-content\/uploads\/2021\/03\/H26581db25bbd468cb689ff79d53d88461-50x50.png 50w, https:\/\/seppeschina.com\/wp-content\/uploads\/2021\/03\/H26581db25bbd468cb689ff79d53d88461-110x110.png 110w, https:\/\/seppeschina.com\/wp-content\/uploads\/2021\/03\/H26581db25bbd468cb689ff79d53d88461-275x275.png 275w, https:\/\/seppeschina.com\/wp-content\/uploads\/2021\/03\/H26581db25bbd468cb689ff79d53d88461-480x480.png 480w, https:\/\/seppeschina.com\/wp-content\/uploads\/2021\/03\/H26581db25bbd468cb689ff79d53d88461-550x550.png 550w\" sizes=\"auto, (max-width: 750px) 100vw, 750px\" \/><\/p>\n<h5><span style=\"color: #3366ff;\"><strong><b>\u00d6ffnungsarten<\/b><\/strong><\/span><\/h5>\n<p>Our standard door opening method is double-sided manual button, optional radar, geomagnetism, drawstring, remote control, Bluetooth, wireless switch, etc.<\/p>\n<p><img loading=\"lazy\" decoding=\"async\" class=\"aligncenter wp-image-9999 size-full\" src=\"https:\/\/seppeschina.com\/wp-content\/uploads\/2019\/04\/\u672a\u6807\u9898-2.jpg\" alt=\"\" width=\"750\" height=\"750\" srcset=\"https:\/\/seppeschina.com\/wp-content\/uploads\/2019\/04\/\u672a\u6807\u9898-2.jpg 750w, https:\/\/seppeschina.com\/wp-content\/uploads\/2019\/04\/\u672a\u6807\u9898-2-360x360.jpg 360w, https:\/\/seppeschina.com\/wp-content\/uploads\/2019\/04\/\u672a\u6807\u9898-2-100x100.jpg 100w, https:\/\/seppeschina.com\/wp-content\/uploads\/2019\/04\/\u672a\u6807\u9898-2-600x600.jpg 600w, https:\/\/seppeschina.com\/wp-content\/uploads\/2019\/04\/\u672a\u6807\u9898-2-300x300.jpg 300w, https:\/\/seppeschina.com\/wp-content\/uploads\/2019\/04\/\u672a\u6807\u9898-2-150x150.jpg 150w, https:\/\/seppeschina.com\/wp-content\/uploads\/2019\/04\/\u672a\u6807\u9898-2-24x24.jpg 24w, https:\/\/seppeschina.com\/wp-content\/uploads\/2019\/04\/\u672a\u6807\u9898-2-48x48.jpg 48w, https:\/\/seppeschina.com\/wp-content\/uploads\/2019\/04\/\u672a\u6807\u9898-2-96x96.jpg 96w, https:\/\/seppeschina.com\/wp-content\/uploads\/2019\/04\/\u672a\u6807\u9898-2-364x364.jpg 364w, https:\/\/seppeschina.com\/wp-content\/uploads\/2019\/04\/\u672a\u6807\u9898-2-50x50.jpg 50w, https:\/\/seppeschina.com\/wp-content\/uploads\/2019\/04\/\u672a\u6807\u9898-2-110x110.jpg 110w, https:\/\/seppeschina.com\/wp-content\/uploads\/2019\/04\/\u672a\u6807\u9898-2-275x275.jpg 275w, https:\/\/seppeschina.com\/wp-content\/uploads\/2019\/04\/\u672a\u6807\u9898-2-480x480.jpg 480w, https:\/\/seppeschina.com\/wp-content\/uploads\/2019\/04\/\u672a\u6807\u9898-2-550x550.jpg 550w\" sizes=\"auto, (max-width: 750px) 100vw, 750px\" \/><\/p>\n<h5><span style=\"color: #3366ff;\"><strong><b>Colors&#8217; choose<\/b><\/strong><\/span><\/h5>\n<p><img loading=\"lazy\" decoding=\"async\" class=\"aligncenter size-full wp-image-9862\" src=\"https:\/\/seppeschina.com\/wp-content\/uploads\/2019\/04\/color750.png\" alt=\"\" width=\"750\" height=\"750\" srcset=\"https:\/\/seppeschina.com\/wp-content\/uploads\/2019\/04\/color750.png 750w, https:\/\/seppeschina.com\/wp-content\/uploads\/2019\/04\/color750-360x360.png 360w, https:\/\/seppeschina.com\/wp-content\/uploads\/2019\/04\/color750-100x100.png 100w, https:\/\/seppeschina.com\/wp-content\/uploads\/2019\/04\/color750-600x600.png 600w, https:\/\/seppeschina.com\/wp-content\/uploads\/2019\/04\/color750-150x150.png 150w, https:\/\/seppeschina.com\/wp-content\/uploads\/2019\/04\/color750-300x300.png 300w, https:\/\/seppeschina.com\/wp-content\/uploads\/2019\/04\/color750-24x24.png 24w, https:\/\/seppeschina.com\/wp-content\/uploads\/2019\/04\/color750-48x48.png 48w, https:\/\/seppeschina.com\/wp-content\/uploads\/2019\/04\/color750-96x96.png 96w, https:\/\/seppeschina.com\/wp-content\/uploads\/2019\/04\/color750-364x364.png 364w, https:\/\/seppeschina.com\/wp-content\/uploads\/2019\/04\/color750-50x50.png 50w, https:\/\/seppeschina.com\/wp-content\/uploads\/2019\/04\/color750-110x110.png 110w, https:\/\/seppeschina.com\/wp-content\/uploads\/2019\/04\/color750-275x275.png 275w, https:\/\/seppeschina.com\/wp-content\/uploads\/2019\/04\/color750-480x480.png 480w, https:\/\/seppeschina.com\/wp-content\/uploads\/2019\/04\/color750-550x550.png 550w\" sizes=\"auto, (max-width: 750px) 100vw, 750px\" \/><\/p>\n<h3><span style=\"color: #3366ff;\"><strong><b>Unternehmensprofil<\/b><\/strong><\/span><\/h3>\n<h6><span style=\"color: #3366ff;\"><strong><b>\u00dcber uns<\/b><\/strong><\/span><\/h6>\n<p>Gegr\u00fcndet im Jahr 2011,<strong><b>Seppes Door Industry(Suzhou)Co.,ltd<\/b><\/strong>\u00a0ist ein Produktions- und Handelsunternehmen mit Sitz in Suzhou, Provinz Jiangsu in Festlandchina. Wir sind spezialisiert auf die Herstellung kompletter und ma\u00dfgeschneiderter L\u00f6sungen f\u00fcr Eingangst\u00fcrsysteme f\u00fcr Industriekunden, die Fabriken in einer staubfreien, ger\u00e4uscharmen, energieeffizienten, w\u00e4rmeisolierenden Umgebung halten oder andere Kundenanforderungen erf\u00fcllen. Unsere Hauptprodukte sind Hochgeschwindigkeitstore, Schnellrolltore, automatische Rolltore, Sektionaltore und so weiter.<\/p>\n<p><img loading=\"lazy\" decoding=\"async\" class=\"aligncenter size-full wp-image-11606\" src=\"https:\/\/seppeschina.com\/wp-content\/uploads\/2021\/03\/seppes-door8.gif\" alt=\"\" width=\"600\" height=\"502\" \/><\/p>\n<h6><span style=\"color: #3366ff;\"><strong><b>Fabrikpr\u00e4sentation<\/b><\/strong><\/span><\/h6>\n<p>This is our factory display. It is equipped with a professional production factory of more than 17,500 square meters, and the redundant automated product production line is prepared for customized assembly equipment to meet the various needs of fast standardized production and personalized customized manufacturing.<\/p>\n<p><img loading=\"lazy\" decoding=\"async\" class=\"aligncenter size-full wp-image-11604\" src=\"https:\/\/seppeschina.com\/wp-content\/uploads\/2021\/03\/seppes-door6.gif\" alt=\"\" width=\"600\" height=\"358\" \/><\/p>\n<h6><span style=\"color: #3366ff;\"><strong><b>Ausstellung<\/b><\/strong><\/span><\/h6>\n<p>Dies ist ein Gruppenfoto, das von unseren internationalen Kunden bei einem Besuch unseres Unternehmens aufgenommen wurde, darunter aus den USA, Australien, Spanien, Chile, Israel und anderen L\u00e4ndern.<\/p>\n<p><img loading=\"lazy\" decoding=\"async\" class=\"aligncenter wp-image-11605 size-full\" src=\"https:\/\/seppeschina.com\/wp-content\/uploads\/2021\/03\/seppes-door7.gif\" alt=\"\" width=\"600\" height=\"338\" \/><\/p>\n<h6><span style=\"color: #3366ff;\"><strong><b>Unsere Partner<\/b><\/strong><\/span><\/h6>\n<p>Wir sind kooperativer Lieferant f\u00fcr fast 60 Fortune-500-Unternehmen wie IKEA, Logitech, Fresenius, Akzo Nobel usw.<\/p>\n<p><img loading=\"lazy\" decoding=\"async\" class=\"aligncenter wp-image-11608 size-full\" src=\"https:\/\/seppeschina.com\/wp-content\/uploads\/2021\/03\/seppes-door10.gif\" alt=\"\" width=\"600\" height=\"491\" \/><\/p>\n<h3><span style=\"color: #3366ff;\"><strong><b>Vorteile<\/b><\/strong><\/span><\/h3>\n<p><img loading=\"lazy\" decoding=\"async\" class=\"aligncenter size-full wp-image-11967\" src=\"https:\/\/seppeschina.com\/wp-content\/uploads\/2019\/02\/\u4fdd\u6e29\u5feb\u901f\u95e8_02.jpg\" alt=\"\" width=\"600\" height=\"630\" \/><\/p>\n<h3><span style=\"color: #3366ff;\"><strong><b>Anwendungen<\/b><\/strong><\/span><\/h3>\n<p>This is a variety of fast doors that we actually apply to enterprises, including medicine, electronics, food, chemical, automotive, textile, printing, logistics and other industries.<\/p>\n<p><img loading=\"lazy\" decoding=\"async\" class=\"aligncenter wp-image-11612 size-full\" src=\"https:\/\/seppeschina.com\/wp-content\/uploads\/2021\/03\/seppes-door2.jpg\" alt=\"\" width=\"600\" height=\"723\" srcset=\"https:\/\/seppeschina.com\/wp-content\/uploads\/2021\/03\/seppes-door2.jpg 600w, https:\/\/seppeschina.com\/wp-content\/uploads\/2021\/03\/seppes-door2-360x434.jpg 360w, https:\/\/seppeschina.com\/wp-content\/uploads\/2021\/03\/seppes-door2-249x300.jpg 249w, https:\/\/seppeschina.com\/wp-content\/uploads\/2021\/03\/seppes-door2-456x550.jpg 456w\" sizes=\"auto, (max-width: 600px) 100vw, 600px\" \/><\/p>\n<h3><span style=\"color: #3366ff;\"><strong><b>Lieferung &amp; Verpackung<\/b><\/strong><\/span><\/h3>\n<p>Unsere Verpackungsmethode ist Holzkistenverpackung, und die Transportmethoden umfassen Express, Luft und See. In der Regel 3-7 Tage nach Auftragserteilung.<\/p>\n<p><img loading=\"lazy\" decoding=\"async\" class=\"aligncenter wp-image-11818 size-full\" src=\"https:\/\/seppeschina.com\/wp-content\/uploads\/2021\/04\/H847d78bca14e40ceb2854a49609655195.png\" alt=\"\" width=\"750\" height=\"310\" srcset=\"https:\/\/seppeschina.com\/wp-content\/uploads\/2021\/04\/H847d78bca14e40ceb2854a49609655195.png 750w, https:\/\/seppeschina.com\/wp-content\/uploads\/2021\/04\/H847d78bca14e40ceb2854a49609655195-360x149.png 360w, https:\/\/seppeschina.com\/wp-content\/uploads\/2021\/04\/H847d78bca14e40ceb2854a49609655195-600x248.png 600w, https:\/\/seppeschina.com\/wp-content\/uploads\/2021\/04\/H847d78bca14e40ceb2854a49609655195-300x124.png 300w, https:\/\/seppeschina.com\/wp-content\/uploads\/2021\/04\/H847d78bca14e40ceb2854a49609655195-550x227.png 550w\" sizes=\"auto, (max-width: 750px) 100vw, 750px\" \/><\/p>\n<h3><span style=\"color: #3366ff;\">FAQ<\/span><\/h3>\n<p><b><span data-spm-anchor-id=\"a2700.custom-template.0.i102.577f3333LwTOBI\">Q\uff1a<\/span><span data-spm-anchor-id=\"a2700.custom-template.0.i145.577f3333LwTOBI\">How about the power and voltage ?<\/span><\/b><\/p>\n<p>A\uff1aCan be customized Normally 220V, 0.75KW, 50HZ, 1-phrase<\/p>\n<p><b data-spm-anchor-id=\"a2700.custom-template.0.i7.577f3333SViG38\">F: Welche Materialien stehen f\u00fcr den Hochgeschwindigkeitst\u00fcrrahmen zur Auswahl?<\/b><\/p>\n<p>A\uff1aPainted steel door frame, SUS304 \/316 door frame, aluminium alloy door frame<\/p>\n<p><b data-spm-anchor-id=\"a2700.custom-template.0.i8.577f3333SViG38\">F: Wie hoch ist der Preis f\u00fcr eine Hochgeschwindigkeitst\u00fcr?<\/b><\/p>\n<p>A: H\u00e4ngt von Ihrer Gr\u00f6\u00dfe und weiteren Ausstattungen ab.<\/p>\n<p><b data-spm-anchor-id=\"a2700.custom-template.0.i166.577f3333LwTOBI\">F: Wie w\u00e4hlt man den Hersteller f\u00fcr Hochgeschwindigkeitst\u00fcren aus?<\/b><br \/>\nA\uff1aCertified, SGS ,CE,more than 10 years<\/p>\n<p><b data-spm-anchor-id=\"a2700.custom-template.0.i9.577f3333SViG38\">F: K\u00f6nnen wir die Hochgeschwindigkeitst\u00fcr selbst installieren?<\/b><\/p>\n<p>A\uff1aYes, very simple.We can provide English installation manual guide and videos.<\/p>\n<p><b data-spm-anchor-id=\"a2700.custom-template.0.i10.577f3333SViG38\">F: Wie lange ist die Nutzungsdauer?<\/b><\/p>\n<p>A\uff1aabout 10-15 years<\/p>\n<p><b data-spm-anchor-id=\"a2700.custom-template.0.i11.577f3333SViG38\">F: Welche automatischen\/intelligenten \u00d6ffnungsmethoden bietet die Hochgeschwindigkeitst\u00fcr?<\/b><\/p>\n<p>A: Manueller Druckknopf, automatischer Bewegungssensor, Induktionsschleife, Zugschalter, Kartenleser, Anbindung an PLC oder AGV.<\/p>","protected":false},"excerpt":{"rendered":"<p>Product Description Double shaft Insulation High Speed Door? Combines the zipper locking structure with the thermal insulation multi-layer thickened door curtain at night, while ensuring the air tightness of the internal environment, it significantly reduces heat transfer, reduces energy loss and produces a condensing environment. The innovative dual-axis drive technology makes the door curtain not Need to increase the traditional counterweight can be high-speed switching operation, as well as comprehensive safety protection. Features Name Double shaft Insulation High Speed Door Curtain 0.9mm\/1.2mm, French PVC fabric Door Frame SUS304 stainless steel \/Aluminum alloy Max Size W5000mm*H5000mm; customized size Motor German Brand Power 0.75kw-1.5kw,220v Voltage 220-380v Speed 1..2-1.5m\/s,adjustable Use Times More than 1.5 million times Structure diagram Opening ways Our standard door [&hellip;]<\/p>\n","protected":false},"featured_media":10046,"comment_status":"open","ping_status":"closed","template":"","meta":[],"product_brand":[],"product_cat":[326],"product_tag":[321,318],"class_list":{"0":"post-8074","1":"product","2":"type-product","3":"status-publish","4":"has-post-thumbnail","6":"product_cat-high-speed-freezer-door","7":"product_tag-cold-storage-fast-door","8":"product_tag-fast-door-manufacturers","11":"first","12":"instock","13":"shipping-taxable","14":"product-type-simple"},"yoast_head":"<!-- This site is optimized with the Yoast SEO plugin v25.3 - https:\/\/yoast.com\/wordpress\/plugins\/seo\/ -->\n<title>SEPPES Blue Double shaft Insulation High Speed Door with Geomagnetism HSD-200 - High speed door<\/title>\n<meta name=\"description\" content=\"Combines the zipper locking structure with the thermal insulation multi-layer thickened door curtain at night, while ensuring the air tightness of the internal environment.\" \/>\n<meta name=\"robots\" content=\"index, follow, max-snippet:-1, max-image-preview:large, max-video-preview:-1\" \/>\n<link rel=\"canonical\" href=\"https:\/\/seppeschina.com\/de\/product\/premium-table\/\" \/>\n<meta property=\"og:locale\" content=\"de_DE\" \/>\n<meta property=\"og:type\" content=\"article\" \/>\n<meta property=\"og:title\" content=\"SEPPES Blue Double shaft Insulation High Speed Door with Geomagnetism HSD-200 - High speed door\" \/>\n<meta property=\"og:description\" content=\"Combines the zipper locking structure with the thermal insulation multi-layer thickened door curtain at night, while ensuring the air tightness of the internal environment.\" \/>\n<meta property=\"og:url\" content=\"https:\/\/seppeschina.com\/de\/product\/premium-table\/\" \/>\n<meta property=\"og:site_name\" content=\"High speed door\" \/>\n<meta property=\"article:publisher\" content=\"https:\/\/www.facebook.com\/Seppesdoor-101420388136000\/\" \/>\n<meta property=\"article:modified_time\" content=\"2025-05-19T08:16:36+00:00\" \/>\n<meta property=\"og:image\" content=\"https:\/\/seppeschina.com\/wp-content\/uploads\/2019\/02\/\u4fdd\u6e29\u62c9\u94fe\u4eec.jpg\" \/>\n\t<meta property=\"og:image:width\" content=\"750\" \/>\n\t<meta property=\"og:image:height\" content=\"750\" \/>\n\t<meta property=\"og:image:type\" content=\"image\/jpeg\" \/>\n<meta name=\"twitter:card\" content=\"summary_large_image\" \/>\n<meta name=\"twitter:site\" content=\"@Stella93161069\" \/>\n<meta name=\"twitter:label1\" content=\"Gesch\u00e4tzte Lesezeit\" \/>\n\t<meta name=\"twitter:data1\" content=\"5\u00a0Minuten\" \/>\n<script type=\"application\/ld+json\" class=\"yoast-schema-graph\">{\"@context\":\"https:\/\/schema.org\",\"@graph\":[{\"@type\":\"WebPage\",\"@id\":\"https:\/\/seppeschina.com\/product\/premium-table\/\",\"url\":\"https:\/\/seppeschina.com\/product\/premium-table\/\",\"name\":\"SEPPES Blue Double shaft Insulation High Speed Door with Geomagnetism HSD-200 - High speed door\",\"isPartOf\":{\"@id\":\"https:\/\/seppeschina.com\/#website\"},\"primaryImageOfPage\":{\"@id\":\"https:\/\/seppeschina.com\/product\/premium-table\/#primaryimage\"},\"image\":{\"@id\":\"https:\/\/seppeschina.com\/product\/premium-table\/#primaryimage\"},\"thumbnailUrl\":\"https:\/\/seppeschina.com\/wp-content\/uploads\/2019\/02\/\u4fdd\u6e29\u62c9\u94fe\u4eec.jpg\",\"datePublished\":\"2019-02-03T19:01:21+00:00\",\"dateModified\":\"2025-05-19T08:16:36+00:00\",\"description\":\"Combines the zipper locking structure with the thermal insulation multi-layer thickened door curtain at night, while ensuring the air tightness of the internal environment.\",\"breadcrumb\":{\"@id\":\"https:\/\/seppeschina.com\/product\/premium-table\/#breadcrumb\"},\"inLanguage\":\"de\",\"potentialAction\":[{\"@type\":\"ReadAction\",\"target\":[\"https:\/\/seppeschina.com\/product\/premium-table\/\"]}]},{\"@type\":\"ImageObject\",\"inLanguage\":\"de\",\"@id\":\"https:\/\/seppeschina.com\/product\/premium-table\/#primaryimage\",\"url\":\"https:\/\/seppeschina.com\/wp-content\/uploads\/2019\/02\/\u4fdd\u6e29\u62c9\u94fe\u4eec.jpg\",\"contentUrl\":\"https:\/\/seppeschina.com\/wp-content\/uploads\/2019\/02\/\u4fdd\u6e29\u62c9\u94fe\u4eec.jpg\",\"width\":750,\"height\":750,\"caption\":\"cold storage high speed door\"},{\"@type\":\"BreadcrumbList\",\"@id\":\"https:\/\/seppeschina.com\/product\/premium-table\/#breadcrumb\",\"itemListElement\":[{\"@type\":\"ListItem\",\"position\":1,\"name\":\"Home\",\"item\":\"https:\/\/seppeschina.com\/\"},{\"@type\":\"ListItem\",\"position\":2,\"name\":\"Shop\",\"item\":\"https:\/\/seppeschina.com\/shop\/\"},{\"@type\":\"ListItem\",\"position\":3,\"name\":\"2021 SEPPES Blue Double shaft Insulation High Speed Door with Geomagnetism HSD-200\"}]},{\"@type\":\"WebSite\",\"@id\":\"https:\/\/seppeschina.com\/#website\",\"url\":\"https:\/\/seppeschina.com\/\",\"name\":\"SEPPES Door Industry\",\"description\":\"China&#039;s Leading High Speed Door Manufacturer\",\"potentialAction\":[{\"@type\":\"SearchAction\",\"target\":{\"@type\":\"EntryPoint\",\"urlTemplate\":\"https:\/\/seppeschina.com\/?s={search_term_string}\"},\"query-input\":{\"@type\":\"PropertyValueSpecification\",\"valueRequired\":true,\"valueName\":\"search_term_string\"}}],\"inLanguage\":\"de\"}]}<\/script>\n<!-- \/ Yoast SEO plugin. -->","yoast_head_json":{"title":"SEPPES Blue Double shaft Insulation High Speed Door with Geomagnetism HSD-200 - High speed door","description":"Combines the zipper locking structure with the thermal insulation multi-layer thickened door curtain at night, while ensuring the air tightness of the internal environment.","robots":{"index":"index","follow":"follow","max-snippet":"max-snippet:-1","max-image-preview":"max-image-preview:large","max-video-preview":"max-video-preview:-1"},"canonical":"https:\/\/seppeschina.com\/de\/product\/premium-table\/","og_locale":"de_DE","og_type":"article","og_title":"SEPPES Blue Double shaft Insulation High Speed Door with Geomagnetism HSD-200 - High speed door","og_description":"Combines the zipper locking structure with the thermal insulation multi-layer thickened door curtain at night, while ensuring the air tightness of the internal environment.","og_url":"https:\/\/seppeschina.com\/de\/product\/premium-table\/","og_site_name":"High speed door","article_publisher":"https:\/\/www.facebook.com\/Seppesdoor-101420388136000\/","article_modified_time":"2025-05-19T08:16:36+00:00","og_image":[{"width":750,"height":750,"url":"https:\/\/seppeschina.com\/wp-content\/uploads\/2019\/02\/\u4fdd\u6e29\u62c9\u94fe\u4eec.jpg","type":"image\/jpeg"}],"twitter_card":"summary_large_image","twitter_site":"@Stella93161069","twitter_misc":{"Gesch\u00e4tzte Lesezeit":"5\u00a0Minuten"},"schema":{"@context":"https:\/\/schema.org","@graph":[{"@type":"WebPage","@id":"https:\/\/seppeschina.com\/product\/premium-table\/","url":"https:\/\/seppeschina.com\/product\/premium-table\/","name":"SEPPES Blue Double shaft Insulation High Speed Door with Geomagnetism HSD-200 - High speed door","isPartOf":{"@id":"https:\/\/seppeschina.com\/#website"},"primaryImageOfPage":{"@id":"https:\/\/seppeschina.com\/product\/premium-table\/#primaryimage"},"image":{"@id":"https:\/\/seppeschina.com\/product\/premium-table\/#primaryimage"},"thumbnailUrl":"https:\/\/seppeschina.com\/wp-content\/uploads\/2019\/02\/\u4fdd\u6e29\u62c9\u94fe\u4eec.jpg","datePublished":"2019-02-03T19:01:21+00:00","dateModified":"2025-05-19T08:16:36+00:00","description":"Combines the zipper locking structure with the thermal insulation multi-layer thickened door curtain at night, while ensuring the air tightness of the internal environment.","breadcrumb":{"@id":"https:\/\/seppeschina.com\/product\/premium-table\/#breadcrumb"},"inLanguage":"de","potentialAction":[{"@type":"ReadAction","target":["https:\/\/seppeschina.com\/product\/premium-table\/"]}]},{"@type":"ImageObject","inLanguage":"de","@id":"https:\/\/seppeschina.com\/product\/premium-table\/#primaryimage","url":"https:\/\/seppeschina.com\/wp-content\/uploads\/2019\/02\/\u4fdd\u6e29\u62c9\u94fe\u4eec.jpg","contentUrl":"https:\/\/seppeschina.com\/wp-content\/uploads\/2019\/02\/\u4fdd\u6e29\u62c9\u94fe\u4eec.jpg","width":750,"height":750,"caption":"cold storage high speed door"},{"@type":"BreadcrumbList","@id":"https:\/\/seppeschina.com\/product\/premium-table\/#breadcrumb","itemListElement":[{"@type":"ListItem","position":1,"name":"Home","item":"https:\/\/seppeschina.com\/"},{"@type":"ListItem","position":2,"name":"Shop","item":"https:\/\/seppeschina.com\/shop\/"},{"@type":"ListItem","position":3,"name":"2021 SEPPES Blue Double shaft Insulation High Speed Door with Geomagnetism HSD-200"}]},{"@type":"WebSite","@id":"https:\/\/seppeschina.com\/#website","url":"https:\/\/seppeschina.com\/","name":"SEPPES T\u00fcrindustrie","description":"Chinas f\u00fchrender Hersteller von Hochgeschwindigkeitst\u00fcren","potentialAction":[{"@type":"SearchAction","target":{"@type":"EntryPoint","urlTemplate":"https:\/\/seppeschina.com\/?s={search_term_string}"},"query-input":{"@type":"PropertyValueSpecification","valueRequired":true,"valueName":"search_term_string"}}],"inLanguage":"de"}]}},"_links":{"self":[{"href":"https:\/\/seppeschina.com\/de\/wp-json\/wp\/v2\/product\/8074","targetHints":{"allow":["GET"]}}],"collection":[{"href":"https:\/\/seppeschina.com\/de\/wp-json\/wp\/v2\/product"}],"about":[{"href":"https:\/\/seppeschina.com\/de\/wp-json\/wp\/v2\/types\/product"}],"replies":[{"embeddable":true,"href":"https:\/\/seppeschina.com\/de\/wp-json\/wp\/v2\/comments?post=8074"}],"wp:featuredmedia":[{"embeddable":true,"href":"https:\/\/seppeschina.com\/de\/wp-json\/wp\/v2\/media\/10046"}],"wp:attachment":[{"href":"https:\/\/seppeschina.com\/de\/wp-json\/wp\/v2\/media?parent=8074"}],"wp:term":[{"taxonomy":"product_brand","embeddable":true,"href":"https:\/\/seppeschina.com\/de\/wp-json\/wp\/v2\/product_brand?post=8074"},{"taxonomy":"product_cat","embeddable":true,"href":"https:\/\/seppeschina.com\/de\/wp-json\/wp\/v2\/product_cat?post=8074"},{"taxonomy":"product_tag","embeddable":true,"href":"https:\/\/seppeschina.com\/de\/wp-json\/wp\/v2\/product_tag?post=8074"}],"curies":[{"name":"wp","href":"https:\/\/api.w.org\/{rel}","templated":true}]}}