{"id":9248,"date":"2019-04-30T12:57:25","date_gmt":"2019-04-30T12:57:25","guid":{"rendered":"https:\/\/seppeschina.com\/?post_type=product&#038;p=9248"},"modified":"2025-05-19T16:15:58","modified_gmt":"2025-05-19T08:15:58","slug":"seppes-gelbe-hochgeschwindigkeits-reisverschlusstur","status":"publish","type":"product","link":"https:\/\/seppeschina.com\/de\/product\/seppes-yellow-high-speed-zipper-door\/","title":{"rendered":"SEPPES Gelbes Hochgeschwindigkeits-Rei\u00dfverschlusstor"},"content":{"rendered":"<p><img loading=\"lazy\" decoding=\"async\" class=\"aligncenter wp-image-12084\" src=\"https:\/\/seppeschina.com\/wp-content\/uploads\/2019\/04\/\u9ec4\u8272\u62c9\u94fe\u95e8\u4e3b\u56fe.jpg\" alt=\"\" width=\"600\" height=\"600\" srcset=\"https:\/\/seppeschina.com\/wp-content\/uploads\/2019\/04\/\u9ec4\u8272\u62c9\u94fe\u95e8\u4e3b\u56fe.jpg 750w, https:\/\/seppeschina.com\/wp-content\/uploads\/2019\/04\/\u9ec4\u8272\u62c9\u94fe\u95e8\u4e3b\u56fe-360x360.jpg 360w, https:\/\/seppeschina.com\/wp-content\/uploads\/2019\/04\/\u9ec4\u8272\u62c9\u94fe\u95e8\u4e3b\u56fe-100x100.jpg 100w, https:\/\/seppeschina.com\/wp-content\/uploads\/2019\/04\/\u9ec4\u8272\u62c9\u94fe\u95e8\u4e3b\u56fe-600x600.jpg 600w, https:\/\/seppeschina.com\/wp-content\/uploads\/2019\/04\/\u9ec4\u8272\u62c9\u94fe\u95e8\u4e3b\u56fe-300x300.jpg 300w, https:\/\/seppeschina.com\/wp-content\/uploads\/2019\/04\/\u9ec4\u8272\u62c9\u94fe\u95e8\u4e3b\u56fe-150x150.jpg 150w, https:\/\/seppeschina.com\/wp-content\/uploads\/2019\/04\/\u9ec4\u8272\u62c9\u94fe\u95e8\u4e3b\u56fe-24x24.jpg 24w, https:\/\/seppeschina.com\/wp-content\/uploads\/2019\/04\/\u9ec4\u8272\u62c9\u94fe\u95e8\u4e3b\u56fe-48x48.jpg 48w, https:\/\/seppeschina.com\/wp-content\/uploads\/2019\/04\/\u9ec4\u8272\u62c9\u94fe\u95e8\u4e3b\u56fe-96x96.jpg 96w, https:\/\/seppeschina.com\/wp-content\/uploads\/2019\/04\/\u9ec4\u8272\u62c9\u94fe\u95e8\u4e3b\u56fe-364x364.jpg 364w, https:\/\/seppeschina.com\/wp-content\/uploads\/2019\/04\/\u9ec4\u8272\u62c9\u94fe\u95e8\u4e3b\u56fe-50x50.jpg 50w, https:\/\/seppeschina.com\/wp-content\/uploads\/2019\/04\/\u9ec4\u8272\u62c9\u94fe\u95e8\u4e3b\u56fe-110x110.jpg 110w, https:\/\/seppeschina.com\/wp-content\/uploads\/2019\/04\/\u9ec4\u8272\u62c9\u94fe\u95e8\u4e3b\u56fe-275x275.jpg 275w, https:\/\/seppeschina.com\/wp-content\/uploads\/2019\/04\/\u9ec4\u8272\u62c9\u94fe\u95e8\u4e3b\u56fe-480x480.jpg 480w, https:\/\/seppeschina.com\/wp-content\/uploads\/2019\/04\/\u9ec4\u8272\u62c9\u94fe\u95e8\u4e3b\u56fe-550x550.jpg 550w\" sizes=\"auto, (max-width: 600px) 100vw, 600px\" \/><\/p>\n<h3><span style=\"color: #3366ff;\">Beschreibung<\/span><\/h3>\n<p>Die konventionellen Merkmale des gelben Hochgeschwindigkeits-Rei\u00dfverschlusstors umfassen:<\/p>\n<p><span class=\"VIiyi\" lang=\"en\"><span class=\"JLqJ4b ChMk0b\" data-language-for-alternatives=\"en\" data-language-to-translate-into=\"zh-CN\" data-phrase-index=\"0\">1. R\u00fccksetzung: Automatische R\u00fccksetzfunktion zur Verhinderung von Kollisionen und versehentlichem Entgleisen (patentierte Technologie)<\/span><\/span><\/p>\n<p><span class=\"VIiyi\" lang=\"en\"><span class=\"JLqJ4b ChMk0b\" data-language-for-alternatives=\"en\" data-language-to-translate-into=\"zh-CN\" data-phrase-index=\"2\">2. Kettenverschluss: Rei\u00dfverschluss-Schlossstruktur, hohe Luftdichtigkeit; vollst\u00e4ndig weicher Torfl\u00fcgel, sicherer<\/span><\/span><\/p>\n<p><span class=\"VIiyi\" lang=\"en\"><span class=\"JLqJ4b ChMk0b\" data-language-for-alternatives=\"en\" data-language-to-translate-into=\"zh-CN\" data-phrase-index=\"4\">3. Hohe Geschwindigkeit: Der Servomotor ist speziell angepasst, die \u00d6ffnungsgeschwindigkeit kann bis zu 2,0 m\/s betragen, auch f\u00fcr Hochfrequenz-Produktionslinien geeignet<\/span><\/span><\/p>\n<p><span class=\"VIiyi\" lang=\"en\"><span class=\"JLqJ4b ChMk0b\" data-language-for-alternatives=\"en\" data-language-to-translate-into=\"zh-CN\" data-phrase-index=\"6\">4. Windbest\u00e4ndigkeit: Der Torrahmen ist mit einem Spannfeder-Spannungssystem ausgestattet, konventionell resistent gegen 6\u20138 Windst\u00e4rken, auf Sonderbestellung verst\u00e4rkbar<\/span><\/span><\/p>\n<p><span class=\"VIiyi\" lang=\"en\"><span class=\"JLqJ4b ChMk0b\" data-language-for-alternatives=\"en\" data-language-to-translate-into=\"zh-CN\" data-phrase-index=\"8\">5. Hochfrequenz: Bis zu 1 Million oder mehr Betriebszyklen<\/span><\/span><\/p>\n<p><span class=\"VIiyi\" lang=\"en\"><span class=\"JLqJ4b ChMk0b\" data-language-for-alternatives=\"en\" data-language-to-translate-into=\"zh-CN\" data-phrase-index=\"10\">6. Sicherheit: Standard-Sicherheitslichtschranke und Bodendichtung (SEPPES patentierte Technologie), optionale Sicherheits-Lichtvorh\u00e4nge<\/span><\/span><\/p>\n<div class=\"J_module\">\n<h3 id=\"ali-anchor-AliMagic-ah376g\" class=\"magic-3\" data-section=\"AliMagic-ah376g\" data-section-title=\"Details Images\" data-spm-anchor-id=\"a2700.details.pronpeci14.i0.7231257c2FOoGS\"><span style=\"color: #3366ff;\">Merkmale<\/span><\/h3>\n<p><img loading=\"lazy\" decoding=\"async\" class=\"aligncenter wp-image-11815 size-full\" src=\"https:\/\/seppeschina.com\/wp-content\/uploads\/2021\/04\/\u62c9\u94fe\u5feb\u901f\u95e8_04.jpg\" alt=\"\" width=\"600\" height=\"348\" srcset=\"https:\/\/seppeschina.com\/wp-content\/uploads\/2021\/04\/\u62c9\u94fe\u5feb\u901f\u95e8_04.jpg 600w, https:\/\/seppeschina.com\/wp-content\/uploads\/2021\/04\/\u62c9\u94fe\u5feb\u901f\u95e8_04-360x209.jpg 360w, https:\/\/seppeschina.com\/wp-content\/uploads\/2021\/04\/\u62c9\u94fe\u5feb\u901f\u95e8_04-300x174.jpg 300w, https:\/\/seppeschina.com\/wp-content\/uploads\/2021\/04\/\u62c9\u94fe\u5feb\u901f\u95e8_04-550x319.jpg 550w\" sizes=\"auto, (max-width: 600px) 100vw, 600px\" \/><\/p>\n<p><img loading=\"lazy\" decoding=\"async\" class=\"aligncenter wp-image-12086 size-full\" src=\"https:\/\/seppeschina.com\/wp-content\/uploads\/2019\/04\/\u6a58\u9ec4\u8272\u62c9\u94fe\u5feb\u901f\u95e8\u7ec6\u8282\u56fe.jpg\" alt=\"\" width=\"600\" height=\"633\" srcset=\"https:\/\/seppeschina.com\/wp-content\/uploads\/2019\/04\/\u6a58\u9ec4\u8272\u62c9\u94fe\u5feb\u901f\u95e8\u7ec6\u8282\u56fe.jpg 600w, https:\/\/seppeschina.com\/wp-content\/uploads\/2019\/04\/\u6a58\u9ec4\u8272\u62c9\u94fe\u5feb\u901f\u95e8\u7ec6\u8282\u56fe-360x380.jpg 360w, https:\/\/seppeschina.com\/wp-content\/uploads\/2019\/04\/\u6a58\u9ec4\u8272\u62c9\u94fe\u5feb\u901f\u95e8\u7ec6\u8282\u56fe-284x300.jpg 284w, https:\/\/seppeschina.com\/wp-content\/uploads\/2019\/04\/\u6a58\u9ec4\u8272\u62c9\u94fe\u5feb\u901f\u95e8\u7ec6\u8282\u56fe-24x24.jpg 24w, https:\/\/seppeschina.com\/wp-content\/uploads\/2019\/04\/\u6a58\u9ec4\u8272\u62c9\u94fe\u5feb\u901f\u95e8\u7ec6\u8282\u56fe-521x550.jpg 521w\" sizes=\"auto, (max-width: 600px) 100vw, 600px\" \/><\/p>\n<\/div>\n<div class=\"J_module\">\n<div>\n<h3><span style=\"color: #3366ff;\"><b><span class=\"magic-21\" data-spm-anchor-id=\"a2700.details.pronpeci14.i0.a6417c84pVqOBT\">Strukturdiagramm<\/span><\/b><\/span><\/h3>\n<p><img loading=\"lazy\" decoding=\"async\" class=\"aligncenter wp-image-11983\" src=\"https:\/\/seppeschina.com\/wp-content\/uploads\/2019\/04\/\u9ec4\u8272\u62c9\u94fe\u5feb\u901f\u95e8\u7ed3\u6784\u56fe.jpg\" alt=\"\" width=\"600\" height=\"600\" srcset=\"https:\/\/seppeschina.com\/wp-content\/uploads\/2019\/04\/\u9ec4\u8272\u62c9\u94fe\u5feb\u901f\u95e8\u7ed3\u6784\u56fe.jpg 750w, https:\/\/seppeschina.com\/wp-content\/uploads\/2019\/04\/\u9ec4\u8272\u62c9\u94fe\u5feb\u901f\u95e8\u7ed3\u6784\u56fe-360x360.jpg 360w, https:\/\/seppeschina.com\/wp-content\/uploads\/2019\/04\/\u9ec4\u8272\u62c9\u94fe\u5feb\u901f\u95e8\u7ed3\u6784\u56fe-100x100.jpg 100w, https:\/\/seppeschina.com\/wp-content\/uploads\/2019\/04\/\u9ec4\u8272\u62c9\u94fe\u5feb\u901f\u95e8\u7ed3\u6784\u56fe-600x600.jpg 600w, https:\/\/seppeschina.com\/wp-content\/uploads\/2019\/04\/\u9ec4\u8272\u62c9\u94fe\u5feb\u901f\u95e8\u7ed3\u6784\u56fe-300x300.jpg 300w, https:\/\/seppeschina.com\/wp-content\/uploads\/2019\/04\/\u9ec4\u8272\u62c9\u94fe\u5feb\u901f\u95e8\u7ed3\u6784\u56fe-150x150.jpg 150w, https:\/\/seppeschina.com\/wp-content\/uploads\/2019\/04\/\u9ec4\u8272\u62c9\u94fe\u5feb\u901f\u95e8\u7ed3\u6784\u56fe-24x24.jpg 24w, https:\/\/seppeschina.com\/wp-content\/uploads\/2019\/04\/\u9ec4\u8272\u62c9\u94fe\u5feb\u901f\u95e8\u7ed3\u6784\u56fe-48x48.jpg 48w, https:\/\/seppeschina.com\/wp-content\/uploads\/2019\/04\/\u9ec4\u8272\u62c9\u94fe\u5feb\u901f\u95e8\u7ed3\u6784\u56fe-96x96.jpg 96w, https:\/\/seppeschina.com\/wp-content\/uploads\/2019\/04\/\u9ec4\u8272\u62c9\u94fe\u5feb\u901f\u95e8\u7ed3\u6784\u56fe-364x364.jpg 364w, https:\/\/seppeschina.com\/wp-content\/uploads\/2019\/04\/\u9ec4\u8272\u62c9\u94fe\u5feb\u901f\u95e8\u7ed3\u6784\u56fe-50x50.jpg 50w, https:\/\/seppeschina.com\/wp-content\/uploads\/2019\/04\/\u9ec4\u8272\u62c9\u94fe\u5feb\u901f\u95e8\u7ed3\u6784\u56fe-110x110.jpg 110w, https:\/\/seppeschina.com\/wp-content\/uploads\/2019\/04\/\u9ec4\u8272\u62c9\u94fe\u5feb\u901f\u95e8\u7ed3\u6784\u56fe-275x275.jpg 275w, https:\/\/seppeschina.com\/wp-content\/uploads\/2019\/04\/\u9ec4\u8272\u62c9\u94fe\u5feb\u901f\u95e8\u7ed3\u6784\u56fe-480x480.jpg 480w, https:\/\/seppeschina.com\/wp-content\/uploads\/2019\/04\/\u9ec4\u8272\u62c9\u94fe\u5feb\u901f\u95e8\u7ed3\u6784\u56fe-550x550.jpg 550w\" sizes=\"auto, (max-width: 600px) 100vw, 600px\" \/><\/p>\n<h3><span style=\"color: #3366ff;\">\u00d6ffnungsarten<\/span><\/h3>\n<\/div>\n<\/div>\n<div data-id=\"paragraph0\"><\/div>\n<div data-id=\"paragraph0\"><img loading=\"lazy\" decoding=\"async\" class=\"aligncenter wp-image-12085\" src=\"https:\/\/seppeschina.com\/wp-content\/uploads\/2019\/04\/\u5357\u74dc\u9ec4.jpg\" alt=\"\" width=\"600\" height=\"600\" srcset=\"https:\/\/seppeschina.com\/wp-content\/uploads\/2019\/04\/\u5357\u74dc\u9ec4.jpg 750w, https:\/\/seppeschina.com\/wp-content\/uploads\/2019\/04\/\u5357\u74dc\u9ec4-360x360.jpg 360w, https:\/\/seppeschina.com\/wp-content\/uploads\/2019\/04\/\u5357\u74dc\u9ec4-100x100.jpg 100w, https:\/\/seppeschina.com\/wp-content\/uploads\/2019\/04\/\u5357\u74dc\u9ec4-600x600.jpg 600w, https:\/\/seppeschina.com\/wp-content\/uploads\/2019\/04\/\u5357\u74dc\u9ec4-300x300.jpg 300w, https:\/\/seppeschina.com\/wp-content\/uploads\/2019\/04\/\u5357\u74dc\u9ec4-150x150.jpg 150w, https:\/\/seppeschina.com\/wp-content\/uploads\/2019\/04\/\u5357\u74dc\u9ec4-24x24.jpg 24w, https:\/\/seppeschina.com\/wp-content\/uploads\/2019\/04\/\u5357\u74dc\u9ec4-48x48.jpg 48w, https:\/\/seppeschina.com\/wp-content\/uploads\/2019\/04\/\u5357\u74dc\u9ec4-96x96.jpg 96w, https:\/\/seppeschina.com\/wp-content\/uploads\/2019\/04\/\u5357\u74dc\u9ec4-364x364.jpg 364w, https:\/\/seppeschina.com\/wp-content\/uploads\/2019\/04\/\u5357\u74dc\u9ec4-50x50.jpg 50w, https:\/\/seppeschina.com\/wp-content\/uploads\/2019\/04\/\u5357\u74dc\u9ec4-110x110.jpg 110w, https:\/\/seppeschina.com\/wp-content\/uploads\/2019\/04\/\u5357\u74dc\u9ec4-275x275.jpg 275w, https:\/\/seppeschina.com\/wp-content\/uploads\/2019\/04\/\u5357\u74dc\u9ec4-480x480.jpg 480w, https:\/\/seppeschina.com\/wp-content\/uploads\/2019\/04\/\u5357\u74dc\u9ec4-550x550.jpg 550w\" sizes=\"auto, (max-width: 600px) 100vw, 600px\" \/><\/div>\n<div class=\"J_module\">\n<div class=\"ife-detail-decorate-table\">\n<div class=\"magic-2\">\n<div class=\"magic-3\">\n<h3 data-id=\"paragraph0\"><span style=\"color: #3366ff;\">Farboptionen<\/span><\/h3>\n<div class=\"J_module\">\n<div class=\"detail-decorate-json-renderer-container\">\n<div class=\"magic-4\">\n<div class=\"magic-26\">\n<div class=\"magic-6\">\n<div class=\"magic-7\" data-id=\"paragraph0\">\n<div class=\"magic-39\" data-spm-anchor-id=\"a2700.details.pronpeci14.i4.12355170Y9xOFu\"><span class=\"magic-25\">Blau: RAL:5002,\u00a0<\/span><span class=\"magic-25\">Gelb: RAL:1003,\u00a0<\/span><span class=\"magic-25\"><span class=\"magic-24\">Grau: RAL:<\/span>9006<\/span><\/div>\n<\/div>\n<\/div>\n<\/div>\n<div class=\"magic-26\">\n<div class=\"magic-6\">\n<div class=\"magic-7\" data-id=\"paragraph2\">\n<div>\n<div class=\"magic-26\">\n<div class=\"magic-6\">\n<div class=\"magic-7\" data-id=\"paragraph0\">\n<div class=\"magic-39\" data-spm-anchor-id=\"a2700.details.pronpeci14.i5.12355170Y9xOFu\"><span class=\"magic-25\">Rot: RAL:3002, <\/span><span class=\"magic-25\">Wei\u00df: RAL:9003<\/span><\/div>\n<\/div>\n<\/div>\n<\/div>\n<\/div>\n<\/div>\n<\/div>\n<\/div>\n<\/div>\n<\/div>\n<\/div>\n<div class=\"J_module\">\n<div class=\"detail-decorate-json-renderer-container\">\n<div class=\"magic-4\">\n<div class=\"magic-26\">\n<div class=\"magic-27\"><\/div>\n<\/div>\n<\/div>\n<\/div>\n<\/div>\n<p><img loading=\"lazy\" decoding=\"async\" class=\"aligncenter wp-image-9915\" src=\"https:\/\/seppeschina.com\/wp-content\/uploads\/2019\/04\/\u989c\u82721.jpg\" alt=\"\" width=\"600\" height=\"600\" srcset=\"https:\/\/seppeschina.com\/wp-content\/uploads\/2019\/04\/\u989c\u82721.jpg 750w, https:\/\/seppeschina.com\/wp-content\/uploads\/2019\/04\/\u989c\u82721-360x360.jpg 360w, https:\/\/seppeschina.com\/wp-content\/uploads\/2019\/04\/\u989c\u82721-100x100.jpg 100w, https:\/\/seppeschina.com\/wp-content\/uploads\/2019\/04\/\u989c\u82721-600x600.jpg 600w, https:\/\/seppeschina.com\/wp-content\/uploads\/2019\/04\/\u989c\u82721-150x150.jpg 150w, https:\/\/seppeschina.com\/wp-content\/uploads\/2019\/04\/\u989c\u82721-300x300.jpg 300w, https:\/\/seppeschina.com\/wp-content\/uploads\/2019\/04\/\u989c\u82721-24x24.jpg 24w, https:\/\/seppeschina.com\/wp-content\/uploads\/2019\/04\/\u989c\u82721-48x48.jpg 48w, https:\/\/seppeschina.com\/wp-content\/uploads\/2019\/04\/\u989c\u82721-96x96.jpg 96w, https:\/\/seppeschina.com\/wp-content\/uploads\/2019\/04\/\u989c\u82721-364x364.jpg 364w, https:\/\/seppeschina.com\/wp-content\/uploads\/2019\/04\/\u989c\u82721-50x50.jpg 50w, https:\/\/seppeschina.com\/wp-content\/uploads\/2019\/04\/\u989c\u82721-110x110.jpg 110w, https:\/\/seppeschina.com\/wp-content\/uploads\/2019\/04\/\u989c\u82721-275x275.jpg 275w, https:\/\/seppeschina.com\/wp-content\/uploads\/2019\/04\/\u989c\u82721-480x480.jpg 480w, https:\/\/seppeschina.com\/wp-content\/uploads\/2019\/04\/\u989c\u82721-550x550.jpg 550w\" sizes=\"auto, (max-width: 600px) 100vw, 600px\" \/><\/p>\n<h3><span style=\"color: #3366ff;\">Verwandte Produkte<\/span><\/h3>\n<p><img loading=\"lazy\" decoding=\"async\" class=\"aligncenter size-full wp-image-11599\" src=\"https:\/\/seppeschina.com\/wp-content\/uploads\/2021\/03\/seppes-door-1.gif\" alt=\"\" width=\"600\" height=\"528\"><\/p>\n<h3><span style=\"color: #3366ff;\">Wer wir sind<\/span><\/h3>\n<h5>\u00dcber uns<\/h5>\n<p><strong>Seppes Door Industry (Suzhou) Co., Ltd.<\/strong>\u00a0wurde 2011 gegr\u00fcndet und ist ein Produktions- und Handelsunternehmen mit 9 Jahren Erfahrung. Unsere Hauptprodukte sind Hochgeschwindigkeitstore, Schnellrolltore, automatische Rolltore, Kombinationstore usw.<\/p>\n<p><img loading=\"lazy\" decoding=\"async\" class=\"aligncenter size-full wp-image-11606\" src=\"https:\/\/seppeschina.com\/wp-content\/uploads\/2021\/03\/seppes-door8.gif\" alt=\"\" width=\"600\" height=\"502\"><\/p>\n<h3><span style=\"color: #3366ff;\">Fabrikpr\u00e4sentation\u00a0\u00a0<\/span><\/h3>\n<p><img loading=\"lazy\" decoding=\"async\" class=\"aligncenter size-full wp-image-11604\" src=\"https:\/\/seppeschina.com\/wp-content\/uploads\/2021\/03\/seppes-door6.gif\" alt=\"\" width=\"600\" height=\"358\"><\/p>\n<h3><span style=\"color: #3366ff;\">Ausstellung<\/span><\/h3>\n<p>Dies ist ein Foto von spanischen, australischen, brasilianischen, chilenischen Kunden usw., die unser Unternehmen besucht haben.<\/p>\n<p><img loading=\"lazy\" decoding=\"async\" class=\"aligncenter size-full wp-image-11605\" src=\"https:\/\/seppeschina.com\/wp-content\/uploads\/2021\/03\/seppes-door7.gif\" alt=\"\" width=\"600\" height=\"338\"><\/p>\n<h3><span style=\"color: #3366ff;\">Unsere Partner<\/span><br \/>\n<img loading=\"lazy\" decoding=\"async\" class=\"aligncenter size-full wp-image-11608\" src=\"https:\/\/seppeschina.com\/wp-content\/uploads\/2021\/03\/seppes-door10.gif\" alt=\"\" width=\"600\" height=\"491\"><\/h3>\n<h3><span style=\"color: #3366ff;\">Vorteile<\/span><\/h3>\n<p><img decoding=\"async\" class=\"aligncenter\" src=\"https:\/\/seppeschina.com\/wp-content\/uploads\/2021\/04\/%E6%8B%89%E9%93%BE%E5%BF%AB%E9%80%9F%E9%97%A8_02.jpg\" alt=\"\"><\/p>\n<p>1. <strong>R\u00fcckstellung<\/strong>: Automatische R\u00fcckstellfunktion zur Verhinderung versehentlicher Entgleisung (patentierte Technologie)<\/p>\n<p>2. <strong>Schnell<\/strong>: Servomotor ist speziell angefertigt, erm\u00f6glicht eine \u00d6ffnungsgeschwindigkeit von bis zu 2 m\/s<\/p>\n<p>3. <strong>Windwiderstand<\/strong>: Der Torrahmen ist mit einem Spannfeder-Spannungssystem ausgestattet, konventionell widerstandsf\u00e4hig gegen 6-8 Winddruck<\/p>\n<p>4. <strong>Stabil<\/strong>: Ausgestattet mit deutschem Markensteuerungssystem; Servo-Hochpr\u00e4zisions-Antriebseinheit.<\/p>\n<p>5. <strong>Intelligent<\/strong>: Integrierter IoT-Smart-Chip f\u00fcr eine integrierte, intelligente und leistungsstarke L\u00f6sung.<\/p>\n<p>6. <strong>Sicher<\/strong>: Standard-Infrarot-Anti-Quetsch-Sicherheitsvorrichtung.<\/p>\n<h3><span style=\"color: #3366ff;\">Anwendungsbeispiele<\/span><\/h3>\n<p>Dies ist eine Vielzahl von Schnelltoren, die wir tats\u00e4chlich in Unternehmen einsetzen, darunter die Branchen Pharma, Elektronik, Lebensmittel, Chemie, Automobil, Textil, Druck und Logistik.<\/p>\n<p><img loading=\"lazy\" decoding=\"async\" class=\"aligncenter wp-image-10092\" src=\"https:\/\/seppeschina.com\/wp-content\/uploads\/2019\/04\/\u62c9\u94fe\u95e8\u5e94\u7528\u573a\u666f.jpg\" alt=\"\" width=\"600\" height=\"600\" srcset=\"https:\/\/seppeschina.com\/wp-content\/uploads\/2019\/04\/\u62c9\u94fe\u95e8\u5e94\u7528\u573a\u666f.jpg 750w, https:\/\/seppeschina.com\/wp-content\/uploads\/2019\/04\/\u62c9\u94fe\u95e8\u5e94\u7528\u573a\u666f-360x360.jpg 360w, https:\/\/seppeschina.com\/wp-content\/uploads\/2019\/04\/\u62c9\u94fe\u95e8\u5e94\u7528\u573a\u666f-100x100.jpg 100w, https:\/\/seppeschina.com\/wp-content\/uploads\/2019\/04\/\u62c9\u94fe\u95e8\u5e94\u7528\u573a\u666f-600x600.jpg 600w, https:\/\/seppeschina.com\/wp-content\/uploads\/2019\/04\/\u62c9\u94fe\u95e8\u5e94\u7528\u573a\u666f-300x300.jpg 300w, https:\/\/seppeschina.com\/wp-content\/uploads\/2019\/04\/\u62c9\u94fe\u95e8\u5e94\u7528\u573a\u666f-150x150.jpg 150w, https:\/\/seppeschina.com\/wp-content\/uploads\/2019\/04\/\u62c9\u94fe\u95e8\u5e94\u7528\u573a\u666f-24x24.jpg 24w, https:\/\/seppeschina.com\/wp-content\/uploads\/2019\/04\/\u62c9\u94fe\u95e8\u5e94\u7528\u573a\u666f-48x48.jpg 48w, https:\/\/seppeschina.com\/wp-content\/uploads\/2019\/04\/\u62c9\u94fe\u95e8\u5e94\u7528\u573a\u666f-96x96.jpg 96w, https:\/\/seppeschina.com\/wp-content\/uploads\/2019\/04\/\u62c9\u94fe\u95e8\u5e94\u7528\u573a\u666f-364x364.jpg 364w, https:\/\/seppeschina.com\/wp-content\/uploads\/2019\/04\/\u62c9\u94fe\u95e8\u5e94\u7528\u573a\u666f-50x50.jpg 50w, https:\/\/seppeschina.com\/wp-content\/uploads\/2019\/04\/\u62c9\u94fe\u95e8\u5e94\u7528\u573a\u666f-110x110.jpg 110w, https:\/\/seppeschina.com\/wp-content\/uploads\/2019\/04\/\u62c9\u94fe\u95e8\u5e94\u7528\u573a\u666f-275x275.jpg 275w, https:\/\/seppeschina.com\/wp-content\/uploads\/2019\/04\/\u62c9\u94fe\u95e8\u5e94\u7528\u573a\u666f-480x480.jpg 480w, https:\/\/seppeschina.com\/wp-content\/uploads\/2019\/04\/\u62c9\u94fe\u95e8\u5e94\u7528\u573a\u666f-550x550.jpg 550w\" sizes=\"auto, (max-width: 600px) 100vw, 600px\" \/><\/p>\n<h3><span style=\"color: #3366ff;\">Lieferung &amp; Verpackung<\/span><\/h3>\n<p>Unsere Verpackungsmethode ist Holzkistenverpackung, die Transportarten umfassen Express, Luft- und Seefracht.<\/p>\n<p><img loading=\"lazy\" decoding=\"async\" class=\"aligncenter wp-image-9880\" src=\"https:\/\/seppeschina.com\/wp-content\/uploads\/2019\/04\/shipping.jpg\" alt=\"\" width=\"600\" height=\"600\" srcset=\"https:\/\/seppeschina.com\/wp-content\/uploads\/2019\/04\/shipping.jpg 750w, https:\/\/seppeschina.com\/wp-content\/uploads\/2019\/04\/shipping-360x360.jpg 360w, https:\/\/seppeschina.com\/wp-content\/uploads\/2019\/04\/shipping-100x100.jpg 100w, https:\/\/seppeschina.com\/wp-content\/uploads\/2019\/04\/shipping-600x600.jpg 600w, https:\/\/seppeschina.com\/wp-content\/uploads\/2019\/04\/shipping-150x150.jpg 150w, https:\/\/seppeschina.com\/wp-content\/uploads\/2019\/04\/shipping-300x300.jpg 300w, https:\/\/seppeschina.com\/wp-content\/uploads\/2019\/04\/shipping-24x24.jpg 24w, https:\/\/seppeschina.com\/wp-content\/uploads\/2019\/04\/shipping-48x48.jpg 48w, https:\/\/seppeschina.com\/wp-content\/uploads\/2019\/04\/shipping-96x96.jpg 96w, https:\/\/seppeschina.com\/wp-content\/uploads\/2019\/04\/shipping-364x364.jpg 364w, https:\/\/seppeschina.com\/wp-content\/uploads\/2019\/04\/shipping-50x50.jpg 50w, https:\/\/seppeschina.com\/wp-content\/uploads\/2019\/04\/shipping-110x110.jpg 110w, https:\/\/seppeschina.com\/wp-content\/uploads\/2019\/04\/shipping-275x275.jpg 275w, https:\/\/seppeschina.com\/wp-content\/uploads\/2019\/04\/shipping-480x480.jpg 480w, https:\/\/seppeschina.com\/wp-content\/uploads\/2019\/04\/shipping-550x550.jpg 550w\" sizes=\"auto, (max-width: 600px) 100vw, 600px\" \/><\/p>\n<h3><span style=\"color: #3366ff;\">FAQ<\/span><\/h3>\n<p><span style=\"color: #ff0000;\"><strong>F: Wie sieht es mit der Leistung und Spannung aus?<\/strong><\/span><\/p>\n<p><strong>A: Kann angepasst werden. Normalerweise 220 V, 0,75 KW, 50 HZ, 1-phasig.<\/strong><\/p>\n<p><span style=\"color: #ff0000;\"><strong>F: Welche Materialien stehen f\u00fcr den Hochgeschwindigkeitst\u00fcrrahmen zur Auswahl?<\/strong><\/span><\/p>\n<p><strong>A: Lackierter Stahlt\u00fcrrahmen, SUS304\/316 Edelstahlt\u00fcrrahmen, Aluminiumlegierungs-T\u00fcrrahmen.<\/strong><\/p>\n<p><span style=\"color: #ff0000;\"><strong>F: Wie hoch ist der Preis f\u00fcr eine Hochgeschwindigkeitst\u00fcr?<\/strong><\/span><\/p>\n<p><strong>A: H\u00e4ngt von Ihrer Gr\u00f6\u00dfe und weiteren Ausstattungen ab.<\/strong><\/p>\n<p><span style=\"color: #ff0000;\"><strong>F: Wie w\u00e4hlt man den Hersteller f\u00fcr Hochgeschwindigkeitst\u00fcren aus?<\/strong><\/span><\/p>\n<p><strong>A: Zertifiziert, SGS, CE, mehr als 10 Jahre Erfahrung.<\/strong><\/p>\n<p><span style=\"color: #ff0000;\"><strong>F: K\u00f6nnen wir die Hochgeschwindigkeitst\u00fcr selbst installieren?<\/strong><\/span><\/p>\n<p><strong>A: Ja, sehr einfach. Wir k\u00f6nnen englische Installationsanleitungen und Videos bereitstellen.\u00a0<\/strong><\/p>\n<p><span style=\"color: #ff0000;\"><strong>F: Wie lange ist die Nutzungsdauer?<\/strong><\/span><\/p>\n<p><strong>A: Etwa 10\u201315 Jahre.<\/strong><\/p>\n<p><span style=\"color: #ff0000;\"><strong>F: Welche automatischen\/intelligenten \u00d6ffnungsmethoden bietet die Hochgeschwindigkeitst\u00fcr?<\/strong><\/span><\/p>\n<p><strong>A: Manueller Druckknopf, automatischer Bewegungssensor, Induktionsschleife, Zugschalter, Kartenleser, Anbindung an PLC oder AGV.<\/strong><\/p>\n<p>&nbsp;<\/p>\n<\/div>\n<\/div>\n<\/div>\n<\/div>","protected":false},"excerpt":{"rendered":"<p><strong>Selbstreparatur-\/selbstabdichtend und W\u00e4rmeisolierung\/Schnell\u00f6ffnung\/<\/strong><strong>Schalldicht\/staubdicht<\/strong><\/p>\n<p><strong>Einsatz in den Bereichen Lebensmittel, Elektronik, Automobil, Pharmazie, Chemie, Textil, Logistik und anderen Industrien.<\/strong><\/p>","protected":false},"featured_media":9858,"comment_status":"open","ping_status":"closed","template":"","meta":[],"product_brand":[],"product_cat":[303],"product_tag":[318,319],"class_list":{"0":"post-9248","1":"product","2":"type-product","3":"status-publish","4":"has-post-thumbnail","6":"product_cat-high-speed-zipper-door","7":"product_tag-fast-door-manufacturers","8":"product_tag-high-speed-zipper-door","11":"first","12":"instock","13":"shipping-taxable","14":"product-type-simple"},"_links":{"self":[{"href":"https:\/\/seppeschina.com\/de\/wp-json\/wp\/v2\/product\/9248","targetHints":{"allow":["GET"]}}],"collection":[{"href":"https:\/\/seppeschina.com\/de\/wp-json\/wp\/v2\/product"}],"about":[{"href":"https:\/\/seppeschina.com\/de\/wp-json\/wp\/v2\/types\/product"}],"replies":[{"embeddable":true,"href":"https:\/\/seppeschina.com\/de\/wp-json\/wp\/v2\/comments?post=9248"}],"wp:featuredmedia":[{"embeddable":true,"href":"https:\/\/seppeschina.com\/de\/wp-json\/wp\/v2\/media\/9858"}],"wp:attachment":[{"href":"https:\/\/seppeschina.com\/de\/wp-json\/wp\/v2\/media?parent=9248"}],"wp:term":[{"taxonomy":"product_brand","embeddable":true,"href":"https:\/\/seppeschina.com\/de\/wp-json\/wp\/v2\/product_brand?post=9248"},{"taxonomy":"product_cat","embeddable":true,"href":"https:\/\/seppeschina.com\/de\/wp-json\/wp\/v2\/product_cat?post=9248"},{"taxonomy":"product_tag","embeddable":true,"href":"https:\/\/seppeschina.com\/de\/wp-json\/wp\/v2\/product_tag?post=9248"}],"curies":[{"name":"wp","href":"https:\/\/api.w.org\/{rel}","templated":true}]}}