{"id":10079,"date":"2021-01-08T16:15:23","date_gmt":"2021-01-08T08:15:23","guid":{"rendered":"https:\/\/seppeschina.com\/?post_type=product&#038;p=10079"},"modified":"2025-05-19T16:15:10","modified_gmt":"2025-05-19T08:15:10","slug":"puerta-rapida-china-seppes-blue-zipper-con-radar-hsd-140","status":"publish","type":"product","link":"https:\/\/seppeschina.com\/es\/product\/china-seppes-blue-zipper-high-speed-door-with-radar-hsd-140\/","title":{"rendered":"Puerta R\u00e1pida de Cremallera SEPPES Blue Zipper de Alta Velocidad con Radar HSD-140"},"content":{"rendered":"<div style=\"width: 640px;\" class=\"wp-video\"><video class=\"wp-video-shortcode\" id=\"video-10079-1\" width=\"640\" height=\"368\" preload=\"metadata\" controls=\"controls\"><source type=\"video\/mp4\" src=\"https:\/\/seppeschina.com\/wp-content\/uploads\/2021\/01\/\u52a0\u97f3\u4e50.mp4?_=1\" \/><a href=\"https:\/\/seppeschina.com\/wp-content\/uploads\/2021\/01\/\u52a0\u97f3\u4e50.mp4\">https:\/\/seppeschina.com\/wp-content\/uploads\/2021\/01\/\u52a0\u97f3\u4e50.mp4<\/a><\/video><\/div>\n<h3><span style=\"color: #3366ff;\">Descripci\u00f3n<\/span><\/h3>\n<p>Las caracter\u00edsticas convencionales de la Puerta R\u00e1pida de Cremallera incluyen:<\/p>\n<p><span class=\"VIiyi\" lang=\"en\"><span class=\"JLqJ4b ChMk0b\" data-language-for-alternatives=\"en\" data-language-to-translate-into=\"zh-CN\" data-phrase-index=\"0\">1. Reinicio: funci\u00f3n de reinicio autom\u00e1tico para prevenir colisiones y descarrilamientos accidentales (tecnolog\u00eda patentada)<\/span> <\/span><\/p>\n<p><span class=\"VIiyi\" lang=\"en\"><span class=\"JLqJ4b ChMk0b\" data-language-for-alternatives=\"en\" data-language-to-translate-into=\"zh-CN\" data-phrase-index=\"2\">2. Cierre de cadena: estructura de bloqueo de cremallera, alto rendimiento de estanqueidad; cuerpo de puerta completamente blando, m\u00e1s seguro<\/span> <\/span><\/p>\n<p><span class=\"VIiyi\" lang=\"en\"><span class=\"JLqJ4b ChMk0b\" data-language-for-alternatives=\"en\" data-language-to-translate-into=\"zh-CN\" data-phrase-index=\"4\">3. Alta velocidad: motor servo especialmente personalizado, la velocidad de apertura puede alcanzar hasta 2.0 m\/s, tambi\u00e9n aplicable en l\u00edneas de producci\u00f3n de alta frecuencia<\/span> <\/span><\/p>\n<p><span class=\"VIiyi\" lang=\"en\"><span class=\"JLqJ4b ChMk0b\" data-language-for-alternatives=\"en\" data-language-to-translate-into=\"zh-CN\" data-phrase-index=\"6\">4. Resistencia al viento: el marco de la puerta y la gu\u00eda cuentan con un sistema de tensi\u00f3n por resorte, resistente convencionalmente a presiones de viento de 6-8 niveles, y puede reforzarse mediante pedidos especiales<\/span> <\/span><\/p>\n<p><span class=\"VIiyi\" lang=\"en\"><span class=\"JLqJ4b ChMk0b\" data-language-for-alternatives=\"en\" data-language-to-translate-into=\"zh-CN\" data-phrase-index=\"8\">5. Alta frecuencia: n\u00famero de ciclos de hasta 1 mill\u00f3n o m\u00e1s<\/span> <\/span><\/p>\n<p><span class=\"VIiyi\" lang=\"en\"><span class=\"JLqJ4b ChMk0b\" data-language-for-alternatives=\"en\" data-language-to-translate-into=\"zh-CN\" data-phrase-index=\"10\">6. Seguridad: fotoc\u00e9lula de seguridad est\u00e1ndar y airbag inferior (tecnolog\u00eda patentada SEPPES), cortina de luz de seguridad opcional<\/span><\/span><\/p>\n<h3><span style=\"color: #3366ff;\"><strong><b>Composici\u00f3n<\/b><\/strong><\/span><\/h3>\n<p><img loading=\"lazy\" decoding=\"async\" class=\"aligncenter wp-image-10086\" src=\"https:\/\/seppeschina.com\/wp-content\/uploads\/2021\/01\/\u5fae\u4fe1\u56fe\u7247_20200608145916-1.jpg\" alt=\"\" width=\"600\" height=\"640\" srcset=\"https:\/\/seppeschina.com\/wp-content\/uploads\/2021\/01\/\u5fae\u4fe1\u56fe\u7247_20200608145916-1.jpg 750w, https:\/\/seppeschina.com\/wp-content\/uploads\/2021\/01\/\u5fae\u4fe1\u56fe\u7247_20200608145916-1-360x384.jpg 360w, https:\/\/seppeschina.com\/wp-content\/uploads\/2021\/01\/\u5fae\u4fe1\u56fe\u7247_20200608145916-1-600x640.jpg 600w, https:\/\/seppeschina.com\/wp-content\/uploads\/2021\/01\/\u5fae\u4fe1\u56fe\u7247_20200608145916-1-281x300.jpg 281w, https:\/\/seppeschina.com\/wp-content\/uploads\/2021\/01\/\u5fae\u4fe1\u56fe\u7247_20200608145916-1-516x550.jpg 516w\" sizes=\"auto, (max-width: 600px) 100vw, 600px\" \/><\/p>\n<h3><span style=\"color: #3366ff;\"><strong><b>Caracter\u00edstica<\/b><\/strong><\/span><\/h3>\n<table>\n<tbody>\n<tr>\n<td width=\"118\"><strong><b>Nombre<\/b><\/strong><\/td>\n<td width=\"339\">Puerta R\u00e1pida de Cremallera SEPPES<\/td>\n<\/tr>\n<tr>\n<td width=\"118\"><strong><b>Cortina<\/b><\/strong><\/td>\n<td width=\"339\">Cortina de tela de 1.2 mm de espesor<\/td>\n<\/tr>\n<tr>\n<td width=\"118\"><strong><b>Marco de la Puerta<\/b><\/strong><\/td>\n<td width=\"339\">Acero Galvanizado\/<\/p>\n<p>Acero Inoxidable 304\/Aleaci\u00f3n de Aluminio<\/td>\n<\/tr>\n<tr>\n<td width=\"118\"><strong><b>Motor<\/b><\/strong><\/td>\n<td width=\"339\">Motor servo, uso superior a 1.5 millones de veces<\/td>\n<\/tr>\n<tr>\n<td width=\"118\"><strong><b>Potencia<\/b><\/strong><\/td>\n<td width=\"339\">220v, 0.75kw, 50HZ<\/td>\n<\/tr>\n<tr>\n<td width=\"118\"><strong><b>Velocidad<\/b><\/strong><\/td>\n<td width=\"339\">0.8-2.5 m\/s, ajustable<\/td>\n<\/tr>\n<tr>\n<td width=\"118\"><strong><b>Ciclos de Uso<\/b><\/strong><\/td>\n<td width=\"339\">M\u00e1s de 1.5 millones de veces<\/td>\n<\/tr>\n<tr>\n<td width=\"118\"><strong><b>Protecci\u00f3n<\/b><\/strong><\/td>\n<td width=\"339\">IP54<\/td>\n<\/tr>\n<tr>\n<td width=\"118\"><strong><b>Ventaja<\/b><\/strong><\/td>\n<td width=\"339\">Silencioso\/Durable\/Evita colisiones\/Reinicio autom\u00e1tico<\/td>\n<\/tr>\n<\/tbody>\n<\/table>\n<h3><span style=\"color: #3366ff;\"><strong><b>Im\u00e1genes Detalladas<\/b><\/strong><\/span><\/h3>\n<p><img loading=\"lazy\" decoding=\"async\" class=\"aligncenter wp-image-11816 size-full\" src=\"https:\/\/seppeschina.com\/wp-content\/uploads\/2021\/04\/\u62c9\u94fe\u5feb\u901f\u95e8_03.jpg\" alt=\"\" width=\"600\" height=\"633\" srcset=\"https:\/\/seppeschina.com\/wp-content\/uploads\/2021\/04\/\u62c9\u94fe\u5feb\u901f\u95e8_03.jpg 600w, https:\/\/seppeschina.com\/wp-content\/uploads\/2021\/04\/\u62c9\u94fe\u5feb\u901f\u95e8_03-360x380.jpg 360w, https:\/\/seppeschina.com\/wp-content\/uploads\/2021\/04\/\u62c9\u94fe\u5feb\u901f\u95e8_03-284x300.jpg 284w, https:\/\/seppeschina.com\/wp-content\/uploads\/2021\/04\/\u62c9\u94fe\u5feb\u901f\u95e8_03-24x24.jpg 24w, https:\/\/seppeschina.com\/wp-content\/uploads\/2021\/04\/\u62c9\u94fe\u5feb\u901f\u95e8_03-521x550.jpg 521w\" sizes=\"auto, (max-width: 600px) 100vw, 600px\" \/><\/p>\n<p>1. El \u00e1ngulo de hierro est\u00e1 reforzado para mayor estabilidad de la puerta;<\/p>\n<p>2. Instalaci\u00f3n m\u00e1s conveniente, apariencia est\u00e9tica;<\/p>\n<p>3. Puede reiniciarse autom\u00e1ticamente si se sale del riel por impacto;<\/p>\n<p>4. Contacto ligero con un objeto, retroceso r\u00e1pido;<\/p>\n<p>5. Cada producto tiene su propio c\u00f3digo;<\/p>\n<p>6. El color puede seleccionarse seg\u00fan la carta de colores Raul.<\/p>\n<h3><span style=\"color: #3366ff;\">M\u00e9todos de Apertura<\/span><\/h3>\n<p><img loading=\"lazy\" decoding=\"async\" class=\"aligncenter wp-image-9999\" src=\"https:\/\/seppeschina.com\/wp-content\/uploads\/2019\/04\/\u672a\u6807\u9898-2.jpg\" alt=\"\" width=\"600\" height=\"600\" srcset=\"https:\/\/seppeschina.com\/wp-content\/uploads\/2019\/04\/\u672a\u6807\u9898-2.jpg 750w, https:\/\/seppeschina.com\/wp-content\/uploads\/2019\/04\/\u672a\u6807\u9898-2-360x360.jpg 360w, https:\/\/seppeschina.com\/wp-content\/uploads\/2019\/04\/\u672a\u6807\u9898-2-100x100.jpg 100w, https:\/\/seppeschina.com\/wp-content\/uploads\/2019\/04\/\u672a\u6807\u9898-2-600x600.jpg 600w, https:\/\/seppeschina.com\/wp-content\/uploads\/2019\/04\/\u672a\u6807\u9898-2-300x300.jpg 300w, https:\/\/seppeschina.com\/wp-content\/uploads\/2019\/04\/\u672a\u6807\u9898-2-150x150.jpg 150w, https:\/\/seppeschina.com\/wp-content\/uploads\/2019\/04\/\u672a\u6807\u9898-2-24x24.jpg 24w, https:\/\/seppeschina.com\/wp-content\/uploads\/2019\/04\/\u672a\u6807\u9898-2-48x48.jpg 48w, https:\/\/seppeschina.com\/wp-content\/uploads\/2019\/04\/\u672a\u6807\u9898-2-96x96.jpg 96w, https:\/\/seppeschina.com\/wp-content\/uploads\/2019\/04\/\u672a\u6807\u9898-2-364x364.jpg 364w, https:\/\/seppeschina.com\/wp-content\/uploads\/2019\/04\/\u672a\u6807\u9898-2-50x50.jpg 50w, https:\/\/seppeschina.com\/wp-content\/uploads\/2019\/04\/\u672a\u6807\u9898-2-110x110.jpg 110w, https:\/\/seppeschina.com\/wp-content\/uploads\/2019\/04\/\u672a\u6807\u9898-2-275x275.jpg 275w, https:\/\/seppeschina.com\/wp-content\/uploads\/2019\/04\/\u672a\u6807\u9898-2-480x480.jpg 480w, https:\/\/seppeschina.com\/wp-content\/uploads\/2019\/04\/\u672a\u6807\u9898-2-550x550.jpg 550w\" sizes=\"auto, (max-width: 600px) 100vw, 600px\" \/><\/p>\n<h3><span style=\"color: #3366ff;\">Producto relacionado<\/span><\/h3>\n<p><img loading=\"lazy\" decoding=\"async\" class=\"aligncenter size-full wp-image-11599\" src=\"https:\/\/seppeschina.com\/wp-content\/uploads\/2021\/03\/seppes-door-1.gif\" alt=\"\" width=\"600\" height=\"528\"><\/p>\n<h3><span style=\"color: #3366ff;\">\u00bfQui\u00e9nes somos?<\/span><\/h3>\n<h5>Sobre nosotros<\/h5>\n<p><strong>Seppes Door Industry (Suzhou) Co., Ltd.<\/strong>\u00a0fue establecida en 2011 y es una empresa de fabricaci\u00f3n y comercio con 9 a\u00f1os de experiencia. Nuestros productos principales son puertas de alta velocidad, puertas enrollables r\u00e1pidas, puertas enrollables autom\u00e1ticas, puertas combinadas, etc.<\/p>\n<p><img loading=\"lazy\" decoding=\"async\" class=\"aligncenter size-full wp-image-11606\" src=\"https:\/\/seppeschina.com\/wp-content\/uploads\/2021\/03\/seppes-door8.gif\" alt=\"\" width=\"600\" height=\"502\"><\/p>\n<h3><span style=\"color: #3366ff;\">Exhibici\u00f3n de f\u00e1brica\u00a0\u00a0<\/span><\/h3>\n<p><img loading=\"lazy\" decoding=\"async\" class=\"aligncenter size-full wp-image-11604\" src=\"https:\/\/seppeschina.com\/wp-content\/uploads\/2021\/03\/seppes-door6.gif\" alt=\"\" width=\"600\" height=\"358\"><\/p>\n<h3><span style=\"color: #3366ff;\">Exposici\u00f3n<\/span><\/h3>\n<p>Esta es una foto de clientes espa\u00f1oles, australianos, brasile\u00f1os, chilenos, etc., que visitaron nuestra empresa.<\/p>\n<p><img loading=\"lazy\" decoding=\"async\" class=\"aligncenter size-full wp-image-11605\" src=\"https:\/\/seppeschina.com\/wp-content\/uploads\/2021\/03\/seppes-door7.gif\" alt=\"\" width=\"600\" height=\"338\"><\/p>\n<h3><span style=\"color: #3366ff;\">Nuestros socios<\/span><br \/>\n<img loading=\"lazy\" decoding=\"async\" class=\"aligncenter size-full wp-image-11608\" src=\"https:\/\/seppeschina.com\/wp-content\/uploads\/2021\/03\/seppes-door10.gif\" alt=\"\" width=\"600\" height=\"491\"><span style=\"color: #3366ff;\">Ventajas<\/span><\/h3>\n<p><img loading=\"lazy\" decoding=\"async\" class=\"aligncenter size-full wp-image-11817\" src=\"https:\/\/seppeschina.com\/wp-content\/uploads\/2021\/04\/\u62c9\u94fe\u5feb\u901f\u95e8_02.jpg\" alt=\"\" width=\"600\" height=\"636\" srcset=\"https:\/\/seppeschina.com\/wp-content\/uploads\/2021\/04\/\u62c9\u94fe\u5feb\u901f\u95e8_02.jpg 600w, https:\/\/seppeschina.com\/wp-content\/uploads\/2021\/04\/\u62c9\u94fe\u5feb\u901f\u95e8_02-360x382.jpg 360w, https:\/\/seppeschina.com\/wp-content\/uploads\/2021\/04\/\u62c9\u94fe\u5feb\u901f\u95e8_02-283x300.jpg 283w, https:\/\/seppeschina.com\/wp-content\/uploads\/2021\/04\/\u62c9\u94fe\u5feb\u901f\u95e8_02-24x24.jpg 24w, https:\/\/seppeschina.com\/wp-content\/uploads\/2021\/04\/\u62c9\u94fe\u5feb\u901f\u95e8_02-519x550.jpg 519w\" sizes=\"auto, (max-width: 600px) 100vw, 600px\" \/><\/p>\n<h3><span style=\"color: #3366ff;\">Aplicaciones<\/span><\/h3>\n<p><img loading=\"lazy\" decoding=\"async\" class=\"aligncenter size-full wp-image-11612\" src=\"https:\/\/seppeschina.com\/wp-content\/uploads\/2021\/03\/seppes-door2.jpg\" alt=\"\" width=\"600\" height=\"723\" srcset=\"https:\/\/seppeschina.com\/wp-content\/uploads\/2021\/03\/seppes-door2.jpg 600w, https:\/\/seppeschina.com\/wp-content\/uploads\/2021\/03\/seppes-door2-360x434.jpg 360w, https:\/\/seppeschina.com\/wp-content\/uploads\/2021\/03\/seppes-door2-249x300.jpg 249w, https:\/\/seppeschina.com\/wp-content\/uploads\/2021\/03\/seppes-door2-456x550.jpg 456w\" sizes=\"auto, (max-width: 600px) 100vw, 600px\" \/><\/p>\n<h3><span style=\"color: #3366ff;\">Entrega y Embalaje<\/span><\/h3>\n<p>Nuestro m\u00e9todo de embalaje es caja de madera, y los m\u00e9todos de transporte incluyen mensajer\u00eda, a\u00e9reo y mar\u00edtimo. Normalmente 3-7 d\u00edas despu\u00e9s de realizar el pedido.<\/p>\n<p><img loading=\"lazy\" decoding=\"async\" class=\"aligncenter size-full wp-image-11818\" src=\"https:\/\/seppeschina.com\/wp-content\/uploads\/2021\/04\/H847d78bca14e40ceb2854a49609655195.png\" alt=\"\" width=\"750\" height=\"310\" srcset=\"https:\/\/seppeschina.com\/wp-content\/uploads\/2021\/04\/H847d78bca14e40ceb2854a49609655195.png 750w, https:\/\/seppeschina.com\/wp-content\/uploads\/2021\/04\/H847d78bca14e40ceb2854a49609655195-360x149.png 360w, https:\/\/seppeschina.com\/wp-content\/uploads\/2021\/04\/H847d78bca14e40ceb2854a49609655195-600x248.png 600w, https:\/\/seppeschina.com\/wp-content\/uploads\/2021\/04\/H847d78bca14e40ceb2854a49609655195-300x124.png 300w, https:\/\/seppeschina.com\/wp-content\/uploads\/2021\/04\/H847d78bca14e40ceb2854a49609655195-550x227.png 550w\" sizes=\"auto, (max-width: 750px) 100vw, 750px\" \/><\/p>\n<h3><span style=\"color: #3366ff;\">Preguntas Frecuentes<\/span><\/h3>\n<p><strong><span style=\"color: #ff0000;\">P: \u00bfQu\u00e9 hay sobre la potencia y el voltaje?<\/span><\/strong><\/p>\n<p><strong>R: Se puede personalizar. Normalmente 220V, 0.75KW, 50HZ, monof\u00e1sico.<\/strong><\/p>\n<p><strong><span style=\"color: #ff0000;\">P\uff1a\u00bfQu\u00e9 materiales de marco para puerta r\u00e1pida se pueden elegir?<\/span><\/strong><\/p>\n<p><strong>R: Marco de puerta de acero pintado, marco de puerta SUS304 \/316, marco de puerta de aleaci\u00f3n de aluminio.<\/strong><\/p>\n<p><strong><span style=\"color: #ff0000;\">P\uff1a\u00bfCu\u00e1l es el precio de una puerta r\u00e1pida?<\/span><\/strong><\/p>\n<p><strong>R\uff1aDepende de su tama\u00f1o y otros dispositivos.<\/strong><\/p>\n<p><span style=\"color: #ff0000;\"><strong>P\uff1a\u00bfC\u00f3mo elegir la f\u00e1brica de puertas r\u00e1pidas?<\/strong><\/span><\/p>\n<p><strong>R: Certificados: SGS, CE, m\u00e1s de 10 a\u00f1os de experiencia.<\/strong><\/p>\n<p><span style=\"color: #ff0000;\"><strong>P\uff1a\u00bfPodemos instalar la puerta r\u00e1pida nosotros mismos?<\/strong><\/span><\/p>\n<p><strong>R: S\u00ed, muy simple. Podemos proporcionar manual de instalaci\u00f3n en ingl\u00e9s y videos gu\u00eda.\u00a0<\/strong><\/p>\n<p><strong><span style=\"color: #ff0000;\">P\uff1a\u00bfCu\u00e1nto tiempo puede durar?<\/span><\/strong><\/p>\n<p><strong>R: Aproximadamente 10-15 a\u00f1os.<\/strong><\/p>\n<p><strong><span style=\"color: #ff0000;\">P\uff1a\u00bfCu\u00e1les son los m\u00e9todos de apertura autom\u00e1tica \/ inteligente de la puerta r\u00e1pida?<\/span><\/strong><\/p>\n<p><strong>R\uff1aBot\u00f3n de empuje manual, dispositivo sensor de movimiento autom\u00e1tico, inducci\u00f3n por lazo, interruptor de tracci\u00f3n, tarjeta de proximidad, vinculado con PLC o AGV.<\/strong><\/p>","protected":false},"excerpt":{"rendered":"<p>La Puerta R\u00e1pida de Cremallera es adecuada para departamentos internos\/externos de tama\u00f1o mediano y canales log\u00edsticos de alta frecuencia. Adopta cortinas completamente blandas sin objetos met\u00e1licos, lo que permite separar diferentes zonas de temperatura, evitar la convecci\u00f3n de aire y garantizar la temperatura constante interior, adem\u00e1s de prevenir insectos y polvo.<\/p>","protected":false},"featured_media":11975,"comment_status":"open","ping_status":"closed","template":"","meta":[],"product_brand":[],"product_cat":[303],"product_tag":[],"class_list":{"0":"post-10079","1":"product","2":"type-product","3":"status-publish","4":"has-post-thumbnail","6":"product_cat-high-speed-zipper-door","9":"first","10":"instock","11":"shipping-taxable","12":"product-type-simple"},"_links":{"self":[{"href":"https:\/\/seppeschina.com\/es\/wp-json\/wp\/v2\/product\/10079","targetHints":{"allow":["GET"]}}],"collection":[{"href":"https:\/\/seppeschina.com\/es\/wp-json\/wp\/v2\/product"}],"about":[{"href":"https:\/\/seppeschina.com\/es\/wp-json\/wp\/v2\/types\/product"}],"replies":[{"embeddable":true,"href":"https:\/\/seppeschina.com\/es\/wp-json\/wp\/v2\/comments?post=10079"}],"wp:featuredmedia":[{"embeddable":true,"href":"https:\/\/seppeschina.com\/es\/wp-json\/wp\/v2\/media\/11975"}],"wp:attachment":[{"href":"https:\/\/seppeschina.com\/es\/wp-json\/wp\/v2\/media?parent=10079"}],"wp:term":[{"taxonomy":"product_brand","embeddable":true,"href":"https:\/\/seppeschina.com\/es\/wp-json\/wp\/v2\/product_brand?post=10079"},{"taxonomy":"product_cat","embeddable":true,"href":"https:\/\/seppeschina.com\/es\/wp-json\/wp\/v2\/product_cat?post=10079"},{"taxonomy":"product_tag","embeddable":true,"href":"https:\/\/seppeschina.com\/es\/wp-json\/wp\/v2\/product_tag?post=10079"}],"curies":[{"name":"wp","href":"https:\/\/api.w.org\/{rel}","templated":true}]}}