{"id":10189,"date":"2021-01-09T13:48:20","date_gmt":"2021-01-09T05:48:20","guid":{"rendered":"https:\/\/seppeschina.com\/?post_type=product&#038;p=10189"},"modified":"2025-05-19T16:15:03","modified_gmt":"2025-05-19T08:15:03","slug":"seppes-blue-high-speed-stacking-door-puerta-de-alta-velocidad-apilable-azul-seppes","status":"publish","type":"product","link":"https:\/\/seppeschina.com\/es\/product\/seppes-blue-high-speed-stacking-door\/","title":{"rendered":"SEPPES Puerta R\u00e1pida Apilable Azul de Alta Velocidad"},"content":{"rendered":"<div style=\"width: 960px;\" class=\"wp-video\"><video class=\"wp-video-shortcode\" id=\"video-10189-1\" width=\"960\" height=\"544\" preload=\"metadata\" controls=\"controls\"><source type=\"video\/mp4\" src=\"https:\/\/seppeschina.com\/wp-content\/uploads\/2021\/01\/d5d9ded8b6bbc4317d173084318be8ca.mp4?_=1\" \/><a href=\"https:\/\/seppeschina.com\/wp-content\/uploads\/2021\/01\/d5d9ded8b6bbc4317d173084318be8ca.mp4\">https:\/\/seppeschina.com\/wp-content\/uploads\/2021\/01\/d5d9ded8b6bbc4317d173084318be8ca.mp4<\/a><\/video><\/div>\n<h3><span style=\"color: #0000ff;\"><strong><b>Descripci\u00f3n<\/b><\/strong><\/span><\/h3>\n<p>La Puerta de Apilamiento de Alta Velocidad emplea un m\u00e9todo de elevaci\u00f3n plegable y m\u00faltiples barras horizontales antiviento integradas o externas, lo que permite que la presi\u00f3n del viento se distribuya uniformemente sobre toda la cortina y pueda resistir vientos fuertes de aproximadamente nivel 10. Su resistencia al viento es muy superior a la del tipo convencional de tambor. Esta puerta es especialmente adecuada para canales log\u00edsticos y entornos con aberturas de gran tama\u00f1o.<\/p>\n<h3><span style=\"color: #0000ff;\"><strong><b>Composici\u00f3n<\/b><\/strong><\/span><\/h3>\n<p><img loading=\"lazy\" decoding=\"async\" class=\"wp-image-10205 aligncenter\" src=\"https:\/\/seppeschina.com\/wp-content\/uploads\/2021\/01\/\u5fae\u4fe1\u56fe\u7247_20200604095146.jpg\" alt=\"\" width=\"600\" height=\"640\" srcset=\"https:\/\/seppeschina.com\/wp-content\/uploads\/2021\/01\/\u5fae\u4fe1\u56fe\u7247_20200604095146.jpg 750w, https:\/\/seppeschina.com\/wp-content\/uploads\/2021\/01\/\u5fae\u4fe1\u56fe\u7247_20200604095146-360x384.jpg 360w, https:\/\/seppeschina.com\/wp-content\/uploads\/2021\/01\/\u5fae\u4fe1\u56fe\u7247_20200604095146-600x640.jpg 600w, https:\/\/seppeschina.com\/wp-content\/uploads\/2021\/01\/\u5fae\u4fe1\u56fe\u7247_20200604095146-281x300.jpg 281w, https:\/\/seppeschina.com\/wp-content\/uploads\/2021\/01\/\u5fae\u4fe1\u56fe\u7247_20200604095146-516x550.jpg 516w\" sizes=\"auto, (max-width: 600px) 100vw, 600px\" \/><\/p>\n<h3><span style=\"color: #3366ff;\"><strong><b>Caracter\u00edstica<\/b><\/strong><\/span><\/h3>\n<table style=\"height: 537px;\" width=\"486\">\n<tbody>\n<tr>\n<td width=\"90\">\n<p style=\"text-align: center;\"><strong><b>Nombre<\/b><\/strong><\/p>\n<\/td>\n<td width=\"267\">\n<p style=\"text-align: center;\">Puerta de Rollo de Estilo Correa SEPPES<\/p>\n<\/td>\n<\/tr>\n<tr>\n<td width=\"90\">\n<p style=\"text-align: center;\"><strong><b>Tama\u00f1o m\u00e1ximo<\/b><\/strong><\/p>\n<\/td>\n<td style=\"text-align: center;\" width=\"267\">W12000*10000mm<\/td>\n<\/tr>\n<tr>\n<td width=\"90\">\n<p style=\"text-align: center;\"><strong><b>Cortina<\/b><\/strong><\/p>\n<\/td>\n<td style=\"text-align: center;\" width=\"267\">Cortina de puerta de tejido de PVC duradero<\/td>\n<\/tr>\n<tr>\n<td style=\"text-align: center;\" width=\"90\"><strong><b>Marco de la Puerta<\/b><\/strong><\/td>\n<td width=\"267\">\n<p style=\"text-align: center;\">Acero SPCC \/ Acero Inoxidable 304 \/ Aleaci\u00f3n de Aluminio<\/p>\n<\/td>\n<\/tr>\n<tr>\n<td width=\"90\">\n<p style=\"text-align: center;\"><strong><b>Motor<\/b><\/strong><\/p>\n<\/td>\n<td style=\"text-align: center;\" width=\"267\">Motor SEW, resistente a m\u00e1s de 1,5 millones de ciclos de uso<\/td>\n<\/tr>\n<tr>\n<td style=\"text-align: center;\" width=\"90\"><strong><b>Potencia<\/b><\/strong><\/td>\n<td width=\"267\">\n<p style=\"text-align: center;\">220V, 0,75KW, 50HZ<\/p>\n<\/td>\n<\/tr>\n<tr>\n<td width=\"90\">\n<p style=\"text-align: center;\"><strong><b>Velocidad<\/b><\/strong><\/p>\n<\/td>\n<td style=\"text-align: center;\" width=\"267\">0,5 a 0,8 m\/s, ajustable<\/td>\n<\/tr>\n<tr>\n<td style=\"text-align: center;\" width=\"90\"><strong><b>Ciclos de Uso<\/b><\/strong><\/td>\n<td width=\"267\">\n<p style=\"text-align: center;\">M\u00e1s de 1.5 millones de ciclos<\/p>\n<\/td>\n<\/tr>\n<tr>\n<td width=\"90\">\n<p style=\"text-align: center;\"><strong><b>Protecci\u00f3n<\/b><\/strong><\/p>\n<\/td>\n<td width=\"267\">\n<p style=\"text-align: center;\">IP 54<\/p>\n<\/td>\n<\/tr>\n<tr>\n<td style=\"text-align: center;\" width=\"90\"><strong><b>Ventajas<\/b><\/strong><\/td>\n<td width=\"267\">\n<p style=\"text-align: center;\">Capaz de soportar vientos de fuerza nivel 10<\/p>\n<\/td>\n<\/tr>\n<\/tbody>\n<\/table>\n<h3><strong><span style=\"color: #3366ff;\">M\u00e9todos de Apertura<\/span><\/strong><\/h3>\n<h3><img loading=\"lazy\" decoding=\"async\" class=\"wp-image-9999 aligncenter\" src=\"https:\/\/seppeschina.com\/wp-content\/uploads\/2019\/04\/\u672a\u6807\u9898-2.jpg\" alt=\"\" width=\"600\" height=\"600\" srcset=\"https:\/\/seppeschina.com\/wp-content\/uploads\/2019\/04\/\u672a\u6807\u9898-2.jpg 750w, https:\/\/seppeschina.com\/wp-content\/uploads\/2019\/04\/\u672a\u6807\u9898-2-360x360.jpg 360w, https:\/\/seppeschina.com\/wp-content\/uploads\/2019\/04\/\u672a\u6807\u9898-2-100x100.jpg 100w, https:\/\/seppeschina.com\/wp-content\/uploads\/2019\/04\/\u672a\u6807\u9898-2-600x600.jpg 600w, https:\/\/seppeschina.com\/wp-content\/uploads\/2019\/04\/\u672a\u6807\u9898-2-300x300.jpg 300w, https:\/\/seppeschina.com\/wp-content\/uploads\/2019\/04\/\u672a\u6807\u9898-2-150x150.jpg 150w, https:\/\/seppeschina.com\/wp-content\/uploads\/2019\/04\/\u672a\u6807\u9898-2-24x24.jpg 24w, https:\/\/seppeschina.com\/wp-content\/uploads\/2019\/04\/\u672a\u6807\u9898-2-48x48.jpg 48w, https:\/\/seppeschina.com\/wp-content\/uploads\/2019\/04\/\u672a\u6807\u9898-2-96x96.jpg 96w, https:\/\/seppeschina.com\/wp-content\/uploads\/2019\/04\/\u672a\u6807\u9898-2-364x364.jpg 364w, https:\/\/seppeschina.com\/wp-content\/uploads\/2019\/04\/\u672a\u6807\u9898-2-50x50.jpg 50w, https:\/\/seppeschina.com\/wp-content\/uploads\/2019\/04\/\u672a\u6807\u9898-2-110x110.jpg 110w, https:\/\/seppeschina.com\/wp-content\/uploads\/2019\/04\/\u672a\u6807\u9898-2-275x275.jpg 275w, https:\/\/seppeschina.com\/wp-content\/uploads\/2019\/04\/\u672a\u6807\u9898-2-480x480.jpg 480w, https:\/\/seppeschina.com\/wp-content\/uploads\/2019\/04\/\u672a\u6807\u9898-2-550x550.jpg 550w\" sizes=\"auto, (max-width: 600px) 100vw, 600px\" \/><\/h3>\n<h3><span style=\"color: #3366ff;\"><b>Selecci\u00f3n de colores<\/b><\/span><\/h3>\n<p><img loading=\"lazy\" decoding=\"async\" class=\"aligncenter wp-image-9862\" src=\"https:\/\/seppeschina.com\/wp-content\/uploads\/2019\/04\/color750.png\" alt=\"\" width=\"600\" height=\"600\" srcset=\"https:\/\/seppeschina.com\/wp-content\/uploads\/2019\/04\/color750.png 750w, https:\/\/seppeschina.com\/wp-content\/uploads\/2019\/04\/color750-360x360.png 360w, https:\/\/seppeschina.com\/wp-content\/uploads\/2019\/04\/color750-100x100.png 100w, https:\/\/seppeschina.com\/wp-content\/uploads\/2019\/04\/color750-600x600.png 600w, https:\/\/seppeschina.com\/wp-content\/uploads\/2019\/04\/color750-150x150.png 150w, https:\/\/seppeschina.com\/wp-content\/uploads\/2019\/04\/color750-300x300.png 300w, https:\/\/seppeschina.com\/wp-content\/uploads\/2019\/04\/color750-24x24.png 24w, https:\/\/seppeschina.com\/wp-content\/uploads\/2019\/04\/color750-48x48.png 48w, https:\/\/seppeschina.com\/wp-content\/uploads\/2019\/04\/color750-96x96.png 96w, https:\/\/seppeschina.com\/wp-content\/uploads\/2019\/04\/color750-364x364.png 364w, https:\/\/seppeschina.com\/wp-content\/uploads\/2019\/04\/color750-50x50.png 50w, https:\/\/seppeschina.com\/wp-content\/uploads\/2019\/04\/color750-110x110.png 110w, https:\/\/seppeschina.com\/wp-content\/uploads\/2019\/04\/color750-275x275.png 275w, https:\/\/seppeschina.com\/wp-content\/uploads\/2019\/04\/color750-480x480.png 480w, https:\/\/seppeschina.com\/wp-content\/uploads\/2019\/04\/color750-550x550.png 550w\" sizes=\"auto, (max-width: 600px) 100vw, 600px\" \/><\/p>\n<div class=\"J_module\">\n<div class=\"detail-decorate-json-renderer-container\">\n<div class=\"magic-4\">\n<div class=\"magic-26\">\n<div class=\"magic-6\">\n<div class=\"magic-7\" data-id=\"paragraph0\"><\/div>\n<\/div>\n<\/div>\n<\/div>\n<\/div>\n<\/div>\n<h3><span style=\"color: #3366ff;\"><strong><b>Casos de proyectos en cooperaci\u00f3n<\/b><\/strong><\/span><\/h3>\n<p><img loading=\"lazy\" decoding=\"async\" class=\"aligncenter wp-image-11608 size-full\" src=\"https:\/\/seppeschina.com\/wp-content\/uploads\/2021\/03\/seppes-door10.gif\" alt=\"\" width=\"600\" height=\"491\"><\/p>\n<p>Para emplazamientos con grandes dimensiones y alta resistencia al viento, nuestras puertas de apilamiento son muy adecuadas para instalarse en este tipo de entorno.<\/p>\n<h3><span style=\"color: #3366ff;\"><strong><b>Perfil de la Empresa<\/b><\/strong><\/span><\/h3>\n<p><img loading=\"lazy\" decoding=\"async\" class=\"aligncenter wp-image-11606 size-full\" src=\"https:\/\/seppeschina.com\/wp-content\/uploads\/2021\/03\/seppes-door8.gif\" alt=\"\" width=\"600\" height=\"502\"><\/p>\n<h3><span style=\"color: #3366ff;\"><strong><b>F\u00e1brica y producci\u00f3n<\/b><\/strong><\/span><\/h3>\n<p><img loading=\"lazy\" decoding=\"async\" class=\"aligncenter wp-image-11604 size-full\" src=\"https:\/\/seppeschina.com\/wp-content\/uploads\/2021\/03\/seppes-door6.gif\" alt=\"\" width=\"600\" height=\"358\"><\/p>\n<h3><span style=\"color: #3366ff;\"><b>Exposici\u00f3n<\/b><\/span><\/h3>\n<p><img decoding=\"async\" class=\"aligncenter\" src=\"https:\/\/seppeschina.com\/wp-content\/uploads\/2021\/03\/seppes-door7.gif\" alt=\"\"><\/p>\n<h3><span style=\"color: #3366ff;\">Ventajas<\/span><\/h3>\n<p><img loading=\"lazy\" decoding=\"async\" class=\"aligncenter size-full wp-image-11719\" src=\"https:\/\/seppeschina.com\/wp-content\/uploads\/2021\/03\/stacking-door-3.jpg\" alt=\"\" width=\"600\" height=\"628\" srcset=\"https:\/\/seppeschina.com\/wp-content\/uploads\/2021\/03\/stacking-door-3.jpg 600w, https:\/\/seppeschina.com\/wp-content\/uploads\/2021\/03\/stacking-door-3-360x377.jpg 360w, https:\/\/seppeschina.com\/wp-content\/uploads\/2021\/03\/stacking-door-3-287x300.jpg 287w, https:\/\/seppeschina.com\/wp-content\/uploads\/2021\/03\/stacking-door-3-24x24.jpg 24w, https:\/\/seppeschina.com\/wp-content\/uploads\/2021\/03\/stacking-door-3-525x550.jpg 525w\" sizes=\"auto, (max-width: 600px) 100vw, 600px\" \/><\/p>\n<h3><span style=\"color: #3366ff;\">Casos de aplicaci\u00f3n<\/span><\/h3>\n<p><img decoding=\"async\" class=\"aligncenter\" src=\"https:\/\/seppeschina.com\/wp-content\/uploads\/2021\/03\/seppes-door2.jpg\" alt=\"\"><\/p>\n<h3><span style=\"color: #3366ff;\"><strong><b>Embalaje y entrega<\/b><\/strong><\/span><\/h3>\n<p><img loading=\"lazy\" decoding=\"async\" class=\"aligncenter wp-image-11818 size-full\" src=\"https:\/\/seppeschina.com\/wp-content\/uploads\/2021\/04\/H847d78bca14e40ceb2854a49609655195.png\" alt=\"\" width=\"750\" height=\"310\" srcset=\"https:\/\/seppeschina.com\/wp-content\/uploads\/2021\/04\/H847d78bca14e40ceb2854a49609655195.png 750w, https:\/\/seppeschina.com\/wp-content\/uploads\/2021\/04\/H847d78bca14e40ceb2854a49609655195-360x149.png 360w, https:\/\/seppeschina.com\/wp-content\/uploads\/2021\/04\/H847d78bca14e40ceb2854a49609655195-600x248.png 600w, https:\/\/seppeschina.com\/wp-content\/uploads\/2021\/04\/H847d78bca14e40ceb2854a49609655195-300x124.png 300w, https:\/\/seppeschina.com\/wp-content\/uploads\/2021\/04\/H847d78bca14e40ceb2854a49609655195-550x227.png 550w\" sizes=\"auto, (max-width: 750px) 100vw, 750px\" \/><\/p>\n<h3>Preguntas Frecuentes<\/h3>\n<p><span style=\"color: #ff0000;\"><strong>P: \u00bfQu\u00e9 hay sobre la potencia y el voltaje?<\/strong><\/span><\/p>\n<p><strong>R: Se puede personalizar. Normalmente 220V, 0.75KW, 50HZ, monof\u00e1sico.<\/strong><\/p>\n<p><span style=\"color: #ff0000;\"><strong>P\uff1a\u00bfQu\u00e9 materiales de marco para puerta r\u00e1pida se pueden elegir?<\/strong><\/span><\/p>\n<p><strong>R: Marco de puerta de acero pintado, marco de puerta SUS304 \/316, marco de puerta de aleaci\u00f3n de aluminio.<\/strong><\/p>\n<p><span style=\"color: #ff0000;\"><strong>P\uff1a\u00bfCu\u00e1l es el precio de una puerta r\u00e1pida?<\/strong><\/span><\/p>\n<p><strong>R\uff1aDepende de su tama\u00f1o y otros dispositivos.<\/strong><\/p>\n<p><span style=\"color: #ff0000;\"><strong>P\uff1a\u00bfC\u00f3mo elegir la f\u00e1brica de puertas r\u00e1pidas?<\/strong><\/span><\/p>\n<p><strong>R: Certificados: SGS, CE, m\u00e1s de 10 a\u00f1os de experiencia.<\/strong><\/p>\n<p><span style=\"color: #ff0000;\"><strong>P\uff1a\u00bfPodemos instalar la puerta r\u00e1pida nosotros mismos?<\/strong><\/span><\/p>\n<p><strong>R: S\u00ed, muy simple. Podemos proporcionar manual de instalaci\u00f3n en ingl\u00e9s y videos gu\u00eda.\u00a0<\/strong><\/p>\n<p><span style=\"color: #ff0000;\"><strong>P\uff1a\u00bfCu\u00e1nto tiempo puede durar?<\/strong><\/span><\/p>\n<p><strong>R: Aproximadamente 10-15 a\u00f1os.<\/strong><\/p>\n<p><span style=\"color: #ff0000;\"><strong>P\uff1a\u00bfCu\u00e1les son los m\u00e9todos de apertura autom\u00e1tica \/ inteligente de la puerta r\u00e1pida?<\/strong><\/span><\/p>\n<p><strong>R\uff1aBot\u00f3n de empuje manual, dispositivo sensor de movimiento autom\u00e1tico, inducci\u00f3n por lazo, interruptor de tracci\u00f3n, tarjeta de proximidad, vinculado con PLC o AGV.<\/strong><\/p>","protected":false},"excerpt":{"rendered":"<p>La puerta de apilamiento de alta velocidad adopta el m\u00e9todo de elevaci\u00f3n plegable y m\u00faltiples nervaduras horizontales antiviento integradas o externas, lo que permite que la presi\u00f3n del viento se distribuya sobre toda la cortina de la puerta. El nivel de resistencia al viento es 10, y su rendimiento de resistencia al viento es muy superior al de la puerta enrollable r\u00e1pida convencional, siendo especialmente adecuada para pasajes log\u00edsticos y grandes aberturas.<\/p>","protected":false},"featured_media":11978,"comment_status":"open","ping_status":"closed","template":"","meta":[],"product_brand":[],"product_cat":[316],"product_tag":[],"class_list":{"0":"post-10189","1":"product","2":"type-product","3":"status-publish","4":"has-post-thumbnail","6":"product_cat-high-speed-stacking-door","9":"first","10":"instock","11":"shipping-taxable","12":"product-type-simple"},"_links":{"self":[{"href":"https:\/\/seppeschina.com\/es\/wp-json\/wp\/v2\/product\/10189","targetHints":{"allow":["GET"]}}],"collection":[{"href":"https:\/\/seppeschina.com\/es\/wp-json\/wp\/v2\/product"}],"about":[{"href":"https:\/\/seppeschina.com\/es\/wp-json\/wp\/v2\/types\/product"}],"replies":[{"embeddable":true,"href":"https:\/\/seppeschina.com\/es\/wp-json\/wp\/v2\/comments?post=10189"}],"wp:featuredmedia":[{"embeddable":true,"href":"https:\/\/seppeschina.com\/es\/wp-json\/wp\/v2\/media\/11978"}],"wp:attachment":[{"href":"https:\/\/seppeschina.com\/es\/wp-json\/wp\/v2\/media?parent=10189"}],"wp:term":[{"taxonomy":"product_brand","embeddable":true,"href":"https:\/\/seppeschina.com\/es\/wp-json\/wp\/v2\/product_brand?post=10189"},{"taxonomy":"product_cat","embeddable":true,"href":"https:\/\/seppeschina.com\/es\/wp-json\/wp\/v2\/product_cat?post=10189"},{"taxonomy":"product_tag","embeddable":true,"href":"https:\/\/seppeschina.com\/es\/wp-json\/wp\/v2\/product_tag?post=10189"}],"curies":[{"name":"wp","href":"https:\/\/api.w.org\/{rel}","templated":true}]}}