{"id":10237,"date":"2021-01-09T16:38:37","date_gmt":"2021-01-09T08:38:37","guid":{"rendered":"https:\/\/seppeschina.com\/?post_type=product&#038;p=10237"},"modified":"2023-03-14T09:51:02","modified_gmt":"2023-03-14T01:51:02","slug":"puerta-de-congelador-de-alta-velocidad","status":"publish","type":"product","link":"https:\/\/seppeschina.com\/es\/product\/high-speed-freezer-door\/","title":{"rendered":"Puerta de Alta Velocidad para C\u00e1maras Frigor\u00edficas"},"content":{"rendered":"<div style=\"width: 640px;\" class=\"wp-video\"><video class=\"wp-video-shortcode\" id=\"video-10237-1\" width=\"640\" height=\"368\" preload=\"metadata\" controls=\"controls\"><source type=\"video\/mp4\" src=\"https:\/\/seppeschina.com\/wp-content\/uploads\/2021\/01\/5c84876beea7802387565341d4f7aa34.mp4?_=1\" \/><a href=\"https:\/\/seppeschina.com\/wp-content\/uploads\/2021\/01\/5c84876beea7802387565341d4f7aa34.mp4\">https:\/\/seppeschina.com\/wp-content\/uploads\/2021\/01\/5c84876beea7802387565341d4f7aa34.mp4<\/a><\/video><\/div>\n<h3><span style=\"color: #3366ff;\"><strong><b>Descripci\u00f3n<\/b><\/strong><\/span><\/h3>\n<p>Las caracter\u00edsticas convencionales de la Puerta de Alta Velocidad para C\u00e1maras Frigor\u00edficas con Aislamiento T\u00e9rmico incluyen:<\/p>\n<p><span class=\"VIiyi\" lang=\"en\"><span class=\"JLqJ4b ChMk0b\" data-language-for-alternatives=\"en\" data-language-to-translate-into=\"zh-CN\" data-phrase-index=\"0\">1. Aislamiento: Cortina de puerta compuesta multicapa y engrosada, rellena con materiales aislantes, lo que reduce significativamente la transferencia de calor<\/span><\/span><\/p>\n<p><span class=\"VIiyi\" lang=\"en\"><span class=\"JLqJ4b ChMk0b\" data-language-for-alternatives=\"en\" data-language-to-translate-into=\"zh-CN\" data-phrase-index=\"2\">2. Estanqueidad: cepillos o bandas de goma de doble hilera en la gu\u00eda sellados en un cassette para bloquear la convecci\u00f3n de aire y favorecer la conservaci\u00f3n de calor<\/span><\/span><\/p>\n<p><span class=\"VIiyi\" lang=\"en\"><span class=\"JLqJ4b ChMk0b\" data-language-for-alternatives=\"en\" data-language-to-translate-into=\"zh-CN\" data-phrase-index=\"4\">3. Resistencia al viento: el perfil de aluminio integrado en la cortina resiste la presi\u00f3n e impacto del viento, mejorando la est\u00e9tica integrada de la cortina<\/span><\/span><\/p>\n<p><span class=\"VIiyi\" lang=\"en\"><span class=\"JLqJ4b ChMk0b\" data-language-for-alternatives=\"en\" data-language-to-translate-into=\"zh-CN\" data-phrase-index=\"6\">4. Accionamiento: Motor servo tubular integrado montado, mayor precisi\u00f3n, rodillo m\u00e1s grande, velocidad de apertura de puerta m\u00e1s r\u00e1pida<br \/>\n<\/span><\/span><\/p>\n<p><span class=\"VIiyi\" lang=\"en\"><span class=\"JLqJ4b ChMk0b\" data-language-for-alternatives=\"en\" data-language-to-translate-into=\"zh-CN\" data-phrase-index=\"8\">5. Marco: Marco y componentes de acero inoxidable SUS304, resistentes a la corrosi\u00f3n y f\u00e1ciles de limpiar, m\u00e1s adecuados para entornos de c\u00e1maras frigor\u00edficas<\/span><\/span><\/p>\n<p><span class=\"VIiyi\" lang=\"en\"><span class=\"JLqJ4b ChMk0b\" data-language-for-alternatives=\"en\" data-language-to-translate-into=\"zh-CN\" data-phrase-index=\"10\">6. Seguridad: dispositivo de protecci\u00f3n de seguridad infrarrojo est\u00e1ndar contra atrapamientos, borde inferior con airbag inal\u00e1mbrico opcional (tecnolog\u00eda patentada SEPPES)<\/span><\/span><\/p>\n<p><span class=\"VIiyi\" lang=\"en\"><span class=\"JLqJ4b ChMk0b\" data-language-for-alternatives=\"en\" data-language-to-translate-into=\"zh-CN\" data-phrase-index=\"12\">7. Anticongelante: dispositivo opcional de sistema de calefacci\u00f3n de gu\u00edas para prevenir condensaci\u00f3n y formaci\u00f3n de hielo<\/span><\/span><\/p>\n<div class=\"J_module\">\n<h6 id=\"ali-anchor-AliMagic-x5rm3m\" class=\"magic-0\" data-section=\"AliMagic-x5rm3m\" data-section-title=\"Charactor\" data-spm-anchor-id=\"a2700.details.pronpeci14.i2.5aa0fa97NHfjD2\"><span style=\"color: #3366ff;\">1. Caracter\u00edsticas<\/span><\/h6>\n<\/div>\n<div class=\"J_module\">\n<div class=\"ife-detail-decorate-table\">\n<table class=\"hight-light-first-column all magic-8\" width=\"540\">\n<tbody>\n<tr>\n<td colspan=\"1\" rowspan=\"1\">\n<div class=\"magic-9\" data-spm-anchor-id=\"a2700.details.pronpeci14.i1.5aa0fa97NHfjD2\">Nombre<\/div>\n<\/td>\n<td colspan=\"4\" rowspan=\"1\">\n<div class=\"magic-10\">Puerta de Alta Velocidad para C\u00e1maras Frigor\u00edficas con Aislamiento T\u00e9rmico<\/div>\n<\/td>\n<\/tr>\n<tr>\n<td colspan=\"1\" rowspan=\"1\">\n<div class=\"magic-9\">Espesor de la cortina de puerta<\/div>\n<\/td>\n<td colspan=\"1\" rowspan=\"1\">\n<div class=\"magic-10\">Cortina de puerta de espuma de 0,9 mm + 3,0 mm de espesor<\/div>\n<\/td>\n<\/tr>\n<tr>\n<td colspan=\"1\" rowspan=\"1\">\n<div class=\"magic-9\">Marco de puerta<\/div>\n<\/td>\n<td colspan=\"1\" rowspan=\"1\">\n<div class=\"magic-13\">Opcional: acero inoxidable 304, aleaci\u00f3n de aluminio, acero con pintura<\/div>\n<\/td>\n<\/tr>\n<tr>\n<td colspan=\"1\" rowspan=\"1\">\n<div class=\"magic-9\">Tama\u00f1o m\u00e1ximo<\/div>\n<\/td>\n<td colspan=\"1\" rowspan=\"1\">\n<div class=\"magic-10\">5000 mm (ancho) \u00d7 5000 mm (alto)<\/div>\n<\/td>\n<\/tr>\n<tr>\n<td colspan=\"1\" rowspan=\"1\">\n<div class=\"magic-9\">Motor<\/div>\n<\/td>\n<td colspan=\"4\" rowspan=\"1\">\n<div class=\"magic-10\">Marca alemana<\/div>\n<\/td>\n<\/tr>\n<tr>\n<td colspan=\"1\" rowspan=\"1\">\n<div class=\"magic-9\">Potencia<\/div>\n<\/td>\n<td colspan=\"4\" rowspan=\"1\">\n<div class=\"magic-10\">0,75 kW - 1,5 kW<\/div>\n<\/td>\n<\/tr>\n<tr>\n<td colspan=\"1\" rowspan=\"1\">\n<div class=\"magic-9\">Voltaje<\/div>\n<\/td>\n<td colspan=\"4\" rowspan=\"1\">\n<div class=\"magic-10\">220 V o 380 V<\/div>\n<\/td>\n<\/tr>\n<tr>\n<td colspan=\"1\" rowspan=\"1\">\n<div class=\"magic-9\">Velocidad de apertura<\/div>\n<\/td>\n<td colspan=\"4\" rowspan=\"1\">\n<div class=\"magic-10\">0,8 - 1,2 m\/s, ajustable<\/div>\n<\/td>\n<\/tr>\n<\/tbody>\n<\/table>\n<h6><span style=\"color: #3366ff;\">\u00a0<strong><b>2. Diagrama de Estructura<\/b><\/strong><\/span><\/h6>\n<p><img loading=\"lazy\" decoding=\"async\" class=\"aligncenter wp-image-11997\" src=\"https:\/\/seppeschina.com\/wp-content\/uploads\/2021\/01\/\u9ec4\u8272\u4fdd\u6e29\u95e8\u7ec6\u8282\u56fe.jpg\" alt=\"\" width=\"600\" height=\"600\" srcset=\"https:\/\/seppeschina.com\/wp-content\/uploads\/2021\/01\/\u9ec4\u8272\u4fdd\u6e29\u95e8\u7ec6\u8282\u56fe.jpg 750w, https:\/\/seppeschina.com\/wp-content\/uploads\/2021\/01\/\u9ec4\u8272\u4fdd\u6e29\u95e8\u7ec6\u8282\u56fe-360x360.jpg 360w, https:\/\/seppeschina.com\/wp-content\/uploads\/2021\/01\/\u9ec4\u8272\u4fdd\u6e29\u95e8\u7ec6\u8282\u56fe-100x100.jpg 100w, https:\/\/seppeschina.com\/wp-content\/uploads\/2021\/01\/\u9ec4\u8272\u4fdd\u6e29\u95e8\u7ec6\u8282\u56fe-600x600.jpg 600w, https:\/\/seppeschina.com\/wp-content\/uploads\/2021\/01\/\u9ec4\u8272\u4fdd\u6e29\u95e8\u7ec6\u8282\u56fe-300x300.jpg 300w, https:\/\/seppeschina.com\/wp-content\/uploads\/2021\/01\/\u9ec4\u8272\u4fdd\u6e29\u95e8\u7ec6\u8282\u56fe-150x150.jpg 150w, https:\/\/seppeschina.com\/wp-content\/uploads\/2021\/01\/\u9ec4\u8272\u4fdd\u6e29\u95e8\u7ec6\u8282\u56fe-24x24.jpg 24w, https:\/\/seppeschina.com\/wp-content\/uploads\/2021\/01\/\u9ec4\u8272\u4fdd\u6e29\u95e8\u7ec6\u8282\u56fe-48x48.jpg 48w, https:\/\/seppeschina.com\/wp-content\/uploads\/2021\/01\/\u9ec4\u8272\u4fdd\u6e29\u95e8\u7ec6\u8282\u56fe-96x96.jpg 96w, https:\/\/seppeschina.com\/wp-content\/uploads\/2021\/01\/\u9ec4\u8272\u4fdd\u6e29\u95e8\u7ec6\u8282\u56fe-364x364.jpg 364w, https:\/\/seppeschina.com\/wp-content\/uploads\/2021\/01\/\u9ec4\u8272\u4fdd\u6e29\u95e8\u7ec6\u8282\u56fe-50x50.jpg 50w, https:\/\/seppeschina.com\/wp-content\/uploads\/2021\/01\/\u9ec4\u8272\u4fdd\u6e29\u95e8\u7ec6\u8282\u56fe-110x110.jpg 110w, https:\/\/seppeschina.com\/wp-content\/uploads\/2021\/01\/\u9ec4\u8272\u4fdd\u6e29\u95e8\u7ec6\u8282\u56fe-275x275.jpg 275w, https:\/\/seppeschina.com\/wp-content\/uploads\/2021\/01\/\u9ec4\u8272\u4fdd\u6e29\u95e8\u7ec6\u8282\u56fe-480x480.jpg 480w, https:\/\/seppeschina.com\/wp-content\/uploads\/2021\/01\/\u9ec4\u8272\u4fdd\u6e29\u95e8\u7ec6\u8282\u56fe-550x550.jpg 550w\" sizes=\"auto, (max-width: 600px) 100vw, 600px\" \/><\/p>\n<h6><span style=\"color: #3366ff;\"><strong>Opciones de 3 colores<\/strong><\/span><\/h6>\n<p><strong>Colores regulares<\/strong>: azul, amarillo, gris y personalizados.<\/p>\n<p><img loading=\"lazy\" decoding=\"async\" class=\"aligncenter wp-image-10104\" src=\"https:\/\/seppeschina.com\/wp-content\/uploads\/2019\/04\/COLOR-1.jpg\" alt=\"\" width=\"600\" height=\"600\" srcset=\"https:\/\/seppeschina.com\/wp-content\/uploads\/2019\/04\/COLOR-1.jpg 750w, https:\/\/seppeschina.com\/wp-content\/uploads\/2019\/04\/COLOR-1-360x360.jpg 360w, https:\/\/seppeschina.com\/wp-content\/uploads\/2019\/04\/COLOR-1-100x100.jpg 100w, https:\/\/seppeschina.com\/wp-content\/uploads\/2019\/04\/COLOR-1-600x600.jpg 600w, https:\/\/seppeschina.com\/wp-content\/uploads\/2019\/04\/COLOR-1-300x300.jpg 300w, https:\/\/seppeschina.com\/wp-content\/uploads\/2019\/04\/COLOR-1-150x150.jpg 150w, https:\/\/seppeschina.com\/wp-content\/uploads\/2019\/04\/COLOR-1-24x24.jpg 24w, https:\/\/seppeschina.com\/wp-content\/uploads\/2019\/04\/COLOR-1-48x48.jpg 48w, https:\/\/seppeschina.com\/wp-content\/uploads\/2019\/04\/COLOR-1-96x96.jpg 96w, https:\/\/seppeschina.com\/wp-content\/uploads\/2019\/04\/COLOR-1-364x364.jpg 364w, https:\/\/seppeschina.com\/wp-content\/uploads\/2019\/04\/COLOR-1-50x50.jpg 50w, https:\/\/seppeschina.com\/wp-content\/uploads\/2019\/04\/COLOR-1-110x110.jpg 110w, https:\/\/seppeschina.com\/wp-content\/uploads\/2019\/04\/COLOR-1-275x275.jpg 275w, https:\/\/seppeschina.com\/wp-content\/uploads\/2019\/04\/COLOR-1-480x480.jpg 480w, https:\/\/seppeschina.com\/wp-content\/uploads\/2019\/04\/COLOR-1-550x550.jpg 550w\" sizes=\"auto, (max-width: 600px) 100vw, 600px\" \/><\/p>\n<h6><span style=\"color: #3366ff;\"><strong>4. Modos de Apertura de Puerta<\/strong><\/span><\/h6>\n<p>Nuestro m\u00e9todo de apertura de puerta est\u00e1ndar es\u00a0<strong>doble cara<\/strong>\u00a0<strong>bot\u00f3n manual<\/strong>,\u00a0<strong>radar opcional<\/strong>,\u00a0<strong>geomagnetismo<\/strong>,\u00a0<strong>cadena de tracci\u00f3n<\/strong>,\u00a0<strong>control remoto<\/strong>,\u00a0<strong>Bluetooth<\/strong>,\u00a0<strong>interruptor inal\u00e1mbrico<\/strong>, etc.<\/p>\n<p><img loading=\"lazy\" decoding=\"async\" class=\"aligncenter wp-image-11984\" src=\"https:\/\/seppeschina.com\/wp-content\/uploads\/2019\/04\/Yellow-opening-picture.jpg\" alt=\"\" width=\"600\" height=\"600\" srcset=\"https:\/\/seppeschina.com\/wp-content\/uploads\/2019\/04\/Yellow-opening-picture.jpg 750w, https:\/\/seppeschina.com\/wp-content\/uploads\/2019\/04\/Yellow-opening-picture-360x360.jpg 360w, https:\/\/seppeschina.com\/wp-content\/uploads\/2019\/04\/Yellow-opening-picture-100x100.jpg 100w, https:\/\/seppeschina.com\/wp-content\/uploads\/2019\/04\/Yellow-opening-picture-600x600.jpg 600w, https:\/\/seppeschina.com\/wp-content\/uploads\/2019\/04\/Yellow-opening-picture-300x300.jpg 300w, https:\/\/seppeschina.com\/wp-content\/uploads\/2019\/04\/Yellow-opening-picture-150x150.jpg 150w, https:\/\/seppeschina.com\/wp-content\/uploads\/2019\/04\/Yellow-opening-picture-24x24.jpg 24w, https:\/\/seppeschina.com\/wp-content\/uploads\/2019\/04\/Yellow-opening-picture-48x48.jpg 48w, https:\/\/seppeschina.com\/wp-content\/uploads\/2019\/04\/Yellow-opening-picture-96x96.jpg 96w, https:\/\/seppeschina.com\/wp-content\/uploads\/2019\/04\/Yellow-opening-picture-364x364.jpg 364w, https:\/\/seppeschina.com\/wp-content\/uploads\/2019\/04\/Yellow-opening-picture-50x50.jpg 50w, https:\/\/seppeschina.com\/wp-content\/uploads\/2019\/04\/Yellow-opening-picture-110x110.jpg 110w, https:\/\/seppeschina.com\/wp-content\/uploads\/2019\/04\/Yellow-opening-picture-275x275.jpg 275w, https:\/\/seppeschina.com\/wp-content\/uploads\/2019\/04\/Yellow-opening-picture-480x480.jpg 480w, https:\/\/seppeschina.com\/wp-content\/uploads\/2019\/04\/Yellow-opening-picture-550x550.jpg 550w\" sizes=\"auto, (max-width: 600px) 100vw, 600px\" \/><\/p>\n<h3><span style=\"color: #3366ff;\">\u00bfPor qu\u00e9 elegirnos?<\/span><\/h3>\n<p><img loading=\"lazy\" decoding=\"async\" class=\"wp-image-9998 aligncenter\" src=\"https:\/\/seppeschina.com\/wp-content\/uploads\/2019\/04\/why-choose-us.jpg\" sizes=\"auto, (max-width: 600px) 100vw, 600px\" srcset=\"https:\/\/seppeschina.com\/wp-content\/uploads\/2019\/04\/why-choose-us.jpg 750w, https:\/\/seppeschina.com\/wp-content\/uploads\/2019\/04\/why-choose-us-300x300.jpg 300w, https:\/\/seppeschina.com\/wp-content\/uploads\/2019\/04\/why-choose-us-150x150.jpg 150w, https:\/\/seppeschina.com\/wp-content\/uploads\/2019\/04\/why-choose-us-360x360.jpg 360w, https:\/\/seppeschina.com\/wp-content\/uploads\/2019\/04\/why-choose-us-600x600.jpg 600w, https:\/\/seppeschina.com\/wp-content\/uploads\/2019\/04\/why-choose-us-100x100.jpg 100w, https:\/\/seppeschina.com\/wp-content\/uploads\/2019\/04\/why-choose-us-24x24.jpg 24w, https:\/\/seppeschina.com\/wp-content\/uploads\/2019\/04\/why-choose-us-48x48.jpg 48w, https:\/\/seppeschina.com\/wp-content\/uploads\/2019\/04\/why-choose-us-96x96.jpg 96w, https:\/\/seppeschina.com\/wp-content\/uploads\/2019\/04\/why-choose-us-364x364.jpg 364w, https:\/\/seppeschina.com\/wp-content\/uploads\/2019\/04\/why-choose-us-50x50.jpg 50w, https:\/\/seppeschina.com\/wp-content\/uploads\/2019\/04\/why-choose-us-110x110.jpg 110w, https:\/\/seppeschina.com\/wp-content\/uploads\/2019\/04\/why-choose-us-275x275.jpg 275w, https:\/\/seppeschina.com\/wp-content\/uploads\/2019\/04\/why-choose-us-480x480.jpg 480w, https:\/\/seppeschina.com\/wp-content\/uploads\/2019\/04\/why-choose-us-550x550.jpg 550w\" alt=\"\" width=\"600\" height=\"600\"><\/p>\n<\/div>\n<\/div>\n<h3><span style=\"color: #3366ff;\"><strong><b>Perfil de la Empresa<\/b><\/strong><\/span><\/h3>\n<p><img loading=\"lazy\" decoding=\"async\" class=\"aligncenter wp-image-11605 size-full\" src=\"https:\/\/seppeschina.com\/wp-content\/uploads\/2021\/03\/seppes-door7.gif\" alt=\"\" width=\"600\" height=\"338\"><\/p>\n<h3><span style=\"color: #3366ff;\"><strong><b>F\u00e1brica y producci\u00f3n<\/b><\/strong><\/span><\/h3>\n<p><img loading=\"lazy\" decoding=\"async\" class=\"aligncenter wp-image-9894\" src=\"https:\/\/seppeschina.com\/wp-content\/uploads\/2021\/01\/\u5fae\u4fe1\u56fe\u7247_20210105142436.jpg\" alt=\"\" width=\"600\" height=\"280\" srcset=\"https:\/\/seppeschina.com\/wp-content\/uploads\/2021\/01\/\u5fae\u4fe1\u56fe\u7247_20210105142436.jpg 750w, https:\/\/seppeschina.com\/wp-content\/uploads\/2021\/01\/\u5fae\u4fe1\u56fe\u7247_20210105142436-360x168.jpg 360w, https:\/\/seppeschina.com\/wp-content\/uploads\/2021\/01\/\u5fae\u4fe1\u56fe\u7247_20210105142436-600x280.jpg 600w, https:\/\/seppeschina.com\/wp-content\/uploads\/2021\/01\/\u5fae\u4fe1\u56fe\u7247_20210105142436-300x140.jpg 300w, https:\/\/seppeschina.com\/wp-content\/uploads\/2021\/01\/\u5fae\u4fe1\u56fe\u7247_20210105142436-550x257.jpg 550w\" sizes=\"auto, (max-width: 600px) 100vw, 600px\" \/><\/p>\n<h3><span style=\"color: #3366ff;\"><strong><b>Casos de proyectos en cooperaci\u00f3n<\/b><\/strong><\/span><\/h3>\n<p><img loading=\"lazy\" decoding=\"async\" class=\"aligncenter wp-image-10258\" src=\"https:\/\/seppeschina.com\/wp-content\/uploads\/2021\/01\/\u5fae\u4fe1\u56fe\u7247_20210109164404.jpg\" alt=\"\" width=\"600\" height=\"600\" srcset=\"https:\/\/seppeschina.com\/wp-content\/uploads\/2021\/01\/\u5fae\u4fe1\u56fe\u7247_20210109164404.jpg 750w, https:\/\/seppeschina.com\/wp-content\/uploads\/2021\/01\/\u5fae\u4fe1\u56fe\u7247_20210109164404-360x360.jpg 360w, https:\/\/seppeschina.com\/wp-content\/uploads\/2021\/01\/\u5fae\u4fe1\u56fe\u7247_20210109164404-100x100.jpg 100w, https:\/\/seppeschina.com\/wp-content\/uploads\/2021\/01\/\u5fae\u4fe1\u56fe\u7247_20210109164404-600x600.jpg 600w, https:\/\/seppeschina.com\/wp-content\/uploads\/2021\/01\/\u5fae\u4fe1\u56fe\u7247_20210109164404-300x300.jpg 300w, https:\/\/seppeschina.com\/wp-content\/uploads\/2021\/01\/\u5fae\u4fe1\u56fe\u7247_20210109164404-150x150.jpg 150w, https:\/\/seppeschina.com\/wp-content\/uploads\/2021\/01\/\u5fae\u4fe1\u56fe\u7247_20210109164404-24x24.jpg 24w, https:\/\/seppeschina.com\/wp-content\/uploads\/2021\/01\/\u5fae\u4fe1\u56fe\u7247_20210109164404-48x48.jpg 48w, https:\/\/seppeschina.com\/wp-content\/uploads\/2021\/01\/\u5fae\u4fe1\u56fe\u7247_20210109164404-96x96.jpg 96w, https:\/\/seppeschina.com\/wp-content\/uploads\/2021\/01\/\u5fae\u4fe1\u56fe\u7247_20210109164404-364x364.jpg 364w, https:\/\/seppeschina.com\/wp-content\/uploads\/2021\/01\/\u5fae\u4fe1\u56fe\u7247_20210109164404-50x50.jpg 50w, https:\/\/seppeschina.com\/wp-content\/uploads\/2021\/01\/\u5fae\u4fe1\u56fe\u7247_20210109164404-110x110.jpg 110w, https:\/\/seppeschina.com\/wp-content\/uploads\/2021\/01\/\u5fae\u4fe1\u56fe\u7247_20210109164404-275x275.jpg 275w, https:\/\/seppeschina.com\/wp-content\/uploads\/2021\/01\/\u5fae\u4fe1\u56fe\u7247_20210109164404-480x480.jpg 480w, https:\/\/seppeschina.com\/wp-content\/uploads\/2021\/01\/\u5fae\u4fe1\u56fe\u7247_20210109164404-550x550.jpg 550w\" sizes=\"auto, (max-width: 600px) 100vw, 600px\" \/><\/p>\n<p>La puerta r\u00e1pida con aislamiento t\u00e9rmico utilizada en cooperaci\u00f3n con la f\u00e1brica de productos sanitarios (Herbalite) emplea un marco de puerta de acero inoxidable 304, libre de contaminaci\u00f3n, resistente a la corrosi\u00f3n y con baja propensi\u00f3n a la oxidaci\u00f3n.<\/p>\n<h3><span style=\"color: #3366ff;\"><strong><b>Ventajas del producto<\/b><\/strong><\/span><\/h3>\n<p><img loading=\"lazy\" decoding=\"async\" class=\"aligncenter wp-image-11967 size-full\" src=\"https:\/\/seppeschina.com\/wp-content\/uploads\/2019\/02\/\u4fdd\u6e29\u5feb\u901f\u95e8_02.jpg\" alt=\"\" width=\"600\" height=\"630\"><\/p>\n<h3><span style=\"color: #3366ff;\"><strong><b>Embalaje y entrega<\/b><\/strong><\/span><\/h3>\n<p><img loading=\"lazy\" decoding=\"async\" class=\"aligncenter wp-image-10082\" src=\"https:\/\/seppeschina.com\/wp-content\/uploads\/2019\/02\/shipping-delivery.jpg\" alt=\"\" width=\"600\" height=\"600\" srcset=\"https:\/\/seppeschina.com\/wp-content\/uploads\/2019\/02\/shipping-delivery.jpg 750w, https:\/\/seppeschina.com\/wp-content\/uploads\/2019\/02\/shipping-delivery-360x360.jpg 360w, https:\/\/seppeschina.com\/wp-content\/uploads\/2019\/02\/shipping-delivery-100x100.jpg 100w, https:\/\/seppeschina.com\/wp-content\/uploads\/2019\/02\/shipping-delivery-600x600.jpg 600w, https:\/\/seppeschina.com\/wp-content\/uploads\/2019\/02\/shipping-delivery-300x300.jpg 300w, https:\/\/seppeschina.com\/wp-content\/uploads\/2019\/02\/shipping-delivery-150x150.jpg 150w, https:\/\/seppeschina.com\/wp-content\/uploads\/2019\/02\/shipping-delivery-24x24.jpg 24w, https:\/\/seppeschina.com\/wp-content\/uploads\/2019\/02\/shipping-delivery-48x48.jpg 48w, https:\/\/seppeschina.com\/wp-content\/uploads\/2019\/02\/shipping-delivery-96x96.jpg 96w, https:\/\/seppeschina.com\/wp-content\/uploads\/2019\/02\/shipping-delivery-364x364.jpg 364w, https:\/\/seppeschina.com\/wp-content\/uploads\/2019\/02\/shipping-delivery-50x50.jpg 50w, https:\/\/seppeschina.com\/wp-content\/uploads\/2019\/02\/shipping-delivery-110x110.jpg 110w, https:\/\/seppeschina.com\/wp-content\/uploads\/2019\/02\/shipping-delivery-275x275.jpg 275w, https:\/\/seppeschina.com\/wp-content\/uploads\/2019\/02\/shipping-delivery-480x480.jpg 480w, https:\/\/seppeschina.com\/wp-content\/uploads\/2019\/02\/shipping-delivery-550x550.jpg 550w\" sizes=\"auto, (max-width: 600px) 100vw, 600px\" \/><\/p>\n<h3><span style=\"color: #3366ff;\"><strong><b>Cliente y exhibici\u00f3n de productos<\/b><\/strong><\/span><\/h3>\n<p><img loading=\"lazy\" decoding=\"async\" class=\"aligncenter wp-image-11608 size-full\" src=\"https:\/\/seppeschina.com\/wp-content\/uploads\/2021\/03\/seppes-door10.gif\" alt=\"\" width=\"600\" height=\"491\"><\/p>\n<h3><span style=\"color: #3366ff;\">Exhibici\u00f3n de productos<\/span><\/h3>\n<p><img loading=\"lazy\" decoding=\"async\" class=\"size-full wp-image-9979 aligncenter\" src=\"https:\/\/seppeschina.com\/wp-content\/uploads\/2021\/01\/\u5fae\u4fe1\u56fe\u7247_20210106145813.jpg\" alt=\"\" width=\"750\" height=\"293\" srcset=\"https:\/\/seppeschina.com\/wp-content\/uploads\/2021\/01\/\u5fae\u4fe1\u56fe\u7247_20210106145813.jpg 750w, https:\/\/seppeschina.com\/wp-content\/uploads\/2021\/01\/\u5fae\u4fe1\u56fe\u7247_20210106145813-360x141.jpg 360w, https:\/\/seppeschina.com\/wp-content\/uploads\/2021\/01\/\u5fae\u4fe1\u56fe\u7247_20210106145813-600x234.jpg 600w, https:\/\/seppeschina.com\/wp-content\/uploads\/2021\/01\/\u5fae\u4fe1\u56fe\u7247_20210106145813-300x117.jpg 300w, https:\/\/seppeschina.com\/wp-content\/uploads\/2021\/01\/\u5fae\u4fe1\u56fe\u7247_20210106145813-550x215.jpg 550w\" sizes=\"auto, (max-width: 750px) 100vw, 750px\" \/><\/p>\n<h3>Preguntas Frecuentes<\/h3>\n<p><b><span data-spm-anchor-id=\"a2700.custom-template.0.i102.577f3333LwTOBI\">P\uff1a<\/span><span data-spm-anchor-id=\"a2700.custom-template.0.i145.577f3333LwTOBI\">\u00bfC\u00f3mo son la potencia y el voltaje?<\/span><\/b><\/p>\n<p>R\uff1aSe pueden personalizar. Normalmente 220V, 0.75KW, 50HZ, monof\u00e1sico<\/p>\n<p><b data-spm-anchor-id=\"a2700.custom-template.0.i7.577f3333SViG38\">P\uff1a\u00bfQu\u00e9 materiales de marco para puerta r\u00e1pida se pueden elegir?<\/b><\/p>\n<p>R\uff1aMarco de puerta de acero pintado, marco de puerta SUS304 \/316, marco de puerta de aleaci\u00f3n de aluminio<\/p>\n<p><b data-spm-anchor-id=\"a2700.custom-template.0.i8.577f3333SViG38\">P\uff1a\u00bfCu\u00e1l es el precio de una puerta r\u00e1pida?<\/b><\/p>\n<p>R\uff1aDepende de su tama\u00f1o y otros dispositivos.<\/p>\n<p><b data-spm-anchor-id=\"a2700.custom-template.0.i166.577f3333LwTOBI\">P\uff1a\u00bfC\u00f3mo elegir la f\u00e1brica de puertas r\u00e1pidas?<\/b><br \/>\nR\uff1aCertificada, SGS, CE, m\u00e1s de 10 a\u00f1os de experiencia<\/p>\n<p><b data-spm-anchor-id=\"a2700.custom-template.0.i9.577f3333SViG38\">P\uff1a\u00bfPodemos instalar la puerta r\u00e1pida nosotros mismos?<\/b><\/p>\n<p>R\uff1aS\u00ed, es muy sencillo. Podemos proporcionar manual de instalaci\u00f3n en ingl\u00e9s y videos gu\u00eda.<\/p>\n<p><b data-spm-anchor-id=\"a2700.custom-template.0.i10.577f3333SViG38\">P\uff1a\u00bfCu\u00e1nto tiempo puede durar?<\/b><\/p>\n<p>R\uff1aaproximadamente 10-15 a\u00f1os<\/p>\n<p><b data-spm-anchor-id=\"a2700.custom-template.0.i11.577f3333SViG38\">P\uff1a\u00bfCu\u00e1les son los m\u00e9todos de apertura autom\u00e1tica \/ inteligente de la puerta r\u00e1pida?<\/b><\/p>\n<p>R\uff1aBot\u00f3n de empuje manual, dispositivo sensor de movimiento autom\u00e1tico, inducci\u00f3n por lazo, interruptor de tracci\u00f3n, tarjeta de proximidad, vinculado con PLC o AGV.<\/p>","protected":false},"excerpt":{"rendered":"<p>La puerta de c\u00e1mara frigor\u00edfica de alta velocidad combina perfectamente la estructura de cremallera con la cortina de puerta multicapa y termoaislante de espesor aumentado, garantizando la estanqueidad del ambiente interno y reduciendo significativamente la transferencia de calor, la p\u00e9rdida de energ\u00eda y la generaci\u00f3n de condensaci\u00f3n.<\/p>","protected":false},"featured_media":10217,"comment_status":"open","ping_status":"closed","template":"","meta":[],"product_brand":[],"product_cat":[326],"product_tag":[],"class_list":{"0":"post-10237","1":"product","2":"type-product","3":"status-publish","4":"has-post-thumbnail","6":"product_cat-high-speed-freezer-door","9":"first","10":"instock","11":"shipping-taxable","12":"product-type-simple"},"_links":{"self":[{"href":"https:\/\/seppeschina.com\/es\/wp-json\/wp\/v2\/product\/10237","targetHints":{"allow":["GET"]}}],"collection":[{"href":"https:\/\/seppeschina.com\/es\/wp-json\/wp\/v2\/product"}],"about":[{"href":"https:\/\/seppeschina.com\/es\/wp-json\/wp\/v2\/types\/product"}],"replies":[{"embeddable":true,"href":"https:\/\/seppeschina.com\/es\/wp-json\/wp\/v2\/comments?post=10237"}],"wp:featuredmedia":[{"embeddable":true,"href":"https:\/\/seppeschina.com\/es\/wp-json\/wp\/v2\/media\/10217"}],"wp:attachment":[{"href":"https:\/\/seppeschina.com\/es\/wp-json\/wp\/v2\/media?parent=10237"}],"wp:term":[{"taxonomy":"product_brand","embeddable":true,"href":"https:\/\/seppeschina.com\/es\/wp-json\/wp\/v2\/product_brand?post=10237"},{"taxonomy":"product_cat","embeddable":true,"href":"https:\/\/seppeschina.com\/es\/wp-json\/wp\/v2\/product_cat?post=10237"},{"taxonomy":"product_tag","embeddable":true,"href":"https:\/\/seppeschina.com\/es\/wp-json\/wp\/v2\/product_tag?post=10237"}],"curies":[{"name":"wp","href":"https:\/\/api.w.org\/{rel}","templated":true}]}}