{"id":10274,"date":"2021-01-11T17:01:06","date_gmt":"2021-01-11T09:01:06","guid":{"rendered":"https:\/\/seppeschina.com\/?post_type=product&#038;p=10274"},"modified":"2024-11-19T15:11:12","modified_gmt":"2024-11-19T07:11:12","slug":"proveedor-chino-de-refugios-para-muelles-de-carga-logistica","status":"publish","type":"product","link":"https:\/\/seppeschina.com\/es\/product\/china-loading-logistic-dock-shelter-supplier\/","title":{"rendered":"SEPPES Muelle Inflable Negro"},"content":{"rendered":"<div style=\"width: 640px;\" class=\"wp-video\"><video class=\"wp-video-shortcode\" id=\"video-10274-1\" width=\"640\" height=\"368\" preload=\"metadata\" controls=\"controls\"><source type=\"video\/mp4\" src=\"https:\/\/seppeschina.com\/wp-content\/uploads\/2021\/01\/f604c810506edf445f64905f8739143a.mp4?_=1\" \/><a href=\"https:\/\/seppeschina.com\/wp-content\/uploads\/2021\/01\/f604c810506edf445f64905f8739143a.mp4\">https:\/\/seppeschina.com\/wp-content\/uploads\/2021\/01\/f604c810506edf445f64905f8739143a.mp4<\/a><\/video><\/div>\n<h3>Descripci\u00f3n<\/h3>\n<p>La superficie del refugio de puerta inflable est\u00e1 fabricada con caucho de neopreno de alta calidad y material altamente resistente al desgaste, lo que puede satisfacer una vida \u00fatil de no menos de 30,000 ciclos. Los airbags en ambos lados y en la parte superior envuelven firmemente la parte trasera de la cabina despu\u00e9s de la inflaci\u00f3n. Los airbags en ambos lados adoptan una estructura en forma de L para garantizar un sellado herm\u00e9tico entre la parte inferior de los airbags laterales y la pared. El rango de ajuste de ancho es de 1600 mm, y el rango de ajuste de longitud del airbag superior es de 1200-1500 mm, adecuado para varias alturas de chasis de cami\u00f3n. Con ventiladores de gran caudal, instalados en exteriores, puede trabajar de manera estable en condiciones clim\u00e1ticas adversas.<\/p>\n<p><img loading=\"lazy\" decoding=\"async\" class=\"aligncenter wp-image-11968\" src=\"https:\/\/seppeschina.com\/wp-content\/uploads\/2019\/05\/Inflatable-dock-shelter-3.jpg\" sizes=\"auto, (max-width: 600px) 100vw, 600px\" srcset=\"https:\/\/seppeschina.com\/wp-content\/uploads\/2019\/05\/Inflatable-dock-shelter-3.jpg 750w, https:\/\/seppeschina.com\/wp-content\/uploads\/2019\/05\/Inflatable-dock-shelter-3-300x300.jpg 300w, https:\/\/seppeschina.com\/wp-content\/uploads\/2019\/05\/Inflatable-dock-shelter-3-150x150.jpg 150w, https:\/\/seppeschina.com\/wp-content\/uploads\/2019\/05\/Inflatable-dock-shelter-3-360x360.jpg 360w, https:\/\/seppeschina.com\/wp-content\/uploads\/2019\/05\/Inflatable-dock-shelter-3-600x600.jpg 600w, https:\/\/seppeschina.com\/wp-content\/uploads\/2019\/05\/Inflatable-dock-shelter-3-100x100.jpg 100w, https:\/\/seppeschina.com\/wp-content\/uploads\/2019\/05\/Inflatable-dock-shelter-3-24x24.jpg 24w, https:\/\/seppeschina.com\/wp-content\/uploads\/2019\/05\/Inflatable-dock-shelter-3-48x48.jpg 48w, https:\/\/seppeschina.com\/wp-content\/uploads\/2019\/05\/Inflatable-dock-shelter-3-96x96.jpg 96w, https:\/\/seppeschina.com\/wp-content\/uploads\/2019\/05\/Inflatable-dock-shelter-3-364x364.jpg 364w, https:\/\/seppeschina.com\/wp-content\/uploads\/2019\/05\/Inflatable-dock-shelter-3-50x50.jpg 50w, https:\/\/seppeschina.com\/wp-content\/uploads\/2019\/05\/Inflatable-dock-shelter-3-110x110.jpg 110w, https:\/\/seppeschina.com\/wp-content\/uploads\/2019\/05\/Inflatable-dock-shelter-3-275x275.jpg 275w, https:\/\/seppeschina.com\/wp-content\/uploads\/2019\/05\/Inflatable-dock-shelter-3-480x480.jpg 480w, https:\/\/seppeschina.com\/wp-content\/uploads\/2019\/05\/Inflatable-dock-shelter-3-550x550.jpg 550w\" alt=\"\" width=\"600\" height=\"600\"><\/p>\n<div class=\"J_module\">\n<h3>Detalles<\/h3>\n<p><img loading=\"lazy\" decoding=\"async\" class=\"aligncenter wp-image-12040 size-full\" src=\"https:\/\/seppeschina.com\/wp-content\/uploads\/2021\/03\/%E6%9C%BA%E6%A2%B0%E9%97%A8%E5%B0%81_04.jpg\" sizes=\"auto, (max-width: 600px) 100vw, 600px\" srcset=\"https:\/\/seppeschina.com\/wp-content\/uploads\/2021\/03\/\u673a\u68b0\u95e8\u5c01_04.jpg 600w, https:\/\/seppeschina.com\/wp-content\/uploads\/2021\/03\/\u673a\u68b0\u95e8\u5c01_04-300x174.jpg 300w, https:\/\/seppeschina.com\/wp-content\/uploads\/2021\/03\/\u673a\u68b0\u95e8\u5c01_04-360x209.jpg 360w, https:\/\/seppeschina.com\/wp-content\/uploads\/2021\/03\/\u673a\u68b0\u95e8\u5c01_04-550x319.jpg 550w\" alt=\"\" width=\"600\" height=\"348\"><\/p>\n<p><img loading=\"lazy\" decoding=\"async\" class=\"aligncenter size-full wp-image-12041\" src=\"https:\/\/seppeschina.com\/wp-content\/uploads\/2021\/03\/%E6%9C%BA%E6%A2%B0%E9%97%A8%E5%B0%81_03.jpg\" sizes=\"auto, (max-width: 600px) 100vw, 600px\" srcset=\"https:\/\/seppeschina.com\/wp-content\/uploads\/2021\/03\/\u673a\u68b0\u95e8\u5c01_03.jpg 600w, https:\/\/seppeschina.com\/wp-content\/uploads\/2021\/03\/\u673a\u68b0\u95e8\u5c01_03-284x300.jpg 284w, https:\/\/seppeschina.com\/wp-content\/uploads\/2021\/03\/\u673a\u68b0\u95e8\u5c01_03-360x380.jpg 360w, https:\/\/seppeschina.com\/wp-content\/uploads\/2021\/03\/\u673a\u68b0\u95e8\u5c01_03-24x24.jpg 24w, https:\/\/seppeschina.com\/wp-content\/uploads\/2021\/03\/\u673a\u68b0\u95e8\u5c01_03-521x550.jpg 521w\" alt=\"\" width=\"600\" height=\"634\"><\/p>\n<p><img loading=\"lazy\" decoding=\"async\" class=\"aligncenter wp-image-10345\" src=\"https:\/\/seppeschina.com\/wp-content\/uploads\/2021\/01\/\u56fe\u72472.png\" alt=\"\" width=\"600\" height=\"536\" srcset=\"https:\/\/seppeschina.com\/wp-content\/uploads\/2021\/01\/\u56fe\u72472.png 750w, https:\/\/seppeschina.com\/wp-content\/uploads\/2021\/01\/\u56fe\u72472-360x322.png 360w, https:\/\/seppeschina.com\/wp-content\/uploads\/2021\/01\/\u56fe\u72472-600x536.png 600w, https:\/\/seppeschina.com\/wp-content\/uploads\/2021\/01\/\u56fe\u72472-300x268.png 300w, https:\/\/seppeschina.com\/wp-content\/uploads\/2021\/01\/\u56fe\u72472-550x491.png 550w\" sizes=\"auto, (max-width: 600px) 100vw, 600px\" \/><\/p>\n<div class=\"flex-layout-v magic-9\">\n<div class=\"magic-10\">\n<h3>Principio de funcionamiento<\/h3>\n<p>Requiere que las puertas industriales, las plataformas de carga y descarga y los sellos de puerta cooperen para formar un entorno cerrado de carga y descarga entre el vag\u00f3n y la sala, impidiendo la entrada de desechos externos, flujos de aire, lluvia, etc., y garantizando que el trabajo de carga y descarga sea conveniente, limpio y seguro.<\/p>\n<\/div>\n<\/div>\n<div class=\"text-wrapper magic-12\">\n<div class=\"text-wrapper-right text-theme-light text-align-left\">\n<div class=\"text-title\" data-id=\"right-title\">\n<div class=\"magic-13\">\n<h3>Perfil de la Empresa<\/h3>\n<h6>Sobre nosotros<\/h6>\n<p><img loading=\"lazy\" decoding=\"async\" class=\"aligncenter size-full wp-image-11606\" src=\"https:\/\/seppeschina.com\/wp-content\/uploads\/2021\/03\/seppes-door8.gif\" alt=\"\" width=\"600\" height=\"502\"><\/p>\n<h3><b data-spm-anchor-id=\"a2700.details.pronpeci14.i1.54614b77C31x07\">Exhibici\u00f3n de f\u00e1brica<\/b><\/h3>\n<p><img loading=\"lazy\" decoding=\"async\" class=\"aligncenter wp-image-11604 size-full\" src=\"https:\/\/seppeschina.com\/wp-content\/uploads\/2021\/03\/seppes-door6.gif\" alt=\"\" width=\"600\" height=\"358\"><\/p>\n<h3><b>Exposici\u00f3n<\/b><\/h3>\n<p><img loading=\"lazy\" decoding=\"async\" class=\"aligncenter wp-image-11605 size-full\" src=\"https:\/\/seppeschina.com\/wp-content\/uploads\/2021\/03\/seppes-door7.gif\" alt=\"\" width=\"600\" height=\"338\"><\/p>\n<h3>Nuestros socios<\/h3>\n<p><img loading=\"lazy\" decoding=\"async\" class=\"aligncenter wp-image-11608 size-full\" src=\"https:\/\/seppeschina.com\/wp-content\/uploads\/2021\/03\/seppes-door10.gif\" alt=\"\" width=\"600\" height=\"491\"><\/p>\n<h3>Certificaciones<\/h3>\n<p><img loading=\"lazy\" decoding=\"async\" class=\"wp-image-9887 aligncenter\" src=\"https:\/\/seppeschina.com\/wp-content\/uploads\/2019\/04\/certification.jpg\" sizes=\"auto, (max-width: 600px) 100vw, 600px\" srcset=\"https:\/\/seppeschina.com\/wp-content\/uploads\/2019\/04\/certification.jpg 750w, https:\/\/seppeschina.com\/wp-content\/uploads\/2019\/04\/certification-150x150.jpg 150w, https:\/\/seppeschina.com\/wp-content\/uploads\/2019\/04\/certification-300x300.jpg 300w, https:\/\/seppeschina.com\/wp-content\/uploads\/2019\/04\/certification-360x360.jpg 360w, https:\/\/seppeschina.com\/wp-content\/uploads\/2019\/04\/certification-600x600.jpg 600w, https:\/\/seppeschina.com\/wp-content\/uploads\/2019\/04\/certification-100x100.jpg 100w, https:\/\/seppeschina.com\/wp-content\/uploads\/2019\/04\/certification-24x24.jpg 24w, https:\/\/seppeschina.com\/wp-content\/uploads\/2019\/04\/certification-48x48.jpg 48w, https:\/\/seppeschina.com\/wp-content\/uploads\/2019\/04\/certification-96x96.jpg 96w, https:\/\/seppeschina.com\/wp-content\/uploads\/2019\/04\/certification-364x364.jpg 364w, https:\/\/seppeschina.com\/wp-content\/uploads\/2019\/04\/certification-50x50.jpg 50w, https:\/\/seppeschina.com\/wp-content\/uploads\/2019\/04\/certification-110x110.jpg 110w, https:\/\/seppeschina.com\/wp-content\/uploads\/2019\/04\/certification-275x275.jpg 275w, https:\/\/seppeschina.com\/wp-content\/uploads\/2019\/04\/certification-480x480.jpg 480w, https:\/\/seppeschina.com\/wp-content\/uploads\/2019\/04\/certification-550x550.jpg 550w\" alt=\"\" width=\"600\" height=\"600\"><\/p>\n<h3>Ventajas<\/h3>\n<p><img loading=\"lazy\" decoding=\"async\" class=\"aligncenter wp-image-12035 size-full\" src=\"https:\/\/seppeschina.com\/wp-content\/uploads\/2021\/03\/%E5%85%85%E6%B0%94%E9%97%A8%E5%B0%81_02.jpg\" sizes=\"auto, (max-width: 600px) 100vw, 600px\" srcset=\"https:\/\/seppeschina.com\/wp-content\/uploads\/2021\/03\/\u5145\u6c14\u95e8\u5c01_02.jpg 600w, https:\/\/seppeschina.com\/wp-content\/uploads\/2021\/03\/\u5145\u6c14\u95e8\u5c01_02-287x300.jpg 287w, https:\/\/seppeschina.com\/wp-content\/uploads\/2021\/03\/\u5145\u6c14\u95e8\u5c01_02-360x377.jpg 360w, https:\/\/seppeschina.com\/wp-content\/uploads\/2021\/03\/\u5145\u6c14\u95e8\u5c01_02-24x24.jpg 24w, https:\/\/seppeschina.com\/wp-content\/uploads\/2021\/03\/\u5145\u6c14\u95e8\u5c01_02-525x550.jpg 525w\" alt=\"\" width=\"600\" height=\"628\"><\/p>\n<h3>Aplicaciones<\/h3>\n<p><img loading=\"lazy\" decoding=\"async\" class=\"aligncenter wp-image-10307\" src=\"https:\/\/seppeschina.com\/wp-content\/uploads\/2019\/02\/%E6%9C%BA%E6%A2%B0%E9%97%A8%E5%B0%81%E5%BA%94%E7%94%A8%E5%9B%BE.jpg\" alt=\"\" width=\"600\" height=\"600\"><\/p>\n<h3>Entrega y Embalaje<\/h3>\n<p>Nuestro m\u00e9todo de embalaje es caja de madera, y los m\u00e9todos de transporte incluyen mensajer\u00eda, a\u00e9reo y mar\u00edtimo. Normalmente 3-7 d\u00edas despu\u00e9s de realizar el pedido.<\/p>\n<p><img loading=\"lazy\" decoding=\"async\" class=\"aligncenter wp-image-11818 size-full\" src=\"https:\/\/seppeschina.com\/wp-content\/uploads\/2021\/04\/H847d78bca14e40ceb2854a49609655195.png\" sizes=\"auto, (max-width: 750px) 100vw, 750px\" srcset=\"https:\/\/seppeschina.com\/wp-content\/uploads\/2021\/04\/H847d78bca14e40ceb2854a49609655195.png 750w, https:\/\/seppeschina.com\/wp-content\/uploads\/2021\/04\/H847d78bca14e40ceb2854a49609655195-300x124.png 300w, https:\/\/seppeschina.com\/wp-content\/uploads\/2021\/04\/H847d78bca14e40ceb2854a49609655195-360x149.png 360w, https:\/\/seppeschina.com\/wp-content\/uploads\/2021\/04\/H847d78bca14e40ceb2854a49609655195-600x248.png 600w, https:\/\/seppeschina.com\/wp-content\/uploads\/2021\/04\/H847d78bca14e40ceb2854a49609655195-550x227.png 550w\" alt=\"\" width=\"750\" height=\"310\"><\/p>\n<h3>Preguntas Frecuentes<\/h3>\n<p><b><span data-spm-anchor-id=\"a2700.custom-template.0.i4.45393333ve2JZu\">1. P: \u00bfCu\u00e1l es el tipo de motor del refugio de muelle?<\/span><\/b><b><span data-spm-anchor-id=\"a2700.custom-template.0.i4.45393333ve2JZu\">otor?<\/span><\/b><\/p>\n<p>R: Motor servo, 220V - 0.75 KW - 50HZ - 1 fase.<\/p>\n<p><b><span data-spm-anchor-id=\"a2700.custom-template.0.i6.45393333ve2JZu\">2. P: \u00bfCu\u00e1l es el material del refugio de muelle?<\/span><\/b><\/p>\n<p>R: Tejido de PVC con esponja completa en el interior<\/p>\n<p><b><span data-spm-anchor-id=\"a2700.custom-template.0.i69.45393333PN6HP1\">3. P: \u00bfCu\u00e1nto espacio se requiere para la instalaci\u00f3n?<\/span><\/b><\/p>\n<p>R: Colocado horizontalmente, alineado con la cama del cami\u00f3n y la estaci\u00f3n de acoplamiento<\/p>\n<p><b><span data-spm-anchor-id=\"a2700.custom-template.0.i9.45393333ve2JZu\">4. P: \u00bfCu\u00e1nto tiempo puede ser utilizado?<\/span><\/b><\/p>\n<p>R: Aproximadamente 8-10 a\u00f1os<\/p>\n<p><b>5. P: \u00bfEn qu\u00e9 tipo de lugar puede ser utilizada la puerta de alta velocidad?<\/b><\/p>\n<p>R: Adecuada para modelos de diferentes especificaciones, as\u00ed como para log\u00edstica de almacenamiento y c\u00e1maras frigor\u00edficas.<\/p>\n<p><b><span data-spm-anchor-id=\"a2700.custom-template.0.i88.45393333PN6HP1\">6. P: \u00bfC\u00f3mo funciona el refugio de muelle?<\/span><\/b><\/p>\n<p>R: A trav\u00e9s de la compresi\u00f3n del veh\u00edculo y la tira de sellado de la puerta, se impide que el aire fluya hacia afuera.<\/p>\n<\/div>\n<\/div>\n<\/div>\n<\/div>\n<\/div>\n<p><img loading=\"lazy\" decoding=\"async\" class=\"alignnone wp-image-9979 size-full\" src=\"https:\/\/seppeschina.com\/wp-content\/uploads\/2021\/01\/\u5fae\u4fe1\u56fe\u7247_20210106145813.jpg\" alt=\"\" width=\"750\" height=\"293\" srcset=\"https:\/\/seppeschina.com\/wp-content\/uploads\/2021\/01\/\u5fae\u4fe1\u56fe\u7247_20210106145813.jpg 750w, https:\/\/seppeschina.com\/wp-content\/uploads\/2021\/01\/\u5fae\u4fe1\u56fe\u7247_20210106145813-360x141.jpg 360w, https:\/\/seppeschina.com\/wp-content\/uploads\/2021\/01\/\u5fae\u4fe1\u56fe\u7247_20210106145813-600x234.jpg 600w, https:\/\/seppeschina.com\/wp-content\/uploads\/2021\/01\/\u5fae\u4fe1\u56fe\u7247_20210106145813-300x117.jpg 300w, https:\/\/seppeschina.com\/wp-content\/uploads\/2021\/01\/\u5fae\u4fe1\u56fe\u7247_20210106145813-550x215.jpg 550w\" sizes=\"auto, (max-width: 750px) 100vw, 750px\" \/><\/p>","protected":false},"excerpt":{"rendered":"<p>La puerta industrial est\u00e1 cerrada cuando no est\u00e1 en estado de trabajo, manteniendo el aislamiento sellado entre el interior y el exterior; al entrar en estado de trabajo, la puerta industrial se abre, y la niveladora de muelle coopera con el refugio de puerta para que el veh\u00edculo forme un entorno cerrado de carga y descarga con el interior, impidiendo la entrada de desechos externos, flujos de aire, lluvia, etc., y garantizando que el trabajo de carga y descarga se realice de manera conveniente, limpia y segura.<\/p>\n<p>&nbsp;<\/p>","protected":false},"featured_media":12044,"comment_status":"open","ping_status":"closed","template":"","meta":[],"product_brand":[],"product_cat":[328],"product_tag":[],"class_list":{"0":"post-10274","1":"product","2":"type-product","3":"status-publish","4":"has-post-thumbnail","6":"product_cat-dock-shelter","9":"first","10":"instock","11":"shipping-taxable","12":"product-type-simple"},"_links":{"self":[{"href":"https:\/\/seppeschina.com\/es\/wp-json\/wp\/v2\/product\/10274","targetHints":{"allow":["GET"]}}],"collection":[{"href":"https:\/\/seppeschina.com\/es\/wp-json\/wp\/v2\/product"}],"about":[{"href":"https:\/\/seppeschina.com\/es\/wp-json\/wp\/v2\/types\/product"}],"replies":[{"embeddable":true,"href":"https:\/\/seppeschina.com\/es\/wp-json\/wp\/v2\/comments?post=10274"}],"wp:featuredmedia":[{"embeddable":true,"href":"https:\/\/seppeschina.com\/es\/wp-json\/wp\/v2\/media\/12044"}],"wp:attachment":[{"href":"https:\/\/seppeschina.com\/es\/wp-json\/wp\/v2\/media?parent=10274"}],"wp:term":[{"taxonomy":"product_brand","embeddable":true,"href":"https:\/\/seppeschina.com\/es\/wp-json\/wp\/v2\/product_brand?post=10274"},{"taxonomy":"product_cat","embeddable":true,"href":"https:\/\/seppeschina.com\/es\/wp-json\/wp\/v2\/product_cat?post=10274"},{"taxonomy":"product_tag","embeddable":true,"href":"https:\/\/seppeschina.com\/es\/wp-json\/wp\/v2\/product_tag?post=10274"}],"curies":[{"name":"wp","href":"https:\/\/api.w.org\/{rel}","templated":true}]}}