{"id":11128,"date":"2021-02-05T13:58:01","date_gmt":"2021-02-05T05:58:01","guid":{"rendered":"https:\/\/seppeschina.com\/?post_type=product&#038;p=11128"},"modified":"2025-05-19T16:14:52","modified_gmt":"2025-05-19T08:14:52","slug":"nivelador-de-muelle-para-almacen-seppes","status":"publish","type":"product","link":"https:\/\/seppeschina.com\/es\/product\/seppes-warehouse-dock-leveler\/","title":{"rendered":"Nivelador de Muelle Hidr\u00e1ulico SEPPES Azul DL-220"},"content":{"rendered":"<div style=\"width: 720px;\" class=\"wp-video\"><video class=\"wp-video-shortcode\" id=\"video-11128-1\" width=\"720\" height=\"544\" preload=\"metadata\" controls=\"controls\"><source type=\"video\/mp4\" src=\"https:\/\/seppeschina.com\/wp-content\/uploads\/2021\/02\/\u5e73\u53f0.mp4?_=1\" \/><a href=\"https:\/\/seppeschina.com\/wp-content\/uploads\/2021\/02\/\u5e73\u53f0.mp4\">https:\/\/seppeschina.com\/wp-content\/uploads\/2021\/02\/\u5e73\u53f0.mp4<\/a><\/video><\/div>\n<h3>Descripci\u00f3n<\/h3>\n<p>(1) Tratamiento con b\u00f3rax en la superficie de acero.<br \/>\n(2) Uso de tecnolog\u00eda de barnizado al horno, buena resistencia a la corrosi\u00f3n.<br \/>\n(3) La distancia entre el canal de la rampa y la viga frontal (25 mm) proporciona una protecci\u00f3n de seguridad efectiva.<br \/>\n(4) La bisagra de conexi\u00f3n entre la plataforma y el canal de entrada tiene capacidad de autolimpieza.<br \/>\n(5) La longitud de la pendiente de entrada es ajustable, ofreciendo una aplicaci\u00f3n m\u00e1s conveniente.<br \/>\n(6) El soporte del canal de entrada es muy firme y puede proporcionar un movimiento lateral seguro en la plataforma en estado cerrado.<br \/>\n(7) El fald\u00f3n lateral con bolsa de aire puede evitar que el personal de mantenimiento pise el hueco entre la plataforma y el foso durante el trabajo, teniendo un buen efecto protector.<\/p>\n<p><img loading=\"lazy\" decoding=\"async\" class=\"aligncenter wp-image-11803 size-full\" src=\"https:\/\/seppeschina.com\/wp-content\/uploads\/2021\/03\/\u5e73\u53f0.jpg\" alt=\"\" width=\"750\" height=\"503\" srcset=\"https:\/\/seppeschina.com\/wp-content\/uploads\/2021\/03\/\u5e73\u53f0.jpg 750w, https:\/\/seppeschina.com\/wp-content\/uploads\/2021\/03\/\u5e73\u53f0-360x241.jpg 360w, https:\/\/seppeschina.com\/wp-content\/uploads\/2021\/03\/\u5e73\u53f0-600x402.jpg 600w, https:\/\/seppeschina.com\/wp-content\/uploads\/2021\/03\/\u5e73\u53f0-300x201.jpg 300w, https:\/\/seppeschina.com\/wp-content\/uploads\/2021\/03\/\u5e73\u53f0-550x369.jpg 550w\" sizes=\"auto, (max-width: 750px) 100vw, 750px\" \/><\/p>\n<h3>Detalle del nivelador de muelle<\/h3>\n<table class=\"hight-light-first-column all magic-4\">\n<tbody>\n<tr>\n<td colspan=\"1\" rowspan=\"1\" data-spm-anchor-id=\"a2700.details.pronpeci14.i1.5571610eOc3fJ4\">\n<div class=\"magic-5\"><span class=\"magic-6\">Tama\u00f1o<\/span><\/div>\n<\/td>\n<td colspan=\"1\" rowspan=\"1\">\n<div class=\"magic-7\"><span class=\"magic-6\">2000x2500x600 mm o personalizado<\/span><\/div>\n<\/td>\n<td colspan=\"1\" rowspan=\"1\">\n<div class=\"magic-8\"><span class=\"magic-6\">Voltaje<\/span><\/div>\n<\/td>\n<td colspan=\"1\" rowspan=\"1\">\n<div class=\"magic-9\"><span class=\"magic-6\">380 V 50 Hz<\/span><\/div>\n<\/td>\n<\/tr>\n<tr>\n<td colspan=\"1\" rowspan=\"1\">\n<div class=\"magic-5\"><span class=\"magic-6\">Rango de ajuste<\/span><\/div>\n<\/td>\n<td colspan=\"1\" rowspan=\"1\">\n<div class=\"magic-7\"><span class=\"magic-6\">M\u00e1s menos 300<\/span><\/div>\n<\/td>\n<td colspan=\"1\" rowspan=\"1\">\n<div class=\"magic-8\"><span class=\"magic-6\">Potencia<\/span><\/div>\n<\/td>\n<td colspan=\"1\" rowspan=\"1\">\n<div class=\"magic-9\"><span class=\"magic-6\">0.75 kW<\/span><\/div>\n<\/td>\n<\/tr>\n<tr>\n<td colspan=\"1\" rowspan=\"1\">\n<div class=\"magic-5\"><span class=\"magic-6\">Espesor<\/span><\/div>\n<\/td>\n<td colspan=\"1\" rowspan=\"1\">\n<div class=\"magic-7\"><span class=\"magic-6\">Placa de acero de 8 mm de espesor<\/span><\/div>\n<\/td>\n<td colspan=\"1\" rowspan=\"1\">\n<div class=\"magic-8\"><span class=\"magic-6\">Ciclo de vida<\/span><\/div>\n<\/td>\n<td colspan=\"1\" rowspan=\"1\">\n<div class=\"magic-9\"><span class=\"magic-6\">8-10 a\u00f1os<\/span><\/div>\n<\/td>\n<\/tr>\n<tr>\n<td colspan=\"1\" rowspan=\"1\">\n<div class=\"magic-5\"><span class=\"magic-6\">Color<\/span><\/div>\n<\/td>\n<td colspan=\"1\" rowspan=\"1\">\n<div class=\"magic-7\"><span class=\"magic-6\">Negro o personalizado<\/span><\/div>\n<\/td>\n<td colspan=\"1\" rowspan=\"1\">\n<div class=\"magic-8\"><span class=\"magic-6\">Aplicaci\u00f3n<\/span><\/div>\n<\/td>\n<td colspan=\"1\" rowspan=\"1\">\n<div class=\"magic-9\"><span class=\"magic-6\" data-spm-anchor-id=\"a2700.custom-template.0.i245.57a93333wxnviW\">Log\u00edstica de almac\u00e9n, centro de descarga<\/span><\/div>\n<\/td>\n<\/tr>\n<\/tbody>\n<\/table>\n<div class=\"J_module\">\n<div class=\"ife-detail-decorate-table\">\n<figure id=\"attachment_11123\" class=\"wp-caption aligncenter\" aria-describedby=\"caption-attachment-11123\">\n<h4><span style=\"color: #333300;\">Estructura<\/span><\/h4>\n<p><img loading=\"lazy\" decoding=\"async\" class=\"aligncenter wp-image-12002\" src=\"https:\/\/seppeschina.com\/wp-content\/uploads\/2021\/02\/\u84dd\u8272\u5e73\u53f0\u7ec6\u8282\u56fe.jpg\" alt=\"\" width=\"600\" height=\"600\" srcset=\"https:\/\/seppeschina.com\/wp-content\/uploads\/2021\/02\/\u84dd\u8272\u5e73\u53f0\u7ec6\u8282\u56fe.jpg 750w, https:\/\/seppeschina.com\/wp-content\/uploads\/2021\/02\/\u84dd\u8272\u5e73\u53f0\u7ec6\u8282\u56fe-360x360.jpg 360w, https:\/\/seppeschina.com\/wp-content\/uploads\/2021\/02\/\u84dd\u8272\u5e73\u53f0\u7ec6\u8282\u56fe-100x100.jpg 100w, https:\/\/seppeschina.com\/wp-content\/uploads\/2021\/02\/\u84dd\u8272\u5e73\u53f0\u7ec6\u8282\u56fe-600x600.jpg 600w, https:\/\/seppeschina.com\/wp-content\/uploads\/2021\/02\/\u84dd\u8272\u5e73\u53f0\u7ec6\u8282\u56fe-300x300.jpg 300w, https:\/\/seppeschina.com\/wp-content\/uploads\/2021\/02\/\u84dd\u8272\u5e73\u53f0\u7ec6\u8282\u56fe-150x150.jpg 150w, https:\/\/seppeschina.com\/wp-content\/uploads\/2021\/02\/\u84dd\u8272\u5e73\u53f0\u7ec6\u8282\u56fe-24x24.jpg 24w, https:\/\/seppeschina.com\/wp-content\/uploads\/2021\/02\/\u84dd\u8272\u5e73\u53f0\u7ec6\u8282\u56fe-48x48.jpg 48w, https:\/\/seppeschina.com\/wp-content\/uploads\/2021\/02\/\u84dd\u8272\u5e73\u53f0\u7ec6\u8282\u56fe-96x96.jpg 96w, https:\/\/seppeschina.com\/wp-content\/uploads\/2021\/02\/\u84dd\u8272\u5e73\u53f0\u7ec6\u8282\u56fe-364x364.jpg 364w, https:\/\/seppeschina.com\/wp-content\/uploads\/2021\/02\/\u84dd\u8272\u5e73\u53f0\u7ec6\u8282\u56fe-50x50.jpg 50w, https:\/\/seppeschina.com\/wp-content\/uploads\/2021\/02\/\u84dd\u8272\u5e73\u53f0\u7ec6\u8282\u56fe-110x110.jpg 110w, https:\/\/seppeschina.com\/wp-content\/uploads\/2021\/02\/\u84dd\u8272\u5e73\u53f0\u7ec6\u8282\u56fe-275x275.jpg 275w, https:\/\/seppeschina.com\/wp-content\/uploads\/2021\/02\/\u84dd\u8272\u5e73\u53f0\u7ec6\u8282\u56fe-480x480.jpg 480w, https:\/\/seppeschina.com\/wp-content\/uploads\/2021\/02\/\u84dd\u8272\u5e73\u53f0\u7ec6\u8282\u56fe-550x550.jpg 550w\" sizes=\"auto, (max-width: 600px) 100vw, 600px\" \/><\/figure>\n<p><img loading=\"lazy\" decoding=\"async\" class=\"aligncenter wp-image-11841 size-full\" src=\"https:\/\/seppeschina.com\/wp-content\/uploads\/2021\/04\/\u88c5\u5378\u8d27\u5e73\u53f0_03.jpg\" alt=\"\" width=\"600\" height=\"634\" srcset=\"https:\/\/seppeschina.com\/wp-content\/uploads\/2021\/04\/\u88c5\u5378\u8d27\u5e73\u53f0_03.jpg 600w, https:\/\/seppeschina.com\/wp-content\/uploads\/2021\/04\/\u88c5\u5378\u8d27\u5e73\u53f0_03-360x380.jpg 360w, https:\/\/seppeschina.com\/wp-content\/uploads\/2021\/04\/\u88c5\u5378\u8d27\u5e73\u53f0_03-284x300.jpg 284w, https:\/\/seppeschina.com\/wp-content\/uploads\/2021\/04\/\u88c5\u5378\u8d27\u5e73\u53f0_03-24x24.jpg 24w, https:\/\/seppeschina.com\/wp-content\/uploads\/2021\/04\/\u88c5\u5378\u8d27\u5e73\u53f0_03-521x550.jpg 521w\" sizes=\"auto, (max-width: 600px) 100vw, 600px\" \/>Los anteriores son los 6 detalles del Nivelador de Muelle Hidr\u00e1ulico, que demuestran que nuestros productos no solo son duraderos y seguros, sino tambi\u00e9n muy \u00fatiles para proporcionar eficiencia log\u00edstica. Si su f\u00e1brica puede instalar un Nivelador de Muelle Hidr\u00e1ulico, por favor, util\u00edcelo con frecuencia.<br \/>\n<img loading=\"lazy\" decoding=\"async\" class=\"aligncenter wp-image-11929\" src=\"https:\/\/seppeschina.com\/wp-content\/uploads\/2021\/03\/dock-leveler-details3-1.jpg\" alt=\"\" width=\"600\" height=\"600\" srcset=\"https:\/\/seppeschina.com\/wp-content\/uploads\/2021\/03\/dock-leveler-details3-1.jpg 750w, https:\/\/seppeschina.com\/wp-content\/uploads\/2021\/03\/dock-leveler-details3-1-360x360.jpg 360w, https:\/\/seppeschina.com\/wp-content\/uploads\/2021\/03\/dock-leveler-details3-1-100x100.jpg 100w, https:\/\/seppeschina.com\/wp-content\/uploads\/2021\/03\/dock-leveler-details3-1-600x600.jpg 600w, https:\/\/seppeschina.com\/wp-content\/uploads\/2021\/03\/dock-leveler-details3-1-300x300.jpg 300w, https:\/\/seppeschina.com\/wp-content\/uploads\/2021\/03\/dock-leveler-details3-1-150x150.jpg 150w, https:\/\/seppeschina.com\/wp-content\/uploads\/2021\/03\/dock-leveler-details3-1-24x24.jpg 24w, https:\/\/seppeschina.com\/wp-content\/uploads\/2021\/03\/dock-leveler-details3-1-48x48.jpg 48w, https:\/\/seppeschina.com\/wp-content\/uploads\/2021\/03\/dock-leveler-details3-1-96x96.jpg 96w, https:\/\/seppeschina.com\/wp-content\/uploads\/2021\/03\/dock-leveler-details3-1-364x364.jpg 364w, https:\/\/seppeschina.com\/wp-content\/uploads\/2021\/03\/dock-leveler-details3-1-50x50.jpg 50w, https:\/\/seppeschina.com\/wp-content\/uploads\/2021\/03\/dock-leveler-details3-1-110x110.jpg 110w, https:\/\/seppeschina.com\/wp-content\/uploads\/2021\/03\/dock-leveler-details3-1-275x275.jpg 275w, https:\/\/seppeschina.com\/wp-content\/uploads\/2021\/03\/dock-leveler-details3-1-480x480.jpg 480w, https:\/\/seppeschina.com\/wp-content\/uploads\/2021\/03\/dock-leveler-details3-1-550x550.jpg 550w\" sizes=\"auto, (max-width: 600px) 100vw, 600px\" \/><\/p>\n<p>P1:<\/p>\n<div class=\"text-title\" data-id=\"right-title\"><b><span class=\"magic-14\" data-spm-anchor-id=\"a2700.details.0.i34.5a551fefHAERHr\">Unidad de control<\/span><\/b><\/div>\n<div class=\"text-content\" data-id=\"right-content\">\n<div><b><span class=\"magic-6\">Sencilla y duradera<\/span><\/b><\/div>\n<p>Sistema de control importado del extranjero, la caja de control es f\u00e1cil de operar.<\/p>\n<\/div>\n<div data-id=\"right-content\">\n<p>P2:<\/p>\n<div class=\"text-title\" data-id=\"left-title\"><span class=\"magic-14\" data-spm-anchor-id=\"a2700.details.0.i35.5a551fefHAERHr\">Motor<\/span><\/div>\n<div class=\"text-content\" data-id=\"left-content\">\n<div><b><span class=\"magic-6\">R\u00e1pido y estable<\/span><\/b><\/div>\n<p><span class=\"magic-6\">Larga vida \u00fatil, funcionamiento muy r\u00e1pido y estable.<\/span><\/p>\n<\/div>\n<\/div>\n<div data-id=\"left-content\">\n<p>P3:<\/p>\n<div class=\"text-title\" data-id=\"right-title\"><span class=\"magic-14\" data-spm-anchor-id=\"a2700.details.0.i36.5a551fefHAERHr\">Condiciones de instalaci\u00f3n<\/span><\/div>\n<div class=\"text-content\" data-id=\"right-content\">\n<p><span class=\"magic-6\"><b>F\u00e1cil, R\u00e1pida<\/b><\/span><\/p>\n<h3>Producto relacionado<\/h3>\n<p><img loading=\"lazy\" decoding=\"async\" class=\"aligncenter size-full wp-image-11966\" src=\"https:\/\/seppeschina.com\/wp-content\/uploads\/2021\/04\/\u88c5\u5378\u8d27\u5e73\u53f0_08.jpg\" alt=\"\" width=\"600\" height=\"528\" srcset=\"https:\/\/seppeschina.com\/wp-content\/uploads\/2021\/04\/\u88c5\u5378\u8d27\u5e73\u53f0_08.jpg 600w, https:\/\/seppeschina.com\/wp-content\/uploads\/2021\/04\/\u88c5\u5378\u8d27\u5e73\u53f0_08-360x317.jpg 360w, https:\/\/seppeschina.com\/wp-content\/uploads\/2021\/04\/\u88c5\u5378\u8d27\u5e73\u53f0_08-300x264.jpg 300w, https:\/\/seppeschina.com\/wp-content\/uploads\/2021\/04\/\u88c5\u5378\u8d27\u5e73\u53f0_08-550x484.jpg 550w\" sizes=\"auto, (max-width: 600px) 100vw, 600px\" \/><\/p>\n<h3>Perfil de la Empresa<\/h3>\n<h6>Sobre nosotros<\/h6>\n<p>Fundada en 2011,<b>Seppes Door Industry (Suzhou) Co., Ltd.<\/b>\u00a0es una empresa de fabricaci\u00f3n y comercio, ubicada en Suzhou, provincia de Jiangsu, en China continental. Nos especializamos en la fabricaci\u00f3n de soluciones completas y personalizadas de sistemas de puertas de entrada para clientes industriales, lo que permite que las f\u00e1bricas operen en un entorno libre de polvo, sin ruido, con ahorro de energ\u00eda y aislamiento t\u00e9rmico, o que cumpla con otros requisitos del cliente. Nuestros principales productos son puertas de alta velocidad, puertas enrollables r\u00e1pidas, puertas enrollables autom\u00e1ticas, puertas seccionales, etc.<\/p>\n<h3><b data-spm-anchor-id=\"a2700.details.pronpeci14.i1.54614b77C31x07\">Exhibici\u00f3n de f\u00e1brica<\/b><\/h3>\n<p><img loading=\"lazy\" decoding=\"async\" class=\"aligncenter wp-image-11604 size-full\" src=\"https:\/\/seppeschina.com\/wp-content\/uploads\/2021\/03\/seppes-door6.gif\" alt=\"\" width=\"600\" height=\"358\"><\/p>\n<h3><b>Exposici\u00f3n<\/b><\/h3>\n<p>Esta es una foto grupal tomada por nuestros clientes extranjeros durante su visita a nuestra empresa, incluyendo pa\u00edses como Estados Unidos, Australia, Espa\u00f1a, Chile, Israel, entre otros.<\/p>\n<p><img loading=\"lazy\" decoding=\"async\" class=\"aligncenter wp-image-11605 size-full\" src=\"https:\/\/seppeschina.com\/wp-content\/uploads\/2021\/03\/seppes-door7.gif\" alt=\"\" width=\"600\" height=\"338\"><\/p>\n<h3>Ventajas<\/h3>\n<p><img loading=\"lazy\" decoding=\"async\" class=\"aligncenter wp-image-12004 size-full\" src=\"https:\/\/seppeschina.com\/wp-content\/uploads\/2021\/02\/\u88c5\u5378\u8d27\u5e73\u53f0_02.jpg\" alt=\"\" width=\"600\" height=\"628\" srcset=\"https:\/\/seppeschina.com\/wp-content\/uploads\/2021\/02\/\u88c5\u5378\u8d27\u5e73\u53f0_02.jpg 600w, https:\/\/seppeschina.com\/wp-content\/uploads\/2021\/02\/\u88c5\u5378\u8d27\u5e73\u53f0_02-360x377.jpg 360w, https:\/\/seppeschina.com\/wp-content\/uploads\/2021\/02\/\u88c5\u5378\u8d27\u5e73\u53f0_02-287x300.jpg 287w, https:\/\/seppeschina.com\/wp-content\/uploads\/2021\/02\/\u88c5\u5378\u8d27\u5e73\u53f0_02-24x24.jpg 24w, https:\/\/seppeschina.com\/wp-content\/uploads\/2021\/02\/\u88c5\u5378\u8d27\u5e73\u53f0_02-525x550.jpg 525w\" sizes=\"auto, (max-width: 600px) 100vw, 600px\" \/><\/p>\n<h3>Proyecto de cooperaci\u00f3n<\/h3>\n<p><img loading=\"lazy\" decoding=\"async\" class=\"aligncenter wp-image-11268\" src=\"https:\/\/seppeschina.com\/wp-content\/uploads\/2021\/03\/cooperate-project.jpg\" alt=\"\" width=\"600\" height=\"484\" srcset=\"https:\/\/seppeschina.com\/wp-content\/uploads\/2021\/03\/cooperate-project.jpg 750w, https:\/\/seppeschina.com\/wp-content\/uploads\/2021\/03\/cooperate-project-360x290.jpg 360w, https:\/\/seppeschina.com\/wp-content\/uploads\/2021\/03\/cooperate-project-600x484.jpg 600w, https:\/\/seppeschina.com\/wp-content\/uploads\/2021\/03\/cooperate-project-300x242.jpg 300w, https:\/\/seppeschina.com\/wp-content\/uploads\/2021\/03\/cooperate-project-550x444.jpg 550w\" sizes=\"auto, (max-width: 600px) 100vw, 600px\" \/><\/p>\n<h3>Nuestros socios<\/h3>\n<p>Convertirse en proveedor cooperativo de casi 60 empresas Fortune 500 como IKEA, Logitech, Fresenius, Akzo Nobel, etc.<\/p>\n<p><img loading=\"lazy\" decoding=\"async\" class=\"aligncenter wp-image-11608 size-full\" src=\"https:\/\/seppeschina.com\/wp-content\/uploads\/2021\/03\/seppes-door10.gif\" alt=\"\" width=\"600\" height=\"491\"><\/p>\n<\/div>\n<\/div>\n<\/div>\n<\/div>\n<h3>Certificaciones<\/h3>\n<p><img loading=\"lazy\" decoding=\"async\" class=\"wp-image-9887 aligncenter\" src=\"https:\/\/seppeschina.com\/wp-content\/uploads\/2019\/04\/certification.jpg\" sizes=\"auto, (max-width: 600px) 100vw, 600px\" srcset=\"https:\/\/seppeschina.com\/wp-content\/uploads\/2019\/04\/certification.jpg 750w, https:\/\/seppeschina.com\/wp-content\/uploads\/2019\/04\/certification-150x150.jpg 150w, https:\/\/seppeschina.com\/wp-content\/uploads\/2019\/04\/certification-300x300.jpg 300w, https:\/\/seppeschina.com\/wp-content\/uploads\/2019\/04\/certification-360x360.jpg 360w, https:\/\/seppeschina.com\/wp-content\/uploads\/2019\/04\/certification-600x600.jpg 600w, https:\/\/seppeschina.com\/wp-content\/uploads\/2019\/04\/certification-100x100.jpg 100w, https:\/\/seppeschina.com\/wp-content\/uploads\/2019\/04\/certification-24x24.jpg 24w, https:\/\/seppeschina.com\/wp-content\/uploads\/2019\/04\/certification-48x48.jpg 48w, https:\/\/seppeschina.com\/wp-content\/uploads\/2019\/04\/certification-96x96.jpg 96w, https:\/\/seppeschina.com\/wp-content\/uploads\/2019\/04\/certification-364x364.jpg 364w, https:\/\/seppeschina.com\/wp-content\/uploads\/2019\/04\/certification-50x50.jpg 50w, https:\/\/seppeschina.com\/wp-content\/uploads\/2019\/04\/certification-110x110.jpg 110w, https:\/\/seppeschina.com\/wp-content\/uploads\/2019\/04\/certification-275x275.jpg 275w, https:\/\/seppeschina.com\/wp-content\/uploads\/2019\/04\/certification-480x480.jpg 480w, https:\/\/seppeschina.com\/wp-content\/uploads\/2019\/04\/certification-550x550.jpg 550w\" alt=\"\" width=\"600\" height=\"600\"><\/p>\n<h3>Entrega y Embalaje<\/h3>\n<p>El nivelador de muelle se suministra desnudo o embalado en cajas de madera. Cuanto mayor sea la cantidad, mayor ser\u00e1 la probabilidad de embalaje en cajas de madera.<\/p>\n<p><img loading=\"lazy\" decoding=\"async\" class=\"aligncenter size-full wp-image-11269\" src=\"https:\/\/seppeschina.com\/wp-content\/uploads\/2021\/03\/dock-leveler-packing-.jpg\" sizes=\"auto, (max-width: 750px) 100vw, 750px\" srcset=\"https:\/\/seppeschina.com\/wp-content\/uploads\/2021\/03\/dock-leveler-packing-.jpg 750w, https:\/\/seppeschina.com\/wp-content\/uploads\/2021\/03\/dock-leveler-packing--300x300.jpg 300w, https:\/\/seppeschina.com\/wp-content\/uploads\/2021\/03\/dock-leveler-packing--150x150.jpg 150w, https:\/\/seppeschina.com\/wp-content\/uploads\/2021\/03\/dock-leveler-packing--360x360.jpg 360w, https:\/\/seppeschina.com\/wp-content\/uploads\/2021\/03\/dock-leveler-packing--600x600.jpg 600w, https:\/\/seppeschina.com\/wp-content\/uploads\/2021\/03\/dock-leveler-packing--100x100.jpg 100w, https:\/\/seppeschina.com\/wp-content\/uploads\/2021\/03\/dock-leveler-packing--24x24.jpg 24w, https:\/\/seppeschina.com\/wp-content\/uploads\/2021\/03\/dock-leveler-packing--48x48.jpg 48w, https:\/\/seppeschina.com\/wp-content\/uploads\/2021\/03\/dock-leveler-packing--96x96.jpg 96w, https:\/\/seppeschina.com\/wp-content\/uploads\/2021\/03\/dock-leveler-packing--364x364.jpg 364w, https:\/\/seppeschina.com\/wp-content\/uploads\/2021\/03\/dock-leveler-packing--50x50.jpg 50w, https:\/\/seppeschina.com\/wp-content\/uploads\/2021\/03\/dock-leveler-packing--110x110.jpg 110w, https:\/\/seppeschina.com\/wp-content\/uploads\/2021\/03\/dock-leveler-packing--275x275.jpg 275w, https:\/\/seppeschina.com\/wp-content\/uploads\/2021\/03\/dock-leveler-packing--480x480.jpg 480w, https:\/\/seppeschina.com\/wp-content\/uploads\/2021\/03\/dock-leveler-packing--550x550.jpg 550w\" alt=\"\" width=\"750\" height=\"750\"><\/p>\n<h3>Preguntas Frecuentes<\/h3>\n<p><b data-spm-anchor-id=\"a2700.custom-template.0.i2.744b3333rK4wob\">P: \u00bfQu\u00e9 tipo de motor tiene el nivelador de muelle?<\/b><\/p>\n<p>R: Motor servo, 220V - 0.75 KW - 50HZ - 1 fase.<\/p>\n<p><b data-spm-anchor-id=\"a2700.custom-template.0.i4.744b3333nwf5MP\">P: \u00bfCu\u00e1nto espacio se requiere para la instalaci\u00f3n?<\/b><\/p>\n<p>R: Colocado horizontalmente, alineado con la plataforma del cami\u00f3n y el refugio de muelle.<\/p>\n<p><b data-spm-anchor-id=\"a2700.custom-template.0.i5.744b3333nwf5MP\">P: \u00bfCu\u00e1nto tiempo puede utilizarse?<\/b><\/p>\n<p>R: Aproximadamente 8-10 a\u00f1os.<\/p>\n<p><b data-spm-anchor-id=\"a2700.custom-template.0.i119.744b3333qJk7Hp\">P: \u00bfEn qu\u00e9 tipo de lugar puede utilizarse el nivelador de muelle?<\/b><\/p>\n<p>R: Ampliamente utilizado en log\u00edstica de alimentos, medicamentos y otros sectores, as\u00ed como en c\u00e1maras frigor\u00edficas que requieren una limpieza relativamente alta.<\/p>\n<p><span style=\"color: #333300;\"><b>P: \u00bfC\u00f3mo funciona el nivelador de muelle?<\/b><\/span><\/p>\n<p>R: Funciona de manera coordinada mediante el sistema de control, la unidad electrohidr\u00e1ulica, la placa de ajuste y la placa de leng\u00fceta.<\/p>","protected":false},"excerpt":{"rendered":"<p>Accionamiento\/Elevaci\u00f3n: Hidr\u00e1ulico<br \/>\nPotencia: 0.75 kW<br \/>\nDimensiones Totales: 2.5*2*0.55 m<br \/>\nPeso: 1800 kg<br \/>\nGarant\u00eda: 1 A\u00f1o<br \/>\nServicio Postventa Ofrecido: Soporte disponible a trav\u00e9s de terceros en el extranjero<br \/>\nColor: Azul y negro<br \/>\nVoltaje: Voltaje Local<br \/>\nTipo: Estacionario<br \/>\nMaterial: Estructura de Acero de Alta Resistencia<br \/>\nAplicaci\u00f3n: Almac\u00e9n<br \/>\nCaracter\u00edstica: Operaci\u00f3n Sencilla, Seguridad, Conveniencia<br \/>\nPlataforma: Placa Antideslizante de Dise\u00f1o Ajedrezado<\/p>","protected":false},"featured_media":10392,"comment_status":"open","ping_status":"closed","template":"","meta":[],"product_brand":[],"product_cat":[243],"product_tag":[336],"class_list":{"0":"post-11128","1":"product","2":"type-product","3":"status-publish","4":"has-post-thumbnail","6":"product_cat-dock-leveler","7":"product_tag-seppes-warehouse-dock-leveler","10":"first","11":"instock","12":"shipping-taxable","13":"product-type-simple"},"_links":{"self":[{"href":"https:\/\/seppeschina.com\/es\/wp-json\/wp\/v2\/product\/11128","targetHints":{"allow":["GET"]}}],"collection":[{"href":"https:\/\/seppeschina.com\/es\/wp-json\/wp\/v2\/product"}],"about":[{"href":"https:\/\/seppeschina.com\/es\/wp-json\/wp\/v2\/types\/product"}],"replies":[{"embeddable":true,"href":"https:\/\/seppeschina.com\/es\/wp-json\/wp\/v2\/comments?post=11128"}],"wp:featuredmedia":[{"embeddable":true,"href":"https:\/\/seppeschina.com\/es\/wp-json\/wp\/v2\/media\/10392"}],"wp:attachment":[{"href":"https:\/\/seppeschina.com\/es\/wp-json\/wp\/v2\/media?parent=11128"}],"wp:term":[{"taxonomy":"product_brand","embeddable":true,"href":"https:\/\/seppeschina.com\/es\/wp-json\/wp\/v2\/product_brand?post=11128"},{"taxonomy":"product_cat","embeddable":true,"href":"https:\/\/seppeschina.com\/es\/wp-json\/wp\/v2\/product_cat?post=11128"},{"taxonomy":"product_tag","embeddable":true,"href":"https:\/\/seppeschina.com\/es\/wp-json\/wp\/v2\/product_tag?post=11128"}],"curies":[{"name":"wp","href":"https:\/\/api.w.org\/{rel}","templated":true}]}}