{"id":11135,"date":"2021-02-05T16:08:10","date_gmt":"2021-02-05T08:08:10","guid":{"rendered":"https:\/\/seppeschina.com\/?post_type=product&#038;p=11135"},"modified":"2025-05-19T16:14:44","modified_gmt":"2025-05-19T08:14:44","slug":"seppes-puertas-rapidas-de-traba-multiple","status":"publish","type":"product","link":"https:\/\/seppeschina.com\/es\/product\/seppes-interlocking-high-speed-doors\/","title":{"rendered":"Puertas de Alta Velocidad Interconectadas SEPPES"},"content":{"rendered":"<div style=\"width: 544px;\" class=\"wp-video\"><video class=\"wp-video-shortcode\" id=\"video-11135-1\" width=\"544\" height=\"960\" preload=\"metadata\" controls=\"controls\"><source type=\"video\/mp4\" src=\"https:\/\/seppeschina.com\/wp-content\/uploads\/2021\/02\/interlocking-fast-door.mp4?_=1\" \/><a href=\"https:\/\/seppeschina.com\/wp-content\/uploads\/2021\/02\/interlocking-fast-door.mp4\">https:\/\/seppeschina.com\/wp-content\/uploads\/2021\/02\/interlocking-fast-door.mp4<\/a><\/video><\/div>\n<h3>Descripci\u00f3n<\/h3>\n<p>Las Puertas R\u00e1pidas de Interconexi\u00f3n SEPPES se refieren a la funci\u00f3n de interconexi\u00f3n y bloqueo de dos o m\u00faltiples puertas r\u00e1pidas en los pasillos de la f\u00e1brica. Generalmente se utilizan en ambos extremos de los t\u00faneles de la f\u00e1brica. El prop\u00f3sito es mantener el ambiente interior limpio o evitar la p\u00e9rdida de temperatura interna. En condiciones normales, es dif\u00edcil que una sola puerta r\u00e1pida cumpla con este requisito.<\/p>\n<p><img loading=\"lazy\" decoding=\"async\" class=\"aligncenter size-full wp-image-11137\" src=\"https:\/\/seppeschina.com\/wp-content\/uploads\/2021\/02\/interlocking-fast-door-2.jpg\" alt=\"\" width=\"750\" height=\"750\" srcset=\"https:\/\/seppeschina.com\/wp-content\/uploads\/2021\/02\/interlocking-fast-door-2.jpg 750w, https:\/\/seppeschina.com\/wp-content\/uploads\/2021\/02\/interlocking-fast-door-2-360x360.jpg 360w, https:\/\/seppeschina.com\/wp-content\/uploads\/2021\/02\/interlocking-fast-door-2-100x100.jpg 100w, https:\/\/seppeschina.com\/wp-content\/uploads\/2021\/02\/interlocking-fast-door-2-600x600.jpg 600w, https:\/\/seppeschina.com\/wp-content\/uploads\/2021\/02\/interlocking-fast-door-2-300x300.jpg 300w, https:\/\/seppeschina.com\/wp-content\/uploads\/2021\/02\/interlocking-fast-door-2-150x150.jpg 150w, https:\/\/seppeschina.com\/wp-content\/uploads\/2021\/02\/interlocking-fast-door-2-24x24.jpg 24w, https:\/\/seppeschina.com\/wp-content\/uploads\/2021\/02\/interlocking-fast-door-2-48x48.jpg 48w, https:\/\/seppeschina.com\/wp-content\/uploads\/2021\/02\/interlocking-fast-door-2-96x96.jpg 96w, https:\/\/seppeschina.com\/wp-content\/uploads\/2021\/02\/interlocking-fast-door-2-364x364.jpg 364w, https:\/\/seppeschina.com\/wp-content\/uploads\/2021\/02\/interlocking-fast-door-2-50x50.jpg 50w, https:\/\/seppeschina.com\/wp-content\/uploads\/2021\/02\/interlocking-fast-door-2-110x110.jpg 110w, https:\/\/seppeschina.com\/wp-content\/uploads\/2021\/02\/interlocking-fast-door-2-275x275.jpg 275w, https:\/\/seppeschina.com\/wp-content\/uploads\/2021\/02\/interlocking-fast-door-2-480x480.jpg 480w, https:\/\/seppeschina.com\/wp-content\/uploads\/2021\/02\/interlocking-fast-door-2-550x550.jpg 550w\" sizes=\"auto, (max-width: 750px) 100vw, 750px\" \/><\/p>\n<h3>Caracter\u00edsticas de la puerta:<\/h3>\n<p>1. Interconexi\u00f3n: En t\u00e9rminos simples, significa que cuando una puerta est\u00e1 en estado abierto, la otra puerta permanece en estado cerrado. Se mantienen dos o m\u00e1s puertas que no pueden abrirse simult\u00e1neamente, lo que refleja la naturaleza de interconexi\u00f3n de las puertas.<\/p>\n<p>2. Inteligencia: La puerta r\u00e1pida de interconexi\u00f3n con control de frecuencia y pantalla inteligente no solo puede controlar la operaci\u00f3n de la puerta a tiempo. Si ocurre una falla, puede resolverse oportunamente y reducir los costos de mantenimiento.<\/p>\n<p>3. <span class=\"VIiyi\" lang=\"en\"><span class=\"JLqJ4b ChMk0b\" data-language-for-alternatives=\"en\" data-language-to-translate-into=\"zh-CN\" data-phrase-index=\"0\">Estanqueidad<\/span><\/span> 4. Estanqueidad: La puerta enrollable r\u00e1pida est\u00e1 sellada con doble fila de cepillos de alta densidad, es a prueba de polvo e insectos, y es f\u00e1cil de desmontar e instalar.<\/p>\n<p>4. M\u00faltiples funciones: inducci\u00f3n ge\u00f3magn\u00e9tica para veh\u00edculos, radar de inducci\u00f3n infrarroja para personas, control remoto, acceso con tarjeta por clave, interruptor de cuerda, control remoto Bluetooth, etc. para abrir la puerta.<\/p>\n<p>5. Alta velocidad: La puerta enrollable r\u00e1pida de interconexi\u00f3n para pasillos de taller funciona hasta 1000 veces\/d\u00eda, con arranque y parada suaves, lo que reduce el desgaste del motor y aumenta su vida \u00fatil.<\/p>\n<p>6. Resistencia al viento: Despu\u00e9s de equipar la puerta r\u00e1pida de enrollar con refuerzos resistentes al viento, puede usarse en sitios con presi\u00f3n de viento superior al nivel 6.<\/p>\n<p>7. Vinculaci\u00f3n: Cuando nuestra puerta se instala en equipos, env\u00eda una se\u00f1al al equipo para mantener la puerta y el equipo funcionando simult\u00e1neamente, por lo que nuestra puerta tiene cierta capacidad de vinculaci\u00f3n, lo que facilita enormemente a las f\u00e1bricas, como en salas de aire, cintas transportadoras, montacargas, etc., que utilizan esta puerta.<\/p>\n<p><img loading=\"lazy\" decoding=\"async\" class=\"aligncenter size-full wp-image-11142\" src=\"https:\/\/seppeschina.com\/wp-content\/uploads\/2021\/02\/interlocking-fast-door-1.jpg\" alt=\"\" width=\"750\" height=\"750\" srcset=\"https:\/\/seppeschina.com\/wp-content\/uploads\/2021\/02\/interlocking-fast-door-1.jpg 750w, https:\/\/seppeschina.com\/wp-content\/uploads\/2021\/02\/interlocking-fast-door-1-360x360.jpg 360w, https:\/\/seppeschina.com\/wp-content\/uploads\/2021\/02\/interlocking-fast-door-1-100x100.jpg 100w, https:\/\/seppeschina.com\/wp-content\/uploads\/2021\/02\/interlocking-fast-door-1-600x600.jpg 600w, https:\/\/seppeschina.com\/wp-content\/uploads\/2021\/02\/interlocking-fast-door-1-300x300.jpg 300w, https:\/\/seppeschina.com\/wp-content\/uploads\/2021\/02\/interlocking-fast-door-1-150x150.jpg 150w, https:\/\/seppeschina.com\/wp-content\/uploads\/2021\/02\/interlocking-fast-door-1-24x24.jpg 24w, https:\/\/seppeschina.com\/wp-content\/uploads\/2021\/02\/interlocking-fast-door-1-48x48.jpg 48w, https:\/\/seppeschina.com\/wp-content\/uploads\/2021\/02\/interlocking-fast-door-1-96x96.jpg 96w, https:\/\/seppeschina.com\/wp-content\/uploads\/2021\/02\/interlocking-fast-door-1-364x364.jpg 364w, https:\/\/seppeschina.com\/wp-content\/uploads\/2021\/02\/interlocking-fast-door-1-50x50.jpg 50w, https:\/\/seppeschina.com\/wp-content\/uploads\/2021\/02\/interlocking-fast-door-1-110x110.jpg 110w, https:\/\/seppeschina.com\/wp-content\/uploads\/2021\/02\/interlocking-fast-door-1-275x275.jpg 275w, https:\/\/seppeschina.com\/wp-content\/uploads\/2021\/02\/interlocking-fast-door-1-480x480.jpg 480w, https:\/\/seppeschina.com\/wp-content\/uploads\/2021\/02\/interlocking-fast-door-1-550x550.jpg 550w\" sizes=\"auto, (max-width: 750px) 100vw, 750px\" \/><\/p>\n<p>Este m\u00e9todo es especialmente adecuado para entornos de instalaci\u00f3n complejos, y el tama\u00f1o, color y m\u00e9todo de apertura de la puerta pueden personalizarse.<\/p>\n<h6><b>Selecci\u00f3n de colores<\/b><\/h6>\n<div class=\"J_module\">\n<div class=\"detail-decorate-json-renderer-container\">\n<div class=\"magic-4\">\n<div class=\"magic-26\">\n<div class=\"magic-6\">\n<div class=\"magic-7\" data-id=\"paragraph0\">\n<div class=\"magic-39\" data-spm-anchor-id=\"a2700.details.pronpeci14.i4.12355170Y9xOFu\"><b class=\"magic-40\"><span class=\"magic-25\">Azul: RAL:5002,\u00a0<\/span><\/b><b class=\"magic-40\"><span class=\"magic-25\">Amarillo: RAL:1003,\u00a0<\/span><\/b><b class=\"magic-40\"><span class=\"magic-25\"><span class=\"magic-24\">Gris: RAL:<\/span>9006<\/span><\/b><\/div>\n<\/div>\n<\/div>\n<\/div>\n<div class=\"magic-26\">\n<div class=\"magic-6\">\n<div class=\"magic-7\" data-id=\"paragraph2\">\n<div>\n<div class=\"magic-26\">\n<div class=\"magic-6\">\n<div class=\"magic-7\" data-id=\"paragraph0\">\n<div class=\"magic-39\" data-spm-anchor-id=\"a2700.details.pronpeci14.i5.12355170Y9xOFu\"><b class=\"magic-40\"><span class=\"magic-25\">Rojo: RAL:3002,\u00a0<\/span><\/b><b><span class=\"magic-25\">Naranja: RAL:2004,\u00a0<\/span><\/b><b class=\"magic-40\"><span class=\"magic-25\">Blanco: RAL:9003<\/span><\/b><\/div>\n<\/div>\n<\/div>\n<\/div>\n<\/div>\n<\/div>\n<\/div>\n<\/div>\n<\/div>\n<\/div>\n<\/div>\n<div class=\"J_module\">\n<div class=\"detail-decorate-json-renderer-container\">\n<div class=\"magic-4\">\n<div class=\"magic-26\">\n<div class=\"magic-27\"><\/div>\n<\/div>\n<\/div>\n<\/div>\n<\/div>\n<p><img loading=\"lazy\" decoding=\"async\" class=\"aligncenter wp-image-9862\" src=\"https:\/\/seppeschina.com\/wp-content\/uploads\/2019\/04\/color750.png\" sizes=\"auto, (max-width: 600px) 100vw, 600px\" srcset=\"https:\/\/seppeschina.com\/wp-content\/uploads\/2019\/04\/color750.png 750w, https:\/\/seppeschina.com\/wp-content\/uploads\/2019\/04\/color750-150x150.png 150w, https:\/\/seppeschina.com\/wp-content\/uploads\/2019\/04\/color750-300x300.png 300w, https:\/\/seppeschina.com\/wp-content\/uploads\/2019\/04\/color750-360x360.png 360w, https:\/\/seppeschina.com\/wp-content\/uploads\/2019\/04\/color750-600x600.png 600w, https:\/\/seppeschina.com\/wp-content\/uploads\/2019\/04\/color750-100x100.png 100w, https:\/\/seppeschina.com\/wp-content\/uploads\/2019\/04\/color750-24x24.png 24w, https:\/\/seppeschina.com\/wp-content\/uploads\/2019\/04\/color750-48x48.png 48w, https:\/\/seppeschina.com\/wp-content\/uploads\/2019\/04\/color750-96x96.png 96w, https:\/\/seppeschina.com\/wp-content\/uploads\/2019\/04\/color750-364x364.png 364w, https:\/\/seppeschina.com\/wp-content\/uploads\/2019\/04\/color750-50x50.png 50w, https:\/\/seppeschina.com\/wp-content\/uploads\/2019\/04\/color750-110x110.png 110w, https:\/\/seppeschina.com\/wp-content\/uploads\/2019\/04\/color750-275x275.png 275w, https:\/\/seppeschina.com\/wp-content\/uploads\/2019\/04\/color750-480x480.png 480w, https:\/\/seppeschina.com\/wp-content\/uploads\/2019\/04\/color750-550x550.png 550w\" alt=\"\" width=\"600\" height=\"600\"><\/p>\n<h3>Perfil de la Empresa<\/h3>\n<h6>Sobre nosotros<\/h6>\n<p>Fundada en 2011,<b>Seppes Door Industry (Suzhou) Co., Ltd.<\/b>\u00a0es una empresa de fabricaci\u00f3n y comercio, ubicada en Suzhou, provincia de Jiangsu, en China continental. Nos especializamos en la fabricaci\u00f3n de soluciones completas y personalizadas de sistemas de puertas de entrada para clientes industriales, lo que permite que las f\u00e1bricas operen en un entorno libre de polvo, sin ruido, con ahorro de energ\u00eda y aislamiento t\u00e9rmico, o que cumpla con otros requisitos del cliente. Nuestros principales productos son puertas de alta velocidad, puertas enrollables r\u00e1pidas, puertas enrollables autom\u00e1ticas, puertas seccionales, etc.<\/p>\n<h3><b data-spm-anchor-id=\"a2700.details.pronpeci14.i1.54614b77C31x07\">Exhibici\u00f3n de f\u00e1brica<\/b><\/h3>\n<p><img loading=\"lazy\" decoding=\"async\" class=\"aligncenter wp-image-11604 size-full\" src=\"https:\/\/seppeschina.com\/wp-content\/uploads\/2021\/03\/seppes-door6.gif\" alt=\"\" width=\"600\" height=\"358\"><\/p>\n<h3><b>Exposici\u00f3n<\/b><\/h3>\n<p>Esta es una foto grupal tomada por nuestros clientes extranjeros durante su visita a nuestra empresa, incluyendo pa\u00edses como Estados Unidos, Australia, Espa\u00f1a, Chile, Israel, entre otros.<\/p>\n<p><img loading=\"lazy\" decoding=\"async\" class=\"aligncenter wp-image-11605 size-full\" src=\"https:\/\/seppeschina.com\/wp-content\/uploads\/2021\/03\/seppes-door7.gif\" alt=\"\" width=\"600\" height=\"338\"><\/p>\n<h3>Nuestros socios<\/h3>\n<p>Convertirse en proveedor cooperativo de casi 60 empresas Fortune 500 como IKEA, Logitech, Fresenius, Akzo Nobel, etc.<\/p>\n<p><img loading=\"lazy\" decoding=\"async\" class=\"aligncenter wp-image-11608 size-full\" src=\"https:\/\/seppeschina.com\/wp-content\/uploads\/2021\/03\/seppes-door10.gif\" alt=\"\" width=\"600\" height=\"491\"><\/p>\n<h3>Certificaciones<\/h3>\n<p><img loading=\"lazy\" decoding=\"async\" class=\"wp-image-9887 aligncenter\" src=\"https:\/\/seppeschina.com\/wp-content\/uploads\/2019\/04\/certification.jpg\" sizes=\"auto, (max-width: 600px) 100vw, 600px\" srcset=\"https:\/\/seppeschina.com\/wp-content\/uploads\/2019\/04\/certification.jpg 750w, https:\/\/seppeschina.com\/wp-content\/uploads\/2019\/04\/certification-150x150.jpg 150w, https:\/\/seppeschina.com\/wp-content\/uploads\/2019\/04\/certification-300x300.jpg 300w, https:\/\/seppeschina.com\/wp-content\/uploads\/2019\/04\/certification-360x360.jpg 360w, https:\/\/seppeschina.com\/wp-content\/uploads\/2019\/04\/certification-600x600.jpg 600w, https:\/\/seppeschina.com\/wp-content\/uploads\/2019\/04\/certification-100x100.jpg 100w, https:\/\/seppeschina.com\/wp-content\/uploads\/2019\/04\/certification-24x24.jpg 24w, https:\/\/seppeschina.com\/wp-content\/uploads\/2019\/04\/certification-48x48.jpg 48w, https:\/\/seppeschina.com\/wp-content\/uploads\/2019\/04\/certification-96x96.jpg 96w, https:\/\/seppeschina.com\/wp-content\/uploads\/2019\/04\/certification-364x364.jpg 364w, https:\/\/seppeschina.com\/wp-content\/uploads\/2019\/04\/certification-50x50.jpg 50w, https:\/\/seppeschina.com\/wp-content\/uploads\/2019\/04\/certification-110x110.jpg 110w, https:\/\/seppeschina.com\/wp-content\/uploads\/2019\/04\/certification-275x275.jpg 275w, https:\/\/seppeschina.com\/wp-content\/uploads\/2019\/04\/certification-480x480.jpg 480w, https:\/\/seppeschina.com\/wp-content\/uploads\/2019\/04\/certification-550x550.jpg 550w\" alt=\"\" width=\"600\" height=\"600\"><\/p>\n<h3>Ventajas<\/h3>\n<p><img loading=\"lazy\" decoding=\"async\" class=\"aligncenter size-full wp-image-11976\" src=\"https:\/\/seppeschina.com\/wp-content\/uploads\/2019\/04\/%E5%BF%AB%E9%80%9F%E9%97%A8_02.gif\" alt=\"\" width=\"600\" height=\"797\"><\/p>\n<p>1.\u00a0<strong>Conveniente<\/strong>: Dise\u00f1o innovador de interfaz hombre-m\u00e1quina; interfaz de uso y mantenimiento conveniente.<\/p>\n<p>2.\u00a0<strong>R\u00e1pida<\/strong>: Cientos de ciclos diarios de apertura y cierre; velocidad de apertura de 1.0-1.2 m\/s.<\/p>\n<p>3.\u00a0<strong>Resistencia<\/strong>: Utiliza cortina de tejido de PVC de alta resistencia de base de marca importada con funci\u00f3n de autolimpieza superficial.<\/p>\n<p>4.\u00a0<strong>Estanqueidad<\/strong>: Equipada con un innovador cepillo sellador tipo casete de doble fila.<\/p>\n<p>5.\u00a0<strong>Estabilidad<\/strong>: Equipada con sistema de control de marca alemana; unidad de accionamiento servo de alta precisi\u00f3n.<\/p>\n<p>6.\u00a0<strong>Inteligente<\/strong>: Chip inteligente loT integrado para lograr una integraci\u00f3n inteligente y potente.<\/p>\n<p>7.\u00a0<strong>Est\u00e9tica<\/strong>: Utiliza marco de puerta con corte l\u00e1ser autom\u00e1tico y componentes de precisi\u00f3n.<\/p>\n<p>8.\u00a0<b data-spm-anchor-id=\"a2700.details.pronpeci14.i8.12355170Y9xOFu\">Seguridad<\/b>: Dispositivo de protecci\u00f3n de seguridad est\u00e1ndar anti-atrapamiento por infrarrojos.<\/p>\n<h3>Casos de aplicaci\u00f3n<\/h3>\n<p><img loading=\"lazy\" decoding=\"async\" class=\"aligncenter wp-image-11612 size-full\" src=\"https:\/\/seppeschina.com\/wp-content\/uploads\/2021\/03\/seppes-door2.jpg\" sizes=\"auto, (max-width: 600px) 100vw, 600px\" srcset=\"https:\/\/seppeschina.com\/wp-content\/uploads\/2021\/03\/seppes-door2.jpg 600w, https:\/\/seppeschina.com\/wp-content\/uploads\/2021\/03\/seppes-door2-249x300.jpg 249w, https:\/\/seppeschina.com\/wp-content\/uploads\/2021\/03\/seppes-door2-360x434.jpg 360w, https:\/\/seppeschina.com\/wp-content\/uploads\/2021\/03\/seppes-door2-456x550.jpg 456w\" alt=\"\" width=\"600\" height=\"723\"><\/p>\n<h3>Entrega y Embalaje<\/h3>\n<p>Nuestro m\u00e9todo de embalaje es caja de madera, y los m\u00e9todos de transporte incluyen mensajer\u00eda, a\u00e9reo y mar\u00edtimo. Normalmente 3-7 d\u00edas despu\u00e9s de realizar el pedido.<\/p>\n<p><img loading=\"lazy\" decoding=\"async\" class=\"wp-image-9880 aligncenter\" src=\"https:\/\/seppeschina.com\/wp-content\/uploads\/2019\/04\/shipping.jpg\" sizes=\"auto, (max-width: 600px) 100vw, 600px\" srcset=\"https:\/\/seppeschina.com\/wp-content\/uploads\/2019\/04\/shipping.jpg 750w, https:\/\/seppeschina.com\/wp-content\/uploads\/2019\/04\/shipping-150x150.jpg 150w, https:\/\/seppeschina.com\/wp-content\/uploads\/2019\/04\/shipping-300x300.jpg 300w, https:\/\/seppeschina.com\/wp-content\/uploads\/2019\/04\/shipping-360x360.jpg 360w, https:\/\/seppeschina.com\/wp-content\/uploads\/2019\/04\/shipping-600x600.jpg 600w, https:\/\/seppeschina.com\/wp-content\/uploads\/2019\/04\/shipping-100x100.jpg 100w, https:\/\/seppeschina.com\/wp-content\/uploads\/2019\/04\/shipping-24x24.jpg 24w, https:\/\/seppeschina.com\/wp-content\/uploads\/2019\/04\/shipping-48x48.jpg 48w, https:\/\/seppeschina.com\/wp-content\/uploads\/2019\/04\/shipping-96x96.jpg 96w, https:\/\/seppeschina.com\/wp-content\/uploads\/2019\/04\/shipping-364x364.jpg 364w, https:\/\/seppeschina.com\/wp-content\/uploads\/2019\/04\/shipping-50x50.jpg 50w, https:\/\/seppeschina.com\/wp-content\/uploads\/2019\/04\/shipping-110x110.jpg 110w, https:\/\/seppeschina.com\/wp-content\/uploads\/2019\/04\/shipping-275x275.jpg 275w, https:\/\/seppeschina.com\/wp-content\/uploads\/2019\/04\/shipping-480x480.jpg 480w, https:\/\/seppeschina.com\/wp-content\/uploads\/2019\/04\/shipping-550x550.jpg 550w\" alt=\"\" width=\"600\" height=\"600\"><\/p>\n<h3>Preguntas Frecuentes<\/h3>\n<p><span style=\"color: #ff0000;\"><strong>P: \u00bfQu\u00e9 hay sobre la potencia y el voltaje?<\/strong><\/span><\/p>\n<p><strong>R: Se puede personalizar. Normalmente 220V, 0.75KW, 50HZ, monof\u00e1sico.<\/strong><\/p>\n<p><span style=\"color: #ff0000;\"><strong>P\uff1a\u00bfQu\u00e9 materiales de marco para puerta r\u00e1pida se pueden elegir?<\/strong><\/span><\/p>\n<p><strong>R: Marco de puerta de acero pintado, marco de puerta SUS304 \/316, marco de puerta de aleaci\u00f3n de aluminio.<\/strong><\/p>\n<p><span style=\"color: #ff0000;\"><strong>P\uff1a\u00bfCu\u00e1l es el precio de una puerta r\u00e1pida?<\/strong><\/span><\/p>\n<p><strong>R\uff1aDepende de su tama\u00f1o y otros dispositivos.<\/strong><\/p>\n<p><span style=\"color: #ff0000;\"><strong>P\uff1a\u00bfC\u00f3mo elegir la f\u00e1brica de puertas r\u00e1pidas?<\/strong><\/span><\/p>\n<p><strong>R: Certificados: SGS, CE, m\u00e1s de 10 a\u00f1os de experiencia.<\/strong><\/p>\n<p><span style=\"color: #ff0000;\"><strong>P\uff1a\u00bfPodemos instalar la puerta r\u00e1pida nosotros mismos?<\/strong><\/span><\/p>\n<p><strong>R: S\u00ed, muy simple. Podemos proporcionar manual de instalaci\u00f3n en ingl\u00e9s y videos gu\u00eda.\u00a0<\/strong><\/p>\n<p><span style=\"color: #ff0000;\"><strong>P\uff1a\u00bfCu\u00e1nto tiempo puede durar?<\/strong><\/span><\/p>\n<p><strong>R: Aproximadamente 10-15 a\u00f1os.<\/strong><\/p>\n<p><span style=\"color: #ff0000;\"><strong>P\uff1a\u00bfCu\u00e1les son los m\u00e9todos de apertura autom\u00e1tica \/ inteligente de la puerta r\u00e1pida?<\/strong><\/span><\/p>\n<p><strong>R\uff1aBot\u00f3n de empuje manual, dispositivo sensor de movimiento autom\u00e1tico, inducci\u00f3n por lazo, interruptor de tracci\u00f3n, tarjeta de proximidad, vinculado con PLC o AGV.<\/strong><\/p>","protected":false},"excerpt":{"rendered":"<p>Tama\u00f1o m\u00e1ximo: ancho 6000 mm, altura 8000 mm<br \/>\nCiclos de apertura diarios: 500-800 veces<br \/>\nColor: naranja, azul, gris, amarillo y personalizado<br \/>\nVelocidad de apertura: M\u00e1x. 2,0 m\/s (ajustable)<br \/>\nM\u00e9todos de operaci\u00f3n: Botones, Radar, Control Remoto<br \/>\nAlimentaci\u00f3n el\u00e9ctrica: Monof\u00e1sica 220V, o Trif\u00e1sica 380V<br \/>\nPotencia: 0,75-1,5 KW<br \/>\nNivel de resistencia al viento: 6-7 (distancia dentro de 9 m\u00b2)<\/p>","protected":false},"featured_media":11138,"comment_status":"open","ping_status":"closed","template":"","meta":[],"product_brand":[],"product_cat":[309],"product_tag":[337],"class_list":{"0":"post-11135","1":"product","2":"type-product","3":"status-publish","4":"has-post-thumbnail","6":"product_cat-high-speed-door","7":"product_tag-seppes-interlocking-fast-door","10":"first","11":"instock","12":"shipping-taxable","13":"product-type-simple"},"_links":{"self":[{"href":"https:\/\/seppeschina.com\/es\/wp-json\/wp\/v2\/product\/11135","targetHints":{"allow":["GET"]}}],"collection":[{"href":"https:\/\/seppeschina.com\/es\/wp-json\/wp\/v2\/product"}],"about":[{"href":"https:\/\/seppeschina.com\/es\/wp-json\/wp\/v2\/types\/product"}],"replies":[{"embeddable":true,"href":"https:\/\/seppeschina.com\/es\/wp-json\/wp\/v2\/comments?post=11135"}],"wp:featuredmedia":[{"embeddable":true,"href":"https:\/\/seppeschina.com\/es\/wp-json\/wp\/v2\/media\/11138"}],"wp:attachment":[{"href":"https:\/\/seppeschina.com\/es\/wp-json\/wp\/v2\/media?parent=11135"}],"wp:term":[{"taxonomy":"product_brand","embeddable":true,"href":"https:\/\/seppeschina.com\/es\/wp-json\/wp\/v2\/product_brand?post=11135"},{"taxonomy":"product_cat","embeddable":true,"href":"https:\/\/seppeschina.com\/es\/wp-json\/wp\/v2\/product_cat?post=11135"},{"taxonomy":"product_tag","embeddable":true,"href":"https:\/\/seppeschina.com\/es\/wp-json\/wp\/v2\/product_tag?post=11135"}],"curies":[{"name":"wp","href":"https:\/\/api.w.org\/{rel}","templated":true}]}}