{"id":11215,"date":"2021-03-04T12:15:23","date_gmt":"2021-03-04T04:15:23","guid":{"rendered":"https:\/\/seppeschina.com\/?post_type=product&#038;p=11215"},"modified":"2025-05-19T15:52:06","modified_gmt":"2025-05-19T07:52:06","slug":"puerta-de-apilamiento-de-alta-velocidad-amarilla-seppes","status":"publish","type":"product","link":"https:\/\/seppeschina.com\/es\/product\/seppes-yellow-high-speed-stacking-door\/","title":{"rendered":"SEPPES Puerta de Apilamiento de Alta Velocidad Amarilla"},"content":{"rendered":"<h3><span style=\"color: #3366ff;\"><strong>Descripci\u00f3n del Producto<\/strong><\/span><\/h3>\n<p><strong>Puerta de Alta Velocidad de Apilamiento<\/strong> \u00a0Adopta un m\u00e9todo de elevaci\u00f3n plegable y m\u00faltiples barras horizontales antiviento integradas o externas, de modo que la presi\u00f3n del viento se distribuya uniformemente en toda la cortina, pudiendo resistir vientos de aproximadamente fuerza 10, y su resistencia al viento es mucho mayor que la de las puertas enrollables r\u00e1pidas convencionales de tipo tambor, siendo especialmente adecuada para canales log\u00edsticos y entornos con aberturas de gran superficie.<\/p>\n<p><img loading=\"lazy\" decoding=\"async\" class=\"aligncenter wp-image-11078\" src=\"https:\/\/seppeschina.com\/wp-content\/uploads\/2021\/01\/\u6d4e\u6e90\u94a2\u94c1-1.jpg\" alt=\"\" width=\"600\" height=\"450\" srcset=\"https:\/\/seppeschina.com\/wp-content\/uploads\/2021\/01\/\u6d4e\u6e90\u94a2\u94c1-1.jpg 1440w, https:\/\/seppeschina.com\/wp-content\/uploads\/2021\/01\/\u6d4e\u6e90\u94a2\u94c1-1-360x270.jpg 360w, https:\/\/seppeschina.com\/wp-content\/uploads\/2021\/01\/\u6d4e\u6e90\u94a2\u94c1-1-600x450.jpg 600w, https:\/\/seppeschina.com\/wp-content\/uploads\/2021\/01\/\u6d4e\u6e90\u94a2\u94c1-1-300x225.jpg 300w, https:\/\/seppeschina.com\/wp-content\/uploads\/2021\/01\/\u6d4e\u6e90\u94a2\u94c1-1-1024x768.jpg 1024w, https:\/\/seppeschina.com\/wp-content\/uploads\/2021\/01\/\u6d4e\u6e90\u94a2\u94c1-1-768x576.jpg 768w, https:\/\/seppeschina.com\/wp-content\/uploads\/2021\/01\/\u6d4e\u6e90\u94a2\u94c1-1-550x413.jpg 550w\" sizes=\"auto, (max-width: 600px) 100vw, 600px\" \/><\/p>\n<div class=\"J_module\">\n<h3 id=\"ali-anchor-AliMagic-859kg7\" class=\"magic-3\" data-section=\"AliMagic-859kg7\" data-section-title=\"Details of products\" data-spm-anchor-id=\"a2700.details.pronpeci14.i1.7e7c6220zGAGVA\"><span style=\"color: #3366ff;\"><strong>Detalles de los productos<\/strong><\/span><\/h3>\n<\/div>\n<div class=\"J_module\">\n<div class=\"ife-detail-decorate-table\">\n<ol>\n<li><strong>Nombre del producto<\/strong>: Puerta de apilamiento de alta velocidad<\/li>\n<li><strong>Espesor de la cortina de puerta<\/strong>: 9mm<\/li>\n<li><strong>Garant\u00eda<\/strong>: 13 meses<\/li>\n<li><strong>Material de la cortina de la puerta<\/strong>: PVC (Policloruro de vinilo), banda de nailon<\/li>\n<li><strong>N\u00famero de modelo<\/strong>: HSZD<\/li>\n<li><strong>Motor<\/strong>: Marca alemana<\/li>\n<li><strong>Marco de la puerta<\/strong>: opcional acero inoxidable 304, aleaci\u00f3n de aluminio, acero con pintura recubierta<\/li>\n<li><strong>Tama\u00f1o de la puerta<\/strong>: Ancho m\u00e1ximo 12m, Altura m\u00e1xima 10m; tama\u00f1o personalizado<\/li>\n<li><strong>Velocidad de apertura<\/strong>: 6-0.8m\/s, ajustable<\/li>\n<li><strong>Potencia<\/strong>: 1.5KW (hasta 25 metros cuadrados); 2.2KW (hasta 40 metros cuadrados)<\/li>\n<li><strong>Voltaje<\/strong>: 220V o 380V<\/li>\n<li><strong>Servicio postventa<\/strong>: Soporte t\u00e9cnico en l\u00ednea, repuestos gratuitos, devoluci\u00f3n y reemplazo<\/li>\n<li><strong>Capacidad de soluci\u00f3n de proyectos<\/strong>: Dise\u00f1o gr\u00e1fico, dise\u00f1o de modelo 3D, soluci\u00f3n integral para proyectos, consolidaci\u00f3n de categor\u00edas cruzadas, otros<\/li>\n<\/ol>\n<h3><span style=\"color: #3366ff;\"><strong><b>Diagrama de estructura<\/b><\/strong><\/span><\/h3>\n<p><img loading=\"lazy\" decoding=\"async\" class=\"aligncenter wp-image-11986\" src=\"https:\/\/seppeschina.com\/wp-content\/uploads\/2021\/03\/\u9ec4\u8272\u5806\u79ef\u95e8\u7ec6\u8282\u56fe1.jpg\" alt=\"\" width=\"600\" height=\"600\" srcset=\"https:\/\/seppeschina.com\/wp-content\/uploads\/2021\/03\/\u9ec4\u8272\u5806\u79ef\u95e8\u7ec6\u8282\u56fe1.jpg 750w, https:\/\/seppeschina.com\/wp-content\/uploads\/2021\/03\/\u9ec4\u8272\u5806\u79ef\u95e8\u7ec6\u8282\u56fe1-360x360.jpg 360w, https:\/\/seppeschina.com\/wp-content\/uploads\/2021\/03\/\u9ec4\u8272\u5806\u79ef\u95e8\u7ec6\u8282\u56fe1-100x100.jpg 100w, https:\/\/seppeschina.com\/wp-content\/uploads\/2021\/03\/\u9ec4\u8272\u5806\u79ef\u95e8\u7ec6\u8282\u56fe1-600x600.jpg 600w, https:\/\/seppeschina.com\/wp-content\/uploads\/2021\/03\/\u9ec4\u8272\u5806\u79ef\u95e8\u7ec6\u8282\u56fe1-300x300.jpg 300w, https:\/\/seppeschina.com\/wp-content\/uploads\/2021\/03\/\u9ec4\u8272\u5806\u79ef\u95e8\u7ec6\u8282\u56fe1-150x150.jpg 150w, https:\/\/seppeschina.com\/wp-content\/uploads\/2021\/03\/\u9ec4\u8272\u5806\u79ef\u95e8\u7ec6\u8282\u56fe1-24x24.jpg 24w, https:\/\/seppeschina.com\/wp-content\/uploads\/2021\/03\/\u9ec4\u8272\u5806\u79ef\u95e8\u7ec6\u8282\u56fe1-48x48.jpg 48w, https:\/\/seppeschina.com\/wp-content\/uploads\/2021\/03\/\u9ec4\u8272\u5806\u79ef\u95e8\u7ec6\u8282\u56fe1-96x96.jpg 96w, https:\/\/seppeschina.com\/wp-content\/uploads\/2021\/03\/\u9ec4\u8272\u5806\u79ef\u95e8\u7ec6\u8282\u56fe1-364x364.jpg 364w, https:\/\/seppeschina.com\/wp-content\/uploads\/2021\/03\/\u9ec4\u8272\u5806\u79ef\u95e8\u7ec6\u8282\u56fe1-50x50.jpg 50w, https:\/\/seppeschina.com\/wp-content\/uploads\/2021\/03\/\u9ec4\u8272\u5806\u79ef\u95e8\u7ec6\u8282\u56fe1-110x110.jpg 110w, https:\/\/seppeschina.com\/wp-content\/uploads\/2021\/03\/\u9ec4\u8272\u5806\u79ef\u95e8\u7ec6\u8282\u56fe1-275x275.jpg 275w, https:\/\/seppeschina.com\/wp-content\/uploads\/2021\/03\/\u9ec4\u8272\u5806\u79ef\u95e8\u7ec6\u8282\u56fe1-480x480.jpg 480w, https:\/\/seppeschina.com\/wp-content\/uploads\/2021\/03\/\u9ec4\u8272\u5806\u79ef\u95e8\u7ec6\u8282\u56fe1-550x550.jpg 550w\" sizes=\"auto, (max-width: 600px) 100vw, 600px\" \/><\/p>\n<h3><span style=\"color: #3366ff;\">Formas de apertura de puerta<\/span><\/h3>\n<p>Contamos con botones manuales est\u00e1ndar de doble cara, opcionales: radar, geomaletismo, cadena de tracci\u00f3n, control remoto, Bluetooth con cremallera, etc.<\/p>\n<p><img loading=\"lazy\" decoding=\"async\" class=\"aligncenter wp-image-10101\" src=\"https:\/\/seppeschina.com\/wp-content\/uploads\/2019\/04\/750750.jpg\" alt=\"\" width=\"600\" height=\"600\" srcset=\"https:\/\/seppeschina.com\/wp-content\/uploads\/2019\/04\/750750.jpg 750w, https:\/\/seppeschina.com\/wp-content\/uploads\/2019\/04\/750750-360x360.jpg 360w, https:\/\/seppeschina.com\/wp-content\/uploads\/2019\/04\/750750-100x100.jpg 100w, https:\/\/seppeschina.com\/wp-content\/uploads\/2019\/04\/750750-600x600.jpg 600w, https:\/\/seppeschina.com\/wp-content\/uploads\/2019\/04\/750750-300x300.jpg 300w, https:\/\/seppeschina.com\/wp-content\/uploads\/2019\/04\/750750-150x150.jpg 150w, https:\/\/seppeschina.com\/wp-content\/uploads\/2019\/04\/750750-24x24.jpg 24w, https:\/\/seppeschina.com\/wp-content\/uploads\/2019\/04\/750750-48x48.jpg 48w, https:\/\/seppeschina.com\/wp-content\/uploads\/2019\/04\/750750-96x96.jpg 96w, https:\/\/seppeschina.com\/wp-content\/uploads\/2019\/04\/750750-364x364.jpg 364w, https:\/\/seppeschina.com\/wp-content\/uploads\/2019\/04\/750750-50x50.jpg 50w, https:\/\/seppeschina.com\/wp-content\/uploads\/2019\/04\/750750-110x110.jpg 110w, https:\/\/seppeschina.com\/wp-content\/uploads\/2019\/04\/750750-275x275.jpg 275w, https:\/\/seppeschina.com\/wp-content\/uploads\/2019\/04\/750750-480x480.jpg 480w, https:\/\/seppeschina.com\/wp-content\/uploads\/2019\/04\/750750-550x550.jpg 550w\" sizes=\"auto, (max-width: 600px) 100vw, 600px\" \/><\/p>\n<h3><span style=\"color: #3366ff;\">Elecci\u00f3n de Colores<\/span><\/h3>\n<p><strong>Azul<\/strong>: RAL:<span class=\"magic-25\" data-spm-anchor-id=\"a2700.details.pronpeci14.i0.3aea5170eoKBGW\">5002; <strong>Amarillo<\/strong>: RAL:1003; <strong>Rojo<\/strong>: RAL:3002; <\/span><span class=\"magic-25\" data-spm-anchor-id=\"a2700.details.pronpeci14.i0.3aea5170eoKBGW\"><strong>Blanco<\/strong>: RAL:9003; <strong>Gris: <\/strong><span class=\"magic-24\" data-spm-anchor-id=\"a2700.details.pronpeci14.i4.3aea5170eoKBGW\">RAL:<\/span>9006<\/span><\/p>\n<p><img loading=\"lazy\" decoding=\"async\" class=\"aligncenter wp-image-10104\" src=\"https:\/\/seppeschina.com\/wp-content\/uploads\/2019\/04\/COLOR-1.jpg\" alt=\"\" width=\"600\" height=\"600\" srcset=\"https:\/\/seppeschina.com\/wp-content\/uploads\/2019\/04\/COLOR-1.jpg 750w, https:\/\/seppeschina.com\/wp-content\/uploads\/2019\/04\/COLOR-1-360x360.jpg 360w, https:\/\/seppeschina.com\/wp-content\/uploads\/2019\/04\/COLOR-1-100x100.jpg 100w, https:\/\/seppeschina.com\/wp-content\/uploads\/2019\/04\/COLOR-1-600x600.jpg 600w, https:\/\/seppeschina.com\/wp-content\/uploads\/2019\/04\/COLOR-1-300x300.jpg 300w, https:\/\/seppeschina.com\/wp-content\/uploads\/2019\/04\/COLOR-1-150x150.jpg 150w, https:\/\/seppeschina.com\/wp-content\/uploads\/2019\/04\/COLOR-1-24x24.jpg 24w, https:\/\/seppeschina.com\/wp-content\/uploads\/2019\/04\/COLOR-1-48x48.jpg 48w, https:\/\/seppeschina.com\/wp-content\/uploads\/2019\/04\/COLOR-1-96x96.jpg 96w, https:\/\/seppeschina.com\/wp-content\/uploads\/2019\/04\/COLOR-1-364x364.jpg 364w, https:\/\/seppeschina.com\/wp-content\/uploads\/2019\/04\/COLOR-1-50x50.jpg 50w, https:\/\/seppeschina.com\/wp-content\/uploads\/2019\/04\/COLOR-1-110x110.jpg 110w, https:\/\/seppeschina.com\/wp-content\/uploads\/2019\/04\/COLOR-1-275x275.jpg 275w, https:\/\/seppeschina.com\/wp-content\/uploads\/2019\/04\/COLOR-1-480x480.jpg 480w, https:\/\/seppeschina.com\/wp-content\/uploads\/2019\/04\/COLOR-1-550x550.jpg 550w\" sizes=\"auto, (max-width: 600px) 100vw, 600px\" \/><\/p>\n<h3><span style=\"color: #3366ff;\">Por qu\u00e9 elegirnos<\/span><\/h3>\n<p><img loading=\"lazy\" decoding=\"async\" class=\"aligncenter wp-image-9998\" src=\"https:\/\/seppeschina.com\/wp-content\/uploads\/2019\/04\/why-choose-us.jpg\" alt=\"\" width=\"600\" height=\"600\" srcset=\"https:\/\/seppeschina.com\/wp-content\/uploads\/2019\/04\/why-choose-us.jpg 750w, https:\/\/seppeschina.com\/wp-content\/uploads\/2019\/04\/why-choose-us-360x360.jpg 360w, https:\/\/seppeschina.com\/wp-content\/uploads\/2019\/04\/why-choose-us-100x100.jpg 100w, https:\/\/seppeschina.com\/wp-content\/uploads\/2019\/04\/why-choose-us-600x600.jpg 600w, https:\/\/seppeschina.com\/wp-content\/uploads\/2019\/04\/why-choose-us-300x300.jpg 300w, https:\/\/seppeschina.com\/wp-content\/uploads\/2019\/04\/why-choose-us-150x150.jpg 150w, https:\/\/seppeschina.com\/wp-content\/uploads\/2019\/04\/why-choose-us-24x24.jpg 24w, https:\/\/seppeschina.com\/wp-content\/uploads\/2019\/04\/why-choose-us-48x48.jpg 48w, https:\/\/seppeschina.com\/wp-content\/uploads\/2019\/04\/why-choose-us-96x96.jpg 96w, https:\/\/seppeschina.com\/wp-content\/uploads\/2019\/04\/why-choose-us-364x364.jpg 364w, https:\/\/seppeschina.com\/wp-content\/uploads\/2019\/04\/why-choose-us-50x50.jpg 50w, https:\/\/seppeschina.com\/wp-content\/uploads\/2019\/04\/why-choose-us-110x110.jpg 110w, https:\/\/seppeschina.com\/wp-content\/uploads\/2019\/04\/why-choose-us-275x275.jpg 275w, https:\/\/seppeschina.com\/wp-content\/uploads\/2019\/04\/why-choose-us-480x480.jpg 480w, https:\/\/seppeschina.com\/wp-content\/uploads\/2019\/04\/why-choose-us-550x550.jpg 550w\" sizes=\"auto, (max-width: 600px) 100vw, 600px\" \/><\/p>\n<h3><span style=\"color: #3366ff;\"><strong><b>Perfil de la Empresa<\/b><\/strong><\/span><\/h3>\n<p><strong><b>Seppes Door Industry (Suzhou) Co., Ltd.<\/b><\/strong> Fue establecida en 2011 y es una empresa de fabricaci\u00f3n y comercio con 9 a\u00f1os de experiencia. Nuestros productos principales son puertas de alta velocidad, puertas de apilamiento de alta velocidad, puertas enrollables autom\u00e1ticas, puertas combinadas, etc.<\/p>\n<p><img loading=\"lazy\" decoding=\"async\" class=\"aligncenter wp-image-9951\" src=\"https:\/\/seppeschina.com\/wp-content\/uploads\/2019\/04\/company.jpg\" alt=\"\" width=\"600\" height=\"600\" srcset=\"https:\/\/seppeschina.com\/wp-content\/uploads\/2019\/04\/company.jpg 750w, https:\/\/seppeschina.com\/wp-content\/uploads\/2019\/04\/company-360x360.jpg 360w, https:\/\/seppeschina.com\/wp-content\/uploads\/2019\/04\/company-100x100.jpg 100w, https:\/\/seppeschina.com\/wp-content\/uploads\/2019\/04\/company-600x600.jpg 600w, https:\/\/seppeschina.com\/wp-content\/uploads\/2019\/04\/company-150x150.jpg 150w, https:\/\/seppeschina.com\/wp-content\/uploads\/2019\/04\/company-300x300.jpg 300w, https:\/\/seppeschina.com\/wp-content\/uploads\/2019\/04\/company-24x24.jpg 24w, https:\/\/seppeschina.com\/wp-content\/uploads\/2019\/04\/company-48x48.jpg 48w, https:\/\/seppeschina.com\/wp-content\/uploads\/2019\/04\/company-96x96.jpg 96w, https:\/\/seppeschina.com\/wp-content\/uploads\/2019\/04\/company-364x364.jpg 364w, https:\/\/seppeschina.com\/wp-content\/uploads\/2019\/04\/company-50x50.jpg 50w, https:\/\/seppeschina.com\/wp-content\/uploads\/2019\/04\/company-110x110.jpg 110w, https:\/\/seppeschina.com\/wp-content\/uploads\/2019\/04\/company-275x275.jpg 275w, https:\/\/seppeschina.com\/wp-content\/uploads\/2019\/04\/company-480x480.jpg 480w, https:\/\/seppeschina.com\/wp-content\/uploads\/2019\/04\/company-550x550.jpg 550w\" sizes=\"auto, (max-width: 600px) 100vw, 600px\" \/><\/p>\n<h3><span style=\"color: #3366ff;\"><strong><b>Exhibici\u00f3n de f\u00e1brica\u00a0\u00a0<\/b><\/strong><\/span><\/h3>\n<p>Esta es nuestra exhibici\u00f3n de f\u00e1brica. Est\u00e1 equipada con una f\u00e1brica de producci\u00f3n profesional de m\u00e1s de 17,500 metros cuadrados, y la l\u00ednea de producci\u00f3n automatizada redundante est\u00e1 preparada con equipos de ensamblaje personalizados para satisfacer las diversas necesidades de producci\u00f3n r\u00e1pida estandarizada y fabricaci\u00f3n personalizada a medida.<\/p>\n<p><img loading=\"lazy\" decoding=\"async\" class=\"aligncenter wp-image-9877\" src=\"https:\/\/seppeschina.com\/wp-content\/uploads\/2019\/04\/\u5de5\u5382\u5c55\u793a.jpg\" alt=\"\" width=\"600\" height=\"600\" srcset=\"https:\/\/seppeschina.com\/wp-content\/uploads\/2019\/04\/\u5de5\u5382\u5c55\u793a.jpg 750w, https:\/\/seppeschina.com\/wp-content\/uploads\/2019\/04\/\u5de5\u5382\u5c55\u793a-360x360.jpg 360w, https:\/\/seppeschina.com\/wp-content\/uploads\/2019\/04\/\u5de5\u5382\u5c55\u793a-100x100.jpg 100w, https:\/\/seppeschina.com\/wp-content\/uploads\/2019\/04\/\u5de5\u5382\u5c55\u793a-600x600.jpg 600w, https:\/\/seppeschina.com\/wp-content\/uploads\/2019\/04\/\u5de5\u5382\u5c55\u793a-150x150.jpg 150w, https:\/\/seppeschina.com\/wp-content\/uploads\/2019\/04\/\u5de5\u5382\u5c55\u793a-300x300.jpg 300w, https:\/\/seppeschina.com\/wp-content\/uploads\/2019\/04\/\u5de5\u5382\u5c55\u793a-24x24.jpg 24w, https:\/\/seppeschina.com\/wp-content\/uploads\/2019\/04\/\u5de5\u5382\u5c55\u793a-48x48.jpg 48w, https:\/\/seppeschina.com\/wp-content\/uploads\/2019\/04\/\u5de5\u5382\u5c55\u793a-96x96.jpg 96w, https:\/\/seppeschina.com\/wp-content\/uploads\/2019\/04\/\u5de5\u5382\u5c55\u793a-364x364.jpg 364w, https:\/\/seppeschina.com\/wp-content\/uploads\/2019\/04\/\u5de5\u5382\u5c55\u793a-50x50.jpg 50w, https:\/\/seppeschina.com\/wp-content\/uploads\/2019\/04\/\u5de5\u5382\u5c55\u793a-110x110.jpg 110w, https:\/\/seppeschina.com\/wp-content\/uploads\/2019\/04\/\u5de5\u5382\u5c55\u793a-275x275.jpg 275w, https:\/\/seppeschina.com\/wp-content\/uploads\/2019\/04\/\u5de5\u5382\u5c55\u793a-480x480.jpg 480w, https:\/\/seppeschina.com\/wp-content\/uploads\/2019\/04\/\u5de5\u5382\u5c55\u793a-550x550.jpg 550w\" sizes=\"auto, (max-width: 600px) 100vw, 600px\" \/><\/p>\n<h3><span style=\"color: #3366ff;\">Fotos de clientes<\/span><\/h3>\n<p><img loading=\"lazy\" decoding=\"async\" class=\"aligncenter wp-image-11605 size-full\" src=\"https:\/\/seppeschina.com\/wp-content\/uploads\/2021\/03\/seppes-door7.gif\" alt=\"\" width=\"600\" height=\"338\"><\/p>\n<h3><span style=\"color: #3366ff;\"><strong><b>Nuestros socios<\/b><\/strong><\/span><\/h3>\n<p>&nbsp;<\/p>\n<p><img loading=\"lazy\" decoding=\"async\" class=\"aligncenter wp-image-11608 size-full\" src=\"https:\/\/seppeschina.com\/wp-content\/uploads\/2021\/03\/seppes-door10.gif\" alt=\"\" width=\"600\" height=\"491\"><\/p>\n<h3><span style=\"color: #3366ff;\"><strong><b>Ventajas<\/b><\/strong><\/span><\/h3>\n<p><img decoding=\"async\" class=\"aligncenter\" src=\"https:\/\/seppeschina.com\/wp-content\/uploads\/2021\/04\/%E5%A0%86%E7%A7%AF%E5%BF%AB%E9%80%9F%E9%97%A8_02.jpg\" alt=\"\"><\/p>\n<p>1.<strong><b>Conveniente<\/b><\/strong>: Dise\u00f1o innovador de interfaz hombre-m\u00e1quina; interfaz de uso y mantenimiento conveniente.<br \/>\n2.<strong><b>R\u00e1pida<\/b><\/strong>: Cientos de ciclos diarios de apertura y cierre; velocidad de apertura de 1.0-1.2m\/s.<br \/>\n3.<strong><b>Resistencia<\/b><\/strong>: Utiliza cortina de tejido de PVC de alta resistencia de base de marca importada con funci\u00f3n de autolimpieza superficial.<br \/>\n4.<strong><b>Estanqueidad<\/b><\/strong>: Equipada con un innovador cepillo sellador tipo casete de doble fila.<br \/>\n5.<strong><b>Estabilidad<\/b><\/strong>: Equipada con sistema de control de marca alemana; unidad de accionamiento servo de alta precisi\u00f3n.<br \/>\n6.<strong><b>Inteligente<\/b><\/strong>: Chip inteligente loT integrado para lograr una integraci\u00f3n inteligente y potente.<br \/>\n7.<strong><b>Est\u00e9tica<\/b><\/strong>: Utiliza marco de puerta con corte l\u00e1ser autom\u00e1tico y componentes de precisi\u00f3n.<br \/>\n8.<strong><b>Seguridad<\/b><\/strong>: Dispositivo de protecci\u00f3n de seguridad est\u00e1ndar anti-atrapamiento por infrarrojos.<\/p>\n<h3><span style=\"color: #3366ff;\"><strong><b>Aplicaciones<\/b><\/strong><\/span><\/h3>\n<p>Esta es una variedad de puertas r\u00e1pidas que aplicamos realmente a empresas, incluyendo industrias farmac\u00e9utica, electr\u00f3nica, alimentaria, qu\u00edmica, automotriz, textil, impresi\u00f3n, log\u00edstica, entre otras.<\/p>\n<p><img loading=\"lazy\" decoding=\"async\" class=\"aligncenter wp-image-11612 size-full\" src=\"https:\/\/seppeschina.com\/wp-content\/uploads\/2021\/03\/seppes-door2.jpg\" alt=\"\" width=\"600\" height=\"723\" srcset=\"https:\/\/seppeschina.com\/wp-content\/uploads\/2021\/03\/seppes-door2.jpg 600w, https:\/\/seppeschina.com\/wp-content\/uploads\/2021\/03\/seppes-door2-360x434.jpg 360w, https:\/\/seppeschina.com\/wp-content\/uploads\/2021\/03\/seppes-door2-249x300.jpg 249w, https:\/\/seppeschina.com\/wp-content\/uploads\/2021\/03\/seppes-door2-456x550.jpg 456w\" sizes=\"auto, (max-width: 600px) 100vw, 600px\" \/><\/p>\n<h3><span style=\"color: #3366ff;\"><strong><b>Entrega y Embalaje<\/b><\/strong><\/span><\/h3>\n<div><b><span class=\"magic-28\" data-spm-anchor-id=\"a2700.wholesale.pronpeci14.i1.279a24cb2YGapr\">M\u00e1s R\u00e1pido y Seguro <\/span><\/b><\/div>\n<div>Tres tipos de transporte. Para garantizar mejor la seguridad de sus mercanc\u00edas, se proporcionar\u00e1n servicios de embalaje profesionales, ecol\u00f3gicos, convenientes y eficientes.<\/div>\n<p><img loading=\"lazy\" decoding=\"async\" class=\"aligncenter wp-image-9880\" src=\"https:\/\/seppeschina.com\/wp-content\/uploads\/2019\/04\/shipping.jpg\" alt=\"\" width=\"600\" height=\"600\" srcset=\"https:\/\/seppeschina.com\/wp-content\/uploads\/2019\/04\/shipping.jpg 750w, https:\/\/seppeschina.com\/wp-content\/uploads\/2019\/04\/shipping-360x360.jpg 360w, https:\/\/seppeschina.com\/wp-content\/uploads\/2019\/04\/shipping-100x100.jpg 100w, https:\/\/seppeschina.com\/wp-content\/uploads\/2019\/04\/shipping-600x600.jpg 600w, https:\/\/seppeschina.com\/wp-content\/uploads\/2019\/04\/shipping-150x150.jpg 150w, https:\/\/seppeschina.com\/wp-content\/uploads\/2019\/04\/shipping-300x300.jpg 300w, https:\/\/seppeschina.com\/wp-content\/uploads\/2019\/04\/shipping-24x24.jpg 24w, https:\/\/seppeschina.com\/wp-content\/uploads\/2019\/04\/shipping-48x48.jpg 48w, https:\/\/seppeschina.com\/wp-content\/uploads\/2019\/04\/shipping-96x96.jpg 96w, https:\/\/seppeschina.com\/wp-content\/uploads\/2019\/04\/shipping-364x364.jpg 364w, https:\/\/seppeschina.com\/wp-content\/uploads\/2019\/04\/shipping-50x50.jpg 50w, https:\/\/seppeschina.com\/wp-content\/uploads\/2019\/04\/shipping-110x110.jpg 110w, https:\/\/seppeschina.com\/wp-content\/uploads\/2019\/04\/shipping-275x275.jpg 275w, https:\/\/seppeschina.com\/wp-content\/uploads\/2019\/04\/shipping-480x480.jpg 480w, https:\/\/seppeschina.com\/wp-content\/uploads\/2019\/04\/shipping-550x550.jpg 550w\" sizes=\"auto, (max-width: 600px) 100vw, 600px\" \/><\/p>\n<h3><span style=\"color: #3366ff;\">Preguntas Frecuentes<\/span><\/h3>\n<p><strong>P: \u00bfQu\u00e9 tipo de motor tiene la puerta r\u00e1pida de alta velocidad?<\/strong><\/p>\n<p>R: Motor servo, 220V - 0.75 KW - 50HZ - 1 fase.<\/p>\n<p><b data-spm-anchor-id=\"a2700.custom-template.0.i72.27b43333dfASdI\">P: \u00bfDe qu\u00e9 material es el marco de la puerta r\u00e1pida de alta velocidad?<\/b><\/p>\n<p>R: Marco de acero pintado, marco SUS304, marco de aleaci\u00f3n de aluminio.<\/p>\n<p><b><span data-spm-anchor-id=\"a2700.custom-template.0.i5.27b43333UNBSMa\">P: \u00bfCu\u00e1l es el precio de la puerta r\u00e1pida de alta velocidad?<\/span><\/b><\/p>\n<p>R: Depende del tama\u00f1o y otros dispositivos.<\/p>\n<p><b><span data-spm-anchor-id=\"a2700.custom-template.0.i4.27b43333UNBSMa\">P: \u00bfEn qu\u00e9 tipo de lugar se puede usar la puerta r\u00e1pida?<\/span><\/b><\/p>\n<p>R: Ampliamente utilizada en grandes almacenes y talleres con aberturas de puerta grandes.<\/p>\n<p><b><span data-spm-anchor-id=\"a2700.custom-template.0.i7.27b43333UNBSMa\">P: \u00bfCu\u00e1nto tiempo puede durar la puerta r\u00e1pida?<\/span><\/b><\/p>\n<p>A: 8-10 a\u00f1os<\/p>\n<p><b>P: \u00bfPodemos instalar la puerta r\u00e1pida nosotros mismos?<\/b><\/p>\n<p>R: S\u00ed, es muy sencillo. Podemos proporcionar manual de instalaci\u00f3n en ingl\u00e9s y videos gu\u00eda.<\/p>\n<p><b><span data-spm-anchor-id=\"a2700.custom-template.0.i93.27b43333dfASdI\">P: \u00bfCu\u00e1les son los m\u00e9todos de apertura autom\u00e1tica\/inteligente de la puerta r\u00e1pida?<\/span><\/b><\/p>\n<p>R: Bot\u00f3n manual de empuje, dispositivo autom\u00e1tico de sensor de movimiento, inducci\u00f3n por bucle, interruptor de tracci\u00f3n, paso de tarjeta, vinculado con PLC o AGV.<\/p>\n\n<div class=\"wpcf7 no-js\" id=\"wpcf7-f1555-o1\" lang=\"en-US\" dir=\"ltr\" data-wpcf7-id=\"1555\">\n<div class=\"screen-reader-response\"><p role=\"status\" aria-live=\"polite\" aria-atomic=\"true\"><\/p> <ul><\/ul><\/div>\n<form action=\"\/es\/wp-json\/wp\/v2\/product\/11215#wpcf7-f1555-o1\" method=\"post\" class=\"wpcf7-form init\" aria-label=\"Contact form\" novalidate=\"novalidate\" data-status=\"init\" data-trp-original-action=\"\/es\/wp-json\/wp\/v2\/product\/11215#wpcf7-f1555-o1\">\n<fieldset class=\"hidden-fields-container\"><input type=\"hidden\" name=\"_wpcf7\" value=\"1555\" \/><input type=\"hidden\" name=\"_wpcf7_version\" value=\"6.1.4\" \/><input type=\"hidden\" name=\"_wpcf7_locale\" value=\"en_US\" \/><input type=\"hidden\" name=\"_wpcf7_unit_tag\" value=\"wpcf7-f1555-o1\" \/><input type=\"hidden\" name=\"_wpcf7_container_post\" value=\"0\" \/><input type=\"hidden\" name=\"_wpcf7_posted_data_hash\" value=\"\" \/><input type=\"hidden\" name=\"_wpcf7_recaptcha_response\" value=\"\" \/>\n<\/fieldset>\n<div class=\"hunkcf71\">\n\t<p class=\"cf7-title\" style=\"font-size:25px;\"><i class=\"fa fa-envelope-o\"><\/i> \u00a1Responderemos a su correo electr\u00f3nico en breve!\n\t<\/p>\n\t<p><span class=\"wpcf7-form-control-wrap\" data-name=\"text-737\"><input size=\"40\" maxlength=\"400\" class=\"wpcf7-form-control wpcf7-text wpcf7-validates-as-required\" aria-required=\"true\" aria-invalid=\"false\" placeholder=\"Su nombre*\" value=\"\" type=\"text\" name=\"text-737\" \/><\/span>\n\t<\/p>\n\t<p><span class=\"wpcf7-form-control-wrap\" data-name=\"email-193\"><input size=\"40\" maxlength=\"400\" class=\"wpcf7-form-control wpcf7-email wpcf7-validates-as-required wpcf7-text wpcf7-validates-as-email\" aria-required=\"true\" aria-invalid=\"false\" placeholder=\"Direcci\u00f3n de correo electr\u00f3nico*\" value=\"\" type=\"email\" name=\"email-193\" \/><\/span>\n\t<\/p>\n\t<p><span class=\"wpcf7-form-control-wrap\" data-name=\"text-738\"><input size=\"40\" maxlength=\"400\" class=\"wpcf7-form-control wpcf7-text\" aria-invalid=\"false\" placeholder=\"N\u00famero de tel\u00e9fono\" value=\"\" type=\"text\" name=\"text-738\" \/><\/span>\n\t<\/p>\n\t<p><span class=\"wpcf7-form-control-wrap\" data-name=\"textarea-837\"><textarea cols=\"40\" rows=\"10\" maxlength=\"2000\" class=\"wpcf7-form-control wpcf7-textarea wpcf7-validates-as-required\" aria-required=\"true\" aria-invalid=\"false\" placeholder=\"Describa su necesidad de la manera m\u00e1s espec\u00edfica posible*\" name=\"textarea-837\"><\/textarea><\/span>\n\t<\/p>\n\t<p><input class=\"wpcf7-form-control wpcf7-submit has-spinner\" type=\"submit\" value=\"Enviar\" \/>\n\t<\/p>\n<\/div><div class=\"wpcf7-response-output\" aria-hidden=\"true\"><\/div>\n<input type=\"hidden\" name=\"trp-form-language\" value=\"es\"\/><\/form>\n<\/div>\n\n<\/div>\n<\/div>","protected":false},"excerpt":{"rendered":"<p><strong>Apilado por la correa, adecuado para grandes aberturas y utilizado bajo alta presi\u00f3n de viento para satisfacer las necesidades de apertura frecuente.<\/strong><\/p>","protected":false},"featured_media":12034,"comment_status":"open","ping_status":"closed","template":"","meta":[],"product_brand":[],"product_cat":[316],"product_tag":[320],"class_list":{"0":"post-11215","1":"product","2":"type-product","3":"status-publish","4":"has-post-thumbnail","6":"product_cat-high-speed-stacking-door","7":"product_tag-high-speed-stacking-door","10":"first","11":"instock","12":"shipping-taxable","13":"product-type-simple"},"_links":{"self":[{"href":"https:\/\/seppeschina.com\/es\/wp-json\/wp\/v2\/product\/11215","targetHints":{"allow":["GET"]}}],"collection":[{"href":"https:\/\/seppeschina.com\/es\/wp-json\/wp\/v2\/product"}],"about":[{"href":"https:\/\/seppeschina.com\/es\/wp-json\/wp\/v2\/types\/product"}],"replies":[{"embeddable":true,"href":"https:\/\/seppeschina.com\/es\/wp-json\/wp\/v2\/comments?post=11215"}],"wp:featuredmedia":[{"embeddable":true,"href":"https:\/\/seppeschina.com\/es\/wp-json\/wp\/v2\/media\/12034"}],"wp:attachment":[{"href":"https:\/\/seppeschina.com\/es\/wp-json\/wp\/v2\/media?parent=11215"}],"wp:term":[{"taxonomy":"product_brand","embeddable":true,"href":"https:\/\/seppeschina.com\/es\/wp-json\/wp\/v2\/product_brand?post=11215"},{"taxonomy":"product_cat","embeddable":true,"href":"https:\/\/seppeschina.com\/es\/wp-json\/wp\/v2\/product_cat?post=11215"},{"taxonomy":"product_tag","embeddable":true,"href":"https:\/\/seppeschina.com\/es\/wp-json\/wp\/v2\/product_tag?post=11215"}],"curies":[{"name":"wp","href":"https:\/\/api.w.org\/{rel}","templated":true}]}}