{"id":11261,"date":"2021-03-05T15:21:13","date_gmt":"2021-03-05T07:21:13","guid":{"rendered":"https:\/\/seppeschina.com\/?post_type=product&#038;p=11261"},"modified":"2025-05-19T15:51:56","modified_gmt":"2025-05-19T07:51:56","slug":"seppes-blue-high-speed-spiral-door-puerta-rapida-de-alta-velocidad-en-espiral-azul-seppes","status":"publish","type":"product","link":"https:\/\/seppeschina.com\/es\/product\/seppes-blue-high-speed-spiral-door\/","title":{"rendered":"Puerta R\u00e1pida en Espiral Azul SEPPES"},"content":{"rendered":"<h3><span style=\"color: #3366ff;\"><strong>Descripci\u00f3n del Producto<\/strong><\/span><\/h3>\n<p><strong>Blue High Speed Spiral Door<\/strong> Es una puerta industrial met\u00e1lica r\u00e1pida de nueva marca, con caracter\u00edsticas antirrobo, ahorro energ\u00e9tico, buen sellado, alta eficiencia y resistencia al viento. Se utiliza en canales log\u00edsticos de uso r\u00e1pido y frecuente; la velocidad m\u00e1xima de apertura de la puerta es de 2,35 m\/s. Estas puertas permiten ahorrar m\u00e1s costos y reducir la p\u00e9rdida de energ\u00eda para muchas empresas. Pueden ahorrar aproximadamente un 50 % de p\u00e9rdida energ\u00e9tica en comparaci\u00f3n con las puertas seccionales de garaje comunes, las puertas met\u00e1licas enrollables y otras puertas.<\/p>\n<p><img loading=\"lazy\" decoding=\"async\" class=\"aligncenter wp-image-11706 size-full\" src=\"https:\/\/seppeschina.com\/wp-content\/uploads\/2021\/03\/\u56fe\u724732.jpg\" alt=\"\" width=\"600\" height=\"400\" srcset=\"https:\/\/seppeschina.com\/wp-content\/uploads\/2021\/03\/\u56fe\u724732.jpg 600w, https:\/\/seppeschina.com\/wp-content\/uploads\/2021\/03\/\u56fe\u724732-360x240.jpg 360w, https:\/\/seppeschina.com\/wp-content\/uploads\/2021\/03\/\u56fe\u724732-300x200.jpg 300w, https:\/\/seppeschina.com\/wp-content\/uploads\/2021\/03\/\u56fe\u724732-128x84.jpg 128w, https:\/\/seppeschina.com\/wp-content\/uploads\/2021\/03\/\u56fe\u724732-550x367.jpg 550w\" sizes=\"auto, (max-width: 600px) 100vw, 600px\" \/><\/p>\n<h3><span style=\"color: #3366ff;\">Detalles<\/span><\/h3>\n<p><img loading=\"lazy\" decoding=\"async\" class=\"aligncenter size-full wp-image-11822\" src=\"https:\/\/seppeschina.com\/wp-content\/uploads\/2021\/04\/\u786c\u8d28\u5feb\u901f\u95e8_04.jpg\" alt=\"\" width=\"600\" height=\"348\" srcset=\"https:\/\/seppeschina.com\/wp-content\/uploads\/2021\/04\/\u786c\u8d28\u5feb\u901f\u95e8_04.jpg 600w, https:\/\/seppeschina.com\/wp-content\/uploads\/2021\/04\/\u786c\u8d28\u5feb\u901f\u95e8_04-360x209.jpg 360w, https:\/\/seppeschina.com\/wp-content\/uploads\/2021\/04\/\u786c\u8d28\u5feb\u901f\u95e8_04-300x174.jpg 300w, https:\/\/seppeschina.com\/wp-content\/uploads\/2021\/04\/\u786c\u8d28\u5feb\u901f\u95e8_04-550x319.jpg 550w\" sizes=\"auto, (max-width: 600px) 100vw, 600px\" \/><\/p>\n<p><img loading=\"lazy\" decoding=\"async\" class=\"aligncenter size-full wp-image-11823\" src=\"https:\/\/seppeschina.com\/wp-content\/uploads\/2021\/04\/\u786c\u8d28\u5feb\u901f\u95e8_03.gif\" alt=\"\" width=\"600\" height=\"634\"><\/p>\n<div class=\"J_module\">\n<div class=\"detail-decorate-json-renderer-container\">\n<div class=\"magic-4\">\n<div class=\"magic-5\">\n<div class=\"magic-6\">\n<h3 class=\"magic-7\"><span style=\"color: #3366ff;\"><b><span class=\"magic-21\" data-spm-anchor-id=\"a2700.details.pronpeci14.i13.12355170Y9xOFu\">Diagrama de estructura<\/span><\/b><\/span><\/h3>\n<\/div>\n<\/div>\n<\/div>\n<\/div>\n<\/div>\n<div class=\"J_module\">\n<div class=\"icbu-pc-images magic-0\">\n<div>\n<div class=\"flex-layout-v\">\n<div class=\"flex-layout-h magic-0\"><img loading=\"lazy\" decoding=\"async\" class=\"aligncenter wp-image-12071\" src=\"https:\/\/seppeschina.com\/wp-content\/uploads\/2021\/04\/%E5%BE%AE%E4%BF%A1%E5%9B%BE%E7%89%87_20210322151602.jpg\" sizes=\"auto, (max-width: 600px) 100vw, 600px\" srcset=\"https:\/\/seppeschina.com\/wp-content\/uploads\/2021\/04\/\u5fae\u4fe1\u56fe\u7247_20210322151602.jpg 750w, https:\/\/seppeschina.com\/wp-content\/uploads\/2021\/04\/\u5fae\u4fe1\u56fe\u7247_20210322151602-281x300.jpg 281w, https:\/\/seppeschina.com\/wp-content\/uploads\/2021\/04\/\u5fae\u4fe1\u56fe\u7247_20210322151602-360x384.jpg 360w, https:\/\/seppeschina.com\/wp-content\/uploads\/2021\/04\/\u5fae\u4fe1\u56fe\u7247_20210322151602-600x640.jpg 600w, https:\/\/seppeschina.com\/wp-content\/uploads\/2021\/04\/\u5fae\u4fe1\u56fe\u7247_20210322151602-516x550.jpg 516w\" alt=\"\" width=\"600\" height=\"640\"><\/div>\n<\/div>\n<\/div>\n<\/div>\n<\/div>\n<h3><span style=\"color: #3366ff;\">Formas de Apertura de la Puerta<\/span><\/h3>\n<p><img loading=\"lazy\" decoding=\"async\" class=\"aligncenter wp-image-9999\" src=\"https:\/\/seppeschina.com\/wp-content\/uploads\/2019\/04\/\u672a\u6807\u9898-2.jpg\" alt=\"\" width=\"598\" height=\"598\" srcset=\"https:\/\/seppeschina.com\/wp-content\/uploads\/2019\/04\/\u672a\u6807\u9898-2.jpg 750w, https:\/\/seppeschina.com\/wp-content\/uploads\/2019\/04\/\u672a\u6807\u9898-2-360x360.jpg 360w, https:\/\/seppeschina.com\/wp-content\/uploads\/2019\/04\/\u672a\u6807\u9898-2-100x100.jpg 100w, https:\/\/seppeschina.com\/wp-content\/uploads\/2019\/04\/\u672a\u6807\u9898-2-600x600.jpg 600w, https:\/\/seppeschina.com\/wp-content\/uploads\/2019\/04\/\u672a\u6807\u9898-2-300x300.jpg 300w, https:\/\/seppeschina.com\/wp-content\/uploads\/2019\/04\/\u672a\u6807\u9898-2-150x150.jpg 150w, https:\/\/seppeschina.com\/wp-content\/uploads\/2019\/04\/\u672a\u6807\u9898-2-24x24.jpg 24w, https:\/\/seppeschina.com\/wp-content\/uploads\/2019\/04\/\u672a\u6807\u9898-2-48x48.jpg 48w, https:\/\/seppeschina.com\/wp-content\/uploads\/2019\/04\/\u672a\u6807\u9898-2-96x96.jpg 96w, https:\/\/seppeschina.com\/wp-content\/uploads\/2019\/04\/\u672a\u6807\u9898-2-364x364.jpg 364w, https:\/\/seppeschina.com\/wp-content\/uploads\/2019\/04\/\u672a\u6807\u9898-2-50x50.jpg 50w, https:\/\/seppeschina.com\/wp-content\/uploads\/2019\/04\/\u672a\u6807\u9898-2-110x110.jpg 110w, https:\/\/seppeschina.com\/wp-content\/uploads\/2019\/04\/\u672a\u6807\u9898-2-275x275.jpg 275w, https:\/\/seppeschina.com\/wp-content\/uploads\/2019\/04\/\u672a\u6807\u9898-2-480x480.jpg 480w, https:\/\/seppeschina.com\/wp-content\/uploads\/2019\/04\/\u672a\u6807\u9898-2-550x550.jpg 550w\" sizes=\"auto, (max-width: 598px) 100vw, 598px\" \/><\/p>\n<h3 class=\"magic-14\"><span style=\"color: #3366ff;\"><b class=\"magic-15\"><span class=\"magic-16\" data-spm-anchor-id=\"a2700.details.pronpeci14.i2.79674380esgSi0\">Condiciones de Instalaci\u00f3n<\/span><\/b><\/span><\/h3>\n<div class=\"magic-14\">\n<div><img loading=\"lazy\" decoding=\"async\" class=\"alignnone wp-image-10059 size-full\" src=\"https:\/\/seppeschina.com\/wp-content\/uploads\/2019\/02\/\u5b89\u88c5\u786c\u5feb.jpg\" alt=\"\" width=\"750\" height=\"750\" srcset=\"https:\/\/seppeschina.com\/wp-content\/uploads\/2019\/02\/\u5b89\u88c5\u786c\u5feb.jpg 750w, https:\/\/seppeschina.com\/wp-content\/uploads\/2019\/02\/\u5b89\u88c5\u786c\u5feb-360x360.jpg 360w, https:\/\/seppeschina.com\/wp-content\/uploads\/2019\/02\/\u5b89\u88c5\u786c\u5feb-100x100.jpg 100w, https:\/\/seppeschina.com\/wp-content\/uploads\/2019\/02\/\u5b89\u88c5\u786c\u5feb-600x600.jpg 600w, https:\/\/seppeschina.com\/wp-content\/uploads\/2019\/02\/\u5b89\u88c5\u786c\u5feb-300x300.jpg 300w, https:\/\/seppeschina.com\/wp-content\/uploads\/2019\/02\/\u5b89\u88c5\u786c\u5feb-150x150.jpg 150w, https:\/\/seppeschina.com\/wp-content\/uploads\/2019\/02\/\u5b89\u88c5\u786c\u5feb-24x24.jpg 24w, https:\/\/seppeschina.com\/wp-content\/uploads\/2019\/02\/\u5b89\u88c5\u786c\u5feb-48x48.jpg 48w, https:\/\/seppeschina.com\/wp-content\/uploads\/2019\/02\/\u5b89\u88c5\u786c\u5feb-96x96.jpg 96w, https:\/\/seppeschina.com\/wp-content\/uploads\/2019\/02\/\u5b89\u88c5\u786c\u5feb-364x364.jpg 364w, https:\/\/seppeschina.com\/wp-content\/uploads\/2019\/02\/\u5b89\u88c5\u786c\u5feb-50x50.jpg 50w, https:\/\/seppeschina.com\/wp-content\/uploads\/2019\/02\/\u5b89\u88c5\u786c\u5feb-110x110.jpg 110w, https:\/\/seppeschina.com\/wp-content\/uploads\/2019\/02\/\u5b89\u88c5\u786c\u5feb-275x275.jpg 275w, https:\/\/seppeschina.com\/wp-content\/uploads\/2019\/02\/\u5b89\u88c5\u786c\u5feb-480x480.jpg 480w, https:\/\/seppeschina.com\/wp-content\/uploads\/2019\/02\/\u5b89\u88c5\u786c\u5feb-550x550.jpg 550w\" sizes=\"auto, (max-width: 750px) 100vw, 750px\" \/><\/div>\n<h3><span style=\"color: #3366ff;\">Productos Relacionados<\/span><\/h3>\n<div>\n<h3><span style=\"color: #3366ff;\"><img loading=\"lazy\" decoding=\"async\" class=\"aligncenter size-full wp-image-11533\" src=\"https:\/\/seppeschina.com\/wp-content\/uploads\/2021\/03\/\u5feb\u901f\u95e8_08.gif\" alt=\"\" width=\"600\" height=\"528\"><\/span><\/h3>\n<\/div>\n<div><\/div>\n<div>\n<h3><span style=\"color: #3366ff;\"><strong><b>Perfil de la Empresa<\/b><\/strong><\/span><\/h3>\n<p><img loading=\"lazy\" decoding=\"async\" class=\"aligncenter size-full wp-image-11606\" src=\"https:\/\/seppeschina.com\/wp-content\/uploads\/2021\/03\/seppes-door8.gif\" alt=\"\" width=\"600\" height=\"502\"><\/p>\n<h3><span style=\"color: #3366ff;\"><strong><b>Exhibici\u00f3n de f\u00e1brica<\/b><\/strong><\/span><\/h3>\n<p><img loading=\"lazy\" decoding=\"async\" class=\"aligncenter wp-image-11604 size-full\" src=\"https:\/\/seppeschina.com\/wp-content\/uploads\/2021\/03\/seppes-door6.gif\" alt=\"\" width=\"600\" height=\"358\"><\/p>\n<h3><span style=\"color: #3366ff;\"><strong><b>Exposici\u00f3n<\/b><\/strong><\/span><\/h3>\n<p><img loading=\"lazy\" decoding=\"async\" class=\"aligncenter wp-image-11605 size-full\" src=\"https:\/\/seppeschina.com\/wp-content\/uploads\/2021\/03\/seppes-door7.gif\" alt=\"\" width=\"600\" height=\"338\"><\/p>\n<h3><span style=\"color: #3366ff;\"><strong><b>Ventajas<\/b><\/strong><\/span><\/h3>\n<p><img loading=\"lazy\" decoding=\"async\" class=\"aligncenter size-full wp-image-11824\" src=\"https:\/\/seppeschina.com\/wp-content\/uploads\/2021\/04\/\u786c\u8d28\u5feb\u901f\u95e8_02.gif\" alt=\"\" width=\"600\" height=\"636\"><\/p>\n<h3><span style=\"color: #3366ff;\"><strong><b>Aplicaciones<\/b><\/strong><\/span><\/h3>\n<p><strong><b><img loading=\"lazy\" decoding=\"async\" class=\"aligncenter wp-image-11612 size-full\" src=\"https:\/\/seppeschina.com\/wp-content\/uploads\/2021\/03\/seppes-door2.jpg\" alt=\"\" width=\"600\" height=\"723\" srcset=\"https:\/\/seppeschina.com\/wp-content\/uploads\/2021\/03\/seppes-door2.jpg 600w, https:\/\/seppeschina.com\/wp-content\/uploads\/2021\/03\/seppes-door2-360x434.jpg 360w, https:\/\/seppeschina.com\/wp-content\/uploads\/2021\/03\/seppes-door2-249x300.jpg 249w, https:\/\/seppeschina.com\/wp-content\/uploads\/2021\/03\/seppes-door2-456x550.jpg 456w\" sizes=\"auto, (max-width: 600px) 100vw, 600px\" \/><\/b><\/strong><\/p>\n<h3><span style=\"color: #3366ff;\"><strong><b>Nuestros socios<\/b><\/strong><\/span><\/h3>\n<p>Convertirse en proveedor cooperativo de casi 60 empresas Fortune 500 como IKEA, Logitech, Fresenius, Akzo Nobel, etc.<\/p>\n<p><img loading=\"lazy\" decoding=\"async\" class=\"aligncenter wp-image-11608 size-full\" src=\"https:\/\/seppeschina.com\/wp-content\/uploads\/2021\/03\/seppes-door10.gif\" alt=\"\" width=\"600\" height=\"491\"><\/p>\n<h3><span style=\"color: #3366ff;\"><strong><b>Certificaciones<\/b><\/strong><\/span><\/h3>\n<p><img loading=\"lazy\" decoding=\"async\" class=\"aligncenter wp-image-11597 size-full\" src=\"https:\/\/seppeschina.com\/wp-content\/uploads\/2021\/03\/fast-door6.gif\" alt=\"\" width=\"600\" height=\"488\"><\/p>\n<p>&nbsp;<\/p>\n<h3><span style=\"color: #3366ff;\"><strong><b>Entrega y Embalaje<\/b><\/strong><\/span><\/h3>\n<p>Nuestro m\u00e9todo de embalaje es caja de madera, y los m\u00e9todos de transporte incluyen mensajer\u00eda, a\u00e9reo y mar\u00edtimo. Normalmente 3-7 d\u00edas despu\u00e9s de realizar el pedido.<\/p>\n<p><img loading=\"lazy\" decoding=\"async\" class=\"aligncenter wp-image-11818 size-full\" src=\"https:\/\/seppeschina.com\/wp-content\/uploads\/2021\/04\/H847d78bca14e40ceb2854a49609655195.png\" alt=\"\" width=\"750\" height=\"310\" srcset=\"https:\/\/seppeschina.com\/wp-content\/uploads\/2021\/04\/H847d78bca14e40ceb2854a49609655195.png 750w, https:\/\/seppeschina.com\/wp-content\/uploads\/2021\/04\/H847d78bca14e40ceb2854a49609655195-360x149.png 360w, https:\/\/seppeschina.com\/wp-content\/uploads\/2021\/04\/H847d78bca14e40ceb2854a49609655195-600x248.png 600w, https:\/\/seppeschina.com\/wp-content\/uploads\/2021\/04\/H847d78bca14e40ceb2854a49609655195-300x124.png 300w, https:\/\/seppeschina.com\/wp-content\/uploads\/2021\/04\/H847d78bca14e40ceb2854a49609655195-550x227.png 550w\" sizes=\"auto, (max-width: 750px) 100vw, 750px\" \/><\/p>\n<h3><span style=\"color: #3366ff;\">Preguntas Frecuentes<\/span><\/h3>\n<p><strong>P: \u00bfQu\u00e9 hay sobre la potencia y el voltaje?<\/strong><\/p>\n<p><strong>R: Se puede personalizar. Normalmente 220V, 0.75KW, 50HZ, monof\u00e1sico.<\/strong><\/p>\n<p><strong>P\uff1a\u00bfQu\u00e9 materiales de marco para puerta r\u00e1pida se pueden elegir?<\/strong><\/p>\n<p><strong>R: Marco de puerta de acero pintado, marco de puerta SUS304 \/316, marco de puerta de aleaci\u00f3n de aluminio.<\/strong><\/p>\n<p><strong>P\uff1a\u00bfCu\u00e1l es el precio de una puerta r\u00e1pida?<\/strong><\/p>\n<p><strong>R\uff1aDepende de su tama\u00f1o y otros dispositivos.<\/strong><\/p>\n<p><strong>P\uff1a\u00bfC\u00f3mo elegir la f\u00e1brica de puertas r\u00e1pidas?<\/strong><\/p>\n<p><strong>R: Certificados: SGS, CE, m\u00e1s de 10 a\u00f1os de experiencia.<\/strong><\/p>\n<p><strong>P\uff1a\u00bfPodemos instalar la puerta r\u00e1pida nosotros mismos?<\/strong><\/p>\n<p><strong>R: S\u00ed, muy simple. Podemos proporcionar manual de instalaci\u00f3n en ingl\u00e9s y videos gu\u00eda.\u00a0<\/strong><\/p>\n<p><strong>P\uff1a\u00bfCu\u00e1nto tiempo puede durar?<\/strong><\/p>\n<p><strong>R: Aproximadamente 10-15 a\u00f1os.<\/strong><\/p>\n<p><strong>P\uff1a\u00bfCu\u00e1les son los m\u00e9todos de apertura autom\u00e1tica \/ inteligente de la puerta r\u00e1pida?<\/strong><\/p>\n<p><strong>R\uff1aBot\u00f3n de empuje manual, dispositivo sensor de movimiento autom\u00e1tico, inducci\u00f3n por lazo, interruptor de tracci\u00f3n, tarjeta de proximidad, vinculado con PLC o AGV.<\/strong><\/p>\n\n<div class=\"wpcf7 no-js\" id=\"wpcf7-f1555-o1\" lang=\"en-US\" dir=\"ltr\" data-wpcf7-id=\"1555\">\n<div class=\"screen-reader-response\"><p role=\"status\" aria-live=\"polite\" aria-atomic=\"true\"><\/p> <ul><\/ul><\/div>\n<form action=\"\/es\/wp-json\/wp\/v2\/product\/11261#wpcf7-f1555-o1\" method=\"post\" class=\"wpcf7-form init\" aria-label=\"Contact form\" novalidate=\"novalidate\" data-status=\"init\" data-trp-original-action=\"\/es\/wp-json\/wp\/v2\/product\/11261#wpcf7-f1555-o1\">\n<fieldset class=\"hidden-fields-container\"><input type=\"hidden\" name=\"_wpcf7\" value=\"1555\" \/><input type=\"hidden\" name=\"_wpcf7_version\" value=\"6.1.4\" \/><input type=\"hidden\" name=\"_wpcf7_locale\" value=\"en_US\" \/><input type=\"hidden\" name=\"_wpcf7_unit_tag\" value=\"wpcf7-f1555-o1\" \/><input type=\"hidden\" name=\"_wpcf7_container_post\" value=\"0\" \/><input type=\"hidden\" name=\"_wpcf7_posted_data_hash\" value=\"\" \/><input type=\"hidden\" name=\"_wpcf7_recaptcha_response\" value=\"\" \/>\n<\/fieldset>\n<div class=\"hunkcf71\">\n\t<p class=\"cf7-title\" style=\"font-size:25px;\"><i class=\"fa fa-envelope-o\"><\/i> \u00a1Responderemos a su correo electr\u00f3nico en breve!\n\t<\/p>\n\t<p><span class=\"wpcf7-form-control-wrap\" data-name=\"text-737\"><input size=\"40\" maxlength=\"400\" class=\"wpcf7-form-control wpcf7-text wpcf7-validates-as-required\" aria-required=\"true\" aria-invalid=\"false\" placeholder=\"Su nombre*\" value=\"\" type=\"text\" name=\"text-737\" \/><\/span>\n\t<\/p>\n\t<p><span class=\"wpcf7-form-control-wrap\" data-name=\"email-193\"><input size=\"40\" maxlength=\"400\" class=\"wpcf7-form-control wpcf7-email wpcf7-validates-as-required wpcf7-text wpcf7-validates-as-email\" aria-required=\"true\" aria-invalid=\"false\" placeholder=\"Direcci\u00f3n de correo electr\u00f3nico*\" value=\"\" type=\"email\" name=\"email-193\" \/><\/span>\n\t<\/p>\n\t<p><span class=\"wpcf7-form-control-wrap\" data-name=\"text-738\"><input size=\"40\" maxlength=\"400\" class=\"wpcf7-form-control wpcf7-text\" aria-invalid=\"false\" placeholder=\"N\u00famero de tel\u00e9fono\" value=\"\" type=\"text\" name=\"text-738\" \/><\/span>\n\t<\/p>\n\t<p><span class=\"wpcf7-form-control-wrap\" data-name=\"textarea-837\"><textarea cols=\"40\" rows=\"10\" maxlength=\"2000\" class=\"wpcf7-form-control wpcf7-textarea wpcf7-validates-as-required\" aria-required=\"true\" aria-invalid=\"false\" placeholder=\"Describa su necesidad de la manera m\u00e1s espec\u00edfica posible*\" name=\"textarea-837\"><\/textarea><\/span>\n\t<\/p>\n\t<p><input class=\"wpcf7-form-control wpcf7-submit has-spinner\" type=\"submit\" value=\"Enviar\" \/>\n\t<\/p>\n<\/div><div class=\"wpcf7-response-output\" aria-hidden=\"true\"><\/div>\n<input type=\"hidden\" name=\"trp-form-language\" value=\"es\"\/><\/form>\n<\/div>\n\n<\/div>\n<\/div>","protected":false},"excerpt":{"rendered":"<p><strong><span lang=\"en\">Cinco esquemas estructurales <\/span><\/strong><\/p>\n<p><strong><span lang=\"en\">1. Estructura de succi\u00f3n espiral est\u00e1ndar <\/span><\/strong><\/p>\n<p><strong><span lang=\"en\">2. Estructura de succi\u00f3n espiral el\u00edptica <\/span><\/strong><\/p>\n<p><strong><span lang=\"en\">3. Estructura en forma de L <\/span><\/strong><\/p>\n<p><strong><span lang=\"en\">4. Estructura vertical<\/span><\/strong><\/p>\n<p><strong><span lang=\"en\"> 5. Estructura dormida<\/span><\/strong><\/p>","protected":false},"featured_media":10280,"comment_status":"open","ping_status":"closed","template":"","meta":[],"product_brand":[],"product_cat":[253],"product_tag":[350],"class_list":{"0":"post-11261","1":"product","2":"type-product","3":"status-publish","4":"has-post-thumbnail","6":"product_cat-high-speed-spiral-door","7":"product_tag-high-speed-spiral-door","10":"first","11":"instock","12":"shipping-taxable","13":"product-type-simple"},"_links":{"self":[{"href":"https:\/\/seppeschina.com\/es\/wp-json\/wp\/v2\/product\/11261","targetHints":{"allow":["GET"]}}],"collection":[{"href":"https:\/\/seppeschina.com\/es\/wp-json\/wp\/v2\/product"}],"about":[{"href":"https:\/\/seppeschina.com\/es\/wp-json\/wp\/v2\/types\/product"}],"replies":[{"embeddable":true,"href":"https:\/\/seppeschina.com\/es\/wp-json\/wp\/v2\/comments?post=11261"}],"wp:featuredmedia":[{"embeddable":true,"href":"https:\/\/seppeschina.com\/es\/wp-json\/wp\/v2\/media\/10280"}],"wp:attachment":[{"href":"https:\/\/seppeschina.com\/es\/wp-json\/wp\/v2\/media?parent=11261"}],"wp:term":[{"taxonomy":"product_brand","embeddable":true,"href":"https:\/\/seppeschina.com\/es\/wp-json\/wp\/v2\/product_brand?post=11261"},{"taxonomy":"product_cat","embeddable":true,"href":"https:\/\/seppeschina.com\/es\/wp-json\/wp\/v2\/product_cat?post=11261"},{"taxonomy":"product_tag","embeddable":true,"href":"https:\/\/seppeschina.com\/es\/wp-json\/wp\/v2\/product_tag?post=11261"}],"curies":[{"name":"wp","href":"https:\/\/api.w.org\/{rel}","templated":true}]}}