{"id":11828,"date":"2021-04-02T17:02:26","date_gmt":"2021-04-02T09:02:26","guid":{"rendered":"https:\/\/seppeschina.com\/?post_type=product&#038;p=11828"},"modified":"2025-05-19T15:50:49","modified_gmt":"2025-05-19T07:50:49","slug":"puerta-de-apilamiento-rapida-automatica-de-alta-calidad-y-alta-velocidad-de-pvc-seppes","status":"publish","type":"product","link":"https:\/\/seppeschina.com\/es\/product\/seppes-high-quality-fast-automatic-up-high-speed-rapid-pvc-stacking-door\/","title":{"rendered":"PUERTA R\u00c1PIDA APILABLE ROJA SEPPES"},"content":{"rendered":"<h3><strong>Descripci\u00f3n del Producto<\/strong><\/h3>\n<p><strong>Puerta de Alta Velocidad de Apilamiento<\/strong>\u00a0Adopta un m\u00e9todo de elevaci\u00f3n plegable y m\u00faltiples palancas horizontales antiviento integradas o externas, lo que permite que la presi\u00f3n del viento se distribuya uniformemente sobre toda la cortina, pudiendo resistir vientos de aproximadamente fuerza 10, y su resistencia al viento es muy superior a la del tipo tambor convencional.<\/p>\n<p><img loading=\"lazy\" decoding=\"async\" class=\"aligncenter wp-image-10627\" src=\"https:\/\/seppeschina.com\/wp-content\/uploads\/2018\/02\/\u5806\u79ef\u95e84.jpg\" alt=\"\" width=\"600\" height=\"404\" srcset=\"https:\/\/seppeschina.com\/wp-content\/uploads\/2018\/02\/\u5806\u79ef\u95e84.jpg 1600w, https:\/\/seppeschina.com\/wp-content\/uploads\/2018\/02\/\u5806\u79ef\u95e84-360x242.jpg 360w, https:\/\/seppeschina.com\/wp-content\/uploads\/2018\/02\/\u5806\u79ef\u95e84-600x404.jpg 600w, https:\/\/seppeschina.com\/wp-content\/uploads\/2018\/02\/\u5806\u79ef\u95e84-300x202.jpg 300w, https:\/\/seppeschina.com\/wp-content\/uploads\/2018\/02\/\u5806\u79ef\u95e84-1024x689.jpg 1024w, https:\/\/seppeschina.com\/wp-content\/uploads\/2018\/02\/\u5806\u79ef\u95e84-768x517.jpg 768w, https:\/\/seppeschina.com\/wp-content\/uploads\/2018\/02\/\u5806\u79ef\u95e84-1536x1034.jpg 1536w, https:\/\/seppeschina.com\/wp-content\/uploads\/2018\/02\/\u5806\u79ef\u95e84-550x370.jpg 550w\" sizes=\"auto, (max-width: 600px) 100vw, 600px\" \/><\/p>\n<h3 id=\"ali-anchor-AliMagic-859kg7\" class=\"magic-3\" data-section=\"AliMagic-859kg7\" data-section-title=\"Details of products\" data-spm-anchor-id=\"a2700.details.pronpeci14.i1.7e7c6220zGAGVA\"><strong>Detalles de los productos<\/strong><\/h3>\n<p><img loading=\"lazy\" decoding=\"async\" class=\"aligncenter size-full wp-image-11832\" src=\"https:\/\/seppeschina.com\/wp-content\/uploads\/2021\/04\/\u5fae\u4fe1\u56fe\u7247_20210402164528.png\" alt=\"\" width=\"590\" height=\"255\" srcset=\"https:\/\/seppeschina.com\/wp-content\/uploads\/2021\/04\/\u5fae\u4fe1\u56fe\u7247_20210402164528.png 590w, https:\/\/seppeschina.com\/wp-content\/uploads\/2021\/04\/\u5fae\u4fe1\u56fe\u7247_20210402164528-360x156.png 360w, https:\/\/seppeschina.com\/wp-content\/uploads\/2021\/04\/\u5fae\u4fe1\u56fe\u7247_20210402164528-300x130.png 300w, https:\/\/seppeschina.com\/wp-content\/uploads\/2021\/04\/\u5fae\u4fe1\u56fe\u7247_20210402164528-550x238.png 550w\" sizes=\"auto, (max-width: 590px) 100vw, 590px\" \/><\/p>\n<p><img loading=\"lazy\" decoding=\"async\" class=\"aligncenter size-full wp-image-11830\" src=\"https:\/\/seppeschina.com\/wp-content\/uploads\/2021\/04\/\u5806\u79ef\u5feb\u901f\u95e8_03.jpg\" alt=\"\" width=\"600\" height=\"634\" srcset=\"https:\/\/seppeschina.com\/wp-content\/uploads\/2021\/04\/\u5806\u79ef\u5feb\u901f\u95e8_03.jpg 600w, https:\/\/seppeschina.com\/wp-content\/uploads\/2021\/04\/\u5806\u79ef\u5feb\u901f\u95e8_03-360x380.jpg 360w, https:\/\/seppeschina.com\/wp-content\/uploads\/2021\/04\/\u5806\u79ef\u5feb\u901f\u95e8_03-284x300.jpg 284w, https:\/\/seppeschina.com\/wp-content\/uploads\/2021\/04\/\u5806\u79ef\u5feb\u901f\u95e8_03-24x24.jpg 24w, https:\/\/seppeschina.com\/wp-content\/uploads\/2021\/04\/\u5806\u79ef\u5feb\u901f\u95e8_03-521x550.jpg 521w\" sizes=\"auto, (max-width: 600px) 100vw, 600px\" \/><\/p>\n<h3><strong><b>Diagrama de estructura<\/b><\/strong><\/h3>\n<p><img loading=\"lazy\" decoding=\"async\" class=\"aligncenter wp-image-12021\" src=\"https:\/\/seppeschina.com\/wp-content\/uploads\/2021\/04\/\u7ea2\u8272\u5806\u79ef\u95e8\u7ec6\u8282\u56fe.jpg\" alt=\"\" width=\"600\" height=\"600\" srcset=\"https:\/\/seppeschina.com\/wp-content\/uploads\/2021\/04\/\u7ea2\u8272\u5806\u79ef\u95e8\u7ec6\u8282\u56fe.jpg 750w, https:\/\/seppeschina.com\/wp-content\/uploads\/2021\/04\/\u7ea2\u8272\u5806\u79ef\u95e8\u7ec6\u8282\u56fe-360x360.jpg 360w, https:\/\/seppeschina.com\/wp-content\/uploads\/2021\/04\/\u7ea2\u8272\u5806\u79ef\u95e8\u7ec6\u8282\u56fe-100x100.jpg 100w, https:\/\/seppeschina.com\/wp-content\/uploads\/2021\/04\/\u7ea2\u8272\u5806\u79ef\u95e8\u7ec6\u8282\u56fe-600x600.jpg 600w, https:\/\/seppeschina.com\/wp-content\/uploads\/2021\/04\/\u7ea2\u8272\u5806\u79ef\u95e8\u7ec6\u8282\u56fe-300x300.jpg 300w, https:\/\/seppeschina.com\/wp-content\/uploads\/2021\/04\/\u7ea2\u8272\u5806\u79ef\u95e8\u7ec6\u8282\u56fe-150x150.jpg 150w, https:\/\/seppeschina.com\/wp-content\/uploads\/2021\/04\/\u7ea2\u8272\u5806\u79ef\u95e8\u7ec6\u8282\u56fe-24x24.jpg 24w, https:\/\/seppeschina.com\/wp-content\/uploads\/2021\/04\/\u7ea2\u8272\u5806\u79ef\u95e8\u7ec6\u8282\u56fe-48x48.jpg 48w, https:\/\/seppeschina.com\/wp-content\/uploads\/2021\/04\/\u7ea2\u8272\u5806\u79ef\u95e8\u7ec6\u8282\u56fe-96x96.jpg 96w, https:\/\/seppeschina.com\/wp-content\/uploads\/2021\/04\/\u7ea2\u8272\u5806\u79ef\u95e8\u7ec6\u8282\u56fe-364x364.jpg 364w, https:\/\/seppeschina.com\/wp-content\/uploads\/2021\/04\/\u7ea2\u8272\u5806\u79ef\u95e8\u7ec6\u8282\u56fe-50x50.jpg 50w, https:\/\/seppeschina.com\/wp-content\/uploads\/2021\/04\/\u7ea2\u8272\u5806\u79ef\u95e8\u7ec6\u8282\u56fe-110x110.jpg 110w, https:\/\/seppeschina.com\/wp-content\/uploads\/2021\/04\/\u7ea2\u8272\u5806\u79ef\u95e8\u7ec6\u8282\u56fe-275x275.jpg 275w, https:\/\/seppeschina.com\/wp-content\/uploads\/2021\/04\/\u7ea2\u8272\u5806\u79ef\u95e8\u7ec6\u8282\u56fe-480x480.jpg 480w, https:\/\/seppeschina.com\/wp-content\/uploads\/2021\/04\/\u7ea2\u8272\u5806\u79ef\u95e8\u7ec6\u8282\u56fe-550x550.jpg 550w\" sizes=\"auto, (max-width: 600px) 100vw, 600px\" \/><\/p>\n<h3>Formas de apertura de puerta<\/h3>\n<p>Contamos con botones manuales est\u00e1ndar de doble cara, opcionales: radar, geomaletismo, cadena de tracci\u00f3n, control remoto, Bluetooth con cremallera, etc.<\/p>\n<p><img loading=\"lazy\" decoding=\"async\" class=\"aligncenter wp-image-10010\" src=\"https:\/\/seppeschina.com\/wp-content\/uploads\/2019\/04\/\u95e8\u5f00\u5173\u65b9\u5f0f.jpg\" alt=\"\" width=\"600\" height=\"600\" srcset=\"https:\/\/seppeschina.com\/wp-content\/uploads\/2019\/04\/\u95e8\u5f00\u5173\u65b9\u5f0f.jpg 750w, https:\/\/seppeschina.com\/wp-content\/uploads\/2019\/04\/\u95e8\u5f00\u5173\u65b9\u5f0f-360x360.jpg 360w, https:\/\/seppeschina.com\/wp-content\/uploads\/2019\/04\/\u95e8\u5f00\u5173\u65b9\u5f0f-100x100.jpg 100w, https:\/\/seppeschina.com\/wp-content\/uploads\/2019\/04\/\u95e8\u5f00\u5173\u65b9\u5f0f-600x600.jpg 600w, https:\/\/seppeschina.com\/wp-content\/uploads\/2019\/04\/\u95e8\u5f00\u5173\u65b9\u5f0f-300x300.jpg 300w, https:\/\/seppeschina.com\/wp-content\/uploads\/2019\/04\/\u95e8\u5f00\u5173\u65b9\u5f0f-150x150.jpg 150w, https:\/\/seppeschina.com\/wp-content\/uploads\/2019\/04\/\u95e8\u5f00\u5173\u65b9\u5f0f-24x24.jpg 24w, https:\/\/seppeschina.com\/wp-content\/uploads\/2019\/04\/\u95e8\u5f00\u5173\u65b9\u5f0f-48x48.jpg 48w, https:\/\/seppeschina.com\/wp-content\/uploads\/2019\/04\/\u95e8\u5f00\u5173\u65b9\u5f0f-96x96.jpg 96w, https:\/\/seppeschina.com\/wp-content\/uploads\/2019\/04\/\u95e8\u5f00\u5173\u65b9\u5f0f-364x364.jpg 364w, https:\/\/seppeschina.com\/wp-content\/uploads\/2019\/04\/\u95e8\u5f00\u5173\u65b9\u5f0f-50x50.jpg 50w, https:\/\/seppeschina.com\/wp-content\/uploads\/2019\/04\/\u95e8\u5f00\u5173\u65b9\u5f0f-110x110.jpg 110w, https:\/\/seppeschina.com\/wp-content\/uploads\/2019\/04\/\u95e8\u5f00\u5173\u65b9\u5f0f-275x275.jpg 275w, https:\/\/seppeschina.com\/wp-content\/uploads\/2019\/04\/\u95e8\u5f00\u5173\u65b9\u5f0f-480x480.jpg 480w, https:\/\/seppeschina.com\/wp-content\/uploads\/2019\/04\/\u95e8\u5f00\u5173\u65b9\u5f0f-550x550.jpg 550w\" sizes=\"auto, (max-width: 600px) 100vw, 600px\" \/><\/p>\n<h3>Elecci\u00f3n de Colores<\/h3>\n<p><strong>Azul<\/strong>: RAL:<span class=\"magic-25\" data-spm-anchor-id=\"a2700.details.pronpeci14.i0.3aea5170eoKBGW\">5002;\u00a0<strong>Amarillo<\/strong>: RAL:1003;\u00a0<strong>Rojo<\/strong>: RAL:3002;\u00a0<\/span><span class=\"magic-25\" data-spm-anchor-id=\"a2700.details.pronpeci14.i0.3aea5170eoKBGW\"><strong>Blanco<\/strong>: RAL:9003;\u00a0<strong>Gris:\u00a0<\/strong><span class=\"magic-24\" data-spm-anchor-id=\"a2700.details.pronpeci14.i4.3aea5170eoKBGW\">RAL:<\/span>9006<\/span><\/p>\n<p><img loading=\"lazy\" decoding=\"async\" class=\"aligncenter wp-image-10104\" src=\"https:\/\/seppeschina.com\/wp-content\/uploads\/2019\/04\/COLOR-1.jpg\" sizes=\"auto, (max-width: 600px) 100vw, 600px\" srcset=\"https:\/\/seppeschina.com\/wp-content\/uploads\/2019\/04\/COLOR-1.jpg 750w, https:\/\/seppeschina.com\/wp-content\/uploads\/2019\/04\/COLOR-1-300x300.jpg 300w, https:\/\/seppeschina.com\/wp-content\/uploads\/2019\/04\/COLOR-1-150x150.jpg 150w, https:\/\/seppeschina.com\/wp-content\/uploads\/2019\/04\/COLOR-1-360x360.jpg 360w, https:\/\/seppeschina.com\/wp-content\/uploads\/2019\/04\/COLOR-1-600x600.jpg 600w, https:\/\/seppeschina.com\/wp-content\/uploads\/2019\/04\/COLOR-1-100x100.jpg 100w, https:\/\/seppeschina.com\/wp-content\/uploads\/2019\/04\/COLOR-1-24x24.jpg 24w, https:\/\/seppeschina.com\/wp-content\/uploads\/2019\/04\/COLOR-1-48x48.jpg 48w, https:\/\/seppeschina.com\/wp-content\/uploads\/2019\/04\/COLOR-1-96x96.jpg 96w, https:\/\/seppeschina.com\/wp-content\/uploads\/2019\/04\/COLOR-1-364x364.jpg 364w, https:\/\/seppeschina.com\/wp-content\/uploads\/2019\/04\/COLOR-1-50x50.jpg 50w, https:\/\/seppeschina.com\/wp-content\/uploads\/2019\/04\/COLOR-1-110x110.jpg 110w, https:\/\/seppeschina.com\/wp-content\/uploads\/2019\/04\/COLOR-1-275x275.jpg 275w, https:\/\/seppeschina.com\/wp-content\/uploads\/2019\/04\/COLOR-1-480x480.jpg 480w, https:\/\/seppeschina.com\/wp-content\/uploads\/2019\/04\/COLOR-1-550x550.jpg 550w\" alt=\"\" width=\"600\" height=\"600\"><\/p>\n<h3>Producto relacionado<\/h3>\n<p><img loading=\"lazy\" decoding=\"async\" class=\"aligncenter size-full wp-image-11610\" src=\"https:\/\/seppeschina.com\/wp-content\/uploads\/2021\/03\/seppes-door12.jpg\" alt=\"\" width=\"600\" height=\"217\" srcset=\"https:\/\/seppeschina.com\/wp-content\/uploads\/2021\/03\/seppes-door12.jpg 600w, https:\/\/seppeschina.com\/wp-content\/uploads\/2021\/03\/seppes-door12-360x130.jpg 360w, https:\/\/seppeschina.com\/wp-content\/uploads\/2021\/03\/seppes-door12-300x109.jpg 300w, https:\/\/seppeschina.com\/wp-content\/uploads\/2021\/03\/seppes-door12-550x199.jpg 550w\" sizes=\"auto, (max-width: 600px) 100vw, 600px\" \/><\/p>\n<p><img loading=\"lazy\" decoding=\"async\" class=\"aligncenter size-full wp-image-11533\" src=\"https:\/\/seppeschina.com\/wp-content\/uploads\/2021\/03\/\u5feb\u901f\u95e8_08.gif\" alt=\"\" width=\"600\" height=\"528\"><\/p>\n<div class=\"woocommerce-tabs wc-tabs-wrapper\">\n<div id=\"tab-description\" class=\"woocommerce-Tabs-panel woocommerce-Tabs-panel--description panel entry-content wc-tab\" role=\"tabpanel\" aria-labelledby=\"tab-title-description\">\n<div class=\"J_module\">\n<div class=\"ife-detail-decorate-table\">\n<h3>\u00bfPor qu\u00e9 elegirnos?<\/h3>\n<p><img loading=\"lazy\" decoding=\"async\" class=\"aligncenter wp-image-9998\" src=\"https:\/\/seppeschina.com\/wp-content\/uploads\/2019\/04\/why-choose-us.jpg\" sizes=\"auto, (max-width: 600px) 100vw, 600px\" srcset=\"https:\/\/seppeschina.com\/wp-content\/uploads\/2019\/04\/why-choose-us.jpg 750w, https:\/\/seppeschina.com\/wp-content\/uploads\/2019\/04\/why-choose-us-300x300.jpg 300w, https:\/\/seppeschina.com\/wp-content\/uploads\/2019\/04\/why-choose-us-150x150.jpg 150w, https:\/\/seppeschina.com\/wp-content\/uploads\/2019\/04\/why-choose-us-360x360.jpg 360w, https:\/\/seppeschina.com\/wp-content\/uploads\/2019\/04\/why-choose-us-600x600.jpg 600w, https:\/\/seppeschina.com\/wp-content\/uploads\/2019\/04\/why-choose-us-100x100.jpg 100w, https:\/\/seppeschina.com\/wp-content\/uploads\/2019\/04\/why-choose-us-24x24.jpg 24w, https:\/\/seppeschina.com\/wp-content\/uploads\/2019\/04\/why-choose-us-48x48.jpg 48w, https:\/\/seppeschina.com\/wp-content\/uploads\/2019\/04\/why-choose-us-96x96.jpg 96w, https:\/\/seppeschina.com\/wp-content\/uploads\/2019\/04\/why-choose-us-364x364.jpg 364w, https:\/\/seppeschina.com\/wp-content\/uploads\/2019\/04\/why-choose-us-50x50.jpg 50w, https:\/\/seppeschina.com\/wp-content\/uploads\/2019\/04\/why-choose-us-110x110.jpg 110w, https:\/\/seppeschina.com\/wp-content\/uploads\/2019\/04\/why-choose-us-275x275.jpg 275w, https:\/\/seppeschina.com\/wp-content\/uploads\/2019\/04\/why-choose-us-480x480.jpg 480w, https:\/\/seppeschina.com\/wp-content\/uploads\/2019\/04\/why-choose-us-550x550.jpg 550w\" alt=\"\" width=\"600\" height=\"600\"><\/p>\n<h3><strong><b>Perfil de la Empresa<\/b><\/strong><\/h3>\n<p><strong><b>Seppes Door Industry (Suzhou) Co., Ltd.<\/b><\/strong>\u00a0fue establecida en 2011 y es una empresa de fabricaci\u00f3n y comercio con 9 a\u00f1os de experiencia. Nuestros productos principales son puertas de alta velocidad, puertas enrollables r\u00e1pidas, puertas enrollables autom\u00e1ticas, puertas combinadas, etc.<\/p>\n<p><img loading=\"lazy\" decoding=\"async\" class=\"aligncenter wp-image-9951\" src=\"https:\/\/seppeschina.com\/wp-content\/uploads\/2019\/04\/company.jpg\" sizes=\"auto, (max-width: 600px) 100vw, 600px\" srcset=\"https:\/\/seppeschina.com\/wp-content\/uploads\/2019\/04\/company.jpg 750w, https:\/\/seppeschina.com\/wp-content\/uploads\/2019\/04\/company-150x150.jpg 150w, https:\/\/seppeschina.com\/wp-content\/uploads\/2019\/04\/company-300x300.jpg 300w, https:\/\/seppeschina.com\/wp-content\/uploads\/2019\/04\/company-360x360.jpg 360w, https:\/\/seppeschina.com\/wp-content\/uploads\/2019\/04\/company-600x600.jpg 600w, https:\/\/seppeschina.com\/wp-content\/uploads\/2019\/04\/company-100x100.jpg 100w, https:\/\/seppeschina.com\/wp-content\/uploads\/2019\/04\/company-24x24.jpg 24w, https:\/\/seppeschina.com\/wp-content\/uploads\/2019\/04\/company-48x48.jpg 48w, https:\/\/seppeschina.com\/wp-content\/uploads\/2019\/04\/company-96x96.jpg 96w, https:\/\/seppeschina.com\/wp-content\/uploads\/2019\/04\/company-364x364.jpg 364w, https:\/\/seppeschina.com\/wp-content\/uploads\/2019\/04\/company-50x50.jpg 50w, https:\/\/seppeschina.com\/wp-content\/uploads\/2019\/04\/company-110x110.jpg 110w, https:\/\/seppeschina.com\/wp-content\/uploads\/2019\/04\/company-275x275.jpg 275w, https:\/\/seppeschina.com\/wp-content\/uploads\/2019\/04\/company-480x480.jpg 480w, https:\/\/seppeschina.com\/wp-content\/uploads\/2019\/04\/company-550x550.jpg 550w\" alt=\"\" width=\"600\" height=\"600\"><\/p>\n<h3><strong><b>Exhibici\u00f3n de f\u00e1brica\u00a0\u00a0<\/b><\/strong><\/h3>\n<p>Esta es nuestra exhibici\u00f3n de f\u00e1brica. Est\u00e1 equipada con una f\u00e1brica de producci\u00f3n profesional de m\u00e1s de 17,500 metros cuadrados, y la l\u00ednea de producci\u00f3n automatizada redundante est\u00e1 preparada con equipos de ensamblaje personalizados para satisfacer las diversas necesidades de producci\u00f3n r\u00e1pida estandarizada y fabricaci\u00f3n personalizada a medida.<\/p>\n<p><img loading=\"lazy\" decoding=\"async\" class=\"aligncenter wp-image-11604 size-full\" src=\"https:\/\/seppeschina.com\/wp-content\/uploads\/2021\/03\/seppes-door6.gif\" alt=\"\" width=\"600\" height=\"358\"><\/p>\n<h3>Fotos de clientes<\/h3>\n<p><img loading=\"lazy\" decoding=\"async\" class=\"aligncenter wp-image-11605 size-full\" src=\"https:\/\/seppeschina.com\/wp-content\/uploads\/2021\/03\/seppes-door7.gif\" alt=\"\" width=\"600\" height=\"338\"><\/p>\n<h3><strong><b>Nuestros socios<\/b><\/strong><\/h3>\n<p>Convertirse en proveedor cooperativo de casi 60 empresas Fortune 500 como Mercedes-Benz, NSK, Procter &amp; Gamble y ABB.<\/p>\n<p><img loading=\"lazy\" decoding=\"async\" class=\"aligncenter wp-image-11608 size-full\" src=\"https:\/\/seppeschina.com\/wp-content\/uploads\/2021\/03\/seppes-door10.gif\" alt=\"\" width=\"600\" height=\"491\"><\/p>\n<h3><strong><b>Ventajas<\/b><\/strong><\/h3>\n<p><img loading=\"lazy\" decoding=\"async\" class=\"aligncenter size-full wp-image-11831\" src=\"https:\/\/seppeschina.com\/wp-content\/uploads\/2021\/04\/%E5%A0%86%E7%A7%AF%E5%BF%AB%E9%80%9F%E9%97%A8_02.jpg\" sizes=\"auto, (max-width: 600px) 100vw, 600px\" srcset=\"https:\/\/seppeschina.com\/wp-content\/uploads\/2021\/04\/\u5806\u79ef\u5feb\u901f\u95e8_02.jpg 600w, https:\/\/seppeschina.com\/wp-content\/uploads\/2021\/04\/\u5806\u79ef\u5feb\u901f\u95e8_02-287x300.jpg 287w, https:\/\/seppeschina.com\/wp-content\/uploads\/2021\/04\/\u5806\u79ef\u5feb\u901f\u95e8_02-360x377.jpg 360w, https:\/\/seppeschina.com\/wp-content\/uploads\/2021\/04\/\u5806\u79ef\u5feb\u901f\u95e8_02-24x24.jpg 24w, https:\/\/seppeschina.com\/wp-content\/uploads\/2021\/04\/\u5806\u79ef\u5feb\u901f\u95e8_02-525x550.jpg 525w\" alt=\"\" width=\"600\" height=\"628\"><\/p>\n<h3><strong><b>Aplicaciones<\/b><\/strong><\/h3>\n<p>Esta es una variedad de puertas r\u00e1pidas que aplicamos realmente a empresas, incluyendo industrias farmac\u00e9utica, electr\u00f3nica, alimentaria, qu\u00edmica, automotriz, textil, impresi\u00f3n, log\u00edstica, entre otras.<\/p>\n<p><img loading=\"lazy\" decoding=\"async\" class=\"aligncenter wp-image-11612 size-full\" src=\"https:\/\/seppeschina.com\/wp-content\/uploads\/2021\/03\/seppes-door2.jpg\" sizes=\"auto, (max-width: 600px) 100vw, 600px\" srcset=\"https:\/\/seppeschina.com\/wp-content\/uploads\/2021\/03\/seppes-door2.jpg 600w, https:\/\/seppeschina.com\/wp-content\/uploads\/2021\/03\/seppes-door2-249x300.jpg 249w, https:\/\/seppeschina.com\/wp-content\/uploads\/2021\/03\/seppes-door2-360x434.jpg 360w, https:\/\/seppeschina.com\/wp-content\/uploads\/2021\/03\/seppes-door2-456x550.jpg 456w\" alt=\"\" width=\"600\" height=\"723\"><\/p>\n<h3><strong><b>Entrega y Embalaje<\/b><\/strong><\/h3>\n<div><b><span class=\"magic-28\" data-spm-anchor-id=\"a2700.wholesale.pronpeci14.i1.279a24cb2YGapr\">M\u00e1s R\u00e1pido y Seguro<\/span><\/b><\/div>\n<div>Tres tipos de transporte. Para garantizar mejor la seguridad de sus mercanc\u00edas, se proporcionar\u00e1n servicios de embalaje profesionales, ecol\u00f3gicos, convenientes y eficientes.<\/div>\n<p><img loading=\"lazy\" decoding=\"async\" class=\"aligncenter wp-image-9880\" src=\"https:\/\/seppeschina.com\/wp-content\/uploads\/2019\/04\/shipping.jpg\" sizes=\"auto, (max-width: 600px) 100vw, 600px\" srcset=\"https:\/\/seppeschina.com\/wp-content\/uploads\/2019\/04\/shipping.jpg 750w, https:\/\/seppeschina.com\/wp-content\/uploads\/2019\/04\/shipping-150x150.jpg 150w, https:\/\/seppeschina.com\/wp-content\/uploads\/2019\/04\/shipping-300x300.jpg 300w, https:\/\/seppeschina.com\/wp-content\/uploads\/2019\/04\/shipping-360x360.jpg 360w, https:\/\/seppeschina.com\/wp-content\/uploads\/2019\/04\/shipping-600x600.jpg 600w, https:\/\/seppeschina.com\/wp-content\/uploads\/2019\/04\/shipping-100x100.jpg 100w, https:\/\/seppeschina.com\/wp-content\/uploads\/2019\/04\/shipping-24x24.jpg 24w, https:\/\/seppeschina.com\/wp-content\/uploads\/2019\/04\/shipping-48x48.jpg 48w, https:\/\/seppeschina.com\/wp-content\/uploads\/2019\/04\/shipping-96x96.jpg 96w, https:\/\/seppeschina.com\/wp-content\/uploads\/2019\/04\/shipping-364x364.jpg 364w, https:\/\/seppeschina.com\/wp-content\/uploads\/2019\/04\/shipping-50x50.jpg 50w, https:\/\/seppeschina.com\/wp-content\/uploads\/2019\/04\/shipping-110x110.jpg 110w, https:\/\/seppeschina.com\/wp-content\/uploads\/2019\/04\/shipping-275x275.jpg 275w, https:\/\/seppeschina.com\/wp-content\/uploads\/2019\/04\/shipping-480x480.jpg 480w, https:\/\/seppeschina.com\/wp-content\/uploads\/2019\/04\/shipping-550x550.jpg 550w\" alt=\"\" width=\"600\" height=\"600\"><\/p>\n<h3>Preguntas Frecuentes<\/h3>\n<p><strong>P: \u00bfQu\u00e9 tipo de motor tiene la puerta r\u00e1pida de alta velocidad?<\/strong><\/p>\n<p>R: Motor servo, 220V - 0.75 KW - 50HZ - 1 fase.<\/p>\n<p><b data-spm-anchor-id=\"a2700.custom-template.0.i72.27b43333dfASdI\">P: \u00bfDe qu\u00e9 material es el marco de la puerta r\u00e1pida de alta velocidad?<\/b><\/p>\n<p>R: Marco de acero pintado, marco SUS304, marco de aleaci\u00f3n de aluminio.<\/p>\n<p><b><span data-spm-anchor-id=\"a2700.custom-template.0.i5.27b43333UNBSMa\">P: \u00bfCu\u00e1l es el precio de la puerta r\u00e1pida de alta velocidad?<\/span><\/b><\/p>\n<p>R: Depende del tama\u00f1o y otros dispositivos.<\/p>\n<p><b><span data-spm-anchor-id=\"a2700.custom-template.0.i4.27b43333UNBSMa\">P: \u00bfEn qu\u00e9 tipo de lugar se puede usar la puerta r\u00e1pida?<\/span><\/b><\/p>\n<p>R: Ampliamente utilizada en grandes almacenes y talleres con aberturas de puerta grandes.<\/p>\n<p><b><span data-spm-anchor-id=\"a2700.custom-template.0.i7.27b43333UNBSMa\">P: \u00bfCu\u00e1nto tiempo puede durar la puerta r\u00e1pida?<\/span><\/b><\/p>\n<p>A: 8-10 a\u00f1os<\/p>\n<p><b>P: \u00bfPodemos instalar la puerta r\u00e1pida nosotros mismos?<\/b><\/p>\n<p>R: S\u00ed, es muy sencillo. Podemos proporcionar manual de instalaci\u00f3n en ingl\u00e9s y videos gu\u00eda.<\/p>\n<p><b><span data-spm-anchor-id=\"a2700.custom-template.0.i93.27b43333dfASdI\">P: \u00bfCu\u00e1les son los m\u00e9todos de apertura autom\u00e1tica\/inteligente de la puerta r\u00e1pida?<\/span><\/b><\/p>\n<p>R: Bot\u00f3n manual de empuje, dispositivo autom\u00e1tico de sensor de movimiento, inducci\u00f3n por bucle, interruptor de tracci\u00f3n, paso de tarjeta, vinculado con PLC o AGV.<\/p>\n\n<div class=\"wpcf7 no-js\" id=\"wpcf7-f1555-o1\" lang=\"en-US\" dir=\"ltr\" data-wpcf7-id=\"1555\">\n<div class=\"screen-reader-response\"><p role=\"status\" aria-live=\"polite\" aria-atomic=\"true\"><\/p> <ul><\/ul><\/div>\n<form action=\"\/es\/wp-json\/wp\/v2\/product\/11828#wpcf7-f1555-o1\" method=\"post\" class=\"wpcf7-form init\" aria-label=\"Contact form\" novalidate=\"novalidate\" data-status=\"init\" data-trp-original-action=\"\/es\/wp-json\/wp\/v2\/product\/11828#wpcf7-f1555-o1\">\n<fieldset class=\"hidden-fields-container\"><input type=\"hidden\" name=\"_wpcf7\" value=\"1555\" \/><input type=\"hidden\" name=\"_wpcf7_version\" value=\"6.1.4\" \/><input type=\"hidden\" name=\"_wpcf7_locale\" value=\"en_US\" \/><input type=\"hidden\" name=\"_wpcf7_unit_tag\" value=\"wpcf7-f1555-o1\" \/><input type=\"hidden\" name=\"_wpcf7_container_post\" value=\"0\" \/><input type=\"hidden\" name=\"_wpcf7_posted_data_hash\" value=\"\" \/><input type=\"hidden\" name=\"_wpcf7_recaptcha_response\" value=\"\" \/>\n<\/fieldset>\n<div class=\"hunkcf71\">\n\t<p class=\"cf7-title\" style=\"font-size:25px;\"><i class=\"fa fa-envelope-o\"><\/i> \u00a1Responderemos a su correo electr\u00f3nico en breve!\n\t<\/p>\n\t<p><span class=\"wpcf7-form-control-wrap\" data-name=\"text-737\"><input size=\"40\" maxlength=\"400\" class=\"wpcf7-form-control wpcf7-text wpcf7-validates-as-required\" aria-required=\"true\" aria-invalid=\"false\" placeholder=\"Su nombre*\" value=\"\" type=\"text\" name=\"text-737\" \/><\/span>\n\t<\/p>\n\t<p><span class=\"wpcf7-form-control-wrap\" data-name=\"email-193\"><input size=\"40\" maxlength=\"400\" class=\"wpcf7-form-control wpcf7-email wpcf7-validates-as-required wpcf7-text wpcf7-validates-as-email\" aria-required=\"true\" aria-invalid=\"false\" placeholder=\"Direcci\u00f3n de correo electr\u00f3nico*\" value=\"\" type=\"email\" name=\"email-193\" \/><\/span>\n\t<\/p>\n\t<p><span class=\"wpcf7-form-control-wrap\" data-name=\"text-738\"><input size=\"40\" maxlength=\"400\" class=\"wpcf7-form-control wpcf7-text\" aria-invalid=\"false\" placeholder=\"N\u00famero de tel\u00e9fono\" value=\"\" type=\"text\" name=\"text-738\" \/><\/span>\n\t<\/p>\n\t<p><span class=\"wpcf7-form-control-wrap\" data-name=\"textarea-837\"><textarea cols=\"40\" rows=\"10\" maxlength=\"2000\" class=\"wpcf7-form-control wpcf7-textarea wpcf7-validates-as-required\" aria-required=\"true\" aria-invalid=\"false\" placeholder=\"Describa su necesidad de la manera m\u00e1s espec\u00edfica posible*\" name=\"textarea-837\"><\/textarea><\/span>\n\t<\/p>\n\t<p><input class=\"wpcf7-form-control wpcf7-submit has-spinner\" type=\"submit\" value=\"Enviar\" \/>\n\t<\/p>\n<\/div><div class=\"wpcf7-response-output\" aria-hidden=\"true\"><\/div>\n<input type=\"hidden\" name=\"trp-form-language\" value=\"es\"\/><\/form>\n<\/div>\n\n<\/div>\n<\/div>\n<\/div>\n<\/div>","protected":false},"excerpt":{"rendered":"<p>Product Description High Speed Stacking Door\u00a0adopts a folding lifting method and multiple built-in or external horizontal wind-resistant levers, so that the wind pressure can be evenly distributed on the whole curtain, and it can resist about 10 strong winds, and its wind resistance is much higher than the conventional drum type. Details of products Structure diagram Door opening ways We have standard double-sided manual buttons, optional radar, geomagnetism, drawstring, remote control, zipper Bluetooth, etc. Colors choose Blue: RAL:5002;\u00a0Yellow: RAL:1003;\u00a0Red: RAL:3002;\u00a0White: RAL:9003;\u00a0Gray:\u00a0RAL:9006 Related product Why choose us? Company Profile Seppes Door Industry (Suzhou) Co., Ltd.\u00a0was established in 2011 and is a manufacturing and trading company with 9 years of experience. Our main products are high-speed doors, fast rolling doors, automatic rolling [&hellip;]<\/p>\n","protected":false},"featured_media":11833,"comment_status":"open","ping_status":"closed","template":"","meta":[],"product_brand":[],"product_cat":[309],"product_tag":[320],"class_list":{"0":"post-11828","1":"product","2":"type-product","3":"status-publish","4":"has-post-thumbnail","6":"product_cat-high-speed-door","7":"product_tag-high-speed-stacking-door","10":"first","11":"instock","12":"shipping-taxable","13":"product-type-simple"},"_links":{"self":[{"href":"https:\/\/seppeschina.com\/es\/wp-json\/wp\/v2\/product\/11828","targetHints":{"allow":["GET"]}}],"collection":[{"href":"https:\/\/seppeschina.com\/es\/wp-json\/wp\/v2\/product"}],"about":[{"href":"https:\/\/seppeschina.com\/es\/wp-json\/wp\/v2\/types\/product"}],"replies":[{"embeddable":true,"href":"https:\/\/seppeschina.com\/es\/wp-json\/wp\/v2\/comments?post=11828"}],"wp:featuredmedia":[{"embeddable":true,"href":"https:\/\/seppeschina.com\/es\/wp-json\/wp\/v2\/media\/11833"}],"wp:attachment":[{"href":"https:\/\/seppeschina.com\/es\/wp-json\/wp\/v2\/media?parent=11828"}],"wp:term":[{"taxonomy":"product_brand","embeddable":true,"href":"https:\/\/seppeschina.com\/es\/wp-json\/wp\/v2\/product_brand?post=11828"},{"taxonomy":"product_cat","embeddable":true,"href":"https:\/\/seppeschina.com\/es\/wp-json\/wp\/v2\/product_cat?post=11828"},{"taxonomy":"product_tag","embeddable":true,"href":"https:\/\/seppeschina.com\/es\/wp-json\/wp\/v2\/product_tag?post=11828"}],"curies":[{"name":"wp","href":"https:\/\/api.w.org\/{rel}","templated":true}]}}