{"id":12745,"date":"2021-09-15T15:56:30","date_gmt":"2021-09-15T07:56:30","guid":{"rendered":"https:\/\/seppeschina.com\/?post_type=product&#038;p=12745"},"modified":"2022-07-13T13:09:39","modified_gmt":"2022-07-13T05:09:39","slug":"puerta-automatica-para-camaras-frigorificas-con-aislamiento-termico-de-pvc-industrial","status":"publish","type":"product","link":"https:\/\/seppeschina.com\/es\/product\/industrial-pvc-thermal-insulation-automatic-cold-room-door\/","title":{"rendered":"Puerta autom\u00e1tica de c\u00e1mara fr\u00eda con aislamiento t\u00e9rmico de PVC industrial"},"content":{"rendered":"<h3><img loading=\"lazy\" decoding=\"async\" class=\"aligncenter size-full wp-image-12738\" src=\"https:\/\/seppeschina.com\/wp-content\/uploads\/2021\/09\/1.jpg\" alt=\"\" width=\"750\" height=\"750\" srcset=\"https:\/\/seppeschina.com\/wp-content\/uploads\/2021\/09\/1.jpg 750w, https:\/\/seppeschina.com\/wp-content\/uploads\/2021\/09\/1-360x360.jpg 360w, https:\/\/seppeschina.com\/wp-content\/uploads\/2021\/09\/1-100x100.jpg 100w, https:\/\/seppeschina.com\/wp-content\/uploads\/2021\/09\/1-600x600.jpg 600w, https:\/\/seppeschina.com\/wp-content\/uploads\/2021\/09\/1-300x300.jpg 300w, https:\/\/seppeschina.com\/wp-content\/uploads\/2021\/09\/1-150x150.jpg 150w, https:\/\/seppeschina.com\/wp-content\/uploads\/2021\/09\/1-24x24.jpg 24w, https:\/\/seppeschina.com\/wp-content\/uploads\/2021\/09\/1-48x48.jpg 48w, https:\/\/seppeschina.com\/wp-content\/uploads\/2021\/09\/1-96x96.jpg 96w, https:\/\/seppeschina.com\/wp-content\/uploads\/2021\/09\/1-364x364.jpg 364w, https:\/\/seppeschina.com\/wp-content\/uploads\/2021\/09\/1-50x50.jpg 50w, https:\/\/seppeschina.com\/wp-content\/uploads\/2021\/09\/1-110x110.jpg 110w, https:\/\/seppeschina.com\/wp-content\/uploads\/2021\/09\/1-275x275.jpg 275w, https:\/\/seppeschina.com\/wp-content\/uploads\/2021\/09\/1-480x480.jpg 480w, https:\/\/seppeschina.com\/wp-content\/uploads\/2021\/09\/1-550x550.jpg 550w\" sizes=\"auto, (max-width: 750px) 100vw, 750px\" \/><\/h3>\n<h3>Descripci\u00f3n del Producto<\/h3>\n<p>Las caracter\u00edsticas convencionales de la Puerta R\u00e1pida de Aislamiento T\u00e9rmico incluyen:<\/p>\n<p><span class=\"VIiyi\" lang=\"en\"><span class=\"JLqJ4b ChMk0b\" data-language-for-alternatives=\"en\" data-language-to-translate-into=\"zh-CN\" data-phrase-index=\"0\">1. Aislamiento: Cortina de puerta compuesta multicapa y engrosada, rellena con materiales aislantes, lo que reduce significativamente la transferencia de calor<\/span><\/span><\/p>\n<p><span class=\"VIiyi\" lang=\"en\"><span class=\"JLqJ4b ChMk0b\" data-language-for-alternatives=\"en\" data-language-to-translate-into=\"zh-CN\" data-phrase-index=\"2\">2. Estanqueidad: cepillos o bandas de goma de doble hilera en la gu\u00eda sellados en un cassette para bloquear la convecci\u00f3n de aire y favorecer la conservaci\u00f3n de calor<\/span><\/span><\/p>\n<p><span class=\"VIiyi\" lang=\"en\"><span class=\"JLqJ4b ChMk0b\" data-language-for-alternatives=\"en\" data-language-to-translate-into=\"zh-CN\" data-phrase-index=\"4\">3. Resistencia al viento: el perfil de aluminio integrado en la cortina resiste la presi\u00f3n e impacto del viento, mejorando la est\u00e9tica integrada de la cortina<\/span><\/span><\/p>\n<p><span class=\"VIiyi\" lang=\"en\"><span class=\"JLqJ4b ChMk0b\" data-language-for-alternatives=\"en\" data-language-to-translate-into=\"zh-CN\" data-phrase-index=\"6\">4. Accionamiento: Motor servo tubular integrado montado, mayor precisi\u00f3n, rodillo m\u00e1s grande, velocidad de apertura de puerta m\u00e1s r\u00e1pida<br \/>\n<\/span><\/span><\/p>\n<p><span class=\"VIiyi\" lang=\"en\"><span class=\"JLqJ4b ChMk0b\" data-language-for-alternatives=\"en\" data-language-to-translate-into=\"zh-CN\" data-phrase-index=\"8\">5. Marco: Marco y componentes de acero inoxidable SUS304, resistentes a la corrosi\u00f3n y f\u00e1ciles de limpiar, m\u00e1s adecuados para entornos de c\u00e1maras frigor\u00edficas<\/span><\/span><\/p>\n<p><span class=\"VIiyi\" lang=\"en\"><span class=\"JLqJ4b ChMk0b\" data-language-for-alternatives=\"en\" data-language-to-translate-into=\"zh-CN\" data-phrase-index=\"10\">6. Seguridad: dispositivo de protecci\u00f3n de seguridad infrarrojo est\u00e1ndar contra atrapamientos, borde inferior con airbag inal\u00e1mbrico opcional (tecnolog\u00eda patentada SEPPES)<\/span><\/span><\/p>\n<p><span class=\"VIiyi\" lang=\"en\"><span class=\"JLqJ4b ChMk0b\" data-language-for-alternatives=\"en\" data-language-to-translate-into=\"zh-CN\" data-phrase-index=\"12\">7. Anticongelante: dispositivo opcional de sistema de calefacci\u00f3n de gu\u00edas para prevenir condensaci\u00f3n y formaci\u00f3n de hielo<\/span><\/span><\/p>\n<div class=\"J_module\">\n<h3 id=\"ali-anchor-AliMagic-x5rm3m\" class=\"magic-0\" data-section=\"AliMagic-x5rm3m\" data-section-title=\"Charactor\" data-spm-anchor-id=\"a2700.details.pronpeci14.i2.5aa0fa97NHfjD2\">1. Caracter\u00edsticas<\/h3>\n<\/div>\n<div class=\"J_module\">\n<div class=\"ife-detail-decorate-table\">\n<h3><img loading=\"lazy\" decoding=\"async\" class=\"aligncenter size-full wp-image-12056\" src=\"https:\/\/seppeschina.com\/wp-content\/uploads\/2021\/03\/\u4fdd\u6e29\u5feb\u901f\u95e8_04.jpg\" alt=\"\" width=\"600\" height=\"463\" srcset=\"https:\/\/seppeschina.com\/wp-content\/uploads\/2021\/03\/\u4fdd\u6e29\u5feb\u901f\u95e8_04.jpg 600w, https:\/\/seppeschina.com\/wp-content\/uploads\/2021\/03\/\u4fdd\u6e29\u5feb\u901f\u95e8_04-360x278.jpg 360w, https:\/\/seppeschina.com\/wp-content\/uploads\/2021\/03\/\u4fdd\u6e29\u5feb\u901f\u95e8_04-300x232.jpg 300w, https:\/\/seppeschina.com\/wp-content\/uploads\/2021\/03\/\u4fdd\u6e29\u5feb\u901f\u95e8_04-550x424.jpg 550w\" sizes=\"auto, (max-width: 600px) 100vw, 600px\" \/><\/h3>\n<h3>\u00a0<strong><b>2. Diagrama de Estructura<\/b><\/strong><\/h3>\n<p><img loading=\"lazy\" decoding=\"async\" class=\"aligncenter wp-image-12057\" src=\"https:\/\/seppeschina.com\/wp-content\/uploads\/2021\/03\/\u6a59\u8272\u4fdd\u6e29\u95e8\u7ec6\u8282\u56fe.jpg\" alt=\"\" width=\"600\" height=\"600\" srcset=\"https:\/\/seppeschina.com\/wp-content\/uploads\/2021\/03\/\u6a59\u8272\u4fdd\u6e29\u95e8\u7ec6\u8282\u56fe.jpg 750w, https:\/\/seppeschina.com\/wp-content\/uploads\/2021\/03\/\u6a59\u8272\u4fdd\u6e29\u95e8\u7ec6\u8282\u56fe-360x360.jpg 360w, https:\/\/seppeschina.com\/wp-content\/uploads\/2021\/03\/\u6a59\u8272\u4fdd\u6e29\u95e8\u7ec6\u8282\u56fe-100x100.jpg 100w, https:\/\/seppeschina.com\/wp-content\/uploads\/2021\/03\/\u6a59\u8272\u4fdd\u6e29\u95e8\u7ec6\u8282\u56fe-600x600.jpg 600w, https:\/\/seppeschina.com\/wp-content\/uploads\/2021\/03\/\u6a59\u8272\u4fdd\u6e29\u95e8\u7ec6\u8282\u56fe-300x300.jpg 300w, https:\/\/seppeschina.com\/wp-content\/uploads\/2021\/03\/\u6a59\u8272\u4fdd\u6e29\u95e8\u7ec6\u8282\u56fe-150x150.jpg 150w, https:\/\/seppeschina.com\/wp-content\/uploads\/2021\/03\/\u6a59\u8272\u4fdd\u6e29\u95e8\u7ec6\u8282\u56fe-24x24.jpg 24w, https:\/\/seppeschina.com\/wp-content\/uploads\/2021\/03\/\u6a59\u8272\u4fdd\u6e29\u95e8\u7ec6\u8282\u56fe-48x48.jpg 48w, https:\/\/seppeschina.com\/wp-content\/uploads\/2021\/03\/\u6a59\u8272\u4fdd\u6e29\u95e8\u7ec6\u8282\u56fe-96x96.jpg 96w, https:\/\/seppeschina.com\/wp-content\/uploads\/2021\/03\/\u6a59\u8272\u4fdd\u6e29\u95e8\u7ec6\u8282\u56fe-364x364.jpg 364w, https:\/\/seppeschina.com\/wp-content\/uploads\/2021\/03\/\u6a59\u8272\u4fdd\u6e29\u95e8\u7ec6\u8282\u56fe-50x50.jpg 50w, https:\/\/seppeschina.com\/wp-content\/uploads\/2021\/03\/\u6a59\u8272\u4fdd\u6e29\u95e8\u7ec6\u8282\u56fe-110x110.jpg 110w, https:\/\/seppeschina.com\/wp-content\/uploads\/2021\/03\/\u6a59\u8272\u4fdd\u6e29\u95e8\u7ec6\u8282\u56fe-275x275.jpg 275w, https:\/\/seppeschina.com\/wp-content\/uploads\/2021\/03\/\u6a59\u8272\u4fdd\u6e29\u95e8\u7ec6\u8282\u56fe-480x480.jpg 480w, https:\/\/seppeschina.com\/wp-content\/uploads\/2021\/03\/\u6a59\u8272\u4fdd\u6e29\u95e8\u7ec6\u8282\u56fe-550x550.jpg 550w\" sizes=\"auto, (max-width: 600px) 100vw, 600px\" \/><\/p>\n<h3>3. Detalles del Producto<\/h3>\n<p><img loading=\"lazy\" decoding=\"async\" class=\"aligncenter size-full wp-image-12742\" src=\"https:\/\/seppeschina.com\/wp-content\/uploads\/2021\/09\/3-1.jpg\" alt=\"\" width=\"750\" height=\"763\" srcset=\"https:\/\/seppeschina.com\/wp-content\/uploads\/2021\/09\/3-1.jpg 750w, https:\/\/seppeschina.com\/wp-content\/uploads\/2021\/09\/3-1-360x366.jpg 360w, https:\/\/seppeschina.com\/wp-content\/uploads\/2021\/09\/3-1-600x610.jpg 600w, https:\/\/seppeschina.com\/wp-content\/uploads\/2021\/09\/3-1-295x300.jpg 295w, https:\/\/seppeschina.com\/wp-content\/uploads\/2021\/09\/3-1-24x24.jpg 24w, https:\/\/seppeschina.com\/wp-content\/uploads\/2021\/09\/3-1-48x48.jpg 48w, https:\/\/seppeschina.com\/wp-content\/uploads\/2021\/09\/3-1-50x50.jpg 50w, https:\/\/seppeschina.com\/wp-content\/uploads\/2021\/09\/3-1-541x550.jpg 541w\" sizes=\"auto, (max-width: 750px) 100vw, 750px\" \/><\/p>\n<p>&nbsp;<\/p>\n<h3><strong>4. Modos de Apertura de Puerta<\/strong><\/h3>\n<p>Nuestro m\u00e9todo de apertura de puerta est\u00e1ndar es\u00a0<strong>doble cara<\/strong>\u00a0<strong>bot\u00f3n manual<\/strong>,\u00a0<strong>radar opcional<\/strong>,\u00a0<strong>geomagnetismo<\/strong>,\u00a0<strong>cadena de tracci\u00f3n<\/strong>,\u00a0<strong>control remoto<\/strong>,\u00a0<strong>Bluetooth<\/strong>,\u00a0<strong>interruptor inal\u00e1mbrico<\/strong>, etc.<\/p>\n<p><img loading=\"lazy\" decoding=\"async\" class=\"aligncenter wp-image-11980\" src=\"https:\/\/seppeschina.com\/wp-content\/uploads\/2019\/04\/\u6a59\u8272\u5f00\u5173\u56fe.jpg\" alt=\"\" width=\"600\" height=\"600\" srcset=\"https:\/\/seppeschina.com\/wp-content\/uploads\/2019\/04\/\u6a59\u8272\u5f00\u5173\u56fe.jpg 750w, https:\/\/seppeschina.com\/wp-content\/uploads\/2019\/04\/\u6a59\u8272\u5f00\u5173\u56fe-360x360.jpg 360w, https:\/\/seppeschina.com\/wp-content\/uploads\/2019\/04\/\u6a59\u8272\u5f00\u5173\u56fe-100x100.jpg 100w, https:\/\/seppeschina.com\/wp-content\/uploads\/2019\/04\/\u6a59\u8272\u5f00\u5173\u56fe-600x600.jpg 600w, https:\/\/seppeschina.com\/wp-content\/uploads\/2019\/04\/\u6a59\u8272\u5f00\u5173\u56fe-300x300.jpg 300w, https:\/\/seppeschina.com\/wp-content\/uploads\/2019\/04\/\u6a59\u8272\u5f00\u5173\u56fe-150x150.jpg 150w, https:\/\/seppeschina.com\/wp-content\/uploads\/2019\/04\/\u6a59\u8272\u5f00\u5173\u56fe-24x24.jpg 24w, https:\/\/seppeschina.com\/wp-content\/uploads\/2019\/04\/\u6a59\u8272\u5f00\u5173\u56fe-48x48.jpg 48w, https:\/\/seppeschina.com\/wp-content\/uploads\/2019\/04\/\u6a59\u8272\u5f00\u5173\u56fe-96x96.jpg 96w, https:\/\/seppeschina.com\/wp-content\/uploads\/2019\/04\/\u6a59\u8272\u5f00\u5173\u56fe-364x364.jpg 364w, https:\/\/seppeschina.com\/wp-content\/uploads\/2019\/04\/\u6a59\u8272\u5f00\u5173\u56fe-50x50.jpg 50w, https:\/\/seppeschina.com\/wp-content\/uploads\/2019\/04\/\u6a59\u8272\u5f00\u5173\u56fe-110x110.jpg 110w, https:\/\/seppeschina.com\/wp-content\/uploads\/2019\/04\/\u6a59\u8272\u5f00\u5173\u56fe-275x275.jpg 275w, https:\/\/seppeschina.com\/wp-content\/uploads\/2019\/04\/\u6a59\u8272\u5f00\u5173\u56fe-480x480.jpg 480w, https:\/\/seppeschina.com\/wp-content\/uploads\/2019\/04\/\u6a59\u8272\u5f00\u5173\u56fe-550x550.jpg 550w\" sizes=\"auto, (max-width: 600px) 100vw, 600px\" \/><\/p>\n<h3>5. \u00bfPor qu\u00e9 elegirnos?<\/h3>\n<p><img loading=\"lazy\" decoding=\"async\" class=\"aligncenter size-full wp-image-12739\" src=\"https:\/\/seppeschina.com\/wp-content\/uploads\/2021\/09\/2.jpg\" alt=\"\" width=\"750\" height=\"483\" srcset=\"https:\/\/seppeschina.com\/wp-content\/uploads\/2021\/09\/2.jpg 750w, https:\/\/seppeschina.com\/wp-content\/uploads\/2021\/09\/2-360x232.jpg 360w, https:\/\/seppeschina.com\/wp-content\/uploads\/2021\/09\/2-600x386.jpg 600w, https:\/\/seppeschina.com\/wp-content\/uploads\/2021\/09\/2-300x193.jpg 300w, https:\/\/seppeschina.com\/wp-content\/uploads\/2021\/09\/2-550x354.jpg 550w\" sizes=\"auto, (max-width: 750px) 100vw, 750px\" \/><\/p>\n<h3>6. Perfil de la Empresa<\/h3>\n<p><img loading=\"lazy\" decoding=\"async\" class=\"aligncenter size-full wp-image-12740\" src=\"https:\/\/seppeschina.com\/wp-content\/uploads\/2021\/09\/8.jpg\" alt=\"\" width=\"750\" height=\"932\" srcset=\"https:\/\/seppeschina.com\/wp-content\/uploads\/2021\/09\/8.jpg 750w, https:\/\/seppeschina.com\/wp-content\/uploads\/2021\/09\/8-360x447.jpg 360w, https:\/\/seppeschina.com\/wp-content\/uploads\/2021\/09\/8-600x746.jpg 600w, https:\/\/seppeschina.com\/wp-content\/uploads\/2021\/09\/8-241x300.jpg 241w, https:\/\/seppeschina.com\/wp-content\/uploads\/2021\/09\/8-443x550.jpg 443w\" sizes=\"auto, (max-width: 750px) 100vw, 750px\" \/><\/p>\n<h3><strong><b>7. Exhibici\u00f3n de F\u00e1brica<\/b><\/strong><\/h3>\n<p><img loading=\"lazy\" decoding=\"async\" class=\"aligncenter size-full wp-image-12741\" src=\"https:\/\/seppeschina.com\/wp-content\/uploads\/2021\/09\/6.jpg\" alt=\"\" width=\"750\" height=\"533\" srcset=\"https:\/\/seppeschina.com\/wp-content\/uploads\/2021\/09\/6.jpg 750w, https:\/\/seppeschina.com\/wp-content\/uploads\/2021\/09\/6-360x256.jpg 360w, https:\/\/seppeschina.com\/wp-content\/uploads\/2021\/09\/6-600x426.jpg 600w, https:\/\/seppeschina.com\/wp-content\/uploads\/2021\/09\/6-300x213.jpg 300w, https:\/\/seppeschina.com\/wp-content\/uploads\/2021\/09\/6-550x391.jpg 550w\" sizes=\"auto, (max-width: 750px) 100vw, 750px\" \/><\/p>\n<h3><b class=\"magic-6\" data-spm-anchor-id=\"a2700.details.pronpeci14.i5.4d3ffa9795VXQD\">8. Exposiciones<\/b><\/h3>\n<p>Esta es una foto grupal tomada por nuestros clientes extranjeros durante su visita a nuestra empresa, incluyendo pa\u00edses como Estados Unidos, Australia, Espa\u00f1a, Chile, Israel, entre otros.<\/p>\n<p><img loading=\"lazy\" decoding=\"async\" class=\"aligncenter wp-image-11605 size-full\" src=\"https:\/\/seppeschina.com\/wp-content\/uploads\/2021\/03\/seppes-door7.gif\" alt=\"\" width=\"600\" height=\"338\"><\/p>\n<h3>9. Aplicaciones<\/h3>\n<p><img loading=\"lazy\" decoding=\"async\" class=\"aligncenter size-full wp-image-12743\" src=\"https:\/\/seppeschina.com\/wp-content\/uploads\/2021\/09\/5.jpg\" alt=\"\" width=\"750\" height=\"1475\" srcset=\"https:\/\/seppeschina.com\/wp-content\/uploads\/2021\/09\/5.jpg 750w, https:\/\/seppeschina.com\/wp-content\/uploads\/2021\/09\/5-360x708.jpg 360w, https:\/\/seppeschina.com\/wp-content\/uploads\/2021\/09\/5-600x1180.jpg 600w, https:\/\/seppeschina.com\/wp-content\/uploads\/2021\/09\/5-153x300.jpg 153w, https:\/\/seppeschina.com\/wp-content\/uploads\/2021\/09\/5-521x1024.jpg 521w, https:\/\/seppeschina.com\/wp-content\/uploads\/2021\/09\/5-280x550.jpg 280w\" sizes=\"auto, (max-width: 750px) 100vw, 750px\" \/><\/p>\n<h3>10. Socios<\/h3>\n<p><img loading=\"lazy\" decoding=\"async\" class=\"aligncenter size-full wp-image-12744\" src=\"https:\/\/seppeschina.com\/wp-content\/uploads\/2021\/09\/9.jpg\" alt=\"\" width=\"750\" height=\"603\" srcset=\"https:\/\/seppeschina.com\/wp-content\/uploads\/2021\/09\/9.jpg 750w, https:\/\/seppeschina.com\/wp-content\/uploads\/2021\/09\/9-360x289.jpg 360w, https:\/\/seppeschina.com\/wp-content\/uploads\/2021\/09\/9-600x482.jpg 600w, https:\/\/seppeschina.com\/wp-content\/uploads\/2021\/09\/9-300x241.jpg 300w, https:\/\/seppeschina.com\/wp-content\/uploads\/2021\/09\/9-550x442.jpg 550w\" sizes=\"auto, (max-width: 750px) 100vw, 750px\" \/><\/p>\n<p>&nbsp;<\/p>\n<h3><strong><b>11. Entrega y Embalaje<\/b><\/strong><\/h3>\n<p>Nuestro m\u00e9todo de embalaje es caja de madera, y los m\u00e9todos de transporte incluyen mensajer\u00eda, a\u00e9reo y mar\u00edtimo. Normalmente 3-7 d\u00edas despu\u00e9s de realizar el pedido.<\/p>\n<p><img loading=\"lazy\" decoding=\"async\" class=\"wp-image-9880 aligncenter\" src=\"https:\/\/seppeschina.com\/wp-content\/uploads\/2019\/04\/shipping.jpg\" sizes=\"auto, (max-width: 600px) 100vw, 600px\" srcset=\"https:\/\/seppeschina.com\/wp-content\/uploads\/2019\/04\/shipping.jpg 750w, https:\/\/seppeschina.com\/wp-content\/uploads\/2019\/04\/shipping-150x150.jpg 150w, https:\/\/seppeschina.com\/wp-content\/uploads\/2019\/04\/shipping-300x300.jpg 300w, https:\/\/seppeschina.com\/wp-content\/uploads\/2019\/04\/shipping-360x360.jpg 360w, https:\/\/seppeschina.com\/wp-content\/uploads\/2019\/04\/shipping-600x600.jpg 600w, https:\/\/seppeschina.com\/wp-content\/uploads\/2019\/04\/shipping-100x100.jpg 100w, https:\/\/seppeschina.com\/wp-content\/uploads\/2019\/04\/shipping-24x24.jpg 24w, https:\/\/seppeschina.com\/wp-content\/uploads\/2019\/04\/shipping-48x48.jpg 48w, https:\/\/seppeschina.com\/wp-content\/uploads\/2019\/04\/shipping-96x96.jpg 96w, https:\/\/seppeschina.com\/wp-content\/uploads\/2019\/04\/shipping-364x364.jpg 364w, https:\/\/seppeschina.com\/wp-content\/uploads\/2019\/04\/shipping-50x50.jpg 50w, https:\/\/seppeschina.com\/wp-content\/uploads\/2019\/04\/shipping-110x110.jpg 110w, https:\/\/seppeschina.com\/wp-content\/uploads\/2019\/04\/shipping-275x275.jpg 275w, https:\/\/seppeschina.com\/wp-content\/uploads\/2019\/04\/shipping-480x480.jpg 480w, https:\/\/seppeschina.com\/wp-content\/uploads\/2019\/04\/shipping-550x550.jpg 550w\" alt=\"\" width=\"600\" height=\"600\"><\/p>\n<h3>12. Preguntas Frecuentes<\/h3>\n<p><b><span data-spm-anchor-id=\"a2700.custom-template.0.i102.577f3333LwTOBI\">P\uff1a<\/span><span data-spm-anchor-id=\"a2700.custom-template.0.i145.577f3333LwTOBI\">\u00bfC\u00f3mo son la potencia y el voltaje?<\/span><\/b><\/p>\n<p>R\uff1aSe pueden personalizar. Normalmente 220V, 0.75KW, 50HZ, monof\u00e1sico<\/p>\n<p><b data-spm-anchor-id=\"a2700.custom-template.0.i7.577f3333SViG38\">P\uff1a\u00bfQu\u00e9 materiales de marco para puerta r\u00e1pida se pueden elegir?<\/b><\/p>\n<p>R\uff1aMarco de puerta de acero pintado, marco de puerta SUS304 \/316, marco de puerta de aleaci\u00f3n de aluminio<\/p>\n<p><b data-spm-anchor-id=\"a2700.custom-template.0.i8.577f3333SViG38\">P\uff1a\u00bfCu\u00e1l es el precio de una puerta r\u00e1pida?<\/b><\/p>\n<p>R\uff1aDepende de su tama\u00f1o y otros dispositivos.<\/p>\n<p><b data-spm-anchor-id=\"a2700.custom-template.0.i166.577f3333LwTOBI\">P\uff1a\u00bfC\u00f3mo elegir la f\u00e1brica de puertas r\u00e1pidas?<\/b><br \/>\nR\uff1aCertificada, SGS, CE, m\u00e1s de 10 a\u00f1os de experiencia<\/p>\n<p><b data-spm-anchor-id=\"a2700.custom-template.0.i9.577f3333SViG38\">P\uff1a\u00bfPodemos instalar la puerta r\u00e1pida nosotros mismos?<\/b><\/p>\n<p>R\uff1aS\u00ed, es muy sencillo. Podemos proporcionar manual de instalaci\u00f3n en ingl\u00e9s y videos gu\u00eda.<\/p>\n<p><b data-spm-anchor-id=\"a2700.custom-template.0.i10.577f3333SViG38\">P\uff1a\u00bfCu\u00e1nto tiempo puede durar?<\/b><\/p>\n<p>R\uff1aaproximadamente 10-15 a\u00f1os<\/p>\n<p><b data-spm-anchor-id=\"a2700.custom-template.0.i11.577f3333SViG38\">P\uff1a\u00bfCu\u00e1les son los m\u00e9todos de apertura autom\u00e1tica \/ inteligente de la puerta r\u00e1pida?<\/b><\/p>\n<p>R\uff1aBot\u00f3n de empuje manual, dispositivo sensor de movimiento autom\u00e1tico, inducci\u00f3n por lazo, interruptor de tracci\u00f3n, tarjeta de proximidad, vinculado con PLC o AGV.<\/p>\n\n<div class=\"wpcf7 no-js\" id=\"wpcf7-f1555-o1\" lang=\"en-US\" dir=\"ltr\" data-wpcf7-id=\"1555\">\n<div class=\"screen-reader-response\"><p role=\"status\" aria-live=\"polite\" aria-atomic=\"true\"><\/p> <ul><\/ul><\/div>\n<form action=\"\/es\/wp-json\/wp\/v2\/product\/12745#wpcf7-f1555-o1\" method=\"post\" class=\"wpcf7-form init\" aria-label=\"Contact form\" novalidate=\"novalidate\" data-status=\"init\" data-trp-original-action=\"\/es\/wp-json\/wp\/v2\/product\/12745#wpcf7-f1555-o1\">\n<fieldset class=\"hidden-fields-container\"><input type=\"hidden\" name=\"_wpcf7\" value=\"1555\" \/><input type=\"hidden\" name=\"_wpcf7_version\" value=\"6.1.4\" \/><input type=\"hidden\" name=\"_wpcf7_locale\" value=\"en_US\" \/><input type=\"hidden\" name=\"_wpcf7_unit_tag\" value=\"wpcf7-f1555-o1\" \/><input type=\"hidden\" name=\"_wpcf7_container_post\" value=\"0\" \/><input type=\"hidden\" name=\"_wpcf7_posted_data_hash\" value=\"\" \/><input type=\"hidden\" name=\"_wpcf7_recaptcha_response\" value=\"\" \/>\n<\/fieldset>\n<div class=\"hunkcf71\">\n\t<p class=\"cf7-title\" style=\"font-size:25px;\"><i class=\"fa fa-envelope-o\"><\/i> \u00a1Responderemos a su correo electr\u00f3nico en breve!\n\t<\/p>\n\t<p><span class=\"wpcf7-form-control-wrap\" data-name=\"text-737\"><input size=\"40\" maxlength=\"400\" class=\"wpcf7-form-control wpcf7-text wpcf7-validates-as-required\" aria-required=\"true\" aria-invalid=\"false\" placeholder=\"Su nombre*\" value=\"\" type=\"text\" name=\"text-737\" \/><\/span>\n\t<\/p>\n\t<p><span class=\"wpcf7-form-control-wrap\" data-name=\"email-193\"><input size=\"40\" maxlength=\"400\" class=\"wpcf7-form-control wpcf7-email wpcf7-validates-as-required wpcf7-text wpcf7-validates-as-email\" aria-required=\"true\" aria-invalid=\"false\" placeholder=\"Direcci\u00f3n de correo electr\u00f3nico*\" value=\"\" type=\"email\" name=\"email-193\" \/><\/span>\n\t<\/p>\n\t<p><span class=\"wpcf7-form-control-wrap\" data-name=\"text-738\"><input size=\"40\" maxlength=\"400\" class=\"wpcf7-form-control wpcf7-text\" aria-invalid=\"false\" placeholder=\"N\u00famero de tel\u00e9fono\" value=\"\" type=\"text\" name=\"text-738\" \/><\/span>\n\t<\/p>\n\t<p><span class=\"wpcf7-form-control-wrap\" data-name=\"textarea-837\"><textarea cols=\"40\" rows=\"10\" maxlength=\"2000\" class=\"wpcf7-form-control wpcf7-textarea wpcf7-validates-as-required\" aria-required=\"true\" aria-invalid=\"false\" placeholder=\"Describa su necesidad de la manera m\u00e1s espec\u00edfica posible*\" name=\"textarea-837\"><\/textarea><\/span>\n\t<\/p>\n\t<p><input class=\"wpcf7-form-control wpcf7-submit has-spinner\" type=\"submit\" value=\"Enviar\" \/>\n\t<\/p>\n<\/div><div class=\"wpcf7-response-output\" aria-hidden=\"true\"><\/div>\n<input type=\"hidden\" name=\"trp-form-language\" value=\"es\"\/><\/form>\n<\/div>\n\n<\/div>\n<\/div>","protected":false},"excerpt":{"rendered":"<p><strong><b>Posee buenas funciones de protecci\u00f3n contra polvo, desodorizaci\u00f3n, apertura r\u00e1pida, conservaci\u00f3n de calor y protecci\u00f3n.<\/b><\/strong><\/p>","protected":false},"featured_media":12746,"comment_status":"open","ping_status":"closed","template":"","meta":[],"product_brand":[],"product_cat":[326],"product_tag":[343],"class_list":{"0":"post-12745","1":"product","2":"type-product","3":"status-publish","4":"has-post-thumbnail","6":"product_cat-high-speed-freezer-door","7":"product_tag-pvc-high-speed-door","10":"first","11":"instock","12":"shipping-taxable","13":"product-type-simple"},"_links":{"self":[{"href":"https:\/\/seppeschina.com\/es\/wp-json\/wp\/v2\/product\/12745","targetHints":{"allow":["GET"]}}],"collection":[{"href":"https:\/\/seppeschina.com\/es\/wp-json\/wp\/v2\/product"}],"about":[{"href":"https:\/\/seppeschina.com\/es\/wp-json\/wp\/v2\/types\/product"}],"replies":[{"embeddable":true,"href":"https:\/\/seppeschina.com\/es\/wp-json\/wp\/v2\/comments?post=12745"}],"wp:featuredmedia":[{"embeddable":true,"href":"https:\/\/seppeschina.com\/es\/wp-json\/wp\/v2\/media\/12746"}],"wp:attachment":[{"href":"https:\/\/seppeschina.com\/es\/wp-json\/wp\/v2\/media?parent=12745"}],"wp:term":[{"taxonomy":"product_brand","embeddable":true,"href":"https:\/\/seppeschina.com\/es\/wp-json\/wp\/v2\/product_brand?post=12745"},{"taxonomy":"product_cat","embeddable":true,"href":"https:\/\/seppeschina.com\/es\/wp-json\/wp\/v2\/product_cat?post=12745"},{"taxonomy":"product_tag","embeddable":true,"href":"https:\/\/seppeschina.com\/es\/wp-json\/wp\/v2\/product_tag?post=12745"}],"curies":[{"name":"wp","href":"https:\/\/api.w.org\/{rel}","templated":true}]}}