{"id":12819,"date":"2021-10-19T15:54:51","date_gmt":"2021-10-19T07:54:51","guid":{"rendered":"https:\/\/seppeschina.com\/?post_type=product&#038;p=12819"},"modified":"2021-10-19T16:00:34","modified_gmt":"2021-10-19T08:00:34","slug":"puerta-espiral-de-alta-velocidad","status":"publish","type":"product","link":"https:\/\/seppeschina.com\/es\/product\/high-speed-spiral-door\/","title":{"rendered":"Puerta de Alta Velocidad Espiral"},"content":{"rendered":"<h3>Descripci\u00f3n del producto<\/h3>\n<p>La Puerta Espiral de Alta Velocidad es una nueva marca de puerta industrial met\u00e1lica r\u00e1pida con caracter\u00edsticas antirrobo, ahorro de energ\u00eda, buen sellado, alta eficiencia y resistencia al viento.<\/p>\n<p><img loading=\"lazy\" decoding=\"async\" class=\"aligncenter size-full wp-image-12820\" src=\"https:\/\/seppeschina.com\/wp-content\/uploads\/2021\/10\/16.jpg\" alt=\"\" width=\"750\" height=\"750\" srcset=\"https:\/\/seppeschina.com\/wp-content\/uploads\/2021\/10\/16.jpg 750w, https:\/\/seppeschina.com\/wp-content\/uploads\/2021\/10\/16-360x360.jpg 360w, https:\/\/seppeschina.com\/wp-content\/uploads\/2021\/10\/16-100x100.jpg 100w, https:\/\/seppeschina.com\/wp-content\/uploads\/2021\/10\/16-600x600.jpg 600w, https:\/\/seppeschina.com\/wp-content\/uploads\/2021\/10\/16-300x300.jpg 300w, https:\/\/seppeschina.com\/wp-content\/uploads\/2021\/10\/16-150x150.jpg 150w, https:\/\/seppeschina.com\/wp-content\/uploads\/2021\/10\/16-24x24.jpg 24w, https:\/\/seppeschina.com\/wp-content\/uploads\/2021\/10\/16-48x48.jpg 48w, https:\/\/seppeschina.com\/wp-content\/uploads\/2021\/10\/16-96x96.jpg 96w, https:\/\/seppeschina.com\/wp-content\/uploads\/2021\/10\/16-364x364.jpg 364w, https:\/\/seppeschina.com\/wp-content\/uploads\/2021\/10\/16-50x50.jpg 50w, https:\/\/seppeschina.com\/wp-content\/uploads\/2021\/10\/16-110x110.jpg 110w, https:\/\/seppeschina.com\/wp-content\/uploads\/2021\/10\/16-275x275.jpg 275w, https:\/\/seppeschina.com\/wp-content\/uploads\/2021\/10\/16-480x480.jpg 480w, https:\/\/seppeschina.com\/wp-content\/uploads\/2021\/10\/16-550x550.jpg 550w\" sizes=\"auto, (max-width: 750px) 100vw, 750px\" \/><\/p>\n<h3>Detalles<\/h3>\n<p><img loading=\"lazy\" decoding=\"async\" class=\"aligncenter size-full wp-image-11822\" src=\"https:\/\/seppeschina.com\/wp-content\/uploads\/2021\/04\/\u786c\u8d28\u5feb\u901f\u95e8_04.jpg\" alt=\"\" width=\"600\" height=\"348\" srcset=\"https:\/\/seppeschina.com\/wp-content\/uploads\/2021\/04\/\u786c\u8d28\u5feb\u901f\u95e8_04.jpg 600w, https:\/\/seppeschina.com\/wp-content\/uploads\/2021\/04\/\u786c\u8d28\u5feb\u901f\u95e8_04-360x209.jpg 360w, https:\/\/seppeschina.com\/wp-content\/uploads\/2021\/04\/\u786c\u8d28\u5feb\u901f\u95e8_04-300x174.jpg 300w, https:\/\/seppeschina.com\/wp-content\/uploads\/2021\/04\/\u786c\u8d28\u5feb\u901f\u95e8_04-550x319.jpg 550w\" sizes=\"auto, (max-width: 600px) 100vw, 600px\" \/><\/p>\n<div style=\"width: 1272px;\" class=\"wp-video\"><video class=\"wp-video-shortcode\" id=\"video-12819-1\" width=\"1272\" height=\"720\" preload=\"metadata\" controls=\"controls\"><source type=\"video\/mp4\" src=\"https:\/\/seppeschina.com\/wp-content\/uploads\/2021\/10\/76.mp4?_=1\" \/><a href=\"https:\/\/seppeschina.com\/wp-content\/uploads\/2021\/10\/76.mp4\">https:\/\/seppeschina.com\/wp-content\/uploads\/2021\/10\/76.mp4<\/a><\/video><\/div>\n<div class=\"ife-detail-decorate-table\">\n<div class=\"J_module\">\n<div class=\"detail-decorate-json-renderer-container\">\n<div class=\"magic-4\">\n<div class=\"magic-5\">\n<div class=\"magic-6\">\n<h3 class=\"magic-7\"><b><span class=\"magic-21\" data-spm-anchor-id=\"a2700.details.pronpeci14.i13.12355170Y9xOFu\">Diagrama de estructura<\/span><\/b><\/h3>\n<\/div>\n<\/div>\n<\/div>\n<\/div>\n<\/div>\n<div class=\"J_module\">\n<div class=\"icbu-pc-images magic-0\">\n<div>\n<div class=\"flex-layout-v\">\n<div class=\"flex-layout-h magic-0\"><img loading=\"lazy\" decoding=\"async\" class=\"aligncenter wp-image-12071\" src=\"https:\/\/seppeschina.com\/wp-content\/uploads\/2021\/04\/\u5fae\u4fe1\u56fe\u7247_20210322151602.jpg\" alt=\"\" width=\"600\" height=\"640\" srcset=\"https:\/\/seppeschina.com\/wp-content\/uploads\/2021\/04\/\u5fae\u4fe1\u56fe\u7247_20210322151602.jpg 750w, https:\/\/seppeschina.com\/wp-content\/uploads\/2021\/04\/\u5fae\u4fe1\u56fe\u7247_20210322151602-360x384.jpg 360w, https:\/\/seppeschina.com\/wp-content\/uploads\/2021\/04\/\u5fae\u4fe1\u56fe\u7247_20210322151602-600x640.jpg 600w, https:\/\/seppeschina.com\/wp-content\/uploads\/2021\/04\/\u5fae\u4fe1\u56fe\u7247_20210322151602-281x300.jpg 281w, https:\/\/seppeschina.com\/wp-content\/uploads\/2021\/04\/\u5fae\u4fe1\u56fe\u7247_20210322151602-516x550.jpg 516w\" sizes=\"auto, (max-width: 600px) 100vw, 600px\" \/><\/div>\n<\/div>\n<\/div>\n<\/div>\n<\/div>\n<p>&nbsp;<\/p>\n<h3>Formas de apertura<\/h3>\n<p>Nuestro m\u00e9todo de apertura est\u00e1ndar es bot\u00f3n manual bilateral, con opci\u00f3n de radar, geomagnetismo, cadena de tracci\u00f3n, control remoto, Bluetooth, interruptor inal\u00e1mbrico, etc.<\/p>\n<p><img loading=\"lazy\" decoding=\"async\" class=\"aligncenter wp-image-11996\" src=\"https:\/\/seppeschina.com\/wp-content\/uploads\/2021\/03\/white-opening-picture.jpg\" sizes=\"auto, (max-width: 600px) 100vw, 600px\" srcset=\"https:\/\/seppeschina.com\/wp-content\/uploads\/2021\/03\/white-opening-picture.jpg 750w, https:\/\/seppeschina.com\/wp-content\/uploads\/2021\/03\/white-opening-picture-300x300.jpg 300w, https:\/\/seppeschina.com\/wp-content\/uploads\/2021\/03\/white-opening-picture-150x150.jpg 150w, https:\/\/seppeschina.com\/wp-content\/uploads\/2021\/03\/white-opening-picture-360x360.jpg 360w, https:\/\/seppeschina.com\/wp-content\/uploads\/2021\/03\/white-opening-picture-600x600.jpg 600w, https:\/\/seppeschina.com\/wp-content\/uploads\/2021\/03\/white-opening-picture-100x100.jpg 100w, https:\/\/seppeschina.com\/wp-content\/uploads\/2021\/03\/white-opening-picture-24x24.jpg 24w, https:\/\/seppeschina.com\/wp-content\/uploads\/2021\/03\/white-opening-picture-48x48.jpg 48w, https:\/\/seppeschina.com\/wp-content\/uploads\/2021\/03\/white-opening-picture-96x96.jpg 96w, https:\/\/seppeschina.com\/wp-content\/uploads\/2021\/03\/white-opening-picture-364x364.jpg 364w, https:\/\/seppeschina.com\/wp-content\/uploads\/2021\/03\/white-opening-picture-50x50.jpg 50w, https:\/\/seppeschina.com\/wp-content\/uploads\/2021\/03\/white-opening-picture-110x110.jpg 110w, https:\/\/seppeschina.com\/wp-content\/uploads\/2021\/03\/white-opening-picture-275x275.jpg 275w, https:\/\/seppeschina.com\/wp-content\/uploads\/2021\/03\/white-opening-picture-480x480.jpg 480w, https:\/\/seppeschina.com\/wp-content\/uploads\/2021\/03\/white-opening-picture-550x550.jpg 550w\" alt=\"\" width=\"600\" height=\"600\"><\/p>\n<p>&nbsp;<\/p>\n<\/div>\n<h3>Ventajas<\/h3>\n<p><img loading=\"lazy\" decoding=\"async\" class=\"aligncenter size-full wp-image-11824\" src=\"https:\/\/seppeschina.com\/wp-content\/uploads\/2021\/04\/\u786c\u8d28\u5feb\u901f\u95e8_02.gif\" alt=\"\" width=\"600\" height=\"636\"><\/p>\n<h3>\u00bfPor qu\u00e9 elegirnos?<\/h3>\n<p><img loading=\"lazy\" decoding=\"async\" class=\"aligncenter size-full wp-image-12513\" src=\"https:\/\/seppeschina.com\/wp-content\/uploads\/2021\/07\/fast-door-11.jpg\" alt=\"\" width=\"750\" height=\"654\" srcset=\"https:\/\/seppeschina.com\/wp-content\/uploads\/2021\/07\/fast-door-11.jpg 750w, https:\/\/seppeschina.com\/wp-content\/uploads\/2021\/07\/fast-door-11-360x314.jpg 360w, https:\/\/seppeschina.com\/wp-content\/uploads\/2021\/07\/fast-door-11-600x523.jpg 600w, https:\/\/seppeschina.com\/wp-content\/uploads\/2021\/07\/fast-door-11-300x262.jpg 300w, https:\/\/seppeschina.com\/wp-content\/uploads\/2021\/07\/fast-door-11-550x480.jpg 550w\" sizes=\"auto, (max-width: 750px) 100vw, 750px\" \/><\/p>\n<h3>Productos relacionados<\/h3>\n<p><img loading=\"lazy\" decoding=\"async\" class=\"aligncenter size-full wp-image-11610\" src=\"https:\/\/seppeschina.com\/wp-content\/uploads\/2021\/03\/seppes-door12.jpg\" alt=\"\" width=\"600\" height=\"217\" srcset=\"https:\/\/seppeschina.com\/wp-content\/uploads\/2021\/03\/seppes-door12.jpg 600w, https:\/\/seppeschina.com\/wp-content\/uploads\/2021\/03\/seppes-door12-360x130.jpg 360w, https:\/\/seppeschina.com\/wp-content\/uploads\/2021\/03\/seppes-door12-300x109.jpg 300w, https:\/\/seppeschina.com\/wp-content\/uploads\/2021\/03\/seppes-door12-550x199.jpg 550w\" sizes=\"auto, (max-width: 600px) 100vw, 600px\" \/><\/p>\n<p><img loading=\"lazy\" decoding=\"async\" class=\"aligncenter size-full wp-image-12508\" src=\"https:\/\/seppeschina.com\/wp-content\/uploads\/2021\/07\/fast-door-3.jpg\" alt=\"\" width=\"750\" height=\"734\" srcset=\"https:\/\/seppeschina.com\/wp-content\/uploads\/2021\/07\/fast-door-3.jpg 750w, https:\/\/seppeschina.com\/wp-content\/uploads\/2021\/07\/fast-door-3-360x352.jpg 360w, https:\/\/seppeschina.com\/wp-content\/uploads\/2021\/07\/fast-door-3-600x587.jpg 600w, https:\/\/seppeschina.com\/wp-content\/uploads\/2021\/07\/fast-door-3-300x294.jpg 300w, https:\/\/seppeschina.com\/wp-content\/uploads\/2021\/07\/fast-door-3-24x24.jpg 24w, https:\/\/seppeschina.com\/wp-content\/uploads\/2021\/07\/fast-door-3-48x48.jpg 48w, https:\/\/seppeschina.com\/wp-content\/uploads\/2021\/07\/fast-door-3-50x50.jpg 50w, https:\/\/seppeschina.com\/wp-content\/uploads\/2021\/07\/fast-door-3-550x538.jpg 550w\" sizes=\"auto, (max-width: 750px) 100vw, 750px\" \/><\/p>\n<h3>Perfil de la empresa<\/h3>\n<p><img loading=\"lazy\" decoding=\"async\" class=\"aligncenter size-full wp-image-12516\" src=\"https:\/\/seppeschina.com\/wp-content\/uploads\/2021\/07\/fast-door-9.jpg\" alt=\"\" width=\"750\" height=\"792\" srcset=\"https:\/\/seppeschina.com\/wp-content\/uploads\/2021\/07\/fast-door-9.jpg 750w, https:\/\/seppeschina.com\/wp-content\/uploads\/2021\/07\/fast-door-9-360x380.jpg 360w, https:\/\/seppeschina.com\/wp-content\/uploads\/2021\/07\/fast-door-9-600x634.jpg 600w, https:\/\/seppeschina.com\/wp-content\/uploads\/2021\/07\/fast-door-9-284x300.jpg 284w, https:\/\/seppeschina.com\/wp-content\/uploads\/2021\/07\/fast-door-9-24x24.jpg 24w, https:\/\/seppeschina.com\/wp-content\/uploads\/2021\/07\/fast-door-9-521x550.jpg 521w\" sizes=\"auto, (max-width: 750px) 100vw, 750px\" \/><\/p>\n<h3>Exhibici\u00f3n de f\u00e1brica<\/h3>\n<p><img loading=\"lazy\" decoding=\"async\" class=\"aligncenter size-full wp-image-12512\" src=\"https:\/\/seppeschina.com\/wp-content\/uploads\/2021\/07\/fast-door-7.jpg\" alt=\"\" width=\"750\" height=\"486\" srcset=\"https:\/\/seppeschina.com\/wp-content\/uploads\/2021\/07\/fast-door-7.jpg 750w, https:\/\/seppeschina.com\/wp-content\/uploads\/2021\/07\/fast-door-7-360x233.jpg 360w, https:\/\/seppeschina.com\/wp-content\/uploads\/2021\/07\/fast-door-7-600x389.jpg 600w, https:\/\/seppeschina.com\/wp-content\/uploads\/2021\/07\/fast-door-7-300x195.jpg 300w, https:\/\/seppeschina.com\/wp-content\/uploads\/2021\/07\/fast-door-7-128x84.jpg 128w, https:\/\/seppeschina.com\/wp-content\/uploads\/2021\/07\/fast-door-7-550x356.jpg 550w\" sizes=\"auto, (max-width: 750px) 100vw, 750px\" \/><\/p>\n<h3>Exposici\u00f3n<\/h3>\n<h3><img loading=\"lazy\" decoding=\"async\" class=\"aligncenter size-full wp-image-11605\" src=\"https:\/\/seppeschina.com\/wp-content\/uploads\/2021\/03\/seppes-door7.gif\" alt=\"\" width=\"600\" height=\"338\"><\/h3>\n<h3>Aplicaci\u00f3n<\/h3>\n<p><img loading=\"lazy\" decoding=\"async\" class=\"aligncenter size-full wp-image-12514\" src=\"https:\/\/seppeschina.com\/wp-content\/uploads\/2021\/07\/fast-door-12.jpg\" alt=\"\" width=\"750\" height=\"575\" srcset=\"https:\/\/seppeschina.com\/wp-content\/uploads\/2021\/07\/fast-door-12.jpg 750w, https:\/\/seppeschina.com\/wp-content\/uploads\/2021\/07\/fast-door-12-360x276.jpg 360w, https:\/\/seppeschina.com\/wp-content\/uploads\/2021\/07\/fast-door-12-600x460.jpg 600w, https:\/\/seppeschina.com\/wp-content\/uploads\/2021\/07\/fast-door-12-300x230.jpg 300w, https:\/\/seppeschina.com\/wp-content\/uploads\/2021\/07\/fast-door-12-550x422.jpg 550w\" sizes=\"auto, (max-width: 750px) 100vw, 750px\" \/><\/p>\n<h3>Entrega<\/h3>\n<p><img loading=\"lazy\" decoding=\"async\" class=\"aligncenter size-full wp-image-11818\" src=\"https:\/\/seppeschina.com\/wp-content\/uploads\/2021\/04\/H847d78bca14e40ceb2854a49609655195.png\" alt=\"\" width=\"750\" height=\"310\" srcset=\"https:\/\/seppeschina.com\/wp-content\/uploads\/2021\/04\/H847d78bca14e40ceb2854a49609655195.png 750w, https:\/\/seppeschina.com\/wp-content\/uploads\/2021\/04\/H847d78bca14e40ceb2854a49609655195-360x149.png 360w, https:\/\/seppeschina.com\/wp-content\/uploads\/2021\/04\/H847d78bca14e40ceb2854a49609655195-600x248.png 600w, https:\/\/seppeschina.com\/wp-content\/uploads\/2021\/04\/H847d78bca14e40ceb2854a49609655195-300x124.png 300w, https:\/\/seppeschina.com\/wp-content\/uploads\/2021\/04\/H847d78bca14e40ceb2854a49609655195-550x227.png 550w\" sizes=\"auto, (max-width: 750px) 100vw, 750px\" \/><\/p>\n<h3>Preguntas Frecuentes<\/h3>\n<p><strong>P: \u00bfQu\u00e9 hay sobre la potencia y el voltaje?<\/strong><\/p>\n<p><strong>R: Se puede personalizar. Normalmente 220V, 0.75KW, 50HZ, monof\u00e1sico.<\/strong><\/p>\n<p><strong>P\uff1a\u00bfQu\u00e9 materiales de marco para puerta r\u00e1pida se pueden elegir?<\/strong><\/p>\n<p><strong>R: Marco de puerta de acero pintado, marco de puerta SUS304 \/316, marco de puerta de aleaci\u00f3n de aluminio.<\/strong><\/p>\n<p><strong>P\uff1a\u00bfCu\u00e1l es el precio de una puerta r\u00e1pida?<\/strong><\/p>\n<p><strong>R\uff1aDepende de su tama\u00f1o y otros dispositivos.<\/strong><\/p>\n<p><strong>P\uff1a\u00bfC\u00f3mo elegir la f\u00e1brica de puertas r\u00e1pidas?<\/strong><\/p>\n<p><strong>R: Certificados: SGS, CE, m\u00e1s de 10 a\u00f1os de experiencia.<\/strong><\/p>\n<p><strong>P\uff1a\u00bfPodemos instalar la puerta r\u00e1pida nosotros mismos?<\/strong><\/p>\n<p><strong>R: S\u00ed, muy simple. Podemos proporcionar manual de instalaci\u00f3n en ingl\u00e9s y videos gu\u00eda.\u00a0<\/strong><\/p>\n<p><strong>P\uff1a\u00bfCu\u00e1nto tiempo puede durar?<\/strong><\/p>\n<p><strong>R: Aproximadamente 10-15 a\u00f1os.<\/strong><\/p>\n<p><strong>P\uff1a\u00bfCu\u00e1les son los m\u00e9todos de apertura autom\u00e1tica \/ inteligente de la puerta r\u00e1pida?<\/strong><\/p>\n<p><strong>R\uff1aBot\u00f3n de empuje manual, dispositivo sensor de movimiento autom\u00e1tico, inducci\u00f3n por lazo, interruptor de tracci\u00f3n, tarjeta de proximidad, vinculado con PLC o AGV.<\/strong><\/p>\n\n<div class=\"wpcf7 no-js\" id=\"wpcf7-f1555-o1\" lang=\"en-US\" dir=\"ltr\" data-wpcf7-id=\"1555\">\n<div class=\"screen-reader-response\"><p role=\"status\" aria-live=\"polite\" aria-atomic=\"true\"><\/p> <ul><\/ul><\/div>\n<form action=\"\/es\/wp-json\/wp\/v2\/product\/12819#wpcf7-f1555-o1\" method=\"post\" class=\"wpcf7-form init\" aria-label=\"Contact form\" novalidate=\"novalidate\" data-status=\"init\" data-trp-original-action=\"\/es\/wp-json\/wp\/v2\/product\/12819#wpcf7-f1555-o1\">\n<fieldset class=\"hidden-fields-container\"><input type=\"hidden\" name=\"_wpcf7\" value=\"1555\" \/><input type=\"hidden\" name=\"_wpcf7_version\" value=\"6.1.4\" \/><input type=\"hidden\" name=\"_wpcf7_locale\" value=\"en_US\" \/><input type=\"hidden\" name=\"_wpcf7_unit_tag\" value=\"wpcf7-f1555-o1\" \/><input type=\"hidden\" name=\"_wpcf7_container_post\" value=\"0\" \/><input type=\"hidden\" name=\"_wpcf7_posted_data_hash\" value=\"\" \/><input type=\"hidden\" name=\"_wpcf7_recaptcha_response\" value=\"\" \/>\n<\/fieldset>\n<div class=\"hunkcf71\">\n\t<p class=\"cf7-title\" style=\"font-size:25px;\"><i class=\"fa fa-envelope-o\"><\/i> \u00a1Responderemos a su correo electr\u00f3nico en breve!\n\t<\/p>\n\t<p><span class=\"wpcf7-form-control-wrap\" data-name=\"text-737\"><input size=\"40\" maxlength=\"400\" class=\"wpcf7-form-control wpcf7-text wpcf7-validates-as-required\" aria-required=\"true\" aria-invalid=\"false\" placeholder=\"Su nombre*\" value=\"\" type=\"text\" name=\"text-737\" \/><\/span>\n\t<\/p>\n\t<p><span class=\"wpcf7-form-control-wrap\" data-name=\"email-193\"><input size=\"40\" maxlength=\"400\" class=\"wpcf7-form-control wpcf7-email wpcf7-validates-as-required wpcf7-text wpcf7-validates-as-email\" aria-required=\"true\" aria-invalid=\"false\" placeholder=\"Direcci\u00f3n de correo electr\u00f3nico*\" value=\"\" type=\"email\" name=\"email-193\" \/><\/span>\n\t<\/p>\n\t<p><span class=\"wpcf7-form-control-wrap\" data-name=\"text-738\"><input size=\"40\" maxlength=\"400\" class=\"wpcf7-form-control wpcf7-text\" aria-invalid=\"false\" placeholder=\"N\u00famero de tel\u00e9fono\" value=\"\" type=\"text\" name=\"text-738\" \/><\/span>\n\t<\/p>\n\t<p><span class=\"wpcf7-form-control-wrap\" data-name=\"textarea-837\"><textarea cols=\"40\" rows=\"10\" maxlength=\"2000\" class=\"wpcf7-form-control wpcf7-textarea wpcf7-validates-as-required\" aria-required=\"true\" aria-invalid=\"false\" placeholder=\"Describa su necesidad de la manera m\u00e1s espec\u00edfica posible*\" name=\"textarea-837\"><\/textarea><\/span>\n\t<\/p>\n\t<p><input class=\"wpcf7-form-control wpcf7-submit has-spinner\" type=\"submit\" value=\"Enviar\" \/>\n\t<\/p>\n<\/div><div class=\"wpcf7-response-output\" aria-hidden=\"true\"><\/div>\n<input type=\"hidden\" name=\"trp-form-language\" value=\"es\"\/><\/form>\n<\/div>","protected":false},"excerpt":{"rendered":"<p>Product descrpition High Speed Spiral Door is a new brand metal rapid industrial door with anti-theft,save energy,good sealing,high efficiency,anti-wind. Details Structure diagram &nbsp; Opening ways Our standard door opening method is double-sided manual button, optional radar, geomagnetism, drawstring, remote control, Bluetooth, wireless switch, ect. &nbsp; Advantages Why Choose Us? Related products company profile Factory show Exhibition Application Delivery FAQ Q\uff1aHow about the power and\u00a0 voltage ? A\uff1aCan be customized Normally 220V,0.75KW,50HZ,1-phrase Q\uff1aWhat\u2019s the material of high speed door frame can choose ? A\uff1aPainted steel door frame,SUS304 \/316 door frame,aluminium alloy door frame Q\uff1aWhat\u2019s the price of high speed door ? A\uff1aDepends on your size and other devices. Q\uff1aHow to choose the high speed door factory? A\uff1aCertified, SGS ,CE,more than 10 [&hellip;]<\/p>\n","protected":false},"featured_media":11014,"comment_status":"open","ping_status":"closed","template":"","meta":[],"product_brand":[],"product_cat":[253],"product_tag":[],"class_list":{"0":"post-12819","1":"product","2":"type-product","3":"status-publish","4":"has-post-thumbnail","6":"product_cat-high-speed-spiral-door","9":"first","10":"instock","11":"shipping-taxable","12":"product-type-simple"},"_links":{"self":[{"href":"https:\/\/seppeschina.com\/es\/wp-json\/wp\/v2\/product\/12819","targetHints":{"allow":["GET"]}}],"collection":[{"href":"https:\/\/seppeschina.com\/es\/wp-json\/wp\/v2\/product"}],"about":[{"href":"https:\/\/seppeschina.com\/es\/wp-json\/wp\/v2\/types\/product"}],"replies":[{"embeddable":true,"href":"https:\/\/seppeschina.com\/es\/wp-json\/wp\/v2\/comments?post=12819"}],"wp:featuredmedia":[{"embeddable":true,"href":"https:\/\/seppeschina.com\/es\/wp-json\/wp\/v2\/media\/11014"}],"wp:attachment":[{"href":"https:\/\/seppeschina.com\/es\/wp-json\/wp\/v2\/media?parent=12819"}],"wp:term":[{"taxonomy":"product_brand","embeddable":true,"href":"https:\/\/seppeschina.com\/es\/wp-json\/wp\/v2\/product_brand?post=12819"},{"taxonomy":"product_cat","embeddable":true,"href":"https:\/\/seppeschina.com\/es\/wp-json\/wp\/v2\/product_cat?post=12819"},{"taxonomy":"product_tag","embeddable":true,"href":"https:\/\/seppeschina.com\/es\/wp-json\/wp\/v2\/product_tag?post=12819"}],"curies":[{"name":"wp","href":"https:\/\/api.w.org\/{rel}","templated":true}]}}