{"id":8074,"date":"2019-02-03T19:01:21","date_gmt":"2019-02-03T19:01:21","guid":{"rendered":"https:\/\/seppeschina.com\/?post_type=product&#038;p=8074"},"modified":"2025-05-19T16:16:36","modified_gmt":"2025-05-19T08:16:36","slug":"seppes-blue-double-shaft-insulation-high-speed-door-with-geomagnetism-hsd-200","status":"publish","type":"product","link":"https:\/\/seppeschina.com\/es\/product\/seppes-blue-double-shaft-insulation-high-speed-door-with-geomagnetism-hsd-200\/","title":{"rendered":"Puerta de Alta Velocidad con Aislamiento y Geomagnetismo de Doble Eje SEPPES Blue, modelo HSD-200"},"content":{"rendered":"<h3><span style=\"color: #3366ff;\"><strong><b>Descripci\u00f3n del Producto<\/b><\/strong><\/span><\/h3>\n<p><strong><b><span class=\"VIiyi\" lang=\"en\"><span class=\"JLqJ4b ChMk0b\" data-language-for-alternatives=\"en\" data-language-to-translate-into=\"zh-CN\" data-phrase-index=\"0\">Doble eje<\/span><\/span> Puerta R\u00e1pida Aislante <\/b><\/strong> Combina la estructura de cierre con cremallera y la cortina de puerta multicapa termoaislante engrosada, garantizando la estanqueidad del ambiente interno mientras reduce significativamente la transferencia de calor, disminuye la p\u00e9rdida de energ\u00eda y genera un entorno de condensaci\u00f3n. La innovadora tecnolog\u00eda de accionamiento de doble eje permite que la cortina de la puerta realice operaciones de apertura y cierre a alta velocidad sin necesidad de aumentar el contrapeso tradicional, adem\u00e1s de ofrecer una protecci\u00f3n de seguridad integral.<\/p>\n<p><img loading=\"lazy\" decoding=\"async\" class=\"aligncenter wp-image-11890\" src=\"https:\/\/seppeschina.com\/wp-content\/uploads\/2021\/04\/image-3.png\" alt=\"\" width=\"600\" height=\"400\" srcset=\"https:\/\/seppeschina.com\/wp-content\/uploads\/2021\/04\/image-3.png 582w, https:\/\/seppeschina.com\/wp-content\/uploads\/2021\/04\/image-3-360x240.png 360w, https:\/\/seppeschina.com\/wp-content\/uploads\/2021\/04\/image-3-300x200.png 300w, https:\/\/seppeschina.com\/wp-content\/uploads\/2021\/04\/image-3-128x84.png 128w, https:\/\/seppeschina.com\/wp-content\/uploads\/2021\/04\/image-3-550x367.png 550w\" sizes=\"auto, (max-width: 600px) 100vw, 600px\" \/><\/p>\n<h5><span style=\"color: #3366ff;\">Caracter\u00edsticas<\/span><\/h5>\n<table style=\"height: 340px;\" width=\"713\">\n<tbody>\n<tr>\n<td width=\"137\">Nombre<\/td>\n<td width=\"241\"><span class=\"VIiyi\" lang=\"en\"><span class=\"JLqJ4b ChMk0b\" data-language-for-alternatives=\"en\" data-language-to-translate-into=\"zh-CN\" data-phrase-index=\"0\">Doble eje<\/span><\/span> Puerta R\u00e1pida Aislante<\/td>\n<\/tr>\n<tr>\n<td width=\"137\">Cortina<\/td>\n<td width=\"241\">0.9mm\/1.2mm, tejido de PVC franc\u00e9s<\/td>\n<\/tr>\n<tr>\n<td width=\"137\">Marco de la Puerta<\/td>\n<td width=\"241\">Acero inoxidable SUS304 \/ Aleaci\u00f3n de aluminio<\/td>\n<\/tr>\n<tr>\n<td width=\"137\">Tama\u00f1o m\u00e1ximo<\/td>\n<td width=\"241\">W5000mm*H5000mm; tama\u00f1o personalizado<\/td>\n<\/tr>\n<tr>\n<td width=\"137\">Motor<\/td>\n<td width=\"241\">Marca alemana<\/td>\n<\/tr>\n<tr>\n<td width=\"137\">Potencia<\/td>\n<td width=\"241\">0.75kw-1.5kw, 220v<\/td>\n<\/tr>\n<tr>\n<td width=\"137\">Voltaje<\/td>\n<td width=\"241\">220-380v<\/td>\n<\/tr>\n<tr>\n<td width=\"137\">Velocidad<\/td>\n<td width=\"241\">1.2-1.5m\/s, ajustable<\/td>\n<\/tr>\n<tr>\n<td width=\"137\">Ciclos de Uso<\/td>\n<td width=\"241\">M\u00e1s de 1.5 millones de ciclos<\/td>\n<\/tr>\n<\/tbody>\n<\/table>\n<h5><span style=\"color: #3366ff;\"><strong><b>Diagrama de estructura<\/b><\/strong><\/span><\/h5>\n<p><img loading=\"lazy\" decoding=\"async\" class=\"aligncenter wp-image-11542 size-full\" src=\"https:\/\/seppeschina.com\/wp-content\/uploads\/2021\/03\/H26581db25bbd468cb689ff79d53d88461.png\" alt=\"\" width=\"750\" height=\"750\" srcset=\"https:\/\/seppeschina.com\/wp-content\/uploads\/2021\/03\/H26581db25bbd468cb689ff79d53d88461.png 750w, https:\/\/seppeschina.com\/wp-content\/uploads\/2021\/03\/H26581db25bbd468cb689ff79d53d88461-360x360.png 360w, https:\/\/seppeschina.com\/wp-content\/uploads\/2021\/03\/H26581db25bbd468cb689ff79d53d88461-100x100.png 100w, https:\/\/seppeschina.com\/wp-content\/uploads\/2021\/03\/H26581db25bbd468cb689ff79d53d88461-600x600.png 600w, https:\/\/seppeschina.com\/wp-content\/uploads\/2021\/03\/H26581db25bbd468cb689ff79d53d88461-300x300.png 300w, https:\/\/seppeschina.com\/wp-content\/uploads\/2021\/03\/H26581db25bbd468cb689ff79d53d88461-150x150.png 150w, https:\/\/seppeschina.com\/wp-content\/uploads\/2021\/03\/H26581db25bbd468cb689ff79d53d88461-24x24.png 24w, https:\/\/seppeschina.com\/wp-content\/uploads\/2021\/03\/H26581db25bbd468cb689ff79d53d88461-48x48.png 48w, https:\/\/seppeschina.com\/wp-content\/uploads\/2021\/03\/H26581db25bbd468cb689ff79d53d88461-96x96.png 96w, https:\/\/seppeschina.com\/wp-content\/uploads\/2021\/03\/H26581db25bbd468cb689ff79d53d88461-364x364.png 364w, https:\/\/seppeschina.com\/wp-content\/uploads\/2021\/03\/H26581db25bbd468cb689ff79d53d88461-50x50.png 50w, https:\/\/seppeschina.com\/wp-content\/uploads\/2021\/03\/H26581db25bbd468cb689ff79d53d88461-110x110.png 110w, https:\/\/seppeschina.com\/wp-content\/uploads\/2021\/03\/H26581db25bbd468cb689ff79d53d88461-275x275.png 275w, https:\/\/seppeschina.com\/wp-content\/uploads\/2021\/03\/H26581db25bbd468cb689ff79d53d88461-480x480.png 480w, https:\/\/seppeschina.com\/wp-content\/uploads\/2021\/03\/H26581db25bbd468cb689ff79d53d88461-550x550.png 550w\" sizes=\"auto, (max-width: 750px) 100vw, 750px\" \/><\/p>\n<h5><span style=\"color: #3366ff;\"><strong><b>Formas de apertura<\/b><\/strong><\/span><\/h5>\n<p>Nuestro m\u00e9todo de apertura est\u00e1ndar es bot\u00f3n manual bilateral, con opciones de radar, geomalismo, cadena, control remoto, Bluetooth, interruptor inal\u00e1mbrico, etc.<\/p>\n<p><img loading=\"lazy\" decoding=\"async\" class=\"aligncenter wp-image-9999 size-full\" src=\"https:\/\/seppeschina.com\/wp-content\/uploads\/2019\/04\/\u672a\u6807\u9898-2.jpg\" alt=\"\" width=\"750\" height=\"750\" srcset=\"https:\/\/seppeschina.com\/wp-content\/uploads\/2019\/04\/\u672a\u6807\u9898-2.jpg 750w, https:\/\/seppeschina.com\/wp-content\/uploads\/2019\/04\/\u672a\u6807\u9898-2-360x360.jpg 360w, https:\/\/seppeschina.com\/wp-content\/uploads\/2019\/04\/\u672a\u6807\u9898-2-100x100.jpg 100w, https:\/\/seppeschina.com\/wp-content\/uploads\/2019\/04\/\u672a\u6807\u9898-2-600x600.jpg 600w, https:\/\/seppeschina.com\/wp-content\/uploads\/2019\/04\/\u672a\u6807\u9898-2-300x300.jpg 300w, https:\/\/seppeschina.com\/wp-content\/uploads\/2019\/04\/\u672a\u6807\u9898-2-150x150.jpg 150w, https:\/\/seppeschina.com\/wp-content\/uploads\/2019\/04\/\u672a\u6807\u9898-2-24x24.jpg 24w, https:\/\/seppeschina.com\/wp-content\/uploads\/2019\/04\/\u672a\u6807\u9898-2-48x48.jpg 48w, https:\/\/seppeschina.com\/wp-content\/uploads\/2019\/04\/\u672a\u6807\u9898-2-96x96.jpg 96w, https:\/\/seppeschina.com\/wp-content\/uploads\/2019\/04\/\u672a\u6807\u9898-2-364x364.jpg 364w, https:\/\/seppeschina.com\/wp-content\/uploads\/2019\/04\/\u672a\u6807\u9898-2-50x50.jpg 50w, https:\/\/seppeschina.com\/wp-content\/uploads\/2019\/04\/\u672a\u6807\u9898-2-110x110.jpg 110w, https:\/\/seppeschina.com\/wp-content\/uploads\/2019\/04\/\u672a\u6807\u9898-2-275x275.jpg 275w, https:\/\/seppeschina.com\/wp-content\/uploads\/2019\/04\/\u672a\u6807\u9898-2-480x480.jpg 480w, https:\/\/seppeschina.com\/wp-content\/uploads\/2019\/04\/\u672a\u6807\u9898-2-550x550.jpg 550w\" sizes=\"auto, (max-width: 750px) 100vw, 750px\" \/><\/p>\n<h5><span style=\"color: #3366ff;\"><strong><b>Selecci\u00f3n de colores<\/b><\/strong><\/span><\/h5>\n<p><img loading=\"lazy\" decoding=\"async\" class=\"aligncenter size-full wp-image-9862\" src=\"https:\/\/seppeschina.com\/wp-content\/uploads\/2019\/04\/color750.png\" alt=\"\" width=\"750\" height=\"750\" srcset=\"https:\/\/seppeschina.com\/wp-content\/uploads\/2019\/04\/color750.png 750w, https:\/\/seppeschina.com\/wp-content\/uploads\/2019\/04\/color750-360x360.png 360w, https:\/\/seppeschina.com\/wp-content\/uploads\/2019\/04\/color750-100x100.png 100w, https:\/\/seppeschina.com\/wp-content\/uploads\/2019\/04\/color750-600x600.png 600w, https:\/\/seppeschina.com\/wp-content\/uploads\/2019\/04\/color750-150x150.png 150w, https:\/\/seppeschina.com\/wp-content\/uploads\/2019\/04\/color750-300x300.png 300w, https:\/\/seppeschina.com\/wp-content\/uploads\/2019\/04\/color750-24x24.png 24w, https:\/\/seppeschina.com\/wp-content\/uploads\/2019\/04\/color750-48x48.png 48w, https:\/\/seppeschina.com\/wp-content\/uploads\/2019\/04\/color750-96x96.png 96w, https:\/\/seppeschina.com\/wp-content\/uploads\/2019\/04\/color750-364x364.png 364w, https:\/\/seppeschina.com\/wp-content\/uploads\/2019\/04\/color750-50x50.png 50w, https:\/\/seppeschina.com\/wp-content\/uploads\/2019\/04\/color750-110x110.png 110w, https:\/\/seppeschina.com\/wp-content\/uploads\/2019\/04\/color750-275x275.png 275w, https:\/\/seppeschina.com\/wp-content\/uploads\/2019\/04\/color750-480x480.png 480w, https:\/\/seppeschina.com\/wp-content\/uploads\/2019\/04\/color750-550x550.png 550w\" sizes=\"auto, (max-width: 750px) 100vw, 750px\" \/><\/p>\n<h3><span style=\"color: #3366ff;\"><strong><b>Perfil de la Empresa<\/b><\/strong><\/span><\/h3>\n<h6><span style=\"color: #3366ff;\"><strong><b>Sobre nosotros<\/b><\/strong><\/span><\/h6>\n<p>Fundada en 2011,<strong><b>Seppes Door Industry (Suzhou) Co., Ltd.<\/b><\/strong>\u00a0es una empresa de fabricaci\u00f3n y comercio, ubicada en Suzhou, provincia de Jiangsu, en China continental. Nos especializamos en la fabricaci\u00f3n de soluciones completas y personalizadas de sistemas de puertas de entrada para clientes industriales, lo que permite que las f\u00e1bricas operen en un entorno libre de polvo, sin ruido, con ahorro de energ\u00eda y aislamiento t\u00e9rmico, o que cumpla con otros requisitos del cliente. Nuestros principales productos son puertas de alta velocidad, puertas enrollables r\u00e1pidas, puertas enrollables autom\u00e1ticas, puertas seccionales, etc.<\/p>\n<p><img loading=\"lazy\" decoding=\"async\" class=\"aligncenter size-full wp-image-11606\" src=\"https:\/\/seppeschina.com\/wp-content\/uploads\/2021\/03\/seppes-door8.gif\" alt=\"\" width=\"600\" height=\"502\"><\/p>\n<h6><span style=\"color: #3366ff;\"><strong><b>Exhibici\u00f3n de f\u00e1brica<\/b><\/strong><\/span><\/h6>\n<p>Esta es nuestra exhibici\u00f3n de f\u00e1brica. Est\u00e1 equipada con una f\u00e1brica de producci\u00f3n profesional de m\u00e1s de 17,500 metros cuadrados, y la l\u00ednea de producci\u00f3n automatizada redundante est\u00e1 preparada con equipos de ensamblaje personalizados para satisfacer las diversas necesidades de producci\u00f3n r\u00e1pida estandarizada y fabricaci\u00f3n personalizada a medida.<\/p>\n<p><img loading=\"lazy\" decoding=\"async\" class=\"aligncenter size-full wp-image-11604\" src=\"https:\/\/seppeschina.com\/wp-content\/uploads\/2021\/03\/seppes-door6.gif\" alt=\"\" width=\"600\" height=\"358\"><\/p>\n<h6><span style=\"color: #3366ff;\"><strong><b>Exposici\u00f3n<\/b><\/strong><\/span><\/h6>\n<p>Esta es una foto grupal tomada por nuestros clientes extranjeros durante su visita a nuestra empresa, incluyendo pa\u00edses como Estados Unidos, Australia, Espa\u00f1a, Chile, Israel, entre otros.<\/p>\n<p><img loading=\"lazy\" decoding=\"async\" class=\"aligncenter wp-image-11605 size-full\" src=\"https:\/\/seppeschina.com\/wp-content\/uploads\/2021\/03\/seppes-door7.gif\" alt=\"\" width=\"600\" height=\"338\"><\/p>\n<h6><span style=\"color: #3366ff;\"><strong><b>Nuestros socios<\/b><\/strong><\/span><\/h6>\n<p>Convertirse en proveedor cooperativo de casi 60 empresas Fortune 500 como IKEA, Logitech, Fresenius, Akzo Nobel, etc.<\/p>\n<p><img loading=\"lazy\" decoding=\"async\" class=\"aligncenter wp-image-11608 size-full\" src=\"https:\/\/seppeschina.com\/wp-content\/uploads\/2021\/03\/seppes-door10.gif\" alt=\"\" width=\"600\" height=\"491\"><\/p>\n<h3><span style=\"color: #3366ff;\"><strong><b>Ventajas<\/b><\/strong><\/span><\/h3>\n<p><img loading=\"lazy\" decoding=\"async\" class=\"aligncenter size-full wp-image-11967\" src=\"https:\/\/seppeschina.com\/wp-content\/uploads\/2019\/02\/\u4fdd\u6e29\u5feb\u901f\u95e8_02.jpg\" alt=\"\" width=\"600\" height=\"630\"><\/p>\n<h3><span style=\"color: #3366ff;\"><strong><b>Aplicaciones<\/b><\/strong><\/span><\/h3>\n<p>Esta es una variedad de puertas r\u00e1pidas que aplicamos realmente a empresas, incluyendo industrias farmac\u00e9utica, electr\u00f3nica, alimentaria, qu\u00edmica, automotriz, textil, impresi\u00f3n, log\u00edstica, entre otras.<\/p>\n<p><img loading=\"lazy\" decoding=\"async\" class=\"aligncenter wp-image-11612 size-full\" src=\"https:\/\/seppeschina.com\/wp-content\/uploads\/2021\/03\/seppes-door2.jpg\" alt=\"\" width=\"600\" height=\"723\" srcset=\"https:\/\/seppeschina.com\/wp-content\/uploads\/2021\/03\/seppes-door2.jpg 600w, https:\/\/seppeschina.com\/wp-content\/uploads\/2021\/03\/seppes-door2-360x434.jpg 360w, https:\/\/seppeschina.com\/wp-content\/uploads\/2021\/03\/seppes-door2-249x300.jpg 249w, https:\/\/seppeschina.com\/wp-content\/uploads\/2021\/03\/seppes-door2-456x550.jpg 456w\" sizes=\"auto, (max-width: 600px) 100vw, 600px\" \/><\/p>\n<h3><span style=\"color: #3366ff;\"><strong><b>Entrega y Embalaje<\/b><\/strong><\/span><\/h3>\n<p>Nuestro m\u00e9todo de embalaje es caja de madera, y los m\u00e9todos de transporte incluyen mensajer\u00eda, a\u00e9reo y mar\u00edtimo. Normalmente 3-7 d\u00edas despu\u00e9s de realizar el pedido.<\/p>\n<p><img loading=\"lazy\" decoding=\"async\" class=\"aligncenter wp-image-11818 size-full\" src=\"https:\/\/seppeschina.com\/wp-content\/uploads\/2021\/04\/H847d78bca14e40ceb2854a49609655195.png\" alt=\"\" width=\"750\" height=\"310\" srcset=\"https:\/\/seppeschina.com\/wp-content\/uploads\/2021\/04\/H847d78bca14e40ceb2854a49609655195.png 750w, https:\/\/seppeschina.com\/wp-content\/uploads\/2021\/04\/H847d78bca14e40ceb2854a49609655195-360x149.png 360w, https:\/\/seppeschina.com\/wp-content\/uploads\/2021\/04\/H847d78bca14e40ceb2854a49609655195-600x248.png 600w, https:\/\/seppeschina.com\/wp-content\/uploads\/2021\/04\/H847d78bca14e40ceb2854a49609655195-300x124.png 300w, https:\/\/seppeschina.com\/wp-content\/uploads\/2021\/04\/H847d78bca14e40ceb2854a49609655195-550x227.png 550w\" sizes=\"auto, (max-width: 750px) 100vw, 750px\" \/><\/p>\n<h3><span style=\"color: #3366ff;\">Preguntas Frecuentes<\/span><\/h3>\n<p><b><span data-spm-anchor-id=\"a2700.custom-template.0.i102.577f3333LwTOBI\">P\uff1a<\/span><span data-spm-anchor-id=\"a2700.custom-template.0.i145.577f3333LwTOBI\">\u00bfC\u00f3mo son la potencia y el voltaje?<\/span><\/b><\/p>\n<p>R\uff1aSe pueden personalizar. Normalmente 220V, 0.75KW, 50HZ, monof\u00e1sico<\/p>\n<p><b data-spm-anchor-id=\"a2700.custom-template.0.i7.577f3333SViG38\">P\uff1a\u00bfQu\u00e9 materiales de marco para puerta r\u00e1pida se pueden elegir?<\/b><\/p>\n<p>R\uff1aMarco de puerta de acero pintado, marco de puerta SUS304 \/316, marco de puerta de aleaci\u00f3n de aluminio<\/p>\n<p><b data-spm-anchor-id=\"a2700.custom-template.0.i8.577f3333SViG38\">P\uff1a\u00bfCu\u00e1l es el precio de una puerta r\u00e1pida?<\/b><\/p>\n<p>R\uff1aDepende de su tama\u00f1o y otros dispositivos.<\/p>\n<p><b data-spm-anchor-id=\"a2700.custom-template.0.i166.577f3333LwTOBI\">P\uff1a\u00bfC\u00f3mo elegir la f\u00e1brica de puertas r\u00e1pidas?<\/b><br \/>\nR\uff1aCertificada, SGS, CE, m\u00e1s de 10 a\u00f1os de experiencia<\/p>\n<p><b data-spm-anchor-id=\"a2700.custom-template.0.i9.577f3333SViG38\">P\uff1a\u00bfPodemos instalar la puerta r\u00e1pida nosotros mismos?<\/b><\/p>\n<p>R\uff1aS\u00ed, es muy sencillo. Podemos proporcionar manual de instalaci\u00f3n en ingl\u00e9s y videos gu\u00eda.<\/p>\n<p><b data-spm-anchor-id=\"a2700.custom-template.0.i10.577f3333SViG38\">P\uff1a\u00bfCu\u00e1nto tiempo puede durar?<\/b><\/p>\n<p>R\uff1aaproximadamente 10-15 a\u00f1os<\/p>\n<p><b data-spm-anchor-id=\"a2700.custom-template.0.i11.577f3333SViG38\">P\uff1a\u00bfCu\u00e1les son los m\u00e9todos de apertura autom\u00e1tica \/ inteligente de la puerta r\u00e1pida?<\/b><\/p>\n<p>R\uff1aBot\u00f3n de empuje manual, dispositivo sensor de movimiento autom\u00e1tico, inducci\u00f3n por lazo, interruptor de tracci\u00f3n, tarjeta de proximidad, vinculado con PLC o AGV.<\/p>","protected":false},"excerpt":{"rendered":"<p>Product Description Double shaft Insulation High Speed Door? Combines the zipper locking structure with the thermal insulation multi-layer thickened door curtain at night, while ensuring the air tightness of the internal environment, it significantly reduces heat transfer, reduces energy loss and produces a condensing environment. The innovative dual-axis drive technology makes the door curtain not Need to increase the traditional counterweight can be high-speed switching operation, as well as comprehensive safety protection. Features Name Double shaft Insulation High Speed Door Curtain 0.9mm\/1.2mm, French PVC fabric Door Frame SUS304 stainless steel \/Aluminum alloy Max Size W5000mm*H5000mm; customized size Motor German Brand Power 0.75kw-1.5kw,220v Voltage 220-380v Speed 1..2-1.5m\/s,adjustable Use Times More than 1.5 million times Structure diagram Opening ways Our standard door [&hellip;]<\/p>\n","protected":false},"featured_media":10046,"comment_status":"open","ping_status":"closed","template":"","meta":[],"product_brand":[],"product_cat":[326],"product_tag":[321,318],"class_list":{"0":"post-8074","1":"product","2":"type-product","3":"status-publish","4":"has-post-thumbnail","6":"product_cat-high-speed-freezer-door","7":"product_tag-cold-storage-fast-door","8":"product_tag-fast-door-manufacturers","11":"first","12":"instock","13":"shipping-taxable","14":"product-type-simple"},"_links":{"self":[{"href":"https:\/\/seppeschina.com\/es\/wp-json\/wp\/v2\/product\/8074","targetHints":{"allow":["GET"]}}],"collection":[{"href":"https:\/\/seppeschina.com\/es\/wp-json\/wp\/v2\/product"}],"about":[{"href":"https:\/\/seppeschina.com\/es\/wp-json\/wp\/v2\/types\/product"}],"replies":[{"embeddable":true,"href":"https:\/\/seppeschina.com\/es\/wp-json\/wp\/v2\/comments?post=8074"}],"wp:featuredmedia":[{"embeddable":true,"href":"https:\/\/seppeschina.com\/es\/wp-json\/wp\/v2\/media\/10046"}],"wp:attachment":[{"href":"https:\/\/seppeschina.com\/es\/wp-json\/wp\/v2\/media?parent=8074"}],"wp:term":[{"taxonomy":"product_brand","embeddable":true,"href":"https:\/\/seppeschina.com\/es\/wp-json\/wp\/v2\/product_brand?post=8074"},{"taxonomy":"product_cat","embeddable":true,"href":"https:\/\/seppeschina.com\/es\/wp-json\/wp\/v2\/product_cat?post=8074"},{"taxonomy":"product_tag","embeddable":true,"href":"https:\/\/seppeschina.com\/es\/wp-json\/wp\/v2\/product_tag?post=8074"}],"curies":[{"name":"wp","href":"https:\/\/api.w.org\/{rel}","templated":true}]}}