{"id":9248,"date":"2019-04-30T12:57:25","date_gmt":"2019-04-30T12:57:25","guid":{"rendered":"https:\/\/seppeschina.com\/?post_type=product&#038;p=9248"},"modified":"2025-05-19T16:15:58","modified_gmt":"2025-05-19T08:15:58","slug":"seppes-puerta-rapida-de-cremallera-amarilla","status":"publish","type":"product","link":"https:\/\/seppeschina.com\/es\/product\/seppes-yellow-high-speed-zipper-door\/","title":{"rendered":"Puerta R\u00e1pida de Cremallera SEPPES Yellow"},"content":{"rendered":"<p><img loading=\"lazy\" decoding=\"async\" class=\"aligncenter wp-image-12084\" src=\"https:\/\/seppeschina.com\/wp-content\/uploads\/2019\/04\/\u9ec4\u8272\u62c9\u94fe\u95e8\u4e3b\u56fe.jpg\" alt=\"\" width=\"600\" height=\"600\" srcset=\"https:\/\/seppeschina.com\/wp-content\/uploads\/2019\/04\/\u9ec4\u8272\u62c9\u94fe\u95e8\u4e3b\u56fe.jpg 750w, https:\/\/seppeschina.com\/wp-content\/uploads\/2019\/04\/\u9ec4\u8272\u62c9\u94fe\u95e8\u4e3b\u56fe-360x360.jpg 360w, https:\/\/seppeschina.com\/wp-content\/uploads\/2019\/04\/\u9ec4\u8272\u62c9\u94fe\u95e8\u4e3b\u56fe-100x100.jpg 100w, https:\/\/seppeschina.com\/wp-content\/uploads\/2019\/04\/\u9ec4\u8272\u62c9\u94fe\u95e8\u4e3b\u56fe-600x600.jpg 600w, https:\/\/seppeschina.com\/wp-content\/uploads\/2019\/04\/\u9ec4\u8272\u62c9\u94fe\u95e8\u4e3b\u56fe-300x300.jpg 300w, https:\/\/seppeschina.com\/wp-content\/uploads\/2019\/04\/\u9ec4\u8272\u62c9\u94fe\u95e8\u4e3b\u56fe-150x150.jpg 150w, https:\/\/seppeschina.com\/wp-content\/uploads\/2019\/04\/\u9ec4\u8272\u62c9\u94fe\u95e8\u4e3b\u56fe-24x24.jpg 24w, https:\/\/seppeschina.com\/wp-content\/uploads\/2019\/04\/\u9ec4\u8272\u62c9\u94fe\u95e8\u4e3b\u56fe-48x48.jpg 48w, https:\/\/seppeschina.com\/wp-content\/uploads\/2019\/04\/\u9ec4\u8272\u62c9\u94fe\u95e8\u4e3b\u56fe-96x96.jpg 96w, https:\/\/seppeschina.com\/wp-content\/uploads\/2019\/04\/\u9ec4\u8272\u62c9\u94fe\u95e8\u4e3b\u56fe-364x364.jpg 364w, https:\/\/seppeschina.com\/wp-content\/uploads\/2019\/04\/\u9ec4\u8272\u62c9\u94fe\u95e8\u4e3b\u56fe-50x50.jpg 50w, https:\/\/seppeschina.com\/wp-content\/uploads\/2019\/04\/\u9ec4\u8272\u62c9\u94fe\u95e8\u4e3b\u56fe-110x110.jpg 110w, https:\/\/seppeschina.com\/wp-content\/uploads\/2019\/04\/\u9ec4\u8272\u62c9\u94fe\u95e8\u4e3b\u56fe-275x275.jpg 275w, https:\/\/seppeschina.com\/wp-content\/uploads\/2019\/04\/\u9ec4\u8272\u62c9\u94fe\u95e8\u4e3b\u56fe-480x480.jpg 480w, https:\/\/seppeschina.com\/wp-content\/uploads\/2019\/04\/\u9ec4\u8272\u62c9\u94fe\u95e8\u4e3b\u56fe-550x550.jpg 550w\" sizes=\"auto, (max-width: 600px) 100vw, 600px\" \/><\/p>\n<h3><span style=\"color: #3366ff;\">Descripci\u00f3n<\/span><\/h3>\n<p>Las caracter\u00edsticas convencionales de la Puerta de Cremallera de Alta Velocidad Amarilla incluyen:<\/p>\n<p><span class=\"VIiyi\" lang=\"en\"><span class=\"JLqJ4b ChMk0b\" data-language-for-alternatives=\"en\" data-language-to-translate-into=\"zh-CN\" data-phrase-index=\"0\">1. Reinicio: funci\u00f3n de reinicio autom\u00e1tico para prevenir colisiones y descarrilamientos accidentales (tecnolog\u00eda patentada)<\/span><\/span><\/p>\n<p><span class=\"VIiyi\" lang=\"en\"><span class=\"JLqJ4b ChMk0b\" data-language-for-alternatives=\"en\" data-language-to-translate-into=\"zh-CN\" data-phrase-index=\"2\">2. Cierre de cadena: estructura de bloqueo de cremallera, alto rendimiento de estanqueidad; cuerpo de puerta completamente blando, m\u00e1s seguro<\/span><\/span><\/p>\n<p><span class=\"VIiyi\" lang=\"en\"><span class=\"JLqJ4b ChMk0b\" data-language-for-alternatives=\"en\" data-language-to-translate-into=\"zh-CN\" data-phrase-index=\"4\">3. Alta velocidad: motor servo especialmente personalizado, la velocidad de apertura puede alcanzar hasta 2.0 m\/s, tambi\u00e9n aplicable en l\u00edneas de producci\u00f3n de alta frecuencia<\/span><\/span><\/p>\n<p><span class=\"VIiyi\" lang=\"en\"><span class=\"JLqJ4b ChMk0b\" data-language-for-alternatives=\"en\" data-language-to-translate-into=\"zh-CN\" data-phrase-index=\"6\">4. Resistencia al viento: el marco de la puerta y la gu\u00eda cuentan con un sistema de tensi\u00f3n por resorte, resistente convencionalmente a presiones de viento de 6-8 niveles, y puede reforzarse mediante pedidos especiales<\/span><\/span><\/p>\n<p><span class=\"VIiyi\" lang=\"en\"><span class=\"JLqJ4b ChMk0b\" data-language-for-alternatives=\"en\" data-language-to-translate-into=\"zh-CN\" data-phrase-index=\"8\">5. Alta frecuencia: n\u00famero de ciclos de hasta 1 mill\u00f3n o m\u00e1s<\/span><\/span><\/p>\n<p><span class=\"VIiyi\" lang=\"en\"><span class=\"JLqJ4b ChMk0b\" data-language-for-alternatives=\"en\" data-language-to-translate-into=\"zh-CN\" data-phrase-index=\"10\">6. Seguridad: fotoc\u00e9lula de seguridad est\u00e1ndar y airbag inferior (tecnolog\u00eda patentada SEPPES), cortina de luz de seguridad opcional<\/span><\/span><\/p>\n<div class=\"J_module\">\n<h3 id=\"ali-anchor-AliMagic-ah376g\" class=\"magic-3\" data-section=\"AliMagic-ah376g\" data-section-title=\"Details Images\" data-spm-anchor-id=\"a2700.details.pronpeci14.i0.7231257c2FOoGS\"><span style=\"color: #3366ff;\">Caracter\u00edstica<\/span><\/h3>\n<p><img loading=\"lazy\" decoding=\"async\" class=\"aligncenter wp-image-11815 size-full\" src=\"https:\/\/seppeschina.com\/wp-content\/uploads\/2021\/04\/\u62c9\u94fe\u5feb\u901f\u95e8_04.jpg\" alt=\"\" width=\"600\" height=\"348\" srcset=\"https:\/\/seppeschina.com\/wp-content\/uploads\/2021\/04\/\u62c9\u94fe\u5feb\u901f\u95e8_04.jpg 600w, https:\/\/seppeschina.com\/wp-content\/uploads\/2021\/04\/\u62c9\u94fe\u5feb\u901f\u95e8_04-360x209.jpg 360w, https:\/\/seppeschina.com\/wp-content\/uploads\/2021\/04\/\u62c9\u94fe\u5feb\u901f\u95e8_04-300x174.jpg 300w, https:\/\/seppeschina.com\/wp-content\/uploads\/2021\/04\/\u62c9\u94fe\u5feb\u901f\u95e8_04-550x319.jpg 550w\" sizes=\"auto, (max-width: 600px) 100vw, 600px\" \/><\/p>\n<p><img loading=\"lazy\" decoding=\"async\" class=\"aligncenter wp-image-12086 size-full\" src=\"https:\/\/seppeschina.com\/wp-content\/uploads\/2019\/04\/\u6a58\u9ec4\u8272\u62c9\u94fe\u5feb\u901f\u95e8\u7ec6\u8282\u56fe.jpg\" alt=\"\" width=\"600\" height=\"633\" srcset=\"https:\/\/seppeschina.com\/wp-content\/uploads\/2019\/04\/\u6a58\u9ec4\u8272\u62c9\u94fe\u5feb\u901f\u95e8\u7ec6\u8282\u56fe.jpg 600w, https:\/\/seppeschina.com\/wp-content\/uploads\/2019\/04\/\u6a58\u9ec4\u8272\u62c9\u94fe\u5feb\u901f\u95e8\u7ec6\u8282\u56fe-360x380.jpg 360w, https:\/\/seppeschina.com\/wp-content\/uploads\/2019\/04\/\u6a58\u9ec4\u8272\u62c9\u94fe\u5feb\u901f\u95e8\u7ec6\u8282\u56fe-284x300.jpg 284w, https:\/\/seppeschina.com\/wp-content\/uploads\/2019\/04\/\u6a58\u9ec4\u8272\u62c9\u94fe\u5feb\u901f\u95e8\u7ec6\u8282\u56fe-24x24.jpg 24w, https:\/\/seppeschina.com\/wp-content\/uploads\/2019\/04\/\u6a58\u9ec4\u8272\u62c9\u94fe\u5feb\u901f\u95e8\u7ec6\u8282\u56fe-521x550.jpg 521w\" sizes=\"auto, (max-width: 600px) 100vw, 600px\" \/><\/p>\n<\/div>\n<div class=\"J_module\">\n<div>\n<h3><span style=\"color: #3366ff;\"><b><span class=\"magic-21\" data-spm-anchor-id=\"a2700.details.pronpeci14.i0.a6417c84pVqOBT\">Diagrama de estructura<\/span><\/b><\/span><\/h3>\n<p><img loading=\"lazy\" decoding=\"async\" class=\"aligncenter wp-image-11983\" src=\"https:\/\/seppeschina.com\/wp-content\/uploads\/2019\/04\/\u9ec4\u8272\u62c9\u94fe\u5feb\u901f\u95e8\u7ed3\u6784\u56fe.jpg\" alt=\"\" width=\"600\" height=\"600\" srcset=\"https:\/\/seppeschina.com\/wp-content\/uploads\/2019\/04\/\u9ec4\u8272\u62c9\u94fe\u5feb\u901f\u95e8\u7ed3\u6784\u56fe.jpg 750w, https:\/\/seppeschina.com\/wp-content\/uploads\/2019\/04\/\u9ec4\u8272\u62c9\u94fe\u5feb\u901f\u95e8\u7ed3\u6784\u56fe-360x360.jpg 360w, https:\/\/seppeschina.com\/wp-content\/uploads\/2019\/04\/\u9ec4\u8272\u62c9\u94fe\u5feb\u901f\u95e8\u7ed3\u6784\u56fe-100x100.jpg 100w, https:\/\/seppeschina.com\/wp-content\/uploads\/2019\/04\/\u9ec4\u8272\u62c9\u94fe\u5feb\u901f\u95e8\u7ed3\u6784\u56fe-600x600.jpg 600w, https:\/\/seppeschina.com\/wp-content\/uploads\/2019\/04\/\u9ec4\u8272\u62c9\u94fe\u5feb\u901f\u95e8\u7ed3\u6784\u56fe-300x300.jpg 300w, https:\/\/seppeschina.com\/wp-content\/uploads\/2019\/04\/\u9ec4\u8272\u62c9\u94fe\u5feb\u901f\u95e8\u7ed3\u6784\u56fe-150x150.jpg 150w, https:\/\/seppeschina.com\/wp-content\/uploads\/2019\/04\/\u9ec4\u8272\u62c9\u94fe\u5feb\u901f\u95e8\u7ed3\u6784\u56fe-24x24.jpg 24w, https:\/\/seppeschina.com\/wp-content\/uploads\/2019\/04\/\u9ec4\u8272\u62c9\u94fe\u5feb\u901f\u95e8\u7ed3\u6784\u56fe-48x48.jpg 48w, https:\/\/seppeschina.com\/wp-content\/uploads\/2019\/04\/\u9ec4\u8272\u62c9\u94fe\u5feb\u901f\u95e8\u7ed3\u6784\u56fe-96x96.jpg 96w, https:\/\/seppeschina.com\/wp-content\/uploads\/2019\/04\/\u9ec4\u8272\u62c9\u94fe\u5feb\u901f\u95e8\u7ed3\u6784\u56fe-364x364.jpg 364w, https:\/\/seppeschina.com\/wp-content\/uploads\/2019\/04\/\u9ec4\u8272\u62c9\u94fe\u5feb\u901f\u95e8\u7ed3\u6784\u56fe-50x50.jpg 50w, https:\/\/seppeschina.com\/wp-content\/uploads\/2019\/04\/\u9ec4\u8272\u62c9\u94fe\u5feb\u901f\u95e8\u7ed3\u6784\u56fe-110x110.jpg 110w, https:\/\/seppeschina.com\/wp-content\/uploads\/2019\/04\/\u9ec4\u8272\u62c9\u94fe\u5feb\u901f\u95e8\u7ed3\u6784\u56fe-275x275.jpg 275w, https:\/\/seppeschina.com\/wp-content\/uploads\/2019\/04\/\u9ec4\u8272\u62c9\u94fe\u5feb\u901f\u95e8\u7ed3\u6784\u56fe-480x480.jpg 480w, https:\/\/seppeschina.com\/wp-content\/uploads\/2019\/04\/\u9ec4\u8272\u62c9\u94fe\u5feb\u901f\u95e8\u7ed3\u6784\u56fe-550x550.jpg 550w\" sizes=\"auto, (max-width: 600px) 100vw, 600px\" \/><\/p>\n<h3><span style=\"color: #3366ff;\">Formas de apertura<\/span><\/h3>\n<\/div>\n<\/div>\n<div data-id=\"paragraph0\"><\/div>\n<div data-id=\"paragraph0\"><img loading=\"lazy\" decoding=\"async\" class=\"aligncenter wp-image-12085\" src=\"https:\/\/seppeschina.com\/wp-content\/uploads\/2019\/04\/\u5357\u74dc\u9ec4.jpg\" alt=\"\" width=\"600\" height=\"600\" srcset=\"https:\/\/seppeschina.com\/wp-content\/uploads\/2019\/04\/\u5357\u74dc\u9ec4.jpg 750w, https:\/\/seppeschina.com\/wp-content\/uploads\/2019\/04\/\u5357\u74dc\u9ec4-360x360.jpg 360w, https:\/\/seppeschina.com\/wp-content\/uploads\/2019\/04\/\u5357\u74dc\u9ec4-100x100.jpg 100w, https:\/\/seppeschina.com\/wp-content\/uploads\/2019\/04\/\u5357\u74dc\u9ec4-600x600.jpg 600w, https:\/\/seppeschina.com\/wp-content\/uploads\/2019\/04\/\u5357\u74dc\u9ec4-300x300.jpg 300w, https:\/\/seppeschina.com\/wp-content\/uploads\/2019\/04\/\u5357\u74dc\u9ec4-150x150.jpg 150w, https:\/\/seppeschina.com\/wp-content\/uploads\/2019\/04\/\u5357\u74dc\u9ec4-24x24.jpg 24w, https:\/\/seppeschina.com\/wp-content\/uploads\/2019\/04\/\u5357\u74dc\u9ec4-48x48.jpg 48w, https:\/\/seppeschina.com\/wp-content\/uploads\/2019\/04\/\u5357\u74dc\u9ec4-96x96.jpg 96w, https:\/\/seppeschina.com\/wp-content\/uploads\/2019\/04\/\u5357\u74dc\u9ec4-364x364.jpg 364w, https:\/\/seppeschina.com\/wp-content\/uploads\/2019\/04\/\u5357\u74dc\u9ec4-50x50.jpg 50w, https:\/\/seppeschina.com\/wp-content\/uploads\/2019\/04\/\u5357\u74dc\u9ec4-110x110.jpg 110w, https:\/\/seppeschina.com\/wp-content\/uploads\/2019\/04\/\u5357\u74dc\u9ec4-275x275.jpg 275w, https:\/\/seppeschina.com\/wp-content\/uploads\/2019\/04\/\u5357\u74dc\u9ec4-480x480.jpg 480w, https:\/\/seppeschina.com\/wp-content\/uploads\/2019\/04\/\u5357\u74dc\u9ec4-550x550.jpg 550w\" sizes=\"auto, (max-width: 600px) 100vw, 600px\" \/><\/div>\n<div class=\"J_module\">\n<div class=\"ife-detail-decorate-table\">\n<div class=\"magic-2\">\n<div class=\"magic-3\">\n<h3 data-id=\"paragraph0\"><span style=\"color: #3366ff;\">Opciones de colores<\/span><\/h3>\n<div class=\"J_module\">\n<div class=\"detail-decorate-json-renderer-container\">\n<div class=\"magic-4\">\n<div class=\"magic-26\">\n<div class=\"magic-6\">\n<div class=\"magic-7\" data-id=\"paragraph0\">\n<div class=\"magic-39\" data-spm-anchor-id=\"a2700.details.pronpeci14.i4.12355170Y9xOFu\"><span class=\"magic-25\">Azul: RAL:5002,\u00a0<\/span><span class=\"magic-25\">Amarillo: RAL:1003,\u00a0<\/span><span class=\"magic-25\"><span class=\"magic-24\">Gris: RAL:<\/span>9006<\/span><\/div>\n<\/div>\n<\/div>\n<\/div>\n<div class=\"magic-26\">\n<div class=\"magic-6\">\n<div class=\"magic-7\" data-id=\"paragraph2\">\n<div>\n<div class=\"magic-26\">\n<div class=\"magic-6\">\n<div class=\"magic-7\" data-id=\"paragraph0\">\n<div class=\"magic-39\" data-spm-anchor-id=\"a2700.details.pronpeci14.i5.12355170Y9xOFu\"><span class=\"magic-25\">Rojo: RAL:3002, <\/span><span class=\"magic-25\">Blanco: RAL:9003<\/span><\/div>\n<\/div>\n<\/div>\n<\/div>\n<\/div>\n<\/div>\n<\/div>\n<\/div>\n<\/div>\n<\/div>\n<\/div>\n<div class=\"J_module\">\n<div class=\"detail-decorate-json-renderer-container\">\n<div class=\"magic-4\">\n<div class=\"magic-26\">\n<div class=\"magic-27\"><\/div>\n<\/div>\n<\/div>\n<\/div>\n<\/div>\n<p><img loading=\"lazy\" decoding=\"async\" class=\"aligncenter wp-image-9915\" src=\"https:\/\/seppeschina.com\/wp-content\/uploads\/2019\/04\/\u989c\u82721.jpg\" alt=\"\" width=\"600\" height=\"600\" srcset=\"https:\/\/seppeschina.com\/wp-content\/uploads\/2019\/04\/\u989c\u82721.jpg 750w, https:\/\/seppeschina.com\/wp-content\/uploads\/2019\/04\/\u989c\u82721-360x360.jpg 360w, https:\/\/seppeschina.com\/wp-content\/uploads\/2019\/04\/\u989c\u82721-100x100.jpg 100w, https:\/\/seppeschina.com\/wp-content\/uploads\/2019\/04\/\u989c\u82721-600x600.jpg 600w, https:\/\/seppeschina.com\/wp-content\/uploads\/2019\/04\/\u989c\u82721-150x150.jpg 150w, https:\/\/seppeschina.com\/wp-content\/uploads\/2019\/04\/\u989c\u82721-300x300.jpg 300w, https:\/\/seppeschina.com\/wp-content\/uploads\/2019\/04\/\u989c\u82721-24x24.jpg 24w, https:\/\/seppeschina.com\/wp-content\/uploads\/2019\/04\/\u989c\u82721-48x48.jpg 48w, https:\/\/seppeschina.com\/wp-content\/uploads\/2019\/04\/\u989c\u82721-96x96.jpg 96w, https:\/\/seppeschina.com\/wp-content\/uploads\/2019\/04\/\u989c\u82721-364x364.jpg 364w, https:\/\/seppeschina.com\/wp-content\/uploads\/2019\/04\/\u989c\u82721-50x50.jpg 50w, https:\/\/seppeschina.com\/wp-content\/uploads\/2019\/04\/\u989c\u82721-110x110.jpg 110w, https:\/\/seppeschina.com\/wp-content\/uploads\/2019\/04\/\u989c\u82721-275x275.jpg 275w, https:\/\/seppeschina.com\/wp-content\/uploads\/2019\/04\/\u989c\u82721-480x480.jpg 480w, https:\/\/seppeschina.com\/wp-content\/uploads\/2019\/04\/\u989c\u82721-550x550.jpg 550w\" sizes=\"auto, (max-width: 600px) 100vw, 600px\" \/><\/p>\n<h3><span style=\"color: #3366ff;\">Producto relacionado<\/span><\/h3>\n<p><img loading=\"lazy\" decoding=\"async\" class=\"aligncenter size-full wp-image-11599\" src=\"https:\/\/seppeschina.com\/wp-content\/uploads\/2021\/03\/seppes-door-1.gif\" alt=\"\" width=\"600\" height=\"528\"><\/p>\n<h3><span style=\"color: #3366ff;\">\u00bfQui\u00e9nes somos?<\/span><\/h3>\n<h5>Sobre nosotros<\/h5>\n<p><strong>Seppes Door Industry (Suzhou) Co., Ltd.<\/strong>\u00a0fue establecida en 2011 y es una empresa de fabricaci\u00f3n y comercio con 9 a\u00f1os de experiencia. Nuestros productos principales son puertas de alta velocidad, puertas enrollables r\u00e1pidas, puertas enrollables autom\u00e1ticas, puertas combinadas, etc.<\/p>\n<p><img loading=\"lazy\" decoding=\"async\" class=\"aligncenter size-full wp-image-11606\" src=\"https:\/\/seppeschina.com\/wp-content\/uploads\/2021\/03\/seppes-door8.gif\" alt=\"\" width=\"600\" height=\"502\"><\/p>\n<h3><span style=\"color: #3366ff;\">Exhibici\u00f3n de f\u00e1brica\u00a0\u00a0<\/span><\/h3>\n<p><img loading=\"lazy\" decoding=\"async\" class=\"aligncenter size-full wp-image-11604\" src=\"https:\/\/seppeschina.com\/wp-content\/uploads\/2021\/03\/seppes-door6.gif\" alt=\"\" width=\"600\" height=\"358\"><\/p>\n<h3><span style=\"color: #3366ff;\">Exposici\u00f3n<\/span><\/h3>\n<p>Esta es una foto de clientes espa\u00f1oles, australianos, brasile\u00f1os, chilenos, etc., que visitaron nuestra empresa.<\/p>\n<p><img loading=\"lazy\" decoding=\"async\" class=\"aligncenter size-full wp-image-11605\" src=\"https:\/\/seppeschina.com\/wp-content\/uploads\/2021\/03\/seppes-door7.gif\" alt=\"\" width=\"600\" height=\"338\"><\/p>\n<h3><span style=\"color: #3366ff;\">Nuestros socios<\/span><br \/>\n<img loading=\"lazy\" decoding=\"async\" class=\"aligncenter size-full wp-image-11608\" src=\"https:\/\/seppeschina.com\/wp-content\/uploads\/2021\/03\/seppes-door10.gif\" alt=\"\" width=\"600\" height=\"491\"><\/h3>\n<h3><span style=\"color: #3366ff;\">Ventajas<\/span><\/h3>\n<p><img decoding=\"async\" class=\"aligncenter\" src=\"https:\/\/seppeschina.com\/wp-content\/uploads\/2021\/04\/%E6%8B%89%E9%93%BE%E5%BF%AB%E9%80%9F%E9%97%A8_02.jpg\" alt=\"\"><\/p>\n<p>1. <strong>Reinicio<\/strong>: funci\u00f3n de reinicio autom\u00e1tico para prevenir descarrilamiento accidental (tecnolog\u00eda patentada)<\/p>\n<p>2. <strong>R\u00e1pida<\/strong>: el motor servo est\u00e1 especialmente personalizado para alcanzar una velocidad de apertura de hasta 2m\/s<\/p>\n<p>3. <strong>Resistencia al Viento<\/strong>: el riel del marco de la puerta est\u00e1 equipado con un sistema de tensi\u00f3n por resorte, resistente convencionalmente a una presi\u00f3n de viento de 6-8<\/p>\n<p>4. <strong>Estabilidad<\/strong>: Equipada con sistema de control de marca alemana; unidad de accionamiento servo de alta precisi\u00f3n.<\/p>\n<p>5. <strong>Inteligente<\/strong>: Chip inteligente loT integrado para lograr una integraci\u00f3n inteligente y potente.<\/p>\n<p>6. <strong>Seguridad<\/strong>: Dispositivo de protecci\u00f3n de seguridad est\u00e1ndar anti-atrapamiento por infrarrojos.<\/p>\n<h3><span style=\"color: #3366ff;\">Casos de Aplicaci\u00f3n<\/span><\/h3>\n<p>Esta es una variedad de puertas r\u00e1pidas que aplicamos realmente a empresas, incluyendo industrias farmac\u00e9utica, electr\u00f3nica, alimentaria, qu\u00edmica, automotriz, textil, impresi\u00f3n, log\u00edstica, entre otras.<\/p>\n<p><img loading=\"lazy\" decoding=\"async\" class=\"aligncenter wp-image-10092\" src=\"https:\/\/seppeschina.com\/wp-content\/uploads\/2019\/04\/\u62c9\u94fe\u95e8\u5e94\u7528\u573a\u666f.jpg\" alt=\"\" width=\"600\" height=\"600\" srcset=\"https:\/\/seppeschina.com\/wp-content\/uploads\/2019\/04\/\u62c9\u94fe\u95e8\u5e94\u7528\u573a\u666f.jpg 750w, https:\/\/seppeschina.com\/wp-content\/uploads\/2019\/04\/\u62c9\u94fe\u95e8\u5e94\u7528\u573a\u666f-360x360.jpg 360w, https:\/\/seppeschina.com\/wp-content\/uploads\/2019\/04\/\u62c9\u94fe\u95e8\u5e94\u7528\u573a\u666f-100x100.jpg 100w, https:\/\/seppeschina.com\/wp-content\/uploads\/2019\/04\/\u62c9\u94fe\u95e8\u5e94\u7528\u573a\u666f-600x600.jpg 600w, https:\/\/seppeschina.com\/wp-content\/uploads\/2019\/04\/\u62c9\u94fe\u95e8\u5e94\u7528\u573a\u666f-300x300.jpg 300w, https:\/\/seppeschina.com\/wp-content\/uploads\/2019\/04\/\u62c9\u94fe\u95e8\u5e94\u7528\u573a\u666f-150x150.jpg 150w, https:\/\/seppeschina.com\/wp-content\/uploads\/2019\/04\/\u62c9\u94fe\u95e8\u5e94\u7528\u573a\u666f-24x24.jpg 24w, https:\/\/seppeschina.com\/wp-content\/uploads\/2019\/04\/\u62c9\u94fe\u95e8\u5e94\u7528\u573a\u666f-48x48.jpg 48w, https:\/\/seppeschina.com\/wp-content\/uploads\/2019\/04\/\u62c9\u94fe\u95e8\u5e94\u7528\u573a\u666f-96x96.jpg 96w, https:\/\/seppeschina.com\/wp-content\/uploads\/2019\/04\/\u62c9\u94fe\u95e8\u5e94\u7528\u573a\u666f-364x364.jpg 364w, https:\/\/seppeschina.com\/wp-content\/uploads\/2019\/04\/\u62c9\u94fe\u95e8\u5e94\u7528\u573a\u666f-50x50.jpg 50w, https:\/\/seppeschina.com\/wp-content\/uploads\/2019\/04\/\u62c9\u94fe\u95e8\u5e94\u7528\u573a\u666f-110x110.jpg 110w, https:\/\/seppeschina.com\/wp-content\/uploads\/2019\/04\/\u62c9\u94fe\u95e8\u5e94\u7528\u573a\u666f-275x275.jpg 275w, https:\/\/seppeschina.com\/wp-content\/uploads\/2019\/04\/\u62c9\u94fe\u95e8\u5e94\u7528\u573a\u666f-480x480.jpg 480w, https:\/\/seppeschina.com\/wp-content\/uploads\/2019\/04\/\u62c9\u94fe\u95e8\u5e94\u7528\u573a\u666f-550x550.jpg 550w\" sizes=\"auto, (max-width: 600px) 100vw, 600px\" \/><\/p>\n<h3><span style=\"color: #3366ff;\">Entrega y Embalaje<\/span><\/h3>\n<p>Nuestro m\u00e9todo de embalaje es caja de madera, y los m\u00e9todos de transporte incluyen mensajer\u00eda, a\u00e9reo y mar\u00edtimo.<\/p>\n<p><img loading=\"lazy\" decoding=\"async\" class=\"aligncenter wp-image-9880\" src=\"https:\/\/seppeschina.com\/wp-content\/uploads\/2019\/04\/shipping.jpg\" alt=\"\" width=\"600\" height=\"600\" srcset=\"https:\/\/seppeschina.com\/wp-content\/uploads\/2019\/04\/shipping.jpg 750w, https:\/\/seppeschina.com\/wp-content\/uploads\/2019\/04\/shipping-360x360.jpg 360w, https:\/\/seppeschina.com\/wp-content\/uploads\/2019\/04\/shipping-100x100.jpg 100w, https:\/\/seppeschina.com\/wp-content\/uploads\/2019\/04\/shipping-600x600.jpg 600w, https:\/\/seppeschina.com\/wp-content\/uploads\/2019\/04\/shipping-150x150.jpg 150w, https:\/\/seppeschina.com\/wp-content\/uploads\/2019\/04\/shipping-300x300.jpg 300w, https:\/\/seppeschina.com\/wp-content\/uploads\/2019\/04\/shipping-24x24.jpg 24w, https:\/\/seppeschina.com\/wp-content\/uploads\/2019\/04\/shipping-48x48.jpg 48w, https:\/\/seppeschina.com\/wp-content\/uploads\/2019\/04\/shipping-96x96.jpg 96w, https:\/\/seppeschina.com\/wp-content\/uploads\/2019\/04\/shipping-364x364.jpg 364w, https:\/\/seppeschina.com\/wp-content\/uploads\/2019\/04\/shipping-50x50.jpg 50w, https:\/\/seppeschina.com\/wp-content\/uploads\/2019\/04\/shipping-110x110.jpg 110w, https:\/\/seppeschina.com\/wp-content\/uploads\/2019\/04\/shipping-275x275.jpg 275w, https:\/\/seppeschina.com\/wp-content\/uploads\/2019\/04\/shipping-480x480.jpg 480w, https:\/\/seppeschina.com\/wp-content\/uploads\/2019\/04\/shipping-550x550.jpg 550w\" sizes=\"auto, (max-width: 600px) 100vw, 600px\" \/><\/p>\n<h3><span style=\"color: #3366ff;\">Preguntas Frecuentes<\/span><\/h3>\n<p><span style=\"color: #ff0000;\"><strong>P: \u00bfQu\u00e9 hay sobre la potencia y el voltaje?<\/strong><\/span><\/p>\n<p><strong>R: Se puede personalizar. Normalmente 220V, 0.75KW, 50HZ, monof\u00e1sico.<\/strong><\/p>\n<p><span style=\"color: #ff0000;\"><strong>P\uff1a\u00bfQu\u00e9 materiales de marco para puerta r\u00e1pida se pueden elegir?<\/strong><\/span><\/p>\n<p><strong>R: Marco de puerta de acero pintado, marco de puerta SUS304 \/316, marco de puerta de aleaci\u00f3n de aluminio.<\/strong><\/p>\n<p><span style=\"color: #ff0000;\"><strong>P\uff1a\u00bfCu\u00e1l es el precio de una puerta r\u00e1pida?<\/strong><\/span><\/p>\n<p><strong>R\uff1aDepende de su tama\u00f1o y otros dispositivos.<\/strong><\/p>\n<p><span style=\"color: #ff0000;\"><strong>P\uff1a\u00bfC\u00f3mo elegir la f\u00e1brica de puertas r\u00e1pidas?<\/strong><\/span><\/p>\n<p><strong>R: Certificados: SGS, CE, m\u00e1s de 10 a\u00f1os de experiencia.<\/strong><\/p>\n<p><span style=\"color: #ff0000;\"><strong>P\uff1a\u00bfPodemos instalar la puerta r\u00e1pida nosotros mismos?<\/strong><\/span><\/p>\n<p><strong>R: S\u00ed, muy simple. Podemos proporcionar manual de instalaci\u00f3n en ingl\u00e9s y videos gu\u00eda.\u00a0<\/strong><\/p>\n<p><span style=\"color: #ff0000;\"><strong>P\uff1a\u00bfCu\u00e1nto tiempo puede durar?<\/strong><\/span><\/p>\n<p><strong>R: Aproximadamente 10-15 a\u00f1os.<\/strong><\/p>\n<p><span style=\"color: #ff0000;\"><strong>P\uff1a\u00bfCu\u00e1les son los m\u00e9todos de apertura autom\u00e1tica \/ inteligente de la puerta r\u00e1pida?<\/strong><\/span><\/p>\n<p><strong>R\uff1aBot\u00f3n de empuje manual, dispositivo sensor de movimiento autom\u00e1tico, inducci\u00f3n por lazo, interruptor de tracci\u00f3n, tarjeta de proximidad, vinculado con PLC o AGV.<\/strong><\/p>\n<p>&nbsp;<\/p>\n<\/div>\n<\/div>\n<\/div>\n<\/div>","protected":false},"excerpt":{"rendered":"<p><strong>Autoreparaci\u00f3n\/sellado y conservaci\u00f3n de calor\/apertura r\u00e1pida\/<\/strong><strong>Aislamiento ac\u00fastico\/antipolvo<\/strong><\/p>\n<p><strong>Se utiliza en las industrias alimentaria, electr\u00f3nica, automotriz, farmac\u00e9utica, qu\u00edmica, textil, log\u00edstica y otras.<\/strong><\/p>","protected":false},"featured_media":9858,"comment_status":"open","ping_status":"closed","template":"","meta":[],"product_brand":[],"product_cat":[303],"product_tag":[318,319],"class_list":{"0":"post-9248","1":"product","2":"type-product","3":"status-publish","4":"has-post-thumbnail","6":"product_cat-high-speed-zipper-door","7":"product_tag-fast-door-manufacturers","8":"product_tag-high-speed-zipper-door","11":"first","12":"instock","13":"shipping-taxable","14":"product-type-simple"},"_links":{"self":[{"href":"https:\/\/seppeschina.com\/es\/wp-json\/wp\/v2\/product\/9248","targetHints":{"allow":["GET"]}}],"collection":[{"href":"https:\/\/seppeschina.com\/es\/wp-json\/wp\/v2\/product"}],"about":[{"href":"https:\/\/seppeschina.com\/es\/wp-json\/wp\/v2\/types\/product"}],"replies":[{"embeddable":true,"href":"https:\/\/seppeschina.com\/es\/wp-json\/wp\/v2\/comments?post=9248"}],"wp:featuredmedia":[{"embeddable":true,"href":"https:\/\/seppeschina.com\/es\/wp-json\/wp\/v2\/media\/9858"}],"wp:attachment":[{"href":"https:\/\/seppeschina.com\/es\/wp-json\/wp\/v2\/media?parent=9248"}],"wp:term":[{"taxonomy":"product_brand","embeddable":true,"href":"https:\/\/seppeschina.com\/es\/wp-json\/wp\/v2\/product_brand?post=9248"},{"taxonomy":"product_cat","embeddable":true,"href":"https:\/\/seppeschina.com\/es\/wp-json\/wp\/v2\/product_cat?post=9248"},{"taxonomy":"product_tag","embeddable":true,"href":"https:\/\/seppeschina.com\/es\/wp-json\/wp\/v2\/product_tag?post=9248"}],"curies":[{"name":"wp","href":"https:\/\/api.w.org\/{rel}","templated":true}]}}