{"id":12244,"date":"2021-05-11T17:17:18","date_gmt":"2021-05-11T09:17:18","guid":{"rendered":"https:\/\/seppeschina.com\/?post_type=product&#038;p=12244"},"modified":"2026-03-25T15:36:27","modified_gmt":"2026-03-25T07:36:27","slug":"puerta-de-cremallera-de-alta-velocidad-3","status":"publish","type":"product","link":"https:\/\/seppeschina.com\/es\/product\/high-speed-zipper-door-2\/","title":{"rendered":"puerta r\u00e1pida de cremallera de alta velocidad"},"content":{"rendered":"<h3>Descripci\u00f3n<\/h3>\n<p>Las caracter\u00edsticas convencionales de la puerta de cremallera de alta velocidad incluyen:<\/p>\n<p><span class=\"VIiyi\" lang=\"en\"><span class=\"JLqJ4b ChMk0b\" data-language-for-alternatives=\"en\" data-language-to-translate-into=\"zh-CN\" data-phrase-index=\"0\">1. Reinicio: funci\u00f3n de reinicio autom\u00e1tico para prevenir colisiones y descarrilamientos accidentales (tecnolog\u00eda patentada)<\/span><\/span><\/p>\n<p><span class=\"VIiyi\" lang=\"en\"><span class=\"JLqJ4b ChMk0b\" data-language-for-alternatives=\"en\" data-language-to-translate-into=\"zh-CN\" data-phrase-index=\"2\">2. Cierre de cadena: estructura de bloqueo de cremallera, alto rendimiento de estanqueidad; cuerpo de puerta completamente blando, m\u00e1s seguro<\/span><\/span><\/p>\n<p><span class=\"VIiyi\" lang=\"en\"><span class=\"JLqJ4b ChMk0b\" data-language-for-alternatives=\"en\" data-language-to-translate-into=\"zh-CN\" data-phrase-index=\"4\">3. Alta velocidad: motor servo especialmente personalizado, la velocidad de apertura puede alcanzar hasta 2.0 m\/s, tambi\u00e9n aplicable en l\u00edneas de producci\u00f3n de alta frecuencia<\/span><\/span><\/p>\n<p><span class=\"VIiyi\" lang=\"en\"><span class=\"JLqJ4b ChMk0b\" data-language-for-alternatives=\"en\" data-language-to-translate-into=\"zh-CN\" data-phrase-index=\"6\">4. Resistencia al viento: el marco de la puerta y la gu\u00eda cuentan con un sistema de tensi\u00f3n por resorte, resistente convencionalmente a presiones de viento de 6-8 niveles, y puede reforzarse mediante pedidos especiales<\/span><\/span><\/p>\n<p><span class=\"VIiyi\" lang=\"en\"><span class=\"JLqJ4b ChMk0b\" data-language-for-alternatives=\"en\" data-language-to-translate-into=\"zh-CN\" data-phrase-index=\"8\">5. Alta frecuencia: n\u00famero de ciclos de hasta 1 mill\u00f3n o m\u00e1s<\/span><\/span><\/p>\n<p><span class=\"VIiyi\" lang=\"en\"><span class=\"JLqJ4b ChMk0b\" data-language-for-alternatives=\"en\" data-language-to-translate-into=\"zh-CN\" data-phrase-index=\"10\">6. Seguridad: fotoc\u00e9lula de seguridad est\u00e1ndar y airbag inferior (tecnolog\u00eda patentada SEPPES), cortina de luz de seguridad opcional<\/span><\/span><\/p>\n<p><img loading=\"lazy\" decoding=\"async\" class=\"aligncenter wp-image-11883\" title=\"Puerta de cremallera de alta velocidad\" src=\"https:\/\/seppeschina.com\/wp-content\/uploads\/2021\/04\/\u56fe\u724715.jpg\" alt=\"\" width=\"600\" height=\"450\" srcset=\"https:\/\/seppeschina.com\/wp-content\/uploads\/2021\/04\/\u56fe\u724715.jpg 800w, https:\/\/seppeschina.com\/wp-content\/uploads\/2021\/04\/\u56fe\u724715-360x270.jpg 360w, https:\/\/seppeschina.com\/wp-content\/uploads\/2021\/04\/\u56fe\u724715-600x450.jpg 600w, https:\/\/seppeschina.com\/wp-content\/uploads\/2021\/04\/\u56fe\u724715-300x225.jpg 300w, https:\/\/seppeschina.com\/wp-content\/uploads\/2021\/04\/\u56fe\u724715-768x576.jpg 768w, https:\/\/seppeschina.com\/wp-content\/uploads\/2021\/04\/\u56fe\u724715-550x413.jpg 550w\" sizes=\"auto, (max-width: 600px) 100vw, 600px\" \/><\/p>\n<h3><strong><b>Composici\u00f3n<\/b><\/strong><\/h3>\n<p><img loading=\"lazy\" decoding=\"async\" class=\"aligncenter wp-image-12050\" title=\"Puerta de cremallera de alta velocidad\" src=\"https:\/\/seppeschina.com\/wp-content\/uploads\/2021\/03\/\u7ea2\u8272\u62c9\u94fe\u5feb\u901f\u95e8\u7ed3\u6784\u56fe.jpg\" alt=\"\" width=\"600\" height=\"600\" srcset=\"https:\/\/seppeschina.com\/wp-content\/uploads\/2021\/03\/\u7ea2\u8272\u62c9\u94fe\u5feb\u901f\u95e8\u7ed3\u6784\u56fe.jpg 750w, https:\/\/seppeschina.com\/wp-content\/uploads\/2021\/03\/\u7ea2\u8272\u62c9\u94fe\u5feb\u901f\u95e8\u7ed3\u6784\u56fe-360x360.jpg 360w, https:\/\/seppeschina.com\/wp-content\/uploads\/2021\/03\/\u7ea2\u8272\u62c9\u94fe\u5feb\u901f\u95e8\u7ed3\u6784\u56fe-100x100.jpg 100w, https:\/\/seppeschina.com\/wp-content\/uploads\/2021\/03\/\u7ea2\u8272\u62c9\u94fe\u5feb\u901f\u95e8\u7ed3\u6784\u56fe-600x600.jpg 600w, https:\/\/seppeschina.com\/wp-content\/uploads\/2021\/03\/\u7ea2\u8272\u62c9\u94fe\u5feb\u901f\u95e8\u7ed3\u6784\u56fe-300x300.jpg 300w, https:\/\/seppeschina.com\/wp-content\/uploads\/2021\/03\/\u7ea2\u8272\u62c9\u94fe\u5feb\u901f\u95e8\u7ed3\u6784\u56fe-150x150.jpg 150w, https:\/\/seppeschina.com\/wp-content\/uploads\/2021\/03\/\u7ea2\u8272\u62c9\u94fe\u5feb\u901f\u95e8\u7ed3\u6784\u56fe-24x24.jpg 24w, https:\/\/seppeschina.com\/wp-content\/uploads\/2021\/03\/\u7ea2\u8272\u62c9\u94fe\u5feb\u901f\u95e8\u7ed3\u6784\u56fe-48x48.jpg 48w, https:\/\/seppeschina.com\/wp-content\/uploads\/2021\/03\/\u7ea2\u8272\u62c9\u94fe\u5feb\u901f\u95e8\u7ed3\u6784\u56fe-96x96.jpg 96w, https:\/\/seppeschina.com\/wp-content\/uploads\/2021\/03\/\u7ea2\u8272\u62c9\u94fe\u5feb\u901f\u95e8\u7ed3\u6784\u56fe-364x364.jpg 364w, https:\/\/seppeschina.com\/wp-content\/uploads\/2021\/03\/\u7ea2\u8272\u62c9\u94fe\u5feb\u901f\u95e8\u7ed3\u6784\u56fe-50x50.jpg 50w, https:\/\/seppeschina.com\/wp-content\/uploads\/2021\/03\/\u7ea2\u8272\u62c9\u94fe\u5feb\u901f\u95e8\u7ed3\u6784\u56fe-110x110.jpg 110w, https:\/\/seppeschina.com\/wp-content\/uploads\/2021\/03\/\u7ea2\u8272\u62c9\u94fe\u5feb\u901f\u95e8\u7ed3\u6784\u56fe-275x275.jpg 275w, https:\/\/seppeschina.com\/wp-content\/uploads\/2021\/03\/\u7ea2\u8272\u62c9\u94fe\u5feb\u901f\u95e8\u7ed3\u6784\u56fe-480x480.jpg 480w, https:\/\/seppeschina.com\/wp-content\/uploads\/2021\/03\/\u7ea2\u8272\u62c9\u94fe\u5feb\u901f\u95e8\u7ed3\u6784\u56fe-550x550.jpg 550w\" sizes=\"auto, (max-width: 600px) 100vw, 600px\" \/><\/p>\n<h3><strong><b>Caracter\u00edstica<\/b><\/strong><\/h3>\n<table>\n<tbody>\n<tr>\n<td width=\"118\"><strong><b>Nombre<\/b><\/strong><\/td>\n<td width=\"339\">Puerta de PVC de Alta Velocidad con Cierre de Cremallera<\/td>\n<\/tr>\n<tr>\n<td width=\"118\"><strong><b>Cortina<\/b><\/strong><\/td>\n<td width=\"339\">Cortina de tela de 1.2 mm de espesor<\/td>\n<\/tr>\n<tr>\n<td width=\"118\"><strong><b>Marco de la Puerta<\/b><\/strong><\/td>\n<td width=\"339\">Acero Galvanizado\/<\/p>\n<p>Acero Inoxidable 304\/Aleaci\u00f3n de Aluminio<\/td>\n<\/tr>\n<tr>\n<td width=\"118\"><strong><b>Motor<\/b><\/strong><\/td>\n<td width=\"339\">Motor servo, uso superior a 1.5 millones de veces<\/td>\n<\/tr>\n<tr>\n<td width=\"118\"><strong><b>Potencia<\/b><\/strong><\/td>\n<td width=\"339\">220v, 0.75kw, 50HZ<\/td>\n<\/tr>\n<tr>\n<td width=\"118\"><strong><b>Velocidad<\/b><\/strong><\/td>\n<td width=\"339\">0.8-2.5 m\/s, ajustable<\/td>\n<\/tr>\n<tr>\n<td width=\"118\"><strong><b>Ciclos de Uso<\/b><\/strong><\/td>\n<td width=\"339\">M\u00e1s de 1.5 millones de veces<\/td>\n<\/tr>\n<tr>\n<td width=\"118\"><strong><b>Protecci\u00f3n<\/b><\/strong><\/td>\n<td width=\"339\">IP54<\/td>\n<\/tr>\n<tr>\n<td width=\"118\"><strong><b>Ventaja<\/b><\/strong><\/td>\n<td width=\"339\">Silencioso\/Durable\/Evita colisiones\/Reinicio autom\u00e1tico<\/td>\n<\/tr>\n<\/tbody>\n<\/table>\n<h3><strong><b>Im\u00e1genes Detalladas<\/b><\/strong><\/h3>\n<p><img loading=\"lazy\" decoding=\"async\" class=\"alignnone size-full wp-image-10137\" src=\"https:\/\/seppeschina.com\/wp-content\/uploads\/2021\/01\/\u5fae\u4fe1\u56fe\u7247_20210108155737.jpg\" alt=\"\" width=\"750\" height=\"793\" srcset=\"https:\/\/seppeschina.com\/wp-content\/uploads\/2021\/01\/\u5fae\u4fe1\u56fe\u7247_20210108155737.jpg 750w, https:\/\/seppeschina.com\/wp-content\/uploads\/2021\/01\/\u5fae\u4fe1\u56fe\u7247_20210108155737-360x381.jpg 360w, https:\/\/seppeschina.com\/wp-content\/uploads\/2021\/01\/\u5fae\u4fe1\u56fe\u7247_20210108155737-600x634.jpg 600w, https:\/\/seppeschina.com\/wp-content\/uploads\/2021\/01\/\u5fae\u4fe1\u56fe\u7247_20210108155737-284x300.jpg 284w, https:\/\/seppeschina.com\/wp-content\/uploads\/2021\/01\/\u5fae\u4fe1\u56fe\u7247_20210108155737-24x24.jpg 24w, https:\/\/seppeschina.com\/wp-content\/uploads\/2021\/01\/\u5fae\u4fe1\u56fe\u7247_20210108155737-520x550.jpg 520w\" sizes=\"auto, (max-width: 750px) 100vw, 750px\" \/><\/p>\n<p>1. El \u00e1ngulo de hierro est\u00e1 reforzado para mayor estabilidad de la puerta;<\/p>\n<p>2. Instalaci\u00f3n m\u00e1s conveniente, apariencia est\u00e9tica;<\/p>\n<p>3. Puede reiniciarse autom\u00e1ticamente si se sale del riel por impacto;<\/p>\n<p>4. Contacto ligero con un objeto, retroceso r\u00e1pido;<\/p>\n<p>5. Cada producto tiene su propio c\u00f3digo;<\/p>\n<p>6.<a href=\"https:\/\/en.wikipedia.org\/wiki\/Color\" rel=\"nofollow noopener\" target=\"_blank\">Color<\/a> Puede seleccionarse seg\u00fan la carta de colores Raul.<\/p>\n<h3>M\u00e9todos de Apertura<\/h3>\n<p><img loading=\"lazy\" decoding=\"async\" class=\"aligncenter wp-image-12022\" src=\"https:\/\/seppeschina.com\/wp-content\/uploads\/2021\/04\/\u7ea2\u8272\u5f00\u5173\u56fe.jpg\" alt=\"\" width=\"600\" height=\"600\" srcset=\"https:\/\/seppeschina.com\/wp-content\/uploads\/2021\/04\/\u7ea2\u8272\u5f00\u5173\u56fe.jpg 750w, https:\/\/seppeschina.com\/wp-content\/uploads\/2021\/04\/\u7ea2\u8272\u5f00\u5173\u56fe-360x360.jpg 360w, https:\/\/seppeschina.com\/wp-content\/uploads\/2021\/04\/\u7ea2\u8272\u5f00\u5173\u56fe-100x100.jpg 100w, https:\/\/seppeschina.com\/wp-content\/uploads\/2021\/04\/\u7ea2\u8272\u5f00\u5173\u56fe-600x600.jpg 600w, https:\/\/seppeschina.com\/wp-content\/uploads\/2021\/04\/\u7ea2\u8272\u5f00\u5173\u56fe-300x300.jpg 300w, https:\/\/seppeschina.com\/wp-content\/uploads\/2021\/04\/\u7ea2\u8272\u5f00\u5173\u56fe-150x150.jpg 150w, https:\/\/seppeschina.com\/wp-content\/uploads\/2021\/04\/\u7ea2\u8272\u5f00\u5173\u56fe-24x24.jpg 24w, https:\/\/seppeschina.com\/wp-content\/uploads\/2021\/04\/\u7ea2\u8272\u5f00\u5173\u56fe-48x48.jpg 48w, https:\/\/seppeschina.com\/wp-content\/uploads\/2021\/04\/\u7ea2\u8272\u5f00\u5173\u56fe-96x96.jpg 96w, https:\/\/seppeschina.com\/wp-content\/uploads\/2021\/04\/\u7ea2\u8272\u5f00\u5173\u56fe-364x364.jpg 364w, https:\/\/seppeschina.com\/wp-content\/uploads\/2021\/04\/\u7ea2\u8272\u5f00\u5173\u56fe-50x50.jpg 50w, https:\/\/seppeschina.com\/wp-content\/uploads\/2021\/04\/\u7ea2\u8272\u5f00\u5173\u56fe-110x110.jpg 110w, https:\/\/seppeschina.com\/wp-content\/uploads\/2021\/04\/\u7ea2\u8272\u5f00\u5173\u56fe-275x275.jpg 275w, https:\/\/seppeschina.com\/wp-content\/uploads\/2021\/04\/\u7ea2\u8272\u5f00\u5173\u56fe-480x480.jpg 480w, https:\/\/seppeschina.com\/wp-content\/uploads\/2021\/04\/\u7ea2\u8272\u5f00\u5173\u56fe-550x550.jpg 550w\" sizes=\"auto, (max-width: 600px) 100vw, 600px\" \/><\/p>\n<h3>Selecci\u00f3n de color<\/h3>\n<p><img loading=\"lazy\" decoding=\"async\" class=\"aligncenter wp-image-10104\" src=\"https:\/\/seppeschina.com\/wp-content\/uploads\/2019\/04\/COLOR-1.jpg\" sizes=\"auto, (max-width: 600px) 100vw, 600px\" srcset=\"https:\/\/seppeschina.com\/wp-content\/uploads\/2019\/04\/COLOR-1.jpg 750w, https:\/\/seppeschina.com\/wp-content\/uploads\/2019\/04\/COLOR-1-300x300.jpg 300w, https:\/\/seppeschina.com\/wp-content\/uploads\/2019\/04\/COLOR-1-150x150.jpg 150w, https:\/\/seppeschina.com\/wp-content\/uploads\/2019\/04\/COLOR-1-360x360.jpg 360w, https:\/\/seppeschina.com\/wp-content\/uploads\/2019\/04\/COLOR-1-600x600.jpg 600w, https:\/\/seppeschina.com\/wp-content\/uploads\/2019\/04\/COLOR-1-100x100.jpg 100w, https:\/\/seppeschina.com\/wp-content\/uploads\/2019\/04\/COLOR-1-24x24.jpg 24w, https:\/\/seppeschina.com\/wp-content\/uploads\/2019\/04\/COLOR-1-48x48.jpg 48w, https:\/\/seppeschina.com\/wp-content\/uploads\/2019\/04\/COLOR-1-96x96.jpg 96w, https:\/\/seppeschina.com\/wp-content\/uploads\/2019\/04\/COLOR-1-364x364.jpg 364w, https:\/\/seppeschina.com\/wp-content\/uploads\/2019\/04\/COLOR-1-50x50.jpg 50w, https:\/\/seppeschina.com\/wp-content\/uploads\/2019\/04\/COLOR-1-110x110.jpg 110w, https:\/\/seppeschina.com\/wp-content\/uploads\/2019\/04\/COLOR-1-275x275.jpg 275w, https:\/\/seppeschina.com\/wp-content\/uploads\/2019\/04\/COLOR-1-480x480.jpg 480w, https:\/\/seppeschina.com\/wp-content\/uploads\/2019\/04\/COLOR-1-550x550.jpg 550w\" alt=\"\" width=\"600\" height=\"600\"><\/p>\n<h3>Producto relacionado<\/h3>\n<p><img loading=\"lazy\" decoding=\"async\" class=\"aligncenter size-full wp-image-11599\" src=\"https:\/\/seppeschina.com\/wp-content\/uploads\/2021\/03\/seppes-door-1.gif\" alt=\"\" width=\"600\" height=\"528\"><\/p>\n<h3>\u00bfQui\u00e9nes somos?<\/h3>\n<h5>Sobre nosotros<\/h5>\n<p><strong>Seppes Door Industry (Suzhou) Co., Ltd.<\/strong>\u00a0Fue establecida en 2011 y es una empresa de fabricaci\u00f3n y comercio con 9 a\u00f1os de experiencia. Nuestros principales productos son <a href=\"https:\/\/seppeschina.com\/es\/product-category\/puerta-de-cremallera-de-alta-velocidad-2\/\">Puertas de alta velocidad<\/a>, puertas enrollables r\u00e1pidas, puertas enrollables autom\u00e1ticas, puertas combinadas, etc.<\/p>\n<p><img loading=\"lazy\" decoding=\"async\" class=\"aligncenter size-full wp-image-11606\" src=\"https:\/\/seppeschina.com\/wp-content\/uploads\/2021\/03\/seppes-door8.gif\" alt=\"\" width=\"600\" height=\"502\"><\/p>\n<h3>Exhibici\u00f3n de f\u00e1brica<\/h3>\n<p><img loading=\"lazy\" decoding=\"async\" class=\"aligncenter size-full wp-image-11604\" src=\"https:\/\/seppeschina.com\/wp-content\/uploads\/2021\/03\/seppes-door6.gif\" alt=\"\" width=\"600\" height=\"358\"><\/p>\n<h3>Exposici\u00f3n<\/h3>\n<p>Esta es una foto de clientes espa\u00f1oles, australianos, brasile\u00f1os, chilenos, etc., que visitaron nuestra empresa.<\/p>\n<p><img loading=\"lazy\" decoding=\"async\" class=\"aligncenter size-full wp-image-11605\" src=\"https:\/\/seppeschina.com\/wp-content\/uploads\/2021\/03\/seppes-door7.gif\" alt=\"\" width=\"600\" height=\"338\"><\/p>\n<h3>Nuestros socios<br \/>\n<img loading=\"lazy\" decoding=\"async\" class=\"aligncenter size-full wp-image-11608\" src=\"https:\/\/seppeschina.com\/wp-content\/uploads\/2021\/03\/seppes-door10.gif\" alt=\"\" width=\"600\" height=\"491\">Ventajas<\/h3>\n<p><img loading=\"lazy\" decoding=\"async\" class=\"aligncenter size-full wp-image-11817\" src=\"https:\/\/seppeschina.com\/wp-content\/uploads\/2021\/04\/%E6%8B%89%E9%93%BE%E5%BF%AB%E9%80%9F%E9%97%A8_02.jpg\" sizes=\"auto, (max-width: 600px) 100vw, 600px\" srcset=\"https:\/\/seppeschina.com\/wp-content\/uploads\/2021\/04\/\u62c9\u94fe\u5feb\u901f\u95e8_02.jpg 600w, https:\/\/seppeschina.com\/wp-content\/uploads\/2021\/04\/\u62c9\u94fe\u5feb\u901f\u95e8_02-283x300.jpg 283w, https:\/\/seppeschina.com\/wp-content\/uploads\/2021\/04\/\u62c9\u94fe\u5feb\u901f\u95e8_02-360x382.jpg 360w, https:\/\/seppeschina.com\/wp-content\/uploads\/2021\/04\/\u62c9\u94fe\u5feb\u901f\u95e8_02-24x24.jpg 24w, https:\/\/seppeschina.com\/wp-content\/uploads\/2021\/04\/\u62c9\u94fe\u5feb\u901f\u95e8_02-519x550.jpg 519w\" alt=\"\" width=\"600\" height=\"636\"><\/p>\n<h3>Aplicaciones<\/h3>\n<p><img loading=\"lazy\" decoding=\"async\" class=\"aligncenter size-full wp-image-11612\" src=\"https:\/\/seppeschina.com\/wp-content\/uploads\/2021\/03\/seppes-door2.jpg\" sizes=\"auto, (max-width: 600px) 100vw, 600px\" srcset=\"https:\/\/seppeschina.com\/wp-content\/uploads\/2021\/03\/seppes-door2.jpg 600w, https:\/\/seppeschina.com\/wp-content\/uploads\/2021\/03\/seppes-door2-249x300.jpg 249w, https:\/\/seppeschina.com\/wp-content\/uploads\/2021\/03\/seppes-door2-360x434.jpg 360w, https:\/\/seppeschina.com\/wp-content\/uploads\/2021\/03\/seppes-door2-456x550.jpg 456w\" alt=\"\" width=\"600\" height=\"723\"><\/p>\n<h3>Entrega y Embalaje<\/h3>\n<p>Nuestro m\u00e9todo de embalaje es caja de madera, y los m\u00e9todos de transporte incluyen mensajer\u00eda, a\u00e9reo y mar\u00edtimo. Normalmente 3-7 d\u00edas despu\u00e9s de realizar el pedido.<\/p>\n<p><img loading=\"lazy\" decoding=\"async\" class=\"aligncenter size-full wp-image-11818\" src=\"https:\/\/seppeschina.com\/wp-content\/uploads\/2021\/04\/H847d78bca14e40ceb2854a49609655195.png\" sizes=\"auto, (max-width: 750px) 100vw, 750px\" srcset=\"https:\/\/seppeschina.com\/wp-content\/uploads\/2021\/04\/H847d78bca14e40ceb2854a49609655195.png 750w, https:\/\/seppeschina.com\/wp-content\/uploads\/2021\/04\/H847d78bca14e40ceb2854a49609655195-300x124.png 300w, https:\/\/seppeschina.com\/wp-content\/uploads\/2021\/04\/H847d78bca14e40ceb2854a49609655195-360x149.png 360w, https:\/\/seppeschina.com\/wp-content\/uploads\/2021\/04\/H847d78bca14e40ceb2854a49609655195-600x248.png 600w, https:\/\/seppeschina.com\/wp-content\/uploads\/2021\/04\/H847d78bca14e40ceb2854a49609655195-550x227.png 550w\" alt=\"\" width=\"750\" height=\"310\"><\/p>\n<h3>Preguntas Frecuentes<\/h3>\n<p><strong>P: \u00bfQu\u00e9 hay sobre la potencia y el voltaje?<\/strong><\/p>\n<p><strong>R: Se puede personalizar. Normalmente 220V, 0.75KW, 50HZ, monof\u00e1sico.<\/strong><\/p>\n<p><strong>P\uff1a\u00bfQu\u00e9 materiales de marco para puerta r\u00e1pida se pueden elegir?<\/strong><\/p>\n<p><strong>R: Marco de puerta de acero pintado, marco de puerta SUS304 \/316, marco de puerta de aleaci\u00f3n de aluminio.<\/strong><\/p>\n<p><strong>P\uff1a\u00bfCu\u00e1l es el precio de una puerta r\u00e1pida?<\/strong><\/p>\n<p><strong>R\uff1aDepende de su tama\u00f1o y otros dispositivos.<\/strong><\/p>\n<p><strong>P\uff1a\u00bfC\u00f3mo elegir la f\u00e1brica de puertas r\u00e1pidas?<\/strong><\/p>\n<p><strong>R: Certificados: SGS, CE, m\u00e1s de 10 a\u00f1os de experiencia.<\/strong><\/p>\n<p><strong>P\uff1a\u00bfPodemos instalar la puerta r\u00e1pida nosotros mismos?<\/strong><\/p>\n<p><strong>R: S\u00ed, muy simple. Podemos proporcionar manual de instalaci\u00f3n en ingl\u00e9s y videos gu\u00eda.\u00a0<\/strong><\/p>\n<p><strong>P\uff1a\u00bfCu\u00e1nto tiempo puede durar?<\/strong><\/p>\n<p><strong>R: Aproximadamente 10-15 a\u00f1os.<\/strong><\/p>\n<p><strong>P\uff1a\u00bfCu\u00e1les son los m\u00e9todos de apertura autom\u00e1tica \/ inteligente de la puerta r\u00e1pida?<\/strong><\/p>\n<p><strong>R\uff1aBot\u00f3n de empuje manual, dispositivo sensor de movimiento autom\u00e1tico, inducci\u00f3n por lazo, interruptor de tracci\u00f3n, tarjeta de proximidad, vinculado con PLC o AGV.<\/strong><\/p>\n\n<div class=\"wpcf7 no-js\" id=\"wpcf7-f1555-o1\" lang=\"en-US\" dir=\"ltr\" data-wpcf7-id=\"1555\">\n<div class=\"screen-reader-response\"><p role=\"status\" aria-live=\"polite\" aria-atomic=\"true\"><\/p> <ul><\/ul><\/div>\n<form action=\"\/es\/wp-json\/wp\/v2\/product\/12244#wpcf7-f1555-o1\" method=\"post\" class=\"wpcf7-form init\" aria-label=\"Contact form\" novalidate=\"novalidate\" data-status=\"init\" data-trp-original-action=\"\/es\/wp-json\/wp\/v2\/product\/12244#wpcf7-f1555-o1\">\n<fieldset class=\"hidden-fields-container\"><input type=\"hidden\" name=\"_wpcf7\" value=\"1555\" \/><input type=\"hidden\" name=\"_wpcf7_version\" value=\"6.1.4\" \/><input type=\"hidden\" name=\"_wpcf7_locale\" value=\"en_US\" \/><input type=\"hidden\" name=\"_wpcf7_unit_tag\" value=\"wpcf7-f1555-o1\" \/><input type=\"hidden\" name=\"_wpcf7_container_post\" value=\"0\" \/><input type=\"hidden\" name=\"_wpcf7_posted_data_hash\" value=\"\" \/><input type=\"hidden\" name=\"_wpcf7_recaptcha_response\" value=\"\" \/>\n<\/fieldset>\n<div class=\"hunkcf71\">\n\t<p class=\"cf7-title\" style=\"font-size:25px;\"><i class=\"fa fa-envelope-o\"><\/i> \u00a1Responderemos a su correo electr\u00f3nico en breve!\n\t<\/p>\n\t<p><span class=\"wpcf7-form-control-wrap\" data-name=\"text-737\"><input size=\"40\" maxlength=\"400\" class=\"wpcf7-form-control wpcf7-text wpcf7-validates-as-required\" aria-required=\"true\" aria-invalid=\"false\" placeholder=\"Su nombre*\" value=\"\" type=\"text\" name=\"text-737\" \/><\/span>\n\t<\/p>\n\t<p><span class=\"wpcf7-form-control-wrap\" data-name=\"email-193\"><input size=\"40\" maxlength=\"400\" class=\"wpcf7-form-control wpcf7-email wpcf7-validates-as-required wpcf7-text wpcf7-validates-as-email\" aria-required=\"true\" aria-invalid=\"false\" placeholder=\"Direcci\u00f3n de correo electr\u00f3nico*\" value=\"\" type=\"email\" name=\"email-193\" \/><\/span>\n\t<\/p>\n\t<p><span class=\"wpcf7-form-control-wrap\" data-name=\"text-738\"><input size=\"40\" maxlength=\"400\" class=\"wpcf7-form-control wpcf7-text\" aria-invalid=\"false\" placeholder=\"N\u00famero de tel\u00e9fono\" value=\"\" type=\"text\" name=\"text-738\" \/><\/span>\n\t<\/p>\n\t<p><span class=\"wpcf7-form-control-wrap\" data-name=\"textarea-837\"><textarea cols=\"40\" rows=\"10\" maxlength=\"2000\" class=\"wpcf7-form-control wpcf7-textarea wpcf7-validates-as-required\" aria-required=\"true\" aria-invalid=\"false\" placeholder=\"Describa su necesidad de la manera m\u00e1s espec\u00edfica posible*\" name=\"textarea-837\"><\/textarea><\/span>\n\t<\/p>\n\t<p><input class=\"wpcf7-form-control wpcf7-submit has-spinner\" type=\"submit\" value=\"Enviar\" \/>\n\t<\/p>\n<\/div><div class=\"wpcf7-response-output\" aria-hidden=\"true\"><\/div>\n<input type=\"hidden\" name=\"trp-form-language\" value=\"es\"\/><\/form>\n<\/div>","protected":false},"excerpt":{"rendered":"<p>Caracter\u00edsticas<\/p>\n<p>Conservaci\u00f3n del calor, humectaci\u00f3n, protecci\u00f3n contra el polvo, protecci\u00f3n contra insectos, aislamiento ac\u00fastico, resistencia al viento, etc., para mantener el taller en un entorno de trabajo de temperatura constante, humedad constante y limpio. Sobre la base de la mejora de la puerta r\u00e1pida, cuenta con la funci\u00f3n de reinicio anti-colisi\u00f3n y un mejor sellado.<\/p>","protected":false},"featured_media":12247,"comment_status":"open","ping_status":"closed","template":"","meta":[],"product_brand":[],"product_cat":[303],"product_tag":[378,379,380,319,355],"class_list":{"0":"post-12244","1":"product","2":"type-product","3":"status-publish","4":"has-post-thumbnail","6":"product_cat-high-speed-zipper-door","7":"product_tag-high-speed-door-italy","8":"product_tag-high-speed-door-japan","9":"product_tag-high-speed-door-malaysia","10":"product_tag-high-speed-zipper-door","11":"product_tag-zipper-high-speed-door","14":"first","15":"instock","16":"shipping-taxable","17":"product-type-simple"},"_links":{"self":[{"href":"https:\/\/seppeschina.com\/es\/wp-json\/wp\/v2\/product\/12244","targetHints":{"allow":["GET"]}}],"collection":[{"href":"https:\/\/seppeschina.com\/es\/wp-json\/wp\/v2\/product"}],"about":[{"href":"https:\/\/seppeschina.com\/es\/wp-json\/wp\/v2\/types\/product"}],"replies":[{"embeddable":true,"href":"https:\/\/seppeschina.com\/es\/wp-json\/wp\/v2\/comments?post=12244"}],"wp:featuredmedia":[{"embeddable":true,"href":"https:\/\/seppeschina.com\/es\/wp-json\/wp\/v2\/media\/12247"}],"wp:attachment":[{"href":"https:\/\/seppeschina.com\/es\/wp-json\/wp\/v2\/media?parent=12244"}],"wp:term":[{"taxonomy":"product_brand","embeddable":true,"href":"https:\/\/seppeschina.com\/es\/wp-json\/wp\/v2\/product_brand?post=12244"},{"taxonomy":"product_cat","embeddable":true,"href":"https:\/\/seppeschina.com\/es\/wp-json\/wp\/v2\/product_cat?post=12244"},{"taxonomy":"product_tag","embeddable":true,"href":"https:\/\/seppeschina.com\/es\/wp-json\/wp\/v2\/product_tag?post=12244"}],"curies":[{"name":"wp","href":"https:\/\/api.w.org\/{rel}","templated":true}]}}