{"id":11222,"date":"2021-03-04T15:14:36","date_gmt":"2021-03-04T07:14:36","guid":{"rendered":"https:\/\/seppeschina.com\/?post_type=product&#038;p=11222"},"modified":"2024-11-19T15:10:08","modified_gmt":"2024-11-19T07:10:08","slug":"china-seppes-best-selling-high-quality-sponge-dock-shelter","status":"publish","type":"product","link":"https:\/\/seppeschina.com\/es_ec\/producto\/china-seppes-best-selling-high-quality-sponge-dock-shelter\/","title":{"rendered":"SEPPES High Quality Black Sponge Dock Shelter"},"content":{"rendered":"<h3>Descripci\u00f3n<\/h3>\n<p><strong>Sponge Dock Shelter<\/strong> curtain fabric is made of polyester single-fiber strength fabric, surface PVC coating, and the interior is filled with high-elasticity sponge with a maximum compression ratio of up to 73%. The pleated pages are distributed on both sides and above, wear-resistant and anti-extrusion.<\/p>\n<p><img loading=\"lazy\" decoding=\"async\" class=\"aligncenter wp-image-11098\" src=\"https:\/\/seppeschina.com\/wp-content\/uploads\/2021\/02\/\u6d77\u7ef5\u95e8\u5c011.png\" alt=\"\" width=\"600\" height=\"600\" srcset=\"https:\/\/seppeschina.com\/wp-content\/uploads\/2021\/02\/\u6d77\u7ef5\u95e8\u5c011.png 750w, https:\/\/seppeschina.com\/wp-content\/uploads\/2021\/02\/\u6d77\u7ef5\u95e8\u5c011-360x360.png 360w, https:\/\/seppeschina.com\/wp-content\/uploads\/2021\/02\/\u6d77\u7ef5\u95e8\u5c011-100x100.png 100w, https:\/\/seppeschina.com\/wp-content\/uploads\/2021\/02\/\u6d77\u7ef5\u95e8\u5c011-600x600.png 600w, https:\/\/seppeschina.com\/wp-content\/uploads\/2021\/02\/\u6d77\u7ef5\u95e8\u5c011-300x300.png 300w, https:\/\/seppeschina.com\/wp-content\/uploads\/2021\/02\/\u6d77\u7ef5\u95e8\u5c011-150x150.png 150w, https:\/\/seppeschina.com\/wp-content\/uploads\/2021\/02\/\u6d77\u7ef5\u95e8\u5c011-24x24.png 24w, https:\/\/seppeschina.com\/wp-content\/uploads\/2021\/02\/\u6d77\u7ef5\u95e8\u5c011-48x48.png 48w, https:\/\/seppeschina.com\/wp-content\/uploads\/2021\/02\/\u6d77\u7ef5\u95e8\u5c011-96x96.png 96w, https:\/\/seppeschina.com\/wp-content\/uploads\/2021\/02\/\u6d77\u7ef5\u95e8\u5c011-364x364.png 364w, https:\/\/seppeschina.com\/wp-content\/uploads\/2021\/02\/\u6d77\u7ef5\u95e8\u5c011-50x50.png 50w, https:\/\/seppeschina.com\/wp-content\/uploads\/2021\/02\/\u6d77\u7ef5\u95e8\u5c011-110x110.png 110w, https:\/\/seppeschina.com\/wp-content\/uploads\/2021\/02\/\u6d77\u7ef5\u95e8\u5c011-275x275.png 275w, https:\/\/seppeschina.com\/wp-content\/uploads\/2021\/02\/\u6d77\u7ef5\u95e8\u5c011-480x480.png 480w, https:\/\/seppeschina.com\/wp-content\/uploads\/2021\/02\/\u6d77\u7ef5\u95e8\u5c011-550x550.png 550w\" sizes=\"auto, (max-width: 600px) 100vw, 600px\" \/><\/p>\n<div class=\"J_module\">\n<h3 id=\"ali-anchor-AliMagic-grrtvb\" class=\"magic-4\" data-section=\"AliMagic-grrtvb\" data-section-title=\"Details Images\" data-spm-anchor-id=\"a2700.details.pronpeci14.i1.7c085730ZtQVAT\">Detalles Im\u00e1genes<\/h3>\n<p><img loading=\"lazy\" decoding=\"async\" class=\"aligncenter size-full wp-image-12036\" src=\"https:\/\/seppeschina.com\/wp-content\/uploads\/2021\/03\/\u5145\u6c14\u95e8\u5c01_04.jpg\" alt=\"\" width=\"600\" height=\"348\" srcset=\"https:\/\/seppeschina.com\/wp-content\/uploads\/2021\/03\/\u5145\u6c14\u95e8\u5c01_04.jpg 600w, https:\/\/seppeschina.com\/wp-content\/uploads\/2021\/03\/\u5145\u6c14\u95e8\u5c01_04-360x209.jpg 360w, https:\/\/seppeschina.com\/wp-content\/uploads\/2021\/03\/\u5145\u6c14\u95e8\u5c01_04-300x174.jpg 300w, https:\/\/seppeschina.com\/wp-content\/uploads\/2021\/03\/\u5145\u6c14\u95e8\u5c01_04-550x319.jpg 550w\" sizes=\"auto, (max-width: 600px) 100vw, 600px\" \/><\/p>\n<p><img loading=\"lazy\" decoding=\"async\" class=\"aligncenter size-full wp-image-12037\" src=\"https:\/\/seppeschina.com\/wp-content\/uploads\/2021\/03\/\u6d77\u7ef5\u95e8\u5c01_03.jpg\" alt=\"\" width=\"600\" height=\"634\" srcset=\"https:\/\/seppeschina.com\/wp-content\/uploads\/2021\/03\/\u6d77\u7ef5\u95e8\u5c01_03.jpg 600w, https:\/\/seppeschina.com\/wp-content\/uploads\/2021\/03\/\u6d77\u7ef5\u95e8\u5c01_03-360x380.jpg 360w, https:\/\/seppeschina.com\/wp-content\/uploads\/2021\/03\/\u6d77\u7ef5\u95e8\u5c01_03-284x300.jpg 284w, https:\/\/seppeschina.com\/wp-content\/uploads\/2021\/03\/\u6d77\u7ef5\u95e8\u5c01_03-24x24.jpg 24w, https:\/\/seppeschina.com\/wp-content\/uploads\/2021\/03\/\u6d77\u7ef5\u95e8\u5c01_03-521x550.jpg 521w\" sizes=\"auto, (max-width: 600px) 100vw, 600px\" \/><\/p>\n<\/div>\n<div class=\"J_module\">\n<div class=\"icbu-pc-images magic-1\">\n<div class=\"flex-layout-v\">\n<div class=\"flex-layout-h magic-1\">\n<div class=\"magic-7\">\n<div class=\"J_module\">\n<div class=\"icbu-pc-images magic-1\">\n<div class=\"flex-layout-h\">\n<div class=\"flex-layout-v magic-9\">\n<div class=\"magic-10\">\n<h3>Working principle<\/h3>\n<p>It requires industrial doors, loading and unloading platforms and door seals to cooperate to form a closed loading and unloading environment between the carriage and the room, preventing external debris, airflow, rain, etc. from entering, ensuring that the loading and unloading work is convenient, clean and safe.<\/p>\n<\/div>\n<\/div>\n<div class=\"text-wrapper magic-12\">\n<div class=\"text-wrapper-right text-theme-light text-align-left\">\n<div class=\"text-title\" data-id=\"right-title\">\n<div class=\"magic-13\">\n<h3>Perfil de la empresa<\/h3>\n<h6>Qui\u00e9nes somos<\/h6>\n<p><img loading=\"lazy\" decoding=\"async\" class=\"aligncenter size-full wp-image-11606\" src=\"https:\/\/seppeschina.com\/wp-content\/uploads\/2021\/03\/seppes-door8.gif\" alt=\"\" width=\"600\" height=\"502\" \/><\/p>\n<h3><b data-spm-anchor-id=\"a2700.details.pronpeci14.i1.54614b77C31x07\">Exposici\u00f3n en f\u00e1brica<\/b><\/h3>\n<p><img loading=\"lazy\" decoding=\"async\" class=\"aligncenter wp-image-11604 size-full\" src=\"https:\/\/seppeschina.com\/wp-content\/uploads\/2021\/03\/seppes-door6.gif\" alt=\"\" width=\"600\" height=\"358\" \/><\/p>\n<h3><b>Exposici\u00f3n<\/b><\/h3>\n<p><img loading=\"lazy\" decoding=\"async\" class=\"aligncenter wp-image-11605 size-full\" src=\"https:\/\/seppeschina.com\/wp-content\/uploads\/2021\/03\/seppes-door7.gif\" alt=\"\" width=\"600\" height=\"338\" \/><\/p>\n<h3>Nuestros socios<\/h3>\n<p><img loading=\"lazy\" decoding=\"async\" class=\"aligncenter wp-image-11608 size-full\" src=\"https:\/\/seppeschina.com\/wp-content\/uploads\/2021\/03\/seppes-door10.gif\" alt=\"\" width=\"600\" height=\"491\" \/><\/p>\n<h3>Certificaciones<\/h3>\n<p><img loading=\"lazy\" decoding=\"async\" class=\"wp-image-9887 aligncenter\" src=\"https:\/\/seppeschina.com\/wp-content\/uploads\/2019\/04\/certification.jpg\" sizes=\"auto, (max-width: 600px) 100vw, 600px\" srcset=\"https:\/\/seppeschina.com\/wp-content\/uploads\/2019\/04\/certification.jpg 750w, https:\/\/seppeschina.com\/wp-content\/uploads\/2019\/04\/certification-150x150.jpg 150w, https:\/\/seppeschina.com\/wp-content\/uploads\/2019\/04\/certification-300x300.jpg 300w, https:\/\/seppeschina.com\/wp-content\/uploads\/2019\/04\/certification-360x360.jpg 360w, https:\/\/seppeschina.com\/wp-content\/uploads\/2019\/04\/certification-600x600.jpg 600w, https:\/\/seppeschina.com\/wp-content\/uploads\/2019\/04\/certification-100x100.jpg 100w, https:\/\/seppeschina.com\/wp-content\/uploads\/2019\/04\/certification-24x24.jpg 24w, https:\/\/seppeschina.com\/wp-content\/uploads\/2019\/04\/certification-48x48.jpg 48w, https:\/\/seppeschina.com\/wp-content\/uploads\/2019\/04\/certification-96x96.jpg 96w, https:\/\/seppeschina.com\/wp-content\/uploads\/2019\/04\/certification-364x364.jpg 364w, https:\/\/seppeschina.com\/wp-content\/uploads\/2019\/04\/certification-50x50.jpg 50w, https:\/\/seppeschina.com\/wp-content\/uploads\/2019\/04\/certification-110x110.jpg 110w, https:\/\/seppeschina.com\/wp-content\/uploads\/2019\/04\/certification-275x275.jpg 275w, https:\/\/seppeschina.com\/wp-content\/uploads\/2019\/04\/certification-480x480.jpg 480w, https:\/\/seppeschina.com\/wp-content\/uploads\/2019\/04\/certification-550x550.jpg 550w\" alt=\"\" width=\"600\" height=\"600\" \/><\/p>\n<h3>Ventajas<\/h3>\n<p><img loading=\"lazy\" decoding=\"async\" class=\"aligncenter wp-image-12035 size-full\" src=\"https:\/\/seppeschina.com\/wp-content\/uploads\/2021\/03\/\u5145\u6c14\u95e8\u5c01_02.jpg\" alt=\"\" width=\"600\" height=\"628\" srcset=\"https:\/\/seppeschina.com\/wp-content\/uploads\/2021\/03\/\u5145\u6c14\u95e8\u5c01_02.jpg 600w, https:\/\/seppeschina.com\/wp-content\/uploads\/2021\/03\/\u5145\u6c14\u95e8\u5c01_02-360x377.jpg 360w, https:\/\/seppeschina.com\/wp-content\/uploads\/2021\/03\/\u5145\u6c14\u95e8\u5c01_02-287x300.jpg 287w, https:\/\/seppeschina.com\/wp-content\/uploads\/2021\/03\/\u5145\u6c14\u95e8\u5c01_02-24x24.jpg 24w, https:\/\/seppeschina.com\/wp-content\/uploads\/2021\/03\/\u5145\u6c14\u95e8\u5c01_02-525x550.jpg 525w\" sizes=\"auto, (max-width: 600px) 100vw, 600px\" \/><\/p>\n<h3>Applications<\/h3>\n<p><img loading=\"lazy\" decoding=\"async\" class=\"aligncenter wp-image-10307 size-full\" src=\"https:\/\/seppeschina.com\/wp-content\/uploads\/2019\/02\/\u673a\u68b0\u95e8\u5c01\u5e94\u7528\u56fe.jpg\" alt=\"\" width=\"750\" height=\"750\" srcset=\"https:\/\/seppeschina.com\/wp-content\/uploads\/2019\/02\/\u673a\u68b0\u95e8\u5c01\u5e94\u7528\u56fe.jpg 750w, https:\/\/seppeschina.com\/wp-content\/uploads\/2019\/02\/\u673a\u68b0\u95e8\u5c01\u5e94\u7528\u56fe-360x360.jpg 360w, https:\/\/seppeschina.com\/wp-content\/uploads\/2019\/02\/\u673a\u68b0\u95e8\u5c01\u5e94\u7528\u56fe-100x100.jpg 100w, https:\/\/seppeschina.com\/wp-content\/uploads\/2019\/02\/\u673a\u68b0\u95e8\u5c01\u5e94\u7528\u56fe-600x600.jpg 600w, https:\/\/seppeschina.com\/wp-content\/uploads\/2019\/02\/\u673a\u68b0\u95e8\u5c01\u5e94\u7528\u56fe-300x300.jpg 300w, https:\/\/seppeschina.com\/wp-content\/uploads\/2019\/02\/\u673a\u68b0\u95e8\u5c01\u5e94\u7528\u56fe-150x150.jpg 150w, https:\/\/seppeschina.com\/wp-content\/uploads\/2019\/02\/\u673a\u68b0\u95e8\u5c01\u5e94\u7528\u56fe-24x24.jpg 24w, https:\/\/seppeschina.com\/wp-content\/uploads\/2019\/02\/\u673a\u68b0\u95e8\u5c01\u5e94\u7528\u56fe-48x48.jpg 48w, https:\/\/seppeschina.com\/wp-content\/uploads\/2019\/02\/\u673a\u68b0\u95e8\u5c01\u5e94\u7528\u56fe-96x96.jpg 96w, https:\/\/seppeschina.com\/wp-content\/uploads\/2019\/02\/\u673a\u68b0\u95e8\u5c01\u5e94\u7528\u56fe-364x364.jpg 364w, https:\/\/seppeschina.com\/wp-content\/uploads\/2019\/02\/\u673a\u68b0\u95e8\u5c01\u5e94\u7528\u56fe-50x50.jpg 50w, https:\/\/seppeschina.com\/wp-content\/uploads\/2019\/02\/\u673a\u68b0\u95e8\u5c01\u5e94\u7528\u56fe-110x110.jpg 110w, https:\/\/seppeschina.com\/wp-content\/uploads\/2019\/02\/\u673a\u68b0\u95e8\u5c01\u5e94\u7528\u56fe-275x275.jpg 275w, https:\/\/seppeschina.com\/wp-content\/uploads\/2019\/02\/\u673a\u68b0\u95e8\u5c01\u5e94\u7528\u56fe-480x480.jpg 480w, https:\/\/seppeschina.com\/wp-content\/uploads\/2019\/02\/\u673a\u68b0\u95e8\u5c01\u5e94\u7528\u56fe-550x550.jpg 550w\" sizes=\"auto, (max-width: 750px) 100vw, 750px\" \/><\/p>\n<h3>Entrega y embalaje<\/h3>\n<p>Nuestro m\u00e9todo de embalaje es en caja de madera, y los m\u00e9todos de transporte incluyen express, a\u00e9reo y mar\u00edtimo. Por lo general, 3-7 d\u00edas despu\u00e9s de realizar el pedido.<\/p>\n<p><img loading=\"lazy\" decoding=\"async\" class=\"aligncenter wp-image-11818 size-full\" src=\"https:\/\/seppeschina.com\/wp-content\/uploads\/2021\/04\/H847d78bca14e40ceb2854a49609655195.png\" alt=\"\" width=\"750\" height=\"310\" srcset=\"https:\/\/seppeschina.com\/wp-content\/uploads\/2021\/04\/H847d78bca14e40ceb2854a49609655195.png 750w, https:\/\/seppeschina.com\/wp-content\/uploads\/2021\/04\/H847d78bca14e40ceb2854a49609655195-360x149.png 360w, https:\/\/seppeschina.com\/wp-content\/uploads\/2021\/04\/H847d78bca14e40ceb2854a49609655195-600x248.png 600w, https:\/\/seppeschina.com\/wp-content\/uploads\/2021\/04\/H847d78bca14e40ceb2854a49609655195-300x124.png 300w, https:\/\/seppeschina.com\/wp-content\/uploads\/2021\/04\/H847d78bca14e40ceb2854a49609655195-550x227.png 550w\" sizes=\"auto, (max-width: 750px) 100vw, 750px\" \/><\/p>\n<h3>PREGUNTAS FRECUENTES<\/h3>\n<p><b><span style=\"color: #ff0000;\" data-spm-anchor-id=\"a2700.custom-template.0.i4.45393333ve2JZu\">Q: What&#8217;s the type of dock shelter motor?<\/span><\/b><\/p>\n<p>A: Servomotor, 220V- 0,75 KW- 50HZ-1 frase<\/p>\n<p><b><span style=\"color: #ff0000;\" data-spm-anchor-id=\"a2700.custom-template.0.i6.45393333ve2JZu\">Q: What&#8217;s the material of dock shelter?<\/span><\/b><\/p>\n<p>A: PVC fabric with full sponge inside<\/p>\n<p><b><span style=\"color: #ff0000;\" data-spm-anchor-id=\"a2700.custom-template.0.i69.45393333PN6HP1\">Q: How much space is required for installation?<\/span><\/b><\/p>\n<p>A: Placed horizontally, aligned with the truck bed and docking station<\/p>\n<p><b><span style=\"color: #ff0000;\" data-spm-anchor-id=\"a2700.custom-template.0.i9.45393333ve2JZu\">Q: How long it can be used?<\/span><\/b><\/p>\n<p>A: About 8-10 years<\/p>\n<p><b><span style=\"color: #ff0000;\">Q: What kind of place does the high speed door can be used?<\/span><\/b><\/p>\n<p>A: Suitable for models of different specifications, as well as warehousing logistics and cold storage.<\/p>\n<p><b><span style=\"color: #ff0000;\" data-spm-anchor-id=\"a2700.custom-template.0.i88.45393333PN6HP1\">Q: How does the dock shelter work?<\/span><\/b><\/p>\n<p>A: Through the squeeze of the vehicle and the door sealing strip, prevent the air from flowing out.<\/p>\n\n<div class=\"wpcf7 no-js\" id=\"wpcf7-f1555-o1\" lang=\"en-US\" dir=\"ltr\" data-wpcf7-id=\"1555\">\n<div class=\"screen-reader-response\"><p role=\"status\" aria-live=\"polite\" aria-atomic=\"true\"><\/p> <ul><\/ul><\/div>\n<form action=\"\/es_ec\/wp-json\/wp\/v2\/product\/11222#wpcf7-f1555-o1\" method=\"post\" class=\"wpcf7-form init\" aria-label=\"Contact form\" novalidate=\"novalidate\" data-status=\"init\" data-trp-original-action=\"\/es_ec\/wp-json\/wp\/v2\/product\/11222#wpcf7-f1555-o1\">\n<fieldset class=\"hidden-fields-container\"><input type=\"hidden\" name=\"_wpcf7\" value=\"1555\" \/><input type=\"hidden\" name=\"_wpcf7_version\" value=\"6.1.4\" \/><input type=\"hidden\" name=\"_wpcf7_locale\" value=\"en_US\" \/><input type=\"hidden\" name=\"_wpcf7_unit_tag\" value=\"wpcf7-f1555-o1\" \/><input type=\"hidden\" name=\"_wpcf7_container_post\" value=\"0\" \/><input type=\"hidden\" name=\"_wpcf7_posted_data_hash\" value=\"\" \/><input type=\"hidden\" name=\"_wpcf7_recaptcha_response\" value=\"\" \/>\n<\/fieldset>\n<div class=\"hunkcf71\">\n\t<p class=\"cf7-title\" style=\"font-size:25px;\"><i class=\"fa fa-envelope-o\"><\/i> En breve responderemos a su correo electr\u00f3nico.\n\t<\/p>\n\t<p><span class=\"wpcf7-form-control-wrap\" data-name=\"text-737\"><input size=\"40\" maxlength=\"400\" class=\"wpcf7-form-control wpcf7-text wpcf7-validates-as-required\" aria-required=\"true\" aria-invalid=\"false\" placeholder=\"Su nombre*\" value=\"\" type=\"text\" name=\"text-737\" \/><\/span>\n\t<\/p>\n\t<p><span class=\"wpcf7-form-control-wrap\" data-name=\"email-193\"><input size=\"40\" maxlength=\"400\" class=\"wpcf7-form-control wpcf7-email wpcf7-validates-as-required wpcf7-text wpcf7-validates-as-email\" aria-required=\"true\" aria-invalid=\"false\" placeholder=\"Direcci\u00f3n de correo electr\u00f3nico\" value=\"\" type=\"email\" name=\"email-193\" \/><\/span>\n\t<\/p>\n\t<p><span class=\"wpcf7-form-control-wrap\" data-name=\"text-738\"><input size=\"40\" maxlength=\"400\" class=\"wpcf7-form-control wpcf7-text\" aria-invalid=\"false\" placeholder=\"N\u00famero de tel\u00e9fono\" value=\"\" type=\"text\" name=\"text-738\" \/><\/span>\n\t<\/p>\n\t<p><span class=\"wpcf7-form-control-wrap\" data-name=\"textarea-837\"><textarea cols=\"40\" rows=\"10\" maxlength=\"2000\" class=\"wpcf7-form-control wpcf7-textarea wpcf7-validates-as-required\" aria-required=\"true\" aria-invalid=\"false\" placeholder=\"Ind\u00edquenos su necesidad de la forma m\u00e1s concreta posible*.\" name=\"textarea-837\"><\/textarea><\/span>\n\t<\/p>\n\t<p><input class=\"wpcf7-form-control wpcf7-submit has-spinner\" type=\"submit\" value=\"Enviar\" \/>\n\t<\/p>\n<\/div><div class=\"wpcf7-response-output\" aria-hidden=\"true\"><\/div>\n<input type=\"hidden\" name=\"trp-form-language\" value=\"es_ec\"\/><\/form>\n<\/div>\n\n<\/div>\n<\/div>\n<\/div>\n<\/div>\n<\/div>\n<\/div>\n<\/div>\n<\/div>\n<\/div>\n<\/div>\n<\/div>\n<\/div>","protected":false},"excerpt":{"rendered":"<p><strong>Tighter sealing protection, the best choice when the truck size is uniform, the top curtain is standard with a fixed sponge structure, and a vertical curtain and an adjustable type are also available. The wall must have load-bearing capacity.<\/strong><\/p>","protected":false},"featured_media":12038,"comment_status":"open","ping_status":"closed","template":"","meta":[],"product_brand":[],"product_cat":[328],"product_tag":[349],"class_list":{"0":"post-11222","1":"product","2":"type-product","3":"status-publish","4":"has-post-thumbnail","6":"product_cat-dock-shelter","7":"product_tag-sponge-dock-shelter","10":"first","11":"instock","12":"shipping-taxable","13":"product-type-simple"},"yoast_head":"<!-- This site is optimized with the Yoast SEO plugin v25.3 - https:\/\/yoast.com\/wordpress\/plugins\/seo\/ -->\n<title>SEPPES High Quality Black Sponge Dock Shelter - High speed door<\/title>\n<meta name=\"description\" content=\"It requires industrial doors, loading and unloading platforms and door seals to cooperate to form a closed loading and unloading environment between the carriage and the room, preventing external debris, airflow, rain, etc.\" \/>\n<meta name=\"robots\" content=\"index, follow, max-snippet:-1, max-image-preview:large, max-video-preview:-1\" \/>\n<link rel=\"canonical\" href=\"https:\/\/seppeschina.com\/es_ec\/producto\/china-seppes-best-selling-high-quality-sponge-dock-shelter\/\" \/>\n<meta property=\"og:locale\" content=\"es_ES\" \/>\n<meta property=\"og:type\" content=\"article\" \/>\n<meta property=\"og:title\" content=\"SEPPES High Quality Black Sponge Dock Shelter - High speed door\" \/>\n<meta property=\"og:description\" content=\"It requires industrial doors, loading and unloading platforms and door seals to cooperate to form a closed loading and unloading environment between the carriage and the room, preventing external debris, airflow, rain, etc.\" \/>\n<meta property=\"og:url\" content=\"https:\/\/seppeschina.com\/es_ec\/producto\/china-seppes-best-selling-high-quality-sponge-dock-shelter\/\" \/>\n<meta property=\"og:site_name\" content=\"High speed door\" \/>\n<meta property=\"article:publisher\" content=\"https:\/\/www.facebook.com\/Seppesdoor-101420388136000\/\" \/>\n<meta property=\"article:modified_time\" content=\"2024-11-19T07:10:08+00:00\" \/>\n<meta property=\"og:image\" content=\"https:\/\/seppeschina.com\/wp-content\/uploads\/2021\/03\/\u6d77\u7ef5\u95e8\u5c01_01-e1618562355488.jpg\" \/>\n\t<meta property=\"og:image:width\" content=\"600\" \/>\n\t<meta property=\"og:image:height\" content=\"545\" \/>\n\t<meta property=\"og:image:type\" content=\"image\/jpeg\" \/>\n<meta name=\"twitter:card\" content=\"summary_large_image\" \/>\n<meta name=\"twitter:site\" content=\"@Stella93161069\" \/>\n<meta name=\"twitter:label1\" content=\"Tiempo de lectura\" \/>\n\t<meta name=\"twitter:data1\" content=\"4 minutos\" \/>\n<script type=\"application\/ld+json\" class=\"yoast-schema-graph\">{\"@context\":\"https:\/\/schema.org\",\"@graph\":[{\"@type\":\"WebPage\",\"@id\":\"https:\/\/seppeschina.com\/product\/china-seppes-best-selling-high-quality-sponge-dock-shelter\/\",\"url\":\"https:\/\/seppeschina.com\/product\/china-seppes-best-selling-high-quality-sponge-dock-shelter\/\",\"name\":\"SEPPES High Quality Black Sponge Dock Shelter - High speed door\",\"isPartOf\":{\"@id\":\"https:\/\/seppeschina.com\/#website\"},\"primaryImageOfPage\":{\"@id\":\"https:\/\/seppeschina.com\/product\/china-seppes-best-selling-high-quality-sponge-dock-shelter\/#primaryimage\"},\"image\":{\"@id\":\"https:\/\/seppeschina.com\/product\/china-seppes-best-selling-high-quality-sponge-dock-shelter\/#primaryimage\"},\"thumbnailUrl\":\"https:\/\/seppeschina.com\/wp-content\/uploads\/2021\/03\/\u6d77\u7ef5\u95e8\u5c01_01-e1618562355488.jpg\",\"datePublished\":\"2021-03-04T07:14:36+00:00\",\"dateModified\":\"2024-11-19T07:10:08+00:00\",\"description\":\"It requires industrial doors, loading and unloading platforms and door seals to cooperate to form a closed loading and unloading environment between the carriage and the room, preventing external debris, airflow, rain, etc.\",\"breadcrumb\":{\"@id\":\"https:\/\/seppeschina.com\/product\/china-seppes-best-selling-high-quality-sponge-dock-shelter\/#breadcrumb\"},\"inLanguage\":\"es\",\"potentialAction\":[{\"@type\":\"ReadAction\",\"target\":[\"https:\/\/seppeschina.com\/product\/china-seppes-best-selling-high-quality-sponge-dock-shelter\/\"]}]},{\"@type\":\"ImageObject\",\"inLanguage\":\"es\",\"@id\":\"https:\/\/seppeschina.com\/product\/china-seppes-best-selling-high-quality-sponge-dock-shelter\/#primaryimage\",\"url\":\"https:\/\/seppeschina.com\/wp-content\/uploads\/2021\/03\/\u6d77\u7ef5\u95e8\u5c01_01-e1618562355488.jpg\",\"contentUrl\":\"https:\/\/seppeschina.com\/wp-content\/uploads\/2021\/03\/\u6d77\u7ef5\u95e8\u5c01_01-e1618562355488.jpg\",\"width\":600,\"height\":545},{\"@type\":\"BreadcrumbList\",\"@id\":\"https:\/\/seppeschina.com\/product\/china-seppes-best-selling-high-quality-sponge-dock-shelter\/#breadcrumb\",\"itemListElement\":[{\"@type\":\"ListItem\",\"position\":1,\"name\":\"Home\",\"item\":\"https:\/\/seppeschina.com\/\"},{\"@type\":\"ListItem\",\"position\":2,\"name\":\"Shop\",\"item\":\"https:\/\/seppeschina.com\/shop\/\"},{\"@type\":\"ListItem\",\"position\":3,\"name\":\"SEPPES High Quality Black Sponge Dock Shelter\"}]},{\"@type\":\"WebSite\",\"@id\":\"https:\/\/seppeschina.com\/#website\",\"url\":\"https:\/\/seppeschina.com\/\",\"name\":\"SEPPES Door Industry\",\"description\":\"China&#039;s Leading High Speed Door Manufacturer\",\"potentialAction\":[{\"@type\":\"SearchAction\",\"target\":{\"@type\":\"EntryPoint\",\"urlTemplate\":\"https:\/\/seppeschina.com\/?s={search_term_string}\"},\"query-input\":{\"@type\":\"PropertyValueSpecification\",\"valueRequired\":true,\"valueName\":\"search_term_string\"}}],\"inLanguage\":\"es\"}]}<\/script>\n<!-- \/ Yoast SEO plugin. -->","yoast_head_json":{"title":"SEPPES High Quality Black Sponge Dock Shelter - High speed door","description":"It requires industrial doors, loading and unloading platforms and door seals to cooperate to form a closed loading and unloading environment between the carriage and the room, preventing external debris, airflow, rain, etc.","robots":{"index":"index","follow":"follow","max-snippet":"max-snippet:-1","max-image-preview":"max-image-preview:large","max-video-preview":"max-video-preview:-1"},"canonical":"https:\/\/seppeschina.com\/es_ec\/producto\/china-seppes-best-selling-high-quality-sponge-dock-shelter\/","og_locale":"es_ES","og_type":"article","og_title":"SEPPES High Quality Black Sponge Dock Shelter - High speed door","og_description":"It requires industrial doors, loading and unloading platforms and door seals to cooperate to form a closed loading and unloading environment between the carriage and the room, preventing external debris, airflow, rain, etc.","og_url":"https:\/\/seppeschina.com\/es_ec\/producto\/china-seppes-best-selling-high-quality-sponge-dock-shelter\/","og_site_name":"High speed door","article_publisher":"https:\/\/www.facebook.com\/Seppesdoor-101420388136000\/","article_modified_time":"2024-11-19T07:10:08+00:00","og_image":[{"width":600,"height":545,"url":"https:\/\/seppeschina.com\/wp-content\/uploads\/2021\/03\/\u6d77\u7ef5\u95e8\u5c01_01-e1618562355488.jpg","type":"image\/jpeg"}],"twitter_card":"summary_large_image","twitter_site":"@Stella93161069","twitter_misc":{"Tiempo de lectura":"4 minutos"},"schema":{"@context":"https:\/\/schema.org","@graph":[{"@type":"WebPage","@id":"https:\/\/seppeschina.com\/product\/china-seppes-best-selling-high-quality-sponge-dock-shelter\/","url":"https:\/\/seppeschina.com\/product\/china-seppes-best-selling-high-quality-sponge-dock-shelter\/","name":"SEPPES High Quality Black Sponge Dock Shelter - High speed door","isPartOf":{"@id":"https:\/\/seppeschina.com\/#website"},"primaryImageOfPage":{"@id":"https:\/\/seppeschina.com\/product\/china-seppes-best-selling-high-quality-sponge-dock-shelter\/#primaryimage"},"image":{"@id":"https:\/\/seppeschina.com\/product\/china-seppes-best-selling-high-quality-sponge-dock-shelter\/#primaryimage"},"thumbnailUrl":"https:\/\/seppeschina.com\/wp-content\/uploads\/2021\/03\/\u6d77\u7ef5\u95e8\u5c01_01-e1618562355488.jpg","datePublished":"2021-03-04T07:14:36+00:00","dateModified":"2024-11-19T07:10:08+00:00","description":"It requires industrial doors, loading and unloading platforms and door seals to cooperate to form a closed loading and unloading environment between the carriage and the room, preventing external debris, airflow, rain, etc.","breadcrumb":{"@id":"https:\/\/seppeschina.com\/product\/china-seppes-best-selling-high-quality-sponge-dock-shelter\/#breadcrumb"},"inLanguage":"es","potentialAction":[{"@type":"ReadAction","target":["https:\/\/seppeschina.com\/product\/china-seppes-best-selling-high-quality-sponge-dock-shelter\/"]}]},{"@type":"ImageObject","inLanguage":"es","@id":"https:\/\/seppeschina.com\/product\/china-seppes-best-selling-high-quality-sponge-dock-shelter\/#primaryimage","url":"https:\/\/seppeschina.com\/wp-content\/uploads\/2021\/03\/\u6d77\u7ef5\u95e8\u5c01_01-e1618562355488.jpg","contentUrl":"https:\/\/seppeschina.com\/wp-content\/uploads\/2021\/03\/\u6d77\u7ef5\u95e8\u5c01_01-e1618562355488.jpg","width":600,"height":545},{"@type":"BreadcrumbList","@id":"https:\/\/seppeschina.com\/product\/china-seppes-best-selling-high-quality-sponge-dock-shelter\/#breadcrumb","itemListElement":[{"@type":"ListItem","position":1,"name":"Home","item":"https:\/\/seppeschina.com\/"},{"@type":"ListItem","position":2,"name":"Shop","item":"https:\/\/seppeschina.com\/shop\/"},{"@type":"ListItem","position":3,"name":"SEPPES High Quality Black Sponge Dock Shelter"}]},{"@type":"WebSite","@id":"https:\/\/seppeschina.com\/#website","url":"https:\/\/seppeschina.com\/","name":"SEPPES Door Industry","description":"China&#039;s Leading High Speed Door Manufacturer","potentialAction":[{"@type":"SearchAction","target":{"@type":"EntryPoint","urlTemplate":"https:\/\/seppeschina.com\/?s={search_term_string}"},"query-input":{"@type":"PropertyValueSpecification","valueRequired":true,"valueName":"search_term_string"}}],"inLanguage":"es"}]}},"_links":{"self":[{"href":"https:\/\/seppeschina.com\/es_ec\/wp-json\/wp\/v2\/product\/11222","targetHints":{"allow":["GET"]}}],"collection":[{"href":"https:\/\/seppeschina.com\/es_ec\/wp-json\/wp\/v2\/product"}],"about":[{"href":"https:\/\/seppeschina.com\/es_ec\/wp-json\/wp\/v2\/types\/product"}],"replies":[{"embeddable":true,"href":"https:\/\/seppeschina.com\/es_ec\/wp-json\/wp\/v2\/comments?post=11222"}],"wp:featuredmedia":[{"embeddable":true,"href":"https:\/\/seppeschina.com\/es_ec\/wp-json\/wp\/v2\/media\/12038"}],"wp:attachment":[{"href":"https:\/\/seppeschina.com\/es_ec\/wp-json\/wp\/v2\/media?parent=11222"}],"wp:term":[{"taxonomy":"product_brand","embeddable":true,"href":"https:\/\/seppeschina.com\/es_ec\/wp-json\/wp\/v2\/product_brand?post=11222"},{"taxonomy":"product_cat","embeddable":true,"href":"https:\/\/seppeschina.com\/es_ec\/wp-json\/wp\/v2\/product_cat?post=11222"},{"taxonomy":"product_tag","embeddable":true,"href":"https:\/\/seppeschina.com\/es_ec\/wp-json\/wp\/v2\/product_tag?post=11222"}],"curies":[{"name":"wp","href":"https:\/\/api.w.org\/{rel}","templated":true}]}}