{"id":10189,"date":"2021-01-09T13:48:20","date_gmt":"2021-01-09T05:48:20","guid":{"rendered":"https:\/\/seppeschina.com\/?post_type=product&#038;p=10189"},"modified":"2025-05-19T16:15:03","modified_gmt":"2025-05-19T08:15:03","slug":"seppes-blue-high-speed-stacking-door","status":"publish","type":"product","link":"https:\/\/seppeschina.com\/es_pe\/product\/seppes-blue-high-speed-stacking-door\/","title":{"rendered":"SEPPES Blue High Speed Stacking Door"},"content":{"rendered":"<div style=\"width: 960px;\" class=\"wp-video\"><video class=\"wp-video-shortcode\" id=\"video-10189-1\" width=\"960\" height=\"544\" preload=\"metadata\" controls=\"controls\"><source type=\"video\/mp4\" src=\"https:\/\/seppeschina.com\/wp-content\/uploads\/2021\/01\/d5d9ded8b6bbc4317d173084318be8ca.mp4?_=1\" \/><a href=\"https:\/\/seppeschina.com\/wp-content\/uploads\/2021\/01\/d5d9ded8b6bbc4317d173084318be8ca.mp4\">https:\/\/seppeschina.com\/wp-content\/uploads\/2021\/01\/d5d9ded8b6bbc4317d173084318be8ca.mp4<\/a><\/video><\/div>\n<h3><span style=\"color: #0000ff;\"><strong><b>Descripci\u00f3n<\/b><\/strong><\/span><\/h3>\n<p>High Speed Stacking Door adopts a folding lifting method and multiple built-in or external horizontal wind-resistant levers, so that the wind pressure can be evenly distributed on the whole curtain, and can resist about 10 levels of strong wind, and its wind resistance is much higher than that of the conventional drum type. The high speed stacking door is especially suitable for the logistics channel and the large area of the opening environment.<\/p>\n<h3><span style=\"color: #0000ff;\"><strong><b>Composici\u00f3n<\/b><\/strong><\/span><\/h3>\n<p><img loading=\"lazy\" decoding=\"async\" class=\"wp-image-10205 aligncenter\" src=\"https:\/\/seppeschina.com\/wp-content\/uploads\/2021\/01\/\u5fae\u4fe1\u56fe\u7247_20200604095146.jpg\" alt=\"\" width=\"600\" height=\"640\" srcset=\"https:\/\/seppeschina.com\/wp-content\/uploads\/2021\/01\/\u5fae\u4fe1\u56fe\u7247_20200604095146.jpg 750w, https:\/\/seppeschina.com\/wp-content\/uploads\/2021\/01\/\u5fae\u4fe1\u56fe\u7247_20200604095146-360x384.jpg 360w, https:\/\/seppeschina.com\/wp-content\/uploads\/2021\/01\/\u5fae\u4fe1\u56fe\u7247_20200604095146-600x640.jpg 600w, https:\/\/seppeschina.com\/wp-content\/uploads\/2021\/01\/\u5fae\u4fe1\u56fe\u7247_20200604095146-281x300.jpg 281w, https:\/\/seppeschina.com\/wp-content\/uploads\/2021\/01\/\u5fae\u4fe1\u56fe\u7247_20200604095146-516x550.jpg 516w\" sizes=\"auto, (max-width: 600px) 100vw, 600px\" \/><\/p>\n<h3><span style=\"color: #3366ff;\"><strong><b>Characteristic<\/b><\/strong><\/span><\/h3>\n<table style=\"height: 537px;\" width=\"486\">\n<tbody>\n<tr>\n<td width=\"90\">\n<p style=\"text-align: center;\"><strong><b>Name<\/b><\/strong><\/p>\n<\/td>\n<td width=\"267\">\n<p style=\"text-align: center;\">SEPPES Belt Style Roller Shutter Door<\/p>\n<\/td>\n<\/tr>\n<tr>\n<td width=\"90\">\n<p style=\"text-align: center;\"><strong><b>Max Size<\/b><\/strong><\/p>\n<\/td>\n<td style=\"text-align: center;\" width=\"267\">W12000*10000mm<\/td>\n<\/tr>\n<tr>\n<td width=\"90\">\n<p style=\"text-align: center;\"><strong><b>Curtain<\/b><\/strong><\/p>\n<\/td>\n<td style=\"text-align: center;\" width=\"267\">Durable pvc fabric door curtain<\/td>\n<\/tr>\n<tr>\n<td style=\"text-align: center;\" width=\"90\"><strong><b>Door Frame<\/b><\/strong><\/td>\n<td width=\"267\">\n<p style=\"text-align: center;\">SPCC\/304 Stainless Steel\/Aluminium Alloy<\/p>\n<\/td>\n<\/tr>\n<tr>\n<td width=\"90\">\n<p style=\"text-align: center;\"><strong><b>Motor<\/b><\/strong><\/p>\n<\/td>\n<td style=\"text-align: center;\" width=\"267\">SEW motor,use over 1.5 million times<\/td>\n<\/tr>\n<tr>\n<td style=\"text-align: center;\" width=\"90\"><strong><b>Power<\/b><\/strong><\/td>\n<td width=\"267\">\n<p style=\"text-align: center;\">220V,0.75KW,50HZ<\/p>\n<\/td>\n<\/tr>\n<tr>\n<td width=\"90\">\n<p style=\"text-align: center;\"><strong><b>Speed<\/b><\/strong><\/p>\n<\/td>\n<td style=\"text-align: center;\" width=\"267\">0.5 to 0.8 m\/s,adjustable<\/td>\n<\/tr>\n<tr>\n<td style=\"text-align: center;\" width=\"90\"><strong><b>Use Times<\/b><\/strong><\/td>\n<td width=\"267\">\n<p style=\"text-align: center;\">More than 1.5 million times<\/p>\n<\/td>\n<\/tr>\n<tr>\n<td width=\"90\">\n<p style=\"text-align: center;\"><strong><b>Protection<\/b><\/strong><\/p>\n<\/td>\n<td width=\"267\">\n<p style=\"text-align: center;\">IP 54<\/p>\n<\/td>\n<\/tr>\n<tr>\n<td style=\"text-align: center;\" width=\"90\"><strong><b>Ventajas<\/b><\/strong><\/td>\n<td width=\"267\">\n<p style=\"text-align: center;\">Can withstand force 10 level of winds<\/p>\n<\/td>\n<\/tr>\n<\/tbody>\n<\/table>\n<h3><strong><span style=\"color: #3366ff;\">M\u00e9todos de apertura<\/span><\/strong><\/h3>\n<h3><img loading=\"lazy\" decoding=\"async\" class=\"wp-image-9999 aligncenter\" src=\"https:\/\/seppeschina.com\/wp-content\/uploads\/2019\/04\/\u672a\u6807\u9898-2.jpg\" alt=\"\" width=\"600\" height=\"600\" srcset=\"https:\/\/seppeschina.com\/wp-content\/uploads\/2019\/04\/\u672a\u6807\u9898-2.jpg 750w, https:\/\/seppeschina.com\/wp-content\/uploads\/2019\/04\/\u672a\u6807\u9898-2-360x360.jpg 360w, https:\/\/seppeschina.com\/wp-content\/uploads\/2019\/04\/\u672a\u6807\u9898-2-100x100.jpg 100w, https:\/\/seppeschina.com\/wp-content\/uploads\/2019\/04\/\u672a\u6807\u9898-2-600x600.jpg 600w, https:\/\/seppeschina.com\/wp-content\/uploads\/2019\/04\/\u672a\u6807\u9898-2-300x300.jpg 300w, https:\/\/seppeschina.com\/wp-content\/uploads\/2019\/04\/\u672a\u6807\u9898-2-150x150.jpg 150w, https:\/\/seppeschina.com\/wp-content\/uploads\/2019\/04\/\u672a\u6807\u9898-2-24x24.jpg 24w, https:\/\/seppeschina.com\/wp-content\/uploads\/2019\/04\/\u672a\u6807\u9898-2-48x48.jpg 48w, https:\/\/seppeschina.com\/wp-content\/uploads\/2019\/04\/\u672a\u6807\u9898-2-96x96.jpg 96w, https:\/\/seppeschina.com\/wp-content\/uploads\/2019\/04\/\u672a\u6807\u9898-2-364x364.jpg 364w, https:\/\/seppeschina.com\/wp-content\/uploads\/2019\/04\/\u672a\u6807\u9898-2-50x50.jpg 50w, https:\/\/seppeschina.com\/wp-content\/uploads\/2019\/04\/\u672a\u6807\u9898-2-110x110.jpg 110w, https:\/\/seppeschina.com\/wp-content\/uploads\/2019\/04\/\u672a\u6807\u9898-2-275x275.jpg 275w, https:\/\/seppeschina.com\/wp-content\/uploads\/2019\/04\/\u672a\u6807\u9898-2-480x480.jpg 480w, https:\/\/seppeschina.com\/wp-content\/uploads\/2019\/04\/\u672a\u6807\u9898-2-550x550.jpg 550w\" sizes=\"auto, (max-width: 600px) 100vw, 600px\" \/><\/h3>\n<h3><span style=\"color: #3366ff;\"><b>Selection of colors<\/b><\/span><\/h3>\n<p><img loading=\"lazy\" decoding=\"async\" class=\"aligncenter wp-image-9862\" src=\"https:\/\/seppeschina.com\/wp-content\/uploads\/2019\/04\/color750.png\" alt=\"\" width=\"600\" height=\"600\" srcset=\"https:\/\/seppeschina.com\/wp-content\/uploads\/2019\/04\/color750.png 750w, https:\/\/seppeschina.com\/wp-content\/uploads\/2019\/04\/color750-360x360.png 360w, https:\/\/seppeschina.com\/wp-content\/uploads\/2019\/04\/color750-100x100.png 100w, https:\/\/seppeschina.com\/wp-content\/uploads\/2019\/04\/color750-600x600.png 600w, https:\/\/seppeschina.com\/wp-content\/uploads\/2019\/04\/color750-150x150.png 150w, https:\/\/seppeschina.com\/wp-content\/uploads\/2019\/04\/color750-300x300.png 300w, https:\/\/seppeschina.com\/wp-content\/uploads\/2019\/04\/color750-24x24.png 24w, https:\/\/seppeschina.com\/wp-content\/uploads\/2019\/04\/color750-48x48.png 48w, https:\/\/seppeschina.com\/wp-content\/uploads\/2019\/04\/color750-96x96.png 96w, https:\/\/seppeschina.com\/wp-content\/uploads\/2019\/04\/color750-364x364.png 364w, https:\/\/seppeschina.com\/wp-content\/uploads\/2019\/04\/color750-50x50.png 50w, https:\/\/seppeschina.com\/wp-content\/uploads\/2019\/04\/color750-110x110.png 110w, https:\/\/seppeschina.com\/wp-content\/uploads\/2019\/04\/color750-275x275.png 275w, https:\/\/seppeschina.com\/wp-content\/uploads\/2019\/04\/color750-480x480.png 480w, https:\/\/seppeschina.com\/wp-content\/uploads\/2019\/04\/color750-550x550.png 550w\" sizes=\"auto, (max-width: 600px) 100vw, 600px\" \/><\/p>\n<div class=\"J_module\">\n<div class=\"detail-decorate-json-renderer-container\">\n<div class=\"magic-4\">\n<div class=\"magic-26\">\n<div class=\"magic-6\">\n<div class=\"magic-7\" data-id=\"paragraph0\"><\/div>\n<\/div>\n<\/div>\n<\/div>\n<\/div>\n<\/div>\n<h3><span style=\"color: #3366ff;\"><strong><b>Cooperated Project Cases<\/b><\/strong><\/span><\/h3>\n<p><img loading=\"lazy\" decoding=\"async\" class=\"aligncenter wp-image-11608 size-full\" src=\"https:\/\/seppeschina.com\/wp-content\/uploads\/2021\/03\/seppes-door10.gif\" alt=\"\" width=\"600\" height=\"491\" \/><\/p>\n<p>For sites with large sizes and high wind resistance, our stacking doors are very suitable for installation in such an environment.<\/p>\n<h3><span style=\"color: #3366ff;\"><strong><b>Company Profile<\/b><\/strong><\/span><\/h3>\n<p><img loading=\"lazy\" decoding=\"async\" class=\"aligncenter wp-image-11606 size-full\" src=\"https:\/\/seppeschina.com\/wp-content\/uploads\/2021\/03\/seppes-door8.gif\" alt=\"\" width=\"600\" height=\"502\" \/><\/p>\n<h3><span style=\"color: #3366ff;\"><strong><b>Factory&amp;Production<\/b><\/strong><\/span><\/h3>\n<p><img loading=\"lazy\" decoding=\"async\" class=\"aligncenter wp-image-11604 size-full\" src=\"https:\/\/seppeschina.com\/wp-content\/uploads\/2021\/03\/seppes-door6.gif\" alt=\"\" width=\"600\" height=\"358\" \/><\/p>\n<h3><span style=\"color: #3366ff;\"><b>Exposici\u00f3n<\/b><\/span><\/h3>\n<p><img decoding=\"async\" class=\"aligncenter\" src=\"https:\/\/seppeschina.com\/wp-content\/uploads\/2021\/03\/seppes-door7.gif\" \/><\/p>\n<h3><span style=\"color: #3366ff;\">Ventajas<\/span><\/h3>\n<p><img loading=\"lazy\" decoding=\"async\" class=\"aligncenter size-full wp-image-11719\" src=\"https:\/\/seppeschina.com\/wp-content\/uploads\/2021\/03\/stacking-door-3.jpg\" alt=\"\" width=\"600\" height=\"628\" srcset=\"https:\/\/seppeschina.com\/wp-content\/uploads\/2021\/03\/stacking-door-3.jpg 600w, https:\/\/seppeschina.com\/wp-content\/uploads\/2021\/03\/stacking-door-3-360x377.jpg 360w, https:\/\/seppeschina.com\/wp-content\/uploads\/2021\/03\/stacking-door-3-287x300.jpg 287w, https:\/\/seppeschina.com\/wp-content\/uploads\/2021\/03\/stacking-door-3-24x24.jpg 24w, https:\/\/seppeschina.com\/wp-content\/uploads\/2021\/03\/stacking-door-3-525x550.jpg 525w\" sizes=\"auto, (max-width: 600px) 100vw, 600px\" \/><\/p>\n<h3><span style=\"color: #3366ff;\">Applications cases<\/span><\/h3>\n<p><img decoding=\"async\" class=\"aligncenter\" src=\"https:\/\/seppeschina.com\/wp-content\/uploads\/2021\/03\/seppes-door2.jpg\" \/><\/p>\n<h3><span style=\"color: #3366ff;\"><strong><b>Package&amp;Delivery<\/b><\/strong><\/span><\/h3>\n<p><img loading=\"lazy\" decoding=\"async\" class=\"aligncenter wp-image-11818 size-full\" src=\"https:\/\/seppeschina.com\/wp-content\/uploads\/2021\/04\/H847d78bca14e40ceb2854a49609655195.png\" alt=\"\" width=\"750\" height=\"310\" srcset=\"https:\/\/seppeschina.com\/wp-content\/uploads\/2021\/04\/H847d78bca14e40ceb2854a49609655195.png 750w, https:\/\/seppeschina.com\/wp-content\/uploads\/2021\/04\/H847d78bca14e40ceb2854a49609655195-360x149.png 360w, https:\/\/seppeschina.com\/wp-content\/uploads\/2021\/04\/H847d78bca14e40ceb2854a49609655195-600x248.png 600w, https:\/\/seppeschina.com\/wp-content\/uploads\/2021\/04\/H847d78bca14e40ceb2854a49609655195-300x124.png 300w, https:\/\/seppeschina.com\/wp-content\/uploads\/2021\/04\/H847d78bca14e40ceb2854a49609655195-550x227.png 550w\" sizes=\"auto, (max-width: 750px) 100vw, 750px\" \/><\/p>\n<h3>PREGUNTAS FRECUENTES<\/h3>\n<p><span style=\"color: #ff0000;\"><strong>Q\uff1a\u00bfQu\u00e9 hay de la potencia y el voltaje?<\/strong><\/span><\/p>\n<p><strong>A\uff1aPuede personalizarse Normalmente 220V,0.75KW,50HZ,1fase<\/strong><\/p>\n<p><span style=\"color: #ff0000;\"><strong>Q\uff1a\u00bfCu\u00e1l es el material del marco de la puerta de alta velocidad puede elegir?<\/strong><\/span><\/p>\n<p><strong>A\uff1aMarco de la puerta de acero pintado,SUS304 \/316 marco de la puerta,marco de la puerta de aleaci\u00f3n de aluminio.<\/strong><\/p>\n<p><span style=\"color: #ff0000;\"><strong>Q\uff1a\u00bfCu\u00e1l es el precio de la puerta de alta velocidad?<\/strong><\/span><\/p>\n<p><strong>A\uff1aDepende de su tama\u00f1o y de otros dispositivos.<\/strong><\/p>\n<p><span style=\"color: #ff0000;\"><strong>Q\uff1a\u00bfC\u00f3mo elegir la f\u00e1brica de puertas de alta velocidad?<\/strong><\/span><\/p>\n<p><strong>A\uff1aCertificado, SGS ,CE,m\u00e1s de 10 a\u00f1os de experiencia.<\/strong><\/p>\n<p><span style=\"color: #ff0000;\"><strong>Q\uff1a\u00bfPodemos instalar la puerta r\u00e1pida nosotros mismos?<\/strong><\/span><\/p>\n<p><strong>A\uff1aS\u00ed, muy simple.Podemos proporcionar gu\u00eda manual de instalaci\u00f3n en Ingl\u00e9s y videos.\u00a0<\/strong><\/p>\n<p><span style=\"color: #ff0000;\"><strong>Q\uff1a\u00bfDurante cu\u00e1nto tiempo se puede utilizar?<\/strong><\/span><\/p>\n<p><strong>Unos 10-15 a\u00f1os.<\/strong><\/p>\n<p><span style=\"color: #ff0000;\"><strong>Q\uff1a\u00bfCu\u00e1les son los m\u00e9todos de apertura autom\u00e1tica \/ inteligente de la puerta de alta velocidad?<\/strong><\/span><\/p>\n<p><strong>A\uff1a Pulsador manual, dispositivo sensor de movimiento autom\u00e1tico, bucle de inducci\u00f3n, interruptor de tracci\u00f3n, tarjeta magn\u00e9tica, conectado con PLC o AGV.<\/strong><\/p>","protected":false},"excerpt":{"rendered":"<p>The high speed stacking door adopts the folding lifting method and multiple built-in or external horizontal wind-resistant ribs, so that the wind pressure can be applied to the whole door curtain. The wind resistance level is 10, and its wind resistance performance is much higher than that of the conventional fast rolling door, especially suitable for logistics Passages and large openings.<\/p>","protected":false},"featured_media":11978,"comment_status":"open","ping_status":"closed","template":"","meta":[],"product_brand":[],"product_cat":[316],"product_tag":[],"class_list":{"0":"post-10189","1":"product","2":"type-product","3":"status-publish","4":"has-post-thumbnail","6":"product_cat-high-speed-stacking-door","9":"first","10":"instock","11":"shipping-taxable","12":"product-type-simple"},"yoast_head":"<!-- This site is optimized with the Yoast SEO plugin v25.3 - https:\/\/yoast.com\/wordpress\/plugins\/seo\/ -->\n<title>SEPPES Blue High Speed Stacking Door - High speed door<\/title>\n<meta name=\"description\" content=\"High Speed Stacking Door adopts a folding lifting method and multiple built-in or external horizontal wind-resistant levers\" \/>\n<meta name=\"robots\" content=\"index, follow, max-snippet:-1, max-image-preview:large, max-video-preview:-1\" \/>\n<link rel=\"canonical\" href=\"https:\/\/seppeschina.com\/es_pe\/product\/china-high-speed-stacking-door-wholesale-supplier\/\" \/>\n<meta property=\"og:locale\" content=\"es_ES\" \/>\n<meta property=\"og:type\" content=\"article\" \/>\n<meta property=\"og:title\" content=\"SEPPES Blue High Speed Stacking Door - High speed door\" \/>\n<meta property=\"og:description\" content=\"High Speed Stacking Door adopts a folding lifting method and multiple built-in or external horizontal wind-resistant levers\" \/>\n<meta property=\"og:url\" content=\"https:\/\/seppeschina.com\/es_pe\/product\/china-high-speed-stacking-door-wholesale-supplier\/\" \/>\n<meta property=\"og:site_name\" content=\"High speed door\" \/>\n<meta property=\"article:publisher\" content=\"https:\/\/www.facebook.com\/Seppesdoor-101420388136000\/\" \/>\n<meta property=\"article:modified_time\" content=\"2025-05-19T08:15:03+00:00\" \/>\n<meta property=\"og:image\" content=\"https:\/\/seppeschina.com\/wp-content\/uploads\/2021\/01\/\u84dd\u8272\u5806\u79ef\u5feb\u901f\u95e8.png\" \/>\n\t<meta property=\"og:image:width\" content=\"750\" \/>\n\t<meta property=\"og:image:height\" content=\"750\" \/>\n\t<meta property=\"og:image:type\" content=\"image\/png\" \/>\n<meta name=\"twitter:card\" content=\"summary_large_image\" \/>\n<meta name=\"twitter:site\" content=\"@Stella93161069\" \/>\n<meta name=\"twitter:label1\" content=\"Est. reading time\" \/>\n\t<meta name=\"twitter:data1\" content=\"4 minutos\" \/>\n<script type=\"application\/ld+json\" class=\"yoast-schema-graph\">{\"@context\":\"https:\/\/schema.org\",\"@graph\":[{\"@type\":\"WebPage\",\"@id\":\"https:\/\/seppeschina.com\/product\/china-high-speed-stacking-door-wholesale-supplier\/\",\"url\":\"https:\/\/seppeschina.com\/product\/china-high-speed-stacking-door-wholesale-supplier\/\",\"name\":\"SEPPES Blue High Speed Stacking Door - High speed door\",\"isPartOf\":{\"@id\":\"https:\/\/seppeschina.com\/#website\"},\"primaryImageOfPage\":{\"@id\":\"https:\/\/seppeschina.com\/product\/china-high-speed-stacking-door-wholesale-supplier\/#primaryimage\"},\"image\":{\"@id\":\"https:\/\/seppeschina.com\/product\/china-high-speed-stacking-door-wholesale-supplier\/#primaryimage\"},\"thumbnailUrl\":\"https:\/\/seppeschina.com\/wp-content\/uploads\/2021\/01\/\u84dd\u8272\u5806\u79ef\u5feb\u901f\u95e8.png\",\"datePublished\":\"2021-01-09T05:48:20+00:00\",\"dateModified\":\"2025-05-19T08:15:03+00:00\",\"description\":\"High Speed Stacking Door adopts a folding lifting method and multiple built-in or external horizontal wind-resistant levers\",\"breadcrumb\":{\"@id\":\"https:\/\/seppeschina.com\/product\/china-high-speed-stacking-door-wholesale-supplier\/#breadcrumb\"},\"inLanguage\":\"es-PE\",\"potentialAction\":[{\"@type\":\"ReadAction\",\"target\":[\"https:\/\/seppeschina.com\/product\/china-high-speed-stacking-door-wholesale-supplier\/\"]}]},{\"@type\":\"ImageObject\",\"inLanguage\":\"es-PE\",\"@id\":\"https:\/\/seppeschina.com\/product\/china-high-speed-stacking-door-wholesale-supplier\/#primaryimage\",\"url\":\"https:\/\/seppeschina.com\/wp-content\/uploads\/2021\/01\/\u84dd\u8272\u5806\u79ef\u5feb\u901f\u95e8.png\",\"contentUrl\":\"https:\/\/seppeschina.com\/wp-content\/uploads\/2021\/01\/\u84dd\u8272\u5806\u79ef\u5feb\u901f\u95e8.png\",\"width\":750,\"height\":750},{\"@type\":\"BreadcrumbList\",\"@id\":\"https:\/\/seppeschina.com\/product\/china-high-speed-stacking-door-wholesale-supplier\/#breadcrumb\",\"itemListElement\":[{\"@type\":\"ListItem\",\"position\":1,\"name\":\"Home\",\"item\":\"https:\/\/seppeschina.com\/\"},{\"@type\":\"ListItem\",\"position\":2,\"name\":\"Shop\",\"item\":\"https:\/\/seppeschina.com\/shop\/\"},{\"@type\":\"ListItem\",\"position\":3,\"name\":\"2021 SEPPES Blue High Speed Stacking Door\"}]},{\"@type\":\"WebSite\",\"@id\":\"https:\/\/seppeschina.com\/#website\",\"url\":\"https:\/\/seppeschina.com\/\",\"name\":\"SEPPES Door Industry\",\"description\":\"China&#039;s Leading High Speed Door Manufacturer\",\"potentialAction\":[{\"@type\":\"SearchAction\",\"target\":{\"@type\":\"EntryPoint\",\"urlTemplate\":\"https:\/\/seppeschina.com\/?s={search_term_string}\"},\"query-input\":{\"@type\":\"PropertyValueSpecification\",\"valueRequired\":true,\"valueName\":\"search_term_string\"}}],\"inLanguage\":\"es-PE\"}]}<\/script>\n<!-- \/ Yoast SEO plugin. -->","yoast_head_json":{"title":"SEPPES Blue High Speed Stacking Door - High speed door","description":"High Speed Stacking Door adopts a folding lifting method and multiple built-in or external horizontal wind-resistant levers","robots":{"index":"index","follow":"follow","max-snippet":"max-snippet:-1","max-image-preview":"max-image-preview:large","max-video-preview":"max-video-preview:-1"},"canonical":"https:\/\/seppeschina.com\/es_pe\/product\/china-high-speed-stacking-door-wholesale-supplier\/","og_locale":"es_ES","og_type":"article","og_title":"SEPPES Blue High Speed Stacking Door - High speed door","og_description":"High Speed Stacking Door adopts a folding lifting method and multiple built-in or external horizontal wind-resistant levers","og_url":"https:\/\/seppeschina.com\/es_pe\/product\/china-high-speed-stacking-door-wholesale-supplier\/","og_site_name":"High speed door","article_publisher":"https:\/\/www.facebook.com\/Seppesdoor-101420388136000\/","article_modified_time":"2025-05-19T08:15:03+00:00","og_image":[{"width":750,"height":750,"url":"https:\/\/seppeschina.com\/wp-content\/uploads\/2021\/01\/\u84dd\u8272\u5806\u79ef\u5feb\u901f\u95e8.png","type":"image\/png"}],"twitter_card":"summary_large_image","twitter_site":"@Stella93161069","twitter_misc":{"Est. reading time":"4 minutos"},"schema":{"@context":"https:\/\/schema.org","@graph":[{"@type":"WebPage","@id":"https:\/\/seppeschina.com\/product\/china-high-speed-stacking-door-wholesale-supplier\/","url":"https:\/\/seppeschina.com\/product\/china-high-speed-stacking-door-wholesale-supplier\/","name":"SEPPES Blue High Speed Stacking Door - High speed door","isPartOf":{"@id":"https:\/\/seppeschina.com\/#website"},"primaryImageOfPage":{"@id":"https:\/\/seppeschina.com\/product\/china-high-speed-stacking-door-wholesale-supplier\/#primaryimage"},"image":{"@id":"https:\/\/seppeschina.com\/product\/china-high-speed-stacking-door-wholesale-supplier\/#primaryimage"},"thumbnailUrl":"https:\/\/seppeschina.com\/wp-content\/uploads\/2021\/01\/\u84dd\u8272\u5806\u79ef\u5feb\u901f\u95e8.png","datePublished":"2021-01-09T05:48:20+00:00","dateModified":"2025-05-19T08:15:03+00:00","description":"High Speed Stacking Door adopts a folding lifting method and multiple built-in or external horizontal wind-resistant levers","breadcrumb":{"@id":"https:\/\/seppeschina.com\/product\/china-high-speed-stacking-door-wholesale-supplier\/#breadcrumb"},"inLanguage":"es-PE","potentialAction":[{"@type":"ReadAction","target":["https:\/\/seppeschina.com\/product\/china-high-speed-stacking-door-wholesale-supplier\/"]}]},{"@type":"ImageObject","inLanguage":"es-PE","@id":"https:\/\/seppeschina.com\/product\/china-high-speed-stacking-door-wholesale-supplier\/#primaryimage","url":"https:\/\/seppeschina.com\/wp-content\/uploads\/2021\/01\/\u84dd\u8272\u5806\u79ef\u5feb\u901f\u95e8.png","contentUrl":"https:\/\/seppeschina.com\/wp-content\/uploads\/2021\/01\/\u84dd\u8272\u5806\u79ef\u5feb\u901f\u95e8.png","width":750,"height":750},{"@type":"BreadcrumbList","@id":"https:\/\/seppeschina.com\/product\/china-high-speed-stacking-door-wholesale-supplier\/#breadcrumb","itemListElement":[{"@type":"ListItem","position":1,"name":"Home","item":"https:\/\/seppeschina.com\/"},{"@type":"ListItem","position":2,"name":"Shop","item":"https:\/\/seppeschina.com\/shop\/"},{"@type":"ListItem","position":3,"name":"2021 SEPPES Blue High Speed Stacking Door"}]},{"@type":"WebSite","@id":"https:\/\/seppeschina.com\/#website","url":"https:\/\/seppeschina.com\/","name":"SEPPES Door Industry","description":"China&#039;s Leading High Speed Door Manufacturer","potentialAction":[{"@type":"SearchAction","target":{"@type":"EntryPoint","urlTemplate":"https:\/\/seppeschina.com\/?s={search_term_string}"},"query-input":{"@type":"PropertyValueSpecification","valueRequired":true,"valueName":"search_term_string"}}],"inLanguage":"es-PE"}]}},"_links":{"self":[{"href":"https:\/\/seppeschina.com\/es_pe\/wp-json\/wp\/v2\/product\/10189","targetHints":{"allow":["GET"]}}],"collection":[{"href":"https:\/\/seppeschina.com\/es_pe\/wp-json\/wp\/v2\/product"}],"about":[{"href":"https:\/\/seppeschina.com\/es_pe\/wp-json\/wp\/v2\/types\/product"}],"replies":[{"embeddable":true,"href":"https:\/\/seppeschina.com\/es_pe\/wp-json\/wp\/v2\/comments?post=10189"}],"wp:featuredmedia":[{"embeddable":true,"href":"https:\/\/seppeschina.com\/es_pe\/wp-json\/wp\/v2\/media\/11978"}],"wp:attachment":[{"href":"https:\/\/seppeschina.com\/es_pe\/wp-json\/wp\/v2\/media?parent=10189"}],"wp:term":[{"taxonomy":"product_brand","embeddable":true,"href":"https:\/\/seppeschina.com\/es_pe\/wp-json\/wp\/v2\/product_brand?post=10189"},{"taxonomy":"product_cat","embeddable":true,"href":"https:\/\/seppeschina.com\/es_pe\/wp-json\/wp\/v2\/product_cat?post=10189"},{"taxonomy":"product_tag","embeddable":true,"href":"https:\/\/seppeschina.com\/es_pe\/wp-json\/wp\/v2\/product_tag?post=10189"}],"curies":[{"name":"wp","href":"https:\/\/api.w.org\/{rel}","templated":true}]}}