{"id":12535,"date":"2021-07-24T17:05:33","date_gmt":"2021-07-24T09:05:33","guid":{"rendered":"https:\/\/seppeschina.com\/?post_type=product&#038;p=12535"},"modified":"2023-04-20T14:54:51","modified_gmt":"2023-04-20T06:54:51","slug":"high-speed-bay-doors","status":"publish","type":"product","link":"https:\/\/seppeschina.com\/es_pe\/product\/high-speed-bay-doors\/","title":{"rendered":"puertas de muelle de alta velocidad para el puerto de salida de la f\u00e1brica"},"content":{"rendered":"<p><span class=\"color-main\"><span style=\"color: #000000;\"><strong>puertas r\u00e1pidas para naves<\/strong> pueden utilizarse ampliamente en talleres climatizados y plantas limpias de diversas industrias, como electr\u00f3nica, maquinaria, qu\u00edmica, textil, refrigeraci\u00f3n, imprenta, alimentaci\u00f3n, montaje de autom\u00f3viles, supermercados, log\u00edstica y almacenamiento. Entre ellas, la puerta r\u00e1pida enrollable que se abre y cierra autom\u00e1ticamente a gran velocidad. En f\u00e1bricas, almacenes, tiendas, etc. que buscan una gesti\u00f3n estricta de la calidad, una alta eficiencia y el ahorro de costes, la apertura y cierre eficaces de entradas y salidas es la clave para determinar la seguridad de las mercanc\u00edas y la eficiencia de la producci\u00f3n y el funcionamiento. <a style=\"color: #000000;\" href=\"https:\/\/www.alniff.com.sg\/?keyword_k=high%20speed%20door&amp;gclid=Cj0KCQjw0emHBhC1ARIsAL1QGNfRCfIjbQbc4EVyHLkUk3GiMcXwZwFnsHSE1LT3YvBiCt2pjTbodH0aAjqNEALw_wcB\">Puertas r\u00e1pidas<\/a> son 20 veces m\u00e1s r\u00e1pidas que las puertas enrollables de acero, logrando una alta velocidad de apertura y cierre 50 veces por hora y una gran durabilidad.<\/span><\/span><span class=\"color-main\"><a href=\"https:\/\/seppeschina.com\/es_pe\/product\/china-manufacturer-pvc-rapid-rolling-door-for-industry\/\"><img loading=\"lazy\" decoding=\"async\" class=\"aligncenter wp-image-12510 size-full\" title=\"puerta r\u00e1pida\" src=\"https:\/\/seppeschina.com\/wp-content\/uploads\/2021\/07\/fast-door-5.jpg\" alt=\"\" width=\"750\" height=\"613\" srcset=\"https:\/\/seppeschina.com\/wp-content\/uploads\/2021\/07\/fast-door-5.jpg 750w, https:\/\/seppeschina.com\/wp-content\/uploads\/2021\/07\/fast-door-5-360x294.jpg 360w, https:\/\/seppeschina.com\/wp-content\/uploads\/2021\/07\/fast-door-5-600x490.jpg 600w, https:\/\/seppeschina.com\/wp-content\/uploads\/2021\/07\/fast-door-5-300x245.jpg 300w, https:\/\/seppeschina.com\/wp-content\/uploads\/2021\/07\/fast-door-5-550x450.jpg 550w\" sizes=\"auto, (max-width: 750px) 100vw, 750px\" \/><\/a><\/span>Cargo shower room high speed door feedback<span class=\"color-main\"><a href=\"https:\/\/seppeschina.com\/es_pe\/cooperation-case\/\"><img loading=\"lazy\" decoding=\"async\" class=\"aligncenter wp-image-12511 size-full\" title=\"puerta r\u00e1pida de f\u00e1brica\" src=\"https:\/\/seppeschina.com\/wp-content\/uploads\/2021\/07\/fast-door-6.jpg\" alt=\"\" width=\"750\" height=\"1466\" srcset=\"https:\/\/seppeschina.com\/wp-content\/uploads\/2021\/07\/fast-door-6.jpg 750w, https:\/\/seppeschina.com\/wp-content\/uploads\/2021\/07\/fast-door-6-360x704.jpg 360w, https:\/\/seppeschina.com\/wp-content\/uploads\/2021\/07\/fast-door-6-600x1173.jpg 600w, https:\/\/seppeschina.com\/wp-content\/uploads\/2021\/07\/fast-door-6-153x300.jpg 153w, https:\/\/seppeschina.com\/wp-content\/uploads\/2021\/07\/fast-door-6-524x1024.jpg 524w, https:\/\/seppeschina.com\/wp-content\/uploads\/2021\/07\/fast-door-6-281x550.jpg 281w\" sizes=\"auto, (max-width: 750px) 100vw, 750px\" \/><\/a><\/span><\/p>\n<p><a href=\"https:\/\/seppeschina.com\/es_pe\/\"><img loading=\"lazy\" decoding=\"async\" class=\"aligncenter wp-image-12518 size-full\" title=\"puerta r\u00e1pida de almac\u00e9n\" src=\"https:\/\/seppeschina.com\/wp-content\/uploads\/2021\/07\/fast-door-8.jpg\" alt=\"\" width=\"750\" height=\"526\" srcset=\"https:\/\/seppeschina.com\/wp-content\/uploads\/2021\/07\/fast-door-8.jpg 750w, https:\/\/seppeschina.com\/wp-content\/uploads\/2021\/07\/fast-door-8-360x252.jpg 360w, https:\/\/seppeschina.com\/wp-content\/uploads\/2021\/07\/fast-door-8-600x421.jpg 600w, https:\/\/seppeschina.com\/wp-content\/uploads\/2021\/07\/fast-door-8-300x210.jpg 300w, https:\/\/seppeschina.com\/wp-content\/uploads\/2021\/07\/fast-door-8-550x386.jpg 550w\" sizes=\"auto, (max-width: 750px) 100vw, 750px\" \/><\/a><\/p>\n<p><a href=\"https:\/\/seppeschina.com\/es_pe\/\"><span style=\"color: #000000;\">Puertas r\u00e1pidas SEPPES instaladas en varios talleres<\/span><span style=\"color: #000000;\">SEPPES se estableci\u00f3 en Suzhou, China, en 2011. Es una empresa de fabricaci\u00f3n especializada en el suministro de equipos de puertas de plantas industriales. En los \u00faltimos a\u00f1os, debido a la continua expansi\u00f3n de la escala y la continua innovaci\u00f3n de productos, los principales productos ahora incluyen puertas industriales de alta velocidad, puertas elevadoras industriales, rampa niveladora de almac\u00e9n, sellos de puertas de f\u00e1brica, ventiladores industriales y as\u00ed sucesivamente. A partir de 2015, SEPPES comenz\u00f3 a cooperar con clientes extranjeros, y les proporcionamos puertas r\u00e1pidas de alta gama para utilizar en sus talleres. Ahora SEPPES puede vender puertas en todo el mundo.<\/span><\/a><a href=\"https:\/\/seppeschina.com\/es_pe\/\"><img loading=\"lazy\" decoding=\"async\" class=\"aligncenter wp-image-12514 size-full\" title=\"puerta de alta velocidad uso lugar\" src=\"https:\/\/seppeschina.com\/wp-content\/uploads\/2021\/07\/fast-door-12.jpg\" alt=\"\" width=\"750\" height=\"575\" srcset=\"https:\/\/seppeschina.com\/wp-content\/uploads\/2021\/07\/fast-door-12.jpg 750w, https:\/\/seppeschina.com\/wp-content\/uploads\/2021\/07\/fast-door-12-360x276.jpg 360w, https:\/\/seppeschina.com\/wp-content\/uploads\/2021\/07\/fast-door-12-600x460.jpg 600w, https:\/\/seppeschina.com\/wp-content\/uploads\/2021\/07\/fast-door-12-300x230.jpg 300w, https:\/\/seppeschina.com\/wp-content\/uploads\/2021\/07\/fast-door-12-550x422.jpg 550w\" sizes=\"auto, (max-width: 750px) 100vw, 750px\" \/><\/a><\/p>\n<p>&nbsp;<\/p>\n<p><a href=\"https:\/\/seppeschina.com\/es_pe\/company-history\/\"><img loading=\"lazy\" decoding=\"async\" class=\"aligncenter wp-image-12516 size-full\" title=\"Puerta r\u00e1pida SEPPES\" src=\"https:\/\/seppeschina.com\/wp-content\/uploads\/2021\/07\/fast-door-9.jpg\" alt=\"\" width=\"750\" height=\"792\" srcset=\"https:\/\/seppeschina.com\/wp-content\/uploads\/2021\/07\/fast-door-9.jpg 750w, https:\/\/seppeschina.com\/wp-content\/uploads\/2021\/07\/fast-door-9-360x380.jpg 360w, https:\/\/seppeschina.com\/wp-content\/uploads\/2021\/07\/fast-door-9-600x634.jpg 600w, https:\/\/seppeschina.com\/wp-content\/uploads\/2021\/07\/fast-door-9-284x300.jpg 284w, https:\/\/seppeschina.com\/wp-content\/uploads\/2021\/07\/fast-door-9-24x24.jpg 24w, https:\/\/seppeschina.com\/wp-content\/uploads\/2021\/07\/fast-door-9-521x550.jpg 521w\" sizes=\"auto, (max-width: 750px) 100vw, 750px\" \/><\/a> <a href=\"https:\/\/seppeschina.com\/es_pe\/company-history\/\"><img loading=\"lazy\" decoding=\"async\" class=\"aligncenter wp-image-12512 size-full\" title=\"puerta r\u00e1pida\" src=\"https:\/\/seppeschina.com\/wp-content\/uploads\/2021\/07\/fast-door-7.jpg\" alt=\"\" width=\"750\" height=\"486\" srcset=\"https:\/\/seppeschina.com\/wp-content\/uploads\/2021\/07\/fast-door-7.jpg 750w, https:\/\/seppeschina.com\/wp-content\/uploads\/2021\/07\/fast-door-7-360x233.jpg 360w, https:\/\/seppeschina.com\/wp-content\/uploads\/2021\/07\/fast-door-7-600x389.jpg 600w, https:\/\/seppeschina.com\/wp-content\/uploads\/2021\/07\/fast-door-7-300x195.jpg 300w, https:\/\/seppeschina.com\/wp-content\/uploads\/2021\/07\/fast-door-7-128x84.jpg 128w, https:\/\/seppeschina.com\/wp-content\/uploads\/2021\/07\/fast-door-7-550x356.jpg 550w\" sizes=\"auto, (max-width: 750px) 100vw, 750px\" \/><\/a> <a href=\"https:\/\/seppeschina.com\/es_pe\/company-history\/\"><img loading=\"lazy\" decoding=\"async\" class=\"aligncenter wp-image-12513 size-full\" title=\"puerta r\u00e1pida con CE\" src=\"https:\/\/seppeschina.com\/wp-content\/uploads\/2021\/07\/fast-door-11.jpg\" alt=\"\" width=\"750\" height=\"654\" srcset=\"https:\/\/seppeschina.com\/wp-content\/uploads\/2021\/07\/fast-door-11.jpg 750w, https:\/\/seppeschina.com\/wp-content\/uploads\/2021\/07\/fast-door-11-360x314.jpg 360w, https:\/\/seppeschina.com\/wp-content\/uploads\/2021\/07\/fast-door-11-600x523.jpg 600w, https:\/\/seppeschina.com\/wp-content\/uploads\/2021\/07\/fast-door-11-300x262.jpg 300w, https:\/\/seppeschina.com\/wp-content\/uploads\/2021\/07\/fast-door-11-550x480.jpg 550w\" sizes=\"auto, (max-width: 750px) 100vw, 750px\" \/><\/a> <a href=\"https:\/\/seppeschina.com\/es_pe\/cooperation-case\/\"><img loading=\"lazy\" decoding=\"async\" class=\"aligncenter wp-image-12515 size-full\" title=\"PUERTA R\u00c1PIDA VENDER EL MUNDO\" src=\"https:\/\/seppeschina.com\/wp-content\/uploads\/2021\/07\/fast-door-10.jpg\" alt=\"\" width=\"750\" height=\"618\" srcset=\"https:\/\/seppeschina.com\/wp-content\/uploads\/2021\/07\/fast-door-10.jpg 750w, https:\/\/seppeschina.com\/wp-content\/uploads\/2021\/07\/fast-door-10-360x297.jpg 360w, https:\/\/seppeschina.com\/wp-content\/uploads\/2021\/07\/fast-door-10-600x494.jpg 600w, https:\/\/seppeschina.com\/wp-content\/uploads\/2021\/07\/fast-door-10-300x247.jpg 300w, https:\/\/seppeschina.com\/wp-content\/uploads\/2021\/07\/fast-door-10-550x453.jpg 550w\" sizes=\"auto, (max-width: 750px) 100vw, 750px\" \/><\/a> <a href=\"https:\/\/seppeschina.com\/es_pe\/company-history\/\"><img loading=\"lazy\" decoding=\"async\" class=\"aligncenter wp-image-12517 size-full\" title=\"puerta r\u00e1pida\" src=\"https:\/\/seppeschina.com\/wp-content\/uploads\/2021\/07\/fast-door-1.jpg\" alt=\"\" width=\"750\" height=\"782\" srcset=\"https:\/\/seppeschina.com\/wp-content\/uploads\/2021\/07\/fast-door-1.jpg 750w, https:\/\/seppeschina.com\/wp-content\/uploads\/2021\/07\/fast-door-1-360x375.jpg 360w, https:\/\/seppeschina.com\/wp-content\/uploads\/2021\/07\/fast-door-1-600x626.jpg 600w, https:\/\/seppeschina.com\/wp-content\/uploads\/2021\/07\/fast-door-1-288x300.jpg 288w, https:\/\/seppeschina.com\/wp-content\/uploads\/2021\/07\/fast-door-1-24x24.jpg 24w, https:\/\/seppeschina.com\/wp-content\/uploads\/2021\/07\/fast-door-1-527x550.jpg 527w\" sizes=\"auto, (max-width: 750px) 100vw, 750px\" \/><\/a><\/p>\n<p><a href=\"https:\/\/seppeschina.com\/es_pe\/\"><img loading=\"lazy\" decoding=\"async\" class=\"aligncenter wp-image-12508 size-full\" title=\"puerta r\u00e1pida\" src=\"https:\/\/seppeschina.com\/wp-content\/uploads\/2021\/07\/fast-door-3.jpg\" alt=\"\" width=\"750\" height=\"734\" srcset=\"https:\/\/seppeschina.com\/wp-content\/uploads\/2021\/07\/fast-door-3.jpg 750w, https:\/\/seppeschina.com\/wp-content\/uploads\/2021\/07\/fast-door-3-360x352.jpg 360w, https:\/\/seppeschina.com\/wp-content\/uploads\/2021\/07\/fast-door-3-600x587.jpg 600w, https:\/\/seppeschina.com\/wp-content\/uploads\/2021\/07\/fast-door-3-300x294.jpg 300w, https:\/\/seppeschina.com\/wp-content\/uploads\/2021\/07\/fast-door-3-24x24.jpg 24w, https:\/\/seppeschina.com\/wp-content\/uploads\/2021\/07\/fast-door-3-48x48.jpg 48w, https:\/\/seppeschina.com\/wp-content\/uploads\/2021\/07\/fast-door-3-50x50.jpg 50w, https:\/\/seppeschina.com\/wp-content\/uploads\/2021\/07\/fast-door-3-550x538.jpg 550w\" sizes=\"auto, (max-width: 750px) 100vw, 750px\" \/><\/a><a href=\"https:\/\/seppeschina.com\/es_pe\/\">[wpforms id=&#8221;12207&#8243;]<\/a><\/p>","protected":false},"excerpt":{"rendered":"<p>high speed bay doors can be widely used in air-conditioned workshops and clean plants in various industries such as electronics, machinery, chemicals, textiles, refrigeration, printing, food, automobile assembly, supermarkets, logistics and warehousing. Among them, the fast rolling door that automatically opens and closes at a high speed. In factories, warehouses, shops, etc. that seek strict quality management, high efficiency, and cost-saving, the effective opening and closing of entrances and exits is the key to determining the safety of goods and the efficiency of production and operation. Fast doors are 20 times faster than steel rolling doors, achieving high-speed opening and closing 50 times per hour and high durability.Cargo shower room high speed door feedback SEPPES high-speed doors installed in various [&hellip;]<\/p>","protected":false},"featured_media":12536,"comment_status":"open","ping_status":"closed","template":"","meta":[],"product_brand":[],"product_cat":[309],"product_tag":[425,424],"class_list":{"0":"post-12535","1":"product","2":"type-product","3":"status-publish","4":"has-post-thumbnail","6":"product_cat-high-speed-door","7":"product_tag-cargo-high-speed-door","8":"product_tag-high-speed-bay-doors","11":"first","12":"instock","13":"shipping-taxable","14":"product-type-simple"},"yoast_head":"<!-- This site is optimized with the Yoast SEO plugin v25.3 - https:\/\/yoast.com\/wordpress\/plugins\/seo\/ -->\n<title>high speed bay doors for factory&#039;s outbound port - High speed door<\/title>\n<meta name=\"description\" content=\"high speed bay doors is a type of PVC rolling door commonly used at the factory&#039;s outbound port, and its main function is to open quickly.\" \/>\n<meta name=\"robots\" content=\"index, follow, max-snippet:-1, max-image-preview:large, max-video-preview:-1\" \/>\n<link rel=\"canonical\" href=\"https:\/\/seppeschina.com\/es_pe\/product\/high-speed-bay-doors\/\" \/>\n<meta property=\"og:locale\" content=\"es_ES\" \/>\n<meta property=\"og:type\" content=\"article\" \/>\n<meta property=\"og:title\" content=\"high speed bay doors for factory&#039;s outbound port - High speed door\" \/>\n<meta property=\"og:description\" content=\"high speed bay doors is a type of PVC rolling door commonly used at the factory&#039;s outbound port, and its main function is to open quickly.\" \/>\n<meta property=\"og:url\" content=\"https:\/\/seppeschina.com\/es_pe\/product\/high-speed-bay-doors\/\" \/>\n<meta property=\"og:site_name\" content=\"High speed door\" \/>\n<meta property=\"article:publisher\" content=\"https:\/\/www.facebook.com\/Seppesdoor-101420388136000\/\" \/>\n<meta property=\"article:modified_time\" content=\"2023-04-20T06:54:51+00:00\" \/>\n<meta property=\"og:image\" content=\"https:\/\/seppeschina.com\/wp-content\/uploads\/2021\/07\/red-fast-door-1.jpg\" \/>\n\t<meta property=\"og:image:width\" content=\"750\" \/>\n\t<meta property=\"og:image:height\" content=\"750\" \/>\n\t<meta property=\"og:image:type\" content=\"image\/jpeg\" \/>\n<meta name=\"twitter:card\" content=\"summary_large_image\" \/>\n<meta name=\"twitter:site\" content=\"@Stella93161069\" \/>\n<meta name=\"twitter:label1\" content=\"Est. reading time\" \/>\n\t<meta name=\"twitter:data1\" content=\"3 minutos\" \/>\n<script type=\"application\/ld+json\" class=\"yoast-schema-graph\">{\"@context\":\"https:\/\/schema.org\",\"@graph\":[{\"@type\":\"WebPage\",\"@id\":\"https:\/\/seppeschina.com\/product\/high-speed-bay-doors\/\",\"url\":\"https:\/\/seppeschina.com\/product\/high-speed-bay-doors\/\",\"name\":\"high speed bay doors for factory's outbound port - High speed door\",\"isPartOf\":{\"@id\":\"https:\/\/seppeschina.com\/#website\"},\"primaryImageOfPage\":{\"@id\":\"https:\/\/seppeschina.com\/product\/high-speed-bay-doors\/#primaryimage\"},\"image\":{\"@id\":\"https:\/\/seppeschina.com\/product\/high-speed-bay-doors\/#primaryimage\"},\"thumbnailUrl\":\"https:\/\/seppeschina.com\/wp-content\/uploads\/2021\/07\/red-fast-door-1.jpg\",\"datePublished\":\"2021-07-24T09:05:33+00:00\",\"dateModified\":\"2023-04-20T06:54:51+00:00\",\"description\":\"high speed bay doors is a type of PVC rolling door commonly used at the factory's outbound port, and its main function is to open quickly.\",\"breadcrumb\":{\"@id\":\"https:\/\/seppeschina.com\/product\/high-speed-bay-doors\/#breadcrumb\"},\"inLanguage\":\"es-PE\",\"potentialAction\":[{\"@type\":\"ReadAction\",\"target\":[\"https:\/\/seppeschina.com\/product\/high-speed-bay-doors\/\"]}]},{\"@type\":\"ImageObject\",\"inLanguage\":\"es-PE\",\"@id\":\"https:\/\/seppeschina.com\/product\/high-speed-bay-doors\/#primaryimage\",\"url\":\"https:\/\/seppeschina.com\/wp-content\/uploads\/2021\/07\/red-fast-door-1.jpg\",\"contentUrl\":\"https:\/\/seppeschina.com\/wp-content\/uploads\/2021\/07\/red-fast-door-1.jpg\",\"width\":750,\"height\":750},{\"@type\":\"BreadcrumbList\",\"@id\":\"https:\/\/seppeschina.com\/product\/high-speed-bay-doors\/#breadcrumb\",\"itemListElement\":[{\"@type\":\"ListItem\",\"position\":1,\"name\":\"Home\",\"item\":\"https:\/\/seppeschina.com\/\"},{\"@type\":\"ListItem\",\"position\":2,\"name\":\"Shop\",\"item\":\"https:\/\/seppeschina.com\/shop\/\"},{\"@type\":\"ListItem\",\"position\":3,\"name\":\"high speed bay doors for factory&#8217;s outbound port\"}]},{\"@type\":\"WebSite\",\"@id\":\"https:\/\/seppeschina.com\/#website\",\"url\":\"https:\/\/seppeschina.com\/\",\"name\":\"SEPPES Door Industry\",\"description\":\"China&#039;s Leading High Speed Door Manufacturer\",\"potentialAction\":[{\"@type\":\"SearchAction\",\"target\":{\"@type\":\"EntryPoint\",\"urlTemplate\":\"https:\/\/seppeschina.com\/?s={search_term_string}\"},\"query-input\":{\"@type\":\"PropertyValueSpecification\",\"valueRequired\":true,\"valueName\":\"search_term_string\"}}],\"inLanguage\":\"es-PE\"}]}<\/script>\n<!-- \/ Yoast SEO plugin. -->","yoast_head_json":{"title":"high speed bay doors for factory's outbound port - High speed door","description":"high speed bay doors is a type of PVC rolling door commonly used at the factory's outbound port, and its main function is to open quickly.","robots":{"index":"index","follow":"follow","max-snippet":"max-snippet:-1","max-image-preview":"max-image-preview:large","max-video-preview":"max-video-preview:-1"},"canonical":"https:\/\/seppeschina.com\/es_pe\/product\/high-speed-bay-doors\/","og_locale":"es_ES","og_type":"article","og_title":"high speed bay doors for factory's outbound port - High speed door","og_description":"high speed bay doors is a type of PVC rolling door commonly used at the factory's outbound port, and its main function is to open quickly.","og_url":"https:\/\/seppeschina.com\/es_pe\/product\/high-speed-bay-doors\/","og_site_name":"High speed door","article_publisher":"https:\/\/www.facebook.com\/Seppesdoor-101420388136000\/","article_modified_time":"2023-04-20T06:54:51+00:00","og_image":[{"width":750,"height":750,"url":"https:\/\/seppeschina.com\/wp-content\/uploads\/2021\/07\/red-fast-door-1.jpg","type":"image\/jpeg"}],"twitter_card":"summary_large_image","twitter_site":"@Stella93161069","twitter_misc":{"Est. reading time":"3 minutos"},"schema":{"@context":"https:\/\/schema.org","@graph":[{"@type":"WebPage","@id":"https:\/\/seppeschina.com\/product\/high-speed-bay-doors\/","url":"https:\/\/seppeschina.com\/product\/high-speed-bay-doors\/","name":"high speed bay doors for factory's outbound port - High speed door","isPartOf":{"@id":"https:\/\/seppeschina.com\/#website"},"primaryImageOfPage":{"@id":"https:\/\/seppeschina.com\/product\/high-speed-bay-doors\/#primaryimage"},"image":{"@id":"https:\/\/seppeschina.com\/product\/high-speed-bay-doors\/#primaryimage"},"thumbnailUrl":"https:\/\/seppeschina.com\/wp-content\/uploads\/2021\/07\/red-fast-door-1.jpg","datePublished":"2021-07-24T09:05:33+00:00","dateModified":"2023-04-20T06:54:51+00:00","description":"high speed bay doors is a type of PVC rolling door commonly used at the factory's outbound port, and its main function is to open quickly.","breadcrumb":{"@id":"https:\/\/seppeschina.com\/product\/high-speed-bay-doors\/#breadcrumb"},"inLanguage":"es-PE","potentialAction":[{"@type":"ReadAction","target":["https:\/\/seppeschina.com\/product\/high-speed-bay-doors\/"]}]},{"@type":"ImageObject","inLanguage":"es-PE","@id":"https:\/\/seppeschina.com\/product\/high-speed-bay-doors\/#primaryimage","url":"https:\/\/seppeschina.com\/wp-content\/uploads\/2021\/07\/red-fast-door-1.jpg","contentUrl":"https:\/\/seppeschina.com\/wp-content\/uploads\/2021\/07\/red-fast-door-1.jpg","width":750,"height":750},{"@type":"BreadcrumbList","@id":"https:\/\/seppeschina.com\/product\/high-speed-bay-doors\/#breadcrumb","itemListElement":[{"@type":"ListItem","position":1,"name":"Home","item":"https:\/\/seppeschina.com\/"},{"@type":"ListItem","position":2,"name":"Shop","item":"https:\/\/seppeschina.com\/shop\/"},{"@type":"ListItem","position":3,"name":"high speed bay doors for factory&#8217;s outbound port"}]},{"@type":"WebSite","@id":"https:\/\/seppeschina.com\/#website","url":"https:\/\/seppeschina.com\/","name":"SEPPES Door Industry","description":"China&#039;s Leading High Speed Door Manufacturer","potentialAction":[{"@type":"SearchAction","target":{"@type":"EntryPoint","urlTemplate":"https:\/\/seppeschina.com\/?s={search_term_string}"},"query-input":{"@type":"PropertyValueSpecification","valueRequired":true,"valueName":"search_term_string"}}],"inLanguage":"es-PE"}]}},"_links":{"self":[{"href":"https:\/\/seppeschina.com\/es_pe\/wp-json\/wp\/v2\/product\/12535","targetHints":{"allow":["GET"]}}],"collection":[{"href":"https:\/\/seppeschina.com\/es_pe\/wp-json\/wp\/v2\/product"}],"about":[{"href":"https:\/\/seppeschina.com\/es_pe\/wp-json\/wp\/v2\/types\/product"}],"replies":[{"embeddable":true,"href":"https:\/\/seppeschina.com\/es_pe\/wp-json\/wp\/v2\/comments?post=12535"}],"wp:featuredmedia":[{"embeddable":true,"href":"https:\/\/seppeschina.com\/es_pe\/wp-json\/wp\/v2\/media\/12536"}],"wp:attachment":[{"href":"https:\/\/seppeschina.com\/es_pe\/wp-json\/wp\/v2\/media?parent=12535"}],"wp:term":[{"taxonomy":"product_brand","embeddable":true,"href":"https:\/\/seppeschina.com\/es_pe\/wp-json\/wp\/v2\/product_brand?post=12535"},{"taxonomy":"product_cat","embeddable":true,"href":"https:\/\/seppeschina.com\/es_pe\/wp-json\/wp\/v2\/product_cat?post=12535"},{"taxonomy":"product_tag","embeddable":true,"href":"https:\/\/seppeschina.com\/es_pe\/wp-json\/wp\/v2\/product_tag?post=12535"}],"curies":[{"name":"wp","href":"https:\/\/api.w.org\/{rel}","templated":true}]}}