{"id":13044,"date":"2022-01-14T14:17:34","date_gmt":"2022-01-14T06:17:34","guid":{"rendered":"https:\/\/seppeschina.com\/?post_type=product&#038;p=13044"},"modified":"2022-05-25T19:59:03","modified_gmt":"2022-05-25T11:59:03","slug":"sectional-overhead-door","status":"publish","type":"product","link":"https:\/\/seppeschina.com\/es_pe\/product\/sectional-overhead-door\/","title":{"rendered":"Puerta basculante seccional"},"content":{"rendered":"<p>&nbsp;<\/p>\n<figure id=\"attachment_13046\" aria-describedby=\"caption-attachment-13046\" style=\"width: 750px\" class=\"wp-caption aligncenter\"><img loading=\"lazy\" decoding=\"async\" class=\"size-full wp-image-13046\" src=\"https:\/\/seppeschina.com\/wp-content\/uploads\/2022\/01\/2.jpg\" alt=\"\" width=\"750\" height=\"703\" srcset=\"https:\/\/seppeschina.com\/wp-content\/uploads\/2022\/01\/2.jpg 750w, https:\/\/seppeschina.com\/wp-content\/uploads\/2022\/01\/2-360x337.jpg 360w, https:\/\/seppeschina.com\/wp-content\/uploads\/2022\/01\/2-600x562.jpg 600w, https:\/\/seppeschina.com\/wp-content\/uploads\/2022\/01\/2-300x281.jpg 300w, https:\/\/seppeschina.com\/wp-content\/uploads\/2022\/01\/2-550x516.jpg 550w\" sizes=\"auto, (max-width: 750px) 100vw, 750px\" \/><figcaption id=\"caption-attachment-13046\" class=\"wp-caption-text\">Puerta basculante seccional<\/figcaption><\/figure>\n<h3 style=\"text-align: left;\"><strong>Descripci\u00f3n<\/strong><\/h3>\n<p>La industria <a href=\"https:\/\/seppeschina.com\/es_pe\/product-category\/sectional-door\/\"><strong>Puerta basculante seccional<\/strong><\/a> adopta materiales de alta calidad y tiene un buen efecto de conservaci\u00f3n del calor. El cuerpo de la puerta est\u00e1 hecho de chapa de acero galvanizado de doble capa, con relieve, relleno de materiales ign\u00edfugos y aislantes del calor en el centro. Tiene las caracter\u00edsticas de alta resistencia, robustez y buen aislamiento t\u00e9rmico y ac\u00fastico. La superficie est\u00e1 rociada con pl\u00e1stico para evitar eficazmente la corrosi\u00f3n. En segundo lugar, tiene un rendimiento antirrobo fiable, y est\u00e1 equipado con un dispositivo anti-pirater\u00eda, que puede proteger eficazmente su propiedad.<\/p>\n<figure id=\"attachment_13048\" aria-describedby=\"caption-attachment-13048\" style=\"width: 750px\" class=\"wp-caption aligncenter\"><img loading=\"lazy\" decoding=\"async\" class=\"size-full wp-image-13048\" src=\"https:\/\/seppeschina.com\/wp-content\/uploads\/2022\/01\/2-1.jpg\" alt=\"\" width=\"750\" height=\"766\" srcset=\"https:\/\/seppeschina.com\/wp-content\/uploads\/2022\/01\/2-1.jpg 750w, https:\/\/seppeschina.com\/wp-content\/uploads\/2022\/01\/2-1-360x368.jpg 360w, https:\/\/seppeschina.com\/wp-content\/uploads\/2022\/01\/2-1-600x613.jpg 600w, https:\/\/seppeschina.com\/wp-content\/uploads\/2022\/01\/2-1-294x300.jpg 294w, https:\/\/seppeschina.com\/wp-content\/uploads\/2022\/01\/2-1-24x24.jpg 24w, https:\/\/seppeschina.com\/wp-content\/uploads\/2022\/01\/2-1-48x48.jpg 48w, https:\/\/seppeschina.com\/wp-content\/uploads\/2022\/01\/2-1-50x50.jpg 50w, https:\/\/seppeschina.com\/wp-content\/uploads\/2022\/01\/2-1-539x550.jpg 539w\" sizes=\"auto, (max-width: 750px) 100vw, 750px\" \/><figcaption id=\"caption-attachment-13048\" class=\"wp-caption-text\">Caracter\u00edsticas de las puertas basculantes seccionales<\/figcaption><\/figure>\n<h3 style=\"text-align: left;\">Casos de proyectos<\/h3>\n<figure id=\"attachment_13049\" aria-describedby=\"caption-attachment-13049\" style=\"width: 750px\" class=\"wp-caption aligncenter\"><img loading=\"lazy\" decoding=\"async\" class=\"size-full wp-image-13049\" src=\"https:\/\/seppeschina.com\/wp-content\/uploads\/2022\/01\/3.jpg\" alt=\"\" width=\"750\" height=\"772\" srcset=\"https:\/\/seppeschina.com\/wp-content\/uploads\/2022\/01\/3.jpg 750w, https:\/\/seppeschina.com\/wp-content\/uploads\/2022\/01\/3-360x371.jpg 360w, https:\/\/seppeschina.com\/wp-content\/uploads\/2022\/01\/3-600x618.jpg 600w, https:\/\/seppeschina.com\/wp-content\/uploads\/2022\/01\/3-291x300.jpg 291w, https:\/\/seppeschina.com\/wp-content\/uploads\/2022\/01\/3-24x24.jpg 24w, https:\/\/seppeschina.com\/wp-content\/uploads\/2022\/01\/3-48x48.jpg 48w, https:\/\/seppeschina.com\/wp-content\/uploads\/2022\/01\/3-50x50.jpg 50w, https:\/\/seppeschina.com\/wp-content\/uploads\/2022\/01\/3-534x550.jpg 534w\" sizes=\"auto, (max-width: 750px) 100vw, 750px\" \/><figcaption id=\"caption-attachment-13049\" class=\"wp-caption-text\">Puerta basculante seccional<br \/>Casos de proyectos<\/figcaption><\/figure>\n<h3 style=\"text-align: left;\"><strong>Caracter\u00edsticas<\/strong><\/h3>\n<p><img loading=\"lazy\" decoding=\"async\" class=\"aligncenter size-full wp-image-12080\" src=\"https:\/\/seppeschina.com\/wp-content\/uploads\/2021\/01\/\u900f\u660e\u63d0\u5347\u95e8_04.jpg\" alt=\"\" width=\"600\" height=\"348\" srcset=\"https:\/\/seppeschina.com\/wp-content\/uploads\/2021\/01\/\u900f\u660e\u63d0\u5347\u95e8_04.jpg 600w, https:\/\/seppeschina.com\/wp-content\/uploads\/2021\/01\/\u900f\u660e\u63d0\u5347\u95e8_04-360x209.jpg 360w, https:\/\/seppeschina.com\/wp-content\/uploads\/2021\/01\/\u900f\u660e\u63d0\u5347\u95e8_04-300x174.jpg 300w, https:\/\/seppeschina.com\/wp-content\/uploads\/2021\/01\/\u900f\u660e\u63d0\u5347\u95e8_04-550x319.jpg 550w\" sizes=\"auto, (max-width: 600px) 100vw, 600px\" \/><\/p>\n<h3 style=\"text-align: left;\"><strong><b>Detalles<\/b><\/strong><\/h3>\n<p><img loading=\"lazy\" decoding=\"async\" class=\"aligncenter size-full wp-image-12081\" src=\"https:\/\/seppeschina.com\/wp-content\/uploads\/2021\/01\/\u900f\u660e\u63d0\u5347\u95e8_03.jpg\" alt=\"\" width=\"600\" height=\"634\" srcset=\"https:\/\/seppeschina.com\/wp-content\/uploads\/2021\/01\/\u900f\u660e\u63d0\u5347\u95e8_03.jpg 600w, https:\/\/seppeschina.com\/wp-content\/uploads\/2021\/01\/\u900f\u660e\u63d0\u5347\u95e8_03-360x380.jpg 360w, https:\/\/seppeschina.com\/wp-content\/uploads\/2021\/01\/\u900f\u660e\u63d0\u5347\u95e8_03-284x300.jpg 284w, https:\/\/seppeschina.com\/wp-content\/uploads\/2021\/01\/\u900f\u660e\u63d0\u5347\u95e8_03-24x24.jpg 24w, https:\/\/seppeschina.com\/wp-content\/uploads\/2021\/01\/\u900f\u660e\u63d0\u5347\u95e8_03-521x550.jpg 521w\" sizes=\"auto, (max-width: 600px) 100vw, 600px\" \/><\/p>\n<h3 style=\"text-align: left;\">Ventajas<\/h3>\n<h3><span style=\"color: #3366ff;\"><strong><img loading=\"lazy\" decoding=\"async\" class=\"aligncenter size-full wp-image-13051\" src=\"https:\/\/seppeschina.com\/wp-content\/uploads\/2022\/01\/5.jpg\" alt=\"\" width=\"750\" height=\"825\" srcset=\"https:\/\/seppeschina.com\/wp-content\/uploads\/2022\/01\/5.jpg 750w, https:\/\/seppeschina.com\/wp-content\/uploads\/2022\/01\/5-360x396.jpg 360w, https:\/\/seppeschina.com\/wp-content\/uploads\/2022\/01\/5-600x660.jpg 600w, https:\/\/seppeschina.com\/wp-content\/uploads\/2022\/01\/5-273x300.jpg 273w, https:\/\/seppeschina.com\/wp-content\/uploads\/2022\/01\/5-500x550.jpg 500w\" sizes=\"auto, (max-width: 750px) 100vw, 750px\" \/><\/strong><\/span><\/h3>\n<h3>Certificado<\/h3>\n<p><img loading=\"lazy\" decoding=\"async\" class=\"aligncenter size-full wp-image-13052\" src=\"https:\/\/seppeschina.com\/wp-content\/uploads\/2022\/01\/7.jpg\" alt=\"\" width=\"750\" height=\"1527\" srcset=\"https:\/\/seppeschina.com\/wp-content\/uploads\/2022\/01\/7.jpg 750w, https:\/\/seppeschina.com\/wp-content\/uploads\/2022\/01\/7-360x733.jpg 360w, https:\/\/seppeschina.com\/wp-content\/uploads\/2022\/01\/7-600x1222.jpg 600w, https:\/\/seppeschina.com\/wp-content\/uploads\/2022\/01\/7-147x300.jpg 147w, https:\/\/seppeschina.com\/wp-content\/uploads\/2022\/01\/7-503x1024.jpg 503w, https:\/\/seppeschina.com\/wp-content\/uploads\/2022\/01\/7-270x550.jpg 270w\" sizes=\"auto, (max-width: 750px) 100vw, 750px\" \/><\/p>\n<h3>Exposici\u00f3n en f\u00e1brica<\/h3>\n<p><img loading=\"lazy\" decoding=\"async\" class=\"aligncenter size-full wp-image-13054\" src=\"https:\/\/seppeschina.com\/wp-content\/uploads\/2022\/01\/\u5ba2\u6237\u597d\u8bc41.jpg\" alt=\"\" width=\"750\" height=\"728\" srcset=\"https:\/\/seppeschina.com\/wp-content\/uploads\/2022\/01\/\u5ba2\u6237\u597d\u8bc41.jpg 750w, https:\/\/seppeschina.com\/wp-content\/uploads\/2022\/01\/\u5ba2\u6237\u597d\u8bc41-360x349.jpg 360w, https:\/\/seppeschina.com\/wp-content\/uploads\/2022\/01\/\u5ba2\u6237\u597d\u8bc41-600x582.jpg 600w, https:\/\/seppeschina.com\/wp-content\/uploads\/2022\/01\/\u5ba2\u6237\u597d\u8bc41-300x291.jpg 300w, https:\/\/seppeschina.com\/wp-content\/uploads\/2022\/01\/\u5ba2\u6237\u597d\u8bc41-24x24.jpg 24w, https:\/\/seppeschina.com\/wp-content\/uploads\/2022\/01\/\u5ba2\u6237\u597d\u8bc41-48x48.jpg 48w, https:\/\/seppeschina.com\/wp-content\/uploads\/2022\/01\/\u5ba2\u6237\u597d\u8bc41-50x50.jpg 50w, https:\/\/seppeschina.com\/wp-content\/uploads\/2022\/01\/\u5ba2\u6237\u597d\u8bc41-550x534.jpg 550w\" sizes=\"auto, (max-width: 750px) 100vw, 750px\" \/><\/p>\n<h3>Clientes<\/h3>\n<p>Esta es una foto de clientes espa\u00f1oles, australianos, brasile\u00f1os, chilenos, etc. que visitaron nuestra empresa.<\/p>\n<p><img loading=\"lazy\" decoding=\"async\" class=\"aligncenter size-full wp-image-11605\" src=\"https:\/\/seppeschina.com\/wp-content\/uploads\/2021\/03\/seppes-door7.gif\" alt=\"\" width=\"600\" height=\"338\" \/><\/p>\n<p><img loading=\"lazy\" decoding=\"async\" class=\"aligncenter size-full wp-image-13050\" src=\"https:\/\/seppeschina.com\/wp-content\/uploads\/2022\/01\/\u4eba\u7269\u597d\u8bc4.jpg\" alt=\"\" width=\"750\" height=\"575\" srcset=\"https:\/\/seppeschina.com\/wp-content\/uploads\/2022\/01\/\u4eba\u7269\u597d\u8bc4.jpg 750w, https:\/\/seppeschina.com\/wp-content\/uploads\/2022\/01\/\u4eba\u7269\u597d\u8bc4-360x276.jpg 360w, https:\/\/seppeschina.com\/wp-content\/uploads\/2022\/01\/\u4eba\u7269\u597d\u8bc4-600x460.jpg 600w, https:\/\/seppeschina.com\/wp-content\/uploads\/2022\/01\/\u4eba\u7269\u597d\u8bc4-300x230.jpg 300w, https:\/\/seppeschina.com\/wp-content\/uploads\/2022\/01\/\u4eba\u7269\u597d\u8bc4-550x422.jpg 550w\" sizes=\"auto, (max-width: 750px) 100vw, 750px\" \/><\/p>\n<h3>Nuestros socios<\/h3>\n<p>M\u00e1s de 60 empresas de Fortune 500 de\u00a0<a href=\"http:\/\/global.geely.com\/\">Geely<\/a>Procter &amp; Gamble, Huawei, Bosch y Pfizer nos han elegido.<\/p>\n<h3><img loading=\"lazy\" decoding=\"async\" class=\"aligncenter size-full wp-image-13053\" src=\"https:\/\/seppeschina.com\/wp-content\/uploads\/2022\/01\/9.jpg\" alt=\"\" width=\"750\" height=\"754\" srcset=\"https:\/\/seppeschina.com\/wp-content\/uploads\/2022\/01\/9.jpg 750w, https:\/\/seppeschina.com\/wp-content\/uploads\/2022\/01\/9-360x362.jpg 360w, https:\/\/seppeschina.com\/wp-content\/uploads\/2022\/01\/9-100x100.jpg 100w, https:\/\/seppeschina.com\/wp-content\/uploads\/2022\/01\/9-600x603.jpg 600w, https:\/\/seppeschina.com\/wp-content\/uploads\/2022\/01\/9-298x300.jpg 298w, https:\/\/seppeschina.com\/wp-content\/uploads\/2022\/01\/9-150x150.jpg 150w, https:\/\/seppeschina.com\/wp-content\/uploads\/2022\/01\/9-24x24.jpg 24w, https:\/\/seppeschina.com\/wp-content\/uploads\/2022\/01\/9-48x48.jpg 48w, https:\/\/seppeschina.com\/wp-content\/uploads\/2022\/01\/9-96x96.jpg 96w, https:\/\/seppeschina.com\/wp-content\/uploads\/2022\/01\/9-50x50.jpg 50w, https:\/\/seppeschina.com\/wp-content\/uploads\/2022\/01\/9-110x110.jpg 110w, https:\/\/seppeschina.com\/wp-content\/uploads\/2022\/01\/9-275x275.jpg 275w, https:\/\/seppeschina.com\/wp-content\/uploads\/2022\/01\/9-547x550.jpg 547w\" sizes=\"auto, (max-width: 750px) 100vw, 750px\" \/><\/h3>\n<p>&nbsp;<\/p>\n<h3>Entrega y embalaje<\/h3>\n<p>Nuestro m\u00e9todo de embalaje es en caja de madera, y los m\u00e9todos de transporte incluyen expreso, a\u00e9reo y mar\u00edtimo.<\/p>\n<p><img loading=\"lazy\" decoding=\"async\" class=\"aligncenter wp-image-9880\" src=\"https:\/\/seppeschina.com\/wp-content\/uploads\/2019\/04\/shipping.jpg\" sizes=\"auto, (max-width: 600px) 100vw, 600px\" srcset=\"https:\/\/seppeschina.com\/wp-content\/uploads\/2019\/04\/shipping.jpg 750w, https:\/\/seppeschina.com\/wp-content\/uploads\/2019\/04\/shipping-150x150.jpg 150w, https:\/\/seppeschina.com\/wp-content\/uploads\/2019\/04\/shipping-300x300.jpg 300w, https:\/\/seppeschina.com\/wp-content\/uploads\/2019\/04\/shipping-360x360.jpg 360w, https:\/\/seppeschina.com\/wp-content\/uploads\/2019\/04\/shipping-600x600.jpg 600w, https:\/\/seppeschina.com\/wp-content\/uploads\/2019\/04\/shipping-100x100.jpg 100w, https:\/\/seppeschina.com\/wp-content\/uploads\/2019\/04\/shipping-24x24.jpg 24w, https:\/\/seppeschina.com\/wp-content\/uploads\/2019\/04\/shipping-48x48.jpg 48w, https:\/\/seppeschina.com\/wp-content\/uploads\/2019\/04\/shipping-96x96.jpg 96w, https:\/\/seppeschina.com\/wp-content\/uploads\/2019\/04\/shipping-364x364.jpg 364w, https:\/\/seppeschina.com\/wp-content\/uploads\/2019\/04\/shipping-50x50.jpg 50w, https:\/\/seppeschina.com\/wp-content\/uploads\/2019\/04\/shipping-110x110.jpg 110w, https:\/\/seppeschina.com\/wp-content\/uploads\/2019\/04\/shipping-275x275.jpg 275w, https:\/\/seppeschina.com\/wp-content\/uploads\/2019\/04\/shipping-480x480.jpg 480w, https:\/\/seppeschina.com\/wp-content\/uploads\/2019\/04\/shipping-550x550.jpg 550w\" alt=\"\" width=\"600\" height=\"600\" \/><\/p>\n<h3>PREGUNTAS FRECUENTES<\/h3>\n<p><b><span style=\"color: #ff0000;\" data-spm-anchor-id=\"a2700.custom-template.0.i21.648233334W1G2v\">1. P: \u00bfCu\u00e1l es el motor de la puerta seccional industrial?<\/span><\/b><\/p>\n<p>A: MOTOR AC, 0,45-0,65 Kw, 220V, 50Hz.<\/p>\n<p><b><span style=\"color: #ff0000;\" data-spm-anchor-id=\"a2700.custom-template.0.i25.648233334W1G2v\">2. P: \u00bfDe qu\u00e9 material es su panel seccional industrial?<\/span><\/b><\/p>\n<p>A: Aleaci\u00f3n de aluminio \/ acero pintado con material de aislamiento t\u00e9rmico de 40 mm.<\/p>\n<p><b><span style=\"color: #ff0000;\" data-spm-anchor-id=\"a2700.custom-template.0.i27.648233334W1G2v\">3. P: \u00bfEn qu\u00e9 tipo de lugares se puede utilizar la puerta seccional de garaje?<\/span><\/b><\/p>\n<p>R: Puertas de f\u00e1bricas, garajes, log\u00edstica y otras industrias.<\/p>\n<p><b data-spm-anchor-id=\"a2700.custom-template.0.i170.64823333f5s6Dh\"><span style=\"color: #fe0000;\" data-spm-anchor-id=\"a2700.custom-template.0.i1.648233334W1G2v\">4. P: \u00bfSe puede personalizar la puerta seccional industrial con la puerta peque\u00f1a?<\/span><\/b><\/p>\n<p>R: S\u00ed, las puertas y ventanas peque\u00f1as pueden personalizarse.<\/p>\n<p><span style=\"color: #ff0000;\"><b data-spm-anchor-id=\"a2700.custom-template.0.i31.648233334W1G2v\">5. P: \u00bfDurante cu\u00e1nto tiempo se puede utilizar la puerta seccional de garaje?<\/b><\/span><\/p>\n<p>R: La vida \u00fatil es de unas 30.000 veces.<\/p>\n<p><b><span style=\"color: #ff0000;\" data-spm-anchor-id=\"a2700.custom-template.0.i33.648233334W1G2v\">6. P: \u00bfEs la puerta seccional industrial a prueba de incendios?<\/span><\/b><\/p>\n<p>A: Clase B2 ,Se extingue autom\u00e1ticamente en 10 segundos tras abandonar el foco del incendio.<\/p>\n\n<div class=\"wpcf7 no-js\" id=\"wpcf7-f1555-o1\" lang=\"en-US\" dir=\"ltr\" data-wpcf7-id=\"1555\">\n<div class=\"screen-reader-response\"><p role=\"status\" aria-live=\"polite\" aria-atomic=\"true\"><\/p> <ul><\/ul><\/div>\n<form action=\"\/es_pe\/wp-json\/wp\/v2\/product\/13044#wpcf7-f1555-o1\" method=\"post\" class=\"wpcf7-form init\" aria-label=\"Contact form\" novalidate=\"novalidate\" data-status=\"init\" data-trp-original-action=\"\/es_pe\/wp-json\/wp\/v2\/product\/13044#wpcf7-f1555-o1\">\n<fieldset class=\"hidden-fields-container\"><input type=\"hidden\" name=\"_wpcf7\" value=\"1555\" \/><input type=\"hidden\" name=\"_wpcf7_version\" value=\"6.1.4\" \/><input type=\"hidden\" name=\"_wpcf7_locale\" value=\"en_US\" \/><input type=\"hidden\" name=\"_wpcf7_unit_tag\" value=\"wpcf7-f1555-o1\" \/><input type=\"hidden\" name=\"_wpcf7_container_post\" value=\"0\" \/><input type=\"hidden\" name=\"_wpcf7_posted_data_hash\" value=\"\" \/><input type=\"hidden\" name=\"_wpcf7_recaptcha_response\" value=\"\" \/>\n<\/fieldset>\n<div class=\"hunkcf71\">\n\t<p class=\"cf7-title\" style=\"font-size:25px;\"><i class=\"fa fa-envelope-o\"><\/i> En breve responderemos a su correo electr\u00f3nico.\n\t<\/p>\n\t<p><span class=\"wpcf7-form-control-wrap\" data-name=\"text-737\"><input size=\"40\" maxlength=\"400\" class=\"wpcf7-form-control wpcf7-text wpcf7-validates-as-required\" aria-required=\"true\" aria-invalid=\"false\" placeholder=\"Su nombre*\" value=\"\" type=\"text\" name=\"text-737\" \/><\/span>\n\t<\/p>\n\t<p><span class=\"wpcf7-form-control-wrap\" data-name=\"email-193\"><input size=\"40\" maxlength=\"400\" class=\"wpcf7-form-control wpcf7-email wpcf7-validates-as-required wpcf7-text wpcf7-validates-as-email\" aria-required=\"true\" aria-invalid=\"false\" placeholder=\"Direcci\u00f3n de correo electr\u00f3nico\" value=\"\" type=\"email\" name=\"email-193\" \/><\/span>\n\t<\/p>\n\t<p><span class=\"wpcf7-form-control-wrap\" data-name=\"text-738\"><input size=\"40\" maxlength=\"400\" class=\"wpcf7-form-control wpcf7-text\" aria-invalid=\"false\" placeholder=\"N\u00famero de tel\u00e9fono\" value=\"\" type=\"text\" name=\"text-738\" \/><\/span>\n\t<\/p>\n\t<p><span class=\"wpcf7-form-control-wrap\" data-name=\"textarea-837\"><textarea cols=\"40\" rows=\"10\" maxlength=\"2000\" class=\"wpcf7-form-control wpcf7-textarea wpcf7-validates-as-required\" aria-required=\"true\" aria-invalid=\"false\" placeholder=\"Ind\u00edquenos su necesidad de la forma m\u00e1s concreta posible*.\" name=\"textarea-837\"><\/textarea><\/span>\n\t<\/p>\n\t<p><input class=\"wpcf7-form-control wpcf7-submit has-spinner\" type=\"submit\" value=\"Enviar\" \/>\n\t<\/p>\n<\/div><div class=\"wpcf7-response-output\" aria-hidden=\"true\"><\/div>\n<input type=\"hidden\" name=\"trp-form-language\" value=\"es_pe\"\/><\/form>\n<\/div>","protected":false},"excerpt":{"rendered":"<p>SEPPES Sectional Overhead Door has heat preservation, anti-theft, and windproof performance. It is used for the factory gate and has a clean appearance and comfortable use. This product is popular with many customers.<\/p>\n[video width=\"1280\" height=\"720\" mp4=\"https:\/\/seppeschina.com\/wp-content\/uploads\/2021\/01\/\u63d0\u5347\u95e810\u79d2.mp4\"][\/video]","protected":false},"featured_media":13047,"comment_status":"open","ping_status":"closed","template":"","meta":[],"product_brand":[],"product_cat":[254],"product_tag":[],"class_list":{"0":"post-13044","1":"product","2":"type-product","3":"status-publish","4":"has-post-thumbnail","6":"product_cat-sectional-door","9":"first","10":"instock","11":"shipping-taxable","12":"product-type-simple"},"yoast_head":"<!-- This site is optimized with the Yoast SEO plugin v25.3 - https:\/\/yoast.com\/wordpress\/plugins\/seo\/ -->\n<title>Sectional Overhead Door - High speed door<\/title>\n<meta name=\"description\" content=\"The Sectional Overhead Door body is made of double-layer galvanized steel plate, filled with fire-proof and heat-insulating materials.\" \/>\n<meta name=\"robots\" content=\"index, follow, max-snippet:-1, max-image-preview:large, max-video-preview:-1\" \/>\n<link rel=\"canonical\" href=\"https:\/\/seppeschina.com\/es_pe\/product\/sectional-overhead-door\/\" \/>\n<meta property=\"og:locale\" content=\"es_ES\" \/>\n<meta property=\"og:type\" content=\"article\" \/>\n<meta property=\"og:title\" content=\"Sectional Overhead Door - High speed door\" \/>\n<meta property=\"og:description\" content=\"The Sectional Overhead Door body is made of double-layer galvanized steel plate, filled with fire-proof and heat-insulating materials.\" \/>\n<meta property=\"og:url\" content=\"https:\/\/seppeschina.com\/es_pe\/product\/sectional-overhead-door\/\" \/>\n<meta property=\"og:site_name\" content=\"High speed door\" \/>\n<meta property=\"article:publisher\" content=\"https:\/\/www.facebook.com\/Seppesdoor-101420388136000\/\" \/>\n<meta property=\"article:modified_time\" content=\"2022-05-25T11:59:03+00:00\" \/>\n<meta property=\"og:image\" content=\"https:\/\/seppeschina.com\/wp-content\/uploads\/2022\/01\/24.jpg\" \/>\n\t<meta property=\"og:image:width\" content=\"750\" \/>\n\t<meta property=\"og:image:height\" content=\"750\" \/>\n\t<meta property=\"og:image:type\" content=\"image\/jpeg\" \/>\n<meta name=\"twitter:card\" content=\"summary_large_image\" \/>\n<meta name=\"twitter:site\" content=\"@Stella93161069\" \/>\n<meta name=\"twitter:label1\" content=\"Est. reading time\" \/>\n\t<meta name=\"twitter:data1\" content=\"4 minutos\" \/>\n<script type=\"application\/ld+json\" class=\"yoast-schema-graph\">{\"@context\":\"https:\/\/schema.org\",\"@graph\":[{\"@type\":\"WebPage\",\"@id\":\"https:\/\/seppeschina.com\/product\/sectional-overhead-door\/\",\"url\":\"https:\/\/seppeschina.com\/product\/sectional-overhead-door\/\",\"name\":\"Sectional Overhead Door - High speed door\",\"isPartOf\":{\"@id\":\"https:\/\/seppeschina.com\/#website\"},\"primaryImageOfPage\":{\"@id\":\"https:\/\/seppeschina.com\/product\/sectional-overhead-door\/#primaryimage\"},\"image\":{\"@id\":\"https:\/\/seppeschina.com\/product\/sectional-overhead-door\/#primaryimage\"},\"thumbnailUrl\":\"https:\/\/seppeschina.com\/wp-content\/uploads\/2022\/01\/24.jpg\",\"datePublished\":\"2022-01-14T06:17:34+00:00\",\"dateModified\":\"2022-05-25T11:59:03+00:00\",\"description\":\"The Sectional Overhead Door body is made of double-layer galvanized steel plate, filled with fire-proof and heat-insulating materials.\",\"breadcrumb\":{\"@id\":\"https:\/\/seppeschina.com\/product\/sectional-overhead-door\/#breadcrumb\"},\"inLanguage\":\"es-PE\",\"potentialAction\":[{\"@type\":\"ReadAction\",\"target\":[\"https:\/\/seppeschina.com\/product\/sectional-overhead-door\/\"]}]},{\"@type\":\"ImageObject\",\"inLanguage\":\"es-PE\",\"@id\":\"https:\/\/seppeschina.com\/product\/sectional-overhead-door\/#primaryimage\",\"url\":\"https:\/\/seppeschina.com\/wp-content\/uploads\/2022\/01\/24.jpg\",\"contentUrl\":\"https:\/\/seppeschina.com\/wp-content\/uploads\/2022\/01\/24.jpg\",\"width\":750,\"height\":750,\"caption\":\"sectional overhead door\"},{\"@type\":\"BreadcrumbList\",\"@id\":\"https:\/\/seppeschina.com\/product\/sectional-overhead-door\/#breadcrumb\",\"itemListElement\":[{\"@type\":\"ListItem\",\"position\":1,\"name\":\"Home\",\"item\":\"https:\/\/seppeschina.com\/\"},{\"@type\":\"ListItem\",\"position\":2,\"name\":\"Shop\",\"item\":\"https:\/\/seppeschina.com\/shop\/\"},{\"@type\":\"ListItem\",\"position\":3,\"name\":\"Sectional Overhead Door\"}]},{\"@type\":\"WebSite\",\"@id\":\"https:\/\/seppeschina.com\/#website\",\"url\":\"https:\/\/seppeschina.com\/\",\"name\":\"SEPPES Door Industry\",\"description\":\"China&#039;s Leading High Speed Door Manufacturer\",\"potentialAction\":[{\"@type\":\"SearchAction\",\"target\":{\"@type\":\"EntryPoint\",\"urlTemplate\":\"https:\/\/seppeschina.com\/?s={search_term_string}\"},\"query-input\":{\"@type\":\"PropertyValueSpecification\",\"valueRequired\":true,\"valueName\":\"search_term_string\"}}],\"inLanguage\":\"es-PE\"}]}<\/script>\n<!-- \/ Yoast SEO plugin. -->","yoast_head_json":{"title":"Sectional Overhead Door - High speed door","description":"The Sectional Overhead Door body is made of double-layer galvanized steel plate, filled with fire-proof and heat-insulating materials.","robots":{"index":"index","follow":"follow","max-snippet":"max-snippet:-1","max-image-preview":"max-image-preview:large","max-video-preview":"max-video-preview:-1"},"canonical":"https:\/\/seppeschina.com\/es_pe\/product\/sectional-overhead-door\/","og_locale":"es_ES","og_type":"article","og_title":"Sectional Overhead Door - High speed door","og_description":"The Sectional Overhead Door body is made of double-layer galvanized steel plate, filled with fire-proof and heat-insulating materials.","og_url":"https:\/\/seppeschina.com\/es_pe\/product\/sectional-overhead-door\/","og_site_name":"High speed door","article_publisher":"https:\/\/www.facebook.com\/Seppesdoor-101420388136000\/","article_modified_time":"2022-05-25T11:59:03+00:00","og_image":[{"width":750,"height":750,"url":"https:\/\/seppeschina.com\/wp-content\/uploads\/2022\/01\/24.jpg","type":"image\/jpeg"}],"twitter_card":"summary_large_image","twitter_site":"@Stella93161069","twitter_misc":{"Est. reading time":"4 minutos"},"schema":{"@context":"https:\/\/schema.org","@graph":[{"@type":"WebPage","@id":"https:\/\/seppeschina.com\/product\/sectional-overhead-door\/","url":"https:\/\/seppeschina.com\/product\/sectional-overhead-door\/","name":"Sectional Overhead Door - High speed door","isPartOf":{"@id":"https:\/\/seppeschina.com\/#website"},"primaryImageOfPage":{"@id":"https:\/\/seppeschina.com\/product\/sectional-overhead-door\/#primaryimage"},"image":{"@id":"https:\/\/seppeschina.com\/product\/sectional-overhead-door\/#primaryimage"},"thumbnailUrl":"https:\/\/seppeschina.com\/wp-content\/uploads\/2022\/01\/24.jpg","datePublished":"2022-01-14T06:17:34+00:00","dateModified":"2022-05-25T11:59:03+00:00","description":"The Sectional Overhead Door body is made of double-layer galvanized steel plate, filled with fire-proof and heat-insulating materials.","breadcrumb":{"@id":"https:\/\/seppeschina.com\/product\/sectional-overhead-door\/#breadcrumb"},"inLanguage":"es-PE","potentialAction":[{"@type":"ReadAction","target":["https:\/\/seppeschina.com\/product\/sectional-overhead-door\/"]}]},{"@type":"ImageObject","inLanguage":"es-PE","@id":"https:\/\/seppeschina.com\/product\/sectional-overhead-door\/#primaryimage","url":"https:\/\/seppeschina.com\/wp-content\/uploads\/2022\/01\/24.jpg","contentUrl":"https:\/\/seppeschina.com\/wp-content\/uploads\/2022\/01\/24.jpg","width":750,"height":750,"caption":"sectional overhead door"},{"@type":"BreadcrumbList","@id":"https:\/\/seppeschina.com\/product\/sectional-overhead-door\/#breadcrumb","itemListElement":[{"@type":"ListItem","position":1,"name":"Home","item":"https:\/\/seppeschina.com\/"},{"@type":"ListItem","position":2,"name":"Shop","item":"https:\/\/seppeschina.com\/shop\/"},{"@type":"ListItem","position":3,"name":"Sectional Overhead Door"}]},{"@type":"WebSite","@id":"https:\/\/seppeschina.com\/#website","url":"https:\/\/seppeschina.com\/","name":"SEPPES Door Industry","description":"China&#039;s Leading High Speed Door Manufacturer","potentialAction":[{"@type":"SearchAction","target":{"@type":"EntryPoint","urlTemplate":"https:\/\/seppeschina.com\/?s={search_term_string}"},"query-input":{"@type":"PropertyValueSpecification","valueRequired":true,"valueName":"search_term_string"}}],"inLanguage":"es-PE"}]}},"_links":{"self":[{"href":"https:\/\/seppeschina.com\/es_pe\/wp-json\/wp\/v2\/product\/13044","targetHints":{"allow":["GET"]}}],"collection":[{"href":"https:\/\/seppeschina.com\/es_pe\/wp-json\/wp\/v2\/product"}],"about":[{"href":"https:\/\/seppeschina.com\/es_pe\/wp-json\/wp\/v2\/types\/product"}],"replies":[{"embeddable":true,"href":"https:\/\/seppeschina.com\/es_pe\/wp-json\/wp\/v2\/comments?post=13044"}],"wp:featuredmedia":[{"embeddable":true,"href":"https:\/\/seppeschina.com\/es_pe\/wp-json\/wp\/v2\/media\/13047"}],"wp:attachment":[{"href":"https:\/\/seppeschina.com\/es_pe\/wp-json\/wp\/v2\/media?parent=13044"}],"wp:term":[{"taxonomy":"product_brand","embeddable":true,"href":"https:\/\/seppeschina.com\/es_pe\/wp-json\/wp\/v2\/product_brand?post=13044"},{"taxonomy":"product_cat","embeddable":true,"href":"https:\/\/seppeschina.com\/es_pe\/wp-json\/wp\/v2\/product_cat?post=13044"},{"taxonomy":"product_tag","embeddable":true,"href":"https:\/\/seppeschina.com\/es_pe\/wp-json\/wp\/v2\/product_tag?post=13044"}],"curies":[{"name":"wp","href":"https:\/\/api.w.org\/{rel}","templated":true}]}}