{"id":8070,"date":"2021-04-14T10:00:21","date_gmt":"2021-04-14T02:00:21","guid":{"rendered":"https:\/\/seppeschina.com\/?post_type=product&#038;p=8070"},"modified":"2025-05-19T15:50:33","modified_gmt":"2025-05-19T07:50:33","slug":"seppes-industrial-transparent-lifting-door","status":"publish","type":"product","link":"https:\/\/seppeschina.com\/es_pe\/product\/seppes-industrial-transparent-lifting-door\/","title":{"rendered":"SEPPES Industrial Transparent Lifting Door"},"content":{"rendered":"<div class=\"wp-playlist wp-video-playlist wp-playlist-light\">\n\t\t<video controls=\"controls\" preload=\"none\" width=\"640\"\n\t\t height=\"368\"\t><\/video>\n\t<div class=\"wp-playlist-next\"><\/div>\n\t<div class=\"wp-playlist-prev\"><\/div>\n\t<noscript>\n\t<ol>\n\t\t<li><a href='https:\/\/seppeschina.com\/wp-content\/uploads\/2021\/04\/transparent-lifting-door.mp4'>transparent lifting door<\/a><\/li>\t<\/ol>\n\t<\/noscript>\n\t<script type=\"application\/json\" class=\"wp-playlist-script\">{\"type\":\"video\",\"tracklist\":true,\"tracknumbers\":true,\"images\":true,\"artists\":true,\"tracks\":[{\"src\":\"https:\/\/seppeschina.com\/wp-content\/uploads\/2021\/04\/transparent-lifting-door.mp4\",\"type\":\"video\/mp4\",\"title\":\"transparent lifting door\",\"caption\":\"\",\"description\":\"\",\"meta\":{\"length_formatted\":\"0:10\"},\"dimensions\":{\"original\":{\"width\":626,\"height\":360},\"resized\":{\"width\":640,\"height\":368}},\"image\":{\"src\":\"https:\/\/seppeschina.com\/wp-includes\/images\/media\/video.svg\",\"width\":48,\"height\":64},\"thumb\":{\"src\":\"https:\/\/seppeschina.com\/wp-includes\/images\/media\/video.svg\",\"width\":48,\"height\":64}}]}<\/script>\n<\/div>\n\t\n<h3><span style=\"color: #3366ff;\"><strong>Product Description<\/strong><\/span><\/h3>\n<ol>\n<li>The transparent lifting door body is composed of aluminum alloy frame profiles and Polycarbonate glass, which has high light transmittance, and its impact resistance is 100 times that of ordinary glass.<\/li>\n<li>The door frame is made of molded aluminum alloy profiles, which have been extremely oxidized and polished, and adopt the torsion spring balance system that is exactly the same as the industrial lift door, reaching about 30,000 working cycles.<\/li>\n<li>The hardware accessories, hinges and support rails are all made of high-quality galvanized steel, and have good sealing performance with four sides closed.<\/li>\n<\/ol>\n<p><img loading=\"lazy\" decoding=\"async\" class=\"aligncenter wp-image-11459\" src=\"https:\/\/seppeschina.com\/wp-content\/uploads\/2021\/03\/\u5fae\u4fe1\u56fe\u7247_20200523141619-1-scaled.jpg\" alt=\"\" width=\"600\" height=\"450\" srcset=\"https:\/\/seppeschina.com\/wp-content\/uploads\/2021\/03\/\u5fae\u4fe1\u56fe\u7247_20200523141619-1-scaled.jpg 2560w, https:\/\/seppeschina.com\/wp-content\/uploads\/2021\/03\/\u5fae\u4fe1\u56fe\u7247_20200523141619-1-360x270.jpg 360w, https:\/\/seppeschina.com\/wp-content\/uploads\/2021\/03\/\u5fae\u4fe1\u56fe\u7247_20200523141619-1-600x450.jpg 600w, https:\/\/seppeschina.com\/wp-content\/uploads\/2021\/03\/\u5fae\u4fe1\u56fe\u7247_20200523141619-1-300x225.jpg 300w, https:\/\/seppeschina.com\/wp-content\/uploads\/2021\/03\/\u5fae\u4fe1\u56fe\u7247_20200523141619-1-1024x768.jpg 1024w, https:\/\/seppeschina.com\/wp-content\/uploads\/2021\/03\/\u5fae\u4fe1\u56fe\u7247_20200523141619-1-768x576.jpg 768w, https:\/\/seppeschina.com\/wp-content\/uploads\/2021\/03\/\u5fae\u4fe1\u56fe\u7247_20200523141619-1-1536x1152.jpg 1536w, https:\/\/seppeschina.com\/wp-content\/uploads\/2021\/03\/\u5fae\u4fe1\u56fe\u7247_20200523141619-1-2048x1536.jpg 2048w, https:\/\/seppeschina.com\/wp-content\/uploads\/2021\/03\/\u5fae\u4fe1\u56fe\u7247_20200523141619-1-550x413.jpg 550w\" sizes=\"auto, (max-width: 600px) 100vw, 600px\" \/><\/p>\n<h3><strong><b>Im\u00e1genes detalladas<\/b><\/strong><\/h3>\n<p><img loading=\"lazy\" decoding=\"async\" class=\"aligncenter size-full wp-image-12080\" src=\"https:\/\/seppeschina.com\/wp-content\/uploads\/2021\/01\/%E9%80%8F%E6%98%8E%E6%8F%90%E5%8D%87%E9%97%A8_04.jpg\" sizes=\"auto, (max-width: 600px) 100vw, 600px\" srcset=\"https:\/\/seppeschina.com\/wp-content\/uploads\/2021\/01\/\u900f\u660e\u63d0\u5347\u95e8_04.jpg 600w, https:\/\/seppeschina.com\/wp-content\/uploads\/2021\/01\/\u900f\u660e\u63d0\u5347\u95e8_04-300x174.jpg 300w, https:\/\/seppeschina.com\/wp-content\/uploads\/2021\/01\/\u900f\u660e\u63d0\u5347\u95e8_04-360x209.jpg 360w, https:\/\/seppeschina.com\/wp-content\/uploads\/2021\/01\/\u900f\u660e\u63d0\u5347\u95e8_04-550x319.jpg 550w\" alt=\"\" width=\"600\" height=\"348\" \/><\/p>\n<p><img loading=\"lazy\" decoding=\"async\" class=\"aligncenter size-full wp-image-12081\" src=\"https:\/\/seppeschina.com\/wp-content\/uploads\/2021\/01\/%E9%80%8F%E6%98%8E%E6%8F%90%E5%8D%87%E9%97%A8_03.jpg\" sizes=\"auto, (max-width: 600px) 100vw, 600px\" srcset=\"https:\/\/seppeschina.com\/wp-content\/uploads\/2021\/01\/\u900f\u660e\u63d0\u5347\u95e8_03.jpg 600w, https:\/\/seppeschina.com\/wp-content\/uploads\/2021\/01\/\u900f\u660e\u63d0\u5347\u95e8_03-284x300.jpg 284w, https:\/\/seppeschina.com\/wp-content\/uploads\/2021\/01\/\u900f\u660e\u63d0\u5347\u95e8_03-360x380.jpg 360w, https:\/\/seppeschina.com\/wp-content\/uploads\/2021\/01\/\u900f\u660e\u63d0\u5347\u95e8_03-24x24.jpg 24w, https:\/\/seppeschina.com\/wp-content\/uploads\/2021\/01\/\u900f\u660e\u63d0\u5347\u95e8_03-521x550.jpg 521w\" alt=\"\" width=\"600\" height=\"634\" \/><\/p>\n<h3><strong>Installation Methods<\/strong><\/h3>\n<h3><strong><img loading=\"lazy\" decoding=\"async\" class=\"aligncenter wp-image-12082 size-full\" src=\"https:\/\/seppeschina.com\/wp-content\/uploads\/2021\/01\/%E9%80%8F%E6%98%8E%E6%8F%90%E5%8D%87%E9%97%A8_05.jpg\" sizes=\"auto, (max-width: 600px) 100vw, 600px\" srcset=\"https:\/\/seppeschina.com\/wp-content\/uploads\/2021\/01\/\u900f\u660e\u63d0\u5347\u95e8_05.jpg 600w, https:\/\/seppeschina.com\/wp-content\/uploads\/2021\/01\/\u900f\u660e\u63d0\u5347\u95e8_05-278x300.jpg 278w, https:\/\/seppeschina.com\/wp-content\/uploads\/2021\/01\/\u900f\u660e\u63d0\u5347\u95e8_05-360x388.jpg 360w, https:\/\/seppeschina.com\/wp-content\/uploads\/2021\/01\/\u900f\u660e\u63d0\u5347\u95e8_05-510x550.jpg 510w\" alt=\"\" width=\"600\" height=\"647\" \/><\/strong><\/h3>\n<h3>Productos relacionados<\/h3>\n<p><img loading=\"lazy\" decoding=\"async\" class=\"aligncenter wp-image-11610 size-full\" src=\"https:\/\/seppeschina.com\/wp-content\/uploads\/2021\/03\/seppes-door12.jpg\" sizes=\"auto, (max-width: 600px) 100vw, 600px\" srcset=\"https:\/\/seppeschina.com\/wp-content\/uploads\/2021\/03\/seppes-door12.jpg 600w, https:\/\/seppeschina.com\/wp-content\/uploads\/2021\/03\/seppes-door12-300x109.jpg 300w, https:\/\/seppeschina.com\/wp-content\/uploads\/2021\/03\/seppes-door12-360x130.jpg 360w, https:\/\/seppeschina.com\/wp-content\/uploads\/2021\/03\/seppes-door12-550x199.jpg 550w\" alt=\"\" width=\"600\" height=\"217\" \/><\/p>\n<h3>\u00bfQui\u00e9nes somos?<\/h3>\n<p><strong>Seppes Door Industry (Suzhou) Co., Ltd.<\/strong>\u00a0se fund\u00f3 en 2011 y es una empresa de fabricaci\u00f3n y comercio con 9 a\u00f1os de experiencia. Nuestros principales productos son puertas de alta velocidad, puertas enrollables r\u00e1pidas, puertas enrollables autom\u00e1ticas, puertas combinadas, etc.<\/p>\n<p><img loading=\"lazy\" decoding=\"async\" class=\"aligncenter size-full wp-image-11606\" src=\"https:\/\/seppeschina.com\/wp-content\/uploads\/2021\/03\/seppes-door8.gif\" alt=\"\" width=\"600\" height=\"502\" \/><\/p>\n<h3>Exposici\u00f3n en f\u00e1brica<\/h3>\n<p><img loading=\"lazy\" decoding=\"async\" class=\"aligncenter size-full wp-image-11604\" src=\"https:\/\/seppeschina.com\/wp-content\/uploads\/2021\/03\/seppes-door6.gif\" alt=\"\" width=\"600\" height=\"358\" \/><\/p>\n<h3>Exposici\u00f3n<\/h3>\n<p>Esta es una foto de clientes espa\u00f1oles, australianos, brasile\u00f1os, chilenos, etc. que visitaron nuestra empresa.<\/p>\n<p><img loading=\"lazy\" decoding=\"async\" class=\"aligncenter size-full wp-image-11605\" src=\"https:\/\/seppeschina.com\/wp-content\/uploads\/2021\/03\/seppes-door7.gif\" alt=\"\" width=\"600\" height=\"338\" \/><\/p>\n<h3>Ventajas<\/h3>\n<p>&nbsp;<\/p>\n<h3><strong><img loading=\"lazy\" decoding=\"async\" class=\"aligncenter size-full wp-image-12083\" src=\"https:\/\/seppeschina.com\/wp-content\/uploads\/2021\/01\/%E9%80%8F%E6%98%8E%E6%8F%90%E5%8D%87%E9%97%A8_02.jpg\" sizes=\"auto, (max-width: 600px) 100vw, 600px\" srcset=\"https:\/\/seppeschina.com\/wp-content\/uploads\/2021\/01\/\u900f\u660e\u63d0\u5347\u95e8_02.jpg 600w, https:\/\/seppeschina.com\/wp-content\/uploads\/2021\/01\/\u900f\u660e\u63d0\u5347\u95e8_02-287x300.jpg 287w, https:\/\/seppeschina.com\/wp-content\/uploads\/2021\/01\/\u900f\u660e\u63d0\u5347\u95e8_02-360x377.jpg 360w, https:\/\/seppeschina.com\/wp-content\/uploads\/2021\/01\/\u900f\u660e\u63d0\u5347\u95e8_02-24x24.jpg 24w, https:\/\/seppeschina.com\/wp-content\/uploads\/2021\/01\/\u900f\u660e\u63d0\u5347\u95e8_02-525x550.jpg 525w\" alt=\"\" width=\"600\" height=\"628\" \/><\/strong><\/h3>\n<p>1.\u00a0<strong>Restablecer<\/strong>: funci\u00f3n de rearme autom\u00e1tico para evitar descarrilamientos accidentales (tecnolog\u00eda patentada)<\/p>\n<p>2.\u00a0<strong>R\u00e1pido<\/strong>El servomotor est\u00e1 especialmente dise\u00f1ado para alcanzar una velocidad de hasta 2 m\/s.<\/p>\n<p>3.\u00a0<strong>Resistencia al viento<\/strong>: el carril del marco de la puerta est\u00e1 equipado con un sistema de tensi\u00f3n de muelle, convencionalmente resistente a la presi\u00f3n de 6-8 vientos<\/p>\n<p>4.\u00a0<strong>Estabilidad<\/strong>: Equipado con sistema de control de marca alemana; servo de alta precisi\u00f3n de accionamiento de una sola unidad.<\/p>\n<p>5.\u00a0<strong>Inteligente<\/strong>: Construido en loT chip inteligente para lograr integrado inteligente y potente.<\/p>\n<p>6.\u00a0<strong>Seguridad<\/strong>: Dispositivo est\u00e1ndar de protecci\u00f3n antipellizco por infrarrojos.<\/p>\n<h3>Nuestros socios<br \/>\n<img loading=\"lazy\" decoding=\"async\" class=\"aligncenter size-full wp-image-11608\" src=\"https:\/\/seppeschina.com\/wp-content\/uploads\/2021\/03\/seppes-door10.gif\" alt=\"\" width=\"600\" height=\"491\" \/><\/h3>\n<h3>Application cases<\/h3>\n<p>Mercedes-Benz, BMW, Porsche, Volkswagen and other automobile brands 4S outlets provide customized transparent lifting door products and services<\/p>\n<p><img loading=\"lazy\" decoding=\"async\" class=\"aligncenter wp-image-12090\" src=\"https:\/\/seppeschina.com\/wp-content\/uploads\/2021\/04\/\u900f\u660e\u63d0\u5347\u95e8\u5e94\u7528\u573a\u666f\u56fe.jpg\" alt=\"\" width=\"600\" height=\"468\" srcset=\"https:\/\/seppeschina.com\/wp-content\/uploads\/2021\/04\/\u900f\u660e\u63d0\u5347\u95e8\u5e94\u7528\u573a\u666f\u56fe.jpg 750w, https:\/\/seppeschina.com\/wp-content\/uploads\/2021\/04\/\u900f\u660e\u63d0\u5347\u95e8\u5e94\u7528\u573a\u666f\u56fe-360x281.jpg 360w, https:\/\/seppeschina.com\/wp-content\/uploads\/2021\/04\/\u900f\u660e\u63d0\u5347\u95e8\u5e94\u7528\u573a\u666f\u56fe-600x468.jpg 600w, https:\/\/seppeschina.com\/wp-content\/uploads\/2021\/04\/\u900f\u660e\u63d0\u5347\u95e8\u5e94\u7528\u573a\u666f\u56fe-300x234.jpg 300w, https:\/\/seppeschina.com\/wp-content\/uploads\/2021\/04\/\u900f\u660e\u63d0\u5347\u95e8\u5e94\u7528\u573a\u666f\u56fe-550x429.jpg 550w\" sizes=\"auto, (max-width: 600px) 100vw, 600px\" \/><\/p>\n<h3>Entrega y embalaje<\/h3>\n<p>Nuestro m\u00e9todo de embalaje es en caja de madera, y los m\u00e9todos de transporte incluyen expreso, a\u00e9reo y mar\u00edtimo.<\/p>\n<p><img loading=\"lazy\" decoding=\"async\" class=\"aligncenter wp-image-9880\" src=\"https:\/\/seppeschina.com\/wp-content\/uploads\/2019\/04\/shipping.jpg\" sizes=\"auto, (max-width: 600px) 100vw, 600px\" srcset=\"https:\/\/seppeschina.com\/wp-content\/uploads\/2019\/04\/shipping.jpg 750w, https:\/\/seppeschina.com\/wp-content\/uploads\/2019\/04\/shipping-150x150.jpg 150w, https:\/\/seppeschina.com\/wp-content\/uploads\/2019\/04\/shipping-300x300.jpg 300w, https:\/\/seppeschina.com\/wp-content\/uploads\/2019\/04\/shipping-360x360.jpg 360w, https:\/\/seppeschina.com\/wp-content\/uploads\/2019\/04\/shipping-600x600.jpg 600w, https:\/\/seppeschina.com\/wp-content\/uploads\/2019\/04\/shipping-100x100.jpg 100w, https:\/\/seppeschina.com\/wp-content\/uploads\/2019\/04\/shipping-24x24.jpg 24w, https:\/\/seppeschina.com\/wp-content\/uploads\/2019\/04\/shipping-48x48.jpg 48w, https:\/\/seppeschina.com\/wp-content\/uploads\/2019\/04\/shipping-96x96.jpg 96w, https:\/\/seppeschina.com\/wp-content\/uploads\/2019\/04\/shipping-364x364.jpg 364w, https:\/\/seppeschina.com\/wp-content\/uploads\/2019\/04\/shipping-50x50.jpg 50w, https:\/\/seppeschina.com\/wp-content\/uploads\/2019\/04\/shipping-110x110.jpg 110w, https:\/\/seppeschina.com\/wp-content\/uploads\/2019\/04\/shipping-275x275.jpg 275w, https:\/\/seppeschina.com\/wp-content\/uploads\/2019\/04\/shipping-480x480.jpg 480w, https:\/\/seppeschina.com\/wp-content\/uploads\/2019\/04\/shipping-550x550.jpg 550w\" alt=\"\" width=\"600\" height=\"600\" \/><\/p>\n<h3>PREGUNTAS FRECUENTES<\/h3>\n<p><b><span data-spm-anchor-id=\"a2700.custom-template.0.i21.648233334W1G2v\">1. P: \u00bfCu\u00e1l es el motor de la puerta seccional industrial?<\/span><\/b><\/p>\n<p>A: MOTOR AC, 0,45-0,65 Kw, 220V, 50Hz.<\/p>\n<p><b><span data-spm-anchor-id=\"a2700.custom-template.0.i25.648233334W1G2v\">2. P: \u00bfDe qu\u00e9 material es su panel seccional industrial?<\/span><\/b><\/p>\n<p>A: Aleaci\u00f3n de aluminio \/ acero pintado con material de aislamiento t\u00e9rmico de 40 mm.<\/p>\n<p><b><span data-spm-anchor-id=\"a2700.custom-template.0.i27.648233334W1G2v\">3. P: \u00bfEn qu\u00e9 tipo de lugares se puede utilizar la puerta seccional de garaje?<\/span><\/b><\/p>\n<p>R: Puertas de f\u00e1bricas, garajes, log\u00edstica y otras industrias.<\/p>\n<p><b data-spm-anchor-id=\"a2700.custom-template.0.i170.64823333f5s6Dh\"><span data-spm-anchor-id=\"a2700.custom-template.0.i1.648233334W1G2v\">4. P: \u00bfSe puede personalizar la puerta seccional industrial con la puerta peque\u00f1a?<\/span><\/b><\/p>\n<p>R: S\u00ed, las puertas y ventanas peque\u00f1as pueden personalizarse.<\/p>\n<p><b data-spm-anchor-id=\"a2700.custom-template.0.i31.648233334W1G2v\">5. P: \u00bfDurante cu\u00e1nto tiempo se puede utilizar la puerta seccional de garaje?<\/b><\/p>\n<p>R: La vida \u00fatil es de unas 30.000 veces.<\/p>\n<p><b><span data-spm-anchor-id=\"a2700.custom-template.0.i33.648233334W1G2v\">6. Q: Does the industrial sectional door fire \u2013 proof?<\/span><\/b><\/p>\n<p>A: Clase B2 ,Se extingue autom\u00e1ticamente en 10 segundos tras abandonar el foco del incendio.<\/p>\n\n<div class=\"wpcf7 no-js\" id=\"wpcf7-f1555-o1\" lang=\"en-US\" dir=\"ltr\" data-wpcf7-id=\"1555\">\n<div class=\"screen-reader-response\"><p role=\"status\" aria-live=\"polite\" aria-atomic=\"true\"><\/p> <ul><\/ul><\/div>\n<form action=\"\/es_pe\/wp-json\/wp\/v2\/product\/8070#wpcf7-f1555-o1\" method=\"post\" class=\"wpcf7-form init\" aria-label=\"Contact form\" novalidate=\"novalidate\" data-status=\"init\" data-trp-original-action=\"\/es_pe\/wp-json\/wp\/v2\/product\/8070#wpcf7-f1555-o1\">\n<fieldset class=\"hidden-fields-container\"><input type=\"hidden\" name=\"_wpcf7\" value=\"1555\" \/><input type=\"hidden\" name=\"_wpcf7_version\" value=\"6.1.4\" \/><input type=\"hidden\" name=\"_wpcf7_locale\" value=\"en_US\" \/><input type=\"hidden\" name=\"_wpcf7_unit_tag\" value=\"wpcf7-f1555-o1\" \/><input type=\"hidden\" name=\"_wpcf7_container_post\" value=\"0\" \/><input type=\"hidden\" name=\"_wpcf7_posted_data_hash\" value=\"\" \/><input type=\"hidden\" name=\"_wpcf7_recaptcha_response\" value=\"\" \/>\n<\/fieldset>\n<div class=\"hunkcf71\">\n\t<p class=\"cf7-title\" style=\"font-size:25px;\"><i class=\"fa fa-envelope-o\"><\/i> En breve responderemos a su correo electr\u00f3nico.\n\t<\/p>\n\t<p><span class=\"wpcf7-form-control-wrap\" data-name=\"text-737\"><input size=\"40\" maxlength=\"400\" class=\"wpcf7-form-control wpcf7-text wpcf7-validates-as-required\" aria-required=\"true\" aria-invalid=\"false\" placeholder=\"Su nombre*\" value=\"\" type=\"text\" name=\"text-737\" \/><\/span>\n\t<\/p>\n\t<p><span class=\"wpcf7-form-control-wrap\" data-name=\"email-193\"><input size=\"40\" maxlength=\"400\" class=\"wpcf7-form-control wpcf7-email wpcf7-validates-as-required wpcf7-text wpcf7-validates-as-email\" aria-required=\"true\" aria-invalid=\"false\" placeholder=\"Direcci\u00f3n de correo electr\u00f3nico\" value=\"\" type=\"email\" name=\"email-193\" \/><\/span>\n\t<\/p>\n\t<p><span class=\"wpcf7-form-control-wrap\" data-name=\"text-738\"><input size=\"40\" maxlength=\"400\" class=\"wpcf7-form-control wpcf7-text\" aria-invalid=\"false\" placeholder=\"N\u00famero de tel\u00e9fono\" value=\"\" type=\"text\" name=\"text-738\" \/><\/span>\n\t<\/p>\n\t<p><span class=\"wpcf7-form-control-wrap\" data-name=\"textarea-837\"><textarea cols=\"40\" rows=\"10\" maxlength=\"2000\" class=\"wpcf7-form-control wpcf7-textarea wpcf7-validates-as-required\" aria-required=\"true\" aria-invalid=\"false\" placeholder=\"Ind\u00edquenos su necesidad de la forma m\u00e1s concreta posible*.\" name=\"textarea-837\"><\/textarea><\/span>\n\t<\/p>\n\t<p><input class=\"wpcf7-form-control wpcf7-submit has-spinner\" type=\"submit\" value=\"Enviar\" \/>\n\t<\/p>\n<\/div><div class=\"wpcf7-response-output\" aria-hidden=\"true\"><\/div>\n<input type=\"hidden\" name=\"trp-form-language\" value=\"es_pe\"\/><\/form>\n<\/div>","protected":false},"excerpt":{"rendered":"<pre id=\"tw-target-text\" class=\"tw-data-text tw-text-large XcVN5d tw-ta\" dir=\"ltr\" data-placeholder=\"\u7ffb\u8bd1\"><strong><span lang=\"en\">Five structural schemes\r\n1. Standard spiral suction structure\r\n2. Elliptical spiral suction structure\r\n3. L-shaped structure\r\n4. Vertical structure\r\n5. Sleeping structure<\/span><\/strong><\/pre>","protected":false},"featured_media":12091,"comment_status":"open","ping_status":"closed","template":"","meta":[],"product_brand":[],"product_cat":[253],"product_tag":[318,322],"class_list":{"0":"post-8070","1":"product","2":"type-product","3":"status-publish","4":"has-post-thumbnail","6":"product_cat-high-speed-spiral-door","7":"product_tag-fast-door-manufacturers","8":"product_tag-hard-panel-fast-door","11":"first","12":"instock","13":"shipping-taxable","14":"product-type-simple"},"yoast_head":"<!-- This site is optimized with the Yoast SEO plugin v25.3 - https:\/\/yoast.com\/wordpress\/plugins\/seo\/ -->\n<title>SEPPES Industrial Transparent Lifting Door - High speed door<\/title>\n<meta name=\"description\" content=\"The barrel is fully transparent and the window time is more bright and transparent.\" \/>\n<meta name=\"robots\" content=\"index, follow, max-snippet:-1, max-image-preview:large, max-video-preview:-1\" \/>\n<link rel=\"canonical\" href=\"https:\/\/seppeschina.com\/es_pe\/product\/sliding-profile\/\" \/>\n<meta property=\"og:locale\" content=\"es_ES\" \/>\n<meta property=\"og:type\" content=\"article\" \/>\n<meta property=\"og:title\" content=\"SEPPES Industrial Transparent Lifting Door - High speed door\" \/>\n<meta property=\"og:description\" content=\"The barrel is fully transparent and the window time is more bright and transparent.\" \/>\n<meta property=\"og:url\" content=\"https:\/\/seppeschina.com\/es_pe\/product\/sliding-profile\/\" \/>\n<meta property=\"og:site_name\" content=\"High speed door\" \/>\n<meta property=\"article:publisher\" content=\"https:\/\/www.facebook.com\/Seppesdoor-101420388136000\/\" \/>\n<meta property=\"article:modified_time\" content=\"2025-05-19T07:50:33+00:00\" \/>\n<meta property=\"og:image\" content=\"https:\/\/seppeschina.com\/wp-content\/uploads\/2021\/04\/\u900f\u660e\u63d0\u5347\u95e8\u4e3b\u56fe.png\" \/>\n\t<meta property=\"og:image:width\" content=\"750\" \/>\n\t<meta property=\"og:image:height\" content=\"750\" \/>\n\t<meta property=\"og:image:type\" content=\"image\/png\" \/>\n<meta name=\"twitter:card\" content=\"summary_large_image\" \/>\n<meta name=\"twitter:site\" content=\"@Stella93161069\" \/>\n<meta name=\"twitter:label1\" content=\"Est. reading time\" \/>\n\t<meta name=\"twitter:data1\" content=\"5 minutos\" \/>\n<script type=\"application\/ld+json\" class=\"yoast-schema-graph\">{\"@context\":\"https:\/\/schema.org\",\"@graph\":[{\"@type\":\"WebPage\",\"@id\":\"https:\/\/seppeschina.com\/product\/sliding-profile\/\",\"url\":\"https:\/\/seppeschina.com\/product\/sliding-profile\/\",\"name\":\"SEPPES Industrial Transparent Lifting Door - High speed door\",\"isPartOf\":{\"@id\":\"https:\/\/seppeschina.com\/#website\"},\"primaryImageOfPage\":{\"@id\":\"https:\/\/seppeschina.com\/product\/sliding-profile\/#primaryimage\"},\"image\":{\"@id\":\"https:\/\/seppeschina.com\/product\/sliding-profile\/#primaryimage\"},\"thumbnailUrl\":\"https:\/\/seppeschina.com\/wp-content\/uploads\/2021\/04\/\u900f\u660e\u63d0\u5347\u95e8\u4e3b\u56fe.png\",\"datePublished\":\"2021-04-14T02:00:21+00:00\",\"dateModified\":\"2025-05-19T07:50:33+00:00\",\"description\":\"The barrel is fully transparent and the window time is more bright and transparent.\",\"breadcrumb\":{\"@id\":\"https:\/\/seppeschina.com\/product\/sliding-profile\/#breadcrumb\"},\"inLanguage\":\"es-PE\",\"potentialAction\":[{\"@type\":\"ReadAction\",\"target\":[\"https:\/\/seppeschina.com\/product\/sliding-profile\/\"]}]},{\"@type\":\"ImageObject\",\"inLanguage\":\"es-PE\",\"@id\":\"https:\/\/seppeschina.com\/product\/sliding-profile\/#primaryimage\",\"url\":\"https:\/\/seppeschina.com\/wp-content\/uploads\/2021\/04\/\u900f\u660e\u63d0\u5347\u95e8\u4e3b\u56fe.png\",\"contentUrl\":\"https:\/\/seppeschina.com\/wp-content\/uploads\/2021\/04\/\u900f\u660e\u63d0\u5347\u95e8\u4e3b\u56fe.png\",\"width\":750,\"height\":750},{\"@type\":\"BreadcrumbList\",\"@id\":\"https:\/\/seppeschina.com\/product\/sliding-profile\/#breadcrumb\",\"itemListElement\":[{\"@type\":\"ListItem\",\"position\":1,\"name\":\"Home\",\"item\":\"https:\/\/seppeschina.com\/\"},{\"@type\":\"ListItem\",\"position\":2,\"name\":\"Shop\",\"item\":\"https:\/\/seppeschina.com\/shop\/\"},{\"@type\":\"ListItem\",\"position\":3,\"name\":\"2021 SEPPES Industrial Transparent Lifting Door\"}]},{\"@type\":\"WebSite\",\"@id\":\"https:\/\/seppeschina.com\/#website\",\"url\":\"https:\/\/seppeschina.com\/\",\"name\":\"SEPPES Door Industry\",\"description\":\"China&#039;s Leading High Speed Door Manufacturer\",\"potentialAction\":[{\"@type\":\"SearchAction\",\"target\":{\"@type\":\"EntryPoint\",\"urlTemplate\":\"https:\/\/seppeschina.com\/?s={search_term_string}\"},\"query-input\":{\"@type\":\"PropertyValueSpecification\",\"valueRequired\":true,\"valueName\":\"search_term_string\"}}],\"inLanguage\":\"es-PE\"}]}<\/script>\n<!-- \/ Yoast SEO plugin. -->","yoast_head_json":{"title":"SEPPES Industrial Transparent Lifting Door - High speed door","description":"The barrel is fully transparent and the window time is more bright and transparent.","robots":{"index":"index","follow":"follow","max-snippet":"max-snippet:-1","max-image-preview":"max-image-preview:large","max-video-preview":"max-video-preview:-1"},"canonical":"https:\/\/seppeschina.com\/es_pe\/product\/sliding-profile\/","og_locale":"es_ES","og_type":"article","og_title":"SEPPES Industrial Transparent Lifting Door - High speed door","og_description":"The barrel is fully transparent and the window time is more bright and transparent.","og_url":"https:\/\/seppeschina.com\/es_pe\/product\/sliding-profile\/","og_site_name":"High speed door","article_publisher":"https:\/\/www.facebook.com\/Seppesdoor-101420388136000\/","article_modified_time":"2025-05-19T07:50:33+00:00","og_image":[{"width":750,"height":750,"url":"https:\/\/seppeschina.com\/wp-content\/uploads\/2021\/04\/\u900f\u660e\u63d0\u5347\u95e8\u4e3b\u56fe.png","type":"image\/png"}],"twitter_card":"summary_large_image","twitter_site":"@Stella93161069","twitter_misc":{"Est. reading time":"5 minutos"},"schema":{"@context":"https:\/\/schema.org","@graph":[{"@type":"WebPage","@id":"https:\/\/seppeschina.com\/product\/sliding-profile\/","url":"https:\/\/seppeschina.com\/product\/sliding-profile\/","name":"SEPPES Industrial Transparent Lifting Door - High speed door","isPartOf":{"@id":"https:\/\/seppeschina.com\/#website"},"primaryImageOfPage":{"@id":"https:\/\/seppeschina.com\/product\/sliding-profile\/#primaryimage"},"image":{"@id":"https:\/\/seppeschina.com\/product\/sliding-profile\/#primaryimage"},"thumbnailUrl":"https:\/\/seppeschina.com\/wp-content\/uploads\/2021\/04\/\u900f\u660e\u63d0\u5347\u95e8\u4e3b\u56fe.png","datePublished":"2021-04-14T02:00:21+00:00","dateModified":"2025-05-19T07:50:33+00:00","description":"The barrel is fully transparent and the window time is more bright and transparent.","breadcrumb":{"@id":"https:\/\/seppeschina.com\/product\/sliding-profile\/#breadcrumb"},"inLanguage":"es-PE","potentialAction":[{"@type":"ReadAction","target":["https:\/\/seppeschina.com\/product\/sliding-profile\/"]}]},{"@type":"ImageObject","inLanguage":"es-PE","@id":"https:\/\/seppeschina.com\/product\/sliding-profile\/#primaryimage","url":"https:\/\/seppeschina.com\/wp-content\/uploads\/2021\/04\/\u900f\u660e\u63d0\u5347\u95e8\u4e3b\u56fe.png","contentUrl":"https:\/\/seppeschina.com\/wp-content\/uploads\/2021\/04\/\u900f\u660e\u63d0\u5347\u95e8\u4e3b\u56fe.png","width":750,"height":750},{"@type":"BreadcrumbList","@id":"https:\/\/seppeschina.com\/product\/sliding-profile\/#breadcrumb","itemListElement":[{"@type":"ListItem","position":1,"name":"Home","item":"https:\/\/seppeschina.com\/"},{"@type":"ListItem","position":2,"name":"Shop","item":"https:\/\/seppeschina.com\/shop\/"},{"@type":"ListItem","position":3,"name":"2021 SEPPES Industrial Transparent Lifting Door"}]},{"@type":"WebSite","@id":"https:\/\/seppeschina.com\/#website","url":"https:\/\/seppeschina.com\/","name":"SEPPES Door Industry","description":"China&#039;s Leading High Speed Door Manufacturer","potentialAction":[{"@type":"SearchAction","target":{"@type":"EntryPoint","urlTemplate":"https:\/\/seppeschina.com\/?s={search_term_string}"},"query-input":{"@type":"PropertyValueSpecification","valueRequired":true,"valueName":"search_term_string"}}],"inLanguage":"es-PE"}]}},"_links":{"self":[{"href":"https:\/\/seppeschina.com\/es_pe\/wp-json\/wp\/v2\/product\/8070","targetHints":{"allow":["GET"]}}],"collection":[{"href":"https:\/\/seppeschina.com\/es_pe\/wp-json\/wp\/v2\/product"}],"about":[{"href":"https:\/\/seppeschina.com\/es_pe\/wp-json\/wp\/v2\/types\/product"}],"replies":[{"embeddable":true,"href":"https:\/\/seppeschina.com\/es_pe\/wp-json\/wp\/v2\/comments?post=8070"}],"wp:featuredmedia":[{"embeddable":true,"href":"https:\/\/seppeschina.com\/es_pe\/wp-json\/wp\/v2\/media\/12091"}],"wp:attachment":[{"href":"https:\/\/seppeschina.com\/es_pe\/wp-json\/wp\/v2\/media?parent=8070"}],"wp:term":[{"taxonomy":"product_brand","embeddable":true,"href":"https:\/\/seppeschina.com\/es_pe\/wp-json\/wp\/v2\/product_brand?post=8070"},{"taxonomy":"product_cat","embeddable":true,"href":"https:\/\/seppeschina.com\/es_pe\/wp-json\/wp\/v2\/product_cat?post=8070"},{"taxonomy":"product_tag","embeddable":true,"href":"https:\/\/seppeschina.com\/es_pe\/wp-json\/wp\/v2\/product_tag?post=8070"}],"curies":[{"name":"wp","href":"https:\/\/api.w.org\/{rel}","templated":true}]}}