{"id":8074,"date":"2019-02-03T19:01:21","date_gmt":"2019-02-03T19:01:21","guid":{"rendered":"https:\/\/seppeschina.com\/?post_type=product&#038;p=8074"},"modified":"2025-05-19T16:16:36","modified_gmt":"2025-05-19T08:16:36","slug":"seppes-blue-double-shaft-insulation-high-speed-door-with-geomagnetism-hsd-200","status":"publish","type":"product","link":"https:\/\/seppeschina.com\/es_pe\/product\/seppes-blue-double-shaft-insulation-high-speed-door-with-geomagnetism-hsd-200\/","title":{"rendered":"SEPPES Blue Double shaft Insulation High Speed Door with Geomagnetism  HSD-200"},"content":{"rendered":"<h3><span style=\"color: #3366ff;\"><strong><b>Product Description<\/b><\/strong><\/span><\/h3>\n<p><strong><b><span class=\"VIiyi\" lang=\"en\"><span class=\"JLqJ4b ChMk0b\" data-language-for-alternatives=\"en\" data-language-to-translate-into=\"zh-CN\" data-phrase-index=\"0\">Double shaft<\/span><\/span> Insulation High Speed Door? <\/b><\/strong> Combines the zipper locking structure with the thermal insulation multi-layer thickened door curtain at night, while ensuring the air tightness of the internal environment, it significantly reduces heat transfer, reduces energy loss and produces a condensing environment. The innovative dual-axis drive technology makes the door curtain not Need to increase the traditional counterweight can be high-speed switching operation, as well as comprehensive safety protection.<\/p>\n<p><img loading=\"lazy\" decoding=\"async\" class=\"aligncenter wp-image-11890\" src=\"https:\/\/seppeschina.com\/wp-content\/uploads\/2021\/04\/image-3.png\" alt=\"\" width=\"600\" height=\"400\" srcset=\"https:\/\/seppeschina.com\/wp-content\/uploads\/2021\/04\/image-3.png 582w, https:\/\/seppeschina.com\/wp-content\/uploads\/2021\/04\/image-3-360x240.png 360w, https:\/\/seppeschina.com\/wp-content\/uploads\/2021\/04\/image-3-300x200.png 300w, https:\/\/seppeschina.com\/wp-content\/uploads\/2021\/04\/image-3-128x84.png 128w, https:\/\/seppeschina.com\/wp-content\/uploads\/2021\/04\/image-3-550x367.png 550w\" sizes=\"auto, (max-width: 600px) 100vw, 600px\" \/><\/p>\n<h5><span style=\"color: #3366ff;\">Features<\/span><\/h5>\n<table style=\"height: 340px;\" width=\"713\">\n<tbody>\n<tr>\n<td width=\"137\">Name<\/td>\n<td width=\"241\"><span class=\"VIiyi\" lang=\"en\"><span class=\"JLqJ4b ChMk0b\" data-language-for-alternatives=\"en\" data-language-to-translate-into=\"zh-CN\" data-phrase-index=\"0\">Double shaft<\/span><\/span> Insulation High Speed Door<\/td>\n<\/tr>\n<tr>\n<td width=\"137\">Curtain<\/td>\n<td width=\"241\">0.9mm\/1.2mm, French PVC fabric<\/td>\n<\/tr>\n<tr>\n<td width=\"137\">Door Frame<\/td>\n<td width=\"241\">SUS304 stainless steel \/Aluminum alloy<\/td>\n<\/tr>\n<tr>\n<td width=\"137\">Max Size<\/td>\n<td width=\"241\">W5000mm*H5000mm; customized size<\/td>\n<\/tr>\n<tr>\n<td width=\"137\">Motor<\/td>\n<td width=\"241\">German Brand<\/td>\n<\/tr>\n<tr>\n<td width=\"137\">Power<\/td>\n<td width=\"241\">0.75kw-1.5kw,220v<\/td>\n<\/tr>\n<tr>\n<td width=\"137\">Voltage<\/td>\n<td width=\"241\">220-380v<\/td>\n<\/tr>\n<tr>\n<td width=\"137\">Speed<\/td>\n<td width=\"241\">1..2-1.5m\/s,adjustable<\/td>\n<\/tr>\n<tr>\n<td width=\"137\">Use Times<\/td>\n<td width=\"241\">More than 1.5 million times<\/td>\n<\/tr>\n<\/tbody>\n<\/table>\n<h5><span style=\"color: #3366ff;\"><strong><b>Diagrama de estructura<\/b><\/strong><\/span><\/h5>\n<p><img loading=\"lazy\" decoding=\"async\" class=\"aligncenter wp-image-11542 size-full\" src=\"https:\/\/seppeschina.com\/wp-content\/uploads\/2021\/03\/H26581db25bbd468cb689ff79d53d88461.png\" alt=\"\" width=\"750\" height=\"750\" srcset=\"https:\/\/seppeschina.com\/wp-content\/uploads\/2021\/03\/H26581db25bbd468cb689ff79d53d88461.png 750w, https:\/\/seppeschina.com\/wp-content\/uploads\/2021\/03\/H26581db25bbd468cb689ff79d53d88461-360x360.png 360w, https:\/\/seppeschina.com\/wp-content\/uploads\/2021\/03\/H26581db25bbd468cb689ff79d53d88461-100x100.png 100w, https:\/\/seppeschina.com\/wp-content\/uploads\/2021\/03\/H26581db25bbd468cb689ff79d53d88461-600x600.png 600w, https:\/\/seppeschina.com\/wp-content\/uploads\/2021\/03\/H26581db25bbd468cb689ff79d53d88461-300x300.png 300w, https:\/\/seppeschina.com\/wp-content\/uploads\/2021\/03\/H26581db25bbd468cb689ff79d53d88461-150x150.png 150w, https:\/\/seppeschina.com\/wp-content\/uploads\/2021\/03\/H26581db25bbd468cb689ff79d53d88461-24x24.png 24w, https:\/\/seppeschina.com\/wp-content\/uploads\/2021\/03\/H26581db25bbd468cb689ff79d53d88461-48x48.png 48w, https:\/\/seppeschina.com\/wp-content\/uploads\/2021\/03\/H26581db25bbd468cb689ff79d53d88461-96x96.png 96w, https:\/\/seppeschina.com\/wp-content\/uploads\/2021\/03\/H26581db25bbd468cb689ff79d53d88461-364x364.png 364w, https:\/\/seppeschina.com\/wp-content\/uploads\/2021\/03\/H26581db25bbd468cb689ff79d53d88461-50x50.png 50w, https:\/\/seppeschina.com\/wp-content\/uploads\/2021\/03\/H26581db25bbd468cb689ff79d53d88461-110x110.png 110w, https:\/\/seppeschina.com\/wp-content\/uploads\/2021\/03\/H26581db25bbd468cb689ff79d53d88461-275x275.png 275w, https:\/\/seppeschina.com\/wp-content\/uploads\/2021\/03\/H26581db25bbd468cb689ff79d53d88461-480x480.png 480w, https:\/\/seppeschina.com\/wp-content\/uploads\/2021\/03\/H26581db25bbd468cb689ff79d53d88461-550x550.png 550w\" sizes=\"auto, (max-width: 750px) 100vw, 750px\" \/><\/p>\n<h5><span style=\"color: #3366ff;\"><strong><b>Abrir v\u00edas<\/b><\/strong><\/span><\/h5>\n<p>Our standard door opening method is double-sided manual button, optional radar, geomagnetism, drawstring, remote control, Bluetooth, wireless switch, etc.<\/p>\n<p><img loading=\"lazy\" decoding=\"async\" class=\"aligncenter wp-image-9999 size-full\" src=\"https:\/\/seppeschina.com\/wp-content\/uploads\/2019\/04\/\u672a\u6807\u9898-2.jpg\" alt=\"\" width=\"750\" height=\"750\" srcset=\"https:\/\/seppeschina.com\/wp-content\/uploads\/2019\/04\/\u672a\u6807\u9898-2.jpg 750w, https:\/\/seppeschina.com\/wp-content\/uploads\/2019\/04\/\u672a\u6807\u9898-2-360x360.jpg 360w, https:\/\/seppeschina.com\/wp-content\/uploads\/2019\/04\/\u672a\u6807\u9898-2-100x100.jpg 100w, https:\/\/seppeschina.com\/wp-content\/uploads\/2019\/04\/\u672a\u6807\u9898-2-600x600.jpg 600w, https:\/\/seppeschina.com\/wp-content\/uploads\/2019\/04\/\u672a\u6807\u9898-2-300x300.jpg 300w, https:\/\/seppeschina.com\/wp-content\/uploads\/2019\/04\/\u672a\u6807\u9898-2-150x150.jpg 150w, https:\/\/seppeschina.com\/wp-content\/uploads\/2019\/04\/\u672a\u6807\u9898-2-24x24.jpg 24w, https:\/\/seppeschina.com\/wp-content\/uploads\/2019\/04\/\u672a\u6807\u9898-2-48x48.jpg 48w, https:\/\/seppeschina.com\/wp-content\/uploads\/2019\/04\/\u672a\u6807\u9898-2-96x96.jpg 96w, https:\/\/seppeschina.com\/wp-content\/uploads\/2019\/04\/\u672a\u6807\u9898-2-364x364.jpg 364w, https:\/\/seppeschina.com\/wp-content\/uploads\/2019\/04\/\u672a\u6807\u9898-2-50x50.jpg 50w, https:\/\/seppeschina.com\/wp-content\/uploads\/2019\/04\/\u672a\u6807\u9898-2-110x110.jpg 110w, https:\/\/seppeschina.com\/wp-content\/uploads\/2019\/04\/\u672a\u6807\u9898-2-275x275.jpg 275w, https:\/\/seppeschina.com\/wp-content\/uploads\/2019\/04\/\u672a\u6807\u9898-2-480x480.jpg 480w, https:\/\/seppeschina.com\/wp-content\/uploads\/2019\/04\/\u672a\u6807\u9898-2-550x550.jpg 550w\" sizes=\"auto, (max-width: 750px) 100vw, 750px\" \/><\/p>\n<h5><span style=\"color: #3366ff;\"><strong><b>Colors&#8217; choose<\/b><\/strong><\/span><\/h5>\n<p><img loading=\"lazy\" decoding=\"async\" class=\"aligncenter size-full wp-image-9862\" src=\"https:\/\/seppeschina.com\/wp-content\/uploads\/2019\/04\/color750.png\" alt=\"\" width=\"750\" height=\"750\" srcset=\"https:\/\/seppeschina.com\/wp-content\/uploads\/2019\/04\/color750.png 750w, https:\/\/seppeschina.com\/wp-content\/uploads\/2019\/04\/color750-360x360.png 360w, https:\/\/seppeschina.com\/wp-content\/uploads\/2019\/04\/color750-100x100.png 100w, https:\/\/seppeschina.com\/wp-content\/uploads\/2019\/04\/color750-600x600.png 600w, https:\/\/seppeschina.com\/wp-content\/uploads\/2019\/04\/color750-150x150.png 150w, https:\/\/seppeschina.com\/wp-content\/uploads\/2019\/04\/color750-300x300.png 300w, https:\/\/seppeschina.com\/wp-content\/uploads\/2019\/04\/color750-24x24.png 24w, https:\/\/seppeschina.com\/wp-content\/uploads\/2019\/04\/color750-48x48.png 48w, https:\/\/seppeschina.com\/wp-content\/uploads\/2019\/04\/color750-96x96.png 96w, https:\/\/seppeschina.com\/wp-content\/uploads\/2019\/04\/color750-364x364.png 364w, https:\/\/seppeschina.com\/wp-content\/uploads\/2019\/04\/color750-50x50.png 50w, https:\/\/seppeschina.com\/wp-content\/uploads\/2019\/04\/color750-110x110.png 110w, https:\/\/seppeschina.com\/wp-content\/uploads\/2019\/04\/color750-275x275.png 275w, https:\/\/seppeschina.com\/wp-content\/uploads\/2019\/04\/color750-480x480.png 480w, https:\/\/seppeschina.com\/wp-content\/uploads\/2019\/04\/color750-550x550.png 550w\" sizes=\"auto, (max-width: 750px) 100vw, 750px\" \/><\/p>\n<h3><span style=\"color: #3366ff;\"><strong><b>Company Profile<\/b><\/strong><\/span><\/h3>\n<h6><span style=\"color: #3366ff;\"><strong><b>Qui\u00e9nes somos<\/b><\/strong><\/span><\/h6>\n<p>Established in 2011,<strong><b>Seppes Door Industry(Suzhou)Co.,ltd<\/b><\/strong>\u00a0is a manufacturing and trade enterprise, which is located in Suzhou, Jiangsu Province in mainland China. We specialize in manufacturing complete and customized solution of entrance door system for industrial clients, which let factory in a dust-free, noise-free, energy-saving, thermal insulation environment or meet customers other requirement. Our main products are high speed door, rapid roller door, automatic roller shutter door, sectional door and so on.<\/p>\n<p><img loading=\"lazy\" decoding=\"async\" class=\"aligncenter size-full wp-image-11606\" src=\"https:\/\/seppeschina.com\/wp-content\/uploads\/2021\/03\/seppes-door8.gif\" alt=\"\" width=\"600\" height=\"502\" \/><\/p>\n<h6><span style=\"color: #3366ff;\"><strong><b>Exposici\u00f3n en f\u00e1brica<\/b><\/strong><\/span><\/h6>\n<p>This is our factory display. It is equipped with a professional production factory of more than 17,500 square meters, and the redundant automated product production line is prepared for customized assembly equipment to meet the various needs of fast standardized production and personalized customized manufacturing.<\/p>\n<p><img loading=\"lazy\" decoding=\"async\" class=\"aligncenter size-full wp-image-11604\" src=\"https:\/\/seppeschina.com\/wp-content\/uploads\/2021\/03\/seppes-door6.gif\" alt=\"\" width=\"600\" height=\"358\" \/><\/p>\n<h6><span style=\"color: #3366ff;\"><strong><b>Exposici\u00f3n<\/b><\/strong><\/span><\/h6>\n<p>This is a group photo taken by our overseas customers to visit our company, including the United States, Australia, Spain, Chile, Israel and other countries.<\/p>\n<p><img loading=\"lazy\" decoding=\"async\" class=\"aligncenter wp-image-11605 size-full\" src=\"https:\/\/seppeschina.com\/wp-content\/uploads\/2021\/03\/seppes-door7.gif\" alt=\"\" width=\"600\" height=\"338\" \/><\/p>\n<h6><span style=\"color: #3366ff;\"><strong><b>Nuestros socios<\/b><\/strong><\/span><\/h6>\n<p>Become a cooperative supplier of nearly 60 Fortune 500 companies such as IKEA, Logitech, Fresenius, Akzo Nobel, etc.<\/p>\n<p><img loading=\"lazy\" decoding=\"async\" class=\"aligncenter wp-image-11608 size-full\" src=\"https:\/\/seppeschina.com\/wp-content\/uploads\/2021\/03\/seppes-door10.gif\" alt=\"\" width=\"600\" height=\"491\" \/><\/p>\n<h3><span style=\"color: #3366ff;\"><strong><b>Ventajas<\/b><\/strong><\/span><\/h3>\n<p><img loading=\"lazy\" decoding=\"async\" class=\"aligncenter size-full wp-image-11967\" src=\"https:\/\/seppeschina.com\/wp-content\/uploads\/2019\/02\/\u4fdd\u6e29\u5feb\u901f\u95e8_02.jpg\" alt=\"\" width=\"600\" height=\"630\" \/><\/p>\n<h3><span style=\"color: #3366ff;\"><strong><b>Aplicaciones<\/b><\/strong><\/span><\/h3>\n<p>Se trata de una variedad de puertas r\u00e1pidas que aplicamos realmente a empresas de los sectores de la medicina, la electr\u00f3nica, la alimentaci\u00f3n, la qu\u00edmica, la automoci\u00f3n, el textil, la impresi\u00f3n y la log\u00edstica, entre otros.<\/p>\n<p><img loading=\"lazy\" decoding=\"async\" class=\"aligncenter wp-image-11612 size-full\" src=\"https:\/\/seppeschina.com\/wp-content\/uploads\/2021\/03\/seppes-door2.jpg\" alt=\"\" width=\"600\" height=\"723\" srcset=\"https:\/\/seppeschina.com\/wp-content\/uploads\/2021\/03\/seppes-door2.jpg 600w, https:\/\/seppeschina.com\/wp-content\/uploads\/2021\/03\/seppes-door2-360x434.jpg 360w, https:\/\/seppeschina.com\/wp-content\/uploads\/2021\/03\/seppes-door2-249x300.jpg 249w, https:\/\/seppeschina.com\/wp-content\/uploads\/2021\/03\/seppes-door2-456x550.jpg 456w\" sizes=\"auto, (max-width: 600px) 100vw, 600px\" \/><\/p>\n<h3><span style=\"color: #3366ff;\"><strong><b>Entrega y embalaje<\/b><\/strong><\/span><\/h3>\n<p>Nuestro m\u00e9todo de embalaje es en caja de madera, y los m\u00e9todos de transporte incluyen express, a\u00e9reo y mar\u00edtimo. Por lo general, 3-7 d\u00edas despu\u00e9s de realizar el pedido.<\/p>\n<p><img loading=\"lazy\" decoding=\"async\" class=\"aligncenter wp-image-11818 size-full\" src=\"https:\/\/seppeschina.com\/wp-content\/uploads\/2021\/04\/H847d78bca14e40ceb2854a49609655195.png\" alt=\"\" width=\"750\" height=\"310\" srcset=\"https:\/\/seppeschina.com\/wp-content\/uploads\/2021\/04\/H847d78bca14e40ceb2854a49609655195.png 750w, https:\/\/seppeschina.com\/wp-content\/uploads\/2021\/04\/H847d78bca14e40ceb2854a49609655195-360x149.png 360w, https:\/\/seppeschina.com\/wp-content\/uploads\/2021\/04\/H847d78bca14e40ceb2854a49609655195-600x248.png 600w, https:\/\/seppeschina.com\/wp-content\/uploads\/2021\/04\/H847d78bca14e40ceb2854a49609655195-300x124.png 300w, https:\/\/seppeschina.com\/wp-content\/uploads\/2021\/04\/H847d78bca14e40ceb2854a49609655195-550x227.png 550w\" sizes=\"auto, (max-width: 750px) 100vw, 750px\" \/><\/p>\n<h3><span style=\"color: #3366ff;\">PREGUNTAS FRECUENTES<\/span><\/h3>\n<p><b><span data-spm-anchor-id=\"a2700.custom-template.0.i102.577f3333LwTOBI\">Q\uff1a<\/span><span data-spm-anchor-id=\"a2700.custom-template.0.i145.577f3333LwTOBI\">How about the power and voltage ?<\/span><\/b><\/p>\n<p>A\uff1aCan be customized Normally 220V, 0.75KW, 50HZ, 1-phrase<\/p>\n<p><b data-spm-anchor-id=\"a2700.custom-template.0.i7.577f3333SViG38\">Q\uff1a\u00bfCu\u00e1l es el material del marco de la puerta de alta velocidad puede elegir?<\/b><\/p>\n<p>A\uff1aPainted steel door frame, SUS304 \/316 door frame, aluminium alloy door frame<\/p>\n<p><b data-spm-anchor-id=\"a2700.custom-template.0.i8.577f3333SViG38\">Q\uff1a\u00bfCu\u00e1l es el precio de la puerta de alta velocidad?<\/b><\/p>\n<p>A\uff1aDepende de su tama\u00f1o y de otros dispositivos.<\/p>\n<p><b data-spm-anchor-id=\"a2700.custom-template.0.i166.577f3333LwTOBI\">Q\uff1a\u00bfC\u00f3mo elegir la f\u00e1brica de puertas de alta velocidad?<\/b><br \/>\nA\uff1aCertified, SGS ,CE,more than 10 years<\/p>\n<p><b data-spm-anchor-id=\"a2700.custom-template.0.i9.577f3333SViG38\">Q\uff1a\u00bfPodemos instalar la puerta r\u00e1pida nosotros mismos?<\/b><\/p>\n<p>A\uff1aYes, very simple.We can provide English installation manual guide and videos.<\/p>\n<p><b data-spm-anchor-id=\"a2700.custom-template.0.i10.577f3333SViG38\">Q\uff1a\u00bfDurante cu\u00e1nto tiempo se puede utilizar?<\/b><\/p>\n<p>A\uff1aabout 10-15 years<\/p>\n<p><b data-spm-anchor-id=\"a2700.custom-template.0.i11.577f3333SViG38\">Q\uff1a\u00bfCu\u00e1les son los m\u00e9todos de apertura autom\u00e1tica \/ inteligente de la puerta de alta velocidad?<\/b><\/p>\n<p>A\uff1a Pulsador manual, dispositivo sensor de movimiento autom\u00e1tico, bucle de inducci\u00f3n, interruptor de tracci\u00f3n, tarjeta magn\u00e9tica, conectado con PLC o AGV.<\/p>","protected":false},"excerpt":{"rendered":"<p>Product Description Double shaft Insulation High Speed Door? Combines the zipper locking structure with the thermal insulation multi-layer thickened door curtain at night, while ensuring the air tightness of the internal environment, it significantly reduces heat transfer, reduces energy loss and produces a condensing environment. The innovative dual-axis drive technology makes the door curtain not Need to increase the traditional counterweight can be high-speed switching operation, as well as comprehensive safety protection. Features Name Double shaft Insulation High Speed Door Curtain 0.9mm\/1.2mm, French PVC fabric Door Frame SUS304 stainless steel \/Aluminum alloy Max Size W5000mm*H5000mm; customized size Motor German Brand Power 0.75kw-1.5kw,220v Voltage 220-380v Speed 1..2-1.5m\/s,adjustable Use Times More than 1.5 million times Structure diagram Opening ways Our standard door [&hellip;]<\/p>","protected":false},"featured_media":10046,"comment_status":"open","ping_status":"closed","template":"","meta":[],"product_brand":[],"product_cat":[326],"product_tag":[321,318],"class_list":{"0":"post-8074","1":"product","2":"type-product","3":"status-publish","4":"has-post-thumbnail","6":"product_cat-high-speed-freezer-door","7":"product_tag-cold-storage-fast-door","8":"product_tag-fast-door-manufacturers","11":"first","12":"instock","13":"shipping-taxable","14":"product-type-simple"},"yoast_head":"<!-- This site is optimized with the Yoast SEO plugin v25.3 - https:\/\/yoast.com\/wordpress\/plugins\/seo\/ -->\n<title>SEPPES Blue Double shaft Insulation High Speed Door with Geomagnetism HSD-200 - High speed door<\/title>\n<meta name=\"description\" content=\"Combines the zipper locking structure with the thermal insulation multi-layer thickened door curtain at night, while ensuring the air tightness of the internal environment.\" \/>\n<meta name=\"robots\" content=\"index, follow, max-snippet:-1, max-image-preview:large, max-video-preview:-1\" \/>\n<link rel=\"canonical\" href=\"https:\/\/seppeschina.com\/es_pe\/product\/premium-table\/\" \/>\n<meta property=\"og:locale\" content=\"es_ES\" \/>\n<meta property=\"og:type\" content=\"article\" \/>\n<meta property=\"og:title\" content=\"SEPPES Blue Double shaft Insulation High Speed Door with Geomagnetism HSD-200 - High speed door\" \/>\n<meta property=\"og:description\" content=\"Combines the zipper locking structure with the thermal insulation multi-layer thickened door curtain at night, while ensuring the air tightness of the internal environment.\" \/>\n<meta property=\"og:url\" content=\"https:\/\/seppeschina.com\/es_pe\/product\/premium-table\/\" \/>\n<meta property=\"og:site_name\" content=\"High speed door\" \/>\n<meta property=\"article:publisher\" content=\"https:\/\/www.facebook.com\/Seppesdoor-101420388136000\/\" \/>\n<meta property=\"article:modified_time\" content=\"2025-05-19T08:16:36+00:00\" \/>\n<meta property=\"og:image\" content=\"https:\/\/seppeschina.com\/wp-content\/uploads\/2019\/02\/\u4fdd\u6e29\u62c9\u94fe\u4eec.jpg\" \/>\n\t<meta property=\"og:image:width\" content=\"750\" \/>\n\t<meta property=\"og:image:height\" content=\"750\" \/>\n\t<meta property=\"og:image:type\" content=\"image\/jpeg\" \/>\n<meta name=\"twitter:card\" content=\"summary_large_image\" \/>\n<meta name=\"twitter:site\" content=\"@Stella93161069\" \/>\n<meta name=\"twitter:label1\" content=\"Est. reading time\" \/>\n\t<meta name=\"twitter:data1\" content=\"5 minutos\" \/>\n<script type=\"application\/ld+json\" class=\"yoast-schema-graph\">{\"@context\":\"https:\/\/schema.org\",\"@graph\":[{\"@type\":\"WebPage\",\"@id\":\"https:\/\/seppeschina.com\/product\/premium-table\/\",\"url\":\"https:\/\/seppeschina.com\/product\/premium-table\/\",\"name\":\"SEPPES Blue Double shaft Insulation High Speed Door with Geomagnetism HSD-200 - High speed door\",\"isPartOf\":{\"@id\":\"https:\/\/seppeschina.com\/#website\"},\"primaryImageOfPage\":{\"@id\":\"https:\/\/seppeschina.com\/product\/premium-table\/#primaryimage\"},\"image\":{\"@id\":\"https:\/\/seppeschina.com\/product\/premium-table\/#primaryimage\"},\"thumbnailUrl\":\"https:\/\/seppeschina.com\/wp-content\/uploads\/2019\/02\/\u4fdd\u6e29\u62c9\u94fe\u4eec.jpg\",\"datePublished\":\"2019-02-03T19:01:21+00:00\",\"dateModified\":\"2025-05-19T08:16:36+00:00\",\"description\":\"Combines the zipper locking structure with the thermal insulation multi-layer thickened door curtain at night, while ensuring the air tightness of the internal environment.\",\"breadcrumb\":{\"@id\":\"https:\/\/seppeschina.com\/product\/premium-table\/#breadcrumb\"},\"inLanguage\":\"es-PE\",\"potentialAction\":[{\"@type\":\"ReadAction\",\"target\":[\"https:\/\/seppeschina.com\/product\/premium-table\/\"]}]},{\"@type\":\"ImageObject\",\"inLanguage\":\"es-PE\",\"@id\":\"https:\/\/seppeschina.com\/product\/premium-table\/#primaryimage\",\"url\":\"https:\/\/seppeschina.com\/wp-content\/uploads\/2019\/02\/\u4fdd\u6e29\u62c9\u94fe\u4eec.jpg\",\"contentUrl\":\"https:\/\/seppeschina.com\/wp-content\/uploads\/2019\/02\/\u4fdd\u6e29\u62c9\u94fe\u4eec.jpg\",\"width\":750,\"height\":750,\"caption\":\"cold storage high speed door\"},{\"@type\":\"BreadcrumbList\",\"@id\":\"https:\/\/seppeschina.com\/product\/premium-table\/#breadcrumb\",\"itemListElement\":[{\"@type\":\"ListItem\",\"position\":1,\"name\":\"Home\",\"item\":\"https:\/\/seppeschina.com\/\"},{\"@type\":\"ListItem\",\"position\":2,\"name\":\"Shop\",\"item\":\"https:\/\/seppeschina.com\/shop\/\"},{\"@type\":\"ListItem\",\"position\":3,\"name\":\"2021 SEPPES Blue Double shaft Insulation High Speed Door with Geomagnetism HSD-200\"}]},{\"@type\":\"WebSite\",\"@id\":\"https:\/\/seppeschina.com\/#website\",\"url\":\"https:\/\/seppeschina.com\/\",\"name\":\"SEPPES Door Industry\",\"description\":\"China&#039;s Leading High Speed Door Manufacturer\",\"potentialAction\":[{\"@type\":\"SearchAction\",\"target\":{\"@type\":\"EntryPoint\",\"urlTemplate\":\"https:\/\/seppeschina.com\/?s={search_term_string}\"},\"query-input\":{\"@type\":\"PropertyValueSpecification\",\"valueRequired\":true,\"valueName\":\"search_term_string\"}}],\"inLanguage\":\"es-PE\"}]}<\/script>\n<!-- \/ Yoast SEO plugin. -->","yoast_head_json":{"title":"SEPPES Blue Double shaft Insulation High Speed Door with Geomagnetism HSD-200 - High speed door","description":"Combines the zipper locking structure with the thermal insulation multi-layer thickened door curtain at night, while ensuring the air tightness of the internal environment.","robots":{"index":"index","follow":"follow","max-snippet":"max-snippet:-1","max-image-preview":"max-image-preview:large","max-video-preview":"max-video-preview:-1"},"canonical":"https:\/\/seppeschina.com\/es_pe\/product\/premium-table\/","og_locale":"es_ES","og_type":"article","og_title":"SEPPES Blue Double shaft Insulation High Speed Door with Geomagnetism HSD-200 - High speed door","og_description":"Combines the zipper locking structure with the thermal insulation multi-layer thickened door curtain at night, while ensuring the air tightness of the internal environment.","og_url":"https:\/\/seppeschina.com\/es_pe\/product\/premium-table\/","og_site_name":"High speed door","article_publisher":"https:\/\/www.facebook.com\/Seppesdoor-101420388136000\/","article_modified_time":"2025-05-19T08:16:36+00:00","og_image":[{"width":750,"height":750,"url":"https:\/\/seppeschina.com\/wp-content\/uploads\/2019\/02\/\u4fdd\u6e29\u62c9\u94fe\u4eec.jpg","type":"image\/jpeg"}],"twitter_card":"summary_large_image","twitter_site":"@Stella93161069","twitter_misc":{"Est. reading time":"5 minutos"},"schema":{"@context":"https:\/\/schema.org","@graph":[{"@type":"WebPage","@id":"https:\/\/seppeschina.com\/product\/premium-table\/","url":"https:\/\/seppeschina.com\/product\/premium-table\/","name":"SEPPES Blue Double shaft Insulation High Speed Door with Geomagnetism HSD-200 - High speed door","isPartOf":{"@id":"https:\/\/seppeschina.com\/#website"},"primaryImageOfPage":{"@id":"https:\/\/seppeschina.com\/product\/premium-table\/#primaryimage"},"image":{"@id":"https:\/\/seppeschina.com\/product\/premium-table\/#primaryimage"},"thumbnailUrl":"https:\/\/seppeschina.com\/wp-content\/uploads\/2019\/02\/\u4fdd\u6e29\u62c9\u94fe\u4eec.jpg","datePublished":"2019-02-03T19:01:21+00:00","dateModified":"2025-05-19T08:16:36+00:00","description":"Combines the zipper locking structure with the thermal insulation multi-layer thickened door curtain at night, while ensuring the air tightness of the internal environment.","breadcrumb":{"@id":"https:\/\/seppeschina.com\/product\/premium-table\/#breadcrumb"},"inLanguage":"es-PE","potentialAction":[{"@type":"ReadAction","target":["https:\/\/seppeschina.com\/product\/premium-table\/"]}]},{"@type":"ImageObject","inLanguage":"es-PE","@id":"https:\/\/seppeschina.com\/product\/premium-table\/#primaryimage","url":"https:\/\/seppeschina.com\/wp-content\/uploads\/2019\/02\/\u4fdd\u6e29\u62c9\u94fe\u4eec.jpg","contentUrl":"https:\/\/seppeschina.com\/wp-content\/uploads\/2019\/02\/\u4fdd\u6e29\u62c9\u94fe\u4eec.jpg","width":750,"height":750,"caption":"cold storage high speed door"},{"@type":"BreadcrumbList","@id":"https:\/\/seppeschina.com\/product\/premium-table\/#breadcrumb","itemListElement":[{"@type":"ListItem","position":1,"name":"Home","item":"https:\/\/seppeschina.com\/"},{"@type":"ListItem","position":2,"name":"Shop","item":"https:\/\/seppeschina.com\/shop\/"},{"@type":"ListItem","position":3,"name":"2021 SEPPES Blue Double shaft Insulation High Speed Door with Geomagnetism HSD-200"}]},{"@type":"WebSite","@id":"https:\/\/seppeschina.com\/#website","url":"https:\/\/seppeschina.com\/","name":"SEPPES Door Industry","description":"China&#039;s Leading High Speed Door Manufacturer","potentialAction":[{"@type":"SearchAction","target":{"@type":"EntryPoint","urlTemplate":"https:\/\/seppeschina.com\/?s={search_term_string}"},"query-input":{"@type":"PropertyValueSpecification","valueRequired":true,"valueName":"search_term_string"}}],"inLanguage":"es-PE"}]}},"_links":{"self":[{"href":"https:\/\/seppeschina.com\/es_pe\/wp-json\/wp\/v2\/product\/8074","targetHints":{"allow":["GET"]}}],"collection":[{"href":"https:\/\/seppeschina.com\/es_pe\/wp-json\/wp\/v2\/product"}],"about":[{"href":"https:\/\/seppeschina.com\/es_pe\/wp-json\/wp\/v2\/types\/product"}],"replies":[{"embeddable":true,"href":"https:\/\/seppeschina.com\/es_pe\/wp-json\/wp\/v2\/comments?post=8074"}],"wp:featuredmedia":[{"embeddable":true,"href":"https:\/\/seppeschina.com\/es_pe\/wp-json\/wp\/v2\/media\/10046"}],"wp:attachment":[{"href":"https:\/\/seppeschina.com\/es_pe\/wp-json\/wp\/v2\/media?parent=8074"}],"wp:term":[{"taxonomy":"product_brand","embeddable":true,"href":"https:\/\/seppeschina.com\/es_pe\/wp-json\/wp\/v2\/product_brand?post=8074"},{"taxonomy":"product_cat","embeddable":true,"href":"https:\/\/seppeschina.com\/es_pe\/wp-json\/wp\/v2\/product_cat?post=8074"},{"taxonomy":"product_tag","embeddable":true,"href":"https:\/\/seppeschina.com\/es_pe\/wp-json\/wp\/v2\/product_tag?post=8074"}],"curies":[{"name":"wp","href":"https:\/\/api.w.org\/{rel}","templated":true}]}}