{"id":12519,"date":"2021-07-23T16:25:33","date_gmt":"2021-07-23T08:25:33","guid":{"rendered":"https:\/\/seppeschina.com\/?post_type=product&#038;p=12519"},"modified":"2023-03-14T10:05:48","modified_gmt":"2023-03-14T02:05:48","slug":"puerta-enrollable-de-alta-velocidad-2","status":"publish","type":"product","link":"https:\/\/seppeschina.com\/es\/product\/high-speed-roll-up-door\/","title":{"rendered":"Puerta enrollable de alta velocidad"},"content":{"rendered":"<p><span class=\"color-main\"><span style=\"color: #000000;\"><strong>Puerta enrollable de alta velocidad<\/strong> puede utilizarse ampliamente en talleres con aire acondicionado y plantas limpias de diversas industrias, como electr\u00f3nica, maquinaria, qu\u00edmica, textiles, refrigeraci\u00f3n, impresi\u00f3n, alimentaci\u00f3n, montaje de autom\u00f3viles, supermercados, log\u00edstica y almacenamiento. Entre ellas, la puerta enrollable r\u00e1pida que se abre y cierra autom\u00e1ticamente a alta velocidad. En f\u00e1bricas, almacenes, tiendas, etc., que buscan una gesti\u00f3n de calidad estricta, alta eficiencia y ahorro de costes, la apertura y cierre efectiva de las entradas y salidas es la clave para determinar la seguridad de las mercanc\u00edas y la eficiencia de la producci\u00f3n y las operaciones. <a style=\"color: #000000;\" href=\"https:\/\/www.alniff.com.sg\/?keyword_k=high%20speed%20door&amp;gclid=Cj0KCQjw0emHBhC1ARIsAL1QGNfRCfIjbQbc4EVyHLkUk3GiMcXwZwFnsHSE1LT3YvBiCt2pjTbodH0aAjqNEALw_wcB\" rel=\"nofollow noopener\" target=\"_blank\">Puertas r\u00e1pidas<\/a> son 20 veces m\u00e1s r\u00e1pidas que las puertas enrollables de acero, logrando una apertura y cierre de alta velocidad 50 veces por hora y una alta durabilidad.<\/span><a href=\"https:\/\/seppeschina.com\/es\/product\/puertas-rapidas-de-rodillo\/\"><img loading=\"lazy\" decoding=\"async\" class=\"aligncenter wp-image-12509 size-full\" title=\"Puerta de Alta Velocidad\" src=\"https:\/\/seppeschina.com\/wp-content\/uploads\/2021\/07\/fast-door-4.jpg\" alt=\"\" width=\"750\" height=\"748\" srcset=\"https:\/\/seppeschina.com\/wp-content\/uploads\/2021\/07\/fast-door-4.jpg 750w, https:\/\/seppeschina.com\/wp-content\/uploads\/2021\/07\/fast-door-4-360x359.jpg 360w, https:\/\/seppeschina.com\/wp-content\/uploads\/2021\/07\/fast-door-4-100x100.jpg 100w, https:\/\/seppeschina.com\/wp-content\/uploads\/2021\/07\/fast-door-4-600x598.jpg 600w, https:\/\/seppeschina.com\/wp-content\/uploads\/2021\/07\/fast-door-4-300x300.jpg 300w, https:\/\/seppeschina.com\/wp-content\/uploads\/2021\/07\/fast-door-4-150x150.jpg 150w, https:\/\/seppeschina.com\/wp-content\/uploads\/2021\/07\/fast-door-4-24x24.jpg 24w, https:\/\/seppeschina.com\/wp-content\/uploads\/2021\/07\/fast-door-4-48x48.jpg 48w, https:\/\/seppeschina.com\/wp-content\/uploads\/2021\/07\/fast-door-4-96x96.jpg 96w, https:\/\/seppeschina.com\/wp-content\/uploads\/2021\/07\/fast-door-4-364x364.jpg 364w, https:\/\/seppeschina.com\/wp-content\/uploads\/2021\/07\/fast-door-4-50x50.jpg 50w, https:\/\/seppeschina.com\/wp-content\/uploads\/2021\/07\/fast-door-4-110x110.jpg 110w, https:\/\/seppeschina.com\/wp-content\/uploads\/2021\/07\/fast-door-4-275x275.jpg 275w, https:\/\/seppeschina.com\/wp-content\/uploads\/2021\/07\/fast-door-4-480x480.jpg 480w, https:\/\/seppeschina.com\/wp-content\/uploads\/2021\/07\/fast-door-4-550x550.jpg 550w\" sizes=\"auto, (max-width: 750px) 100vw, 750px\" \/><\/a><a href=\"https:\/\/seppeschina.com\/es\/product\/china-manufacturer-pvc-rapid-rolling-door-for-industry\/\"><img loading=\"lazy\" decoding=\"async\" class=\"aligncenter wp-image-12510 size-full\" title=\"Puerta de Alta Velocidad\" src=\"https:\/\/seppeschina.com\/wp-content\/uploads\/2021\/07\/fast-door-5.jpg\" alt=\"\" width=\"750\" height=\"613\" srcset=\"https:\/\/seppeschina.com\/wp-content\/uploads\/2021\/07\/fast-door-5.jpg 750w, https:\/\/seppeschina.com\/wp-content\/uploads\/2021\/07\/fast-door-5-360x294.jpg 360w, https:\/\/seppeschina.com\/wp-content\/uploads\/2021\/07\/fast-door-5-600x490.jpg 600w, https:\/\/seppeschina.com\/wp-content\/uploads\/2021\/07\/fast-door-5-300x245.jpg 300w, https:\/\/seppeschina.com\/wp-content\/uploads\/2021\/07\/fast-door-5-550x450.jpg 550w\" sizes=\"auto, (max-width: 750px) 100vw, 750px\" \/><\/a><\/span>Comentarios sobre puertas enrollables de alta velocidad<span class=\"color-main\"><a href=\"https:\/\/seppeschina.com\/es\/caso-de-cooperacion\/\"><img loading=\"lazy\" decoding=\"async\" class=\"aligncenter wp-image-12511 size-full\" title=\"Puerta r\u00e1pida industrial\" src=\"https:\/\/seppeschina.com\/wp-content\/uploads\/2021\/07\/fast-door-6.jpg\" alt=\"\" width=\"750\" height=\"1466\" srcset=\"https:\/\/seppeschina.com\/wp-content\/uploads\/2021\/07\/fast-door-6.jpg 750w, https:\/\/seppeschina.com\/wp-content\/uploads\/2021\/07\/fast-door-6-360x704.jpg 360w, https:\/\/seppeschina.com\/wp-content\/uploads\/2021\/07\/fast-door-6-600x1173.jpg 600w, https:\/\/seppeschina.com\/wp-content\/uploads\/2021\/07\/fast-door-6-153x300.jpg 153w, https:\/\/seppeschina.com\/wp-content\/uploads\/2021\/07\/fast-door-6-524x1024.jpg 524w, https:\/\/seppeschina.com\/wp-content\/uploads\/2021\/07\/fast-door-6-281x550.jpg 281w\" sizes=\"auto, (max-width: 750px) 100vw, 750px\" \/><\/a><\/span><\/p>\n<p><a href=\"https:\/\/seppeschina.com\/es\/\"><img loading=\"lazy\" decoding=\"async\" class=\"aligncenter wp-image-12518 size-full\" title=\"Puerta de alta velocidad para almac\u00e9n\" src=\"https:\/\/seppeschina.com\/wp-content\/uploads\/2021\/07\/fast-door-8.jpg\" alt=\"\" width=\"750\" height=\"526\" srcset=\"https:\/\/seppeschina.com\/wp-content\/uploads\/2021\/07\/fast-door-8.jpg 750w, https:\/\/seppeschina.com\/wp-content\/uploads\/2021\/07\/fast-door-8-360x252.jpg 360w, https:\/\/seppeschina.com\/wp-content\/uploads\/2021\/07\/fast-door-8-600x421.jpg 600w, https:\/\/seppeschina.com\/wp-content\/uploads\/2021\/07\/fast-door-8-300x210.jpg 300w, https:\/\/seppeschina.com\/wp-content\/uploads\/2021\/07\/fast-door-8-550x386.jpg 550w\" sizes=\"auto, (max-width: 750px) 100vw, 750px\" \/><\/a><\/p>\n<p><span style=\"color: #000000;\">Puertas de alta velocidad SEPPES instaladas en varios talleres<\/span><span style=\"color: #000000;\">SEPPES se estableci\u00f3 en Suzhou, China, en 2011. Es una empresa manufacturera especializada en el suministro de equipos de puertas para plantas industriales. En los \u00faltimos a\u00f1os, debido a la continua expansi\u00f3n de la escala y la innovaci\u00f3n constante de productos, los principales productos incluyen ahora puertas industriales de alta velocidad, puertas industriales de elevaci\u00f3n, niveladores de muelle para almacenes, juntas para puertas de f\u00e1brica, ventiladores industriales, etc. A partir de 2015, SEPPES comenz\u00f3 a cooperar con clientes extranjeros, y les proporcionamos puertas de alta velocidad de gama alta para usar en sus talleres. Ahora SEPPES puede vender puertas en todo el mundo.<\/span><a href=\"https:\/\/seppeschina.com\/es\/\"><img loading=\"lazy\" decoding=\"async\" class=\"aligncenter wp-image-12514 size-full\" title=\"lugar de uso de puertas de alta velocidad\" src=\"https:\/\/seppeschina.com\/wp-content\/uploads\/2021\/07\/fast-door-12.jpg\" alt=\"\" width=\"750\" height=\"575\" srcset=\"https:\/\/seppeschina.com\/wp-content\/uploads\/2021\/07\/fast-door-12.jpg 750w, https:\/\/seppeschina.com\/wp-content\/uploads\/2021\/07\/fast-door-12-360x276.jpg 360w, https:\/\/seppeschina.com\/wp-content\/uploads\/2021\/07\/fast-door-12-600x460.jpg 600w, https:\/\/seppeschina.com\/wp-content\/uploads\/2021\/07\/fast-door-12-300x230.jpg 300w, https:\/\/seppeschina.com\/wp-content\/uploads\/2021\/07\/fast-door-12-550x422.jpg 550w\" sizes=\"auto, (max-width: 750px) 100vw, 750px\" \/><\/a><\/p>\n<p>&nbsp;<\/p>\n<p><a href=\"https:\/\/seppeschina.com\/es\/historia-de-la-empresa\/\"><img loading=\"lazy\" decoding=\"async\" class=\"aligncenter wp-image-12516 size-full\" title=\"Puerta de alta velocidad SEPPES\" src=\"https:\/\/seppeschina.com\/wp-content\/uploads\/2021\/07\/fast-door-9.jpg\" alt=\"\" width=\"750\" height=\"792\" srcset=\"https:\/\/seppeschina.com\/wp-content\/uploads\/2021\/07\/fast-door-9.jpg 750w, https:\/\/seppeschina.com\/wp-content\/uploads\/2021\/07\/fast-door-9-360x380.jpg 360w, https:\/\/seppeschina.com\/wp-content\/uploads\/2021\/07\/fast-door-9-600x634.jpg 600w, https:\/\/seppeschina.com\/wp-content\/uploads\/2021\/07\/fast-door-9-284x300.jpg 284w, https:\/\/seppeschina.com\/wp-content\/uploads\/2021\/07\/fast-door-9-24x24.jpg 24w, https:\/\/seppeschina.com\/wp-content\/uploads\/2021\/07\/fast-door-9-521x550.jpg 521w\" sizes=\"auto, (max-width: 750px) 100vw, 750px\" \/><\/a> <a href=\"https:\/\/seppeschina.com\/es\/historia-de-la-empresa\/\"><img loading=\"lazy\" decoding=\"async\" class=\"aligncenter wp-image-12512 size-full\" title=\"Puerta de Alta Velocidad\" src=\"https:\/\/seppeschina.com\/wp-content\/uploads\/2021\/07\/fast-door-7.jpg\" alt=\"\" width=\"750\" height=\"486\" srcset=\"https:\/\/seppeschina.com\/wp-content\/uploads\/2021\/07\/fast-door-7.jpg 750w, https:\/\/seppeschina.com\/wp-content\/uploads\/2021\/07\/fast-door-7-360x233.jpg 360w, https:\/\/seppeschina.com\/wp-content\/uploads\/2021\/07\/fast-door-7-600x389.jpg 600w, https:\/\/seppeschina.com\/wp-content\/uploads\/2021\/07\/fast-door-7-300x195.jpg 300w, https:\/\/seppeschina.com\/wp-content\/uploads\/2021\/07\/fast-door-7-128x84.jpg 128w, https:\/\/seppeschina.com\/wp-content\/uploads\/2021\/07\/fast-door-7-550x356.jpg 550w\" sizes=\"auto, (max-width: 750px) 100vw, 750px\" \/><\/a> <a href=\"https:\/\/seppeschina.com\/es\/historia-de-la-empresa\/\"><img loading=\"lazy\" decoding=\"async\" class=\"aligncenter wp-image-12513 size-full\" title=\"puerta de alta velocidad con CE\" src=\"https:\/\/seppeschina.com\/wp-content\/uploads\/2021\/07\/fast-door-11.jpg\" alt=\"\" width=\"750\" height=\"654\" srcset=\"https:\/\/seppeschina.com\/wp-content\/uploads\/2021\/07\/fast-door-11.jpg 750w, https:\/\/seppeschina.com\/wp-content\/uploads\/2021\/07\/fast-door-11-360x314.jpg 360w, https:\/\/seppeschina.com\/wp-content\/uploads\/2021\/07\/fast-door-11-600x523.jpg 600w, https:\/\/seppeschina.com\/wp-content\/uploads\/2021\/07\/fast-door-11-300x262.jpg 300w, https:\/\/seppeschina.com\/wp-content\/uploads\/2021\/07\/fast-door-11-550x480.jpg 550w\" sizes=\"auto, (max-width: 750px) 100vw, 750px\" \/><\/a> <a href=\"https:\/\/seppeschina.com\/es\/caso-de-cooperacion\/\"><img loading=\"lazy\" decoding=\"async\" class=\"aligncenter wp-image-12515 size-full\" title=\"PUERTAS DE ALTA VELOCIDAD SE VENDEN EN TODO EL MUNDO\" src=\"https:\/\/seppeschina.com\/wp-content\/uploads\/2021\/07\/fast-door-10.jpg\" alt=\"\" width=\"750\" height=\"618\" srcset=\"https:\/\/seppeschina.com\/wp-content\/uploads\/2021\/07\/fast-door-10.jpg 750w, https:\/\/seppeschina.com\/wp-content\/uploads\/2021\/07\/fast-door-10-360x297.jpg 360w, https:\/\/seppeschina.com\/wp-content\/uploads\/2021\/07\/fast-door-10-600x494.jpg 600w, https:\/\/seppeschina.com\/wp-content\/uploads\/2021\/07\/fast-door-10-300x247.jpg 300w, https:\/\/seppeschina.com\/wp-content\/uploads\/2021\/07\/fast-door-10-550x453.jpg 550w\" sizes=\"auto, (max-width: 750px) 100vw, 750px\" \/><\/a> <a href=\"https:\/\/seppeschina.com\/es\/historia-de-la-empresa\/\"><img loading=\"lazy\" decoding=\"async\" class=\"aligncenter wp-image-12517 size-full\" title=\"Puerta de Alta Velocidad\" src=\"https:\/\/seppeschina.com\/wp-content\/uploads\/2021\/07\/fast-door-1.jpg\" alt=\"\" width=\"750\" height=\"782\" srcset=\"https:\/\/seppeschina.com\/wp-content\/uploads\/2021\/07\/fast-door-1.jpg 750w, https:\/\/seppeschina.com\/wp-content\/uploads\/2021\/07\/fast-door-1-360x375.jpg 360w, https:\/\/seppeschina.com\/wp-content\/uploads\/2021\/07\/fast-door-1-600x626.jpg 600w, https:\/\/seppeschina.com\/wp-content\/uploads\/2021\/07\/fast-door-1-288x300.jpg 288w, https:\/\/seppeschina.com\/wp-content\/uploads\/2021\/07\/fast-door-1-24x24.jpg 24w, https:\/\/seppeschina.com\/wp-content\/uploads\/2021\/07\/fast-door-1-527x550.jpg 527w\" sizes=\"auto, (max-width: 750px) 100vw, 750px\" \/><\/a><\/p>\n<p><a href=\"https:\/\/seppeschina.com\/es\/\"><img loading=\"lazy\" decoding=\"async\" class=\"aligncenter wp-image-12508 size-full\" title=\"Puerta de Alta Velocidad\" src=\"https:\/\/seppeschina.com\/wp-content\/uploads\/2021\/07\/fast-door-3.jpg\" alt=\"\" width=\"750\" height=\"734\" srcset=\"https:\/\/seppeschina.com\/wp-content\/uploads\/2021\/07\/fast-door-3.jpg 750w, https:\/\/seppeschina.com\/wp-content\/uploads\/2021\/07\/fast-door-3-360x352.jpg 360w, https:\/\/seppeschina.com\/wp-content\/uploads\/2021\/07\/fast-door-3-600x587.jpg 600w, https:\/\/seppeschina.com\/wp-content\/uploads\/2021\/07\/fast-door-3-300x294.jpg 300w, https:\/\/seppeschina.com\/wp-content\/uploads\/2021\/07\/fast-door-3-24x24.jpg 24w, https:\/\/seppeschina.com\/wp-content\/uploads\/2021\/07\/fast-door-3-48x48.jpg 48w, https:\/\/seppeschina.com\/wp-content\/uploads\/2021\/07\/fast-door-3-50x50.jpg 50w, https:\/\/seppeschina.com\/wp-content\/uploads\/2021\/07\/fast-door-3-550x538.jpg 550w\" sizes=\"auto, (max-width: 750px) 100vw, 750px\" \/><\/a>\n<div class=\"wpcf7 no-js\" id=\"wpcf7-f1555-o1\" lang=\"en-US\" dir=\"ltr\" data-wpcf7-id=\"1555\">\n<div class=\"screen-reader-response\"><p role=\"status\" aria-live=\"polite\" aria-atomic=\"true\"><\/p> <ul><\/ul><\/div>\n<form action=\"\/es\/wp-json\/wp\/v2\/product\/12519#wpcf7-f1555-o1\" method=\"post\" class=\"wpcf7-form init\" aria-label=\"Contact form\" novalidate=\"novalidate\" data-status=\"init\" data-trp-original-action=\"\/es\/wp-json\/wp\/v2\/product\/12519#wpcf7-f1555-o1\">\n<fieldset class=\"hidden-fields-container\"><input type=\"hidden\" name=\"_wpcf7\" value=\"1555\" \/><input type=\"hidden\" name=\"_wpcf7_version\" value=\"6.1.4\" \/><input type=\"hidden\" name=\"_wpcf7_locale\" value=\"en_US\" \/><input type=\"hidden\" name=\"_wpcf7_unit_tag\" value=\"wpcf7-f1555-o1\" \/><input type=\"hidden\" name=\"_wpcf7_container_post\" value=\"0\" \/><input type=\"hidden\" name=\"_wpcf7_posted_data_hash\" value=\"\" \/><input type=\"hidden\" name=\"_wpcf7_recaptcha_response\" value=\"\" \/>\n<\/fieldset>\n<div class=\"hunkcf71\">\n\t<p class=\"cf7-title\" style=\"font-size:25px;\"><i class=\"fa fa-envelope-o\"><\/i> \u00a1Responderemos a su correo electr\u00f3nico en breve!\n\t<\/p>\n\t<p><span class=\"wpcf7-form-control-wrap\" data-name=\"text-737\"><input size=\"40\" maxlength=\"400\" class=\"wpcf7-form-control wpcf7-text wpcf7-validates-as-required\" aria-required=\"true\" aria-invalid=\"false\" placeholder=\"Su nombre*\" value=\"\" type=\"text\" name=\"text-737\" \/><\/span>\n\t<\/p>\n\t<p><span class=\"wpcf7-form-control-wrap\" data-name=\"email-193\"><input size=\"40\" maxlength=\"400\" class=\"wpcf7-form-control wpcf7-email wpcf7-validates-as-required wpcf7-text wpcf7-validates-as-email\" aria-required=\"true\" aria-invalid=\"false\" placeholder=\"Direcci\u00f3n de correo electr\u00f3nico*\" value=\"\" type=\"email\" name=\"email-193\" \/><\/span>\n\t<\/p>\n\t<p><span class=\"wpcf7-form-control-wrap\" data-name=\"text-738\"><input size=\"40\" maxlength=\"400\" class=\"wpcf7-form-control wpcf7-text\" aria-invalid=\"false\" placeholder=\"N\u00famero de tel\u00e9fono\" value=\"\" type=\"text\" name=\"text-738\" \/><\/span>\n\t<\/p>\n\t<p><span class=\"wpcf7-form-control-wrap\" data-name=\"textarea-837\"><textarea cols=\"40\" rows=\"10\" maxlength=\"2000\" class=\"wpcf7-form-control wpcf7-textarea wpcf7-validates-as-required\" aria-required=\"true\" aria-invalid=\"false\" placeholder=\"Describa su necesidad de la manera m\u00e1s espec\u00edfica posible*\" name=\"textarea-837\"><\/textarea><\/span>\n\t<\/p>\n\t<p><input class=\"wpcf7-form-control wpcf7-submit has-spinner\" type=\"submit\" value=\"Enviar\" \/>\n\t<\/p>\n<\/div><div class=\"wpcf7-response-output\" aria-hidden=\"true\"><\/div>\n<input type=\"hidden\" name=\"trp-form-language\" value=\"es\"\/><\/form>\n<\/div>","protected":false},"excerpt":{"rendered":"<p><span class=\"color-main\"><span style=\"color: #000000;\">High speed roll up door can be widely used in air-conditioned workshops and clean plants in various industries such as<\/span><\/span><\/p>\n[video width=\"1280\" height=\"720\" mp4=\"https:\/\/seppeschina.com\/wp-content\/uploads\/2021\/07\/1.mp4\"][\/video]\n","protected":false},"featured_media":12520,"comment_status":"open","ping_status":"closed","template":"","meta":[],"product_brand":[],"product_cat":[309],"product_tag":[420,419,423,421,422],"class_list":{"0":"post-12519","1":"product","2":"type-product","3":"status-publish","4":"has-post-thumbnail","6":"product_cat-high-speed-door","7":"product_tag-air-shower-high-speed-door","8":"product_tag-cargo-shower-room-high-speed-door","9":"product_tag-electric-high-speed-door","10":"product_tag-purification-workshop-high-speed-door","11":"product_tag-warehouse-high-speed-door","14":"first","15":"instock","16":"shipping-taxable","17":"product-type-simple"},"_links":{"self":[{"href":"https:\/\/seppeschina.com\/es\/wp-json\/wp\/v2\/product\/12519","targetHints":{"allow":["GET"]}}],"collection":[{"href":"https:\/\/seppeschina.com\/es\/wp-json\/wp\/v2\/product"}],"about":[{"href":"https:\/\/seppeschina.com\/es\/wp-json\/wp\/v2\/types\/product"}],"replies":[{"embeddable":true,"href":"https:\/\/seppeschina.com\/es\/wp-json\/wp\/v2\/comments?post=12519"}],"wp:featuredmedia":[{"embeddable":true,"href":"https:\/\/seppeschina.com\/es\/wp-json\/wp\/v2\/media\/12520"}],"wp:attachment":[{"href":"https:\/\/seppeschina.com\/es\/wp-json\/wp\/v2\/media?parent=12519"}],"wp:term":[{"taxonomy":"product_brand","embeddable":true,"href":"https:\/\/seppeschina.com\/es\/wp-json\/wp\/v2\/product_brand?post=12519"},{"taxonomy":"product_cat","embeddable":true,"href":"https:\/\/seppeschina.com\/es\/wp-json\/wp\/v2\/product_cat?post=12519"},{"taxonomy":"product_tag","embeddable":true,"href":"https:\/\/seppeschina.com\/es\/wp-json\/wp\/v2\/product_tag?post=12519"}],"curies":[{"name":"wp","href":"https:\/\/api.w.org\/{rel}","templated":true}]}}