{"id":8068,"date":"2019-02-03T19:01:21","date_gmt":"2019-02-03T19:01:21","guid":{"rendered":"https:\/\/seppeschina.com\/?post_type=product&#038;p=8068"},"modified":"2025-05-19T16:16:57","modified_gmt":"2025-05-19T08:16:57","slug":"seppes-puerta-rapida-de-enrollar-de-aleacion-de-aluminio","status":"publish","type":"product","link":"https:\/\/seppeschina.com\/es\/product\/seppes-aluminium-alloy-fast-rolling-door\/","title":{"rendered":"Puerta de Enrollamiento R\u00e1pido de Aleaci\u00f3n de Aluminio SEPPES"},"content":{"rendered":"<div class=\"J_module\">\n<div class=\"J_module\">\n<div class=\"detail-decorate-json-renderer-container\">\n<div class=\"magic-4\">\n<div class=\"magic-5\">\n<div class=\"magic-6\">\n<div class=\"magic-7\"><\/div>\n<\/div>\n<\/div>\n<\/div>\n<\/div>\n<\/div>\n<\/div>\n<div class=\"J_module\">\n<div class=\"detail-decorate-json-renderer-container\">\n<div class=\"magic-4\">\n<div class=\"magic-5\">\n<div class=\"magic-6\">\n<div style=\"width: 626px;\" class=\"wp-video\"><video class=\"wp-video-shortcode\" id=\"video-8068-1\" width=\"626\" height=\"360\" preload=\"metadata\" controls=\"controls\"><source type=\"video\/mp4\" src=\"https:\/\/seppeschina.com\/wp-content\/uploads\/2019\/02\/\u94dd\u5408\u91d1\u5feb\u901f\u95e82.mp4?_=1\" \/><a href=\"https:\/\/seppeschina.com\/wp-content\/uploads\/2019\/02\/\u94dd\u5408\u91d1\u5feb\u901f\u95e82.mp4\">https:\/\/seppeschina.com\/wp-content\/uploads\/2019\/02\/\u94dd\u5408\u91d1\u5feb\u901f\u95e82.mp4<\/a><\/video><\/div>\n<h3 id=\"ali-anchor-AliMagic-8jtvoa\" class=\"magic-3\" data-section=\"AliMagic-8jtvoa\" data-section-title=\"Product Description\" data-spm-anchor-id=\"a2700.details.pronpeci14.i4.5538182dAt3BAX\"><strong>Descripci\u00f3n del Producto<\/strong><\/h3>\n<div class=\"J_module\">\n<div class=\"detail-decorate-json-renderer-container\">\n<div class=\"magic-4\">\n<div class=\"magic-5\">\n<div class=\"magic-6\">\n<div class=\"magic-7\"><span class=\"magic-8\" style=\"font-family: Arial;\"> <span data-spm-anchor-id=\"a2700.details.pronpeci14.i3.5538182dAt3BAX\">Nuestra puerta r\u00e1pida enrollable de aleaci\u00f3n de aluminio es una soluci\u00f3n pr\u00e1ctica para cruzar de manera r\u00e1pida y segura durante controles en aeropuertos, estaciones de tren y autobuses. La cortina, fabricada en aleaci\u00f3n de aluminio, es segura, duradera, permite aperturas frecuentes y puede abrirse autom\u00e1ticamente.<\/span><\/span><\/div>\n<div><\/div>\n<div>\n<div class=\"J_module\">\n<h3 id=\"ali-anchor-AliMagic-tt4tva\" class=\"magic-3\" data-section=\"AliMagic-tt4tva\" data-section-title=\"Charactor\" data-spm-anchor-id=\"a2700.details.pronpeci14.i5.5538182dAt3BAX\"><span class=\"VIiyi\" lang=\"en\"><span class=\"JLqJ4b ChMk0b\" data-language-for-alternatives=\"en\" data-language-to-translate-into=\"zh-CN\" data-phrase-index=\"0\">Caracter\u00edstica<\/span><\/span><\/h3>\n<\/div>\n<div class=\"J_module\">\n<div class=\"detail-decorate-json-renderer-container\">\n<div class=\"magic-4\">\n<div class=\"magic-9\">\n<div class=\"magic-6\">\n<table class=\"has-title all magic-13\" data-id=\"table0\">\n<tbody>\n<tr>\n<td colspan=\"1\" rowspan=\"1\">\n<div class=\"magic-14\" data-spm-anchor-id=\"a2700.details.pronpeci14.i6.5538182dAt3BAX\">Velocidad de apertura<\/div>\n<\/td>\n<td colspan=\"1\" rowspan=\"1\">\n<div class=\"magic-15\">1.2-2.0 m\/s<\/div>\n<\/td>\n<\/tr>\n<tr>\n<td colspan=\"1\" rowspan=\"1\">\n<div class=\"magic-14\">Modo de apertura<\/div>\n<\/td>\n<td colspan=\"1\" rowspan=\"1\">\n<div class=\"magic-15\">Autom\u00e1tico y manual<\/div>\n<\/td>\n<\/tr>\n<tr>\n<td colspan=\"1\" rowspan=\"1\">\n<div class=\"magic-14\">Material de la cortina<\/div>\n<\/td>\n<td colspan=\"1\" rowspan=\"1\">\n<div class=\"magic-15\">Aleaci\u00f3n de aluminio<\/div>\n<\/td>\n<\/tr>\n<tr>\n<td colspan=\"1\" rowspan=\"1\">\n<div class=\"magic-14\">Marco de la puerta<\/div>\n<\/td>\n<td colspan=\"1\" rowspan=\"1\">\n<div class=\"magic-15\">Aleaci\u00f3n de aluminio<\/div>\n<\/td>\n<\/tr>\n<tr>\n<td colspan=\"1\" rowspan=\"1\">\n<div class=\"magic-14\">Lugar de aplicaci\u00f3n<\/div>\n<\/td>\n<td colspan=\"1\" rowspan=\"1\">\n<div class=\"magic-15\">F\u00e1bricas, aeropuertos, estaciones de carga, estaciones de autobuses, etc.<\/div>\n<\/td>\n<\/tr>\n<tr>\n<td colspan=\"1\" rowspan=\"1\">\n<div class=\"magic-14\">Ventaja<\/div>\n<\/td>\n<td colspan=\"1\" rowspan=\"1\">\n<div class=\"magic-15\">Uso frecuente, arranque r\u00e1pido<\/div>\n<\/td>\n<\/tr>\n<tr>\n<td colspan=\"1\" rowspan=\"1\">\n<div class=\"magic-16\">Voltaje<\/div>\n<\/td>\n<td colspan=\"1\" rowspan=\"1\">\n<div class=\"magic-17\">220V\/380V<\/div>\n<\/td>\n<\/tr>\n<tr>\n<td colspan=\"1\" rowspan=\"1\">\n<div class=\"magic-16\">Sistema de control<\/div>\n<\/td>\n<td colspan=\"1\" rowspan=\"1\">\n<div class=\"magic-17\">Motor servo e interfaz en ingl\u00e9s<\/div>\n<\/td>\n<\/tr>\n<\/tbody>\n<\/table>\n<div><\/div>\n<div class=\"J_module\">\n<div class=\"detail-decorate-json-renderer-container\">\n<div class=\"magic-4\">\n<div class=\"magic-5\">\n<div class=\"magic-6\">\n<div class=\"magic-7\">\n<h3 class=\"magic-18\"><span class=\"magic-8\"><b data-spm-anchor-id=\"a2700.details.pronpeci14.i8.5538182dAt3BAX\">Estructura de la puerta<\/b><\/span><\/h3>\n<div><img loading=\"lazy\" decoding=\"async\" class=\"alignnone wp-image-10075\" src=\"https:\/\/seppeschina.com\/wp-content\/uploads\/2019\/02\/\u94dd\u5408\u91d1\u5feb\u901f\u95e81.jpg\" alt=\"\" width=\"600\" height=\"600\" srcset=\"https:\/\/seppeschina.com\/wp-content\/uploads\/2019\/02\/\u94dd\u5408\u91d1\u5feb\u901f\u95e81.jpg 750w, https:\/\/seppeschina.com\/wp-content\/uploads\/2019\/02\/\u94dd\u5408\u91d1\u5feb\u901f\u95e81-360x360.jpg 360w, https:\/\/seppeschina.com\/wp-content\/uploads\/2019\/02\/\u94dd\u5408\u91d1\u5feb\u901f\u95e81-100x100.jpg 100w, https:\/\/seppeschina.com\/wp-content\/uploads\/2019\/02\/\u94dd\u5408\u91d1\u5feb\u901f\u95e81-600x600.jpg 600w, https:\/\/seppeschina.com\/wp-content\/uploads\/2019\/02\/\u94dd\u5408\u91d1\u5feb\u901f\u95e81-300x300.jpg 300w, https:\/\/seppeschina.com\/wp-content\/uploads\/2019\/02\/\u94dd\u5408\u91d1\u5feb\u901f\u95e81-150x150.jpg 150w, https:\/\/seppeschina.com\/wp-content\/uploads\/2019\/02\/\u94dd\u5408\u91d1\u5feb\u901f\u95e81-24x24.jpg 24w, https:\/\/seppeschina.com\/wp-content\/uploads\/2019\/02\/\u94dd\u5408\u91d1\u5feb\u901f\u95e81-48x48.jpg 48w, https:\/\/seppeschina.com\/wp-content\/uploads\/2019\/02\/\u94dd\u5408\u91d1\u5feb\u901f\u95e81-96x96.jpg 96w, https:\/\/seppeschina.com\/wp-content\/uploads\/2019\/02\/\u94dd\u5408\u91d1\u5feb\u901f\u95e81-364x364.jpg 364w, https:\/\/seppeschina.com\/wp-content\/uploads\/2019\/02\/\u94dd\u5408\u91d1\u5feb\u901f\u95e81-50x50.jpg 50w, https:\/\/seppeschina.com\/wp-content\/uploads\/2019\/02\/\u94dd\u5408\u91d1\u5feb\u901f\u95e81-110x110.jpg 110w, https:\/\/seppeschina.com\/wp-content\/uploads\/2019\/02\/\u94dd\u5408\u91d1\u5feb\u901f\u95e81-275x275.jpg 275w, https:\/\/seppeschina.com\/wp-content\/uploads\/2019\/02\/\u94dd\u5408\u91d1\u5feb\u901f\u95e81-480x480.jpg 480w, https:\/\/seppeschina.com\/wp-content\/uploads\/2019\/02\/\u94dd\u5408\u91d1\u5feb\u901f\u95e81-550x550.jpg 550w\" sizes=\"auto, (max-width: 600px) 100vw, 600px\" \/><\/div>\n<div>\n<h3 class=\"magic-18\"><span class=\"magic-8\"><b data-spm-anchor-id=\"a2700.details.pronpeci14.i11.5538182dAt3BAX\">Opciones de color<\/b><\/span><\/h3>\n<p class=\"magic-18\"><span class=\"magic-8\" style=\"color: #000000;\">El color de la cortina puede ser amarillo, azul, gris, o personalizado seg\u00fan requerimiento.<\/span><\/p>\n<div><img loading=\"lazy\" decoding=\"async\" class=\"aligncenter wp-image-10070\" src=\"https:\/\/seppeschina.com\/wp-content\/uploads\/2019\/02\/\u786c\u5feb\u989c\u8272.jpg\" alt=\"\" width=\"600\" height=\"600\" srcset=\"https:\/\/seppeschina.com\/wp-content\/uploads\/2019\/02\/\u786c\u5feb\u989c\u8272.jpg 750w, https:\/\/seppeschina.com\/wp-content\/uploads\/2019\/02\/\u786c\u5feb\u989c\u8272-360x360.jpg 360w, https:\/\/seppeschina.com\/wp-content\/uploads\/2019\/02\/\u786c\u5feb\u989c\u8272-100x100.jpg 100w, https:\/\/seppeschina.com\/wp-content\/uploads\/2019\/02\/\u786c\u5feb\u989c\u8272-600x600.jpg 600w, https:\/\/seppeschina.com\/wp-content\/uploads\/2019\/02\/\u786c\u5feb\u989c\u8272-300x300.jpg 300w, https:\/\/seppeschina.com\/wp-content\/uploads\/2019\/02\/\u786c\u5feb\u989c\u8272-150x150.jpg 150w, https:\/\/seppeschina.com\/wp-content\/uploads\/2019\/02\/\u786c\u5feb\u989c\u8272-24x24.jpg 24w, https:\/\/seppeschina.com\/wp-content\/uploads\/2019\/02\/\u786c\u5feb\u989c\u8272-48x48.jpg 48w, https:\/\/seppeschina.com\/wp-content\/uploads\/2019\/02\/\u786c\u5feb\u989c\u8272-96x96.jpg 96w, https:\/\/seppeschina.com\/wp-content\/uploads\/2019\/02\/\u786c\u5feb\u989c\u8272-364x364.jpg 364w, https:\/\/seppeschina.com\/wp-content\/uploads\/2019\/02\/\u786c\u5feb\u989c\u8272-50x50.jpg 50w, https:\/\/seppeschina.com\/wp-content\/uploads\/2019\/02\/\u786c\u5feb\u989c\u8272-110x110.jpg 110w, https:\/\/seppeschina.com\/wp-content\/uploads\/2019\/02\/\u786c\u5feb\u989c\u8272-275x275.jpg 275w, https:\/\/seppeschina.com\/wp-content\/uploads\/2019\/02\/\u786c\u5feb\u989c\u8272-480x480.jpg 480w, https:\/\/seppeschina.com\/wp-content\/uploads\/2019\/02\/\u786c\u5feb\u989c\u8272-550x550.jpg 550w\" sizes=\"auto, (max-width: 600px) 100vw, 600px\" \/><\/div>\n<div><\/div>\n<div><\/div>\n<\/div>\n<\/div>\n<\/div>\n<\/div>\n<\/div>\n<\/div>\n<\/div>\n<div class=\"J_module\">\n<div class=\"icbu-pc-images magic-0\">\n<div class=\"flex-layout-v\">\n<div class=\"flex-layout-h magic-0\">\n<h3 class=\"magic-18\"><span class=\"magic-8\"><b data-spm-anchor-id=\"a2700.details.pronpeci14.i8.5538182dAt3BAX\">Modos de apertura de la puerta<\/b><\/span><\/h3>\n<div>Nuestra puerta ofrece modos de apertura mediante sensor radar, lazo inductivo, cuerda de tracci\u00f3n, cortina de luz infrarroja, entre otros.<\/div>\n<div><img loading=\"lazy\" decoding=\"async\" class=\"aligncenter wp-image-12010\" src=\"https:\/\/seppeschina.com\/wp-content\/uploads\/2021\/04\/gray-opening-picture.jpg\" alt=\"\" width=\"600\" height=\"600\" srcset=\"https:\/\/seppeschina.com\/wp-content\/uploads\/2021\/04\/gray-opening-picture.jpg 750w, https:\/\/seppeschina.com\/wp-content\/uploads\/2021\/04\/gray-opening-picture-360x360.jpg 360w, https:\/\/seppeschina.com\/wp-content\/uploads\/2021\/04\/gray-opening-picture-100x100.jpg 100w, https:\/\/seppeschina.com\/wp-content\/uploads\/2021\/04\/gray-opening-picture-600x600.jpg 600w, https:\/\/seppeschina.com\/wp-content\/uploads\/2021\/04\/gray-opening-picture-300x300.jpg 300w, https:\/\/seppeschina.com\/wp-content\/uploads\/2021\/04\/gray-opening-picture-150x150.jpg 150w, https:\/\/seppeschina.com\/wp-content\/uploads\/2021\/04\/gray-opening-picture-24x24.jpg 24w, https:\/\/seppeschina.com\/wp-content\/uploads\/2021\/04\/gray-opening-picture-48x48.jpg 48w, https:\/\/seppeschina.com\/wp-content\/uploads\/2021\/04\/gray-opening-picture-96x96.jpg 96w, https:\/\/seppeschina.com\/wp-content\/uploads\/2021\/04\/gray-opening-picture-364x364.jpg 364w, https:\/\/seppeschina.com\/wp-content\/uploads\/2021\/04\/gray-opening-picture-50x50.jpg 50w, https:\/\/seppeschina.com\/wp-content\/uploads\/2021\/04\/gray-opening-picture-110x110.jpg 110w, https:\/\/seppeschina.com\/wp-content\/uploads\/2021\/04\/gray-opening-picture-275x275.jpg 275w, https:\/\/seppeschina.com\/wp-content\/uploads\/2021\/04\/gray-opening-picture-480x480.jpg 480w, https:\/\/seppeschina.com\/wp-content\/uploads\/2021\/04\/gray-opening-picture-550x550.jpg 550w\" sizes=\"auto, (max-width: 600px) 100vw, 600px\" \/><\/div>\n<div>\n<h3><strong><b>Perfil de la Empresa<\/b><\/strong><\/h3>\n<p><img loading=\"lazy\" decoding=\"async\" class=\"aligncenter wp-image-11606 size-full\" src=\"https:\/\/seppeschina.com\/wp-content\/uploads\/2021\/03\/seppes-door8.gif\" alt=\"\" width=\"600\" height=\"502\"><\/p>\n<h3><b data-spm-anchor-id=\"a2700.details.pronpeci14.i1.54614b77C31x07\">Exhibici\u00f3n de f\u00e1brica<\/b><\/h3>\n<p><img loading=\"lazy\" decoding=\"async\" class=\"aligncenter wp-image-11604 size-full\" src=\"https:\/\/seppeschina.com\/wp-content\/uploads\/2021\/03\/seppes-door6.gif\" alt=\"\" width=\"600\" height=\"358\"><\/p>\n<h3><b>Exposici\u00f3n<\/b><\/h3>\n<p>Esta es una foto grupal tomada por nuestros clientes extranjeros durante su visita a nuestra empresa, incluyendo pa\u00edses como Estados Unidos, Australia, Espa\u00f1a, Chile, Israel, entre otros.<\/p>\n<p><img loading=\"lazy\" decoding=\"async\" class=\"aligncenter wp-image-11605 size-full\" src=\"https:\/\/seppeschina.com\/wp-content\/uploads\/2021\/03\/seppes-door7.gif\" alt=\"\" width=\"600\" height=\"338\"><\/p>\n<h3>Nuestros socios<\/h3>\n<p>Convertirse en proveedor cooperativo de casi 60 empresas Fortune 500 como IKEA, Logitech, Fresenius, Akzo Nobel, etc.<\/p>\n<p><img loading=\"lazy\" decoding=\"async\" class=\"aligncenter wp-image-11608 size-full\" src=\"https:\/\/seppeschina.com\/wp-content\/uploads\/2021\/03\/seppes-door10.gif\" alt=\"\" width=\"600\" height=\"491\"><\/p>\n<h3>Certificaciones<\/h3>\n<p><img loading=\"lazy\" decoding=\"async\" class=\"wp-image-9887 aligncenter\" src=\"https:\/\/seppeschina.com\/wp-content\/uploads\/2019\/04\/certification.jpg\" sizes=\"auto, (max-width: 600px) 100vw, 600px\" srcset=\"https:\/\/seppeschina.com\/wp-content\/uploads\/2019\/04\/certification.jpg 750w, https:\/\/seppeschina.com\/wp-content\/uploads\/2019\/04\/certification-150x150.jpg 150w, https:\/\/seppeschina.com\/wp-content\/uploads\/2019\/04\/certification-300x300.jpg 300w, https:\/\/seppeschina.com\/wp-content\/uploads\/2019\/04\/certification-360x360.jpg 360w, https:\/\/seppeschina.com\/wp-content\/uploads\/2019\/04\/certification-600x600.jpg 600w, https:\/\/seppeschina.com\/wp-content\/uploads\/2019\/04\/certification-100x100.jpg 100w, https:\/\/seppeschina.com\/wp-content\/uploads\/2019\/04\/certification-24x24.jpg 24w, https:\/\/seppeschina.com\/wp-content\/uploads\/2019\/04\/certification-48x48.jpg 48w, https:\/\/seppeschina.com\/wp-content\/uploads\/2019\/04\/certification-96x96.jpg 96w, https:\/\/seppeschina.com\/wp-content\/uploads\/2019\/04\/certification-364x364.jpg 364w, https:\/\/seppeschina.com\/wp-content\/uploads\/2019\/04\/certification-50x50.jpg 50w, https:\/\/seppeschina.com\/wp-content\/uploads\/2019\/04\/certification-110x110.jpg 110w, https:\/\/seppeschina.com\/wp-content\/uploads\/2019\/04\/certification-275x275.jpg 275w, https:\/\/seppeschina.com\/wp-content\/uploads\/2019\/04\/certification-480x480.jpg 480w, https:\/\/seppeschina.com\/wp-content\/uploads\/2019\/04\/certification-550x550.jpg 550w\" alt=\"\" width=\"600\" height=\"600\"><\/p>\n<h3>Ventajas<\/h3>\n<p><img loading=\"lazy\" decoding=\"async\" class=\"aligncenter size-full wp-image-11976\" src=\"https:\/\/seppeschina.com\/wp-content\/uploads\/2019\/04\/%E5%BF%AB%E9%80%9F%E9%97%A8_02.gif\" alt=\"\" width=\"600\" height=\"797\"><\/p>\n<p>1.\u00a0<strong>Conveniente<\/strong>: Dise\u00f1o innovador de interfaz hombre-m\u00e1quina; interfaz de uso y mantenimiento conveniente.<\/p>\n<p>2.\u00a0<strong>R\u00e1pida<\/strong>: Cientos de ciclos diarios de apertura y cierre; velocidad de apertura de 1.0-1.2 m\/s.<\/p>\n<p>3.\u00a0<strong>Resistencia<\/strong>: Utiliza cortina de tejido de PVC de alta resistencia de base de marca importada con funci\u00f3n de autolimpieza superficial.<\/p>\n<p>4.\u00a0<strong>Estanqueidad<\/strong>: Equipada con un innovador cepillo sellador tipo casete de doble fila.<\/p>\n<p>5.\u00a0<strong>Estabilidad<\/strong>: Equipada con sistema de control de marca alemana; unidad de accionamiento servo de alta precisi\u00f3n.<\/p>\n<p>6.\u00a0<strong>Inteligente<\/strong>: Chip inteligente loT integrado para lograr una integraci\u00f3n inteligente y potente.<\/p>\n<p>7.\u00a0<strong>Est\u00e9tica<\/strong>: Utiliza marco de puerta con corte l\u00e1ser autom\u00e1tico y componentes de precisi\u00f3n.<\/p>\n<p>8.\u00a0<b data-spm-anchor-id=\"a2700.details.pronpeci14.i8.12355170Y9xOFu\">Seguridad<\/b>: Dispositivo de protecci\u00f3n de seguridad est\u00e1ndar anti-atrapamiento por infrarrojos.<\/p>\n<h3>Casos de aplicaci\u00f3n<\/h3>\n<p><img loading=\"lazy\" decoding=\"async\" class=\"aligncenter wp-image-11612 size-full\" src=\"https:\/\/seppeschina.com\/wp-content\/uploads\/2021\/03\/seppes-door2.jpg\" sizes=\"auto, (max-width: 600px) 100vw, 600px\" srcset=\"https:\/\/seppeschina.com\/wp-content\/uploads\/2021\/03\/seppes-door2.jpg 600w, https:\/\/seppeschina.com\/wp-content\/uploads\/2021\/03\/seppes-door2-249x300.jpg 249w, https:\/\/seppeschina.com\/wp-content\/uploads\/2021\/03\/seppes-door2-360x434.jpg 360w, https:\/\/seppeschina.com\/wp-content\/uploads\/2021\/03\/seppes-door2-456x550.jpg 456w\" alt=\"\" width=\"600\" height=\"723\"><\/p>\n<h3>Entrega y Embalaje<\/h3>\n<p>Nuestro m\u00e9todo de embalaje es caja de madera, y los m\u00e9todos de transporte incluyen mensajer\u00eda, a\u00e9reo y mar\u00edtimo. Normalmente 3-7 d\u00edas despu\u00e9s de realizar el pedido.<\/p>\n<p><img loading=\"lazy\" decoding=\"async\" class=\"wp-image-9880 aligncenter\" src=\"https:\/\/seppeschina.com\/wp-content\/uploads\/2019\/04\/shipping.jpg\" sizes=\"auto, (max-width: 600px) 100vw, 600px\" srcset=\"https:\/\/seppeschina.com\/wp-content\/uploads\/2019\/04\/shipping.jpg 750w, https:\/\/seppeschina.com\/wp-content\/uploads\/2019\/04\/shipping-150x150.jpg 150w, https:\/\/seppeschina.com\/wp-content\/uploads\/2019\/04\/shipping-300x300.jpg 300w, https:\/\/seppeschina.com\/wp-content\/uploads\/2019\/04\/shipping-360x360.jpg 360w, https:\/\/seppeschina.com\/wp-content\/uploads\/2019\/04\/shipping-600x600.jpg 600w, https:\/\/seppeschina.com\/wp-content\/uploads\/2019\/04\/shipping-100x100.jpg 100w, https:\/\/seppeschina.com\/wp-content\/uploads\/2019\/04\/shipping-24x24.jpg 24w, https:\/\/seppeschina.com\/wp-content\/uploads\/2019\/04\/shipping-48x48.jpg 48w, https:\/\/seppeschina.com\/wp-content\/uploads\/2019\/04\/shipping-96x96.jpg 96w, https:\/\/seppeschina.com\/wp-content\/uploads\/2019\/04\/shipping-364x364.jpg 364w, https:\/\/seppeschina.com\/wp-content\/uploads\/2019\/04\/shipping-50x50.jpg 50w, https:\/\/seppeschina.com\/wp-content\/uploads\/2019\/04\/shipping-110x110.jpg 110w, https:\/\/seppeschina.com\/wp-content\/uploads\/2019\/04\/shipping-275x275.jpg 275w, https:\/\/seppeschina.com\/wp-content\/uploads\/2019\/04\/shipping-480x480.jpg 480w, https:\/\/seppeschina.com\/wp-content\/uploads\/2019\/04\/shipping-550x550.jpg 550w\" alt=\"\" width=\"600\" height=\"600\"><\/p>\n<h3>Preguntas Frecuentes<\/h3>\n<p><strong>P: \u00bfQu\u00e9 hay sobre la potencia y el voltaje?<\/strong><\/p>\n<p><strong>R: Se puede personalizar. Normalmente 220V, 0.75KW, 50HZ, monof\u00e1sico.<\/strong><\/p>\n<p><strong>P\uff1a\u00bfQu\u00e9 materiales de marco para puerta r\u00e1pida se pueden elegir?<\/strong><\/p>\n<p><strong>R: Marco de puerta de acero pintado, marco de puerta SUS304 \/316, marco de puerta de aleaci\u00f3n de aluminio.<\/strong><\/p>\n<p><strong>P\uff1a\u00bfCu\u00e1l es el precio de una puerta r\u00e1pida?<\/strong><\/p>\n<p><strong>R\uff1aDepende de su tama\u00f1o y otros dispositivos.<\/strong><\/p>\n<p><strong>P\uff1a\u00bfC\u00f3mo elegir la f\u00e1brica de puertas r\u00e1pidas?<\/strong><\/p>\n<p><strong>R: Certificados: SGS, CE, m\u00e1s de 10 a\u00f1os de experiencia.<\/strong><\/p>\n<p><strong>P\uff1a\u00bfPodemos instalar la puerta r\u00e1pida nosotros mismos?<\/strong><\/p>\n<p><strong>R: S\u00ed, muy simple. Podemos proporcionar manual de instalaci\u00f3n en ingl\u00e9s y videos gu\u00eda.\u00a0<\/strong><\/p>\n<p><strong>P\uff1a\u00bfCu\u00e1nto tiempo puede durar?<\/strong><\/p>\n<p><strong>R: Aproximadamente 10-15 a\u00f1os.<\/strong><\/p>\n<p><strong>P\uff1a\u00bfCu\u00e1les son los m\u00e9todos de apertura autom\u00e1tica \/ inteligente de la puerta r\u00e1pida?<\/strong><\/p>\n<p><strong>R\uff1aBot\u00f3n de empuje manual, dispositivo sensor de movimiento autom\u00e1tico, inducci\u00f3n por lazo, interruptor de tracci\u00f3n, tarjeta de proximidad, vinculado con PLC o AGV.<\/strong><\/p>\n<\/div>\n<\/div>\n<\/div>\n<\/div>\n<\/div>\n<\/div>\n<\/div>\n<\/div>\n<\/div>\n<\/div>\n<\/div>\n<\/div>\n<\/div>\n<\/div>\n<\/div>\n<\/div>\n<\/div>\n<\/div>\n<\/div>\n<\/div>\n<\/div>","protected":false},"excerpt":{"rendered":"<p><strong>La cortina est\u00e1 fabricada en aleaci\u00f3n de aluminio, lo que la hace segura y duradera, permite aperturas frecuentes y puede abrirse autom\u00e1ticamente.<\/strong><\/p>","protected":false},"featured_media":10089,"comment_status":"open","ping_status":"closed","template":"","meta":[],"product_brand":[],"product_cat":[253],"product_tag":[318],"class_list":{"0":"post-8068","1":"product","2":"type-product","3":"status-publish","4":"has-post-thumbnail","6":"product_cat-high-speed-spiral-door","7":"product_tag-fast-door-manufacturers","10":"first","11":"instock","12":"shipping-taxable","13":"product-type-simple"},"_links":{"self":[{"href":"https:\/\/seppeschina.com\/es\/wp-json\/wp\/v2\/product\/8068","targetHints":{"allow":["GET"]}}],"collection":[{"href":"https:\/\/seppeschina.com\/es\/wp-json\/wp\/v2\/product"}],"about":[{"href":"https:\/\/seppeschina.com\/es\/wp-json\/wp\/v2\/types\/product"}],"replies":[{"embeddable":true,"href":"https:\/\/seppeschina.com\/es\/wp-json\/wp\/v2\/comments?post=8068"}],"wp:featuredmedia":[{"embeddable":true,"href":"https:\/\/seppeschina.com\/es\/wp-json\/wp\/v2\/media\/10089"}],"wp:attachment":[{"href":"https:\/\/seppeschina.com\/es\/wp-json\/wp\/v2\/media?parent=8068"}],"wp:term":[{"taxonomy":"product_brand","embeddable":true,"href":"https:\/\/seppeschina.com\/es\/wp-json\/wp\/v2\/product_brand?post=8068"},{"taxonomy":"product_cat","embeddable":true,"href":"https:\/\/seppeschina.com\/es\/wp-json\/wp\/v2\/product_cat?post=8068"},{"taxonomy":"product_tag","embeddable":true,"href":"https:\/\/seppeschina.com\/es\/wp-json\/wp\/v2\/product_tag?post=8068"}],"curies":[{"name":"wp","href":"https:\/\/api.w.org\/{rel}","templated":true}]}}