{"id":10274,"date":"2021-01-11T17:01:06","date_gmt":"2021-01-11T09:01:06","guid":{"rendered":"https:\/\/seppeschina.com\/?post_type=product&#038;p=10274"},"modified":"2024-11-19T15:11:12","modified_gmt":"2024-11-19T07:11:12","slug":"china-loading-logistic-dock-shelter-supplier","status":"publish","type":"product","link":"https:\/\/seppeschina.com\/es_ve\/producto\/china-loading-logistic-dock-shelter-supplier\/","title":{"rendered":"SEPPES Abrigo de muelle hinchable negro"},"content":{"rendered":"<div style=\"width: 640px;\" class=\"wp-video\"><video class=\"wp-video-shortcode\" id=\"video-10274-1\" width=\"640\" height=\"368\" preload=\"metadata\" controls=\"controls\"><source type=\"video\/mp4\" src=\"https:\/\/seppeschina.com\/wp-content\/uploads\/2021\/01\/f604c810506edf445f64905f8739143a.mp4?_=1\" \/><a href=\"https:\/\/seppeschina.com\/wp-content\/uploads\/2021\/01\/f604c810506edf445f64905f8739143a.mp4\">https:\/\/seppeschina.com\/wp-content\/uploads\/2021\/01\/f604c810506edf445f64905f8739143a.mp4<\/a><\/video><\/div>\n<h3>Descripci\u00f3n<\/h3>\n<p>The surface of the inflatable door shelter is made of high-quality neoprene rubber and highly wear-resistant material, which can meet the service life of no less than 30,000 times. The airbags on both sides and the top tightly wrap the rear of the cabin after inflating. The airbags on both sides adopt L-shaped structure to ensure a tight seal between the bottom of the airbags on both sides and the wall. The width adjustment range is 1600mm, and the top airbag length adjustment range is 1200- 1500mm, suitable for various truck chassis heights. With large air volume fans, installed outdoors, it can work stably in bad weather.<\/p>\n<p><img loading=\"lazy\" decoding=\"async\" class=\"aligncenter wp-image-11968\" src=\"https:\/\/seppeschina.com\/wp-content\/uploads\/2019\/05\/Inflatable-dock-shelter-3.jpg\" sizes=\"auto, (max-width: 600px) 100vw, 600px\" srcset=\"https:\/\/seppeschina.com\/wp-content\/uploads\/2019\/05\/Inflatable-dock-shelter-3.jpg 750w, https:\/\/seppeschina.com\/wp-content\/uploads\/2019\/05\/Inflatable-dock-shelter-3-300x300.jpg 300w, https:\/\/seppeschina.com\/wp-content\/uploads\/2019\/05\/Inflatable-dock-shelter-3-150x150.jpg 150w, https:\/\/seppeschina.com\/wp-content\/uploads\/2019\/05\/Inflatable-dock-shelter-3-360x360.jpg 360w, https:\/\/seppeschina.com\/wp-content\/uploads\/2019\/05\/Inflatable-dock-shelter-3-600x600.jpg 600w, https:\/\/seppeschina.com\/wp-content\/uploads\/2019\/05\/Inflatable-dock-shelter-3-100x100.jpg 100w, https:\/\/seppeschina.com\/wp-content\/uploads\/2019\/05\/Inflatable-dock-shelter-3-24x24.jpg 24w, https:\/\/seppeschina.com\/wp-content\/uploads\/2019\/05\/Inflatable-dock-shelter-3-48x48.jpg 48w, https:\/\/seppeschina.com\/wp-content\/uploads\/2019\/05\/Inflatable-dock-shelter-3-96x96.jpg 96w, https:\/\/seppeschina.com\/wp-content\/uploads\/2019\/05\/Inflatable-dock-shelter-3-364x364.jpg 364w, https:\/\/seppeschina.com\/wp-content\/uploads\/2019\/05\/Inflatable-dock-shelter-3-50x50.jpg 50w, https:\/\/seppeschina.com\/wp-content\/uploads\/2019\/05\/Inflatable-dock-shelter-3-110x110.jpg 110w, https:\/\/seppeschina.com\/wp-content\/uploads\/2019\/05\/Inflatable-dock-shelter-3-275x275.jpg 275w, https:\/\/seppeschina.com\/wp-content\/uploads\/2019\/05\/Inflatable-dock-shelter-3-480x480.jpg 480w, https:\/\/seppeschina.com\/wp-content\/uploads\/2019\/05\/Inflatable-dock-shelter-3-550x550.jpg 550w\" alt=\"\" width=\"600\" height=\"600\" \/><\/p>\n<div class=\"J_module\">\n<h3>Detalles<\/h3>\n<p><img loading=\"lazy\" decoding=\"async\" class=\"aligncenter wp-image-12040 size-full\" src=\"https:\/\/seppeschina.com\/wp-content\/uploads\/2021\/03\/%E6%9C%BA%E6%A2%B0%E9%97%A8%E5%B0%81_04.jpg\" sizes=\"auto, (max-width: 600px) 100vw, 600px\" srcset=\"https:\/\/seppeschina.com\/wp-content\/uploads\/2021\/03\/\u673a\u68b0\u95e8\u5c01_04.jpg 600w, https:\/\/seppeschina.com\/wp-content\/uploads\/2021\/03\/\u673a\u68b0\u95e8\u5c01_04-300x174.jpg 300w, https:\/\/seppeschina.com\/wp-content\/uploads\/2021\/03\/\u673a\u68b0\u95e8\u5c01_04-360x209.jpg 360w, https:\/\/seppeschina.com\/wp-content\/uploads\/2021\/03\/\u673a\u68b0\u95e8\u5c01_04-550x319.jpg 550w\" alt=\"\" width=\"600\" height=\"348\" \/><\/p>\n<p><img loading=\"lazy\" decoding=\"async\" class=\"aligncenter size-full wp-image-12041\" src=\"https:\/\/seppeschina.com\/wp-content\/uploads\/2021\/03\/%E6%9C%BA%E6%A2%B0%E9%97%A8%E5%B0%81_03.jpg\" sizes=\"auto, (max-width: 600px) 100vw, 600px\" srcset=\"https:\/\/seppeschina.com\/wp-content\/uploads\/2021\/03\/\u673a\u68b0\u95e8\u5c01_03.jpg 600w, https:\/\/seppeschina.com\/wp-content\/uploads\/2021\/03\/\u673a\u68b0\u95e8\u5c01_03-284x300.jpg 284w, https:\/\/seppeschina.com\/wp-content\/uploads\/2021\/03\/\u673a\u68b0\u95e8\u5c01_03-360x380.jpg 360w, https:\/\/seppeschina.com\/wp-content\/uploads\/2021\/03\/\u673a\u68b0\u95e8\u5c01_03-24x24.jpg 24w, https:\/\/seppeschina.com\/wp-content\/uploads\/2021\/03\/\u673a\u68b0\u95e8\u5c01_03-521x550.jpg 521w\" alt=\"\" width=\"600\" height=\"634\" \/><\/p>\n<p><img loading=\"lazy\" decoding=\"async\" class=\"aligncenter wp-image-10345\" src=\"https:\/\/seppeschina.com\/wp-content\/uploads\/2021\/01\/\u56fe\u72472.png\" alt=\"\" width=\"600\" height=\"536\" srcset=\"https:\/\/seppeschina.com\/wp-content\/uploads\/2021\/01\/\u56fe\u72472.png 750w, https:\/\/seppeschina.com\/wp-content\/uploads\/2021\/01\/\u56fe\u72472-360x322.png 360w, https:\/\/seppeschina.com\/wp-content\/uploads\/2021\/01\/\u56fe\u72472-600x536.png 600w, https:\/\/seppeschina.com\/wp-content\/uploads\/2021\/01\/\u56fe\u72472-300x268.png 300w, https:\/\/seppeschina.com\/wp-content\/uploads\/2021\/01\/\u56fe\u72472-550x491.png 550w\" sizes=\"auto, (max-width: 600px) 100vw, 600px\" \/><\/p>\n<div class=\"flex-layout-v magic-9\">\n<div class=\"magic-10\">\n<h3>Principio de funcionamiento<\/h3>\n<p>Requiere que las puertas industriales, las plataformas de carga y descarga y las juntas de las puertas cooperen para formar un entorno cerrado de carga y descarga entre el carro y la sala, impidiendo la entrada de residuos externos, corrientes de aire, lluvia, etc., garantizando que el trabajo de carga y descarga sea c\u00f3modo, limpio y seguro.<\/p>\n<\/div>\n<\/div>\n<div class=\"text-wrapper magic-12\">\n<div class=\"text-wrapper-right text-theme-light text-align-left\">\n<div class=\"text-title\" data-id=\"right-title\">\n<div class=\"magic-13\">\n<h3>Perfil de la empresa<\/h3>\n<h6>Qui\u00e9nes somos<\/h6>\n<p><img loading=\"lazy\" decoding=\"async\" class=\"aligncenter size-full wp-image-11606\" src=\"https:\/\/seppeschina.com\/wp-content\/uploads\/2021\/03\/seppes-door8.gif\" alt=\"\" width=\"600\" height=\"502\" \/><\/p>\n<h3><b data-spm-anchor-id=\"a2700.details.pronpeci14.i1.54614b77C31x07\">Exposici\u00f3n en f\u00e1brica<\/b><\/h3>\n<p><img loading=\"lazy\" decoding=\"async\" class=\"aligncenter wp-image-11604 size-full\" src=\"https:\/\/seppeschina.com\/wp-content\/uploads\/2021\/03\/seppes-door6.gif\" alt=\"\" width=\"600\" height=\"358\" \/><\/p>\n<h3><b>Exposici\u00f3n<\/b><\/h3>\n<p><img loading=\"lazy\" decoding=\"async\" class=\"aligncenter wp-image-11605 size-full\" src=\"https:\/\/seppeschina.com\/wp-content\/uploads\/2021\/03\/seppes-door7.gif\" alt=\"\" width=\"600\" height=\"338\" \/><\/p>\n<h3>Nuestros socios<\/h3>\n<p><img loading=\"lazy\" decoding=\"async\" class=\"aligncenter wp-image-11608 size-full\" src=\"https:\/\/seppeschina.com\/wp-content\/uploads\/2021\/03\/seppes-door10.gif\" alt=\"\" width=\"600\" height=\"491\" \/><\/p>\n<h3>Certificaciones<\/h3>\n<p><img loading=\"lazy\" decoding=\"async\" class=\"wp-image-9887 aligncenter\" src=\"https:\/\/seppeschina.com\/wp-content\/uploads\/2019\/04\/certification.jpg\" sizes=\"auto, (max-width: 600px) 100vw, 600px\" srcset=\"https:\/\/seppeschina.com\/wp-content\/uploads\/2019\/04\/certification.jpg 750w, https:\/\/seppeschina.com\/wp-content\/uploads\/2019\/04\/certification-150x150.jpg 150w, https:\/\/seppeschina.com\/wp-content\/uploads\/2019\/04\/certification-300x300.jpg 300w, https:\/\/seppeschina.com\/wp-content\/uploads\/2019\/04\/certification-360x360.jpg 360w, https:\/\/seppeschina.com\/wp-content\/uploads\/2019\/04\/certification-600x600.jpg 600w, https:\/\/seppeschina.com\/wp-content\/uploads\/2019\/04\/certification-100x100.jpg 100w, https:\/\/seppeschina.com\/wp-content\/uploads\/2019\/04\/certification-24x24.jpg 24w, https:\/\/seppeschina.com\/wp-content\/uploads\/2019\/04\/certification-48x48.jpg 48w, https:\/\/seppeschina.com\/wp-content\/uploads\/2019\/04\/certification-96x96.jpg 96w, https:\/\/seppeschina.com\/wp-content\/uploads\/2019\/04\/certification-364x364.jpg 364w, https:\/\/seppeschina.com\/wp-content\/uploads\/2019\/04\/certification-50x50.jpg 50w, https:\/\/seppeschina.com\/wp-content\/uploads\/2019\/04\/certification-110x110.jpg 110w, https:\/\/seppeschina.com\/wp-content\/uploads\/2019\/04\/certification-275x275.jpg 275w, https:\/\/seppeschina.com\/wp-content\/uploads\/2019\/04\/certification-480x480.jpg 480w, https:\/\/seppeschina.com\/wp-content\/uploads\/2019\/04\/certification-550x550.jpg 550w\" alt=\"\" width=\"600\" height=\"600\" \/><\/p>\n<h3>Ventajas<\/h3>\n<p><img loading=\"lazy\" decoding=\"async\" class=\"aligncenter wp-image-12035 size-full\" src=\"https:\/\/seppeschina.com\/wp-content\/uploads\/2021\/03\/%E5%85%85%E6%B0%94%E9%97%A8%E5%B0%81_02.jpg\" sizes=\"auto, (max-width: 600px) 100vw, 600px\" srcset=\"https:\/\/seppeschina.com\/wp-content\/uploads\/2021\/03\/\u5145\u6c14\u95e8\u5c01_02.jpg 600w, https:\/\/seppeschina.com\/wp-content\/uploads\/2021\/03\/\u5145\u6c14\u95e8\u5c01_02-287x300.jpg 287w, https:\/\/seppeschina.com\/wp-content\/uploads\/2021\/03\/\u5145\u6c14\u95e8\u5c01_02-360x377.jpg 360w, https:\/\/seppeschina.com\/wp-content\/uploads\/2021\/03\/\u5145\u6c14\u95e8\u5c01_02-24x24.jpg 24w, https:\/\/seppeschina.com\/wp-content\/uploads\/2021\/03\/\u5145\u6c14\u95e8\u5c01_02-525x550.jpg 525w\" alt=\"\" width=\"600\" height=\"628\" \/><\/p>\n<h3>Aplicaciones<\/h3>\n<p><img loading=\"lazy\" decoding=\"async\" class=\"aligncenter wp-image-10307\" src=\"https:\/\/seppeschina.com\/wp-content\/uploads\/2019\/02\/%E6%9C%BA%E6%A2%B0%E9%97%A8%E5%B0%81%E5%BA%94%E7%94%A8%E5%9B%BE.jpg\" alt=\"\" width=\"600\" height=\"600\" \/><\/p>\n<h3>Entrega y embalaje<\/h3>\n<p>Nuestro m\u00e9todo de embalaje es en caja de madera, y los m\u00e9todos de transporte incluyen express, a\u00e9reo y mar\u00edtimo. Por lo general, 3-7 d\u00edas despu\u00e9s de realizar el pedido.<\/p>\n<p><img loading=\"lazy\" decoding=\"async\" class=\"aligncenter wp-image-11818 size-full\" src=\"https:\/\/seppeschina.com\/wp-content\/uploads\/2021\/04\/H847d78bca14e40ceb2854a49609655195.png\" sizes=\"auto, (max-width: 750px) 100vw, 750px\" srcset=\"https:\/\/seppeschina.com\/wp-content\/uploads\/2021\/04\/H847d78bca14e40ceb2854a49609655195.png 750w, https:\/\/seppeschina.com\/wp-content\/uploads\/2021\/04\/H847d78bca14e40ceb2854a49609655195-300x124.png 300w, https:\/\/seppeschina.com\/wp-content\/uploads\/2021\/04\/H847d78bca14e40ceb2854a49609655195-360x149.png 360w, https:\/\/seppeschina.com\/wp-content\/uploads\/2021\/04\/H847d78bca14e40ceb2854a49609655195-600x248.png 600w, https:\/\/seppeschina.com\/wp-content\/uploads\/2021\/04\/H847d78bca14e40ceb2854a49609655195-550x227.png 550w\" alt=\"\" width=\"750\" height=\"310\" \/><\/p>\n<h3>PREGUNTAS FRECUENTES<\/h3>\n<p><b><span data-spm-anchor-id=\"a2700.custom-template.0.i4.45393333ve2JZu\">1. Q: What\u2019s the type of dock shelter m<\/span><\/b><b><span data-spm-anchor-id=\"a2700.custom-template.0.i4.45393333ve2JZu\">otor?<\/span><\/b><\/p>\n<p>A: Servomotor, 220V- 0,75 KW- 50HZ-1 frase<\/p>\n<p><b><span data-spm-anchor-id=\"a2700.custom-template.0.i6.45393333ve2JZu\">2. Q: What\u2019s the material of dock shelter?<\/span><\/b><\/p>\n<p>A: Tejido de PVC con interior totalmente esponjoso<\/p>\n<p><b><span data-spm-anchor-id=\"a2700.custom-template.0.i69.45393333PN6HP1\">3. Q: How much space is required for installation?<\/span><\/b><\/p>\n<p>A: Colocado horizontalmente, alineado con la plataforma del cami\u00f3n y la estaci\u00f3n de acoplamiento.<\/p>\n<p><b><span data-spm-anchor-id=\"a2700.custom-template.0.i9.45393333ve2JZu\">4. Q: How long it can be used?<\/span><\/b><\/p>\n<p>R: Alrededor de 8-10 a\u00f1os<\/p>\n<p><b>5. Q: What kind of place does the high speed door can be used?<\/b><\/p>\n<p>R: Adecuado para modelos de diferentes especificaciones, as\u00ed como para log\u00edstica de almacenamiento y almacenamiento en fr\u00edo.<\/p>\n<p><b><span data-spm-anchor-id=\"a2700.custom-template.0.i88.45393333PN6HP1\">6. Q: How does the dock shelter work?<\/span><\/b><\/p>\n<p>R: A trav\u00e9s del apriete del veh\u00edculo y la tira de sellado de la puerta, evitar que el aire salga.<\/p>\n<\/div>\n<\/div>\n<\/div>\n<\/div>\n<\/div>\n<p><img loading=\"lazy\" decoding=\"async\" class=\"alignnone wp-image-9979 size-full\" src=\"https:\/\/seppeschina.com\/wp-content\/uploads\/2021\/01\/\u5fae\u4fe1\u56fe\u7247_20210106145813.jpg\" alt=\"\" width=\"750\" height=\"293\" srcset=\"https:\/\/seppeschina.com\/wp-content\/uploads\/2021\/01\/\u5fae\u4fe1\u56fe\u7247_20210106145813.jpg 750w, https:\/\/seppeschina.com\/wp-content\/uploads\/2021\/01\/\u5fae\u4fe1\u56fe\u7247_20210106145813-360x141.jpg 360w, https:\/\/seppeschina.com\/wp-content\/uploads\/2021\/01\/\u5fae\u4fe1\u56fe\u7247_20210106145813-600x234.jpg 600w, https:\/\/seppeschina.com\/wp-content\/uploads\/2021\/01\/\u5fae\u4fe1\u56fe\u7247_20210106145813-300x117.jpg 300w, https:\/\/seppeschina.com\/wp-content\/uploads\/2021\/01\/\u5fae\u4fe1\u56fe\u7247_20210106145813-550x215.jpg 550w\" sizes=\"auto, (max-width: 750px) 100vw, 750px\" \/><\/p>","protected":false},"excerpt":{"rendered":"<p>The industrial door is closed when it is not in working state, keeping the indoor and outdoor sealed isolation; when entering the working state, the industrial door is opened, and the dock leveler cooperates with the door shelter to make the car It forms a closed loading and unloading environment with the interior to prevent the entry of external debris, airflow, rain, etc.,and ensures that the loading and unloading work is carried out conveniently, cleanly and safely.<\/p>\n<p>&nbsp;<\/p>","protected":false},"featured_media":12044,"comment_status":"open","ping_status":"closed","template":"","meta":[],"product_brand":[],"product_cat":[328],"product_tag":[],"class_list":{"0":"post-10274","1":"product","2":"type-product","3":"status-publish","4":"has-post-thumbnail","6":"product_cat-dock-shelter","9":"first","10":"instock","11":"shipping-taxable","12":"product-type-simple"},"yoast_head":"<!-- This site is optimized with the Yoast SEO plugin v25.3 - https:\/\/yoast.com\/wordpress\/plugins\/seo\/ -->\n<title>SEPPES Black Inflatable Dock Shelter - High speed door<\/title>\n<meta name=\"description\" content=\"The airbags on both sides adopt L-shaped structure to ensure a tight seal between the bottom of the airbags on both sides and the wall.\" \/>\n<meta name=\"robots\" content=\"index, follow, max-snippet:-1, max-image-preview:large, max-video-preview:-1\" \/>\n<link rel=\"canonical\" href=\"https:\/\/seppeschina.com\/es_ve\/producto\/china-loading-logistic-dock-shelter-supplier\/\" \/>\n<meta property=\"og:locale\" content=\"es_ES\" \/>\n<meta property=\"og:type\" content=\"article\" \/>\n<meta property=\"og:title\" content=\"SEPPES Black Inflatable Dock Shelter - High speed door\" \/>\n<meta property=\"og:description\" content=\"The airbags on both sides adopt L-shaped structure to ensure a tight seal between the bottom of the airbags on both sides and the wall.\" \/>\n<meta property=\"og:url\" content=\"https:\/\/seppeschina.com\/es_ve\/producto\/china-loading-logistic-dock-shelter-supplier\/\" \/>\n<meta property=\"og:site_name\" content=\"High speed door\" \/>\n<meta property=\"article:publisher\" content=\"https:\/\/www.facebook.com\/Seppesdoor-101420388136000\/\" \/>\n<meta property=\"article:modified_time\" content=\"2024-11-19T07:11:12+00:00\" \/>\n<meta property=\"og:image\" content=\"https:\/\/seppeschina.com\/wp-content\/uploads\/2021\/03\/\u5145\u6c14\u95e8\u5c01_01.jpg\" \/>\n\t<meta property=\"og:image:width\" content=\"600\" \/>\n\t<meta property=\"og:image:height\" content=\"545\" \/>\n\t<meta property=\"og:image:type\" content=\"image\/jpeg\" \/>\n<meta name=\"twitter:card\" content=\"summary_large_image\" \/>\n<meta name=\"twitter:site\" content=\"@Stella93161069\" \/>\n<meta name=\"twitter:label1\" content=\"Tiempo estimado de lectura\" \/>\n\t<meta name=\"twitter:data1\" content=\"5 minutos\" \/>\n<script type=\"application\/ld+json\" class=\"yoast-schema-graph\">{\"@context\":\"https:\/\/schema.org\",\"@graph\":[{\"@type\":\"WebPage\",\"@id\":\"https:\/\/seppeschina.com\/product\/china-loading-logistic-dock-shelter-supplier\/\",\"url\":\"https:\/\/seppeschina.com\/product\/china-loading-logistic-dock-shelter-supplier\/\",\"name\":\"SEPPES Black Inflatable Dock Shelter - High speed door\",\"isPartOf\":{\"@id\":\"https:\/\/seppeschina.com\/#website\"},\"primaryImageOfPage\":{\"@id\":\"https:\/\/seppeschina.com\/product\/china-loading-logistic-dock-shelter-supplier\/#primaryimage\"},\"image\":{\"@id\":\"https:\/\/seppeschina.com\/product\/china-loading-logistic-dock-shelter-supplier\/#primaryimage\"},\"thumbnailUrl\":\"https:\/\/seppeschina.com\/wp-content\/uploads\/2021\/03\/\u5145\u6c14\u95e8\u5c01_01.jpg\",\"datePublished\":\"2021-01-11T09:01:06+00:00\",\"dateModified\":\"2024-11-19T07:11:12+00:00\",\"description\":\"The airbags on both sides adopt L-shaped structure to ensure a tight seal between the bottom of the airbags on both sides and the wall.\",\"breadcrumb\":{\"@id\":\"https:\/\/seppeschina.com\/product\/china-loading-logistic-dock-shelter-supplier\/#breadcrumb\"},\"inLanguage\":\"es\",\"potentialAction\":[{\"@type\":\"ReadAction\",\"target\":[\"https:\/\/seppeschina.com\/product\/china-loading-logistic-dock-shelter-supplier\/\"]}]},{\"@type\":\"ImageObject\",\"inLanguage\":\"es\",\"@id\":\"https:\/\/seppeschina.com\/product\/china-loading-logistic-dock-shelter-supplier\/#primaryimage\",\"url\":\"https:\/\/seppeschina.com\/wp-content\/uploads\/2021\/03\/\u5145\u6c14\u95e8\u5c01_01.jpg\",\"contentUrl\":\"https:\/\/seppeschina.com\/wp-content\/uploads\/2021\/03\/\u5145\u6c14\u95e8\u5c01_01.jpg\",\"width\":600,\"height\":545,\"caption\":\"inflatable dock shelter\"},{\"@type\":\"BreadcrumbList\",\"@id\":\"https:\/\/seppeschina.com\/product\/china-loading-logistic-dock-shelter-supplier\/#breadcrumb\",\"itemListElement\":[{\"@type\":\"ListItem\",\"position\":1,\"name\":\"Home\",\"item\":\"https:\/\/seppeschina.com\/\"},{\"@type\":\"ListItem\",\"position\":2,\"name\":\"Shop\",\"item\":\"https:\/\/seppeschina.com\/shop\/\"},{\"@type\":\"ListItem\",\"position\":3,\"name\":\"SEPPES Black Inflatable Dock Shelter\"}]},{\"@type\":\"WebSite\",\"@id\":\"https:\/\/seppeschina.com\/#website\",\"url\":\"https:\/\/seppeschina.com\/\",\"name\":\"SEPPES Door Industry\",\"description\":\"China&#039;s Leading High Speed Door Manufacturer\",\"potentialAction\":[{\"@type\":\"SearchAction\",\"target\":{\"@type\":\"EntryPoint\",\"urlTemplate\":\"https:\/\/seppeschina.com\/?s={search_term_string}\"},\"query-input\":{\"@type\":\"PropertyValueSpecification\",\"valueRequired\":true,\"valueName\":\"search_term_string\"}}],\"inLanguage\":\"es\"}]}<\/script>\n<!-- \/ Yoast SEO plugin. -->","yoast_head_json":{"title":"SEPPES Black Inflatable Dock Shelter - High speed door","description":"The airbags on both sides adopt L-shaped structure to ensure a tight seal between the bottom of the airbags on both sides and the wall.","robots":{"index":"index","follow":"follow","max-snippet":"max-snippet:-1","max-image-preview":"max-image-preview:large","max-video-preview":"max-video-preview:-1"},"canonical":"https:\/\/seppeschina.com\/es_ve\/producto\/china-loading-logistic-dock-shelter-supplier\/","og_locale":"es_ES","og_type":"article","og_title":"SEPPES Black Inflatable Dock Shelter - High speed door","og_description":"The airbags on both sides adopt L-shaped structure to ensure a tight seal between the bottom of the airbags on both sides and the wall.","og_url":"https:\/\/seppeschina.com\/es_ve\/producto\/china-loading-logistic-dock-shelter-supplier\/","og_site_name":"High speed door","article_publisher":"https:\/\/www.facebook.com\/Seppesdoor-101420388136000\/","article_modified_time":"2024-11-19T07:11:12+00:00","og_image":[{"width":600,"height":545,"url":"https:\/\/seppeschina.com\/wp-content\/uploads\/2021\/03\/\u5145\u6c14\u95e8\u5c01_01.jpg","type":"image\/jpeg"}],"twitter_card":"summary_large_image","twitter_site":"@Stella93161069","twitter_misc":{"Tiempo estimado de lectura":"5 minutos"},"schema":{"@context":"https:\/\/schema.org","@graph":[{"@type":"WebPage","@id":"https:\/\/seppeschina.com\/product\/china-loading-logistic-dock-shelter-supplier\/","url":"https:\/\/seppeschina.com\/product\/china-loading-logistic-dock-shelter-supplier\/","name":"SEPPES Black Inflatable Dock Shelter - High speed door","isPartOf":{"@id":"https:\/\/seppeschina.com\/#website"},"primaryImageOfPage":{"@id":"https:\/\/seppeschina.com\/product\/china-loading-logistic-dock-shelter-supplier\/#primaryimage"},"image":{"@id":"https:\/\/seppeschina.com\/product\/china-loading-logistic-dock-shelter-supplier\/#primaryimage"},"thumbnailUrl":"https:\/\/seppeschina.com\/wp-content\/uploads\/2021\/03\/\u5145\u6c14\u95e8\u5c01_01.jpg","datePublished":"2021-01-11T09:01:06+00:00","dateModified":"2024-11-19T07:11:12+00:00","description":"The airbags on both sides adopt L-shaped structure to ensure a tight seal between the bottom of the airbags on both sides and the wall.","breadcrumb":{"@id":"https:\/\/seppeschina.com\/product\/china-loading-logistic-dock-shelter-supplier\/#breadcrumb"},"inLanguage":"es","potentialAction":[{"@type":"ReadAction","target":["https:\/\/seppeschina.com\/product\/china-loading-logistic-dock-shelter-supplier\/"]}]},{"@type":"ImageObject","inLanguage":"es","@id":"https:\/\/seppeschina.com\/product\/china-loading-logistic-dock-shelter-supplier\/#primaryimage","url":"https:\/\/seppeschina.com\/wp-content\/uploads\/2021\/03\/\u5145\u6c14\u95e8\u5c01_01.jpg","contentUrl":"https:\/\/seppeschina.com\/wp-content\/uploads\/2021\/03\/\u5145\u6c14\u95e8\u5c01_01.jpg","width":600,"height":545,"caption":"inflatable dock shelter"},{"@type":"BreadcrumbList","@id":"https:\/\/seppeschina.com\/product\/china-loading-logistic-dock-shelter-supplier\/#breadcrumb","itemListElement":[{"@type":"ListItem","position":1,"name":"Home","item":"https:\/\/seppeschina.com\/"},{"@type":"ListItem","position":2,"name":"Shop","item":"https:\/\/seppeschina.com\/shop\/"},{"@type":"ListItem","position":3,"name":"SEPPES Black Inflatable Dock Shelter"}]},{"@type":"WebSite","@id":"https:\/\/seppeschina.com\/#website","url":"https:\/\/seppeschina.com\/","name":"SEPPES Door Industry","description":"China&#039;s Leading High Speed Door Manufacturer","potentialAction":[{"@type":"SearchAction","target":{"@type":"EntryPoint","urlTemplate":"https:\/\/seppeschina.com\/?s={search_term_string}"},"query-input":{"@type":"PropertyValueSpecification","valueRequired":true,"valueName":"search_term_string"}}],"inLanguage":"es"}]}},"_links":{"self":[{"href":"https:\/\/seppeschina.com\/es_ve\/wp-json\/wp\/v2\/product\/10274","targetHints":{"allow":["GET"]}}],"collection":[{"href":"https:\/\/seppeschina.com\/es_ve\/wp-json\/wp\/v2\/product"}],"about":[{"href":"https:\/\/seppeschina.com\/es_ve\/wp-json\/wp\/v2\/types\/product"}],"replies":[{"embeddable":true,"href":"https:\/\/seppeschina.com\/es_ve\/wp-json\/wp\/v2\/comments?post=10274"}],"wp:featuredmedia":[{"embeddable":true,"href":"https:\/\/seppeschina.com\/es_ve\/wp-json\/wp\/v2\/media\/12044"}],"wp:attachment":[{"href":"https:\/\/seppeschina.com\/es_ve\/wp-json\/wp\/v2\/media?parent=10274"}],"wp:term":[{"taxonomy":"product_brand","embeddable":true,"href":"https:\/\/seppeschina.com\/es_ve\/wp-json\/wp\/v2\/product_brand?post=10274"},{"taxonomy":"product_cat","embeddable":true,"href":"https:\/\/seppeschina.com\/es_ve\/wp-json\/wp\/v2\/product_cat?post=10274"},{"taxonomy":"product_tag","embeddable":true,"href":"https:\/\/seppeschina.com\/es_ve\/wp-json\/wp\/v2\/product_tag?post=10274"}],"curies":[{"name":"wp","href":"https:\/\/api.w.org\/{rel}","templated":true}]}}