{"id":11421,"date":"2021-03-11T14:24:25","date_gmt":"2021-03-11T06:24:25","guid":{"rendered":"https:\/\/seppeschina.com\/?post_type=product&#038;p=11421"},"modified":"2024-11-19T15:08:34","modified_gmt":"2024-11-19T07:08:34","slug":"seppes-mechanical-door-shelter-manufacturer","status":"publish","type":"product","link":"https:\/\/seppeschina.com\/es_ve\/producto\/seppes-mechanical-door-shelter-manufacturer\/","title":{"rendered":"SEPPES Abrigo mec\u00e1nico negro para muelles"},"content":{"rendered":"<h3>Descripci\u00f3n<\/h3>\n<p><strong>Abrigo mec\u00e1nico para puertas<\/strong> El tablero de la cortina est\u00e1 fabricado con tejido de doble capa de poli\u00e9ster de una sola fibra de resistencia el\u00e1stica, revestimiento superficial de PVC, tiras gu\u00eda amarillas reflectantes a ambos lados de las alas laterales, conexi\u00f3n con bisagras para evitar la extrusi\u00f3n, el marco superior est\u00e1 inclinado para facilitar el drenaje, la puerta La cubierta est\u00e1 compuesta por un marco frontal, un marco trasero y un brazo de conexi\u00f3n. El marco general est\u00e1 tratado con galvanizado resistente a la corrosi\u00f3n, y la superficie est\u00e1 fijada y decorada con perfiles de aleaci\u00f3n de aluminio anodizado, lo que resulta bello y generoso.<\/p>\n<p><img loading=\"lazy\" decoding=\"async\" class=\"aligncenter wp-image-10610\" src=\"https:\/\/seppeschina.com\/wp-content\/uploads\/2018\/02\/\u666e\u6d1b\u65af\u7269\u6d41\u56ed.jpg\" alt=\"\" width=\"600\" height=\"404\" srcset=\"https:\/\/seppeschina.com\/wp-content\/uploads\/2018\/02\/\u666e\u6d1b\u65af\u7269\u6d41\u56ed.jpg 1600w, https:\/\/seppeschina.com\/wp-content\/uploads\/2018\/02\/\u666e\u6d1b\u65af\u7269\u6d41\u56ed-360x242.jpg 360w, https:\/\/seppeschina.com\/wp-content\/uploads\/2018\/02\/\u666e\u6d1b\u65af\u7269\u6d41\u56ed-600x404.jpg 600w, https:\/\/seppeschina.com\/wp-content\/uploads\/2018\/02\/\u666e\u6d1b\u65af\u7269\u6d41\u56ed-300x202.jpg 300w, https:\/\/seppeschina.com\/wp-content\/uploads\/2018\/02\/\u666e\u6d1b\u65af\u7269\u6d41\u56ed-1024x689.jpg 1024w, https:\/\/seppeschina.com\/wp-content\/uploads\/2018\/02\/\u666e\u6d1b\u65af\u7269\u6d41\u56ed-768x517.jpg 768w, https:\/\/seppeschina.com\/wp-content\/uploads\/2018\/02\/\u666e\u6d1b\u65af\u7269\u6d41\u56ed-1536x1034.jpg 1536w, https:\/\/seppeschina.com\/wp-content\/uploads\/2018\/02\/\u666e\u6d1b\u65af\u7269\u6d41\u56ed-550x370.jpg 550w\" sizes=\"auto, (max-width: 600px) 100vw, 600px\" \/><\/p>\n<p><span style=\"font-size: 30px; font-weight: bold;\">Detalles<\/span><\/p>\n<p><img loading=\"lazy\" decoding=\"async\" class=\"aligncenter wp-image-12040 size-full\" src=\"https:\/\/seppeschina.com\/wp-content\/uploads\/2021\/03\/\u673a\u68b0\u95e8\u5c01_04.jpg\" alt=\"\" width=\"600\" height=\"348\" srcset=\"https:\/\/seppeschina.com\/wp-content\/uploads\/2021\/03\/\u673a\u68b0\u95e8\u5c01_04.jpg 600w, https:\/\/seppeschina.com\/wp-content\/uploads\/2021\/03\/\u673a\u68b0\u95e8\u5c01_04-360x209.jpg 360w, https:\/\/seppeschina.com\/wp-content\/uploads\/2021\/03\/\u673a\u68b0\u95e8\u5c01_04-300x174.jpg 300w, https:\/\/seppeschina.com\/wp-content\/uploads\/2021\/03\/\u673a\u68b0\u95e8\u5c01_04-550x319.jpg 550w\" sizes=\"auto, (max-width: 600px) 100vw, 600px\" \/><\/p>\n<p><img loading=\"lazy\" decoding=\"async\" class=\"aligncenter size-full wp-image-12041\" src=\"https:\/\/seppeschina.com\/wp-content\/uploads\/2021\/03\/\u673a\u68b0\u95e8\u5c01_03.jpg\" alt=\"\" width=\"600\" height=\"634\" srcset=\"https:\/\/seppeschina.com\/wp-content\/uploads\/2021\/03\/\u673a\u68b0\u95e8\u5c01_03.jpg 600w, https:\/\/seppeschina.com\/wp-content\/uploads\/2021\/03\/\u673a\u68b0\u95e8\u5c01_03-360x380.jpg 360w, https:\/\/seppeschina.com\/wp-content\/uploads\/2021\/03\/\u673a\u68b0\u95e8\u5c01_03-284x300.jpg 284w, https:\/\/seppeschina.com\/wp-content\/uploads\/2021\/03\/\u673a\u68b0\u95e8\u5c01_03-24x24.jpg 24w, https:\/\/seppeschina.com\/wp-content\/uploads\/2021\/03\/\u673a\u68b0\u95e8\u5c01_03-521x550.jpg 521w\" sizes=\"auto, (max-width: 600px) 100vw, 600px\" \/><\/p>\n<div class=\"flex-layout-v magic-9\">\n<div class=\"magic-10\">\n<h3>Principio de funcionamiento<\/h3>\n<p>Requiere que las puertas industriales, las plataformas de carga y descarga y las juntas de las puertas cooperen para formar un entorno cerrado de carga y descarga entre el carro y la sala, impidiendo la entrada de residuos externos, corrientes de aire, lluvia, etc., garantizando que el trabajo de carga y descarga sea c\u00f3modo, limpio y seguro.<\/p>\n<\/div>\n<\/div>\n<div class=\"text-wrapper magic-12\">\n<div class=\"text-wrapper-right text-theme-light text-align-left\">\n<div class=\"text-title\" data-id=\"right-title\">\n<div class=\"magic-13\">\n<h3>Perfil de la empresa<\/h3>\n<h6>Qui\u00e9nes somos<\/h6>\n<p><img loading=\"lazy\" decoding=\"async\" class=\"aligncenter size-full wp-image-11606\" src=\"https:\/\/seppeschina.com\/wp-content\/uploads\/2021\/03\/seppes-door8.gif\" alt=\"\" width=\"600\" height=\"502\" \/><\/p>\n<h3><b data-spm-anchor-id=\"a2700.details.pronpeci14.i1.54614b77C31x07\">Exposici\u00f3n en f\u00e1brica<\/b><\/h3>\n<p><img loading=\"lazy\" decoding=\"async\" class=\"aligncenter wp-image-11604 size-full\" src=\"https:\/\/seppeschina.com\/wp-content\/uploads\/2021\/03\/seppes-door6.gif\" alt=\"\" width=\"600\" height=\"358\" \/><\/p>\n<h3><b>Exposici\u00f3n<\/b><\/h3>\n<p><img loading=\"lazy\" decoding=\"async\" class=\"aligncenter wp-image-11605 size-full\" src=\"https:\/\/seppeschina.com\/wp-content\/uploads\/2021\/03\/seppes-door7.gif\" alt=\"\" width=\"600\" height=\"338\" \/><\/p>\n<h3>Nuestros socios<\/h3>\n<p><img loading=\"lazy\" decoding=\"async\" class=\"aligncenter wp-image-11608 size-full\" src=\"https:\/\/seppeschina.com\/wp-content\/uploads\/2021\/03\/seppes-door10.gif\" alt=\"\" width=\"600\" height=\"491\" \/><\/p>\n<h3>Certificaciones<\/h3>\n<p><img loading=\"lazy\" decoding=\"async\" class=\"wp-image-9887 aligncenter\" src=\"https:\/\/seppeschina.com\/wp-content\/uploads\/2019\/04\/certification.jpg\" sizes=\"auto, (max-width: 600px) 100vw, 600px\" srcset=\"https:\/\/seppeschina.com\/wp-content\/uploads\/2019\/04\/certification.jpg 750w, https:\/\/seppeschina.com\/wp-content\/uploads\/2019\/04\/certification-150x150.jpg 150w, https:\/\/seppeschina.com\/wp-content\/uploads\/2019\/04\/certification-300x300.jpg 300w, https:\/\/seppeschina.com\/wp-content\/uploads\/2019\/04\/certification-360x360.jpg 360w, https:\/\/seppeschina.com\/wp-content\/uploads\/2019\/04\/certification-600x600.jpg 600w, https:\/\/seppeschina.com\/wp-content\/uploads\/2019\/04\/certification-100x100.jpg 100w, https:\/\/seppeschina.com\/wp-content\/uploads\/2019\/04\/certification-24x24.jpg 24w, https:\/\/seppeschina.com\/wp-content\/uploads\/2019\/04\/certification-48x48.jpg 48w, https:\/\/seppeschina.com\/wp-content\/uploads\/2019\/04\/certification-96x96.jpg 96w, https:\/\/seppeschina.com\/wp-content\/uploads\/2019\/04\/certification-364x364.jpg 364w, https:\/\/seppeschina.com\/wp-content\/uploads\/2019\/04\/certification-50x50.jpg 50w, https:\/\/seppeschina.com\/wp-content\/uploads\/2019\/04\/certification-110x110.jpg 110w, https:\/\/seppeschina.com\/wp-content\/uploads\/2019\/04\/certification-275x275.jpg 275w, https:\/\/seppeschina.com\/wp-content\/uploads\/2019\/04\/certification-480x480.jpg 480w, https:\/\/seppeschina.com\/wp-content\/uploads\/2019\/04\/certification-550x550.jpg 550w\" alt=\"\" width=\"600\" height=\"600\" \/><\/p>\n<h3>Ventajas<\/h3>\n<p><img loading=\"lazy\" decoding=\"async\" class=\"aligncenter wp-image-12035 size-full\" src=\"https:\/\/seppeschina.com\/wp-content\/uploads\/2021\/03\/%E5%85%85%E6%B0%94%E9%97%A8%E5%B0%81_02.jpg\" sizes=\"auto, (max-width: 600px) 100vw, 600px\" srcset=\"https:\/\/seppeschina.com\/wp-content\/uploads\/2021\/03\/\u5145\u6c14\u95e8\u5c01_02.jpg 600w, https:\/\/seppeschina.com\/wp-content\/uploads\/2021\/03\/\u5145\u6c14\u95e8\u5c01_02-287x300.jpg 287w, https:\/\/seppeschina.com\/wp-content\/uploads\/2021\/03\/\u5145\u6c14\u95e8\u5c01_02-360x377.jpg 360w, https:\/\/seppeschina.com\/wp-content\/uploads\/2021\/03\/\u5145\u6c14\u95e8\u5c01_02-24x24.jpg 24w, https:\/\/seppeschina.com\/wp-content\/uploads\/2021\/03\/\u5145\u6c14\u95e8\u5c01_02-525x550.jpg 525w\" alt=\"\" width=\"600\" height=\"628\" \/><\/p>\n<h3>Aplicaciones<\/h3>\n<p><img loading=\"lazy\" decoding=\"async\" class=\"aligncenter wp-image-10307 size-full\" src=\"https:\/\/seppeschina.com\/wp-content\/uploads\/2019\/02\/%E6%9C%BA%E6%A2%B0%E9%97%A8%E5%B0%81%E5%BA%94%E7%94%A8%E5%9B%BE.jpg\" sizes=\"auto, (max-width: 750px) 100vw, 750px\" srcset=\"https:\/\/seppeschina.com\/wp-content\/uploads\/2019\/02\/\u673a\u68b0\u95e8\u5c01\u5e94\u7528\u56fe.jpg 750w, https:\/\/seppeschina.com\/wp-content\/uploads\/2019\/02\/\u673a\u68b0\u95e8\u5c01\u5e94\u7528\u56fe-300x300.jpg 300w, https:\/\/seppeschina.com\/wp-content\/uploads\/2019\/02\/\u673a\u68b0\u95e8\u5c01\u5e94\u7528\u56fe-150x150.jpg 150w, https:\/\/seppeschina.com\/wp-content\/uploads\/2019\/02\/\u673a\u68b0\u95e8\u5c01\u5e94\u7528\u56fe-360x360.jpg 360w, https:\/\/seppeschina.com\/wp-content\/uploads\/2019\/02\/\u673a\u68b0\u95e8\u5c01\u5e94\u7528\u56fe-600x600.jpg 600w, https:\/\/seppeschina.com\/wp-content\/uploads\/2019\/02\/\u673a\u68b0\u95e8\u5c01\u5e94\u7528\u56fe-100x100.jpg 100w, https:\/\/seppeschina.com\/wp-content\/uploads\/2019\/02\/\u673a\u68b0\u95e8\u5c01\u5e94\u7528\u56fe-24x24.jpg 24w, https:\/\/seppeschina.com\/wp-content\/uploads\/2019\/02\/\u673a\u68b0\u95e8\u5c01\u5e94\u7528\u56fe-48x48.jpg 48w, https:\/\/seppeschina.com\/wp-content\/uploads\/2019\/02\/\u673a\u68b0\u95e8\u5c01\u5e94\u7528\u56fe-96x96.jpg 96w, https:\/\/seppeschina.com\/wp-content\/uploads\/2019\/02\/\u673a\u68b0\u95e8\u5c01\u5e94\u7528\u56fe-364x364.jpg 364w, https:\/\/seppeschina.com\/wp-content\/uploads\/2019\/02\/\u673a\u68b0\u95e8\u5c01\u5e94\u7528\u56fe-50x50.jpg 50w, https:\/\/seppeschina.com\/wp-content\/uploads\/2019\/02\/\u673a\u68b0\u95e8\u5c01\u5e94\u7528\u56fe-110x110.jpg 110w, https:\/\/seppeschina.com\/wp-content\/uploads\/2019\/02\/\u673a\u68b0\u95e8\u5c01\u5e94\u7528\u56fe-275x275.jpg 275w, https:\/\/seppeschina.com\/wp-content\/uploads\/2019\/02\/\u673a\u68b0\u95e8\u5c01\u5e94\u7528\u56fe-480x480.jpg 480w, https:\/\/seppeschina.com\/wp-content\/uploads\/2019\/02\/\u673a\u68b0\u95e8\u5c01\u5e94\u7528\u56fe-550x550.jpg 550w\" alt=\"\" width=\"750\" height=\"750\" \/><\/p>\n<h3>Entrega y embalaje<\/h3>\n<p>Nuestro m\u00e9todo de embalaje es en caja de madera, y los m\u00e9todos de transporte incluyen express, a\u00e9reo y mar\u00edtimo. Por lo general, 3-7 d\u00edas despu\u00e9s de realizar el pedido.<\/p>\n<p><img loading=\"lazy\" decoding=\"async\" class=\"aligncenter wp-image-11818 size-full\" src=\"https:\/\/seppeschina.com\/wp-content\/uploads\/2021\/04\/H847d78bca14e40ceb2854a49609655195.png\" sizes=\"auto, (max-width: 750px) 100vw, 750px\" srcset=\"https:\/\/seppeschina.com\/wp-content\/uploads\/2021\/04\/H847d78bca14e40ceb2854a49609655195.png 750w, https:\/\/seppeschina.com\/wp-content\/uploads\/2021\/04\/H847d78bca14e40ceb2854a49609655195-300x124.png 300w, https:\/\/seppeschina.com\/wp-content\/uploads\/2021\/04\/H847d78bca14e40ceb2854a49609655195-360x149.png 360w, https:\/\/seppeschina.com\/wp-content\/uploads\/2021\/04\/H847d78bca14e40ceb2854a49609655195-600x248.png 600w, https:\/\/seppeschina.com\/wp-content\/uploads\/2021\/04\/H847d78bca14e40ceb2854a49609655195-550x227.png 550w\" alt=\"\" width=\"750\" height=\"310\" \/><\/p>\n<h3>PREGUNTAS FRECUENTES<\/h3>\n<p><b><span data-spm-anchor-id=\"a2700.custom-template.0.i4.45393333ve2JZu\">P: \u00bfCu\u00e1l es el tipo de motor del abrigo de muelle?<\/span><\/b><\/p>\n<p>A: Servomotor, 220V- 0,75 KW- 50HZ-1 frase<\/p>\n<p><b><span data-spm-anchor-id=\"a2700.custom-template.0.i6.45393333ve2JZu\">P: \u00bfDe qu\u00e9 material es el abrigo de muelle?<\/span><\/b><\/p>\n<p>A: Tejido de PVC con interior totalmente esponjoso<\/p>\n<p><b><span data-spm-anchor-id=\"a2700.custom-template.0.i69.45393333PN6HP1\">P: \u00bfCu\u00e1nto espacio se necesita para la instalaci\u00f3n?<\/span><\/b><\/p>\n<p>A: Colocado horizontalmente, alineado con la plataforma del cami\u00f3n y la estaci\u00f3n de acoplamiento.<\/p>\n<p><b><span data-spm-anchor-id=\"a2700.custom-template.0.i9.45393333ve2JZu\">P: \u00bfDurante cu\u00e1nto tiempo se puede utilizar?<\/span><\/b><\/p>\n<p>R: Alrededor de 8-10 a\u00f1os<\/p>\n<p><b>P: \u00bfEn qu\u00e9 tipo de lugares se puede utilizar la puerta r\u00e1pida?<\/b><\/p>\n<p>R: Adecuado para modelos de diferentes especificaciones, as\u00ed como para log\u00edstica de almacenamiento y almacenamiento en fr\u00edo.<\/p>\n<p><b><span data-spm-anchor-id=\"a2700.custom-template.0.i88.45393333PN6HP1\">P: \u00bfC\u00f3mo funciona el abrigo de muelle?<\/span><\/b><\/p>\n<p>R: A trav\u00e9s del apriete del veh\u00edculo y la tira de sellado de la puerta, evitar que el aire salga.<\/p>\n\n<div class=\"wpcf7 no-js\" id=\"wpcf7-f1555-o1\" lang=\"en-US\" dir=\"ltr\" data-wpcf7-id=\"1555\">\n<div class=\"screen-reader-response\"><p role=\"status\" aria-live=\"polite\" aria-atomic=\"true\"><\/p> <ul><\/ul><\/div>\n<form action=\"\/es_ve\/wp-json\/wp\/v2\/product\/11421#wpcf7-f1555-o1\" method=\"post\" class=\"wpcf7-form init\" aria-label=\"Contact form\" novalidate=\"novalidate\" data-status=\"init\" data-trp-original-action=\"\/es_ve\/wp-json\/wp\/v2\/product\/11421#wpcf7-f1555-o1\">\n<fieldset class=\"hidden-fields-container\"><input type=\"hidden\" name=\"_wpcf7\" value=\"1555\" \/><input type=\"hidden\" name=\"_wpcf7_version\" value=\"6.1.4\" \/><input type=\"hidden\" name=\"_wpcf7_locale\" value=\"en_US\" \/><input type=\"hidden\" name=\"_wpcf7_unit_tag\" value=\"wpcf7-f1555-o1\" \/><input type=\"hidden\" name=\"_wpcf7_container_post\" value=\"0\" \/><input type=\"hidden\" name=\"_wpcf7_posted_data_hash\" value=\"\" \/><input type=\"hidden\" name=\"_wpcf7_recaptcha_response\" value=\"\" \/>\n<\/fieldset>\n<div class=\"hunkcf71\">\n\t<p class=\"cf7-title\" style=\"font-size:25px;\"><i class=\"fa fa-envelope-o\"><\/i> En breve responderemos a su correo electr\u00f3nico.\n\t<\/p>\n\t<p><span class=\"wpcf7-form-control-wrap\" data-name=\"text-737\"><input size=\"40\" maxlength=\"400\" class=\"wpcf7-form-control wpcf7-text wpcf7-validates-as-required\" aria-required=\"true\" aria-invalid=\"false\" placeholder=\"Su nombre*\" value=\"\" type=\"text\" name=\"text-737\" \/><\/span>\n\t<\/p>\n\t<p><span class=\"wpcf7-form-control-wrap\" data-name=\"email-193\"><input size=\"40\" maxlength=\"400\" class=\"wpcf7-form-control wpcf7-email wpcf7-validates-as-required wpcf7-text wpcf7-validates-as-email\" aria-required=\"true\" aria-invalid=\"false\" placeholder=\"Direcci\u00f3n de correo electr\u00f3nico\" value=\"\" type=\"email\" name=\"email-193\" \/><\/span>\n\t<\/p>\n\t<p><span class=\"wpcf7-form-control-wrap\" data-name=\"text-738\"><input size=\"40\" maxlength=\"400\" class=\"wpcf7-form-control wpcf7-text\" aria-invalid=\"false\" placeholder=\"N\u00famero de tel\u00e9fono\" value=\"\" type=\"text\" name=\"text-738\" \/><\/span>\n\t<\/p>\n\t<p><span class=\"wpcf7-form-control-wrap\" data-name=\"textarea-837\"><textarea cols=\"40\" rows=\"10\" maxlength=\"2000\" class=\"wpcf7-form-control wpcf7-textarea wpcf7-validates-as-required\" aria-required=\"true\" aria-invalid=\"false\" placeholder=\"Ind\u00edquenos su necesidad de la forma m\u00e1s concreta posible*.\" name=\"textarea-837\"><\/textarea><\/span>\n\t<\/p>\n\t<p><input class=\"wpcf7-form-control wpcf7-submit has-spinner\" type=\"submit\" value=\"Enviar\" \/>\n\t<\/p>\n<\/div><div class=\"wpcf7-response-output\" aria-hidden=\"true\"><\/div>\n<input type=\"hidden\" name=\"trp-form-language\" value=\"es_ve\"\/><\/form>\n<\/div>\n\n<\/div>\n<\/div>\n<\/div>\n<\/div>","protected":false},"excerpt":{"rendered":"<p><strong>Forman un entorno cerrado de carga y descarga, aplicable a una gama m\u00e1s amplia de modelos, y menores requisitos de resistencia portante de la pared.<\/strong><\/p>","protected":false},"featured_media":12042,"comment_status":"open","ping_status":"closed","template":"","meta":[],"product_brand":[],"product_cat":[328],"product_tag":[354],"class_list":{"0":"post-11421","1":"product","2":"type-product","3":"status-publish","4":"has-post-thumbnail","6":"product_cat-dock-shelter","7":"product_tag-door-shelter","10":"first","11":"instock","12":"shipping-taxable","13":"product-type-simple"},"yoast_head":"<!-- This site is optimized with the Yoast SEO plugin v25.3 - https:\/\/yoast.com\/wordpress\/plugins\/seo\/ -->\n<title>SEPPES Mechanical Black Dock Shelter - High speed door<\/title>\n<meta name=\"description\" content=\"Mechanical door shelter curtain board is made of double-layer polyester single fiber elastic strength fabric, surface PVC coating, reflective yellow guide strips on both sides of the side wings, hinged connection for anti-extrusion, the top frame is inclined to facilitate drainage, the door The cover is composed of a front frame, a rear frame and a connecting arm.\" \/>\n<meta name=\"robots\" content=\"index, follow, max-snippet:-1, max-image-preview:large, max-video-preview:-1\" \/>\n<link rel=\"canonical\" href=\"https:\/\/seppeschina.com\/es_ve\/producto\/seppes-mechanical-door-shelter-manufacturer\/\" \/>\n<meta property=\"og:locale\" content=\"es_ES\" \/>\n<meta property=\"og:type\" content=\"article\" \/>\n<meta property=\"og:title\" content=\"SEPPES Mechanical Black Dock Shelter - High speed door\" \/>\n<meta property=\"og:description\" content=\"Mechanical door shelter curtain board is made of double-layer polyester single fiber elastic strength fabric, surface PVC coating, reflective yellow guide strips on both sides of the side wings, hinged connection for anti-extrusion, the top frame is inclined to facilitate drainage, the door The cover is composed of a front frame, a rear frame and a connecting arm.\" \/>\n<meta property=\"og:url\" content=\"https:\/\/seppeschina.com\/es_ve\/producto\/seppes-mechanical-door-shelter-manufacturer\/\" \/>\n<meta property=\"og:site_name\" content=\"High speed door\" \/>\n<meta property=\"article:publisher\" content=\"https:\/\/www.facebook.com\/Seppesdoor-101420388136000\/\" \/>\n<meta property=\"article:modified_time\" content=\"2024-11-19T07:08:34+00:00\" \/>\n<meta property=\"og:image\" content=\"https:\/\/seppeschina.com\/wp-content\/uploads\/2021\/03\/\u673a\u68b0\u95e8\u5c01_01.jpg\" \/>\n\t<meta property=\"og:image:width\" content=\"600\" \/>\n\t<meta property=\"og:image:height\" content=\"545\" \/>\n\t<meta property=\"og:image:type\" content=\"image\/jpeg\" \/>\n<meta name=\"twitter:card\" content=\"summary_large_image\" \/>\n<meta name=\"twitter:site\" content=\"@Stella93161069\" \/>\n<meta name=\"twitter:label1\" content=\"Tiempo estimado de lectura\" \/>\n\t<meta name=\"twitter:data1\" content=\"4 minutos\" \/>\n<script type=\"application\/ld+json\" class=\"yoast-schema-graph\">{\"@context\":\"https:\/\/schema.org\",\"@graph\":[{\"@type\":\"WebPage\",\"@id\":\"https:\/\/seppeschina.com\/product\/seppes-mechanical-door-shelter-manufacturer\/\",\"url\":\"https:\/\/seppeschina.com\/product\/seppes-mechanical-door-shelter-manufacturer\/\",\"name\":\"SEPPES Mechanical Black Dock Shelter - High speed door\",\"isPartOf\":{\"@id\":\"https:\/\/seppeschina.com\/#website\"},\"primaryImageOfPage\":{\"@id\":\"https:\/\/seppeschina.com\/product\/seppes-mechanical-door-shelter-manufacturer\/#primaryimage\"},\"image\":{\"@id\":\"https:\/\/seppeschina.com\/product\/seppes-mechanical-door-shelter-manufacturer\/#primaryimage\"},\"thumbnailUrl\":\"https:\/\/seppeschina.com\/wp-content\/uploads\/2021\/03\/\u673a\u68b0\u95e8\u5c01_01.jpg\",\"datePublished\":\"2021-03-11T06:24:25+00:00\",\"dateModified\":\"2024-11-19T07:08:34+00:00\",\"description\":\"Mechanical door shelter curtain board is made of double-layer polyester single fiber elastic strength fabric, surface PVC coating, reflective yellow guide strips on both sides of the side wings, hinged connection for anti-extrusion, the top frame is inclined to facilitate drainage, the door The cover is composed of a front frame, a rear frame and a connecting arm.\",\"breadcrumb\":{\"@id\":\"https:\/\/seppeschina.com\/product\/seppes-mechanical-door-shelter-manufacturer\/#breadcrumb\"},\"inLanguage\":\"es\",\"potentialAction\":[{\"@type\":\"ReadAction\",\"target\":[\"https:\/\/seppeschina.com\/product\/seppes-mechanical-door-shelter-manufacturer\/\"]}]},{\"@type\":\"ImageObject\",\"inLanguage\":\"es\",\"@id\":\"https:\/\/seppeschina.com\/product\/seppes-mechanical-door-shelter-manufacturer\/#primaryimage\",\"url\":\"https:\/\/seppeschina.com\/wp-content\/uploads\/2021\/03\/\u673a\u68b0\u95e8\u5c01_01.jpg\",\"contentUrl\":\"https:\/\/seppeschina.com\/wp-content\/uploads\/2021\/03\/\u673a\u68b0\u95e8\u5c01_01.jpg\",\"width\":600,\"height\":545},{\"@type\":\"BreadcrumbList\",\"@id\":\"https:\/\/seppeschina.com\/product\/seppes-mechanical-door-shelter-manufacturer\/#breadcrumb\",\"itemListElement\":[{\"@type\":\"ListItem\",\"position\":1,\"name\":\"Home\",\"item\":\"https:\/\/seppeschina.com\/\"},{\"@type\":\"ListItem\",\"position\":2,\"name\":\"Shop\",\"item\":\"https:\/\/seppeschina.com\/shop\/\"},{\"@type\":\"ListItem\",\"position\":3,\"name\":\"SEPPES Mechanical Black Dock Shelter\"}]},{\"@type\":\"WebSite\",\"@id\":\"https:\/\/seppeschina.com\/#website\",\"url\":\"https:\/\/seppeschina.com\/\",\"name\":\"SEPPES Door Industry\",\"description\":\"China&#039;s Leading High Speed Door Manufacturer\",\"potentialAction\":[{\"@type\":\"SearchAction\",\"target\":{\"@type\":\"EntryPoint\",\"urlTemplate\":\"https:\/\/seppeschina.com\/?s={search_term_string}\"},\"query-input\":{\"@type\":\"PropertyValueSpecification\",\"valueRequired\":true,\"valueName\":\"search_term_string\"}}],\"inLanguage\":\"es\"}]}<\/script>\n<!-- \/ Yoast SEO plugin. -->","yoast_head_json":{"title":"SEPPES Abrigo de muelle mec\u00e1nico negro - Puerta r\u00e1pida","description":"El tablero de la cortina del abrigo mec\u00e1nico de la puerta se hace de la tela el\u00e1stico de la fuerza de la sola fibra del poli\u00e9ster de la doble-capa, capa superficial del PVC, tiras amarillas reflexivas de la gu\u00eda a ambos lados de las alas laterales, conexi\u00f3n articulada para la anti-extrusi\u00f3n, el marco superior se inclina para facilitar el drenaje, la puerta La cubierta se compone de un marco delantero, de un marco posterior y de un brazo de conexi\u00f3n.","robots":{"index":"index","follow":"follow","max-snippet":"max-snippet:-1","max-image-preview":"max-image-preview:large","max-video-preview":"max-video-preview:-1"},"canonical":"https:\/\/seppeschina.com\/es_ve\/producto\/seppes-mechanical-door-shelter-manufacturer\/","og_locale":"es_ES","og_type":"article","og_title":"SEPPES Mechanical Black Dock Shelter - High speed door","og_description":"Mechanical door shelter curtain board is made of double-layer polyester single fiber elastic strength fabric, surface PVC coating, reflective yellow guide strips on both sides of the side wings, hinged connection for anti-extrusion, the top frame is inclined to facilitate drainage, the door The cover is composed of a front frame, a rear frame and a connecting arm.","og_url":"https:\/\/seppeschina.com\/es_ve\/producto\/seppes-mechanical-door-shelter-manufacturer\/","og_site_name":"High speed door","article_publisher":"https:\/\/www.facebook.com\/Seppesdoor-101420388136000\/","article_modified_time":"2024-11-19T07:08:34+00:00","og_image":[{"width":600,"height":545,"url":"https:\/\/seppeschina.com\/wp-content\/uploads\/2021\/03\/\u673a\u68b0\u95e8\u5c01_01.jpg","type":"image\/jpeg"}],"twitter_card":"summary_large_image","twitter_site":"@Stella93161069","twitter_misc":{"Tiempo estimado de lectura":"4 minutos"},"schema":{"@context":"https:\/\/schema.org","@graph":[{"@type":"WebPage","@id":"https:\/\/seppeschina.com\/product\/seppes-mechanical-door-shelter-manufacturer\/","url":"https:\/\/seppeschina.com\/product\/seppes-mechanical-door-shelter-manufacturer\/","name":"SEPPES Abrigo de muelle mec\u00e1nico negro - Puerta r\u00e1pida","isPartOf":{"@id":"https:\/\/seppeschina.com\/#website"},"primaryImageOfPage":{"@id":"https:\/\/seppeschina.com\/product\/seppes-mechanical-door-shelter-manufacturer\/#primaryimage"},"image":{"@id":"https:\/\/seppeschina.com\/product\/seppes-mechanical-door-shelter-manufacturer\/#primaryimage"},"thumbnailUrl":"https:\/\/seppeschina.com\/wp-content\/uploads\/2021\/03\/\u673a\u68b0\u95e8\u5c01_01.jpg","datePublished":"2021-03-11T06:24:25+00:00","dateModified":"2024-11-19T07:08:34+00:00","description":"El tablero de la cortina del abrigo mec\u00e1nico de la puerta se hace de la tela el\u00e1stico de la fuerza de la sola fibra del poli\u00e9ster de la doble-capa, capa superficial del PVC, tiras amarillas reflexivas de la gu\u00eda a ambos lados de las alas laterales, conexi\u00f3n articulada para la anti-extrusi\u00f3n, el marco superior se inclina para facilitar el drenaje, la puerta La cubierta se compone de un marco delantero, de un marco posterior y de un brazo de conexi\u00f3n.","breadcrumb":{"@id":"https:\/\/seppeschina.com\/product\/seppes-mechanical-door-shelter-manufacturer\/#breadcrumb"},"inLanguage":"es","potentialAction":[{"@type":"ReadAction","target":["https:\/\/seppeschina.com\/product\/seppes-mechanical-door-shelter-manufacturer\/"]}]},{"@type":"ImageObject","inLanguage":"es","@id":"https:\/\/seppeschina.com\/product\/seppes-mechanical-door-shelter-manufacturer\/#primaryimage","url":"https:\/\/seppeschina.com\/wp-content\/uploads\/2021\/03\/\u673a\u68b0\u95e8\u5c01_01.jpg","contentUrl":"https:\/\/seppeschina.com\/wp-content\/uploads\/2021\/03\/\u673a\u68b0\u95e8\u5c01_01.jpg","width":600,"height":545},{"@type":"BreadcrumbList","@id":"https:\/\/seppeschina.com\/product\/seppes-mechanical-door-shelter-manufacturer\/#breadcrumb","itemListElement":[{"@type":"ListItem","position":1,"name":"Home","item":"https:\/\/seppeschina.com\/"},{"@type":"ListItem","position":2,"name":"Shop","item":"https:\/\/seppeschina.com\/shop\/"},{"@type":"ListItem","position":3,"name":"SEPPES Mechanical Black Dock Shelter"}]},{"@type":"WebSite","@id":"https:\/\/seppeschina.com\/#website","url":"https:\/\/seppeschina.com\/","name":"SEPPES Door Industry","description":"China&#039;s Leading High Speed Door Manufacturer","potentialAction":[{"@type":"SearchAction","target":{"@type":"EntryPoint","urlTemplate":"https:\/\/seppeschina.com\/?s={search_term_string}"},"query-input":{"@type":"PropertyValueSpecification","valueRequired":true,"valueName":"search_term_string"}}],"inLanguage":"es"}]}},"_links":{"self":[{"href":"https:\/\/seppeschina.com\/es_ve\/wp-json\/wp\/v2\/product\/11421","targetHints":{"allow":["GET"]}}],"collection":[{"href":"https:\/\/seppeschina.com\/es_ve\/wp-json\/wp\/v2\/product"}],"about":[{"href":"https:\/\/seppeschina.com\/es_ve\/wp-json\/wp\/v2\/types\/product"}],"replies":[{"embeddable":true,"href":"https:\/\/seppeschina.com\/es_ve\/wp-json\/wp\/v2\/comments?post=11421"}],"wp:featuredmedia":[{"embeddable":true,"href":"https:\/\/seppeschina.com\/es_ve\/wp-json\/wp\/v2\/media\/12042"}],"wp:attachment":[{"href":"https:\/\/seppeschina.com\/es_ve\/wp-json\/wp\/v2\/media?parent=11421"}],"wp:term":[{"taxonomy":"product_brand","embeddable":true,"href":"https:\/\/seppeschina.com\/es_ve\/wp-json\/wp\/v2\/product_brand?post=11421"},{"taxonomy":"product_cat","embeddable":true,"href":"https:\/\/seppeschina.com\/es_ve\/wp-json\/wp\/v2\/product_cat?post=11421"},{"taxonomy":"product_tag","embeddable":true,"href":"https:\/\/seppeschina.com\/es_ve\/wp-json\/wp\/v2\/product_tag?post=11421"}],"curies":[{"name":"wp","href":"https:\/\/api.w.org\/{rel}","templated":true}]}}