{"id":10507,"date":"2021-01-13T10:35:45","date_gmt":"2021-01-13T02:35:45","guid":{"rendered":"https:\/\/seppeschina.com\/?page_id=10507"},"modified":"2026-03-25T17:06:29","modified_gmt":"2026-03-25T09:06:29","slug":"certificat","status":"publish","type":"page","link":"https:\/\/seppeschina.com\/fr\/certificate\/","title":{"rendered":"Certificat"},"content":{"rendered":"<div class=\"wpb-content-wrapper\"><div class=\"vc_row wpb_row vc_row-fluid\"><div class=\"wpb_column vc_column_container vc_col-sm-4\"><div class=\"vc_column-inner\"><div class=\"wpb_wrapper\">\n\t<div  class=\"wpb_single_image wpb_content_element vc_align_center wpb_content_element\">\n\t\t<h2 class=\"wpb_heading wpb_singleimage_heading\">Certificat CE<\/h2>\n\t\t<figure class=\"wpb_wrapper vc_figure\">\n\t\t\t<div class=\"vc_single_image-wrapper vc_box_shadow_border  vc_box_border_grey\"><img decoding=\"async\" class=\"vc_single_image-img\" src=\"https:\/\/seppeschina.com\/wp-content\/uploads\/2021\/10\/100815165786_0Certificate_5BD54055-6EE_en_1-scaled-800x1170.jpeg\" width=\"800\" height=\"1170\" alt=\"100815165786_0Certificate_5BD54055-6EE_en_1\" title=\"100815165786_0Certificate_5BD54055-6EE_en_1\" loading=\"lazy\" \/><\/div>\n\t\t<\/figure>\n\t<\/div>\n<\/div><\/div><\/div><div class=\"wpb_column vc_column_container vc_col-sm-4\"><div class=\"vc_column-inner\"><div class=\"wpb_wrapper\">\n\t<div  class=\"wpb_single_image wpb_content_element vc_align_center wpb_content_element\">\n\t\t<h2 class=\"wpb_heading wpb_singleimage_heading\">Certificat CE<\/h2>\n\t\t<figure class=\"wpb_wrapper vc_figure\">\n\t\t\t<div class=\"vc_single_image-wrapper vc_box_shadow_border  vc_box_border_grey\"><img decoding=\"async\" class=\"vc_single_image-img\" src=\"https:\/\/seppeschina.com\/wp-content\/uploads\/2021\/10\/100815291737_0Certificate_D72E4D74-B88_en_1-scaled-800x1170.jpeg\" width=\"800\" height=\"1170\" alt=\"100815291737_0Certificate_D72E4D74-B88_en_1\" title=\"100815291737_0Certificate_D72E4D74-B88_en_1\" loading=\"lazy\" \/><\/div>\n\t\t<\/figure>\n\t<\/div>\n<\/div><\/div><\/div><div class=\"wpb_column vc_column_container vc_col-sm-4\"><div class=\"vc_column-inner\"><div class=\"wpb_wrapper\">\n\t<div  class=\"wpb_single_image wpb_content_element vc_align_center wpb_content_element\">\n\t\t<h2 class=\"wpb_heading wpb_singleimage_heading\">Certificat SGS<\/h2>\n\t\t<figure class=\"wpb_wrapper vc_figure\">\n\t\t\t<div class=\"vc_single_image-wrapper vc_box_shadow_border  vc_box_border_grey\"><img decoding=\"async\" class=\"vc_single_image-img\" src=\"\" width=\"\" height=\"\" alt=\"Scan SGS\" title=\"Scan SGS\" loading=\"lazy\" \/><\/div>\n\t\t<\/figure>\n\t<\/div>\n<\/div><\/div><\/div><\/div><div class=\"vc_row wpb_row vc_row-fluid\"><div class=\"wpb_column vc_column_container vc_col-sm-12\"><div class=\"vc_column-inner\"><div class=\"wpb_wrapper\"><div class=\"vc_empty_space\"   style=\"height: 50px\"><span class=\"vc_empty_space_inner\"><\/span><\/div><\/div><\/div><\/div><\/div><div class=\"vc_row wpb_row vc_row-fluid\"><div class=\"wpb_column vc_column_container vc_col-sm-4\"><div class=\"vc_column-inner\"><div class=\"wpb_wrapper\">\n\t<div  class=\"wpb_single_image wpb_content_element vc_align_center wpb_content_element\">\n\t\t<h2 class=\"wpb_heading wpb_singleimage_heading\">Brevet de nouvelle fonctionnalit\u00e9<\/h2>\n\t\t<figure class=\"wpb_wrapper vc_figure\">\n\t\t\t<div class=\"vc_single_image-wrapper vc_box_shadow_border  vc_box_border_grey\"><img decoding=\"async\" class=\"vc_single_image-img\" src=\"https:\/\/seppeschina.com\/wp-content\/uploads\/2021\/01\/2fc2d3e68b2e7d941a5ed59f583ebcb.jpg\" width=\"800\" height=\"1152\" alt=\"2fc2d3e68b2e7d941a5ed59f583ebcb\" title=\"2fc2d3e68b2e7d941a5ed59f583ebcb\" loading=\"lazy\" \/><\/div>\n\t\t<\/figure>\n\t<\/div>\n<\/div><\/div><\/div><div class=\"wpb_column vc_column_container vc_col-sm-4\"><div class=\"vc_column-inner\"><div class=\"wpb_wrapper\">\n\t<div  class=\"wpb_single_image wpb_content_element vc_align_center wpb_content_element\">\n\t\t<h2 class=\"wpb_heading wpb_singleimage_heading\">Brevet de nouvelle fonctionnalit\u00e9<\/h2>\n\t\t<figure class=\"wpb_wrapper vc_figure\">\n\t\t\t<div class=\"vc_single_image-wrapper vc_box_shadow_border  vc_box_border_grey\"><img decoding=\"async\" class=\"vc_single_image-img\" src=\"https:\/\/seppeschina.com\/wp-content\/uploads\/2021\/01\/5d3573017fbe6c17409bd35de5d83bc-800x1170.jpg\" width=\"800\" height=\"1170\" alt=\"5d3573017fbe6c17409bd35de5d83bc\" title=\"5d3573017fbe6c17409bd35de5d83bc\" loading=\"lazy\" \/><\/div>\n\t\t<\/figure>\n\t<\/div>\n<\/div><\/div><\/div><div class=\"wpb_column vc_column_container vc_col-sm-4\"><div class=\"vc_column-inner\"><div class=\"wpb_wrapper\">\n\t<div  class=\"wpb_single_image wpb_content_element vc_align_center wpb_content_element\">\n\t\t<h2 class=\"wpb_heading wpb_singleimage_heading\">Brevet de nouvelle fonctionnalit\u00e9<\/h2>\n\t\t<figure class=\"wpb_wrapper vc_figure\">\n\t\t\t<div class=\"vc_single_image-wrapper vc_box_shadow_border  vc_box_border_grey\"><img decoding=\"async\" class=\"vc_single_image-img\" src=\"https:\/\/seppeschina.com\/wp-content\/uploads\/2021\/01\/6f44624bbf6c1cebcf160a046767dea.jpg\" width=\"800\" height=\"1155\" alt=\"6f44624bbf6c1cebcf160a046767dea\" title=\"6f44624bbf6c1cebcf160a046767dea\" loading=\"lazy\" \/><\/div>\n\t\t<\/figure>\n\t<\/div>\n<\/div><\/div><\/div><\/div><div class=\"vc_row wpb_row vc_row-fluid\"><div class=\"wpb_column vc_column_container vc_col-sm-12\"><div class=\"vc_column-inner\"><div class=\"wpb_wrapper\"><div class=\"vc_empty_space\"   style=\"height: 50px\"><span class=\"vc_empty_space_inner\"><\/span><\/div><\/div><\/div><\/div><\/div><div class=\"vc_row wpb_row vc_row-fluid\"><div class=\"wpb_column vc_column_container vc_col-sm-4\"><div class=\"vc_column-inner\"><div class=\"wpb_wrapper\">\n\t<div  class=\"wpb_single_image wpb_content_element vc_align_center wpb_content_element\">\n\t\t<h2 class=\"wpb_heading wpb_singleimage_heading\">Brevet de nouvelle fonctionnalit\u00e9<\/h2>\n\t\t<figure class=\"wpb_wrapper vc_figure\">\n\t\t\t<div class=\"vc_single_image-wrapper vc_box_shadow_border  vc_box_border_grey\"><img decoding=\"async\" class=\"vc_single_image-img\" src=\"https:\/\/seppeschina.com\/wp-content\/uploads\/2021\/01\/26f311fbba5a9116ecfd1b3edbd61e7.jpg\" width=\"800\" height=\"1162\" alt=\"26f311fbba5a9116ecfd1b3edbd61e7\" title=\"26f311fbba5a9116ecfd1b3edbd61e7\" loading=\"lazy\" \/><\/div>\n\t\t<\/figure>\n\t<\/div>\n<\/div><\/div><\/div><div class=\"wpb_column vc_column_container vc_col-sm-4\"><div class=\"vc_column-inner\"><div class=\"wpb_wrapper\">\n\t<div  class=\"wpb_single_image wpb_content_element vc_align_center wpb_content_element\">\n\t\t<h2 class=\"wpb_heading wpb_singleimage_heading\">Brevet de nouvelle fonctionnalit\u00e9<\/h2>\n\t\t<figure class=\"wpb_wrapper vc_figure\">\n\t\t\t<div class=\"vc_single_image-wrapper vc_box_shadow_border  vc_box_border_grey\"><img decoding=\"async\" class=\"vc_single_image-img\" src=\"https:\/\/seppeschina.com\/wp-content\/uploads\/2021\/01\/aff460e99af2feb7c143e6853984be6.jpg\" width=\"800\" height=\"1154\" alt=\"aff460e99af2feb7c143e6853984be6\" title=\"aff460e99af2feb7c143e6853984be6\" loading=\"lazy\" \/><\/div>\n\t\t<\/figure>\n\t<\/div>\n<\/div><\/div><\/div><div class=\"wpb_column vc_column_container vc_col-sm-4\"><div class=\"vc_column-inner\"><div class=\"wpb_wrapper\">\n\t<div  class=\"wpb_single_image wpb_content_element vc_align_center wpb_content_element\">\n\t\t<h2 class=\"wpb_heading wpb_singleimage_heading\">Brevet de nouvelle fonctionnalit\u00e9<\/h2>\n\t\t<figure class=\"wpb_wrapper vc_figure\">\n\t\t\t<div class=\"vc_single_image-wrapper vc_box_shadow_border  vc_box_border_grey\"><img decoding=\"async\" class=\"vc_single_image-img\" src=\"https:\/\/seppeschina.com\/wp-content\/uploads\/2021\/01\/bfd91ca9bca73962f040dee83ced2c3.jpg\" width=\"800\" height=\"1162\" alt=\"bfd91ca9bca73962f040dee83ced2c3\" title=\"bfd91ca9bca73962f040dee83ced2c3\" loading=\"lazy\" \/><\/div>\n\t\t<\/figure>\n\t<\/div>\n<\/div><\/div><\/div><\/div><div class=\"vc_row wpb_row vc_row-fluid\"><div class=\"wpb_column vc_column_container vc_col-sm-12\"><div class=\"vc_column-inner\"><div class=\"wpb_wrapper\"><div class=\"vc_empty_space\"   style=\"height: 50px\"><span class=\"vc_empty_space_inner\"><\/span><\/div><\/div><\/div><\/div><\/div><div class=\"vc_row wpb_row vc_row-fluid\"><div class=\"wpb_column vc_column_container vc_col-sm-4\"><div class=\"vc_column-inner\"><div class=\"wpb_wrapper\">\n\t<div  class=\"wpb_single_image wpb_content_element vc_align_center wpb_content_element\">\n\t\t<h2 class=\"wpb_heading wpb_singleimage_heading\">Brevet de nouvelle fonctionnalit\u00e9<\/h2>\n\t\t<figure class=\"wpb_wrapper vc_figure\">\n\t\t\t<div class=\"vc_single_image-wrapper vc_box_shadow_border  vc_box_border_grey\"><img decoding=\"async\" class=\"vc_single_image-img\" src=\"https:\/\/seppeschina.com\/wp-content\/uploads\/2021\/01\/e951bd3ddd4e193013a36a8c8ae9686.jpg\" width=\"800\" height=\"1152\" alt=\"e951bd3ddd4e193013a36a8c8ae9686\" title=\"e951bd3ddd4e193013a36a8c8ae9686\" loading=\"lazy\" \/><\/div>\n\t\t<\/figure>\n\t<\/div>\n<\/div><\/div><\/div><div class=\"wpb_column vc_column_container vc_col-sm-4\"><div class=\"vc_column-inner\"><div class=\"wpb_wrapper\">\n\t<div  class=\"wpb_single_image wpb_content_element vc_align_center wpb_content_element\">\n\t\t<h2 class=\"wpb_heading wpb_singleimage_heading\">Certificat de brevet d'apparence<\/h2>\n\t\t<figure class=\"wpb_wrapper vc_figure\">\n\t\t\t<div class=\"vc_single_image-wrapper vc_box_shadow_border  vc_box_border_grey\"><img decoding=\"async\" class=\"vc_single_image-img\" src=\"https:\/\/seppeschina.com\/wp-content\/uploads\/2021\/01\/3f79c77cd6f06c5f48283491bf5be7c.jpg\" width=\"800\" height=\"1170\" alt=\"3f79c77cd6f06c5f48283491bf5be7c\" title=\"3f79c77cd6f06c5f48283491bf5be7c\" loading=\"lazy\" \/><\/div>\n\t\t<\/figure>\n\t<\/div>\n<\/div><\/div><\/div><div class=\"wpb_column vc_column_container vc_col-sm-4\"><div class=\"vc_column-inner\"><div class=\"wpb_wrapper\">\n\t<div  class=\"wpb_single_image wpb_content_element vc_align_center wpb_content_element\">\n\t\t<h2 class=\"wpb_heading wpb_singleimage_heading\">Certificat de brevet d'apparence<\/h2>\n\t\t<figure class=\"wpb_wrapper vc_figure\">\n\t\t\t<div class=\"vc_single_image-wrapper vc_box_shadow_border  vc_box_border_grey\"><img decoding=\"async\" class=\"vc_single_image-img\" src=\"https:\/\/seppeschina.com\/wp-content\/uploads\/2021\/01\/9a751387dfee98252201b99a4916da0-e1610508616486-800x1170.png\" width=\"800\" height=\"1170\" alt=\"9a751387dfee98252201b99a4916da0\" title=\"9a751387dfee98252201b99a4916da0\" loading=\"lazy\" \/><\/div>\n\t\t<\/figure>\n\t<\/div>\n<\/div><\/div><\/div><\/div><div class=\"vc_row wpb_row vc_row-fluid\"><div class=\"wpb_column vc_column_container vc_col-sm-12\"><div class=\"vc_column-inner\"><div class=\"wpb_wrapper\"><div class=\"vc_empty_space\"   style=\"height: 50px\"><span class=\"vc_empty_space_inner\"><\/span><\/div><\/div><\/div><\/div><\/div><div class=\"vc_row wpb_row vc_row-fluid\"><div class=\"wpb_column vc_column_container vc_col-sm-4\"><div class=\"vc_column-inner\"><div class=\"wpb_wrapper\">\n\t<div  class=\"wpb_single_image wpb_content_element vc_align_center wpb_content_element\">\n\t\t<h2 class=\"wpb_heading wpb_singleimage_heading\">Certificat de brevet d'apparence<\/h2>\n\t\t<figure class=\"wpb_wrapper vc_figure\">\n\t\t\t<div class=\"vc_single_image-wrapper vc_box_shadow_border  vc_box_border_grey\"><img decoding=\"async\" class=\"vc_single_image-img\" src=\"https:\/\/seppeschina.com\/wp-content\/uploads\/2021\/01\/a320b21d09c7e39c9fc604a588d819d.jpg\" width=\"800\" height=\"1159\" alt=\"a320b21d09c7e39c9fc604a588d819d\" title=\"a320b21d09c7e39c9fc604a588d819d\" loading=\"lazy\" \/><\/div>\n\t\t<\/figure>\n\t<\/div>\n<\/div><\/div><\/div><div class=\"wpb_column vc_column_container vc_col-sm-4\"><div class=\"vc_column-inner\"><div class=\"wpb_wrapper\">\n\t<div  class=\"wpb_single_image wpb_content_element vc_align_center wpb_content_element\">\n\t\t<h2 class=\"wpb_heading wpb_singleimage_heading\">Certificat de brevet d'apparence<\/h2>\n\t\t<figure class=\"wpb_wrapper vc_figure\">\n\t\t\t<div class=\"vc_single_image-wrapper vc_box_shadow_border  vc_box_border_grey\"><img decoding=\"async\" class=\"vc_single_image-img\" src=\"https:\/\/seppeschina.com\/wp-content\/uploads\/2021\/01\/b9e220bfa16efa8078f75a4aea2468d.jpg\" width=\"800\" height=\"1160\" alt=\"b9e220bfa16efa8078f75a4aea2468d\" title=\"b9e220bfa16efa8078f75a4aea2468d\" loading=\"lazy\" \/><\/div>\n\t\t<\/figure>\n\t<\/div>\n<\/div><\/div><\/div><div class=\"wpb_column vc_column_container vc_col-sm-4\"><div class=\"vc_column-inner\"><div class=\"wpb_wrapper\">\n\t<div  class=\"wpb_single_image wpb_content_element vc_align_center wpb_content_element\">\n\t\t<h2 class=\"wpb_heading wpb_singleimage_heading\">Licence de marque<\/h2>\n\t\t<figure class=\"wpb_wrapper vc_figure\">\n\t\t\t<div class=\"vc_single_image-wrapper vc_box_shadow_border  vc_box_border_grey\"><img decoding=\"async\" class=\"vc_single_image-img\" src=\"https:\/\/seppeschina.com\/wp-content\/uploads\/2021\/01\/4137d37c1e704bdb0637f828bb350b0-scaled-e1610507417749-800x1170.jpg\" width=\"800\" height=\"1170\" alt=\"4137d37c1e704bdb0637f828bb350b0\" title=\"4137d37c1e704bdb0637f828bb350b0\" loading=\"lazy\" \/><\/div>\n\t\t<\/figure>\n\t<\/div>\n<\/div><\/div><\/div><\/div>\n<\/div>","protected":false},"excerpt":{"rendered":"CE Certificate CE Certificate SGS Certificate New Function Patent Certificate New Function Patent Certificate New Function Patent Certificate New Function Patent Certificate New Function Patent Certificate New Function Patent Certificate New Function Patent Certificate Patent Certificate Of Appearance Patent Certificate Of Appearance Patent Certificate Of Appearance Patent Certificate Of Appearance Trade Mark License","protected":false},"author":1,"featured_media":0,"parent":0,"menu_order":0,"comment_status":"closed","ping_status":"closed","template":"","meta":{"footnotes":""},"class_list":["post-10507","page","type-page","status-publish","hentry"],"yoast_head":"<!-- This site is optimized with the Yoast SEO plugin v25.3 - https:\/\/yoast.com\/wordpress\/plugins\/seo\/ -->\n<title>Certifications &amp; Quality Standards | CE, ISO Certified - SEPPES<\/title>\n<meta name=\"description\" content=\"SEPPES quality certifications: CE marking, ISO 9001, and 500+ product patents. View our certification documents and quality assurance standards for high speed doors, sectional doors, and dock equipment.\" \/>\n<meta name=\"robots\" content=\"index, follow, max-snippet:-1, max-image-preview:large, max-video-preview:-1\" \/>\n<link rel=\"canonical\" href=\"https:\/\/seppeschina.com\/fr\/certificat\/\" \/>\n<meta property=\"og:locale\" content=\"fr_FR\" \/>\n<meta property=\"og:type\" content=\"article\" \/>\n<meta property=\"og:title\" content=\"Certifications &amp; Quality Standards | CE, ISO Certified - SEPPES\" \/>\n<meta property=\"og:description\" content=\"SEPPES quality certifications: CE marking, ISO 9001, and 500+ product patents. View our certification documents and quality assurance standards for high speed doors, sectional doors, and dock equipment.\" \/>\n<meta property=\"og:url\" content=\"https:\/\/seppeschina.com\/fr\/certificat\/\" \/>\n<meta property=\"og:site_name\" content=\"High speed door\" \/>\n<meta property=\"article:publisher\" content=\"https:\/\/www.facebook.com\/Seppesdoor-101420388136000\/\" \/>\n<meta property=\"article:modified_time\" content=\"2026-03-25T09:06:29+00:00\" \/>\n<meta name=\"twitter:card\" content=\"summary_large_image\" \/>\n<meta name=\"twitter:site\" content=\"@Stella93161069\" \/>\n<meta name=\"twitter:label1\" content=\"Dur\u00e9e de lecture estim\u00e9e\" \/>\n\t<meta name=\"twitter:data1\" content=\"1 minute\" \/>\n<script type=\"application\/ld+json\" class=\"yoast-schema-graph\">{\"@context\":\"https:\/\/schema.org\",\"@graph\":[{\"@type\":\"WebPage\",\"@id\":\"https:\/\/seppeschina.com\/certificate\/\",\"url\":\"https:\/\/seppeschina.com\/certificate\/\",\"name\":\"Certifications & Quality Standards | CE, ISO Certified - SEPPES\",\"isPartOf\":{\"@id\":\"https:\/\/seppeschina.com\/#website\"},\"datePublished\":\"2021-01-13T02:35:45+00:00\",\"dateModified\":\"2026-03-25T09:06:29+00:00\",\"description\":\"SEPPES quality certifications: CE marking, ISO 9001, and 500+ product patents. View our certification documents and quality assurance standards for high speed doors, sectional doors, and dock equipment.\",\"breadcrumb\":{\"@id\":\"https:\/\/seppeschina.com\/certificate\/#breadcrumb\"},\"inLanguage\":\"fr-FR\",\"potentialAction\":[{\"@type\":\"ReadAction\",\"target\":[\"https:\/\/seppeschina.com\/certificate\/\"]}]},{\"@type\":\"BreadcrumbList\",\"@id\":\"https:\/\/seppeschina.com\/certificate\/#breadcrumb\",\"itemListElement\":[{\"@type\":\"ListItem\",\"position\":1,\"name\":\"Home\",\"item\":\"https:\/\/seppeschina.com\/\"},{\"@type\":\"ListItem\",\"position\":2,\"name\":\"Certificate\"}]},{\"@type\":\"WebSite\",\"@id\":\"https:\/\/seppeschina.com\/#website\",\"url\":\"https:\/\/seppeschina.com\/\",\"name\":\"SEPPES Door Industry\",\"description\":\"China&#039;s Leading High Speed Door Manufacturer\",\"potentialAction\":[{\"@type\":\"SearchAction\",\"target\":{\"@type\":\"EntryPoint\",\"urlTemplate\":\"https:\/\/seppeschina.com\/?s={search_term_string}\"},\"query-input\":{\"@type\":\"PropertyValueSpecification\",\"valueRequired\":true,\"valueName\":\"search_term_string\"}}],\"inLanguage\":\"fr-FR\"}]}<\/script>\n<!-- \/ Yoast SEO plugin. -->","yoast_head_json":{"title":"Certifications &amp; Normes de Qualit\u00e9 | CE, ISO Certifi\u00e9 - SEPPES","description":"Certifications qualit\u00e9 SEPPES : marquage CE, ISO 9001 et plus de 500 brevets produits. Consultez nos documents de certification et nos normes d'assurance qualit\u00e9 pour portes rapides, portes sectionnelles et \u00e9quipements de quai.","robots":{"index":"index","follow":"follow","max-snippet":"max-snippet:-1","max-image-preview":"max-image-preview:large","max-video-preview":"max-video-preview:-1"},"canonical":"https:\/\/seppeschina.com\/fr\/certificat\/","og_locale":"fr_FR","og_type":"article","og_title":"Certifications & Quality Standards | CE, ISO Certified - SEPPES","og_description":"SEPPES quality certifications: CE marking, ISO 9001, and 500+ product patents. View our certification documents and quality assurance standards for high speed doors, sectional doors, and dock equipment.","og_url":"https:\/\/seppeschina.com\/fr\/certificat\/","og_site_name":"High speed door","article_publisher":"https:\/\/www.facebook.com\/Seppesdoor-101420388136000\/","article_modified_time":"2026-03-25T09:06:29+00:00","twitter_card":"summary_large_image","twitter_site":"@Stella93161069","twitter_misc":{"Dur\u00e9e de lecture estim\u00e9e":"1 minute"},"schema":{"@context":"https:\/\/schema.org","@graph":[{"@type":"WebPage","@id":"https:\/\/seppeschina.com\/certificate\/","url":"https:\/\/seppeschina.com\/certificate\/","name":"Certifications &amp; Normes de Qualit\u00e9 | CE, ISO Certifi\u00e9 - SEPPES","isPartOf":{"@id":"https:\/\/seppeschina.com\/#website"},"datePublished":"2021-01-13T02:35:45+00:00","dateModified":"2026-03-25T09:06:29+00:00","description":"Certifications qualit\u00e9 SEPPES : marquage CE, ISO 9001 et plus de 500 brevets produits. Consultez nos documents de certification et nos normes d'assurance qualit\u00e9 pour portes rapides, portes sectionnelles et \u00e9quipements de quai.","breadcrumb":{"@id":"https:\/\/seppeschina.com\/certificate\/#breadcrumb"},"inLanguage":"fr-FR","potentialAction":[{"@type":"ReadAction","target":["https:\/\/seppeschina.com\/certificate\/"]}]},{"@type":"BreadcrumbList","@id":"https:\/\/seppeschina.com\/certificate\/#breadcrumb","itemListElement":[{"@type":"ListItem","position":1,"name":"Home","item":"https:\/\/seppeschina.com\/"},{"@type":"ListItem","position":2,"name":"Certificate"}]},{"@type":"WebSite","@id":"https:\/\/seppeschina.com\/#website","url":"https:\/\/seppeschina.com\/","name":"SEPPES Industrie des Portes","description":"Premier fabricant chinois de portes rapides","potentialAction":[{"@type":"SearchAction","target":{"@type":"EntryPoint","urlTemplate":"https:\/\/seppeschina.com\/?s={search_term_string}"},"query-input":{"@type":"PropertyValueSpecification","valueRequired":true,"valueName":"search_term_string"}}],"inLanguage":"fr-FR"}]}},"_links":{"self":[{"href":"https:\/\/seppeschina.com\/fr\/wp-json\/wp\/v2\/pages\/10507","targetHints":{"allow":["GET"]}}],"collection":[{"href":"https:\/\/seppeschina.com\/fr\/wp-json\/wp\/v2\/pages"}],"about":[{"href":"https:\/\/seppeschina.com\/fr\/wp-json\/wp\/v2\/types\/page"}],"author":[{"embeddable":true,"href":"https:\/\/seppeschina.com\/fr\/wp-json\/wp\/v2\/users\/1"}],"replies":[{"embeddable":true,"href":"https:\/\/seppeschina.com\/fr\/wp-json\/wp\/v2\/comments?post=10507"}],"version-history":[{"count":10,"href":"https:\/\/seppeschina.com\/fr\/wp-json\/wp\/v2\/pages\/10507\/revisions"}],"predecessor-version":[{"id":14422,"href":"https:\/\/seppeschina.com\/fr\/wp-json\/wp\/v2\/pages\/10507\/revisions\/14422"}],"wp:attachment":[{"href":"https:\/\/seppeschina.com\/fr\/wp-json\/wp\/v2\/media?parent=10507"}],"curies":[{"name":"wp","href":"https:\/\/api.w.org\/{rel}","templated":true}]}}