{"id":10079,"date":"2021-01-08T16:15:23","date_gmt":"2021-01-08T08:15:23","guid":{"rendered":"https:\/\/seppeschina.com\/?post_type=product&#038;p=10079"},"modified":"2025-05-19T16:15:10","modified_gmt":"2025-05-19T08:15:10","slug":"porte-rapide-a-fermeture-eclair-bleue-seppes-de-chine-avec-radar-hsd-140","status":"publish","type":"product","link":"https:\/\/seppeschina.com\/fr\/product\/china-seppes-blue-zipper-high-speed-door-with-radar-hsd-140\/","title":{"rendered":"Porte Rapide \u00e0 Fermeture \u00c9clair Bleue SEPPES Chine avec Radar HSD-140"},"content":{"rendered":"<div style=\"width: 640px;\" class=\"wp-video\"><video class=\"wp-video-shortcode\" id=\"video-10079-1\" width=\"640\" height=\"368\" preload=\"metadata\" controls=\"controls\"><source type=\"video\/mp4\" src=\"https:\/\/seppeschina.com\/wp-content\/uploads\/2021\/01\/\u52a0\u97f3\u4e50.mp4?_=1\" \/><a href=\"https:\/\/seppeschina.com\/wp-content\/uploads\/2021\/01\/\u52a0\u97f3\u4e50.mp4\">https:\/\/seppeschina.com\/wp-content\/uploads\/2021\/01\/\u52a0\u97f3\u4e50.mp4<\/a><\/video><\/div>\n<h3><span style=\"color: #3366ff;\">Description<\/span><\/h3>\n<p>Les caract\u00e9ristiques conventionnelles de la porte rapide \u00e0 fermeture \u00e9clair incluent :<\/p>\n<p><span class=\"VIiyi\" lang=\"en\"><span class=\"JLqJ4b ChMk0b\" data-language-for-alternatives=\"en\" data-language-to-translate-into=\"zh-CN\" data-phrase-index=\"0\">1. R\u00e9initialisation : fonction de r\u00e9initialisation automatique pour \u00e9viter les collisions et les d\u00e9raillements accidentels (technologie brevet\u00e9e)<\/span> <\/span><\/p>\n<p><span class=\"VIiyi\" lang=\"en\"><span class=\"JLqJ4b ChMk0b\" data-language-for-alternatives=\"en\" data-language-to-translate-into=\"zh-CN\" data-phrase-index=\"2\">2. Fermeture \u00e0 cha\u00eene : structure de verrouillage \u00e0 fermeture \u00e9clair, haute \u00e9tanch\u00e9it\u00e9 ; corps de porte enti\u00e8rement souple, plus s\u00fbr<\/span> <\/span><\/p>\n<p><span class=\"VIiyi\" lang=\"en\"><span class=\"JLqJ4b ChMk0b\" data-language-for-alternatives=\"en\" data-language-to-translate-into=\"zh-CN\" data-phrase-index=\"4\">3. Haute vitesse : le moteur servo est sp\u00e9cialement personnalis\u00e9 et la vitesse d'ouverture peut atteindre 2,0 m\/s, applicable \u00e9galement aux lignes de production \u00e0 haute fr\u00e9quence<\/span> <\/span><\/p>\n<p><span class=\"VIiyi\" lang=\"en\"><span class=\"JLqJ4b ChMk0b\" data-language-for-alternatives=\"en\" data-language-to-translate-into=\"zh-CN\" data-phrase-index=\"6\">4. R\u00e9sistance au vent : le rail du cadre de porte est \u00e9quip\u00e9 d'un syst\u00e8me de tension \u00e0 ressort, r\u00e9sistant conventionnellement \u00e0 une pression de vent de 6-8 niveaux, pouvant \u00eatre renforc\u00e9 sur commande sp\u00e9ciale<\/span> <\/span><\/p>\n<p><span class=\"VIiyi\" lang=\"en\"><span class=\"JLqJ4b ChMk0b\" data-language-for-alternatives=\"en\" data-language-to-translate-into=\"zh-CN\" data-phrase-index=\"8\">5. Haute fr\u00e9quence : le nombre de cycles peut atteindre 1 million ou plus<\/span> <\/span><\/p>\n<p><span class=\"VIiyi\" lang=\"en\"><span class=\"JLqJ4b ChMk0b\" data-language-for-alternatives=\"en\" data-language-to-translate-into=\"zh-CN\" data-phrase-index=\"10\">6. S\u00e9curit\u00e9 : photoelectrique de s\u00e9curit\u00e9 standard et coussin d'air inf\u00e9rieur (technologie brevet\u00e9e SEPPES), rideau lumineux de s\u00e9curit\u00e9 en option<\/span><\/span><\/p>\n<h3><span style=\"color: #3366ff;\"><strong><b>Composition<\/b><\/strong><\/span><\/h3>\n<p><img loading=\"lazy\" decoding=\"async\" class=\"aligncenter wp-image-10086\" src=\"https:\/\/seppeschina.com\/wp-content\/uploads\/2021\/01\/\u5fae\u4fe1\u56fe\u7247_20200608145916-1.jpg\" alt=\"\" width=\"600\" height=\"640\" srcset=\"https:\/\/seppeschina.com\/wp-content\/uploads\/2021\/01\/\u5fae\u4fe1\u56fe\u7247_20200608145916-1.jpg 750w, https:\/\/seppeschina.com\/wp-content\/uploads\/2021\/01\/\u5fae\u4fe1\u56fe\u7247_20200608145916-1-360x384.jpg 360w, https:\/\/seppeschina.com\/wp-content\/uploads\/2021\/01\/\u5fae\u4fe1\u56fe\u7247_20200608145916-1-600x640.jpg 600w, https:\/\/seppeschina.com\/wp-content\/uploads\/2021\/01\/\u5fae\u4fe1\u56fe\u7247_20200608145916-1-281x300.jpg 281w, https:\/\/seppeschina.com\/wp-content\/uploads\/2021\/01\/\u5fae\u4fe1\u56fe\u7247_20200608145916-1-516x550.jpg 516w\" sizes=\"auto, (max-width: 600px) 100vw, 600px\" \/><\/p>\n<h3><span style=\"color: #3366ff;\"><strong><b>Caract\u00e9ristique<\/b><\/strong><\/span><\/h3>\n<table>\n<tbody>\n<tr>\n<td width=\"118\"><strong><b>Nom<\/b><\/strong><\/td>\n<td width=\"339\">SEPPES Porte Rapide \u00e0 Fermeture \u00c9clair<\/td>\n<\/tr>\n<tr>\n<td width=\"118\"><strong><b>Rideau<\/b><\/strong><\/td>\n<td width=\"339\">Rideau en tissu de 1,2 mm d'\u00e9paisseur<\/td>\n<\/tr>\n<tr>\n<td width=\"118\"><strong><b>Cadre de Porte<\/b><\/strong><\/td>\n<td width=\"339\">Acier Galvanis\u00e9 \/<\/p>\n<p>Acier Inoxydable 304 \/ Alliage d'Aluminium<\/td>\n<\/tr>\n<tr>\n<td width=\"118\"><strong><b>Moteur<\/b><\/strong><\/td>\n<td width=\"339\">Moteur servo, utilisable plus de 1,5 million de fois<\/td>\n<\/tr>\n<tr>\n<td width=\"118\"><strong><b>Puissance<\/b><\/strong><\/td>\n<td width=\"339\">220V, 0,75 kW, 50 Hz<\/td>\n<\/tr>\n<tr>\n<td width=\"118\"><strong><b>Vitesse<\/b><\/strong><\/td>\n<td width=\"339\">0,8 - 2,5 m\/s, r\u00e9glable<\/td>\n<\/tr>\n<tr>\n<td width=\"118\"><strong><b>Nombre d'Utilisations<\/b><\/strong><\/td>\n<td width=\"339\">Plus de 1,5 million de fois<\/td>\n<\/tr>\n<tr>\n<td width=\"118\"><strong><b>Protection<\/b><\/strong><\/td>\n<td width=\"339\">IP54<\/td>\n<\/tr>\n<tr>\n<td width=\"118\"><strong><b>Avantage<\/b><\/strong><\/td>\n<td width=\"339\">Silencieux \/ Durable \/ \u00c9vitement de collision \/ R\u00e9initialisation automatique<\/td>\n<\/tr>\n<\/tbody>\n<\/table>\n<h3><span style=\"color: #3366ff;\"><strong><b>Images d\u00e9taill\u00e9es<\/b><\/strong><\/span><\/h3>\n<p><img loading=\"lazy\" decoding=\"async\" class=\"aligncenter wp-image-11816 size-full\" src=\"https:\/\/seppeschina.com\/wp-content\/uploads\/2021\/04\/\u62c9\u94fe\u5feb\u901f\u95e8_03.jpg\" alt=\"\" width=\"600\" height=\"633\" srcset=\"https:\/\/seppeschina.com\/wp-content\/uploads\/2021\/04\/\u62c9\u94fe\u5feb\u901f\u95e8_03.jpg 600w, https:\/\/seppeschina.com\/wp-content\/uploads\/2021\/04\/\u62c9\u94fe\u5feb\u901f\u95e8_03-360x380.jpg 360w, https:\/\/seppeschina.com\/wp-content\/uploads\/2021\/04\/\u62c9\u94fe\u5feb\u901f\u95e8_03-284x300.jpg 284w, https:\/\/seppeschina.com\/wp-content\/uploads\/2021\/04\/\u62c9\u94fe\u5feb\u901f\u95e8_03-24x24.jpg 24w, https:\/\/seppeschina.com\/wp-content\/uploads\/2021\/04\/\u62c9\u94fe\u5feb\u901f\u95e8_03-521x550.jpg 521w\" sizes=\"auto, (max-width: 600px) 100vw, 600px\" \/><\/p>\n<p>1. Le fer d'angle est renforc\u00e9 pour rendre la structure de la porte plus stable ;<\/p>\n<p>2. Installation plus pratique, aspect esth\u00e9tique ;<\/p>\n<p>3. Peut se r\u00e9initialiser automatiquement en cas de d\u00e9raillement d\u00fb \u00e0 un choc ;<\/p>\n<p>4. Effleure l\u00e9g\u00e8rement un objet, rebondit rapidement ;<\/p>\n<p>5. Chaque produit poss\u00e8de son propre code ;<\/p>\n<p>6. La couleur peut \u00eatre s\u00e9lectionn\u00e9e selon la nuanci\u00e8re Raul.<\/p>\n<h3><span style=\"color: #3366ff;\">M\u00e9thodes d'ouverture<\/span><\/h3>\n<p><img loading=\"lazy\" decoding=\"async\" class=\"aligncenter wp-image-9999\" src=\"https:\/\/seppeschina.com\/wp-content\/uploads\/2019\/04\/\u672a\u6807\u9898-2.jpg\" alt=\"\" width=\"600\" height=\"600\" srcset=\"https:\/\/seppeschina.com\/wp-content\/uploads\/2019\/04\/\u672a\u6807\u9898-2.jpg 750w, https:\/\/seppeschina.com\/wp-content\/uploads\/2019\/04\/\u672a\u6807\u9898-2-360x360.jpg 360w, https:\/\/seppeschina.com\/wp-content\/uploads\/2019\/04\/\u672a\u6807\u9898-2-100x100.jpg 100w, https:\/\/seppeschina.com\/wp-content\/uploads\/2019\/04\/\u672a\u6807\u9898-2-600x600.jpg 600w, https:\/\/seppeschina.com\/wp-content\/uploads\/2019\/04\/\u672a\u6807\u9898-2-300x300.jpg 300w, https:\/\/seppeschina.com\/wp-content\/uploads\/2019\/04\/\u672a\u6807\u9898-2-150x150.jpg 150w, https:\/\/seppeschina.com\/wp-content\/uploads\/2019\/04\/\u672a\u6807\u9898-2-24x24.jpg 24w, https:\/\/seppeschina.com\/wp-content\/uploads\/2019\/04\/\u672a\u6807\u9898-2-48x48.jpg 48w, https:\/\/seppeschina.com\/wp-content\/uploads\/2019\/04\/\u672a\u6807\u9898-2-96x96.jpg 96w, https:\/\/seppeschina.com\/wp-content\/uploads\/2019\/04\/\u672a\u6807\u9898-2-364x364.jpg 364w, https:\/\/seppeschina.com\/wp-content\/uploads\/2019\/04\/\u672a\u6807\u9898-2-50x50.jpg 50w, https:\/\/seppeschina.com\/wp-content\/uploads\/2019\/04\/\u672a\u6807\u9898-2-110x110.jpg 110w, https:\/\/seppeschina.com\/wp-content\/uploads\/2019\/04\/\u672a\u6807\u9898-2-275x275.jpg 275w, https:\/\/seppeschina.com\/wp-content\/uploads\/2019\/04\/\u672a\u6807\u9898-2-480x480.jpg 480w, https:\/\/seppeschina.com\/wp-content\/uploads\/2019\/04\/\u672a\u6807\u9898-2-550x550.jpg 550w\" sizes=\"auto, (max-width: 600px) 100vw, 600px\" \/><\/p>\n<h3><span style=\"color: #3366ff;\">Produit associ\u00e9<\/span><\/h3>\n<p><img loading=\"lazy\" decoding=\"async\" class=\"aligncenter size-full wp-image-11599\" src=\"https:\/\/seppeschina.com\/wp-content\/uploads\/2021\/03\/seppes-door-1.gif\" alt=\"\" width=\"600\" height=\"528\"><\/p>\n<h3><span style=\"color: #3366ff;\">Qui sommes-nous ?<\/span><\/h3>\n<h5>\u00c0 propos de nous<\/h5>\n<p><strong>Seppes Door Industry (Suzhou) Co., Ltd.<\/strong>\u00a0a \u00e9t\u00e9 cr\u00e9\u00e9e en 2011 et est une entreprise de fabrication et de commerce avec 9 ans d'exp\u00e9rience. Nos principaux produits sont les portes rapides, les portes \u00e0 enroulement rapide, les portes \u00e0 enroulement automatique, les portes combin\u00e9es, etc.<\/p>\n<p><img loading=\"lazy\" decoding=\"async\" class=\"aligncenter size-full wp-image-11606\" src=\"https:\/\/seppeschina.com\/wp-content\/uploads\/2021\/03\/seppes-door8.gif\" alt=\"\" width=\"600\" height=\"502\"><\/p>\n<h3><span style=\"color: #3366ff;\">Pr\u00e9sentation de l'usine\u00a0\u00a0<\/span><\/h3>\n<p><img loading=\"lazy\" decoding=\"async\" class=\"aligncenter size-full wp-image-11604\" src=\"https:\/\/seppeschina.com\/wp-content\/uploads\/2021\/03\/seppes-door6.gif\" alt=\"\" width=\"600\" height=\"358\"><\/p>\n<h3><span style=\"color: #3366ff;\">Exposition<\/span><\/h3>\n<p>Ceci est une photo de clients espagnols, australiens, br\u00e9siliens, chiliens, etc., qui ont visit\u00e9 notre entreprise.<\/p>\n<p><img loading=\"lazy\" decoding=\"async\" class=\"aligncenter size-full wp-image-11605\" src=\"https:\/\/seppeschina.com\/wp-content\/uploads\/2021\/03\/seppes-door7.gif\" alt=\"\" width=\"600\" height=\"338\"><\/p>\n<h3><span style=\"color: #3366ff;\">Nos partenaires<\/span><br \/>\n<img loading=\"lazy\" decoding=\"async\" class=\"aligncenter size-full wp-image-11608\" src=\"https:\/\/seppeschina.com\/wp-content\/uploads\/2021\/03\/seppes-door10.gif\" alt=\"\" width=\"600\" height=\"491\"><span style=\"color: #3366ff;\">Avantages<\/span><\/h3>\n<p><img loading=\"lazy\" decoding=\"async\" class=\"aligncenter size-full wp-image-11817\" src=\"https:\/\/seppeschina.com\/wp-content\/uploads\/2021\/04\/\u62c9\u94fe\u5feb\u901f\u95e8_02.jpg\" alt=\"\" width=\"600\" height=\"636\" srcset=\"https:\/\/seppeschina.com\/wp-content\/uploads\/2021\/04\/\u62c9\u94fe\u5feb\u901f\u95e8_02.jpg 600w, https:\/\/seppeschina.com\/wp-content\/uploads\/2021\/04\/\u62c9\u94fe\u5feb\u901f\u95e8_02-360x382.jpg 360w, https:\/\/seppeschina.com\/wp-content\/uploads\/2021\/04\/\u62c9\u94fe\u5feb\u901f\u95e8_02-283x300.jpg 283w, https:\/\/seppeschina.com\/wp-content\/uploads\/2021\/04\/\u62c9\u94fe\u5feb\u901f\u95e8_02-24x24.jpg 24w, https:\/\/seppeschina.com\/wp-content\/uploads\/2021\/04\/\u62c9\u94fe\u5feb\u901f\u95e8_02-519x550.jpg 519w\" sizes=\"auto, (max-width: 600px) 100vw, 600px\" \/><\/p>\n<h3><span style=\"color: #3366ff;\">Applications<\/span><\/h3>\n<p><img loading=\"lazy\" decoding=\"async\" class=\"aligncenter size-full wp-image-11612\" src=\"https:\/\/seppeschina.com\/wp-content\/uploads\/2021\/03\/seppes-door2.jpg\" alt=\"\" width=\"600\" height=\"723\" srcset=\"https:\/\/seppeschina.com\/wp-content\/uploads\/2021\/03\/seppes-door2.jpg 600w, https:\/\/seppeschina.com\/wp-content\/uploads\/2021\/03\/seppes-door2-360x434.jpg 360w, https:\/\/seppeschina.com\/wp-content\/uploads\/2021\/03\/seppes-door2-249x300.jpg 249w, https:\/\/seppeschina.com\/wp-content\/uploads\/2021\/03\/seppes-door2-456x550.jpg 456w\" sizes=\"auto, (max-width: 600px) 100vw, 600px\" \/><\/p>\n<h3><span style=\"color: #3366ff;\">Livraison &amp; Emballage<\/span><\/h3>\n<p>Notre m\u00e9thode d'emballage est la caisse en bois, et les modes de transport incluent express, a\u00e9rien et maritime. G\u00e9n\u00e9ralement 3 \u00e0 7 jours apr\u00e8s la commande.<\/p>\n<p><img loading=\"lazy\" decoding=\"async\" class=\"aligncenter size-full wp-image-11818\" src=\"https:\/\/seppeschina.com\/wp-content\/uploads\/2021\/04\/H847d78bca14e40ceb2854a49609655195.png\" alt=\"\" width=\"750\" height=\"310\" srcset=\"https:\/\/seppeschina.com\/wp-content\/uploads\/2021\/04\/H847d78bca14e40ceb2854a49609655195.png 750w, https:\/\/seppeschina.com\/wp-content\/uploads\/2021\/04\/H847d78bca14e40ceb2854a49609655195-360x149.png 360w, https:\/\/seppeschina.com\/wp-content\/uploads\/2021\/04\/H847d78bca14e40ceb2854a49609655195-600x248.png 600w, https:\/\/seppeschina.com\/wp-content\/uploads\/2021\/04\/H847d78bca14e40ceb2854a49609655195-300x124.png 300w, https:\/\/seppeschina.com\/wp-content\/uploads\/2021\/04\/H847d78bca14e40ceb2854a49609655195-550x227.png 550w\" sizes=\"auto, (max-width: 750px) 100vw, 750px\" \/><\/p>\n<h3><span style=\"color: #3366ff;\">FAQ<\/span><\/h3>\n<p><strong><span style=\"color: #ff0000;\">Q : Quelle est la puissance et la tension ?<\/span><\/strong><\/p>\n<p><strong>R : Peut \u00eatre personnalis\u00e9. Normalement 220V, 0,75KW, 50HZ, monophas\u00e9.<\/strong><\/p>\n<p><strong><span style=\"color: #ff0000;\">Q : Quels mat\u00e9riaux peut-on choisir pour le cadre de la porte rapide ?<\/span><\/strong><\/p>\n<p><strong>R : Cadre de porte en acier peint, cadre en SUS304 \/ 316, cadre en alliage d'aluminium.<\/strong><\/p>\n<p><strong><span style=\"color: #ff0000;\">Q : Quel est le prix de la porte rapide ?<\/span><\/strong><\/p>\n<p><strong>R : Cela d\u00e9pend de vos dimensions et des autres \u00e9quipements.<\/strong><\/p>\n<p><span style=\"color: #ff0000;\"><strong>Q : Comment choisir l'usine de portes rapides ?<\/strong><\/span><\/p>\n<p><strong>R : Certifi\u00e9e, SGS, CE, plus de 10 ans d'exp\u00e9rience.<\/strong><\/p>\n<p><span style=\"color: #ff0000;\"><strong>Q : Pouvons-nous installer la porte rapide nous-m\u00eames ?<\/strong><\/span><\/p>\n<p><strong>A : Oui, tr\u00e8s simple. Nous pouvons fournir un guide d'installation en anglais ainsi que des vid\u00e9os.\u00a0<\/strong><\/p>\n<p><strong><span style=\"color: #ff0000;\">Q : Quelle est sa dur\u00e9e d'utilisation ?<\/span><\/strong><\/p>\n<p><strong>A : Environ 10 \u00e0 15 ans.<\/strong><\/p>\n<p><strong><span style=\"color: #ff0000;\">Q : Quelles sont les m\u00e9thodes d'ouverture automatique\/intelligente de la porte rapide ?<\/span><\/strong><\/p>\n<p><strong>A : Bouton-poussoir manuel, d\u00e9tecteur de mouvement automatique, boucle d'induction, interrupteur \u00e0 traction, badgeuse, liaison avec automate (PLC) ou AGV.<\/strong><\/p>","protected":false},"excerpt":{"rendered":"<p>La porte rapide \u00e0 fermeture \u00e9clair convient aux d\u00e9partements internes\/externes de taille moyenne et aux canaux logistiques \u00e0 haute fr\u00e9quence. Elle adopte des rideaux enti\u00e8rement souples sans aucun objet m\u00e9tallique, permettant de s\u00e9parer diff\u00e9rentes zones de temp\u00e9rature, d'emp\u00eacher la convection d'air et d'assurer une temp\u00e9rature constante \u00e0 l'int\u00e9rieur, ainsi que la pr\u00e9vention des insectes et de la poussi\u00e8re.<\/p>","protected":false},"featured_media":11975,"comment_status":"open","ping_status":"closed","template":"","meta":[],"product_brand":[],"product_cat":[303],"product_tag":[],"class_list":{"0":"post-10079","1":"product","2":"type-product","3":"status-publish","4":"has-post-thumbnail","6":"product_cat-high-speed-zipper-door","9":"first","10":"instock","11":"shipping-taxable","12":"product-type-simple"},"_links":{"self":[{"href":"https:\/\/seppeschina.com\/fr\/wp-json\/wp\/v2\/product\/10079","targetHints":{"allow":["GET"]}}],"collection":[{"href":"https:\/\/seppeschina.com\/fr\/wp-json\/wp\/v2\/product"}],"about":[{"href":"https:\/\/seppeschina.com\/fr\/wp-json\/wp\/v2\/types\/product"}],"replies":[{"embeddable":true,"href":"https:\/\/seppeschina.com\/fr\/wp-json\/wp\/v2\/comments?post=10079"}],"wp:featuredmedia":[{"embeddable":true,"href":"https:\/\/seppeschina.com\/fr\/wp-json\/wp\/v2\/media\/11975"}],"wp:attachment":[{"href":"https:\/\/seppeschina.com\/fr\/wp-json\/wp\/v2\/media?parent=10079"}],"wp:term":[{"taxonomy":"product_brand","embeddable":true,"href":"https:\/\/seppeschina.com\/fr\/wp-json\/wp\/v2\/product_brand?post=10079"},{"taxonomy":"product_cat","embeddable":true,"href":"https:\/\/seppeschina.com\/fr\/wp-json\/wp\/v2\/product_cat?post=10079"},{"taxonomy":"product_tag","embeddable":true,"href":"https:\/\/seppeschina.com\/fr\/wp-json\/wp\/v2\/product_tag?post=10079"}],"curies":[{"name":"wp","href":"https:\/\/api.w.org\/{rel}","templated":true}]}}