{"id":10189,"date":"2021-01-09T13:48:20","date_gmt":"2021-01-09T05:48:20","guid":{"rendered":"https:\/\/seppeschina.com\/?post_type=product&#038;p=10189"},"modified":"2025-05-19T16:15:03","modified_gmt":"2025-05-19T08:15:03","slug":"porte-rapide-a-enroulement-vertical-bleue-seppes","status":"publish","type":"product","link":"https:\/\/seppeschina.com\/fr\/product\/seppes-blue-high-speed-stacking-door\/","title":{"rendered":"Porte Rapide \u00e0 Lames Superpos\u00e9es Bleue SEPPES"},"content":{"rendered":"<div style=\"width: 960px;\" class=\"wp-video\"><video class=\"wp-video-shortcode\" id=\"video-10189-1\" width=\"960\" height=\"544\" preload=\"metadata\" controls=\"controls\"><source type=\"video\/mp4\" src=\"https:\/\/seppeschina.com\/wp-content\/uploads\/2021\/01\/d5d9ded8b6bbc4317d173084318be8ca.mp4?_=1\" \/><a href=\"https:\/\/seppeschina.com\/wp-content\/uploads\/2021\/01\/d5d9ded8b6bbc4317d173084318be8ca.mp4\">https:\/\/seppeschina.com\/wp-content\/uploads\/2021\/01\/d5d9ded8b6bbc4317d173084318be8ca.mp4<\/a><\/video><\/div>\n<h3><span style=\"color: #0000ff;\"><strong><b>Description<\/b><\/strong><\/span><\/h3>\n<p>La porte rapide \u00e0 enroulement par accumulation utilise une m\u00e9thode de levage par pliage et plusieurs leviers horizontaux int\u00e9gr\u00e9s ou externes r\u00e9sistants au vent, ce qui permet \u00e0 la pression du vent d'\u00eatre uniform\u00e9ment r\u00e9partie sur l'ensemble du rideau. Elle peut r\u00e9sister \u00e0 des vents forts d'environ niveau 10, et sa r\u00e9sistance au vent est bien sup\u00e9rieure \u00e0 celle du type tambour conventionnel. La porte rapide \u00e0 enroulement par accumulation est particuli\u00e8rement adapt\u00e9e aux passages logistiques et aux environnements avec de grandes ouvertures.<\/p>\n<h3><span style=\"color: #0000ff;\"><strong><b>Composition<\/b><\/strong><\/span><\/h3>\n<p><img loading=\"lazy\" decoding=\"async\" class=\"wp-image-10205 aligncenter\" src=\"https:\/\/seppeschina.com\/wp-content\/uploads\/2021\/01\/\u5fae\u4fe1\u56fe\u7247_20200604095146.jpg\" alt=\"\" width=\"600\" height=\"640\" srcset=\"https:\/\/seppeschina.com\/wp-content\/uploads\/2021\/01\/\u5fae\u4fe1\u56fe\u7247_20200604095146.jpg 750w, https:\/\/seppeschina.com\/wp-content\/uploads\/2021\/01\/\u5fae\u4fe1\u56fe\u7247_20200604095146-360x384.jpg 360w, https:\/\/seppeschina.com\/wp-content\/uploads\/2021\/01\/\u5fae\u4fe1\u56fe\u7247_20200604095146-600x640.jpg 600w, https:\/\/seppeschina.com\/wp-content\/uploads\/2021\/01\/\u5fae\u4fe1\u56fe\u7247_20200604095146-281x300.jpg 281w, https:\/\/seppeschina.com\/wp-content\/uploads\/2021\/01\/\u5fae\u4fe1\u56fe\u7247_20200604095146-516x550.jpg 516w\" sizes=\"auto, (max-width: 600px) 100vw, 600px\" \/><\/p>\n<h3><span style=\"color: #3366ff;\"><strong><b>Caract\u00e9ristique<\/b><\/strong><\/span><\/h3>\n<table style=\"height: 537px;\" width=\"486\">\n<tbody>\n<tr>\n<td width=\"90\">\n<p style=\"text-align: center;\"><strong><b>Nom<\/b><\/strong><\/p>\n<\/td>\n<td width=\"267\">\n<p style=\"text-align: center;\">Porte \u00e0 enroulement de style courroie SEPPES<\/p>\n<\/td>\n<\/tr>\n<tr>\n<td width=\"90\">\n<p style=\"text-align: center;\"><strong><b>Taille maximale<\/b><\/strong><\/p>\n<\/td>\n<td style=\"text-align: center;\" width=\"267\">W12000*10000mm<\/td>\n<\/tr>\n<tr>\n<td width=\"90\">\n<p style=\"text-align: center;\"><strong><b>Rideau<\/b><\/strong><\/p>\n<\/td>\n<td style=\"text-align: center;\" width=\"267\">Rideau de porte en tissu PVC durable<\/td>\n<\/tr>\n<tr>\n<td style=\"text-align: center;\" width=\"90\"><strong><b>Cadre de Porte<\/b><\/strong><\/td>\n<td width=\"267\">\n<p style=\"text-align: center;\">SPCC\/Acier inoxydable 304\/Alliage d'aluminium<\/p>\n<\/td>\n<\/tr>\n<tr>\n<td width=\"90\">\n<p style=\"text-align: center;\"><strong><b>Moteur<\/b><\/strong><\/p>\n<\/td>\n<td style=\"text-align: center;\" width=\"267\">Moteur SEW, utilisable plus de 1,5 million de fois<\/td>\n<\/tr>\n<tr>\n<td style=\"text-align: center;\" width=\"90\"><strong><b>Puissance<\/b><\/strong><\/td>\n<td width=\"267\">\n<p style=\"text-align: center;\">220V, 0,75KW, 50HZ<\/p>\n<\/td>\n<\/tr>\n<tr>\n<td width=\"90\">\n<p style=\"text-align: center;\"><strong><b>Vitesse<\/b><\/strong><\/p>\n<\/td>\n<td style=\"text-align: center;\" width=\"267\">0,5 \u00e0 0,8 m\/s, r\u00e9glable<\/td>\n<\/tr>\n<tr>\n<td style=\"text-align: center;\" width=\"90\"><strong><b>Nombre d'Utilisations<\/b><\/strong><\/td>\n<td width=\"267\">\n<p style=\"text-align: center;\">Plus de 1,5 million de fois<\/p>\n<\/td>\n<\/tr>\n<tr>\n<td width=\"90\">\n<p style=\"text-align: center;\"><strong><b>Protection<\/b><\/strong><\/p>\n<\/td>\n<td width=\"267\">\n<p style=\"text-align: center;\">IP 54<\/p>\n<\/td>\n<\/tr>\n<tr>\n<td style=\"text-align: center;\" width=\"90\"><strong><b>Avantages<\/b><\/strong><\/td>\n<td width=\"267\">\n<p style=\"text-align: center;\">Peut r\u00e9sister \u00e0 des vents de force niveau 10<\/p>\n<\/td>\n<\/tr>\n<\/tbody>\n<\/table>\n<h3><strong><span style=\"color: #3366ff;\">M\u00e9thodes d'ouverture<\/span><\/strong><\/h3>\n<h3><img loading=\"lazy\" decoding=\"async\" class=\"wp-image-9999 aligncenter\" src=\"https:\/\/seppeschina.com\/wp-content\/uploads\/2019\/04\/\u672a\u6807\u9898-2.jpg\" alt=\"\" width=\"600\" height=\"600\" srcset=\"https:\/\/seppeschina.com\/wp-content\/uploads\/2019\/04\/\u672a\u6807\u9898-2.jpg 750w, https:\/\/seppeschina.com\/wp-content\/uploads\/2019\/04\/\u672a\u6807\u9898-2-360x360.jpg 360w, https:\/\/seppeschina.com\/wp-content\/uploads\/2019\/04\/\u672a\u6807\u9898-2-100x100.jpg 100w, https:\/\/seppeschina.com\/wp-content\/uploads\/2019\/04\/\u672a\u6807\u9898-2-600x600.jpg 600w, https:\/\/seppeschina.com\/wp-content\/uploads\/2019\/04\/\u672a\u6807\u9898-2-300x300.jpg 300w, https:\/\/seppeschina.com\/wp-content\/uploads\/2019\/04\/\u672a\u6807\u9898-2-150x150.jpg 150w, https:\/\/seppeschina.com\/wp-content\/uploads\/2019\/04\/\u672a\u6807\u9898-2-24x24.jpg 24w, https:\/\/seppeschina.com\/wp-content\/uploads\/2019\/04\/\u672a\u6807\u9898-2-48x48.jpg 48w, https:\/\/seppeschina.com\/wp-content\/uploads\/2019\/04\/\u672a\u6807\u9898-2-96x96.jpg 96w, https:\/\/seppeschina.com\/wp-content\/uploads\/2019\/04\/\u672a\u6807\u9898-2-364x364.jpg 364w, https:\/\/seppeschina.com\/wp-content\/uploads\/2019\/04\/\u672a\u6807\u9898-2-50x50.jpg 50w, https:\/\/seppeschina.com\/wp-content\/uploads\/2019\/04\/\u672a\u6807\u9898-2-110x110.jpg 110w, https:\/\/seppeschina.com\/wp-content\/uploads\/2019\/04\/\u672a\u6807\u9898-2-275x275.jpg 275w, https:\/\/seppeschina.com\/wp-content\/uploads\/2019\/04\/\u672a\u6807\u9898-2-480x480.jpg 480w, https:\/\/seppeschina.com\/wp-content\/uploads\/2019\/04\/\u672a\u6807\u9898-2-550x550.jpg 550w\" sizes=\"auto, (max-width: 600px) 100vw, 600px\" \/><\/h3>\n<h3><span style=\"color: #3366ff;\"><b>Choix des couleurs<\/b><\/span><\/h3>\n<p><img loading=\"lazy\" decoding=\"async\" class=\"aligncenter wp-image-9862\" src=\"https:\/\/seppeschina.com\/wp-content\/uploads\/2019\/04\/color750.png\" alt=\"\" width=\"600\" height=\"600\" srcset=\"https:\/\/seppeschina.com\/wp-content\/uploads\/2019\/04\/color750.png 750w, https:\/\/seppeschina.com\/wp-content\/uploads\/2019\/04\/color750-360x360.png 360w, https:\/\/seppeschina.com\/wp-content\/uploads\/2019\/04\/color750-100x100.png 100w, https:\/\/seppeschina.com\/wp-content\/uploads\/2019\/04\/color750-600x600.png 600w, https:\/\/seppeschina.com\/wp-content\/uploads\/2019\/04\/color750-150x150.png 150w, https:\/\/seppeschina.com\/wp-content\/uploads\/2019\/04\/color750-300x300.png 300w, https:\/\/seppeschina.com\/wp-content\/uploads\/2019\/04\/color750-24x24.png 24w, https:\/\/seppeschina.com\/wp-content\/uploads\/2019\/04\/color750-48x48.png 48w, https:\/\/seppeschina.com\/wp-content\/uploads\/2019\/04\/color750-96x96.png 96w, https:\/\/seppeschina.com\/wp-content\/uploads\/2019\/04\/color750-364x364.png 364w, https:\/\/seppeschina.com\/wp-content\/uploads\/2019\/04\/color750-50x50.png 50w, https:\/\/seppeschina.com\/wp-content\/uploads\/2019\/04\/color750-110x110.png 110w, https:\/\/seppeschina.com\/wp-content\/uploads\/2019\/04\/color750-275x275.png 275w, https:\/\/seppeschina.com\/wp-content\/uploads\/2019\/04\/color750-480x480.png 480w, https:\/\/seppeschina.com\/wp-content\/uploads\/2019\/04\/color750-550x550.png 550w\" sizes=\"auto, (max-width: 600px) 100vw, 600px\" \/><\/p>\n<div class=\"J_module\">\n<div class=\"detail-decorate-json-renderer-container\">\n<div class=\"magic-4\">\n<div class=\"magic-26\">\n<div class=\"magic-6\">\n<div class=\"magic-7\" data-id=\"paragraph0\"><\/div>\n<\/div>\n<\/div>\n<\/div>\n<\/div>\n<\/div>\n<h3><span style=\"color: #3366ff;\"><strong><b>Cas de projets coop\u00e9r\u00e9s<\/b><\/strong><\/span><\/h3>\n<p><img loading=\"lazy\" decoding=\"async\" class=\"aligncenter wp-image-11608 size-full\" src=\"https:\/\/seppeschina.com\/wp-content\/uploads\/2021\/03\/seppes-door10.gif\" alt=\"\" width=\"600\" height=\"491\"><\/p>\n<p>Pour les sites de grandes dimensions et \u00e0 haute r\u00e9sistance au vent, nos portes \u00e0 accumulation sont tr\u00e8s adapt\u00e9es \u00e0 une installation dans un tel environnement.<\/p>\n<h3><span style=\"color: #3366ff;\"><strong><b>Profil de l'entreprise<\/b><\/strong><\/span><\/h3>\n<p><img loading=\"lazy\" decoding=\"async\" class=\"aligncenter wp-image-11606 size-full\" src=\"https:\/\/seppeschina.com\/wp-content\/uploads\/2021\/03\/seppes-door8.gif\" alt=\"\" width=\"600\" height=\"502\"><\/p>\n<h3><span style=\"color: #3366ff;\"><strong><b>Usine &amp; Production<\/b><\/strong><\/span><\/h3>\n<p><img loading=\"lazy\" decoding=\"async\" class=\"aligncenter wp-image-11604 size-full\" src=\"https:\/\/seppeschina.com\/wp-content\/uploads\/2021\/03\/seppes-door6.gif\" alt=\"\" width=\"600\" height=\"358\"><\/p>\n<h3><span style=\"color: #3366ff;\"><b>Exposition<\/b><\/span><\/h3>\n<p><img decoding=\"async\" class=\"aligncenter\" src=\"https:\/\/seppeschina.com\/wp-content\/uploads\/2021\/03\/seppes-door7.gif\" alt=\"\"><\/p>\n<h3><span style=\"color: #3366ff;\">Avantages<\/span><\/h3>\n<p><img loading=\"lazy\" decoding=\"async\" class=\"aligncenter size-full wp-image-11719\" src=\"https:\/\/seppeschina.com\/wp-content\/uploads\/2021\/03\/stacking-door-3.jpg\" alt=\"\" width=\"600\" height=\"628\" srcset=\"https:\/\/seppeschina.com\/wp-content\/uploads\/2021\/03\/stacking-door-3.jpg 600w, https:\/\/seppeschina.com\/wp-content\/uploads\/2021\/03\/stacking-door-3-360x377.jpg 360w, https:\/\/seppeschina.com\/wp-content\/uploads\/2021\/03\/stacking-door-3-287x300.jpg 287w, https:\/\/seppeschina.com\/wp-content\/uploads\/2021\/03\/stacking-door-3-24x24.jpg 24w, https:\/\/seppeschina.com\/wp-content\/uploads\/2021\/03\/stacking-door-3-525x550.jpg 525w\" sizes=\"auto, (max-width: 600px) 100vw, 600px\" \/><\/p>\n<h3><span style=\"color: #3366ff;\">Cas d'applications<\/span><\/h3>\n<p><img decoding=\"async\" class=\"aligncenter\" src=\"https:\/\/seppeschina.com\/wp-content\/uploads\/2021\/03\/seppes-door2.jpg\" alt=\"\"><\/p>\n<h3><span style=\"color: #3366ff;\"><strong><b>Emballage &amp; Livraison<\/b><\/strong><\/span><\/h3>\n<p><img loading=\"lazy\" decoding=\"async\" class=\"aligncenter wp-image-11818 size-full\" src=\"https:\/\/seppeschina.com\/wp-content\/uploads\/2021\/04\/H847d78bca14e40ceb2854a49609655195.png\" alt=\"\" width=\"750\" height=\"310\" srcset=\"https:\/\/seppeschina.com\/wp-content\/uploads\/2021\/04\/H847d78bca14e40ceb2854a49609655195.png 750w, https:\/\/seppeschina.com\/wp-content\/uploads\/2021\/04\/H847d78bca14e40ceb2854a49609655195-360x149.png 360w, https:\/\/seppeschina.com\/wp-content\/uploads\/2021\/04\/H847d78bca14e40ceb2854a49609655195-600x248.png 600w, https:\/\/seppeschina.com\/wp-content\/uploads\/2021\/04\/H847d78bca14e40ceb2854a49609655195-300x124.png 300w, https:\/\/seppeschina.com\/wp-content\/uploads\/2021\/04\/H847d78bca14e40ceb2854a49609655195-550x227.png 550w\" sizes=\"auto, (max-width: 750px) 100vw, 750px\" \/><\/p>\n<h3>FAQ<\/h3>\n<p><span style=\"color: #ff0000;\"><strong>Q : Quelle est la puissance et la tension ?<\/strong><\/span><\/p>\n<p><strong>R : Peut \u00eatre personnalis\u00e9. Normalement 220V, 0,75KW, 50HZ, monophas\u00e9.<\/strong><\/p>\n<p><span style=\"color: #ff0000;\"><strong>Q : Quels mat\u00e9riaux peut-on choisir pour le cadre de la porte rapide ?<\/strong><\/span><\/p>\n<p><strong>R : Cadre de porte en acier peint, cadre en SUS304 \/ 316, cadre en alliage d'aluminium.<\/strong><\/p>\n<p><span style=\"color: #ff0000;\"><strong>Q : Quel est le prix de la porte rapide ?<\/strong><\/span><\/p>\n<p><strong>R : Cela d\u00e9pend de vos dimensions et des autres \u00e9quipements.<\/strong><\/p>\n<p><span style=\"color: #ff0000;\"><strong>Q : Comment choisir l'usine de portes rapides ?<\/strong><\/span><\/p>\n<p><strong>R : Certifi\u00e9e, SGS, CE, plus de 10 ans d'exp\u00e9rience.<\/strong><\/p>\n<p><span style=\"color: #ff0000;\"><strong>Q : Pouvons-nous installer la porte rapide nous-m\u00eames ?<\/strong><\/span><\/p>\n<p><strong>A : Oui, tr\u00e8s simple. Nous pouvons fournir un guide d'installation en anglais ainsi que des vid\u00e9os.\u00a0<\/strong><\/p>\n<p><span style=\"color: #ff0000;\"><strong>Q : Quelle est sa dur\u00e9e d'utilisation ?<\/strong><\/span><\/p>\n<p><strong>A : Environ 10 \u00e0 15 ans.<\/strong><\/p>\n<p><span style=\"color: #ff0000;\"><strong>Q : Quelles sont les m\u00e9thodes d'ouverture automatique\/intelligente de la porte rapide ?<\/strong><\/span><\/p>\n<p><strong>A : Bouton-poussoir manuel, d\u00e9tecteur de mouvement automatique, boucle d'induction, interrupteur \u00e0 traction, badgeuse, liaison avec automate (PLC) ou AGV.<\/strong><\/p>","protected":false},"excerpt":{"rendered":"<p>La porte rapide \u00e0 enroulement par accumulation adopte une m\u00e9thode de levage par pliage et plusieurs nervures horizontales int\u00e9gr\u00e9es ou externes r\u00e9sistantes au vent, permettant ainsi \u00e0 la pression du vent de s'appliquer sur l'ensemble du rideau de la porte. Le niveau de r\u00e9sistance au vent est de 10, et ses performances de r\u00e9sistance au vent sont bien sup\u00e9rieures \u00e0 celles de la porte rapide \u00e0 enroulement conventionnelle, la rendant particuli\u00e8rement adapt\u00e9e aux passages logistiques et aux grandes ouvertures.<\/p>","protected":false},"featured_media":11978,"comment_status":"open","ping_status":"closed","template":"","meta":[],"product_brand":[],"product_cat":[316],"product_tag":[],"class_list":{"0":"post-10189","1":"product","2":"type-product","3":"status-publish","4":"has-post-thumbnail","6":"product_cat-high-speed-stacking-door","9":"first","10":"instock","11":"shipping-taxable","12":"product-type-simple"},"_links":{"self":[{"href":"https:\/\/seppeschina.com\/fr\/wp-json\/wp\/v2\/product\/10189","targetHints":{"allow":["GET"]}}],"collection":[{"href":"https:\/\/seppeschina.com\/fr\/wp-json\/wp\/v2\/product"}],"about":[{"href":"https:\/\/seppeschina.com\/fr\/wp-json\/wp\/v2\/types\/product"}],"replies":[{"embeddable":true,"href":"https:\/\/seppeschina.com\/fr\/wp-json\/wp\/v2\/comments?post=10189"}],"wp:featuredmedia":[{"embeddable":true,"href":"https:\/\/seppeschina.com\/fr\/wp-json\/wp\/v2\/media\/11978"}],"wp:attachment":[{"href":"https:\/\/seppeschina.com\/fr\/wp-json\/wp\/v2\/media?parent=10189"}],"wp:term":[{"taxonomy":"product_brand","embeddable":true,"href":"https:\/\/seppeschina.com\/fr\/wp-json\/wp\/v2\/product_brand?post=10189"},{"taxonomy":"product_cat","embeddable":true,"href":"https:\/\/seppeschina.com\/fr\/wp-json\/wp\/v2\/product_cat?post=10189"},{"taxonomy":"product_tag","embeddable":true,"href":"https:\/\/seppeschina.com\/fr\/wp-json\/wp\/v2\/product_tag?post=10189"}],"curies":[{"name":"wp","href":"https:\/\/api.w.org\/{rel}","templated":true}]}}