{"id":10274,"date":"2021-01-11T17:01:06","date_gmt":"2021-01-11T09:01:06","guid":{"rendered":"https:\/\/seppeschina.com\/?post_type=product&#038;p=10274"},"modified":"2024-11-19T15:11:12","modified_gmt":"2024-11-19T07:11:12","slug":"fournisseur-chinois-dabris-de-quai-pour-logistique-de-chargement","status":"publish","type":"product","link":"https:\/\/seppeschina.com\/fr\/product\/china-loading-logistic-dock-shelter-supplier\/","title":{"rendered":"SEPPES Abri de quai gonflable noir"},"content":{"rendered":"<div style=\"width: 640px;\" class=\"wp-video\"><video class=\"wp-video-shortcode\" id=\"video-10274-1\" width=\"640\" height=\"368\" preload=\"metadata\" controls=\"controls\"><source type=\"video\/mp4\" src=\"https:\/\/seppeschina.com\/wp-content\/uploads\/2021\/01\/f604c810506edf445f64905f8739143a.mp4?_=1\" \/><a href=\"https:\/\/seppeschina.com\/wp-content\/uploads\/2021\/01\/f604c810506edf445f64905f8739143a.mp4\">https:\/\/seppeschina.com\/wp-content\/uploads\/2021\/01\/f604c810506edf445f64905f8739143a.mp4<\/a><\/video><\/div>\n<h3>Description<\/h3>\n<p>La surface du joint de porte gonflable est fabriqu\u00e9e en caoutchouc n\u00e9opr\u00e8ne de haute qualit\u00e9 et en mat\u00e9riau tr\u00e8s r\u00e9sistant \u00e0 l'usure, pouvant r\u00e9pondre \u00e0 une dur\u00e9e de vie d'au moins 30 000 cycles. Les coussins d'air lat\u00e9raux et sup\u00e9rieurs enveloppent \u00e9troitement l'arri\u00e8re de la cabine apr\u00e8s gonflage. Les coussins d'air lat\u00e9raux adoptent une structure en L pour assurer une \u00e9tanch\u00e9it\u00e9 serr\u00e9e entre le bas des coussins lat\u00e9raux et le mur. La plage de r\u00e9glage de la largeur est de 1600 mm, et la plage de r\u00e9glage de la longueur du coussin d'air sup\u00e9rieur est de 1200 \u00e0 1500 mm, adapt\u00e9e \u00e0 diverses hauteurs de ch\u00e2ssis de camion. Avec des ventilateurs \u00e0 grand d\u00e9bit d'air, install\u00e9s \u00e0 l'ext\u00e9rieur, il peut fonctionner de mani\u00e8re stable par mauvais temps.<\/p>\n<p><img loading=\"lazy\" decoding=\"async\" class=\"aligncenter wp-image-11968\" src=\"https:\/\/seppeschina.com\/wp-content\/uploads\/2019\/05\/Inflatable-dock-shelter-3.jpg\" sizes=\"auto, (max-width: 600px) 100vw, 600px\" srcset=\"https:\/\/seppeschina.com\/wp-content\/uploads\/2019\/05\/Inflatable-dock-shelter-3.jpg 750w, https:\/\/seppeschina.com\/wp-content\/uploads\/2019\/05\/Inflatable-dock-shelter-3-300x300.jpg 300w, https:\/\/seppeschina.com\/wp-content\/uploads\/2019\/05\/Inflatable-dock-shelter-3-150x150.jpg 150w, https:\/\/seppeschina.com\/wp-content\/uploads\/2019\/05\/Inflatable-dock-shelter-3-360x360.jpg 360w, https:\/\/seppeschina.com\/wp-content\/uploads\/2019\/05\/Inflatable-dock-shelter-3-600x600.jpg 600w, https:\/\/seppeschina.com\/wp-content\/uploads\/2019\/05\/Inflatable-dock-shelter-3-100x100.jpg 100w, https:\/\/seppeschina.com\/wp-content\/uploads\/2019\/05\/Inflatable-dock-shelter-3-24x24.jpg 24w, https:\/\/seppeschina.com\/wp-content\/uploads\/2019\/05\/Inflatable-dock-shelter-3-48x48.jpg 48w, https:\/\/seppeschina.com\/wp-content\/uploads\/2019\/05\/Inflatable-dock-shelter-3-96x96.jpg 96w, https:\/\/seppeschina.com\/wp-content\/uploads\/2019\/05\/Inflatable-dock-shelter-3-364x364.jpg 364w, https:\/\/seppeschina.com\/wp-content\/uploads\/2019\/05\/Inflatable-dock-shelter-3-50x50.jpg 50w, https:\/\/seppeschina.com\/wp-content\/uploads\/2019\/05\/Inflatable-dock-shelter-3-110x110.jpg 110w, https:\/\/seppeschina.com\/wp-content\/uploads\/2019\/05\/Inflatable-dock-shelter-3-275x275.jpg 275w, https:\/\/seppeschina.com\/wp-content\/uploads\/2019\/05\/Inflatable-dock-shelter-3-480x480.jpg 480w, https:\/\/seppeschina.com\/wp-content\/uploads\/2019\/05\/Inflatable-dock-shelter-3-550x550.jpg 550w\" alt=\"\" width=\"600\" height=\"600\"><\/p>\n<div class=\"J_module\">\n<h3>D\u00e9tails<\/h3>\n<p><img loading=\"lazy\" decoding=\"async\" class=\"aligncenter wp-image-12040 size-full\" src=\"https:\/\/seppeschina.com\/wp-content\/uploads\/2021\/03\/%E6%9C%BA%E6%A2%B0%E9%97%A8%E5%B0%81_04.jpg\" sizes=\"auto, (max-width: 600px) 100vw, 600px\" srcset=\"https:\/\/seppeschina.com\/wp-content\/uploads\/2021\/03\/\u673a\u68b0\u95e8\u5c01_04.jpg 600w, https:\/\/seppeschina.com\/wp-content\/uploads\/2021\/03\/\u673a\u68b0\u95e8\u5c01_04-300x174.jpg 300w, https:\/\/seppeschina.com\/wp-content\/uploads\/2021\/03\/\u673a\u68b0\u95e8\u5c01_04-360x209.jpg 360w, https:\/\/seppeschina.com\/wp-content\/uploads\/2021\/03\/\u673a\u68b0\u95e8\u5c01_04-550x319.jpg 550w\" alt=\"\" width=\"600\" height=\"348\"><\/p>\n<p><img loading=\"lazy\" decoding=\"async\" class=\"aligncenter size-full wp-image-12041\" src=\"https:\/\/seppeschina.com\/wp-content\/uploads\/2021\/03\/%E6%9C%BA%E6%A2%B0%E9%97%A8%E5%B0%81_03.jpg\" sizes=\"auto, (max-width: 600px) 100vw, 600px\" srcset=\"https:\/\/seppeschina.com\/wp-content\/uploads\/2021\/03\/\u673a\u68b0\u95e8\u5c01_03.jpg 600w, https:\/\/seppeschina.com\/wp-content\/uploads\/2021\/03\/\u673a\u68b0\u95e8\u5c01_03-284x300.jpg 284w, https:\/\/seppeschina.com\/wp-content\/uploads\/2021\/03\/\u673a\u68b0\u95e8\u5c01_03-360x380.jpg 360w, https:\/\/seppeschina.com\/wp-content\/uploads\/2021\/03\/\u673a\u68b0\u95e8\u5c01_03-24x24.jpg 24w, https:\/\/seppeschina.com\/wp-content\/uploads\/2021\/03\/\u673a\u68b0\u95e8\u5c01_03-521x550.jpg 521w\" alt=\"\" width=\"600\" height=\"634\"><\/p>\n<p><img loading=\"lazy\" decoding=\"async\" class=\"aligncenter wp-image-10345\" src=\"https:\/\/seppeschina.com\/wp-content\/uploads\/2021\/01\/\u56fe\u72472.png\" alt=\"\" width=\"600\" height=\"536\" srcset=\"https:\/\/seppeschina.com\/wp-content\/uploads\/2021\/01\/\u56fe\u72472.png 750w, https:\/\/seppeschina.com\/wp-content\/uploads\/2021\/01\/\u56fe\u72472-360x322.png 360w, https:\/\/seppeschina.com\/wp-content\/uploads\/2021\/01\/\u56fe\u72472-600x536.png 600w, https:\/\/seppeschina.com\/wp-content\/uploads\/2021\/01\/\u56fe\u72472-300x268.png 300w, https:\/\/seppeschina.com\/wp-content\/uploads\/2021\/01\/\u56fe\u72472-550x491.png 550w\" sizes=\"auto, (max-width: 600px) 100vw, 600px\" \/><\/p>\n<div class=\"flex-layout-v magic-9\">\n<div class=\"magic-10\">\n<h3>Principe de fonctionnement<\/h3>\n<p>Il n\u00e9cessite la coop\u00e9ration des portes industrielles, des quais de chargement et des joints de porte pour former un environnement de chargement et de d\u00e9chargement ferm\u00e9 entre la caisse du v\u00e9hicule et la pi\u00e8ce, emp\u00eachant l'entr\u00e9e de d\u00e9bris externes, de flux d'air, de pluie, etc., et garantissant que les travaux de chargement et de d\u00e9chargement sont pratiques, propres et s\u00fbrs.<\/p>\n<\/div>\n<\/div>\n<div class=\"text-wrapper magic-12\">\n<div class=\"text-wrapper-right text-theme-light text-align-left\">\n<div class=\"text-title\" data-id=\"right-title\">\n<div class=\"magic-13\">\n<h3>Profil de l'entreprise<\/h3>\n<h6>\u00c0 propos de nous<\/h6>\n<p><img loading=\"lazy\" decoding=\"async\" class=\"aligncenter size-full wp-image-11606\" src=\"https:\/\/seppeschina.com\/wp-content\/uploads\/2021\/03\/seppes-door8.gif\" alt=\"\" width=\"600\" height=\"502\"><\/p>\n<h3><b data-spm-anchor-id=\"a2700.details.pronpeci14.i1.54614b77C31x07\">Pr\u00e9sentation de l'usine<\/b><\/h3>\n<p><img loading=\"lazy\" decoding=\"async\" class=\"aligncenter wp-image-11604 size-full\" src=\"https:\/\/seppeschina.com\/wp-content\/uploads\/2021\/03\/seppes-door6.gif\" alt=\"\" width=\"600\" height=\"358\"><\/p>\n<h3><b>Exposition<\/b><\/h3>\n<p><img loading=\"lazy\" decoding=\"async\" class=\"aligncenter wp-image-11605 size-full\" src=\"https:\/\/seppeschina.com\/wp-content\/uploads\/2021\/03\/seppes-door7.gif\" alt=\"\" width=\"600\" height=\"338\"><\/p>\n<h3>Nos partenaires<\/h3>\n<p><img loading=\"lazy\" decoding=\"async\" class=\"aligncenter wp-image-11608 size-full\" src=\"https:\/\/seppeschina.com\/wp-content\/uploads\/2021\/03\/seppes-door10.gif\" alt=\"\" width=\"600\" height=\"491\"><\/p>\n<h3>Certifications<\/h3>\n<p><img loading=\"lazy\" decoding=\"async\" class=\"wp-image-9887 aligncenter\" src=\"https:\/\/seppeschina.com\/wp-content\/uploads\/2019\/04\/certification.jpg\" sizes=\"auto, (max-width: 600px) 100vw, 600px\" srcset=\"https:\/\/seppeschina.com\/wp-content\/uploads\/2019\/04\/certification.jpg 750w, https:\/\/seppeschina.com\/wp-content\/uploads\/2019\/04\/certification-150x150.jpg 150w, https:\/\/seppeschina.com\/wp-content\/uploads\/2019\/04\/certification-300x300.jpg 300w, https:\/\/seppeschina.com\/wp-content\/uploads\/2019\/04\/certification-360x360.jpg 360w, https:\/\/seppeschina.com\/wp-content\/uploads\/2019\/04\/certification-600x600.jpg 600w, https:\/\/seppeschina.com\/wp-content\/uploads\/2019\/04\/certification-100x100.jpg 100w, https:\/\/seppeschina.com\/wp-content\/uploads\/2019\/04\/certification-24x24.jpg 24w, https:\/\/seppeschina.com\/wp-content\/uploads\/2019\/04\/certification-48x48.jpg 48w, https:\/\/seppeschina.com\/wp-content\/uploads\/2019\/04\/certification-96x96.jpg 96w, https:\/\/seppeschina.com\/wp-content\/uploads\/2019\/04\/certification-364x364.jpg 364w, https:\/\/seppeschina.com\/wp-content\/uploads\/2019\/04\/certification-50x50.jpg 50w, https:\/\/seppeschina.com\/wp-content\/uploads\/2019\/04\/certification-110x110.jpg 110w, https:\/\/seppeschina.com\/wp-content\/uploads\/2019\/04\/certification-275x275.jpg 275w, https:\/\/seppeschina.com\/wp-content\/uploads\/2019\/04\/certification-480x480.jpg 480w, https:\/\/seppeschina.com\/wp-content\/uploads\/2019\/04\/certification-550x550.jpg 550w\" alt=\"\" width=\"600\" height=\"600\"><\/p>\n<h3>Avantages<\/h3>\n<p><img loading=\"lazy\" decoding=\"async\" class=\"aligncenter wp-image-12035 size-full\" src=\"https:\/\/seppeschina.com\/wp-content\/uploads\/2021\/03\/%E5%85%85%E6%B0%94%E9%97%A8%E5%B0%81_02.jpg\" sizes=\"auto, (max-width: 600px) 100vw, 600px\" srcset=\"https:\/\/seppeschina.com\/wp-content\/uploads\/2021\/03\/\u5145\u6c14\u95e8\u5c01_02.jpg 600w, https:\/\/seppeschina.com\/wp-content\/uploads\/2021\/03\/\u5145\u6c14\u95e8\u5c01_02-287x300.jpg 287w, https:\/\/seppeschina.com\/wp-content\/uploads\/2021\/03\/\u5145\u6c14\u95e8\u5c01_02-360x377.jpg 360w, https:\/\/seppeschina.com\/wp-content\/uploads\/2021\/03\/\u5145\u6c14\u95e8\u5c01_02-24x24.jpg 24w, https:\/\/seppeschina.com\/wp-content\/uploads\/2021\/03\/\u5145\u6c14\u95e8\u5c01_02-525x550.jpg 525w\" alt=\"\" width=\"600\" height=\"628\"><\/p>\n<h3>Applications<\/h3>\n<p><img loading=\"lazy\" decoding=\"async\" class=\"aligncenter wp-image-10307\" src=\"https:\/\/seppeschina.com\/wp-content\/uploads\/2019\/02\/%E6%9C%BA%E6%A2%B0%E9%97%A8%E5%B0%81%E5%BA%94%E7%94%A8%E5%9B%BE.jpg\" alt=\"\" width=\"600\" height=\"600\"><\/p>\n<h3>Livraison &amp; Emballage<\/h3>\n<p>Notre m\u00e9thode d'emballage est la caisse en bois, et les modes de transport incluent express, a\u00e9rien et maritime. G\u00e9n\u00e9ralement 3 \u00e0 7 jours apr\u00e8s la commande.<\/p>\n<p><img loading=\"lazy\" decoding=\"async\" class=\"aligncenter wp-image-11818 size-full\" src=\"https:\/\/seppeschina.com\/wp-content\/uploads\/2021\/04\/H847d78bca14e40ceb2854a49609655195.png\" sizes=\"auto, (max-width: 750px) 100vw, 750px\" srcset=\"https:\/\/seppeschina.com\/wp-content\/uploads\/2021\/04\/H847d78bca14e40ceb2854a49609655195.png 750w, https:\/\/seppeschina.com\/wp-content\/uploads\/2021\/04\/H847d78bca14e40ceb2854a49609655195-300x124.png 300w, https:\/\/seppeschina.com\/wp-content\/uploads\/2021\/04\/H847d78bca14e40ceb2854a49609655195-360x149.png 360w, https:\/\/seppeschina.com\/wp-content\/uploads\/2021\/04\/H847d78bca14e40ceb2854a49609655195-600x248.png 600w, https:\/\/seppeschina.com\/wp-content\/uploads\/2021\/04\/H847d78bca14e40ceb2854a49609655195-550x227.png 550w\" alt=\"\" width=\"750\" height=\"310\"><\/p>\n<h3>FAQ<\/h3>\n<p><b><span data-spm-anchor-id=\"a2700.custom-template.0.i4.45393333ve2JZu\">1. Q : Quel est le type de moteur du joint de quai ?<\/span><\/b><b><span data-spm-anchor-id=\"a2700.custom-template.0.i4.45393333ve2JZu\">A : Moteur \u00e0 courant alternatif triphas\u00e9<\/span><\/b><\/p>\n<p>R : Moteur servo, 220V - 0,75 KW - 50HZ - 1 phase.<\/p>\n<p><b><span data-spm-anchor-id=\"a2700.custom-template.0.i6.45393333ve2JZu\">2. Q : Quel est le mat\u00e9riau du joint de quai ?<\/span><\/b><\/p>\n<p>R : Tissu PVC avec \u00e9ponge int\u00e9grale \u00e0 l'int\u00e9rieur<\/p>\n<p><b><span data-spm-anchor-id=\"a2700.custom-template.0.i69.45393333PN6HP1\">3. Q : Quel espace est n\u00e9cessaire pour l'installation ?<\/span><\/b><\/p>\n<p>R : Plac\u00e9 horizontalement, align\u00e9 avec le plancher du camion et la station d'accostage<\/p>\n<p><b><span data-spm-anchor-id=\"a2700.custom-template.0.i9.45393333ve2JZu\">4. Q : Combien de temps peut-il \u00eatre utilis\u00e9 ?<\/span><\/b><\/p>\n<p>R : Environ 8 \u00e0 10 ans<\/p>\n<p><b>5. Q : Dans quel type d'endroit la porte rapide peut-elle \u00eatre utilis\u00e9e ?<\/b><\/p>\n<p>R : Adapt\u00e9e aux mod\u00e8les de diff\u00e9rentes sp\u00e9cifications, ainsi qu'\u00e0 la logistique d'entrep\u00f4t et aux chambres froides.<\/p>\n<p><b><span data-spm-anchor-id=\"a2700.custom-template.0.i88.45393333PN6HP1\">6. Q : Comment fonctionne le joint de quai ?<\/span><\/b><\/p>\n<p>R : Par la compression du v\u00e9hicule et du joint d'\u00e9tanch\u00e9it\u00e9 de la porte, emp\u00eachant l'air de s'\u00e9chapper.<\/p>\n<\/div>\n<\/div>\n<\/div>\n<\/div>\n<\/div>\n<p><img loading=\"lazy\" decoding=\"async\" class=\"alignnone wp-image-9979 size-full\" src=\"https:\/\/seppeschina.com\/wp-content\/uploads\/2021\/01\/\u5fae\u4fe1\u56fe\u7247_20210106145813.jpg\" alt=\"\" width=\"750\" height=\"293\" srcset=\"https:\/\/seppeschina.com\/wp-content\/uploads\/2021\/01\/\u5fae\u4fe1\u56fe\u7247_20210106145813.jpg 750w, https:\/\/seppeschina.com\/wp-content\/uploads\/2021\/01\/\u5fae\u4fe1\u56fe\u7247_20210106145813-360x141.jpg 360w, https:\/\/seppeschina.com\/wp-content\/uploads\/2021\/01\/\u5fae\u4fe1\u56fe\u7247_20210106145813-600x234.jpg 600w, https:\/\/seppeschina.com\/wp-content\/uploads\/2021\/01\/\u5fae\u4fe1\u56fe\u7247_20210106145813-300x117.jpg 300w, https:\/\/seppeschina.com\/wp-content\/uploads\/2021\/01\/\u5fae\u4fe1\u56fe\u7247_20210106145813-550x215.jpg 550w\" sizes=\"auto, (max-width: 750px) 100vw, 750px\" \/><\/p>","protected":false},"excerpt":{"rendered":"<p>La porte industrielle est ferm\u00e9e lorsqu'elle n'est pas en \u00e9tat de fonctionnement, assurant une isolation \u00e9tanche entre l'int\u00e9rieur et l'ext\u00e9rieur ; en \u00e9tat de fonctionnement, la porte industrielle s'ouvre, et le plan de quai coop\u00e8re avec le joint de porte pour former un environnement de chargement et de d\u00e9chargement ferm\u00e9 entre le v\u00e9hicule et l'int\u00e9rieur, emp\u00eachant l'entr\u00e9e de d\u00e9bris externes, de flux d'air, de pluie, etc., et garantissant que les travaux de chargement et de d\u00e9chargement sont effectu\u00e9s de mani\u00e8re pratique, propre et s\u00fbre.<\/p>\n<p>&nbsp;<\/p>","protected":false},"featured_media":12044,"comment_status":"open","ping_status":"closed","template":"","meta":[],"product_brand":[],"product_cat":[328],"product_tag":[],"class_list":{"0":"post-10274","1":"product","2":"type-product","3":"status-publish","4":"has-post-thumbnail","6":"product_cat-dock-shelter","9":"first","10":"instock","11":"shipping-taxable","12":"product-type-simple"},"_links":{"self":[{"href":"https:\/\/seppeschina.com\/fr\/wp-json\/wp\/v2\/product\/10274","targetHints":{"allow":["GET"]}}],"collection":[{"href":"https:\/\/seppeschina.com\/fr\/wp-json\/wp\/v2\/product"}],"about":[{"href":"https:\/\/seppeschina.com\/fr\/wp-json\/wp\/v2\/types\/product"}],"replies":[{"embeddable":true,"href":"https:\/\/seppeschina.com\/fr\/wp-json\/wp\/v2\/comments?post=10274"}],"wp:featuredmedia":[{"embeddable":true,"href":"https:\/\/seppeschina.com\/fr\/wp-json\/wp\/v2\/media\/12044"}],"wp:attachment":[{"href":"https:\/\/seppeschina.com\/fr\/wp-json\/wp\/v2\/media?parent=10274"}],"wp:term":[{"taxonomy":"product_brand","embeddable":true,"href":"https:\/\/seppeschina.com\/fr\/wp-json\/wp\/v2\/product_brand?post=10274"},{"taxonomy":"product_cat","embeddable":true,"href":"https:\/\/seppeschina.com\/fr\/wp-json\/wp\/v2\/product_cat?post=10274"},{"taxonomy":"product_tag","embeddable":true,"href":"https:\/\/seppeschina.com\/fr\/wp-json\/wp\/v2\/product_tag?post=10274"}],"curies":[{"name":"wp","href":"https:\/\/api.w.org\/{rel}","templated":true}]}}