{"id":11128,"date":"2021-02-05T13:58:01","date_gmt":"2021-02-05T05:58:01","guid":{"rendered":"https:\/\/seppeschina.com\/?post_type=product&#038;p=11128"},"modified":"2025-05-19T16:14:52","modified_gmt":"2025-05-19T08:14:52","slug":"niveleur-de-quai-dentrepot-seppes","status":"publish","type":"product","link":"https:\/\/seppeschina.com\/fr\/product\/seppes-warehouse-dock-leveler\/","title":{"rendered":"Niveleur de quai hydraulique SEPPES Bleu DL-220"},"content":{"rendered":"<div style=\"width: 720px;\" class=\"wp-video\"><video class=\"wp-video-shortcode\" id=\"video-11128-1\" width=\"720\" height=\"544\" preload=\"metadata\" controls=\"controls\"><source type=\"video\/mp4\" src=\"https:\/\/seppeschina.com\/wp-content\/uploads\/2021\/02\/\u5e73\u53f0.mp4?_=1\" \/><a href=\"https:\/\/seppeschina.com\/wp-content\/uploads\/2021\/02\/\u5e73\u53f0.mp4\">https:\/\/seppeschina.com\/wp-content\/uploads\/2021\/02\/\u5e73\u53f0.mp4<\/a><\/video><\/div>\n<h3>Description<\/h3>\n<p>(1) Traitement au borax sur la surface de l'acier.<br \/>\n(2) Utilisation de la technologie de vernis de cuisson, bonne r\u00e9sistance \u00e0 la corrosion.<br \/>\n(3) La distance entre le canal de la rampe et la poutre avant (25 mm) offre une protection de s\u00e9curit\u00e9 efficace.<br \/>\n(4) La charni\u00e8re de connexion entre la plateforme et le canal d'entr\u00e9e poss\u00e8de une capacit\u00e9 d'auto-nettoyage.<br \/>\n(5) La longueur de la pente d'entr\u00e9e peut \u00eatre ajust\u00e9e pour une application plus pratique.<br \/>\n(6) Le support du canal d'entr\u00e9e est tr\u00e8s ferme et peut assurer un mouvement lat\u00e9ral s\u00fbr sur la plateforme \u00e0 l'\u00e9tat ferm\u00e9.<br \/>\n(7) Le soufflet lat\u00e9ral peut emp\u00eacher le personnel de maintenance de marcher dans l'espace entre la plateforme et le puits lors des travaux, offrant un bon effet protecteur.<\/p>\n<p><img loading=\"lazy\" decoding=\"async\" class=\"aligncenter wp-image-11803 size-full\" src=\"https:\/\/seppeschina.com\/wp-content\/uploads\/2021\/03\/\u5e73\u53f0.jpg\" alt=\"\" width=\"750\" height=\"503\" srcset=\"https:\/\/seppeschina.com\/wp-content\/uploads\/2021\/03\/\u5e73\u53f0.jpg 750w, https:\/\/seppeschina.com\/wp-content\/uploads\/2021\/03\/\u5e73\u53f0-360x241.jpg 360w, https:\/\/seppeschina.com\/wp-content\/uploads\/2021\/03\/\u5e73\u53f0-600x402.jpg 600w, https:\/\/seppeschina.com\/wp-content\/uploads\/2021\/03\/\u5e73\u53f0-300x201.jpg 300w, https:\/\/seppeschina.com\/wp-content\/uploads\/2021\/03\/\u5e73\u53f0-550x369.jpg 550w\" sizes=\"auto, (max-width: 750px) 100vw, 750px\" \/><\/p>\n<h3>D\u00e9tail du niveleur de quai<\/h3>\n<table class=\"hight-light-first-column all magic-4\">\n<tbody>\n<tr>\n<td colspan=\"1\" rowspan=\"1\" data-spm-anchor-id=\"a2700.details.pronpeci14.i1.5571610eOc3fJ4\">\n<div class=\"magic-5\"><span class=\"magic-6\">Taille<\/span><\/div>\n<\/td>\n<td colspan=\"1\" rowspan=\"1\">\n<div class=\"magic-7\"><span class=\"magic-6\">2000x2500x600 mm ou sur mesure<\/span><\/div>\n<\/td>\n<td colspan=\"1\" rowspan=\"1\">\n<div class=\"magic-8\"><span class=\"magic-6\">Tension<\/span><\/div>\n<\/td>\n<td colspan=\"1\" rowspan=\"1\">\n<div class=\"magic-9\"><span class=\"magic-6\">380 V 50 Hz<\/span><\/div>\n<\/td>\n<\/tr>\n<tr>\n<td colspan=\"1\" rowspan=\"1\">\n<div class=\"magic-5\"><span class=\"magic-6\">Plage de r\u00e9glage<\/span><\/div>\n<\/td>\n<td colspan=\"1\" rowspan=\"1\">\n<div class=\"magic-7\"><span class=\"magic-6\">Plus ou moins 300<\/span><\/div>\n<\/td>\n<td colspan=\"1\" rowspan=\"1\">\n<div class=\"magic-8\"><span class=\"magic-6\">Puissance<\/span><\/div>\n<\/td>\n<td colspan=\"1\" rowspan=\"1\">\n<div class=\"magic-9\"><span class=\"magic-6\">0,75 kW<\/span><\/div>\n<\/td>\n<\/tr>\n<tr>\n<td colspan=\"1\" rowspan=\"1\">\n<div class=\"magic-5\"><span class=\"magic-6\">\u00c9paisseur<\/span><\/div>\n<\/td>\n<td colspan=\"1\" rowspan=\"1\">\n<div class=\"magic-7\"><span class=\"magic-6\">Plaque d'acier de 8 mm d'\u00e9paisseur<\/span><\/div>\n<\/td>\n<td colspan=\"1\" rowspan=\"1\">\n<div class=\"magic-8\"><span class=\"magic-6\">Cycle de vie<\/span><\/div>\n<\/td>\n<td colspan=\"1\" rowspan=\"1\">\n<div class=\"magic-9\"><span class=\"magic-6\">8-10 ans<\/span><\/div>\n<\/td>\n<\/tr>\n<tr>\n<td colspan=\"1\" rowspan=\"1\">\n<div class=\"magic-5\"><span class=\"magic-6\">Couleur<\/span><\/div>\n<\/td>\n<td colspan=\"1\" rowspan=\"1\">\n<div class=\"magic-7\"><span class=\"magic-6\">Noir ou sur mesure<\/span><\/div>\n<\/td>\n<td colspan=\"1\" rowspan=\"1\">\n<div class=\"magic-8\"><span class=\"magic-6\">Application<\/span><\/div>\n<\/td>\n<td colspan=\"1\" rowspan=\"1\">\n<div class=\"magic-9\"><span class=\"magic-6\" data-spm-anchor-id=\"a2700.custom-template.0.i245.57a93333wxnviW\">Logistique d'entrep\u00f4t, centre de d\u00e9chargement<\/span><\/div>\n<\/td>\n<\/tr>\n<\/tbody>\n<\/table>\n<div class=\"J_module\">\n<div class=\"ife-detail-decorate-table\">\n<figure id=\"attachment_11123\" class=\"wp-caption aligncenter\" aria-describedby=\"caption-attachment-11123\">\n<h4><span style=\"color: #333300;\">Structure<\/span><\/h4>\n<p><img loading=\"lazy\" decoding=\"async\" class=\"aligncenter wp-image-12002\" src=\"https:\/\/seppeschina.com\/wp-content\/uploads\/2021\/02\/\u84dd\u8272\u5e73\u53f0\u7ec6\u8282\u56fe.jpg\" alt=\"\" width=\"600\" height=\"600\" srcset=\"https:\/\/seppeschina.com\/wp-content\/uploads\/2021\/02\/\u84dd\u8272\u5e73\u53f0\u7ec6\u8282\u56fe.jpg 750w, https:\/\/seppeschina.com\/wp-content\/uploads\/2021\/02\/\u84dd\u8272\u5e73\u53f0\u7ec6\u8282\u56fe-360x360.jpg 360w, https:\/\/seppeschina.com\/wp-content\/uploads\/2021\/02\/\u84dd\u8272\u5e73\u53f0\u7ec6\u8282\u56fe-100x100.jpg 100w, https:\/\/seppeschina.com\/wp-content\/uploads\/2021\/02\/\u84dd\u8272\u5e73\u53f0\u7ec6\u8282\u56fe-600x600.jpg 600w, https:\/\/seppeschina.com\/wp-content\/uploads\/2021\/02\/\u84dd\u8272\u5e73\u53f0\u7ec6\u8282\u56fe-300x300.jpg 300w, https:\/\/seppeschina.com\/wp-content\/uploads\/2021\/02\/\u84dd\u8272\u5e73\u53f0\u7ec6\u8282\u56fe-150x150.jpg 150w, https:\/\/seppeschina.com\/wp-content\/uploads\/2021\/02\/\u84dd\u8272\u5e73\u53f0\u7ec6\u8282\u56fe-24x24.jpg 24w, https:\/\/seppeschina.com\/wp-content\/uploads\/2021\/02\/\u84dd\u8272\u5e73\u53f0\u7ec6\u8282\u56fe-48x48.jpg 48w, https:\/\/seppeschina.com\/wp-content\/uploads\/2021\/02\/\u84dd\u8272\u5e73\u53f0\u7ec6\u8282\u56fe-96x96.jpg 96w, https:\/\/seppeschina.com\/wp-content\/uploads\/2021\/02\/\u84dd\u8272\u5e73\u53f0\u7ec6\u8282\u56fe-364x364.jpg 364w, https:\/\/seppeschina.com\/wp-content\/uploads\/2021\/02\/\u84dd\u8272\u5e73\u53f0\u7ec6\u8282\u56fe-50x50.jpg 50w, https:\/\/seppeschina.com\/wp-content\/uploads\/2021\/02\/\u84dd\u8272\u5e73\u53f0\u7ec6\u8282\u56fe-110x110.jpg 110w, https:\/\/seppeschina.com\/wp-content\/uploads\/2021\/02\/\u84dd\u8272\u5e73\u53f0\u7ec6\u8282\u56fe-275x275.jpg 275w, https:\/\/seppeschina.com\/wp-content\/uploads\/2021\/02\/\u84dd\u8272\u5e73\u53f0\u7ec6\u8282\u56fe-480x480.jpg 480w, https:\/\/seppeschina.com\/wp-content\/uploads\/2021\/02\/\u84dd\u8272\u5e73\u53f0\u7ec6\u8282\u56fe-550x550.jpg 550w\" sizes=\"auto, (max-width: 600px) 100vw, 600px\" \/><\/figure>\n<p><img loading=\"lazy\" decoding=\"async\" class=\"aligncenter wp-image-11841 size-full\" src=\"https:\/\/seppeschina.com\/wp-content\/uploads\/2021\/04\/\u88c5\u5378\u8d27\u5e73\u53f0_03.jpg\" alt=\"\" width=\"600\" height=\"634\" srcset=\"https:\/\/seppeschina.com\/wp-content\/uploads\/2021\/04\/\u88c5\u5378\u8d27\u5e73\u53f0_03.jpg 600w, https:\/\/seppeschina.com\/wp-content\/uploads\/2021\/04\/\u88c5\u5378\u8d27\u5e73\u53f0_03-360x380.jpg 360w, https:\/\/seppeschina.com\/wp-content\/uploads\/2021\/04\/\u88c5\u5378\u8d27\u5e73\u53f0_03-284x300.jpg 284w, https:\/\/seppeschina.com\/wp-content\/uploads\/2021\/04\/\u88c5\u5378\u8d27\u5e73\u53f0_03-24x24.jpg 24w, https:\/\/seppeschina.com\/wp-content\/uploads\/2021\/04\/\u88c5\u5378\u8d27\u5e73\u53f0_03-521x550.jpg 521w\" sizes=\"auto, (max-width: 600px) 100vw, 600px\" \/>Ce qui pr\u00e9c\u00e8de sont les 6 d\u00e9tails du niveleur de quai hydraulique, montrant que nos produits sont non seulement durables et s\u00fbrs, mais aussi tr\u00e8s utiles pour am\u00e9liorer l'efficacit\u00e9 logistique. Si votre usine peut installer un niveleur de quai hydraulique, veuillez l'utiliser fr\u00e9quemment.<br \/>\n<img loading=\"lazy\" decoding=\"async\" class=\"aligncenter wp-image-11929\" src=\"https:\/\/seppeschina.com\/wp-content\/uploads\/2021\/03\/dock-leveler-details3-1.jpg\" alt=\"\" width=\"600\" height=\"600\" srcset=\"https:\/\/seppeschina.com\/wp-content\/uploads\/2021\/03\/dock-leveler-details3-1.jpg 750w, https:\/\/seppeschina.com\/wp-content\/uploads\/2021\/03\/dock-leveler-details3-1-360x360.jpg 360w, https:\/\/seppeschina.com\/wp-content\/uploads\/2021\/03\/dock-leveler-details3-1-100x100.jpg 100w, https:\/\/seppeschina.com\/wp-content\/uploads\/2021\/03\/dock-leveler-details3-1-600x600.jpg 600w, https:\/\/seppeschina.com\/wp-content\/uploads\/2021\/03\/dock-leveler-details3-1-300x300.jpg 300w, https:\/\/seppeschina.com\/wp-content\/uploads\/2021\/03\/dock-leveler-details3-1-150x150.jpg 150w, https:\/\/seppeschina.com\/wp-content\/uploads\/2021\/03\/dock-leveler-details3-1-24x24.jpg 24w, https:\/\/seppeschina.com\/wp-content\/uploads\/2021\/03\/dock-leveler-details3-1-48x48.jpg 48w, https:\/\/seppeschina.com\/wp-content\/uploads\/2021\/03\/dock-leveler-details3-1-96x96.jpg 96w, https:\/\/seppeschina.com\/wp-content\/uploads\/2021\/03\/dock-leveler-details3-1-364x364.jpg 364w, https:\/\/seppeschina.com\/wp-content\/uploads\/2021\/03\/dock-leveler-details3-1-50x50.jpg 50w, https:\/\/seppeschina.com\/wp-content\/uploads\/2021\/03\/dock-leveler-details3-1-110x110.jpg 110w, https:\/\/seppeschina.com\/wp-content\/uploads\/2021\/03\/dock-leveler-details3-1-275x275.jpg 275w, https:\/\/seppeschina.com\/wp-content\/uploads\/2021\/03\/dock-leveler-details3-1-480x480.jpg 480w, https:\/\/seppeschina.com\/wp-content\/uploads\/2021\/03\/dock-leveler-details3-1-550x550.jpg 550w\" sizes=\"auto, (max-width: 600px) 100vw, 600px\" \/><\/p>\n<p>P1 :<\/p>\n<div class=\"text-title\" data-id=\"right-title\"><b><span class=\"magic-14\" data-spm-anchor-id=\"a2700.details.0.i34.5a551fefHAERHr\">Unit\u00e9 de contr\u00f4le<\/span><\/b><\/div>\n<div class=\"text-content\" data-id=\"right-content\">\n<div><b><span class=\"magic-6\">Facile et durable<\/span><\/b><\/div>\n<p>Syst\u00e8me de contr\u00f4le import\u00e9, la bo\u00eete de contr\u00f4le est facile \u00e0 utiliser.<\/p>\n<\/div>\n<div data-id=\"right-content\">\n<p>P2 :<\/p>\n<div class=\"text-title\" data-id=\"left-title\"><span class=\"magic-14\" data-spm-anchor-id=\"a2700.details.0.i35.5a551fefHAERHr\">Moteur<\/span><\/div>\n<div class=\"text-content\" data-id=\"left-content\">\n<div><b><span class=\"magic-6\">Rapide et stable<\/span><\/b><\/div>\n<p><span class=\"magic-6\">Longue dur\u00e9e de vie, fonctionnement tr\u00e8s rapide et stable.<\/span><\/p>\n<\/div>\n<\/div>\n<div data-id=\"left-content\">\n<p>P3 :<\/p>\n<div class=\"text-title\" data-id=\"right-title\"><span class=\"magic-14\" data-spm-anchor-id=\"a2700.details.0.i36.5a551fefHAERHr\">Conditions d'installation<\/span><\/div>\n<div class=\"text-content\" data-id=\"right-content\">\n<p><span class=\"magic-6\"><b>Facile, Rapide<\/b><\/span><\/p>\n<h3>Produit associ\u00e9<\/h3>\n<p><img loading=\"lazy\" decoding=\"async\" class=\"aligncenter size-full wp-image-11966\" src=\"https:\/\/seppeschina.com\/wp-content\/uploads\/2021\/04\/\u88c5\u5378\u8d27\u5e73\u53f0_08.jpg\" alt=\"\" width=\"600\" height=\"528\" srcset=\"https:\/\/seppeschina.com\/wp-content\/uploads\/2021\/04\/\u88c5\u5378\u8d27\u5e73\u53f0_08.jpg 600w, https:\/\/seppeschina.com\/wp-content\/uploads\/2021\/04\/\u88c5\u5378\u8d27\u5e73\u53f0_08-360x317.jpg 360w, https:\/\/seppeschina.com\/wp-content\/uploads\/2021\/04\/\u88c5\u5378\u8d27\u5e73\u53f0_08-300x264.jpg 300w, https:\/\/seppeschina.com\/wp-content\/uploads\/2021\/04\/\u88c5\u5378\u8d27\u5e73\u53f0_08-550x484.jpg 550w\" sizes=\"auto, (max-width: 600px) 100vw, 600px\" \/><\/p>\n<h3>Profil de l'entreprise<\/h3>\n<h6>\u00c0 propos de nous<\/h6>\n<p>Fond\u00e9e en 2011,<b>Seppes Door Industry (Suzhou) Co., Ltd<\/b>\u00a0est une entreprise de fabrication et de commerce, situ\u00e9e \u00e0 Suzhou, dans la province du Jiangsu en Chine continentale. Nous sommes sp\u00e9cialis\u00e9s dans la fabrication de solutions compl\u00e8tes et personnalis\u00e9es de syst\u00e8mes de portes d'entr\u00e9e pour les clients industriels, permettant aux usines d'\u00e9voluer dans un environnement sans poussi\u00e8re, sans bruit, \u00e9conome en \u00e9nergie, isolant thermiquement ou r\u00e9pondant \u00e0 d'autres exigences des clients. Nos principaux produits sont les portes rapides, les portes \u00e0 enroulement rapide, les portes sectionnelles automatiques, les portes sectionnelles, etc.<\/p>\n<h3><b data-spm-anchor-id=\"a2700.details.pronpeci14.i1.54614b77C31x07\">Pr\u00e9sentation de l'usine<\/b><\/h3>\n<p><img loading=\"lazy\" decoding=\"async\" class=\"aligncenter wp-image-11604 size-full\" src=\"https:\/\/seppeschina.com\/wp-content\/uploads\/2021\/03\/seppes-door6.gif\" alt=\"\" width=\"600\" height=\"358\"><\/p>\n<h3><b>Exposition<\/b><\/h3>\n<p>Voici une photo de groupe prise par nos clients \u00e9trangers lors de leur visite dans notre entreprise, incluant des pays tels que les \u00c9tats-Unis, l'Australie, l'Espagne, le Chili, Isra\u00ebl, etc.<\/p>\n<p><img loading=\"lazy\" decoding=\"async\" class=\"aligncenter wp-image-11605 size-full\" src=\"https:\/\/seppeschina.com\/wp-content\/uploads\/2021\/03\/seppes-door7.gif\" alt=\"\" width=\"600\" height=\"338\"><\/p>\n<h3>Avantages<\/h3>\n<p><img loading=\"lazy\" decoding=\"async\" class=\"aligncenter wp-image-12004 size-full\" src=\"https:\/\/seppeschina.com\/wp-content\/uploads\/2021\/02\/\u88c5\u5378\u8d27\u5e73\u53f0_02.jpg\" alt=\"\" width=\"600\" height=\"628\" srcset=\"https:\/\/seppeschina.com\/wp-content\/uploads\/2021\/02\/\u88c5\u5378\u8d27\u5e73\u53f0_02.jpg 600w, https:\/\/seppeschina.com\/wp-content\/uploads\/2021\/02\/\u88c5\u5378\u8d27\u5e73\u53f0_02-360x377.jpg 360w, https:\/\/seppeschina.com\/wp-content\/uploads\/2021\/02\/\u88c5\u5378\u8d27\u5e73\u53f0_02-287x300.jpg 287w, https:\/\/seppeschina.com\/wp-content\/uploads\/2021\/02\/\u88c5\u5378\u8d27\u5e73\u53f0_02-24x24.jpg 24w, https:\/\/seppeschina.com\/wp-content\/uploads\/2021\/02\/\u88c5\u5378\u8d27\u5e73\u53f0_02-525x550.jpg 525w\" sizes=\"auto, (max-width: 600px) 100vw, 600px\" \/><\/p>\n<h3>Projet de coop\u00e9ration<\/h3>\n<p><img loading=\"lazy\" decoding=\"async\" class=\"aligncenter wp-image-11268\" src=\"https:\/\/seppeschina.com\/wp-content\/uploads\/2021\/03\/cooperate-project.jpg\" alt=\"\" width=\"600\" height=\"484\" srcset=\"https:\/\/seppeschina.com\/wp-content\/uploads\/2021\/03\/cooperate-project.jpg 750w, https:\/\/seppeschina.com\/wp-content\/uploads\/2021\/03\/cooperate-project-360x290.jpg 360w, https:\/\/seppeschina.com\/wp-content\/uploads\/2021\/03\/cooperate-project-600x484.jpg 600w, https:\/\/seppeschina.com\/wp-content\/uploads\/2021\/03\/cooperate-project-300x242.jpg 300w, https:\/\/seppeschina.com\/wp-content\/uploads\/2021\/03\/cooperate-project-550x444.jpg 550w\" sizes=\"auto, (max-width: 600px) 100vw, 600px\" \/><\/p>\n<h3>Nos partenaires<\/h3>\n<p>Devenu fournisseur coop\u00e9ratif de pr\u00e8s de 60 entreprises Fortune 500 telles qu'IKEA, Logitech, Fresenius, Akzo Nobel, etc.<\/p>\n<p><img loading=\"lazy\" decoding=\"async\" class=\"aligncenter wp-image-11608 size-full\" src=\"https:\/\/seppeschina.com\/wp-content\/uploads\/2021\/03\/seppes-door10.gif\" alt=\"\" width=\"600\" height=\"491\"><\/p>\n<\/div>\n<\/div>\n<\/div>\n<\/div>\n<h3>Certifications<\/h3>\n<p><img loading=\"lazy\" decoding=\"async\" class=\"wp-image-9887 aligncenter\" src=\"https:\/\/seppeschina.com\/wp-content\/uploads\/2019\/04\/certification.jpg\" sizes=\"auto, (max-width: 600px) 100vw, 600px\" srcset=\"https:\/\/seppeschina.com\/wp-content\/uploads\/2019\/04\/certification.jpg 750w, https:\/\/seppeschina.com\/wp-content\/uploads\/2019\/04\/certification-150x150.jpg 150w, https:\/\/seppeschina.com\/wp-content\/uploads\/2019\/04\/certification-300x300.jpg 300w, https:\/\/seppeschina.com\/wp-content\/uploads\/2019\/04\/certification-360x360.jpg 360w, https:\/\/seppeschina.com\/wp-content\/uploads\/2019\/04\/certification-600x600.jpg 600w, https:\/\/seppeschina.com\/wp-content\/uploads\/2019\/04\/certification-100x100.jpg 100w, https:\/\/seppeschina.com\/wp-content\/uploads\/2019\/04\/certification-24x24.jpg 24w, https:\/\/seppeschina.com\/wp-content\/uploads\/2019\/04\/certification-48x48.jpg 48w, https:\/\/seppeschina.com\/wp-content\/uploads\/2019\/04\/certification-96x96.jpg 96w, https:\/\/seppeschina.com\/wp-content\/uploads\/2019\/04\/certification-364x364.jpg 364w, https:\/\/seppeschina.com\/wp-content\/uploads\/2019\/04\/certification-50x50.jpg 50w, https:\/\/seppeschina.com\/wp-content\/uploads\/2019\/04\/certification-110x110.jpg 110w, https:\/\/seppeschina.com\/wp-content\/uploads\/2019\/04\/certification-275x275.jpg 275w, https:\/\/seppeschina.com\/wp-content\/uploads\/2019\/04\/certification-480x480.jpg 480w, https:\/\/seppeschina.com\/wp-content\/uploads\/2019\/04\/certification-550x550.jpg 550w\" alt=\"\" width=\"600\" height=\"600\"><\/p>\n<h3>Livraison et emballage<\/h3>\n<p>Le niveleur de quai est livr\u00e9 nu ou emball\u00e9 dans des caisses en bois. Plus la quantit\u00e9 est importante, plus la probabilit\u00e9 d'un emballage en caisses en bois est grande.<\/p>\n<p><img loading=\"lazy\" decoding=\"async\" class=\"aligncenter size-full wp-image-11269\" src=\"https:\/\/seppeschina.com\/wp-content\/uploads\/2021\/03\/dock-leveler-packing-.jpg\" sizes=\"auto, (max-width: 750px) 100vw, 750px\" srcset=\"https:\/\/seppeschina.com\/wp-content\/uploads\/2021\/03\/dock-leveler-packing-.jpg 750w, https:\/\/seppeschina.com\/wp-content\/uploads\/2021\/03\/dock-leveler-packing--300x300.jpg 300w, https:\/\/seppeschina.com\/wp-content\/uploads\/2021\/03\/dock-leveler-packing--150x150.jpg 150w, https:\/\/seppeschina.com\/wp-content\/uploads\/2021\/03\/dock-leveler-packing--360x360.jpg 360w, https:\/\/seppeschina.com\/wp-content\/uploads\/2021\/03\/dock-leveler-packing--600x600.jpg 600w, https:\/\/seppeschina.com\/wp-content\/uploads\/2021\/03\/dock-leveler-packing--100x100.jpg 100w, https:\/\/seppeschina.com\/wp-content\/uploads\/2021\/03\/dock-leveler-packing--24x24.jpg 24w, https:\/\/seppeschina.com\/wp-content\/uploads\/2021\/03\/dock-leveler-packing--48x48.jpg 48w, https:\/\/seppeschina.com\/wp-content\/uploads\/2021\/03\/dock-leveler-packing--96x96.jpg 96w, https:\/\/seppeschina.com\/wp-content\/uploads\/2021\/03\/dock-leveler-packing--364x364.jpg 364w, https:\/\/seppeschina.com\/wp-content\/uploads\/2021\/03\/dock-leveler-packing--50x50.jpg 50w, https:\/\/seppeschina.com\/wp-content\/uploads\/2021\/03\/dock-leveler-packing--110x110.jpg 110w, https:\/\/seppeschina.com\/wp-content\/uploads\/2021\/03\/dock-leveler-packing--275x275.jpg 275w, https:\/\/seppeschina.com\/wp-content\/uploads\/2021\/03\/dock-leveler-packing--480x480.jpg 480w, https:\/\/seppeschina.com\/wp-content\/uploads\/2021\/03\/dock-leveler-packing--550x550.jpg 550w\" alt=\"\" width=\"750\" height=\"750\"><\/p>\n<h3>FAQ<\/h3>\n<p><b data-spm-anchor-id=\"a2700.custom-template.0.i2.744b3333rK4wob\">Q : Quel est le type de moteur du niveleur de quai ?<\/b><\/p>\n<p>R : Moteur servo, 220V - 0,75 KW - 50HZ - 1 phase.<\/p>\n<p><b data-spm-anchor-id=\"a2700.custom-template.0.i4.744b3333nwf5MP\">Q : Quelle est l'espace n\u00e9cessaire pour l'installation ?<\/b><\/p>\n<p>R : Plac\u00e9 horizontalement, align\u00e9 avec le plancher du camion et l'abri de quai.<\/p>\n<p><b data-spm-anchor-id=\"a2700.custom-template.0.i5.744b3333nwf5MP\">Q : Quelle est sa dur\u00e9e de vie utile ?<\/b><\/p>\n<p>R : Environ 8-10 ans.<\/p>\n<p><b data-spm-anchor-id=\"a2700.custom-template.0.i119.744b3333qJk7Hp\">Q : Dans quel type d'endroit le niveleur de quai peut-il \u00eatre utilis\u00e9 ?<\/b><\/p>\n<p>R : Large utilisation dans l'alimentaire, la pharmacie et autres logistiques et entrep\u00f4ts frigorifiques n\u00e9cessitant une propret\u00e9 relativement \u00e9lev\u00e9e.<\/p>\n<p><span style=\"color: #333300;\"><b>Q : Comment fonctionne le niveleur de quai ?<\/b><\/span><\/p>\n<p>R : Fonctionnement coordonn\u00e9 via le syst\u00e8me de contr\u00f4le, l'unit\u00e9 \u00e9lectro-hydraulique, la plaque de r\u00e9glage et la plaque \u00e0 languette.<\/p>","protected":false},"excerpt":{"rendered":"<p>Entra\u00eenement \/ Actionnement de levage : Hydraulique<br \/>\nPuissance : 0,75 kW<br \/>\nDimensions globales : 2,5 * 2 * 0,55 m<br \/>\nPoids : 1800 kg<br \/>\nGarantie : 1 an<br \/>\nService apr\u00e8s-vente fourni : Support par un tiers \u00e0 l'\u00e9tranger disponible<br \/>\nCouleur : Bleu et noir<br \/>\nTension : Tension locale<br \/>\nType : Fixe<br \/>\nMat\u00e9riau : Structure en acier haute r\u00e9sistance<br \/>\nApplication : Entrep\u00f4t<br \/>\nCaract\u00e9ristique : Facilit\u00e9 d'utilisation, S\u00e9curit\u00e9, Commodit\u00e9<br \/>\nPlateforme : T\u00f4le damier antid\u00e9rapante<\/p>","protected":false},"featured_media":10392,"comment_status":"open","ping_status":"closed","template":"","meta":[],"product_brand":[],"product_cat":[243],"product_tag":[336],"class_list":{"0":"post-11128","1":"product","2":"type-product","3":"status-publish","4":"has-post-thumbnail","6":"product_cat-dock-leveler","7":"product_tag-seppes-warehouse-dock-leveler","10":"first","11":"instock","12":"shipping-taxable","13":"product-type-simple"},"_links":{"self":[{"href":"https:\/\/seppeschina.com\/fr\/wp-json\/wp\/v2\/product\/11128","targetHints":{"allow":["GET"]}}],"collection":[{"href":"https:\/\/seppeschina.com\/fr\/wp-json\/wp\/v2\/product"}],"about":[{"href":"https:\/\/seppeschina.com\/fr\/wp-json\/wp\/v2\/types\/product"}],"replies":[{"embeddable":true,"href":"https:\/\/seppeschina.com\/fr\/wp-json\/wp\/v2\/comments?post=11128"}],"wp:featuredmedia":[{"embeddable":true,"href":"https:\/\/seppeschina.com\/fr\/wp-json\/wp\/v2\/media\/10392"}],"wp:attachment":[{"href":"https:\/\/seppeschina.com\/fr\/wp-json\/wp\/v2\/media?parent=11128"}],"wp:term":[{"taxonomy":"product_brand","embeddable":true,"href":"https:\/\/seppeschina.com\/fr\/wp-json\/wp\/v2\/product_brand?post=11128"},{"taxonomy":"product_cat","embeddable":true,"href":"https:\/\/seppeschina.com\/fr\/wp-json\/wp\/v2\/product_cat?post=11128"},{"taxonomy":"product_tag","embeddable":true,"href":"https:\/\/seppeschina.com\/fr\/wp-json\/wp\/v2\/product_tag?post=11128"}],"curies":[{"name":"wp","href":"https:\/\/api.w.org\/{rel}","templated":true}]}}