{"id":11135,"date":"2021-02-05T16:08:10","date_gmt":"2021-02-05T08:08:10","guid":{"rendered":"https:\/\/seppeschina.com\/?post_type=product&#038;p=11135"},"modified":"2025-05-19T16:14:44","modified_gmt":"2025-05-19T08:14:44","slug":"seppes-portes-rapides-a-encliquetage","status":"publish","type":"product","link":"https:\/\/seppeschina.com\/fr\/product\/seppes-interlocking-high-speed-doors\/","title":{"rendered":"Portes rapides \u00e0 verrouillage SEPPES"},"content":{"rendered":"<div style=\"width: 544px;\" class=\"wp-video\"><video class=\"wp-video-shortcode\" id=\"video-11135-1\" width=\"544\" height=\"960\" preload=\"metadata\" controls=\"controls\"><source type=\"video\/mp4\" src=\"https:\/\/seppeschina.com\/wp-content\/uploads\/2021\/02\/interlocking-fast-door.mp4?_=1\" \/><a href=\"https:\/\/seppeschina.com\/wp-content\/uploads\/2021\/02\/interlocking-fast-door.mp4\">https:\/\/seppeschina.com\/wp-content\/uploads\/2021\/02\/interlocking-fast-door.mp4<\/a><\/video><\/div>\n<h3>Description<\/h3>\n<p>Les portes rapides \u00e0 verrouillage SEPPES d\u00e9signent la fonction de verrouillage par liaison m\u00e9canique de deux portes rapides ou de plusieurs portes rapides dans un passage d'usine. G\u00e9n\u00e9ralement utilis\u00e9es aux deux extr\u00e9mit\u00e9s d'un tunnel d'usine, leur objectif est de maintenir un environnement int\u00e9rieur propre ou d'emp\u00eacher les pertes de temp\u00e9rature interne. En conditions normales, une seule porte rapide a du mal \u00e0 r\u00e9pondre \u00e0 cette exigence.<\/p>\n<p><img loading=\"lazy\" decoding=\"async\" class=\"aligncenter size-full wp-image-11137\" src=\"https:\/\/seppeschina.com\/wp-content\/uploads\/2021\/02\/interlocking-fast-door-2.jpg\" alt=\"\" width=\"750\" height=\"750\" srcset=\"https:\/\/seppeschina.com\/wp-content\/uploads\/2021\/02\/interlocking-fast-door-2.jpg 750w, https:\/\/seppeschina.com\/wp-content\/uploads\/2021\/02\/interlocking-fast-door-2-360x360.jpg 360w, https:\/\/seppeschina.com\/wp-content\/uploads\/2021\/02\/interlocking-fast-door-2-100x100.jpg 100w, https:\/\/seppeschina.com\/wp-content\/uploads\/2021\/02\/interlocking-fast-door-2-600x600.jpg 600w, https:\/\/seppeschina.com\/wp-content\/uploads\/2021\/02\/interlocking-fast-door-2-300x300.jpg 300w, https:\/\/seppeschina.com\/wp-content\/uploads\/2021\/02\/interlocking-fast-door-2-150x150.jpg 150w, https:\/\/seppeschina.com\/wp-content\/uploads\/2021\/02\/interlocking-fast-door-2-24x24.jpg 24w, https:\/\/seppeschina.com\/wp-content\/uploads\/2021\/02\/interlocking-fast-door-2-48x48.jpg 48w, https:\/\/seppeschina.com\/wp-content\/uploads\/2021\/02\/interlocking-fast-door-2-96x96.jpg 96w, https:\/\/seppeschina.com\/wp-content\/uploads\/2021\/02\/interlocking-fast-door-2-364x364.jpg 364w, https:\/\/seppeschina.com\/wp-content\/uploads\/2021\/02\/interlocking-fast-door-2-50x50.jpg 50w, https:\/\/seppeschina.com\/wp-content\/uploads\/2021\/02\/interlocking-fast-door-2-110x110.jpg 110w, https:\/\/seppeschina.com\/wp-content\/uploads\/2021\/02\/interlocking-fast-door-2-275x275.jpg 275w, https:\/\/seppeschina.com\/wp-content\/uploads\/2021\/02\/interlocking-fast-door-2-480x480.jpg 480w, https:\/\/seppeschina.com\/wp-content\/uploads\/2021\/02\/interlocking-fast-door-2-550x550.jpg 550w\" sizes=\"auto, (max-width: 750px) 100vw, 750px\" \/><\/p>\n<h3>Caract\u00e9ristiques de la porte :<\/h3>\n<p>1. Verrouillage : En termes simples, cela signifie qu'une porte est en position ouverte tandis que l'autre est en position ferm\u00e9e. Maintenir deux portes ou plus dans un \u00e9tat o\u00f9 elles ne peuvent pas \u00eatre ouvertes simultan\u00e9ment illustre la fonction de verrouillage des portes.<\/p>\n<p>2. Intelligence : La porte rapide \u00e0 verrouillage dot\u00e9e d'un affichage intelligent et d'un contr\u00f4le de fr\u00e9quence permet non seulement de g\u00e9rer le fonctionnement de la porte en temps r\u00e9el. En cas de d\u00e9faillance, elle peut \u00eatre r\u00e9solue rapidement et r\u00e9duire les co\u00fbts de maintenance.<\/p>\n<p>3. <span class=\"VIiyi\" lang=\"en\"><span class=\"JLqJ4b ChMk0b\" data-language-for-alternatives=\"en\" data-language-to-translate-into=\"zh-CN\" data-phrase-index=\"0\">\u00c9tanch\u00e9it\u00e9 \u00e0 l'air<\/span><\/span> 3. \u00c9tanch\u00e9it\u00e9 : La porte rapide \u00e0 enroulement est scell\u00e9e avec des rang\u00e9es doubles de brosses \u00e0 haute densit\u00e9, offrant une protection contre la poussi\u00e8re et les insectes, et facilitant le d\u00e9montage et l'installation.<\/p>\n<p>4. Fonctions multiples : induction g\u00e9omagn\u00e9tique pour v\u00e9hicules, radar \u00e0 infrarouge pour pi\u00e9tons, t\u00e9l\u00e9commande, badge d'acc\u00e8s par code, interrupteur \u00e0 cordon, t\u00e9l\u00e9commande Bluetooth, etc. pour ouvrir la porte.<\/p>\n<p>5. Haute vitesse : La porte rapide \u00e0 verrouillage pour passage d'atelier fonctionne jusqu'\u00e0 1 000 fois par jour, avec des d\u00e9marrages et arr\u00eats progressifs, ce qui r\u00e9duit l'usure du moteur et augmente la dur\u00e9e de vie.<\/p>\n<p>6. R\u00e9sistance au vent : Apr\u00e8s l'ajout de nervures de renfort, la porte rapide peut \u00eatre utilis\u00e9e sur des sites avec une pression de vent sup\u00e9rieure au niveau 6.<\/p>\n<p>7. Liaison : Lorsque notre porte est install\u00e9e sur un \u00e9quipement, elle envoie un signal \u00e0 cet \u00e9quipement pour maintenir un fonctionnement simultan\u00e9 de la porte et de l'\u00e9quipement. Ainsi, notre porte offre une certaine capacit\u00e9 de liaison, ce qui facilite grandement les usines, comme dans les sas de d\u00e9contamination, les convoyeurs \u00e0 bande, les monte-charges, etc., o\u00f9 ce type de porte est utilis\u00e9.<\/p>\n<p><img loading=\"lazy\" decoding=\"async\" class=\"aligncenter size-full wp-image-11142\" src=\"https:\/\/seppeschina.com\/wp-content\/uploads\/2021\/02\/interlocking-fast-door-1.jpg\" alt=\"\" width=\"750\" height=\"750\" srcset=\"https:\/\/seppeschina.com\/wp-content\/uploads\/2021\/02\/interlocking-fast-door-1.jpg 750w, https:\/\/seppeschina.com\/wp-content\/uploads\/2021\/02\/interlocking-fast-door-1-360x360.jpg 360w, https:\/\/seppeschina.com\/wp-content\/uploads\/2021\/02\/interlocking-fast-door-1-100x100.jpg 100w, https:\/\/seppeschina.com\/wp-content\/uploads\/2021\/02\/interlocking-fast-door-1-600x600.jpg 600w, https:\/\/seppeschina.com\/wp-content\/uploads\/2021\/02\/interlocking-fast-door-1-300x300.jpg 300w, https:\/\/seppeschina.com\/wp-content\/uploads\/2021\/02\/interlocking-fast-door-1-150x150.jpg 150w, https:\/\/seppeschina.com\/wp-content\/uploads\/2021\/02\/interlocking-fast-door-1-24x24.jpg 24w, https:\/\/seppeschina.com\/wp-content\/uploads\/2021\/02\/interlocking-fast-door-1-48x48.jpg 48w, https:\/\/seppeschina.com\/wp-content\/uploads\/2021\/02\/interlocking-fast-door-1-96x96.jpg 96w, https:\/\/seppeschina.com\/wp-content\/uploads\/2021\/02\/interlocking-fast-door-1-364x364.jpg 364w, https:\/\/seppeschina.com\/wp-content\/uploads\/2021\/02\/interlocking-fast-door-1-50x50.jpg 50w, https:\/\/seppeschina.com\/wp-content\/uploads\/2021\/02\/interlocking-fast-door-1-110x110.jpg 110w, https:\/\/seppeschina.com\/wp-content\/uploads\/2021\/02\/interlocking-fast-door-1-275x275.jpg 275w, https:\/\/seppeschina.com\/wp-content\/uploads\/2021\/02\/interlocking-fast-door-1-480x480.jpg 480w, https:\/\/seppeschina.com\/wp-content\/uploads\/2021\/02\/interlocking-fast-door-1-550x550.jpg 550w\" sizes=\"auto, (max-width: 750px) 100vw, 750px\" \/><\/p>\n<p>Cette m\u00e9thode est particuli\u00e8rement adapt\u00e9e \u00e0 de nombreux environnements d'installation complexes. La taille, la couleur et le mode d'ouverture de la porte peuvent \u00eatre personnalis\u00e9s.<\/p>\n<h6><b>Choix des couleurs<\/b><\/h6>\n<div class=\"J_module\">\n<div class=\"detail-decorate-json-renderer-container\">\n<div class=\"magic-4\">\n<div class=\"magic-26\">\n<div class=\"magic-6\">\n<div class=\"magic-7\" data-id=\"paragraph0\">\n<div class=\"magic-39\" data-spm-anchor-id=\"a2700.details.pronpeci14.i4.12355170Y9xOFu\"><b class=\"magic-40\"><span class=\"magic-25\">Bleu : RAL :5002,\u00a0<\/span><\/b><b class=\"magic-40\"><span class=\"magic-25\">Jaune : RAL :1003,\u00a0<\/span><\/b><b class=\"magic-40\"><span class=\"magic-25\"><span class=\"magic-24\">Gris : RAL :<\/span>9006<\/span><\/b><\/div>\n<\/div>\n<\/div>\n<\/div>\n<div class=\"magic-26\">\n<div class=\"magic-6\">\n<div class=\"magic-7\" data-id=\"paragraph2\">\n<div>\n<div class=\"magic-26\">\n<div class=\"magic-6\">\n<div class=\"magic-7\" data-id=\"paragraph0\">\n<div class=\"magic-39\" data-spm-anchor-id=\"a2700.details.pronpeci14.i5.12355170Y9xOFu\"><b class=\"magic-40\"><span class=\"magic-25\">Rouge : RAL :3002,\u00a0<\/span><\/b><b><span class=\"magic-25\">Orange : RAL :2004,\u00a0<\/span><\/b><b class=\"magic-40\"><span class=\"magic-25\">Blanc : RAL :9003<\/span><\/b><\/div>\n<\/div>\n<\/div>\n<\/div>\n<\/div>\n<\/div>\n<\/div>\n<\/div>\n<\/div>\n<\/div>\n<\/div>\n<div class=\"J_module\">\n<div class=\"detail-decorate-json-renderer-container\">\n<div class=\"magic-4\">\n<div class=\"magic-26\">\n<div class=\"magic-27\"><\/div>\n<\/div>\n<\/div>\n<\/div>\n<\/div>\n<p><img loading=\"lazy\" decoding=\"async\" class=\"aligncenter wp-image-9862\" src=\"https:\/\/seppeschina.com\/wp-content\/uploads\/2019\/04\/color750.png\" sizes=\"auto, (max-width: 600px) 100vw, 600px\" srcset=\"https:\/\/seppeschina.com\/wp-content\/uploads\/2019\/04\/color750.png 750w, https:\/\/seppeschina.com\/wp-content\/uploads\/2019\/04\/color750-150x150.png 150w, https:\/\/seppeschina.com\/wp-content\/uploads\/2019\/04\/color750-300x300.png 300w, https:\/\/seppeschina.com\/wp-content\/uploads\/2019\/04\/color750-360x360.png 360w, https:\/\/seppeschina.com\/wp-content\/uploads\/2019\/04\/color750-600x600.png 600w, https:\/\/seppeschina.com\/wp-content\/uploads\/2019\/04\/color750-100x100.png 100w, https:\/\/seppeschina.com\/wp-content\/uploads\/2019\/04\/color750-24x24.png 24w, https:\/\/seppeschina.com\/wp-content\/uploads\/2019\/04\/color750-48x48.png 48w, https:\/\/seppeschina.com\/wp-content\/uploads\/2019\/04\/color750-96x96.png 96w, https:\/\/seppeschina.com\/wp-content\/uploads\/2019\/04\/color750-364x364.png 364w, https:\/\/seppeschina.com\/wp-content\/uploads\/2019\/04\/color750-50x50.png 50w, https:\/\/seppeschina.com\/wp-content\/uploads\/2019\/04\/color750-110x110.png 110w, https:\/\/seppeschina.com\/wp-content\/uploads\/2019\/04\/color750-275x275.png 275w, https:\/\/seppeschina.com\/wp-content\/uploads\/2019\/04\/color750-480x480.png 480w, https:\/\/seppeschina.com\/wp-content\/uploads\/2019\/04\/color750-550x550.png 550w\" alt=\"\" width=\"600\" height=\"600\"><\/p>\n<h3>Profil de l'entreprise<\/h3>\n<h6>\u00c0 propos de nous<\/h6>\n<p>Fond\u00e9e en 2011,<b>Seppes Door Industry (Suzhou) Co., Ltd<\/b>\u00a0est une entreprise de fabrication et de commerce, situ\u00e9e \u00e0 Suzhou, dans la province du Jiangsu en Chine continentale. Nous sommes sp\u00e9cialis\u00e9s dans la fabrication de solutions compl\u00e8tes et personnalis\u00e9es de syst\u00e8mes de portes d'entr\u00e9e pour les clients industriels, permettant aux usines d'\u00e9voluer dans un environnement sans poussi\u00e8re, sans bruit, \u00e9conome en \u00e9nergie, isolant thermiquement ou r\u00e9pondant \u00e0 d'autres exigences des clients. Nos principaux produits sont les portes rapides, les portes \u00e0 enroulement rapide, les portes sectionnelles automatiques, les portes sectionnelles, etc.<\/p>\n<h3><b data-spm-anchor-id=\"a2700.details.pronpeci14.i1.54614b77C31x07\">Pr\u00e9sentation de l'usine<\/b><\/h3>\n<p><img loading=\"lazy\" decoding=\"async\" class=\"aligncenter wp-image-11604 size-full\" src=\"https:\/\/seppeschina.com\/wp-content\/uploads\/2021\/03\/seppes-door6.gif\" alt=\"\" width=\"600\" height=\"358\"><\/p>\n<h3><b>Exposition<\/b><\/h3>\n<p>Voici une photo de groupe prise par nos clients \u00e9trangers lors de leur visite dans notre entreprise, incluant des pays tels que les \u00c9tats-Unis, l'Australie, l'Espagne, le Chili, Isra\u00ebl, etc.<\/p>\n<p><img loading=\"lazy\" decoding=\"async\" class=\"aligncenter wp-image-11605 size-full\" src=\"https:\/\/seppeschina.com\/wp-content\/uploads\/2021\/03\/seppes-door7.gif\" alt=\"\" width=\"600\" height=\"338\"><\/p>\n<h3>Nos partenaires<\/h3>\n<p>Devenu fournisseur coop\u00e9ratif de pr\u00e8s de 60 entreprises Fortune 500 telles qu'IKEA, Logitech, Fresenius, Akzo Nobel, etc.<\/p>\n<p><img loading=\"lazy\" decoding=\"async\" class=\"aligncenter wp-image-11608 size-full\" src=\"https:\/\/seppeschina.com\/wp-content\/uploads\/2021\/03\/seppes-door10.gif\" alt=\"\" width=\"600\" height=\"491\"><\/p>\n<h3>Certifications<\/h3>\n<p><img loading=\"lazy\" decoding=\"async\" class=\"wp-image-9887 aligncenter\" src=\"https:\/\/seppeschina.com\/wp-content\/uploads\/2019\/04\/certification.jpg\" sizes=\"auto, (max-width: 600px) 100vw, 600px\" srcset=\"https:\/\/seppeschina.com\/wp-content\/uploads\/2019\/04\/certification.jpg 750w, https:\/\/seppeschina.com\/wp-content\/uploads\/2019\/04\/certification-150x150.jpg 150w, https:\/\/seppeschina.com\/wp-content\/uploads\/2019\/04\/certification-300x300.jpg 300w, https:\/\/seppeschina.com\/wp-content\/uploads\/2019\/04\/certification-360x360.jpg 360w, https:\/\/seppeschina.com\/wp-content\/uploads\/2019\/04\/certification-600x600.jpg 600w, https:\/\/seppeschina.com\/wp-content\/uploads\/2019\/04\/certification-100x100.jpg 100w, https:\/\/seppeschina.com\/wp-content\/uploads\/2019\/04\/certification-24x24.jpg 24w, https:\/\/seppeschina.com\/wp-content\/uploads\/2019\/04\/certification-48x48.jpg 48w, https:\/\/seppeschina.com\/wp-content\/uploads\/2019\/04\/certification-96x96.jpg 96w, https:\/\/seppeschina.com\/wp-content\/uploads\/2019\/04\/certification-364x364.jpg 364w, https:\/\/seppeschina.com\/wp-content\/uploads\/2019\/04\/certification-50x50.jpg 50w, https:\/\/seppeschina.com\/wp-content\/uploads\/2019\/04\/certification-110x110.jpg 110w, https:\/\/seppeschina.com\/wp-content\/uploads\/2019\/04\/certification-275x275.jpg 275w, https:\/\/seppeschina.com\/wp-content\/uploads\/2019\/04\/certification-480x480.jpg 480w, https:\/\/seppeschina.com\/wp-content\/uploads\/2019\/04\/certification-550x550.jpg 550w\" alt=\"\" width=\"600\" height=\"600\"><\/p>\n<h3>Avantages<\/h3>\n<p><img loading=\"lazy\" decoding=\"async\" class=\"aligncenter size-full wp-image-11976\" src=\"https:\/\/seppeschina.com\/wp-content\/uploads\/2019\/04\/%E5%BF%AB%E9%80%9F%E9%97%A8_02.gif\" alt=\"\" width=\"600\" height=\"797\"><\/p>\n<p>1.\u00a0<strong>Pratique<\/strong>: Conception innovante de l'interface homme-machine ; interface facilitant l'utilisation et la maintenance.<\/p>\n<p>2.\u00a0<strong>Rapide<\/strong>: Des centaines d'ouvertures\/fermetures quotidiennes ; vitesse d'ouverture de 1,0 \u00e0 1,2 m\/s.<\/p>\n<p>3.\u00a0<strong>R\u00e9sistance<\/strong>: Utilisation d'un tissu de rideau PVC de base haute r\u00e9sistance de marque import\u00e9e avec fonction d'auto-nettoyage de surface.<\/p>\n<p>4.\u00a0<strong>\u00c9tanch\u00e9it\u00e9<\/strong>: \u00c9quip\u00e9 d'une brosse de scellement innovante \u00e0 double rang\u00e9e de type cassette.<\/p>\n<p>5.\u00a0<strong>Stabilit\u00e9<\/strong>: \u00c9quip\u00e9 d'un syst\u00e8me de contr\u00f4le de marque allemande ; unit\u00e9 d'entra\u00eenement servo \u00e0 haute pr\u00e9cision.<\/p>\n<p>6.\u00a0<strong>Intelligent<\/strong>: Puce intelligente IoT int\u00e9gr\u00e9e pour une puissance et une intelligence int\u00e9gr\u00e9es.<\/p>\n<p>7.\u00a0<strong>Esth\u00e9tique<\/strong>: Utilisation d'un cadre de porte \u00e0 d\u00e9coupe laser automatique et composants de pr\u00e9cision.<\/p>\n<p>8.\u00a0<b data-spm-anchor-id=\"a2700.details.pronpeci14.i8.12355170Y9xOFu\">S\u00e9curit\u00e9<\/b>: Dispositif de protection de s\u00e9curit\u00e9 standard anti-pincement infrarouge.<\/p>\n<h3>Cas d'applications<\/h3>\n<p><img loading=\"lazy\" decoding=\"async\" class=\"aligncenter wp-image-11612 size-full\" src=\"https:\/\/seppeschina.com\/wp-content\/uploads\/2021\/03\/seppes-door2.jpg\" sizes=\"auto, (max-width: 600px) 100vw, 600px\" srcset=\"https:\/\/seppeschina.com\/wp-content\/uploads\/2021\/03\/seppes-door2.jpg 600w, https:\/\/seppeschina.com\/wp-content\/uploads\/2021\/03\/seppes-door2-249x300.jpg 249w, https:\/\/seppeschina.com\/wp-content\/uploads\/2021\/03\/seppes-door2-360x434.jpg 360w, https:\/\/seppeschina.com\/wp-content\/uploads\/2021\/03\/seppes-door2-456x550.jpg 456w\" alt=\"\" width=\"600\" height=\"723\"><\/p>\n<h3>Livraison &amp; Emballage<\/h3>\n<p>Notre m\u00e9thode d'emballage est la caisse en bois, et les modes de transport incluent express, a\u00e9rien et maritime. G\u00e9n\u00e9ralement 3 \u00e0 7 jours apr\u00e8s la commande.<\/p>\n<p><img loading=\"lazy\" decoding=\"async\" class=\"wp-image-9880 aligncenter\" src=\"https:\/\/seppeschina.com\/wp-content\/uploads\/2019\/04\/shipping.jpg\" sizes=\"auto, (max-width: 600px) 100vw, 600px\" srcset=\"https:\/\/seppeschina.com\/wp-content\/uploads\/2019\/04\/shipping.jpg 750w, https:\/\/seppeschina.com\/wp-content\/uploads\/2019\/04\/shipping-150x150.jpg 150w, https:\/\/seppeschina.com\/wp-content\/uploads\/2019\/04\/shipping-300x300.jpg 300w, https:\/\/seppeschina.com\/wp-content\/uploads\/2019\/04\/shipping-360x360.jpg 360w, https:\/\/seppeschina.com\/wp-content\/uploads\/2019\/04\/shipping-600x600.jpg 600w, https:\/\/seppeschina.com\/wp-content\/uploads\/2019\/04\/shipping-100x100.jpg 100w, https:\/\/seppeschina.com\/wp-content\/uploads\/2019\/04\/shipping-24x24.jpg 24w, https:\/\/seppeschina.com\/wp-content\/uploads\/2019\/04\/shipping-48x48.jpg 48w, https:\/\/seppeschina.com\/wp-content\/uploads\/2019\/04\/shipping-96x96.jpg 96w, https:\/\/seppeschina.com\/wp-content\/uploads\/2019\/04\/shipping-364x364.jpg 364w, https:\/\/seppeschina.com\/wp-content\/uploads\/2019\/04\/shipping-50x50.jpg 50w, https:\/\/seppeschina.com\/wp-content\/uploads\/2019\/04\/shipping-110x110.jpg 110w, https:\/\/seppeschina.com\/wp-content\/uploads\/2019\/04\/shipping-275x275.jpg 275w, https:\/\/seppeschina.com\/wp-content\/uploads\/2019\/04\/shipping-480x480.jpg 480w, https:\/\/seppeschina.com\/wp-content\/uploads\/2019\/04\/shipping-550x550.jpg 550w\" alt=\"\" width=\"600\" height=\"600\"><\/p>\n<h3>FAQ<\/h3>\n<p><span style=\"color: #ff0000;\"><strong>Q : Quelle est la puissance et la tension ?<\/strong><\/span><\/p>\n<p><strong>R : Peut \u00eatre personnalis\u00e9. Normalement 220V, 0,75KW, 50HZ, monophas\u00e9.<\/strong><\/p>\n<p><span style=\"color: #ff0000;\"><strong>Q : Quels mat\u00e9riaux peut-on choisir pour le cadre de la porte rapide ?<\/strong><\/span><\/p>\n<p><strong>R : Cadre de porte en acier peint, cadre en SUS304 \/ 316, cadre en alliage d'aluminium.<\/strong><\/p>\n<p><span style=\"color: #ff0000;\"><strong>Q : Quel est le prix de la porte rapide ?<\/strong><\/span><\/p>\n<p><strong>R : Cela d\u00e9pend de vos dimensions et des autres \u00e9quipements.<\/strong><\/p>\n<p><span style=\"color: #ff0000;\"><strong>Q : Comment choisir l'usine de portes rapides ?<\/strong><\/span><\/p>\n<p><strong>R : Certifi\u00e9e, SGS, CE, plus de 10 ans d'exp\u00e9rience.<\/strong><\/p>\n<p><span style=\"color: #ff0000;\"><strong>Q : Pouvons-nous installer la porte rapide nous-m\u00eames ?<\/strong><\/span><\/p>\n<p><strong>A : Oui, tr\u00e8s simple. Nous pouvons fournir un guide d'installation en anglais ainsi que des vid\u00e9os.\u00a0<\/strong><\/p>\n<p><span style=\"color: #ff0000;\"><strong>Q : Quelle est sa dur\u00e9e d'utilisation ?<\/strong><\/span><\/p>\n<p><strong>A : Environ 10 \u00e0 15 ans.<\/strong><\/p>\n<p><span style=\"color: #ff0000;\"><strong>Q : Quelles sont les m\u00e9thodes d'ouverture automatique\/intelligente de la porte rapide ?<\/strong><\/span><\/p>\n<p><strong>A : Bouton-poussoir manuel, d\u00e9tecteur de mouvement automatique, boucle d'induction, interrupteur \u00e0 traction, badgeuse, liaison avec automate (PLC) ou AGV.<\/strong><\/p>","protected":false},"excerpt":{"rendered":"<p>Dimensions maximales : largeur 6000 mm, hauteur 8000 mm<br \/>\nNombre d'ouvertures par jour : 500 \u00e0 800 fois<br \/>\nCouleur : orange, bleu, gris, jaune et sur mesure<br \/>\nVitesse d'ouverture : maximum 2,0 m\/s (r\u00e9glable)<br \/>\nM\u00e9thodes de commande : boutons, radar, t\u00e9l\u00e9commande<br \/>\nAlimentation \u00e9lectrique : monophas\u00e9 220 V ou triphas\u00e9 380 V<br \/>\nPuissance : 0,75 \u00e0 1,5 kW<br \/>\nNiveau de r\u00e9sistance au vent : 6-7 (distance inf\u00e9rieure \u00e0 9 m\u00b2)<\/p>","protected":false},"featured_media":11138,"comment_status":"open","ping_status":"closed","template":"","meta":[],"product_brand":[],"product_cat":[309],"product_tag":[337],"class_list":{"0":"post-11135","1":"product","2":"type-product","3":"status-publish","4":"has-post-thumbnail","6":"product_cat-high-speed-door","7":"product_tag-seppes-interlocking-fast-door","10":"first","11":"instock","12":"shipping-taxable","13":"product-type-simple"},"_links":{"self":[{"href":"https:\/\/seppeschina.com\/fr\/wp-json\/wp\/v2\/product\/11135","targetHints":{"allow":["GET"]}}],"collection":[{"href":"https:\/\/seppeschina.com\/fr\/wp-json\/wp\/v2\/product"}],"about":[{"href":"https:\/\/seppeschina.com\/fr\/wp-json\/wp\/v2\/types\/product"}],"replies":[{"embeddable":true,"href":"https:\/\/seppeschina.com\/fr\/wp-json\/wp\/v2\/comments?post=11135"}],"wp:featuredmedia":[{"embeddable":true,"href":"https:\/\/seppeschina.com\/fr\/wp-json\/wp\/v2\/media\/11138"}],"wp:attachment":[{"href":"https:\/\/seppeschina.com\/fr\/wp-json\/wp\/v2\/media?parent=11135"}],"wp:term":[{"taxonomy":"product_brand","embeddable":true,"href":"https:\/\/seppeschina.com\/fr\/wp-json\/wp\/v2\/product_brand?post=11135"},{"taxonomy":"product_cat","embeddable":true,"href":"https:\/\/seppeschina.com\/fr\/wp-json\/wp\/v2\/product_cat?post=11135"},{"taxonomy":"product_tag","embeddable":true,"href":"https:\/\/seppeschina.com\/fr\/wp-json\/wp\/v2\/product_tag?post=11135"}],"curies":[{"name":"wp","href":"https:\/\/api.w.org\/{rel}","templated":true}]}}