{"id":11188,"date":"2021-03-02T15:17:39","date_gmt":"2021-03-02T07:17:39","guid":{"rendered":"https:\/\/seppeschina.com\/?post_type=product&#038;p=11188"},"modified":"2025-05-19T15:52:38","modified_gmt":"2025-05-19T07:52:38","slug":"seppes-porte-rapide-a-isolation-thermique-orange-sus304","status":"publish","type":"product","link":"https:\/\/seppeschina.com\/fr\/product\/seppes-sus304-orange-thermal-insulation-high-speed-door\/","title":{"rendered":"Porte Rapide \u00e0 Isolation Thermique Orange SUS304 SEPPES"},"content":{"rendered":"<h3><img loading=\"lazy\" decoding=\"async\" class=\"aligncenter size-full wp-image-12059\" src=\"https:\/\/seppeschina.com\/wp-content\/uploads\/2021\/03\/\u6a59\u8272\u4fdd\u6e29\u5feb\u901f\u95e8\u4e3b\u56fe-scaled.jpg\" alt=\"\" width=\"2560\" height=\"1920\" srcset=\"https:\/\/seppeschina.com\/wp-content\/uploads\/2021\/03\/\u6a59\u8272\u4fdd\u6e29\u5feb\u901f\u95e8\u4e3b\u56fe-scaled.jpg 2560w, https:\/\/seppeschina.com\/wp-content\/uploads\/2021\/03\/\u6a59\u8272\u4fdd\u6e29\u5feb\u901f\u95e8\u4e3b\u56fe-360x270.jpg 360w, https:\/\/seppeschina.com\/wp-content\/uploads\/2021\/03\/\u6a59\u8272\u4fdd\u6e29\u5feb\u901f\u95e8\u4e3b\u56fe-600x450.jpg 600w, https:\/\/seppeschina.com\/wp-content\/uploads\/2021\/03\/\u6a59\u8272\u4fdd\u6e29\u5feb\u901f\u95e8\u4e3b\u56fe-300x225.jpg 300w, https:\/\/seppeschina.com\/wp-content\/uploads\/2021\/03\/\u6a59\u8272\u4fdd\u6e29\u5feb\u901f\u95e8\u4e3b\u56fe-1024x768.jpg 1024w, https:\/\/seppeschina.com\/wp-content\/uploads\/2021\/03\/\u6a59\u8272\u4fdd\u6e29\u5feb\u901f\u95e8\u4e3b\u56fe-768x576.jpg 768w, https:\/\/seppeschina.com\/wp-content\/uploads\/2021\/03\/\u6a59\u8272\u4fdd\u6e29\u5feb\u901f\u95e8\u4e3b\u56fe-1536x1152.jpg 1536w, https:\/\/seppeschina.com\/wp-content\/uploads\/2021\/03\/\u6a59\u8272\u4fdd\u6e29\u5feb\u901f\u95e8\u4e3b\u56fe-2048x1536.jpg 2048w, https:\/\/seppeschina.com\/wp-content\/uploads\/2021\/03\/\u6a59\u8272\u4fdd\u6e29\u5feb\u901f\u95e8\u4e3b\u56fe-550x413.jpg 550w\" sizes=\"auto, (max-width: 2560px) 100vw, 2560px\" \/><\/h3>\n<h3>Description du Produit<\/h3>\n<p>Les caract\u00e9ristiques conventionnelles de la Porte Rapide \u00e0 Isolation Thermique incluent :<\/p>\n<p><span class=\"VIiyi\" lang=\"en\"><span class=\"JLqJ4b ChMk0b\" data-language-for-alternatives=\"en\" data-language-to-translate-into=\"zh-CN\" data-phrase-index=\"0\">1. Isolation : Toile multicouche composite \u00e9paissie, remplie de mat\u00e9riaux isolants, r\u00e9duisant significativement le transfert de chaleur<\/span><\/span><\/p>\n<p><span class=\"VIiyi\" lang=\"en\"><span class=\"JLqJ4b ChMk0b\" data-language-for-alternatives=\"en\" data-language-to-translate-into=\"zh-CN\" data-phrase-index=\"2\">2. \u00c9tanch\u00e9it\u00e9 \u00e0 l'air : Double rang\u00e9e de brosses ou de bandes en caoutchouc dans le rail scell\u00e9es en cassette pour bloquer la convection d'air et favoriser la conservation de la chaleur<\/span><\/span><\/p>\n<p><span class=\"VIiyi\" lang=\"en\"><span class=\"JLqJ4b ChMk0b\" data-language-for-alternatives=\"en\" data-language-to-translate-into=\"zh-CN\" data-phrase-index=\"4\">3. R\u00e9sistance au vent : Profil\u00e9 en aluminium int\u00e9gr\u00e9 dans la toile r\u00e9sistant \u00e0 la pression du vent et aux chocs, am\u00e9liorant l'esth\u00e9tique int\u00e9gr\u00e9e de la toile<\/span><\/span><\/p>\n<p><span class=\"VIiyi\" lang=\"en\"><span class=\"JLqJ4b ChMk0b\" data-language-for-alternatives=\"en\" data-language-to-translate-into=\"zh-CN\" data-phrase-index=\"6\">4. Entra\u00eenement : Moteur tubulaire servo int\u00e9gr\u00e9 mont\u00e9, plus grande pr\u00e9cision, rouleau plus large, vitesse d'ouverture de la porte plus rapide<br \/>\n<\/span><\/span><\/p>\n<p><span class=\"VIiyi\" lang=\"en\"><span class=\"JLqJ4b ChMk0b\" data-language-for-alternatives=\"en\" data-language-to-translate-into=\"zh-CN\" data-phrase-index=\"8\">5. Cadre : Cadre et composants en acier inoxydable SUS304, r\u00e9sistants \u00e0 la corrosion et faciles \u00e0 nettoyer, plus adapt\u00e9s \u00e0 l'environnement des chambres froides<\/span><\/span><\/p>\n<p><span class=\"VIiyi\" lang=\"en\"><span class=\"JLqJ4b ChMk0b\" data-language-for-alternatives=\"en\" data-language-to-translate-into=\"zh-CN\" data-phrase-index=\"10\">6. S\u00e9curit\u00e9 : Dispositif de protection anti-pincement infrarouge standard, bord inf\u00e9rieur \u00e0 coussin d'air sans fil en option (technologie brevet\u00e9e SEPPES)<\/span><\/span><\/p>\n<p><span class=\"VIiyi\" lang=\"en\"><span class=\"JLqJ4b ChMk0b\" data-language-for-alternatives=\"en\" data-language-to-translate-into=\"zh-CN\" data-phrase-index=\"12\">7. Antigel : Dispositif de syst\u00e8me de chauffage du rail en option pour pr\u00e9venir la condensation et le gel<\/span><\/span><\/p>\n<div class=\"J_module\">\n<h3 id=\"ali-anchor-AliMagic-x5rm3m\" class=\"magic-0\" data-section=\"AliMagic-x5rm3m\" data-section-title=\"Charactor\" data-spm-anchor-id=\"a2700.details.pronpeci14.i2.5aa0fa97NHfjD2\">1. Caract\u00e9ristiques<\/h3>\n<\/div>\n<div class=\"J_module\">\n<div class=\"ife-detail-decorate-table\">\n<h3><img loading=\"lazy\" decoding=\"async\" class=\"aligncenter size-full wp-image-12056\" src=\"https:\/\/seppeschina.com\/wp-content\/uploads\/2021\/03\/\u4fdd\u6e29\u5feb\u901f\u95e8_04.jpg\" alt=\"\" width=\"600\" height=\"463\" srcset=\"https:\/\/seppeschina.com\/wp-content\/uploads\/2021\/03\/\u4fdd\u6e29\u5feb\u901f\u95e8_04.jpg 600w, https:\/\/seppeschina.com\/wp-content\/uploads\/2021\/03\/\u4fdd\u6e29\u5feb\u901f\u95e8_04-360x278.jpg 360w, https:\/\/seppeschina.com\/wp-content\/uploads\/2021\/03\/\u4fdd\u6e29\u5feb\u901f\u95e8_04-300x232.jpg 300w, https:\/\/seppeschina.com\/wp-content\/uploads\/2021\/03\/\u4fdd\u6e29\u5feb\u901f\u95e8_04-550x424.jpg 550w\" sizes=\"auto, (max-width: 600px) 100vw, 600px\" \/><\/h3>\n<h3>\u00a0<strong><b>2. Sch\u00e9ma de structure<\/b><\/strong><\/h3>\n<p><img loading=\"lazy\" decoding=\"async\" class=\"aligncenter wp-image-12057\" src=\"https:\/\/seppeschina.com\/wp-content\/uploads\/2021\/03\/\u6a59\u8272\u4fdd\u6e29\u95e8\u7ec6\u8282\u56fe.jpg\" alt=\"\" width=\"600\" height=\"600\" srcset=\"https:\/\/seppeschina.com\/wp-content\/uploads\/2021\/03\/\u6a59\u8272\u4fdd\u6e29\u95e8\u7ec6\u8282\u56fe.jpg 750w, https:\/\/seppeschina.com\/wp-content\/uploads\/2021\/03\/\u6a59\u8272\u4fdd\u6e29\u95e8\u7ec6\u8282\u56fe-360x360.jpg 360w, https:\/\/seppeschina.com\/wp-content\/uploads\/2021\/03\/\u6a59\u8272\u4fdd\u6e29\u95e8\u7ec6\u8282\u56fe-100x100.jpg 100w, https:\/\/seppeschina.com\/wp-content\/uploads\/2021\/03\/\u6a59\u8272\u4fdd\u6e29\u95e8\u7ec6\u8282\u56fe-600x600.jpg 600w, https:\/\/seppeschina.com\/wp-content\/uploads\/2021\/03\/\u6a59\u8272\u4fdd\u6e29\u95e8\u7ec6\u8282\u56fe-300x300.jpg 300w, https:\/\/seppeschina.com\/wp-content\/uploads\/2021\/03\/\u6a59\u8272\u4fdd\u6e29\u95e8\u7ec6\u8282\u56fe-150x150.jpg 150w, https:\/\/seppeschina.com\/wp-content\/uploads\/2021\/03\/\u6a59\u8272\u4fdd\u6e29\u95e8\u7ec6\u8282\u56fe-24x24.jpg 24w, https:\/\/seppeschina.com\/wp-content\/uploads\/2021\/03\/\u6a59\u8272\u4fdd\u6e29\u95e8\u7ec6\u8282\u56fe-48x48.jpg 48w, https:\/\/seppeschina.com\/wp-content\/uploads\/2021\/03\/\u6a59\u8272\u4fdd\u6e29\u95e8\u7ec6\u8282\u56fe-96x96.jpg 96w, https:\/\/seppeschina.com\/wp-content\/uploads\/2021\/03\/\u6a59\u8272\u4fdd\u6e29\u95e8\u7ec6\u8282\u56fe-364x364.jpg 364w, https:\/\/seppeschina.com\/wp-content\/uploads\/2021\/03\/\u6a59\u8272\u4fdd\u6e29\u95e8\u7ec6\u8282\u56fe-50x50.jpg 50w, https:\/\/seppeschina.com\/wp-content\/uploads\/2021\/03\/\u6a59\u8272\u4fdd\u6e29\u95e8\u7ec6\u8282\u56fe-110x110.jpg 110w, https:\/\/seppeschina.com\/wp-content\/uploads\/2021\/03\/\u6a59\u8272\u4fdd\u6e29\u95e8\u7ec6\u8282\u56fe-275x275.jpg 275w, https:\/\/seppeschina.com\/wp-content\/uploads\/2021\/03\/\u6a59\u8272\u4fdd\u6e29\u95e8\u7ec6\u8282\u56fe-480x480.jpg 480w, https:\/\/seppeschina.com\/wp-content\/uploads\/2021\/03\/\u6a59\u8272\u4fdd\u6e29\u95e8\u7ec6\u8282\u56fe-550x550.jpg 550w\" sizes=\"auto, (max-width: 600px) 100vw, 600px\" \/><\/p>\n<h3>Options de couleur<\/h3>\n<p><strong>Couleurs standards<\/strong>: bleu, jaune, gris et sur mesure.<\/p>\n<p><img loading=\"lazy\" decoding=\"async\" class=\"wp-image-10104 aligncenter\" src=\"https:\/\/seppeschina.com\/wp-content\/uploads\/2019\/04\/COLOR-1.jpg\" sizes=\"auto, (max-width: 600px) 100vw, 600px\" srcset=\"https:\/\/seppeschina.com\/wp-content\/uploads\/2019\/04\/COLOR-1.jpg 750w, https:\/\/seppeschina.com\/wp-content\/uploads\/2019\/04\/COLOR-1-300x300.jpg 300w, https:\/\/seppeschina.com\/wp-content\/uploads\/2019\/04\/COLOR-1-150x150.jpg 150w, https:\/\/seppeschina.com\/wp-content\/uploads\/2019\/04\/COLOR-1-360x360.jpg 360w, https:\/\/seppeschina.com\/wp-content\/uploads\/2019\/04\/COLOR-1-600x600.jpg 600w, https:\/\/seppeschina.com\/wp-content\/uploads\/2019\/04\/COLOR-1-100x100.jpg 100w, https:\/\/seppeschina.com\/wp-content\/uploads\/2019\/04\/COLOR-1-24x24.jpg 24w, https:\/\/seppeschina.com\/wp-content\/uploads\/2019\/04\/COLOR-1-48x48.jpg 48w, https:\/\/seppeschina.com\/wp-content\/uploads\/2019\/04\/COLOR-1-96x96.jpg 96w, https:\/\/seppeschina.com\/wp-content\/uploads\/2019\/04\/COLOR-1-364x364.jpg 364w, https:\/\/seppeschina.com\/wp-content\/uploads\/2019\/04\/COLOR-1-50x50.jpg 50w, https:\/\/seppeschina.com\/wp-content\/uploads\/2019\/04\/COLOR-1-110x110.jpg 110w, https:\/\/seppeschina.com\/wp-content\/uploads\/2019\/04\/COLOR-1-275x275.jpg 275w, https:\/\/seppeschina.com\/wp-content\/uploads\/2019\/04\/COLOR-1-480x480.jpg 480w, https:\/\/seppeschina.com\/wp-content\/uploads\/2019\/04\/COLOR-1-550x550.jpg 550w\" alt=\"\" width=\"600\" height=\"600\"><\/p>\n<h3><strong>4. M\u00e9thodes d'ouverture de porte<\/strong><\/h3>\n<p>Notre m\u00e9thode d'ouverture de porte standard est\u00a0<strong>double face<\/strong>\u00a0<strong>bouton manuel<\/strong>,\u00a0<strong>radar en option<\/strong>,\u00a0<strong>g\u00e9omagn\u00e9tisme<\/strong>,\u00a0<strong>cordon de tirage<\/strong>,\u00a0<strong>t\u00e9l\u00e9commande<\/strong>,\u00a0<strong>Bluetooth<\/strong>,\u00a0<strong>interrupteur sans fil<\/strong>, etc.<\/p>\n<p><img loading=\"lazy\" decoding=\"async\" class=\"aligncenter wp-image-11980\" src=\"https:\/\/seppeschina.com\/wp-content\/uploads\/2019\/04\/\u6a59\u8272\u5f00\u5173\u56fe.jpg\" alt=\"\" width=\"600\" height=\"600\" srcset=\"https:\/\/seppeschina.com\/wp-content\/uploads\/2019\/04\/\u6a59\u8272\u5f00\u5173\u56fe.jpg 750w, https:\/\/seppeschina.com\/wp-content\/uploads\/2019\/04\/\u6a59\u8272\u5f00\u5173\u56fe-360x360.jpg 360w, https:\/\/seppeschina.com\/wp-content\/uploads\/2019\/04\/\u6a59\u8272\u5f00\u5173\u56fe-100x100.jpg 100w, https:\/\/seppeschina.com\/wp-content\/uploads\/2019\/04\/\u6a59\u8272\u5f00\u5173\u56fe-600x600.jpg 600w, https:\/\/seppeschina.com\/wp-content\/uploads\/2019\/04\/\u6a59\u8272\u5f00\u5173\u56fe-300x300.jpg 300w, https:\/\/seppeschina.com\/wp-content\/uploads\/2019\/04\/\u6a59\u8272\u5f00\u5173\u56fe-150x150.jpg 150w, https:\/\/seppeschina.com\/wp-content\/uploads\/2019\/04\/\u6a59\u8272\u5f00\u5173\u56fe-24x24.jpg 24w, https:\/\/seppeschina.com\/wp-content\/uploads\/2019\/04\/\u6a59\u8272\u5f00\u5173\u56fe-48x48.jpg 48w, https:\/\/seppeschina.com\/wp-content\/uploads\/2019\/04\/\u6a59\u8272\u5f00\u5173\u56fe-96x96.jpg 96w, https:\/\/seppeschina.com\/wp-content\/uploads\/2019\/04\/\u6a59\u8272\u5f00\u5173\u56fe-364x364.jpg 364w, https:\/\/seppeschina.com\/wp-content\/uploads\/2019\/04\/\u6a59\u8272\u5f00\u5173\u56fe-50x50.jpg 50w, https:\/\/seppeschina.com\/wp-content\/uploads\/2019\/04\/\u6a59\u8272\u5f00\u5173\u56fe-110x110.jpg 110w, https:\/\/seppeschina.com\/wp-content\/uploads\/2019\/04\/\u6a59\u8272\u5f00\u5173\u56fe-275x275.jpg 275w, https:\/\/seppeschina.com\/wp-content\/uploads\/2019\/04\/\u6a59\u8272\u5f00\u5173\u56fe-480x480.jpg 480w, https:\/\/seppeschina.com\/wp-content\/uploads\/2019\/04\/\u6a59\u8272\u5f00\u5173\u56fe-550x550.jpg 550w\" sizes=\"auto, (max-width: 600px) 100vw, 600px\" \/><\/p>\n<h3>Pourquoi nous choisir ?<\/h3>\n<p><img loading=\"lazy\" decoding=\"async\" class=\"wp-image-9998 aligncenter\" src=\"https:\/\/seppeschina.com\/wp-content\/uploads\/2019\/04\/why-choose-us.jpg\" sizes=\"auto, (max-width: 600px) 100vw, 600px\" srcset=\"https:\/\/seppeschina.com\/wp-content\/uploads\/2019\/04\/why-choose-us.jpg 750w, https:\/\/seppeschina.com\/wp-content\/uploads\/2019\/04\/why-choose-us-300x300.jpg 300w, https:\/\/seppeschina.com\/wp-content\/uploads\/2019\/04\/why-choose-us-150x150.jpg 150w, https:\/\/seppeschina.com\/wp-content\/uploads\/2019\/04\/why-choose-us-360x360.jpg 360w, https:\/\/seppeschina.com\/wp-content\/uploads\/2019\/04\/why-choose-us-600x600.jpg 600w, https:\/\/seppeschina.com\/wp-content\/uploads\/2019\/04\/why-choose-us-100x100.jpg 100w, https:\/\/seppeschina.com\/wp-content\/uploads\/2019\/04\/why-choose-us-24x24.jpg 24w, https:\/\/seppeschina.com\/wp-content\/uploads\/2019\/04\/why-choose-us-48x48.jpg 48w, https:\/\/seppeschina.com\/wp-content\/uploads\/2019\/04\/why-choose-us-96x96.jpg 96w, https:\/\/seppeschina.com\/wp-content\/uploads\/2019\/04\/why-choose-us-364x364.jpg 364w, https:\/\/seppeschina.com\/wp-content\/uploads\/2019\/04\/why-choose-us-50x50.jpg 50w, https:\/\/seppeschina.com\/wp-content\/uploads\/2019\/04\/why-choose-us-110x110.jpg 110w, https:\/\/seppeschina.com\/wp-content\/uploads\/2019\/04\/why-choose-us-275x275.jpg 275w, https:\/\/seppeschina.com\/wp-content\/uploads\/2019\/04\/why-choose-us-480x480.jpg 480w, https:\/\/seppeschina.com\/wp-content\/uploads\/2019\/04\/why-choose-us-550x550.jpg 550w\" alt=\"\" width=\"600\" height=\"600\"><\/p>\n<h3>Profil de l'entreprise<img loading=\"lazy\" decoding=\"async\" class=\"aligncenter wp-image-9951\" src=\"https:\/\/seppeschina.com\/wp-content\/uploads\/2019\/04\/company.jpg\" sizes=\"auto, (max-width: 600px) 100vw, 600px\" srcset=\"https:\/\/seppeschina.com\/wp-content\/uploads\/2019\/04\/company.jpg 750w, https:\/\/seppeschina.com\/wp-content\/uploads\/2019\/04\/company-150x150.jpg 150w, https:\/\/seppeschina.com\/wp-content\/uploads\/2019\/04\/company-300x300.jpg 300w, https:\/\/seppeschina.com\/wp-content\/uploads\/2019\/04\/company-360x360.jpg 360w, https:\/\/seppeschina.com\/wp-content\/uploads\/2019\/04\/company-600x600.jpg 600w, https:\/\/seppeschina.com\/wp-content\/uploads\/2019\/04\/company-100x100.jpg 100w, https:\/\/seppeschina.com\/wp-content\/uploads\/2019\/04\/company-24x24.jpg 24w, https:\/\/seppeschina.com\/wp-content\/uploads\/2019\/04\/company-48x48.jpg 48w, https:\/\/seppeschina.com\/wp-content\/uploads\/2019\/04\/company-96x96.jpg 96w, https:\/\/seppeschina.com\/wp-content\/uploads\/2019\/04\/company-364x364.jpg 364w, https:\/\/seppeschina.com\/wp-content\/uploads\/2019\/04\/company-50x50.jpg 50w, https:\/\/seppeschina.com\/wp-content\/uploads\/2019\/04\/company-110x110.jpg 110w, https:\/\/seppeschina.com\/wp-content\/uploads\/2019\/04\/company-275x275.jpg 275w, https:\/\/seppeschina.com\/wp-content\/uploads\/2019\/04\/company-480x480.jpg 480w, https:\/\/seppeschina.com\/wp-content\/uploads\/2019\/04\/company-550x550.jpg 550w\" alt=\"\" width=\"600\" height=\"600\"><\/h3>\n<h3><strong><b>Pr\u00e9sentation de l'usine<\/b><\/strong><\/h3>\n<p><img loading=\"lazy\" decoding=\"async\" class=\"aligncenter wp-image-11604 size-full\" src=\"https:\/\/seppeschina.com\/wp-content\/uploads\/2021\/03\/seppes-door6.gif\" alt=\"\" width=\"600\" height=\"358\"><\/p>\n<h3><b class=\"magic-6\" data-spm-anchor-id=\"a2700.details.pronpeci14.i5.4d3ffa9795VXQD\">Exposition<\/b><\/h3>\n<p>Voici une photo de groupe prise par nos clients \u00e9trangers lors de leur visite dans notre entreprise, incluant des pays tels que les \u00c9tats-Unis, l'Australie, l'Espagne, le Chili, Isra\u00ebl, etc.<\/p>\n<p><img loading=\"lazy\" decoding=\"async\" class=\"aligncenter wp-image-11605 size-full\" src=\"https:\/\/seppeschina.com\/wp-content\/uploads\/2021\/03\/seppes-door7.gif\" alt=\"\" width=\"600\" height=\"338\"><\/p>\n<p>&nbsp;<\/p>\n<h3><strong>Avantages du produit<\/strong><\/h3>\n<p><img loading=\"lazy\" decoding=\"async\" class=\"aligncenter size-full wp-image-11967\" src=\"https:\/\/seppeschina.com\/wp-content\/uploads\/2019\/02\/%E4%BF%9D%E6%B8%A9%E5%BF%AB%E9%80%9F%E9%97%A8_02.jpg\" alt=\"\" width=\"600\" height=\"630\"><\/p>\n<h3>Applications<\/h3>\n<p><img loading=\"lazy\" decoding=\"async\" class=\"aligncenter wp-image-11612 size-full\" src=\"https:\/\/seppeschina.com\/wp-content\/uploads\/2021\/03\/seppes-door2.jpg\" sizes=\"auto, (max-width: 600px) 100vw, 600px\" srcset=\"https:\/\/seppeschina.com\/wp-content\/uploads\/2021\/03\/seppes-door2.jpg 600w, https:\/\/seppeschina.com\/wp-content\/uploads\/2021\/03\/seppes-door2-249x300.jpg 249w, https:\/\/seppeschina.com\/wp-content\/uploads\/2021\/03\/seppes-door2-360x434.jpg 360w, https:\/\/seppeschina.com\/wp-content\/uploads\/2021\/03\/seppes-door2-456x550.jpg 456w\" alt=\"\" width=\"600\" height=\"723\"><\/p>\n<p>&nbsp;<\/p>\n<h3><strong><b>Livraison &amp; Emballage<\/b><\/strong><\/h3>\n<p>Notre m\u00e9thode d'emballage est la caisse en bois, et les modes de transport incluent express, a\u00e9rien et maritime. G\u00e9n\u00e9ralement 3 \u00e0 7 jours apr\u00e8s la commande.<\/p>\n<p><img loading=\"lazy\" decoding=\"async\" class=\"wp-image-9880 aligncenter\" src=\"https:\/\/seppeschina.com\/wp-content\/uploads\/2019\/04\/shipping.jpg\" sizes=\"auto, (max-width: 600px) 100vw, 600px\" srcset=\"https:\/\/seppeschina.com\/wp-content\/uploads\/2019\/04\/shipping.jpg 750w, https:\/\/seppeschina.com\/wp-content\/uploads\/2019\/04\/shipping-150x150.jpg 150w, https:\/\/seppeschina.com\/wp-content\/uploads\/2019\/04\/shipping-300x300.jpg 300w, https:\/\/seppeschina.com\/wp-content\/uploads\/2019\/04\/shipping-360x360.jpg 360w, https:\/\/seppeschina.com\/wp-content\/uploads\/2019\/04\/shipping-600x600.jpg 600w, https:\/\/seppeschina.com\/wp-content\/uploads\/2019\/04\/shipping-100x100.jpg 100w, https:\/\/seppeschina.com\/wp-content\/uploads\/2019\/04\/shipping-24x24.jpg 24w, https:\/\/seppeschina.com\/wp-content\/uploads\/2019\/04\/shipping-48x48.jpg 48w, https:\/\/seppeschina.com\/wp-content\/uploads\/2019\/04\/shipping-96x96.jpg 96w, https:\/\/seppeschina.com\/wp-content\/uploads\/2019\/04\/shipping-364x364.jpg 364w, https:\/\/seppeschina.com\/wp-content\/uploads\/2019\/04\/shipping-50x50.jpg 50w, https:\/\/seppeschina.com\/wp-content\/uploads\/2019\/04\/shipping-110x110.jpg 110w, https:\/\/seppeschina.com\/wp-content\/uploads\/2019\/04\/shipping-275x275.jpg 275w, https:\/\/seppeschina.com\/wp-content\/uploads\/2019\/04\/shipping-480x480.jpg 480w, https:\/\/seppeschina.com\/wp-content\/uploads\/2019\/04\/shipping-550x550.jpg 550w\" alt=\"\" width=\"600\" height=\"600\"><\/p>\n<h3>FAQ<\/h3>\n<p><b><span data-spm-anchor-id=\"a2700.custom-template.0.i102.577f3333LwTOBI\">Q :<\/span><span data-spm-anchor-id=\"a2700.custom-template.0.i145.577f3333LwTOBI\">Qu'en est-il de la puissance et de la tension ?<\/span><\/b><\/p>\n<p>R : Peut \u00eatre personnalis\u00e9. Normalement 220V, 0.75KW, 50HZ, monophas\u00e9<\/p>\n<p><b data-spm-anchor-id=\"a2700.custom-template.0.i7.577f3333SViG38\">Q : Quels mat\u00e9riaux peut-on choisir pour le cadre de la porte rapide ?<\/b><\/p>\n<p>R : Cadre de porte en acier peint, cadre de porte SUS304 \/316, cadre de porte en alliage d'aluminium<\/p>\n<p><b data-spm-anchor-id=\"a2700.custom-template.0.i8.577f3333SViG38\">Q : Quel est le prix de la porte rapide ?<\/b><\/p>\n<p>R : Cela d\u00e9pend de vos dimensions et des autres \u00e9quipements.<\/p>\n<p><b data-spm-anchor-id=\"a2700.custom-template.0.i166.577f3333LwTOBI\">Q : Comment choisir l'usine de portes rapides ?<\/b><br \/>\nR : Certifi\u00e9, SGS, CE, plus de 10 ans<\/p>\n<p><b data-spm-anchor-id=\"a2700.custom-template.0.i9.577f3333SViG38\">Q : Pouvons-nous installer la porte rapide nous-m\u00eames ?<\/b><\/p>\n<p>R : Oui, tr\u00e8s simple. Nous pouvons fournir un manuel d'installation et des vid\u00e9os en anglais.<\/p>\n<p><b data-spm-anchor-id=\"a2700.custom-template.0.i10.577f3333SViG38\">Q : Quelle est sa dur\u00e9e d'utilisation ?<\/b><\/p>\n<p>R : environ 10-15 ans<\/p>\n<p><b data-spm-anchor-id=\"a2700.custom-template.0.i11.577f3333SViG38\">Q : Quelles sont les m\u00e9thodes d'ouverture automatique\/intelligente de la porte rapide ?<\/b><\/p>\n<p>A : Bouton-poussoir manuel, d\u00e9tecteur de mouvement automatique, boucle d'induction, interrupteur \u00e0 traction, badgeuse, liaison avec automate (PLC) ou AGV.<\/p>\n\n<div class=\"wpcf7 no-js\" id=\"wpcf7-f1555-o1\" lang=\"en-US\" dir=\"ltr\" data-wpcf7-id=\"1555\">\n<div class=\"screen-reader-response\"><p role=\"status\" aria-live=\"polite\" aria-atomic=\"true\"><\/p> <ul><\/ul><\/div>\n<form action=\"\/fr\/wp-json\/wp\/v2\/product\/11188#wpcf7-f1555-o1\" method=\"post\" class=\"wpcf7-form init\" aria-label=\"Contact form\" novalidate=\"novalidate\" data-status=\"init\" data-trp-original-action=\"\/fr\/wp-json\/wp\/v2\/product\/11188#wpcf7-f1555-o1\">\n<fieldset class=\"hidden-fields-container\"><input type=\"hidden\" name=\"_wpcf7\" value=\"1555\" \/><input type=\"hidden\" name=\"_wpcf7_version\" value=\"6.1.4\" \/><input type=\"hidden\" name=\"_wpcf7_locale\" value=\"en_US\" \/><input type=\"hidden\" name=\"_wpcf7_unit_tag\" value=\"wpcf7-f1555-o1\" \/><input type=\"hidden\" name=\"_wpcf7_container_post\" value=\"0\" \/><input type=\"hidden\" name=\"_wpcf7_posted_data_hash\" value=\"\" \/><input type=\"hidden\" name=\"_wpcf7_recaptcha_response\" value=\"\" \/>\n<\/fieldset>\n<div class=\"hunkcf71\">\n\t<p class=\"cf7-title\" style=\"font-size:25px;\"><i class=\"fa fa-envelope-o\"><\/i> Nous r\u00e9pondrons \u00e0 votre e-mail sous peu !\n\t<\/p>\n\t<p><span class=\"wpcf7-form-control-wrap\" data-name=\"text-737\"><input size=\"40\" maxlength=\"400\" class=\"wpcf7-form-control wpcf7-text wpcf7-validates-as-required\" aria-required=\"true\" aria-invalid=\"false\" placeholder=\"Votre nom*\" value=\"\" type=\"text\" name=\"text-737\" \/><\/span>\n\t<\/p>\n\t<p><span class=\"wpcf7-form-control-wrap\" data-name=\"email-193\"><input size=\"40\" maxlength=\"400\" class=\"wpcf7-form-control wpcf7-email wpcf7-validates-as-required wpcf7-text wpcf7-validates-as-email\" aria-required=\"true\" aria-invalid=\"false\" placeholder=\"Adresse e-mail*\" value=\"\" type=\"email\" name=\"email-193\" \/><\/span>\n\t<\/p>\n\t<p><span class=\"wpcf7-form-control-wrap\" data-name=\"text-738\"><input size=\"40\" maxlength=\"400\" class=\"wpcf7-form-control wpcf7-text\" aria-invalid=\"false\" placeholder=\"Num\u00e9ro de t\u00e9l\u00e9phone\" value=\"\" type=\"text\" name=\"text-738\" \/><\/span>\n\t<\/p>\n\t<p><span class=\"wpcf7-form-control-wrap\" data-name=\"textarea-837\"><textarea cols=\"40\" rows=\"10\" maxlength=\"2000\" class=\"wpcf7-form-control wpcf7-textarea wpcf7-validates-as-required\" aria-required=\"true\" aria-invalid=\"false\" placeholder=\"D\u00e9crivez-nous vos besoins de mani\u00e8re aussi pr\u00e9cise que possible*\" name=\"textarea-837\"><\/textarea><\/span>\n\t<\/p>\n\t<p><input class=\"wpcf7-form-control wpcf7-submit has-spinner\" type=\"submit\" value=\"Envoyer\" \/>\n\t<\/p>\n<\/div><div class=\"wpcf7-response-output\" aria-hidden=\"true\"><\/div>\n<input type=\"hidden\" name=\"trp-form-language\" value=\"fr\"\/><\/form>\n<\/div>\n\n<\/div>\n<\/div>","protected":false},"excerpt":{"rendered":"<p><strong><b>Il poss\u00e8de de bonnes fonctions d'\u00e9tanch\u00e9it\u00e9 \u00e0 la poussi\u00e8re, de d\u00e9sodorisation, d'ouverture rapide, de conservation de la chaleur, de protection, etc.<\/b><\/strong><\/p>","protected":false},"featured_media":12058,"comment_status":"open","ping_status":"closed","template":"","meta":[],"product_brand":[],"product_cat":[326],"product_tag":[343],"class_list":{"0":"post-11188","1":"product","2":"type-product","3":"status-publish","4":"has-post-thumbnail","6":"product_cat-high-speed-freezer-door","7":"product_tag-pvc-high-speed-door","10":"first","11":"instock","12":"shipping-taxable","13":"product-type-simple"},"_links":{"self":[{"href":"https:\/\/seppeschina.com\/fr\/wp-json\/wp\/v2\/product\/11188","targetHints":{"allow":["GET"]}}],"collection":[{"href":"https:\/\/seppeschina.com\/fr\/wp-json\/wp\/v2\/product"}],"about":[{"href":"https:\/\/seppeschina.com\/fr\/wp-json\/wp\/v2\/types\/product"}],"replies":[{"embeddable":true,"href":"https:\/\/seppeschina.com\/fr\/wp-json\/wp\/v2\/comments?post=11188"}],"wp:featuredmedia":[{"embeddable":true,"href":"https:\/\/seppeschina.com\/fr\/wp-json\/wp\/v2\/media\/12058"}],"wp:attachment":[{"href":"https:\/\/seppeschina.com\/fr\/wp-json\/wp\/v2\/media?parent=11188"}],"wp:term":[{"taxonomy":"product_brand","embeddable":true,"href":"https:\/\/seppeschina.com\/fr\/wp-json\/wp\/v2\/product_brand?post=11188"},{"taxonomy":"product_cat","embeddable":true,"href":"https:\/\/seppeschina.com\/fr\/wp-json\/wp\/v2\/product_cat?post=11188"},{"taxonomy":"product_tag","embeddable":true,"href":"https:\/\/seppeschina.com\/fr\/wp-json\/wp\/v2\/product_tag?post=11188"}],"curies":[{"name":"wp","href":"https:\/\/api.w.org\/{rel}","templated":true}]}}