{"id":11215,"date":"2021-03-04T12:15:23","date_gmt":"2021-03-04T04:15:23","guid":{"rendered":"https:\/\/seppeschina.com\/?post_type=product&#038;p=11215"},"modified":"2025-05-19T15:52:06","modified_gmt":"2025-05-19T07:52:06","slug":"porte-a-enroulement-rapide-jaune-seppes","status":"publish","type":"product","link":"https:\/\/seppeschina.com\/fr\/product\/seppes-yellow-high-speed-stacking-door\/","title":{"rendered":"Porte superpos\u00e9e \u00e0 haute vitesse jaune SEPPES"},"content":{"rendered":"<h3><span style=\"color: #3366ff;\"><strong>Description du produit<\/strong><\/span><\/h3>\n<p><strong>Porte \u00e0 Empilement Rapide<\/strong> \u00a0Adopte une m\u00e9thode de levage pliante et de multiples leviers horizontaux anti-vent int\u00e9gr\u00e9s ou externes, permettant une r\u00e9partition uniforme de la pression \u00e9olienne sur l'ensemble du rideau. Il peut r\u00e9sister \u00e0 des vents d'environ force 10, et sa r\u00e9sistance au vent est bien sup\u00e9rieure \u00e0 celle des portes \u00e0 enroulement rapide conventionnelles \u00e0 tambour, les rendant particuli\u00e8rement adapt\u00e9es aux voies logistiques et aux environnements \u00e0 grandes ouvertures.<\/p>\n<p><img loading=\"lazy\" decoding=\"async\" class=\"aligncenter wp-image-11078\" src=\"https:\/\/seppeschina.com\/wp-content\/uploads\/2021\/01\/\u6d4e\u6e90\u94a2\u94c1-1.jpg\" alt=\"\" width=\"600\" height=\"450\" srcset=\"https:\/\/seppeschina.com\/wp-content\/uploads\/2021\/01\/\u6d4e\u6e90\u94a2\u94c1-1.jpg 1440w, https:\/\/seppeschina.com\/wp-content\/uploads\/2021\/01\/\u6d4e\u6e90\u94a2\u94c1-1-360x270.jpg 360w, https:\/\/seppeschina.com\/wp-content\/uploads\/2021\/01\/\u6d4e\u6e90\u94a2\u94c1-1-600x450.jpg 600w, https:\/\/seppeschina.com\/wp-content\/uploads\/2021\/01\/\u6d4e\u6e90\u94a2\u94c1-1-300x225.jpg 300w, https:\/\/seppeschina.com\/wp-content\/uploads\/2021\/01\/\u6d4e\u6e90\u94a2\u94c1-1-1024x768.jpg 1024w, https:\/\/seppeschina.com\/wp-content\/uploads\/2021\/01\/\u6d4e\u6e90\u94a2\u94c1-1-768x576.jpg 768w, https:\/\/seppeschina.com\/wp-content\/uploads\/2021\/01\/\u6d4e\u6e90\u94a2\u94c1-1-550x413.jpg 550w\" sizes=\"auto, (max-width: 600px) 100vw, 600px\" \/><\/p>\n<div class=\"J_module\">\n<h3 id=\"ali-anchor-AliMagic-859kg7\" class=\"magic-3\" data-section=\"AliMagic-859kg7\" data-section-title=\"Details of products\" data-spm-anchor-id=\"a2700.details.pronpeci14.i1.7e7c6220zGAGVA\"><span style=\"color: #3366ff;\"><strong>D\u00e9tails des produits<\/strong><\/span><\/h3>\n<\/div>\n<div class=\"J_module\">\n<div class=\"ife-detail-decorate-table\">\n<ol>\n<li><strong>Nom du produit<\/strong>: Porte \u00e0 enroulement rapide<\/li>\n<li><strong>\u00c9paisseur du rideau de porte<\/strong>: 9 mm<\/li>\n<li><strong>Garantie<\/strong>: 13 mois<\/li>\n<li><strong>Mat\u00e9riau du rideau de porte<\/strong>: PVC (Polychlorure de vinyle), sangle en nylon<\/li>\n<li><strong>Num\u00e9ro de mod\u00e8le<\/strong>: HSZD<\/li>\n<li><strong>Moteur<\/strong>: Marque allemande<\/li>\n<li><strong>Cadre de porte<\/strong>: Optionnel acier inoxydable 304, alliage d'aluminium, acier peint<\/li>\n<li><strong>Dimensions de la porte<\/strong>: Largeur maximale 12 m, hauteur maximale 10 m ; dimensions personnalis\u00e9es<\/li>\n<li><strong>Vitesse d'ouverture<\/strong>: 0,8 \u00e0 6 m\/s, r\u00e9glable<\/li>\n<li><strong>Puissance<\/strong>: 1,5 kW (jusqu'\u00e0 25 m\u00e8tres carr\u00e9s) ; 2,2 kW (jusqu'\u00e0 40 m\u00e8tres carr\u00e9s)<\/li>\n<li><strong>Tension<\/strong>: 220 V ou 380 V<\/li>\n<li><strong>Service apr\u00e8s-vente<\/strong>: Assistance technique en ligne, pi\u00e8ces de rechange gratuites, retour et remplacement<\/li>\n<li><strong>Capacit\u00e9 de solution de projet<\/strong>: Conception graphique, conception de mod\u00e8le 3D, solution compl\u00e8te pour projets, consolidation inter-cat\u00e9gories, autres<\/li>\n<\/ol>\n<h3><span style=\"color: #3366ff;\"><strong><b>Sch\u00e9ma de structure<\/b><\/strong><\/span><\/h3>\n<p><img loading=\"lazy\" decoding=\"async\" class=\"aligncenter wp-image-11986\" src=\"https:\/\/seppeschina.com\/wp-content\/uploads\/2021\/03\/\u9ec4\u8272\u5806\u79ef\u95e8\u7ec6\u8282\u56fe1.jpg\" alt=\"\" width=\"600\" height=\"600\" srcset=\"https:\/\/seppeschina.com\/wp-content\/uploads\/2021\/03\/\u9ec4\u8272\u5806\u79ef\u95e8\u7ec6\u8282\u56fe1.jpg 750w, https:\/\/seppeschina.com\/wp-content\/uploads\/2021\/03\/\u9ec4\u8272\u5806\u79ef\u95e8\u7ec6\u8282\u56fe1-360x360.jpg 360w, https:\/\/seppeschina.com\/wp-content\/uploads\/2021\/03\/\u9ec4\u8272\u5806\u79ef\u95e8\u7ec6\u8282\u56fe1-100x100.jpg 100w, https:\/\/seppeschina.com\/wp-content\/uploads\/2021\/03\/\u9ec4\u8272\u5806\u79ef\u95e8\u7ec6\u8282\u56fe1-600x600.jpg 600w, https:\/\/seppeschina.com\/wp-content\/uploads\/2021\/03\/\u9ec4\u8272\u5806\u79ef\u95e8\u7ec6\u8282\u56fe1-300x300.jpg 300w, https:\/\/seppeschina.com\/wp-content\/uploads\/2021\/03\/\u9ec4\u8272\u5806\u79ef\u95e8\u7ec6\u8282\u56fe1-150x150.jpg 150w, https:\/\/seppeschina.com\/wp-content\/uploads\/2021\/03\/\u9ec4\u8272\u5806\u79ef\u95e8\u7ec6\u8282\u56fe1-24x24.jpg 24w, https:\/\/seppeschina.com\/wp-content\/uploads\/2021\/03\/\u9ec4\u8272\u5806\u79ef\u95e8\u7ec6\u8282\u56fe1-48x48.jpg 48w, https:\/\/seppeschina.com\/wp-content\/uploads\/2021\/03\/\u9ec4\u8272\u5806\u79ef\u95e8\u7ec6\u8282\u56fe1-96x96.jpg 96w, https:\/\/seppeschina.com\/wp-content\/uploads\/2021\/03\/\u9ec4\u8272\u5806\u79ef\u95e8\u7ec6\u8282\u56fe1-364x364.jpg 364w, https:\/\/seppeschina.com\/wp-content\/uploads\/2021\/03\/\u9ec4\u8272\u5806\u79ef\u95e8\u7ec6\u8282\u56fe1-50x50.jpg 50w, https:\/\/seppeschina.com\/wp-content\/uploads\/2021\/03\/\u9ec4\u8272\u5806\u79ef\u95e8\u7ec6\u8282\u56fe1-110x110.jpg 110w, https:\/\/seppeschina.com\/wp-content\/uploads\/2021\/03\/\u9ec4\u8272\u5806\u79ef\u95e8\u7ec6\u8282\u56fe1-275x275.jpg 275w, https:\/\/seppeschina.com\/wp-content\/uploads\/2021\/03\/\u9ec4\u8272\u5806\u79ef\u95e8\u7ec6\u8282\u56fe1-480x480.jpg 480w, https:\/\/seppeschina.com\/wp-content\/uploads\/2021\/03\/\u9ec4\u8272\u5806\u79ef\u95e8\u7ec6\u8282\u56fe1-550x550.jpg 550w\" sizes=\"auto, (max-width: 600px) 100vw, 600px\" \/><\/p>\n<h3><span style=\"color: #3366ff;\">Modes d'ouverture de la porte<\/span><\/h3>\n<p>Nous proposons des boutons-poussoirs manuels standard double face, avec options radar, g\u00e9omagn\u00e9tisme, tirette, t\u00e9l\u00e9commande, fermeture \u00e9clair Bluetooth, etc.<\/p>\n<p><img loading=\"lazy\" decoding=\"async\" class=\"aligncenter wp-image-10101\" src=\"https:\/\/seppeschina.com\/wp-content\/uploads\/2019\/04\/750750.jpg\" alt=\"\" width=\"600\" height=\"600\" srcset=\"https:\/\/seppeschina.com\/wp-content\/uploads\/2019\/04\/750750.jpg 750w, https:\/\/seppeschina.com\/wp-content\/uploads\/2019\/04\/750750-360x360.jpg 360w, https:\/\/seppeschina.com\/wp-content\/uploads\/2019\/04\/750750-100x100.jpg 100w, https:\/\/seppeschina.com\/wp-content\/uploads\/2019\/04\/750750-600x600.jpg 600w, https:\/\/seppeschina.com\/wp-content\/uploads\/2019\/04\/750750-300x300.jpg 300w, https:\/\/seppeschina.com\/wp-content\/uploads\/2019\/04\/750750-150x150.jpg 150w, https:\/\/seppeschina.com\/wp-content\/uploads\/2019\/04\/750750-24x24.jpg 24w, https:\/\/seppeschina.com\/wp-content\/uploads\/2019\/04\/750750-48x48.jpg 48w, https:\/\/seppeschina.com\/wp-content\/uploads\/2019\/04\/750750-96x96.jpg 96w, https:\/\/seppeschina.com\/wp-content\/uploads\/2019\/04\/750750-364x364.jpg 364w, https:\/\/seppeschina.com\/wp-content\/uploads\/2019\/04\/750750-50x50.jpg 50w, https:\/\/seppeschina.com\/wp-content\/uploads\/2019\/04\/750750-110x110.jpg 110w, https:\/\/seppeschina.com\/wp-content\/uploads\/2019\/04\/750750-275x275.jpg 275w, https:\/\/seppeschina.com\/wp-content\/uploads\/2019\/04\/750750-480x480.jpg 480w, https:\/\/seppeschina.com\/wp-content\/uploads\/2019\/04\/750750-550x550.jpg 550w\" sizes=\"auto, (max-width: 600px) 100vw, 600px\" \/><\/p>\n<h3><span style=\"color: #3366ff;\">Choix des couleurs<\/span><\/h3>\n<p><strong>Bleu<\/strong>: RAL :<span class=\"magic-25\" data-spm-anchor-id=\"a2700.details.pronpeci14.i0.3aea5170eoKBGW\">5002; <strong>Jaune<\/strong>: RAL : 1003 ; <strong>Rouge<\/strong>: RAL : 3002 ; <\/span><span class=\"magic-25\" data-spm-anchor-id=\"a2700.details.pronpeci14.i0.3aea5170eoKBGW\"><strong>Blanc<\/strong>: RAL : 9003 ; <strong>Gris : <\/strong><span class=\"magic-24\" data-spm-anchor-id=\"a2700.details.pronpeci14.i4.3aea5170eoKBGW\">RAL :<\/span>9006<\/span><\/p>\n<p><img loading=\"lazy\" decoding=\"async\" class=\"aligncenter wp-image-10104\" src=\"https:\/\/seppeschina.com\/wp-content\/uploads\/2019\/04\/COLOR-1.jpg\" alt=\"\" width=\"600\" height=\"600\" srcset=\"https:\/\/seppeschina.com\/wp-content\/uploads\/2019\/04\/COLOR-1.jpg 750w, https:\/\/seppeschina.com\/wp-content\/uploads\/2019\/04\/COLOR-1-360x360.jpg 360w, https:\/\/seppeschina.com\/wp-content\/uploads\/2019\/04\/COLOR-1-100x100.jpg 100w, https:\/\/seppeschina.com\/wp-content\/uploads\/2019\/04\/COLOR-1-600x600.jpg 600w, https:\/\/seppeschina.com\/wp-content\/uploads\/2019\/04\/COLOR-1-300x300.jpg 300w, https:\/\/seppeschina.com\/wp-content\/uploads\/2019\/04\/COLOR-1-150x150.jpg 150w, https:\/\/seppeschina.com\/wp-content\/uploads\/2019\/04\/COLOR-1-24x24.jpg 24w, https:\/\/seppeschina.com\/wp-content\/uploads\/2019\/04\/COLOR-1-48x48.jpg 48w, https:\/\/seppeschina.com\/wp-content\/uploads\/2019\/04\/COLOR-1-96x96.jpg 96w, https:\/\/seppeschina.com\/wp-content\/uploads\/2019\/04\/COLOR-1-364x364.jpg 364w, https:\/\/seppeschina.com\/wp-content\/uploads\/2019\/04\/COLOR-1-50x50.jpg 50w, https:\/\/seppeschina.com\/wp-content\/uploads\/2019\/04\/COLOR-1-110x110.jpg 110w, https:\/\/seppeschina.com\/wp-content\/uploads\/2019\/04\/COLOR-1-275x275.jpg 275w, https:\/\/seppeschina.com\/wp-content\/uploads\/2019\/04\/COLOR-1-480x480.jpg 480w, https:\/\/seppeschina.com\/wp-content\/uploads\/2019\/04\/COLOR-1-550x550.jpg 550w\" sizes=\"auto, (max-width: 600px) 100vw, 600px\" \/><\/p>\n<h3><span style=\"color: #3366ff;\">Pourquoi nous choisir<\/span><\/h3>\n<p><img loading=\"lazy\" decoding=\"async\" class=\"aligncenter wp-image-9998\" src=\"https:\/\/seppeschina.com\/wp-content\/uploads\/2019\/04\/why-choose-us.jpg\" alt=\"\" width=\"600\" height=\"600\" srcset=\"https:\/\/seppeschina.com\/wp-content\/uploads\/2019\/04\/why-choose-us.jpg 750w, https:\/\/seppeschina.com\/wp-content\/uploads\/2019\/04\/why-choose-us-360x360.jpg 360w, https:\/\/seppeschina.com\/wp-content\/uploads\/2019\/04\/why-choose-us-100x100.jpg 100w, https:\/\/seppeschina.com\/wp-content\/uploads\/2019\/04\/why-choose-us-600x600.jpg 600w, https:\/\/seppeschina.com\/wp-content\/uploads\/2019\/04\/why-choose-us-300x300.jpg 300w, https:\/\/seppeschina.com\/wp-content\/uploads\/2019\/04\/why-choose-us-150x150.jpg 150w, https:\/\/seppeschina.com\/wp-content\/uploads\/2019\/04\/why-choose-us-24x24.jpg 24w, https:\/\/seppeschina.com\/wp-content\/uploads\/2019\/04\/why-choose-us-48x48.jpg 48w, https:\/\/seppeschina.com\/wp-content\/uploads\/2019\/04\/why-choose-us-96x96.jpg 96w, https:\/\/seppeschina.com\/wp-content\/uploads\/2019\/04\/why-choose-us-364x364.jpg 364w, https:\/\/seppeschina.com\/wp-content\/uploads\/2019\/04\/why-choose-us-50x50.jpg 50w, https:\/\/seppeschina.com\/wp-content\/uploads\/2019\/04\/why-choose-us-110x110.jpg 110w, https:\/\/seppeschina.com\/wp-content\/uploads\/2019\/04\/why-choose-us-275x275.jpg 275w, https:\/\/seppeschina.com\/wp-content\/uploads\/2019\/04\/why-choose-us-480x480.jpg 480w, https:\/\/seppeschina.com\/wp-content\/uploads\/2019\/04\/why-choose-us-550x550.jpg 550w\" sizes=\"auto, (max-width: 600px) 100vw, 600px\" \/><\/p>\n<h3><span style=\"color: #3366ff;\"><strong><b>Profil de l'entreprise<\/b><\/strong><\/span><\/h3>\n<p><strong><b>Seppes Door Industry (Suzhou) Co., Ltd.<\/b><\/strong> L'entreprise a \u00e9t\u00e9 fond\u00e9e en 2011 et est une soci\u00e9t\u00e9 de fabrication et de commerce avec 9 ans d'exp\u00e9rience. Nos principaux produits sont les portes rapides, les portes \u00e0 enroulement rapide, les portes roulantes automatiques, les portes combin\u00e9es, etc.<\/p>\n<p><img loading=\"lazy\" decoding=\"async\" class=\"aligncenter wp-image-9951\" src=\"https:\/\/seppeschina.com\/wp-content\/uploads\/2019\/04\/company.jpg\" alt=\"\" width=\"600\" height=\"600\" srcset=\"https:\/\/seppeschina.com\/wp-content\/uploads\/2019\/04\/company.jpg 750w, https:\/\/seppeschina.com\/wp-content\/uploads\/2019\/04\/company-360x360.jpg 360w, https:\/\/seppeschina.com\/wp-content\/uploads\/2019\/04\/company-100x100.jpg 100w, https:\/\/seppeschina.com\/wp-content\/uploads\/2019\/04\/company-600x600.jpg 600w, https:\/\/seppeschina.com\/wp-content\/uploads\/2019\/04\/company-150x150.jpg 150w, https:\/\/seppeschina.com\/wp-content\/uploads\/2019\/04\/company-300x300.jpg 300w, https:\/\/seppeschina.com\/wp-content\/uploads\/2019\/04\/company-24x24.jpg 24w, https:\/\/seppeschina.com\/wp-content\/uploads\/2019\/04\/company-48x48.jpg 48w, https:\/\/seppeschina.com\/wp-content\/uploads\/2019\/04\/company-96x96.jpg 96w, https:\/\/seppeschina.com\/wp-content\/uploads\/2019\/04\/company-364x364.jpg 364w, https:\/\/seppeschina.com\/wp-content\/uploads\/2019\/04\/company-50x50.jpg 50w, https:\/\/seppeschina.com\/wp-content\/uploads\/2019\/04\/company-110x110.jpg 110w, https:\/\/seppeschina.com\/wp-content\/uploads\/2019\/04\/company-275x275.jpg 275w, https:\/\/seppeschina.com\/wp-content\/uploads\/2019\/04\/company-480x480.jpg 480w, https:\/\/seppeschina.com\/wp-content\/uploads\/2019\/04\/company-550x550.jpg 550w\" sizes=\"auto, (max-width: 600px) 100vw, 600px\" \/><\/p>\n<h3><span style=\"color: #3366ff;\"><strong><b>Pr\u00e9sentation de l'usine\u00a0\u00a0<\/b><\/strong><\/span><\/h3>\n<p>Voici la pr\u00e9sentation de notre usine. Elle est \u00e9quip\u00e9e d'une usine de production professionnelle de plus de 17 500 m\u00e8tres carr\u00e9s, et la ligne de production automatis\u00e9e redondante est pr\u00e9par\u00e9e avec des \u00e9quipements d'assemblage sur mesure pour r\u00e9pondre aux divers besoins de production rapide standardis\u00e9e et de fabrication personnalis\u00e9e.<\/p>\n<p><img loading=\"lazy\" decoding=\"async\" class=\"aligncenter wp-image-9877\" src=\"https:\/\/seppeschina.com\/wp-content\/uploads\/2019\/04\/\u5de5\u5382\u5c55\u793a.jpg\" alt=\"\" width=\"600\" height=\"600\" srcset=\"https:\/\/seppeschina.com\/wp-content\/uploads\/2019\/04\/\u5de5\u5382\u5c55\u793a.jpg 750w, https:\/\/seppeschina.com\/wp-content\/uploads\/2019\/04\/\u5de5\u5382\u5c55\u793a-360x360.jpg 360w, https:\/\/seppeschina.com\/wp-content\/uploads\/2019\/04\/\u5de5\u5382\u5c55\u793a-100x100.jpg 100w, https:\/\/seppeschina.com\/wp-content\/uploads\/2019\/04\/\u5de5\u5382\u5c55\u793a-600x600.jpg 600w, https:\/\/seppeschina.com\/wp-content\/uploads\/2019\/04\/\u5de5\u5382\u5c55\u793a-150x150.jpg 150w, https:\/\/seppeschina.com\/wp-content\/uploads\/2019\/04\/\u5de5\u5382\u5c55\u793a-300x300.jpg 300w, https:\/\/seppeschina.com\/wp-content\/uploads\/2019\/04\/\u5de5\u5382\u5c55\u793a-24x24.jpg 24w, https:\/\/seppeschina.com\/wp-content\/uploads\/2019\/04\/\u5de5\u5382\u5c55\u793a-48x48.jpg 48w, https:\/\/seppeschina.com\/wp-content\/uploads\/2019\/04\/\u5de5\u5382\u5c55\u793a-96x96.jpg 96w, https:\/\/seppeschina.com\/wp-content\/uploads\/2019\/04\/\u5de5\u5382\u5c55\u793a-364x364.jpg 364w, https:\/\/seppeschina.com\/wp-content\/uploads\/2019\/04\/\u5de5\u5382\u5c55\u793a-50x50.jpg 50w, https:\/\/seppeschina.com\/wp-content\/uploads\/2019\/04\/\u5de5\u5382\u5c55\u793a-110x110.jpg 110w, https:\/\/seppeschina.com\/wp-content\/uploads\/2019\/04\/\u5de5\u5382\u5c55\u793a-275x275.jpg 275w, https:\/\/seppeschina.com\/wp-content\/uploads\/2019\/04\/\u5de5\u5382\u5c55\u793a-480x480.jpg 480w, https:\/\/seppeschina.com\/wp-content\/uploads\/2019\/04\/\u5de5\u5382\u5c55\u793a-550x550.jpg 550w\" sizes=\"auto, (max-width: 600px) 100vw, 600px\" \/><\/p>\n<h3><span style=\"color: #3366ff;\">Photos clients<\/span><\/h3>\n<p><img loading=\"lazy\" decoding=\"async\" class=\"aligncenter wp-image-11605 size-full\" src=\"https:\/\/seppeschina.com\/wp-content\/uploads\/2021\/03\/seppes-door7.gif\" alt=\"\" width=\"600\" height=\"338\"><\/p>\n<h3><span style=\"color: #3366ff;\"><strong><b>Nos partenaires<\/b><\/strong><\/span><\/h3>\n<p>&nbsp;<\/p>\n<p><img loading=\"lazy\" decoding=\"async\" class=\"aligncenter wp-image-11608 size-full\" src=\"https:\/\/seppeschina.com\/wp-content\/uploads\/2021\/03\/seppes-door10.gif\" alt=\"\" width=\"600\" height=\"491\"><\/p>\n<h3><span style=\"color: #3366ff;\"><strong><b>Avantages<\/b><\/strong><\/span><\/h3>\n<p><img decoding=\"async\" class=\"aligncenter\" src=\"https:\/\/seppeschina.com\/wp-content\/uploads\/2021\/04\/%E5%A0%86%E7%A7%AF%E5%BF%AB%E9%80%9F%E9%97%A8_02.jpg\" alt=\"\"><\/p>\n<p>1.<strong><b>Pratique<\/b><\/strong>: Conception innovante de l'interface homme-machine ; interface facilitant l'utilisation et la maintenance.<br \/>\n2.<strong><b>Rapide<\/b><\/strong>: Des centaines de cycles d'ouverture\/fermeture quotidiens ; vitesse d'ouverture de 1,0 \u00e0 1,2 m\/s.<br \/>\n3.<strong><b>R\u00e9sistance<\/b><\/strong>: Utilisation d'un tissu de rideau PVC de base haute r\u00e9sistance de marque import\u00e9e avec fonction d'auto-nettoyage de surface.<br \/>\n4.<strong><b>\u00c9tanch\u00e9it\u00e9<\/b><\/strong>: \u00c9quip\u00e9 d'une brosse de scellement innovante \u00e0 double rang\u00e9e de type cassette.<br \/>\n5.<strong><b>Stabilit\u00e9<\/b><\/strong>: \u00c9quip\u00e9 d'un syst\u00e8me de contr\u00f4le de marque allemande ; unit\u00e9 d'entra\u00eenement servo \u00e0 haute pr\u00e9cision.<br \/>\n6.<strong><b>Intelligent<\/b><\/strong>: Puce intelligente IoT int\u00e9gr\u00e9e pour une puissance et une intelligence int\u00e9gr\u00e9es.<br \/>\n7.<strong><b>Esth\u00e9tique<\/b><\/strong>: Utilisation d'un cadre de porte \u00e0 d\u00e9coupe laser automatique et composants de pr\u00e9cision.<br \/>\n8.<strong><b>S\u00e9curit\u00e9<\/b><\/strong>: Dispositif de protection de s\u00e9curit\u00e9 standard anti-pincement infrarouge.<\/p>\n<h3><span style=\"color: #3366ff;\"><strong><b>Applications<\/b><\/strong><\/span><\/h3>\n<p>Voici une vari\u00e9t\u00e9 de portes rapides que nous appliquons r\u00e9ellement dans les entreprises, couvrant les secteurs pharmaceutique, \u00e9lectronique, alimentaire, chimique, automobile, textile, impression, logistique, etc.<\/p>\n<p><img loading=\"lazy\" decoding=\"async\" class=\"aligncenter wp-image-11612 size-full\" src=\"https:\/\/seppeschina.com\/wp-content\/uploads\/2021\/03\/seppes-door2.jpg\" alt=\"\" width=\"600\" height=\"723\" srcset=\"https:\/\/seppeschina.com\/wp-content\/uploads\/2021\/03\/seppes-door2.jpg 600w, https:\/\/seppeschina.com\/wp-content\/uploads\/2021\/03\/seppes-door2-360x434.jpg 360w, https:\/\/seppeschina.com\/wp-content\/uploads\/2021\/03\/seppes-door2-249x300.jpg 249w, https:\/\/seppeschina.com\/wp-content\/uploads\/2021\/03\/seppes-door2-456x550.jpg 456w\" sizes=\"auto, (max-width: 600px) 100vw, 600px\" \/><\/p>\n<h3><span style=\"color: #3366ff;\"><strong><b>Livraison &amp; Emballage<\/b><\/strong><\/span><\/h3>\n<div><b><span class=\"magic-28\" data-spm-anchor-id=\"a2700.wholesale.pronpeci14.i1.279a24cb2YGapr\">Plus rapide et plus s\u00fbr <\/span><\/b><\/div>\n<div>Trois modes de transport. Pour mieux garantir la s\u00e9curit\u00e9 de vos marchandises, des services d'emballage professionnels, \u00e9cologiques, pratiques et efficaces seront fournis.<\/div>\n<p><img loading=\"lazy\" decoding=\"async\" class=\"aligncenter wp-image-9880\" src=\"https:\/\/seppeschina.com\/wp-content\/uploads\/2019\/04\/shipping.jpg\" alt=\"\" width=\"600\" height=\"600\" srcset=\"https:\/\/seppeschina.com\/wp-content\/uploads\/2019\/04\/shipping.jpg 750w, https:\/\/seppeschina.com\/wp-content\/uploads\/2019\/04\/shipping-360x360.jpg 360w, https:\/\/seppeschina.com\/wp-content\/uploads\/2019\/04\/shipping-100x100.jpg 100w, https:\/\/seppeschina.com\/wp-content\/uploads\/2019\/04\/shipping-600x600.jpg 600w, https:\/\/seppeschina.com\/wp-content\/uploads\/2019\/04\/shipping-150x150.jpg 150w, https:\/\/seppeschina.com\/wp-content\/uploads\/2019\/04\/shipping-300x300.jpg 300w, https:\/\/seppeschina.com\/wp-content\/uploads\/2019\/04\/shipping-24x24.jpg 24w, https:\/\/seppeschina.com\/wp-content\/uploads\/2019\/04\/shipping-48x48.jpg 48w, https:\/\/seppeschina.com\/wp-content\/uploads\/2019\/04\/shipping-96x96.jpg 96w, https:\/\/seppeschina.com\/wp-content\/uploads\/2019\/04\/shipping-364x364.jpg 364w, https:\/\/seppeschina.com\/wp-content\/uploads\/2019\/04\/shipping-50x50.jpg 50w, https:\/\/seppeschina.com\/wp-content\/uploads\/2019\/04\/shipping-110x110.jpg 110w, https:\/\/seppeschina.com\/wp-content\/uploads\/2019\/04\/shipping-275x275.jpg 275w, https:\/\/seppeschina.com\/wp-content\/uploads\/2019\/04\/shipping-480x480.jpg 480w, https:\/\/seppeschina.com\/wp-content\/uploads\/2019\/04\/shipping-550x550.jpg 550w\" sizes=\"auto, (max-width: 600px) 100vw, 600px\" \/><\/p>\n<h3><span style=\"color: #3366ff;\">FAQ<\/span><\/h3>\n<p><strong>Q : Quel est le type de moteur de la porte rapide ?<\/strong><\/p>\n<p>R : Moteur servo, 220V - 0,75 KW - 50HZ - 1 phase.<\/p>\n<p><b data-spm-anchor-id=\"a2700.custom-template.0.i72.27b43333dfASdI\">Q : Quel est le mat\u00e9riau du cadre de la porte rapide ?<\/b><\/p>\n<p>R : Cadre de porte en acier peint, cadre de porte en SUS304, cadre de porte en alliage d'aluminium.<\/p>\n<p><b><span data-spm-anchor-id=\"a2700.custom-template.0.i5.27b43333UNBSMa\">Q : Quel est le prix de la porte rapide ?<\/span><\/b><\/p>\n<p>R : Cela d\u00e9pend de la taille et des autres \u00e9quipements.<\/p>\n<p><b><span data-spm-anchor-id=\"a2700.custom-template.0.i4.27b43333UNBSMa\">Q : Dans quel type d'endroit la porte rapide peut-elle \u00eatre utilis\u00e9e ?<\/span><\/b><\/p>\n<p>R : Large utilisation dans les grands entrep\u00f4ts et ateliers avec de grandes ouvertures de portes<\/p>\n<p><b><span data-spm-anchor-id=\"a2700.custom-template.0.i7.27b43333UNBSMa\">Q : Combien de temps la porte rapide peut-elle \u00eatre utilis\u00e9e ?<\/span><\/b><\/p>\n<p>R : 8 \u00e0 10 ans.<\/p>\n<p><b>Q : Pouvons-nous installer la porte rapide nous-m\u00eames ?<\/b><\/p>\n<p>R : Oui, c'est tr\u00e8s simple. Nous pouvons fournir un guide de montage en anglais et des vid\u00e9os.<\/p>\n<p><b><span data-spm-anchor-id=\"a2700.custom-template.0.i93.27b43333dfASdI\">Q : Quels sont les modes d'ouverture automatique\/intelligente de la porte rapide ?<\/span><\/b><\/p>\n<p>R : Bouton-poussoir manuel, d\u00e9tecteur de mouvement automatique, boucle d'induction, interrupteur \u00e0 tirette, badgeuse, liaison avec API ou AGV.<\/p>\n\n<div class=\"wpcf7 no-js\" id=\"wpcf7-f1555-o1\" lang=\"en-US\" dir=\"ltr\" data-wpcf7-id=\"1555\">\n<div class=\"screen-reader-response\"><p role=\"status\" aria-live=\"polite\" aria-atomic=\"true\"><\/p> <ul><\/ul><\/div>\n<form action=\"\/fr\/wp-json\/wp\/v2\/product\/11215#wpcf7-f1555-o1\" method=\"post\" class=\"wpcf7-form init\" aria-label=\"Contact form\" novalidate=\"novalidate\" data-status=\"init\" data-trp-original-action=\"\/fr\/wp-json\/wp\/v2\/product\/11215#wpcf7-f1555-o1\">\n<fieldset class=\"hidden-fields-container\"><input type=\"hidden\" name=\"_wpcf7\" value=\"1555\" \/><input type=\"hidden\" name=\"_wpcf7_version\" value=\"6.1.4\" \/><input type=\"hidden\" name=\"_wpcf7_locale\" value=\"en_US\" \/><input type=\"hidden\" name=\"_wpcf7_unit_tag\" value=\"wpcf7-f1555-o1\" \/><input type=\"hidden\" name=\"_wpcf7_container_post\" value=\"0\" \/><input type=\"hidden\" name=\"_wpcf7_posted_data_hash\" value=\"\" \/><input type=\"hidden\" name=\"_wpcf7_recaptcha_response\" value=\"\" \/>\n<\/fieldset>\n<div class=\"hunkcf71\">\n\t<p class=\"cf7-title\" style=\"font-size:25px;\"><i class=\"fa fa-envelope-o\"><\/i> Nous r\u00e9pondrons \u00e0 votre e-mail sous peu !\n\t<\/p>\n\t<p><span class=\"wpcf7-form-control-wrap\" data-name=\"text-737\"><input size=\"40\" maxlength=\"400\" class=\"wpcf7-form-control wpcf7-text wpcf7-validates-as-required\" aria-required=\"true\" aria-invalid=\"false\" placeholder=\"Votre nom*\" value=\"\" type=\"text\" name=\"text-737\" \/><\/span>\n\t<\/p>\n\t<p><span class=\"wpcf7-form-control-wrap\" data-name=\"email-193\"><input size=\"40\" maxlength=\"400\" class=\"wpcf7-form-control wpcf7-email wpcf7-validates-as-required wpcf7-text wpcf7-validates-as-email\" aria-required=\"true\" aria-invalid=\"false\" placeholder=\"Adresse e-mail*\" value=\"\" type=\"email\" name=\"email-193\" \/><\/span>\n\t<\/p>\n\t<p><span class=\"wpcf7-form-control-wrap\" data-name=\"text-738\"><input size=\"40\" maxlength=\"400\" class=\"wpcf7-form-control wpcf7-text\" aria-invalid=\"false\" placeholder=\"Num\u00e9ro de t\u00e9l\u00e9phone\" value=\"\" type=\"text\" name=\"text-738\" \/><\/span>\n\t<\/p>\n\t<p><span class=\"wpcf7-form-control-wrap\" data-name=\"textarea-837\"><textarea cols=\"40\" rows=\"10\" maxlength=\"2000\" class=\"wpcf7-form-control wpcf7-textarea wpcf7-validates-as-required\" aria-required=\"true\" aria-invalid=\"false\" placeholder=\"D\u00e9crivez-nous vos besoins de mani\u00e8re aussi pr\u00e9cise que possible*\" name=\"textarea-837\"><\/textarea><\/span>\n\t<\/p>\n\t<p><input class=\"wpcf7-form-control wpcf7-submit has-spinner\" type=\"submit\" value=\"Envoyer\" \/>\n\t<\/p>\n<\/div><div class=\"wpcf7-response-output\" aria-hidden=\"true\"><\/div>\n<input type=\"hidden\" name=\"trp-form-language\" value=\"fr\"\/><\/form>\n<\/div>\n\n<\/div>\n<\/div>","protected":false},"excerpt":{"rendered":"<p><strong>Empil\u00e9s par la sangle, adapt\u00e9s aux grandes ouvertures et utilis\u00e9s sous haute pression \u00e9olienne pour r\u00e9pondre aux besoins d'ouverture fr\u00e9quente.<\/strong><\/p>","protected":false},"featured_media":12034,"comment_status":"open","ping_status":"closed","template":"","meta":[],"product_brand":[],"product_cat":[316],"product_tag":[320],"class_list":{"0":"post-11215","1":"product","2":"type-product","3":"status-publish","4":"has-post-thumbnail","6":"product_cat-high-speed-stacking-door","7":"product_tag-high-speed-stacking-door","10":"first","11":"instock","12":"shipping-taxable","13":"product-type-simple"},"_links":{"self":[{"href":"https:\/\/seppeschina.com\/fr\/wp-json\/wp\/v2\/product\/11215","targetHints":{"allow":["GET"]}}],"collection":[{"href":"https:\/\/seppeschina.com\/fr\/wp-json\/wp\/v2\/product"}],"about":[{"href":"https:\/\/seppeschina.com\/fr\/wp-json\/wp\/v2\/types\/product"}],"replies":[{"embeddable":true,"href":"https:\/\/seppeschina.com\/fr\/wp-json\/wp\/v2\/comments?post=11215"}],"wp:featuredmedia":[{"embeddable":true,"href":"https:\/\/seppeschina.com\/fr\/wp-json\/wp\/v2\/media\/12034"}],"wp:attachment":[{"href":"https:\/\/seppeschina.com\/fr\/wp-json\/wp\/v2\/media?parent=11215"}],"wp:term":[{"taxonomy":"product_brand","embeddable":true,"href":"https:\/\/seppeschina.com\/fr\/wp-json\/wp\/v2\/product_brand?post=11215"},{"taxonomy":"product_cat","embeddable":true,"href":"https:\/\/seppeschina.com\/fr\/wp-json\/wp\/v2\/product_cat?post=11215"},{"taxonomy":"product_tag","embeddable":true,"href":"https:\/\/seppeschina.com\/fr\/wp-json\/wp\/v2\/product_tag?post=11215"}],"curies":[{"name":"wp","href":"https:\/\/api.w.org\/{rel}","templated":true}]}}