{"id":11261,"date":"2021-03-05T15:21:13","date_gmt":"2021-03-05T07:21:13","guid":{"rendered":"https:\/\/seppeschina.com\/?post_type=product&#038;p=11261"},"modified":"2025-05-19T15:51:56","modified_gmt":"2025-05-19T07:51:56","slug":"seppes-blue-high-speed-spiral-door","status":"publish","type":"product","link":"https:\/\/seppeschina.com\/fr\/product\/seppes-blue-high-speed-spiral-door\/","title":{"rendered":"Porte Spirale Haute Vitesse Bleue SEPPES"},"content":{"rendered":"<h3><span style=\"color: #3366ff;\"><strong>Description du produit<\/strong><\/span><\/h3>\n<p><strong>Porte Spirale Rapide Bleue<\/strong> est une nouvelle marque de porte industrielle rapide en m\u00e9tal, dot\u00e9e de fonctions anti-vol, d'\u00e9conomie d'\u00e9nergie, d'une bonne \u00e9tanch\u00e9it\u00e9, d'une haute efficacit\u00e9 et d'une r\u00e9sistance au vent. Elle est utilis\u00e9e dans les passages logistiques n\u00e9cessitant une ouverture rapide et fr\u00e9quente, avec une vitesse d'ouverture maximale de 2,35 m\/s. Ces portes permettent aux entreprises de r\u00e9aliser des \u00e9conomies suppl\u00e9mentaires et de r\u00e9duire les pertes \u00e9nerg\u00e9tiques. Elles peuvent \u00e9conomiser environ 50 % de pertes \u00e9nerg\u00e9tiques par rapport aux portes de garage sectionnelles standard, aux rideaux m\u00e9talliques enroulables et autres types de portes.<\/p>\n<p><img loading=\"lazy\" decoding=\"async\" class=\"aligncenter wp-image-11706 size-full\" src=\"https:\/\/seppeschina.com\/wp-content\/uploads\/2021\/03\/\u56fe\u724732.jpg\" alt=\"\" width=\"600\" height=\"400\" srcset=\"https:\/\/seppeschina.com\/wp-content\/uploads\/2021\/03\/\u56fe\u724732.jpg 600w, https:\/\/seppeschina.com\/wp-content\/uploads\/2021\/03\/\u56fe\u724732-360x240.jpg 360w, https:\/\/seppeschina.com\/wp-content\/uploads\/2021\/03\/\u56fe\u724732-300x200.jpg 300w, https:\/\/seppeschina.com\/wp-content\/uploads\/2021\/03\/\u56fe\u724732-128x84.jpg 128w, https:\/\/seppeschina.com\/wp-content\/uploads\/2021\/03\/\u56fe\u724732-550x367.jpg 550w\" sizes=\"auto, (max-width: 600px) 100vw, 600px\" \/><\/p>\n<h3><span style=\"color: #3366ff;\">D\u00e9tails<\/span><\/h3>\n<p><img loading=\"lazy\" decoding=\"async\" class=\"aligncenter size-full wp-image-11822\" src=\"https:\/\/seppeschina.com\/wp-content\/uploads\/2021\/04\/\u786c\u8d28\u5feb\u901f\u95e8_04.jpg\" alt=\"\" width=\"600\" height=\"348\" srcset=\"https:\/\/seppeschina.com\/wp-content\/uploads\/2021\/04\/\u786c\u8d28\u5feb\u901f\u95e8_04.jpg 600w, https:\/\/seppeschina.com\/wp-content\/uploads\/2021\/04\/\u786c\u8d28\u5feb\u901f\u95e8_04-360x209.jpg 360w, https:\/\/seppeschina.com\/wp-content\/uploads\/2021\/04\/\u786c\u8d28\u5feb\u901f\u95e8_04-300x174.jpg 300w, https:\/\/seppeschina.com\/wp-content\/uploads\/2021\/04\/\u786c\u8d28\u5feb\u901f\u95e8_04-550x319.jpg 550w\" sizes=\"auto, (max-width: 600px) 100vw, 600px\" \/><\/p>\n<p><img loading=\"lazy\" decoding=\"async\" class=\"aligncenter size-full wp-image-11823\" src=\"https:\/\/seppeschina.com\/wp-content\/uploads\/2021\/04\/\u786c\u8d28\u5feb\u901f\u95e8_03.gif\" alt=\"\" width=\"600\" height=\"634\"><\/p>\n<div class=\"J_module\">\n<div class=\"detail-decorate-json-renderer-container\">\n<div class=\"magic-4\">\n<div class=\"magic-5\">\n<div class=\"magic-6\">\n<h3 class=\"magic-7\"><span style=\"color: #3366ff;\"><b><span class=\"magic-21\" data-spm-anchor-id=\"a2700.details.pronpeci14.i13.12355170Y9xOFu\">Sch\u00e9ma de structure<\/span><\/b><\/span><\/h3>\n<\/div>\n<\/div>\n<\/div>\n<\/div>\n<\/div>\n<div class=\"J_module\">\n<div class=\"icbu-pc-images magic-0\">\n<div>\n<div class=\"flex-layout-v\">\n<div class=\"flex-layout-h magic-0\"><img loading=\"lazy\" decoding=\"async\" class=\"aligncenter wp-image-12071\" src=\"https:\/\/seppeschina.com\/wp-content\/uploads\/2021\/04\/%E5%BE%AE%E4%BF%A1%E5%9B%BE%E7%89%87_20210322151602.jpg\" sizes=\"auto, (max-width: 600px) 100vw, 600px\" srcset=\"https:\/\/seppeschina.com\/wp-content\/uploads\/2021\/04\/\u5fae\u4fe1\u56fe\u7247_20210322151602.jpg 750w, https:\/\/seppeschina.com\/wp-content\/uploads\/2021\/04\/\u5fae\u4fe1\u56fe\u7247_20210322151602-281x300.jpg 281w, https:\/\/seppeschina.com\/wp-content\/uploads\/2021\/04\/\u5fae\u4fe1\u56fe\u7247_20210322151602-360x384.jpg 360w, https:\/\/seppeschina.com\/wp-content\/uploads\/2021\/04\/\u5fae\u4fe1\u56fe\u7247_20210322151602-600x640.jpg 600w, https:\/\/seppeschina.com\/wp-content\/uploads\/2021\/04\/\u5fae\u4fe1\u56fe\u7247_20210322151602-516x550.jpg 516w\" alt=\"\" width=\"600\" height=\"640\"><\/div>\n<\/div>\n<\/div>\n<\/div>\n<\/div>\n<h3><span style=\"color: #3366ff;\">M\u00e9thodes d'ouverture de la porte<\/span><\/h3>\n<p><img loading=\"lazy\" decoding=\"async\" class=\"aligncenter wp-image-9999\" src=\"https:\/\/seppeschina.com\/wp-content\/uploads\/2019\/04\/\u672a\u6807\u9898-2.jpg\" alt=\"\" width=\"598\" height=\"598\" srcset=\"https:\/\/seppeschina.com\/wp-content\/uploads\/2019\/04\/\u672a\u6807\u9898-2.jpg 750w, https:\/\/seppeschina.com\/wp-content\/uploads\/2019\/04\/\u672a\u6807\u9898-2-360x360.jpg 360w, https:\/\/seppeschina.com\/wp-content\/uploads\/2019\/04\/\u672a\u6807\u9898-2-100x100.jpg 100w, https:\/\/seppeschina.com\/wp-content\/uploads\/2019\/04\/\u672a\u6807\u9898-2-600x600.jpg 600w, https:\/\/seppeschina.com\/wp-content\/uploads\/2019\/04\/\u672a\u6807\u9898-2-300x300.jpg 300w, https:\/\/seppeschina.com\/wp-content\/uploads\/2019\/04\/\u672a\u6807\u9898-2-150x150.jpg 150w, https:\/\/seppeschina.com\/wp-content\/uploads\/2019\/04\/\u672a\u6807\u9898-2-24x24.jpg 24w, https:\/\/seppeschina.com\/wp-content\/uploads\/2019\/04\/\u672a\u6807\u9898-2-48x48.jpg 48w, https:\/\/seppeschina.com\/wp-content\/uploads\/2019\/04\/\u672a\u6807\u9898-2-96x96.jpg 96w, https:\/\/seppeschina.com\/wp-content\/uploads\/2019\/04\/\u672a\u6807\u9898-2-364x364.jpg 364w, https:\/\/seppeschina.com\/wp-content\/uploads\/2019\/04\/\u672a\u6807\u9898-2-50x50.jpg 50w, https:\/\/seppeschina.com\/wp-content\/uploads\/2019\/04\/\u672a\u6807\u9898-2-110x110.jpg 110w, https:\/\/seppeschina.com\/wp-content\/uploads\/2019\/04\/\u672a\u6807\u9898-2-275x275.jpg 275w, https:\/\/seppeschina.com\/wp-content\/uploads\/2019\/04\/\u672a\u6807\u9898-2-480x480.jpg 480w, https:\/\/seppeschina.com\/wp-content\/uploads\/2019\/04\/\u672a\u6807\u9898-2-550x550.jpg 550w\" sizes=\"auto, (max-width: 598px) 100vw, 598px\" \/><\/p>\n<h3 class=\"magic-14\"><span style=\"color: #3366ff;\"><b class=\"magic-15\"><span class=\"magic-16\" data-spm-anchor-id=\"a2700.details.pronpeci14.i2.79674380esgSi0\">Conditions d'installation<\/span><\/b><\/span><\/h3>\n<div class=\"magic-14\">\n<div><img loading=\"lazy\" decoding=\"async\" class=\"alignnone wp-image-10059 size-full\" src=\"https:\/\/seppeschina.com\/wp-content\/uploads\/2019\/02\/\u5b89\u88c5\u786c\u5feb.jpg\" alt=\"\" width=\"750\" height=\"750\" srcset=\"https:\/\/seppeschina.com\/wp-content\/uploads\/2019\/02\/\u5b89\u88c5\u786c\u5feb.jpg 750w, https:\/\/seppeschina.com\/wp-content\/uploads\/2019\/02\/\u5b89\u88c5\u786c\u5feb-360x360.jpg 360w, https:\/\/seppeschina.com\/wp-content\/uploads\/2019\/02\/\u5b89\u88c5\u786c\u5feb-100x100.jpg 100w, https:\/\/seppeschina.com\/wp-content\/uploads\/2019\/02\/\u5b89\u88c5\u786c\u5feb-600x600.jpg 600w, https:\/\/seppeschina.com\/wp-content\/uploads\/2019\/02\/\u5b89\u88c5\u786c\u5feb-300x300.jpg 300w, https:\/\/seppeschina.com\/wp-content\/uploads\/2019\/02\/\u5b89\u88c5\u786c\u5feb-150x150.jpg 150w, https:\/\/seppeschina.com\/wp-content\/uploads\/2019\/02\/\u5b89\u88c5\u786c\u5feb-24x24.jpg 24w, https:\/\/seppeschina.com\/wp-content\/uploads\/2019\/02\/\u5b89\u88c5\u786c\u5feb-48x48.jpg 48w, https:\/\/seppeschina.com\/wp-content\/uploads\/2019\/02\/\u5b89\u88c5\u786c\u5feb-96x96.jpg 96w, https:\/\/seppeschina.com\/wp-content\/uploads\/2019\/02\/\u5b89\u88c5\u786c\u5feb-364x364.jpg 364w, https:\/\/seppeschina.com\/wp-content\/uploads\/2019\/02\/\u5b89\u88c5\u786c\u5feb-50x50.jpg 50w, https:\/\/seppeschina.com\/wp-content\/uploads\/2019\/02\/\u5b89\u88c5\u786c\u5feb-110x110.jpg 110w, https:\/\/seppeschina.com\/wp-content\/uploads\/2019\/02\/\u5b89\u88c5\u786c\u5feb-275x275.jpg 275w, https:\/\/seppeschina.com\/wp-content\/uploads\/2019\/02\/\u5b89\u88c5\u786c\u5feb-480x480.jpg 480w, https:\/\/seppeschina.com\/wp-content\/uploads\/2019\/02\/\u5b89\u88c5\u786c\u5feb-550x550.jpg 550w\" sizes=\"auto, (max-width: 750px) 100vw, 750px\" \/><\/div>\n<h3><span style=\"color: #3366ff;\">Produits associ\u00e9s<\/span><\/h3>\n<div>\n<h3><span style=\"color: #3366ff;\"><img loading=\"lazy\" decoding=\"async\" class=\"aligncenter size-full wp-image-11533\" src=\"https:\/\/seppeschina.com\/wp-content\/uploads\/2021\/03\/\u5feb\u901f\u95e8_08.gif\" alt=\"\" width=\"600\" height=\"528\"><\/span><\/h3>\n<\/div>\n<div><\/div>\n<div>\n<h3><span style=\"color: #3366ff;\"><strong><b>Profil de l'entreprise<\/b><\/strong><\/span><\/h3>\n<p><img loading=\"lazy\" decoding=\"async\" class=\"aligncenter size-full wp-image-11606\" src=\"https:\/\/seppeschina.com\/wp-content\/uploads\/2021\/03\/seppes-door8.gif\" alt=\"\" width=\"600\" height=\"502\"><\/p>\n<h3><span style=\"color: #3366ff;\"><strong><b>Pr\u00e9sentation de l'usine<\/b><\/strong><\/span><\/h3>\n<p><img loading=\"lazy\" decoding=\"async\" class=\"aligncenter wp-image-11604 size-full\" src=\"https:\/\/seppeschina.com\/wp-content\/uploads\/2021\/03\/seppes-door6.gif\" alt=\"\" width=\"600\" height=\"358\"><\/p>\n<h3><span style=\"color: #3366ff;\"><strong><b>Exposition<\/b><\/strong><\/span><\/h3>\n<p><img loading=\"lazy\" decoding=\"async\" class=\"aligncenter wp-image-11605 size-full\" src=\"https:\/\/seppeschina.com\/wp-content\/uploads\/2021\/03\/seppes-door7.gif\" alt=\"\" width=\"600\" height=\"338\"><\/p>\n<h3><span style=\"color: #3366ff;\"><strong><b>Avantages<\/b><\/strong><\/span><\/h3>\n<p><img loading=\"lazy\" decoding=\"async\" class=\"aligncenter size-full wp-image-11824\" src=\"https:\/\/seppeschina.com\/wp-content\/uploads\/2021\/04\/\u786c\u8d28\u5feb\u901f\u95e8_02.gif\" alt=\"\" width=\"600\" height=\"636\"><\/p>\n<h3><span style=\"color: #3366ff;\"><strong><b>Applications<\/b><\/strong><\/span><\/h3>\n<p><strong><b><img loading=\"lazy\" decoding=\"async\" class=\"aligncenter wp-image-11612 size-full\" src=\"https:\/\/seppeschina.com\/wp-content\/uploads\/2021\/03\/seppes-door2.jpg\" alt=\"\" width=\"600\" height=\"723\" srcset=\"https:\/\/seppeschina.com\/wp-content\/uploads\/2021\/03\/seppes-door2.jpg 600w, https:\/\/seppeschina.com\/wp-content\/uploads\/2021\/03\/seppes-door2-360x434.jpg 360w, https:\/\/seppeschina.com\/wp-content\/uploads\/2021\/03\/seppes-door2-249x300.jpg 249w, https:\/\/seppeschina.com\/wp-content\/uploads\/2021\/03\/seppes-door2-456x550.jpg 456w\" sizes=\"auto, (max-width: 600px) 100vw, 600px\" \/><\/b><\/strong><\/p>\n<h3><span style=\"color: #3366ff;\"><strong><b>Nos partenaires<\/b><\/strong><\/span><\/h3>\n<p>Devenu fournisseur coop\u00e9ratif de pr\u00e8s de 60 entreprises Fortune 500 telles qu'IKEA, Logitech, Fresenius, Akzo Nobel, etc.<\/p>\n<p><img loading=\"lazy\" decoding=\"async\" class=\"aligncenter wp-image-11608 size-full\" src=\"https:\/\/seppeschina.com\/wp-content\/uploads\/2021\/03\/seppes-door10.gif\" alt=\"\" width=\"600\" height=\"491\"><\/p>\n<h3><span style=\"color: #3366ff;\"><strong><b>Certifications<\/b><\/strong><\/span><\/h3>\n<p><img loading=\"lazy\" decoding=\"async\" class=\"aligncenter wp-image-11597 size-full\" src=\"https:\/\/seppeschina.com\/wp-content\/uploads\/2021\/03\/fast-door6.gif\" alt=\"\" width=\"600\" height=\"488\"><\/p>\n<p>&nbsp;<\/p>\n<h3><span style=\"color: #3366ff;\"><strong><b>Livraison &amp; Emballage<\/b><\/strong><\/span><\/h3>\n<p>Notre m\u00e9thode d'emballage est la caisse en bois, et les modes de transport incluent express, a\u00e9rien et maritime. G\u00e9n\u00e9ralement 3 \u00e0 7 jours apr\u00e8s la commande.<\/p>\n<p><img loading=\"lazy\" decoding=\"async\" class=\"aligncenter wp-image-11818 size-full\" src=\"https:\/\/seppeschina.com\/wp-content\/uploads\/2021\/04\/H847d78bca14e40ceb2854a49609655195.png\" alt=\"\" width=\"750\" height=\"310\" srcset=\"https:\/\/seppeschina.com\/wp-content\/uploads\/2021\/04\/H847d78bca14e40ceb2854a49609655195.png 750w, https:\/\/seppeschina.com\/wp-content\/uploads\/2021\/04\/H847d78bca14e40ceb2854a49609655195-360x149.png 360w, https:\/\/seppeschina.com\/wp-content\/uploads\/2021\/04\/H847d78bca14e40ceb2854a49609655195-600x248.png 600w, https:\/\/seppeschina.com\/wp-content\/uploads\/2021\/04\/H847d78bca14e40ceb2854a49609655195-300x124.png 300w, https:\/\/seppeschina.com\/wp-content\/uploads\/2021\/04\/H847d78bca14e40ceb2854a49609655195-550x227.png 550w\" sizes=\"auto, (max-width: 750px) 100vw, 750px\" \/><\/p>\n<h3><span style=\"color: #3366ff;\">FAQ<\/span><\/h3>\n<p><strong>Q : Quelle est la puissance et la tension ?<\/strong><\/p>\n<p><strong>R : Peut \u00eatre personnalis\u00e9. Normalement 220V, 0,75KW, 50HZ, monophas\u00e9.<\/strong><\/p>\n<p><strong>Q : Quels mat\u00e9riaux peut-on choisir pour le cadre de la porte rapide ?<\/strong><\/p>\n<p><strong>R : Cadre de porte en acier peint, cadre en SUS304 \/ 316, cadre en alliage d'aluminium.<\/strong><\/p>\n<p><strong>Q : Quel est le prix de la porte rapide ?<\/strong><\/p>\n<p><strong>R : Cela d\u00e9pend de vos dimensions et des autres \u00e9quipements.<\/strong><\/p>\n<p><strong>Q : Comment choisir l'usine de portes rapides ?<\/strong><\/p>\n<p><strong>R : Certifi\u00e9e, SGS, CE, plus de 10 ans d'exp\u00e9rience.<\/strong><\/p>\n<p><strong>Q : Pouvons-nous installer la porte rapide nous-m\u00eames ?<\/strong><\/p>\n<p><strong>A : Oui, tr\u00e8s simple. Nous pouvons fournir un guide d'installation en anglais ainsi que des vid\u00e9os.\u00a0<\/strong><\/p>\n<p><strong>Q : Quelle est sa dur\u00e9e d'utilisation ?<\/strong><\/p>\n<p><strong>A : Environ 10 \u00e0 15 ans.<\/strong><\/p>\n<p><strong>Q : Quelles sont les m\u00e9thodes d'ouverture automatique\/intelligente de la porte rapide ?<\/strong><\/p>\n<p><strong>A : Bouton-poussoir manuel, d\u00e9tecteur de mouvement automatique, boucle d'induction, interrupteur \u00e0 traction, badgeuse, liaison avec automate (PLC) ou AGV.<\/strong><\/p>\n\n<div class=\"wpcf7 no-js\" id=\"wpcf7-f1555-o1\" lang=\"en-US\" dir=\"ltr\" data-wpcf7-id=\"1555\">\n<div class=\"screen-reader-response\"><p role=\"status\" aria-live=\"polite\" aria-atomic=\"true\"><\/p> <ul><\/ul><\/div>\n<form action=\"\/fr\/wp-json\/wp\/v2\/product\/11261#wpcf7-f1555-o1\" method=\"post\" class=\"wpcf7-form init\" aria-label=\"Contact form\" novalidate=\"novalidate\" data-status=\"init\" data-trp-original-action=\"\/fr\/wp-json\/wp\/v2\/product\/11261#wpcf7-f1555-o1\">\n<fieldset class=\"hidden-fields-container\"><input type=\"hidden\" name=\"_wpcf7\" value=\"1555\" \/><input type=\"hidden\" name=\"_wpcf7_version\" value=\"6.1.4\" \/><input type=\"hidden\" name=\"_wpcf7_locale\" value=\"en_US\" \/><input type=\"hidden\" name=\"_wpcf7_unit_tag\" value=\"wpcf7-f1555-o1\" \/><input type=\"hidden\" name=\"_wpcf7_container_post\" value=\"0\" \/><input type=\"hidden\" name=\"_wpcf7_posted_data_hash\" value=\"\" \/><input type=\"hidden\" name=\"_wpcf7_recaptcha_response\" value=\"\" \/>\n<\/fieldset>\n<div class=\"hunkcf71\">\n\t<p class=\"cf7-title\" style=\"font-size:25px;\"><i class=\"fa fa-envelope-o\"><\/i> Nous r\u00e9pondrons \u00e0 votre e-mail sous peu !\n\t<\/p>\n\t<p><span class=\"wpcf7-form-control-wrap\" data-name=\"text-737\"><input size=\"40\" maxlength=\"400\" class=\"wpcf7-form-control wpcf7-text wpcf7-validates-as-required\" aria-required=\"true\" aria-invalid=\"false\" placeholder=\"Votre nom*\" value=\"\" type=\"text\" name=\"text-737\" \/><\/span>\n\t<\/p>\n\t<p><span class=\"wpcf7-form-control-wrap\" data-name=\"email-193\"><input size=\"40\" maxlength=\"400\" class=\"wpcf7-form-control wpcf7-email wpcf7-validates-as-required wpcf7-text wpcf7-validates-as-email\" aria-required=\"true\" aria-invalid=\"false\" placeholder=\"Adresse e-mail*\" value=\"\" type=\"email\" name=\"email-193\" \/><\/span>\n\t<\/p>\n\t<p><span class=\"wpcf7-form-control-wrap\" data-name=\"text-738\"><input size=\"40\" maxlength=\"400\" class=\"wpcf7-form-control wpcf7-text\" aria-invalid=\"false\" placeholder=\"Num\u00e9ro de t\u00e9l\u00e9phone\" value=\"\" type=\"text\" name=\"text-738\" \/><\/span>\n\t<\/p>\n\t<p><span class=\"wpcf7-form-control-wrap\" data-name=\"textarea-837\"><textarea cols=\"40\" rows=\"10\" maxlength=\"2000\" class=\"wpcf7-form-control wpcf7-textarea wpcf7-validates-as-required\" aria-required=\"true\" aria-invalid=\"false\" placeholder=\"D\u00e9crivez-nous vos besoins de mani\u00e8re aussi pr\u00e9cise que possible*\" name=\"textarea-837\"><\/textarea><\/span>\n\t<\/p>\n\t<p><input class=\"wpcf7-form-control wpcf7-submit has-spinner\" type=\"submit\" value=\"Envoyer\" \/>\n\t<\/p>\n<\/div><div class=\"wpcf7-response-output\" aria-hidden=\"true\"><\/div>\n<input type=\"hidden\" name=\"trp-form-language\" value=\"fr\"\/><\/form>\n<\/div>\n\n<\/div>\n<\/div>","protected":false},"excerpt":{"rendered":"<p><strong><span lang=\"en\">Cinq sch\u00e9mas structurels <\/span><\/strong><\/p>\n<p><strong><span lang=\"en\">1. Structure d'aspiration spirale standard <\/span><\/strong><\/p>\n<p><strong><span lang=\"en\">2. Structure d'aspiration spirale elliptique <\/span><\/strong><\/p>\n<p><strong><span lang=\"en\">3. Structure en L <\/span><\/strong><\/p>\n<p><strong><span lang=\"en\">4. Structure verticale<\/span><\/strong><\/p>\n<p><strong><span lang=\"en\"> 5. Structure couch\u00e9e<\/span><\/strong><\/p>","protected":false},"featured_media":10280,"comment_status":"open","ping_status":"closed","template":"","meta":[],"product_brand":[],"product_cat":[253],"product_tag":[350],"class_list":{"0":"post-11261","1":"product","2":"type-product","3":"status-publish","4":"has-post-thumbnail","6":"product_cat-high-speed-spiral-door","7":"product_tag-high-speed-spiral-door","10":"first","11":"instock","12":"shipping-taxable","13":"product-type-simple"},"_links":{"self":[{"href":"https:\/\/seppeschina.com\/fr\/wp-json\/wp\/v2\/product\/11261","targetHints":{"allow":["GET"]}}],"collection":[{"href":"https:\/\/seppeschina.com\/fr\/wp-json\/wp\/v2\/product"}],"about":[{"href":"https:\/\/seppeschina.com\/fr\/wp-json\/wp\/v2\/types\/product"}],"replies":[{"embeddable":true,"href":"https:\/\/seppeschina.com\/fr\/wp-json\/wp\/v2\/comments?post=11261"}],"wp:featuredmedia":[{"embeddable":true,"href":"https:\/\/seppeschina.com\/fr\/wp-json\/wp\/v2\/media\/10280"}],"wp:attachment":[{"href":"https:\/\/seppeschina.com\/fr\/wp-json\/wp\/v2\/media?parent=11261"}],"wp:term":[{"taxonomy":"product_brand","embeddable":true,"href":"https:\/\/seppeschina.com\/fr\/wp-json\/wp\/v2\/product_brand?post=11261"},{"taxonomy":"product_cat","embeddable":true,"href":"https:\/\/seppeschina.com\/fr\/wp-json\/wp\/v2\/product_cat?post=11261"},{"taxonomy":"product_tag","embeddable":true,"href":"https:\/\/seppeschina.com\/fr\/wp-json\/wp\/v2\/product_tag?post=11261"}],"curies":[{"name":"wp","href":"https:\/\/api.w.org\/{rel}","templated":true}]}}