{"id":12244,"date":"2021-05-11T17:17:18","date_gmt":"2021-05-11T09:17:18","guid":{"rendered":"https:\/\/seppeschina.com\/?post_type=product&#038;p=12244"},"modified":"2026-03-25T15:36:27","modified_gmt":"2026-03-25T07:36:27","slug":"porte-a-fermeture-eclair-haute-vitesse-2","status":"publish","type":"product","link":"https:\/\/seppeschina.com\/fr\/product\/high-speed-zipper-door-2\/","title":{"rendered":"Porte \u00e0 fermeture \u00e9clair rapide"},"content":{"rendered":"<h3>Description<\/h3>\n<p>Les caract\u00e9ristiques conventionnelles de la porte \u00e0 fermeture \u00e9clair haute vitesse incluent :<\/p>\n<p><span class=\"VIiyi\" lang=\"en\"><span class=\"JLqJ4b ChMk0b\" data-language-for-alternatives=\"en\" data-language-to-translate-into=\"zh-CN\" data-phrase-index=\"0\">1. R\u00e9initialisation : fonction de r\u00e9initialisation automatique pour \u00e9viter les collisions et les d\u00e9raillements accidentels (technologie brevet\u00e9e)<\/span><\/span><\/p>\n<p><span class=\"VIiyi\" lang=\"en\"><span class=\"JLqJ4b ChMk0b\" data-language-for-alternatives=\"en\" data-language-to-translate-into=\"zh-CN\" data-phrase-index=\"2\">2. Fermeture \u00e0 cha\u00eene : structure de verrouillage \u00e0 fermeture \u00e9clair, haute \u00e9tanch\u00e9it\u00e9 ; corps de porte enti\u00e8rement souple, plus s\u00fbr<\/span><\/span><\/p>\n<p><span class=\"VIiyi\" lang=\"en\"><span class=\"JLqJ4b ChMk0b\" data-language-for-alternatives=\"en\" data-language-to-translate-into=\"zh-CN\" data-phrase-index=\"4\">3. Haute vitesse : le moteur servo est sp\u00e9cialement personnalis\u00e9 et la vitesse d'ouverture peut atteindre 2,0 m\/s, applicable \u00e9galement aux lignes de production \u00e0 haute fr\u00e9quence<\/span><\/span><\/p>\n<p><span class=\"VIiyi\" lang=\"en\"><span class=\"JLqJ4b ChMk0b\" data-language-for-alternatives=\"en\" data-language-to-translate-into=\"zh-CN\" data-phrase-index=\"6\">4. R\u00e9sistance au vent : le rail du cadre de porte est \u00e9quip\u00e9 d'un syst\u00e8me de tension \u00e0 ressort, r\u00e9sistant conventionnellement \u00e0 une pression de vent de 6-8 niveaux, pouvant \u00eatre renforc\u00e9 sur commande sp\u00e9ciale<\/span><\/span><\/p>\n<p><span class=\"VIiyi\" lang=\"en\"><span class=\"JLqJ4b ChMk0b\" data-language-for-alternatives=\"en\" data-language-to-translate-into=\"zh-CN\" data-phrase-index=\"8\">5. Haute fr\u00e9quence : le nombre de cycles peut atteindre 1 million ou plus<\/span><\/span><\/p>\n<p><span class=\"VIiyi\" lang=\"en\"><span class=\"JLqJ4b ChMk0b\" data-language-for-alternatives=\"en\" data-language-to-translate-into=\"zh-CN\" data-phrase-index=\"10\">6. S\u00e9curit\u00e9 : photoelectrique de s\u00e9curit\u00e9 standard et coussin d'air inf\u00e9rieur (technologie brevet\u00e9e SEPPES), rideau lumineux de s\u00e9curit\u00e9 en option<\/span><\/span><\/p>\n<p><img loading=\"lazy\" decoding=\"async\" class=\"aligncenter wp-image-11883\" title=\"Porte rapide \u00e0 fermeture \u00e0 glissi\u00e8re\" src=\"https:\/\/seppeschina.com\/wp-content\/uploads\/2021\/04\/\u56fe\u724715.jpg\" alt=\"\" width=\"600\" height=\"450\" srcset=\"https:\/\/seppeschina.com\/wp-content\/uploads\/2021\/04\/\u56fe\u724715.jpg 800w, https:\/\/seppeschina.com\/wp-content\/uploads\/2021\/04\/\u56fe\u724715-360x270.jpg 360w, https:\/\/seppeschina.com\/wp-content\/uploads\/2021\/04\/\u56fe\u724715-600x450.jpg 600w, https:\/\/seppeschina.com\/wp-content\/uploads\/2021\/04\/\u56fe\u724715-300x225.jpg 300w, https:\/\/seppeschina.com\/wp-content\/uploads\/2021\/04\/\u56fe\u724715-768x576.jpg 768w, https:\/\/seppeschina.com\/wp-content\/uploads\/2021\/04\/\u56fe\u724715-550x413.jpg 550w\" sizes=\"auto, (max-width: 600px) 100vw, 600px\" \/><\/p>\n<h3><strong><b>Composition<\/b><\/strong><\/h3>\n<p><img loading=\"lazy\" decoding=\"async\" class=\"aligncenter wp-image-12050\" title=\"Porte rapide \u00e0 fermeture \u00e0 glissi\u00e8re\" src=\"https:\/\/seppeschina.com\/wp-content\/uploads\/2021\/03\/\u7ea2\u8272\u62c9\u94fe\u5feb\u901f\u95e8\u7ed3\u6784\u56fe.jpg\" alt=\"\" width=\"600\" height=\"600\" srcset=\"https:\/\/seppeschina.com\/wp-content\/uploads\/2021\/03\/\u7ea2\u8272\u62c9\u94fe\u5feb\u901f\u95e8\u7ed3\u6784\u56fe.jpg 750w, https:\/\/seppeschina.com\/wp-content\/uploads\/2021\/03\/\u7ea2\u8272\u62c9\u94fe\u5feb\u901f\u95e8\u7ed3\u6784\u56fe-360x360.jpg 360w, https:\/\/seppeschina.com\/wp-content\/uploads\/2021\/03\/\u7ea2\u8272\u62c9\u94fe\u5feb\u901f\u95e8\u7ed3\u6784\u56fe-100x100.jpg 100w, https:\/\/seppeschina.com\/wp-content\/uploads\/2021\/03\/\u7ea2\u8272\u62c9\u94fe\u5feb\u901f\u95e8\u7ed3\u6784\u56fe-600x600.jpg 600w, https:\/\/seppeschina.com\/wp-content\/uploads\/2021\/03\/\u7ea2\u8272\u62c9\u94fe\u5feb\u901f\u95e8\u7ed3\u6784\u56fe-300x300.jpg 300w, https:\/\/seppeschina.com\/wp-content\/uploads\/2021\/03\/\u7ea2\u8272\u62c9\u94fe\u5feb\u901f\u95e8\u7ed3\u6784\u56fe-150x150.jpg 150w, https:\/\/seppeschina.com\/wp-content\/uploads\/2021\/03\/\u7ea2\u8272\u62c9\u94fe\u5feb\u901f\u95e8\u7ed3\u6784\u56fe-24x24.jpg 24w, https:\/\/seppeschina.com\/wp-content\/uploads\/2021\/03\/\u7ea2\u8272\u62c9\u94fe\u5feb\u901f\u95e8\u7ed3\u6784\u56fe-48x48.jpg 48w, https:\/\/seppeschina.com\/wp-content\/uploads\/2021\/03\/\u7ea2\u8272\u62c9\u94fe\u5feb\u901f\u95e8\u7ed3\u6784\u56fe-96x96.jpg 96w, https:\/\/seppeschina.com\/wp-content\/uploads\/2021\/03\/\u7ea2\u8272\u62c9\u94fe\u5feb\u901f\u95e8\u7ed3\u6784\u56fe-364x364.jpg 364w, https:\/\/seppeschina.com\/wp-content\/uploads\/2021\/03\/\u7ea2\u8272\u62c9\u94fe\u5feb\u901f\u95e8\u7ed3\u6784\u56fe-50x50.jpg 50w, https:\/\/seppeschina.com\/wp-content\/uploads\/2021\/03\/\u7ea2\u8272\u62c9\u94fe\u5feb\u901f\u95e8\u7ed3\u6784\u56fe-110x110.jpg 110w, https:\/\/seppeschina.com\/wp-content\/uploads\/2021\/03\/\u7ea2\u8272\u62c9\u94fe\u5feb\u901f\u95e8\u7ed3\u6784\u56fe-275x275.jpg 275w, https:\/\/seppeschina.com\/wp-content\/uploads\/2021\/03\/\u7ea2\u8272\u62c9\u94fe\u5feb\u901f\u95e8\u7ed3\u6784\u56fe-480x480.jpg 480w, https:\/\/seppeschina.com\/wp-content\/uploads\/2021\/03\/\u7ea2\u8272\u62c9\u94fe\u5feb\u901f\u95e8\u7ed3\u6784\u56fe-550x550.jpg 550w\" sizes=\"auto, (max-width: 600px) 100vw, 600px\" \/><\/p>\n<h3><strong><b>Caract\u00e9ristique<\/b><\/strong><\/h3>\n<table>\n<tbody>\n<tr>\n<td width=\"118\"><strong><b>Nom<\/b><\/strong><\/td>\n<td width=\"339\">Porte PVC \u00e0 fermeture \u00e9clair \u00e0 grande vitesse<\/td>\n<\/tr>\n<tr>\n<td width=\"118\"><strong><b>Rideau<\/b><\/strong><\/td>\n<td width=\"339\">Rideau en tissu de 1,2 mm d'\u00e9paisseur<\/td>\n<\/tr>\n<tr>\n<td width=\"118\"><strong><b>Cadre de Porte<\/b><\/strong><\/td>\n<td width=\"339\">Acier Galvanis\u00e9 \/<\/p>\n<p>Acier Inoxydable 304 \/ Alliage d'Aluminium<\/td>\n<\/tr>\n<tr>\n<td width=\"118\"><strong><b>Moteur<\/b><\/strong><\/td>\n<td width=\"339\">Moteur servo, utilisable plus de 1,5 million de fois<\/td>\n<\/tr>\n<tr>\n<td width=\"118\"><strong><b>Puissance<\/b><\/strong><\/td>\n<td width=\"339\">220V, 0,75 kW, 50 Hz<\/td>\n<\/tr>\n<tr>\n<td width=\"118\"><strong><b>Vitesse<\/b><\/strong><\/td>\n<td width=\"339\">0,8 - 2,5 m\/s, r\u00e9glable<\/td>\n<\/tr>\n<tr>\n<td width=\"118\"><strong><b>Nombre d'Utilisations<\/b><\/strong><\/td>\n<td width=\"339\">Plus de 1,5 million de fois<\/td>\n<\/tr>\n<tr>\n<td width=\"118\"><strong><b>Protection<\/b><\/strong><\/td>\n<td width=\"339\">IP54<\/td>\n<\/tr>\n<tr>\n<td width=\"118\"><strong><b>Avantage<\/b><\/strong><\/td>\n<td width=\"339\">Silencieux \/ Durable \/ \u00c9vitement de collision \/ R\u00e9initialisation automatique<\/td>\n<\/tr>\n<\/tbody>\n<\/table>\n<h3><strong><b>Images d\u00e9taill\u00e9es<\/b><\/strong><\/h3>\n<p><img loading=\"lazy\" decoding=\"async\" class=\"alignnone size-full wp-image-10137\" src=\"https:\/\/seppeschina.com\/wp-content\/uploads\/2021\/01\/\u5fae\u4fe1\u56fe\u7247_20210108155737.jpg\" alt=\"\" width=\"750\" height=\"793\" srcset=\"https:\/\/seppeschina.com\/wp-content\/uploads\/2021\/01\/\u5fae\u4fe1\u56fe\u7247_20210108155737.jpg 750w, https:\/\/seppeschina.com\/wp-content\/uploads\/2021\/01\/\u5fae\u4fe1\u56fe\u7247_20210108155737-360x381.jpg 360w, https:\/\/seppeschina.com\/wp-content\/uploads\/2021\/01\/\u5fae\u4fe1\u56fe\u7247_20210108155737-600x634.jpg 600w, https:\/\/seppeschina.com\/wp-content\/uploads\/2021\/01\/\u5fae\u4fe1\u56fe\u7247_20210108155737-284x300.jpg 284w, https:\/\/seppeschina.com\/wp-content\/uploads\/2021\/01\/\u5fae\u4fe1\u56fe\u7247_20210108155737-24x24.jpg 24w, https:\/\/seppeschina.com\/wp-content\/uploads\/2021\/01\/\u5fae\u4fe1\u56fe\u7247_20210108155737-520x550.jpg 520w\" sizes=\"auto, (max-width: 750px) 100vw, 750px\" \/><\/p>\n<p>1. Le fer d'angle est renforc\u00e9 pour rendre la structure de la porte plus stable ;<\/p>\n<p>2. Installation plus pratique, aspect esth\u00e9tique ;<\/p>\n<p>3. Peut se r\u00e9initialiser automatiquement en cas de d\u00e9raillement d\u00fb \u00e0 un choc ;<\/p>\n<p>4. Effleure l\u00e9g\u00e8rement un objet, rebondit rapidement ;<\/p>\n<p>5. Chaque produit poss\u00e8de son propre code ;<\/p>\n<p>6.<a href=\"https:\/\/en.wikipedia.org\/wiki\/Color\" rel=\"nofollow noopener\" target=\"_blank\">Couleur<\/a> Peut \u00eatre s\u00e9lectionn\u00e9 selon la nuanci\u00e8re Raul.<\/p>\n<h3>M\u00e9thodes d'ouverture<\/h3>\n<p><img loading=\"lazy\" decoding=\"async\" class=\"aligncenter wp-image-12022\" src=\"https:\/\/seppeschina.com\/wp-content\/uploads\/2021\/04\/\u7ea2\u8272\u5f00\u5173\u56fe.jpg\" alt=\"\" width=\"600\" height=\"600\" srcset=\"https:\/\/seppeschina.com\/wp-content\/uploads\/2021\/04\/\u7ea2\u8272\u5f00\u5173\u56fe.jpg 750w, https:\/\/seppeschina.com\/wp-content\/uploads\/2021\/04\/\u7ea2\u8272\u5f00\u5173\u56fe-360x360.jpg 360w, https:\/\/seppeschina.com\/wp-content\/uploads\/2021\/04\/\u7ea2\u8272\u5f00\u5173\u56fe-100x100.jpg 100w, https:\/\/seppeschina.com\/wp-content\/uploads\/2021\/04\/\u7ea2\u8272\u5f00\u5173\u56fe-600x600.jpg 600w, https:\/\/seppeschina.com\/wp-content\/uploads\/2021\/04\/\u7ea2\u8272\u5f00\u5173\u56fe-300x300.jpg 300w, https:\/\/seppeschina.com\/wp-content\/uploads\/2021\/04\/\u7ea2\u8272\u5f00\u5173\u56fe-150x150.jpg 150w, https:\/\/seppeschina.com\/wp-content\/uploads\/2021\/04\/\u7ea2\u8272\u5f00\u5173\u56fe-24x24.jpg 24w, https:\/\/seppeschina.com\/wp-content\/uploads\/2021\/04\/\u7ea2\u8272\u5f00\u5173\u56fe-48x48.jpg 48w, https:\/\/seppeschina.com\/wp-content\/uploads\/2021\/04\/\u7ea2\u8272\u5f00\u5173\u56fe-96x96.jpg 96w, https:\/\/seppeschina.com\/wp-content\/uploads\/2021\/04\/\u7ea2\u8272\u5f00\u5173\u56fe-364x364.jpg 364w, https:\/\/seppeschina.com\/wp-content\/uploads\/2021\/04\/\u7ea2\u8272\u5f00\u5173\u56fe-50x50.jpg 50w, https:\/\/seppeschina.com\/wp-content\/uploads\/2021\/04\/\u7ea2\u8272\u5f00\u5173\u56fe-110x110.jpg 110w, https:\/\/seppeschina.com\/wp-content\/uploads\/2021\/04\/\u7ea2\u8272\u5f00\u5173\u56fe-275x275.jpg 275w, https:\/\/seppeschina.com\/wp-content\/uploads\/2021\/04\/\u7ea2\u8272\u5f00\u5173\u56fe-480x480.jpg 480w, https:\/\/seppeschina.com\/wp-content\/uploads\/2021\/04\/\u7ea2\u8272\u5f00\u5173\u56fe-550x550.jpg 550w\" sizes=\"auto, (max-width: 600px) 100vw, 600px\" \/><\/p>\n<h3>Choix de couleur<\/h3>\n<p><img loading=\"lazy\" decoding=\"async\" class=\"aligncenter wp-image-10104\" src=\"https:\/\/seppeschina.com\/wp-content\/uploads\/2019\/04\/COLOR-1.jpg\" sizes=\"auto, (max-width: 600px) 100vw, 600px\" srcset=\"https:\/\/seppeschina.com\/wp-content\/uploads\/2019\/04\/COLOR-1.jpg 750w, https:\/\/seppeschina.com\/wp-content\/uploads\/2019\/04\/COLOR-1-300x300.jpg 300w, https:\/\/seppeschina.com\/wp-content\/uploads\/2019\/04\/COLOR-1-150x150.jpg 150w, https:\/\/seppeschina.com\/wp-content\/uploads\/2019\/04\/COLOR-1-360x360.jpg 360w, https:\/\/seppeschina.com\/wp-content\/uploads\/2019\/04\/COLOR-1-600x600.jpg 600w, https:\/\/seppeschina.com\/wp-content\/uploads\/2019\/04\/COLOR-1-100x100.jpg 100w, https:\/\/seppeschina.com\/wp-content\/uploads\/2019\/04\/COLOR-1-24x24.jpg 24w, https:\/\/seppeschina.com\/wp-content\/uploads\/2019\/04\/COLOR-1-48x48.jpg 48w, https:\/\/seppeschina.com\/wp-content\/uploads\/2019\/04\/COLOR-1-96x96.jpg 96w, https:\/\/seppeschina.com\/wp-content\/uploads\/2019\/04\/COLOR-1-364x364.jpg 364w, https:\/\/seppeschina.com\/wp-content\/uploads\/2019\/04\/COLOR-1-50x50.jpg 50w, https:\/\/seppeschina.com\/wp-content\/uploads\/2019\/04\/COLOR-1-110x110.jpg 110w, https:\/\/seppeschina.com\/wp-content\/uploads\/2019\/04\/COLOR-1-275x275.jpg 275w, https:\/\/seppeschina.com\/wp-content\/uploads\/2019\/04\/COLOR-1-480x480.jpg 480w, https:\/\/seppeschina.com\/wp-content\/uploads\/2019\/04\/COLOR-1-550x550.jpg 550w\" alt=\"\" width=\"600\" height=\"600\"><\/p>\n<h3>Produit associ\u00e9<\/h3>\n<p><img loading=\"lazy\" decoding=\"async\" class=\"aligncenter size-full wp-image-11599\" src=\"https:\/\/seppeschina.com\/wp-content\/uploads\/2021\/03\/seppes-door-1.gif\" alt=\"\" width=\"600\" height=\"528\"><\/p>\n<h3>Qui sommes-nous ?<\/h3>\n<h5>\u00c0 propos de nous<\/h5>\n<p><strong>Seppes Door Industry (Suzhou) Co., Ltd.<\/strong>\u00a0A \u00e9t\u00e9 fond\u00e9e en 2011 et est une entreprise de fabrication et de commerce avec 9 ans d'exp\u00e9rience. Nos principaux produits sont <a href=\"https:\/\/seppeschina.com\/fr\/product-category\/porte-rapide-a-fermeture-a-glissiere\/\">les portes haute vitesse<\/a>, les portes \u00e0 enroulement rapide, les portes \u00e0 enroulement automatique, les portes combin\u00e9es, etc.<\/p>\n<p><img loading=\"lazy\" decoding=\"async\" class=\"aligncenter size-full wp-image-11606\" src=\"https:\/\/seppeschina.com\/wp-content\/uploads\/2021\/03\/seppes-door8.gif\" alt=\"\" width=\"600\" height=\"502\"><\/p>\n<h3>Pr\u00e9sentation de l'usine<\/h3>\n<p><img loading=\"lazy\" decoding=\"async\" class=\"aligncenter size-full wp-image-11604\" src=\"https:\/\/seppeschina.com\/wp-content\/uploads\/2021\/03\/seppes-door6.gif\" alt=\"\" width=\"600\" height=\"358\"><\/p>\n<h3>Exposition<\/h3>\n<p>Ceci est une photo de clients espagnols, australiens, br\u00e9siliens, chiliens, etc., qui ont visit\u00e9 notre entreprise.<\/p>\n<p><img loading=\"lazy\" decoding=\"async\" class=\"aligncenter size-full wp-image-11605\" src=\"https:\/\/seppeschina.com\/wp-content\/uploads\/2021\/03\/seppes-door7.gif\" alt=\"\" width=\"600\" height=\"338\"><\/p>\n<h3>Nos partenaires<br \/>\n<img loading=\"lazy\" decoding=\"async\" class=\"aligncenter size-full wp-image-11608\" src=\"https:\/\/seppeschina.com\/wp-content\/uploads\/2021\/03\/seppes-door10.gif\" alt=\"\" width=\"600\" height=\"491\">Avantages<\/h3>\n<p><img loading=\"lazy\" decoding=\"async\" class=\"aligncenter size-full wp-image-11817\" src=\"https:\/\/seppeschina.com\/wp-content\/uploads\/2021\/04\/%E6%8B%89%E9%93%BE%E5%BF%AB%E9%80%9F%E9%97%A8_02.jpg\" sizes=\"auto, (max-width: 600px) 100vw, 600px\" srcset=\"https:\/\/seppeschina.com\/wp-content\/uploads\/2021\/04\/\u62c9\u94fe\u5feb\u901f\u95e8_02.jpg 600w, https:\/\/seppeschina.com\/wp-content\/uploads\/2021\/04\/\u62c9\u94fe\u5feb\u901f\u95e8_02-283x300.jpg 283w, https:\/\/seppeschina.com\/wp-content\/uploads\/2021\/04\/\u62c9\u94fe\u5feb\u901f\u95e8_02-360x382.jpg 360w, https:\/\/seppeschina.com\/wp-content\/uploads\/2021\/04\/\u62c9\u94fe\u5feb\u901f\u95e8_02-24x24.jpg 24w, https:\/\/seppeschina.com\/wp-content\/uploads\/2021\/04\/\u62c9\u94fe\u5feb\u901f\u95e8_02-519x550.jpg 519w\" alt=\"\" width=\"600\" height=\"636\"><\/p>\n<h3>Applications<\/h3>\n<p><img loading=\"lazy\" decoding=\"async\" class=\"aligncenter size-full wp-image-11612\" src=\"https:\/\/seppeschina.com\/wp-content\/uploads\/2021\/03\/seppes-door2.jpg\" sizes=\"auto, (max-width: 600px) 100vw, 600px\" srcset=\"https:\/\/seppeschina.com\/wp-content\/uploads\/2021\/03\/seppes-door2.jpg 600w, https:\/\/seppeschina.com\/wp-content\/uploads\/2021\/03\/seppes-door2-249x300.jpg 249w, https:\/\/seppeschina.com\/wp-content\/uploads\/2021\/03\/seppes-door2-360x434.jpg 360w, https:\/\/seppeschina.com\/wp-content\/uploads\/2021\/03\/seppes-door2-456x550.jpg 456w\" alt=\"\" width=\"600\" height=\"723\"><\/p>\n<h3>Livraison &amp; Emballage<\/h3>\n<p>Notre m\u00e9thode d'emballage est la caisse en bois, et les modes de transport incluent express, a\u00e9rien et maritime. G\u00e9n\u00e9ralement 3 \u00e0 7 jours apr\u00e8s la commande.<\/p>\n<p><img loading=\"lazy\" decoding=\"async\" class=\"aligncenter size-full wp-image-11818\" src=\"https:\/\/seppeschina.com\/wp-content\/uploads\/2021\/04\/H847d78bca14e40ceb2854a49609655195.png\" sizes=\"auto, (max-width: 750px) 100vw, 750px\" srcset=\"https:\/\/seppeschina.com\/wp-content\/uploads\/2021\/04\/H847d78bca14e40ceb2854a49609655195.png 750w, https:\/\/seppeschina.com\/wp-content\/uploads\/2021\/04\/H847d78bca14e40ceb2854a49609655195-300x124.png 300w, https:\/\/seppeschina.com\/wp-content\/uploads\/2021\/04\/H847d78bca14e40ceb2854a49609655195-360x149.png 360w, https:\/\/seppeschina.com\/wp-content\/uploads\/2021\/04\/H847d78bca14e40ceb2854a49609655195-600x248.png 600w, https:\/\/seppeschina.com\/wp-content\/uploads\/2021\/04\/H847d78bca14e40ceb2854a49609655195-550x227.png 550w\" alt=\"\" width=\"750\" height=\"310\"><\/p>\n<h3>FAQ<\/h3>\n<p><strong>Q : Quelle est la puissance et la tension ?<\/strong><\/p>\n<p><strong>R : Peut \u00eatre personnalis\u00e9. Normalement 220V, 0,75KW, 50HZ, monophas\u00e9.<\/strong><\/p>\n<p><strong>Q : Quels mat\u00e9riaux peut-on choisir pour le cadre de la porte rapide ?<\/strong><\/p>\n<p><strong>R : Cadre de porte en acier peint, cadre en SUS304 \/ 316, cadre en alliage d'aluminium.<\/strong><\/p>\n<p><strong>Q : Quel est le prix de la porte rapide ?<\/strong><\/p>\n<p><strong>R : Cela d\u00e9pend de vos dimensions et des autres \u00e9quipements.<\/strong><\/p>\n<p><strong>Q : Comment choisir l'usine de portes rapides ?<\/strong><\/p>\n<p><strong>R : Certifi\u00e9e, SGS, CE, plus de 10 ans d'exp\u00e9rience.<\/strong><\/p>\n<p><strong>Q : Pouvons-nous installer la porte rapide nous-m\u00eames ?<\/strong><\/p>\n<p><strong>A : Oui, tr\u00e8s simple. Nous pouvons fournir un guide d'installation en anglais ainsi que des vid\u00e9os.\u00a0<\/strong><\/p>\n<p><strong>Q : Quelle est sa dur\u00e9e d'utilisation ?<\/strong><\/p>\n<p><strong>A : Environ 10 \u00e0 15 ans.<\/strong><\/p>\n<p><strong>Q : Quelles sont les m\u00e9thodes d'ouverture automatique\/intelligente de la porte rapide ?<\/strong><\/p>\n<p><strong>A : Bouton-poussoir manuel, d\u00e9tecteur de mouvement automatique, boucle d'induction, interrupteur \u00e0 traction, badgeuse, liaison avec automate (PLC) ou AGV.<\/strong><\/p>\n\n<div class=\"wpcf7 no-js\" id=\"wpcf7-f1555-o1\" lang=\"en-US\" dir=\"ltr\" data-wpcf7-id=\"1555\">\n<div class=\"screen-reader-response\"><p role=\"status\" aria-live=\"polite\" aria-atomic=\"true\"><\/p> <ul><\/ul><\/div>\n<form action=\"\/fr\/wp-json\/wp\/v2\/product\/12244#wpcf7-f1555-o1\" method=\"post\" class=\"wpcf7-form init\" aria-label=\"Contact form\" novalidate=\"novalidate\" data-status=\"init\" data-trp-original-action=\"\/fr\/wp-json\/wp\/v2\/product\/12244#wpcf7-f1555-o1\">\n<fieldset class=\"hidden-fields-container\"><input type=\"hidden\" name=\"_wpcf7\" value=\"1555\" \/><input type=\"hidden\" name=\"_wpcf7_version\" value=\"6.1.4\" \/><input type=\"hidden\" name=\"_wpcf7_locale\" value=\"en_US\" \/><input type=\"hidden\" name=\"_wpcf7_unit_tag\" value=\"wpcf7-f1555-o1\" \/><input type=\"hidden\" name=\"_wpcf7_container_post\" value=\"0\" \/><input type=\"hidden\" name=\"_wpcf7_posted_data_hash\" value=\"\" \/><input type=\"hidden\" name=\"_wpcf7_recaptcha_response\" value=\"\" \/>\n<\/fieldset>\n<div class=\"hunkcf71\">\n\t<p class=\"cf7-title\" style=\"font-size:25px;\"><i class=\"fa fa-envelope-o\"><\/i> Nous r\u00e9pondrons \u00e0 votre e-mail sous peu !\n\t<\/p>\n\t<p><span class=\"wpcf7-form-control-wrap\" data-name=\"text-737\"><input size=\"40\" maxlength=\"400\" class=\"wpcf7-form-control wpcf7-text wpcf7-validates-as-required\" aria-required=\"true\" aria-invalid=\"false\" placeholder=\"Votre nom*\" value=\"\" type=\"text\" name=\"text-737\" \/><\/span>\n\t<\/p>\n\t<p><span class=\"wpcf7-form-control-wrap\" data-name=\"email-193\"><input size=\"40\" maxlength=\"400\" class=\"wpcf7-form-control wpcf7-email wpcf7-validates-as-required wpcf7-text wpcf7-validates-as-email\" aria-required=\"true\" aria-invalid=\"false\" placeholder=\"Adresse e-mail*\" value=\"\" type=\"email\" name=\"email-193\" \/><\/span>\n\t<\/p>\n\t<p><span class=\"wpcf7-form-control-wrap\" data-name=\"text-738\"><input size=\"40\" maxlength=\"400\" class=\"wpcf7-form-control wpcf7-text\" aria-invalid=\"false\" placeholder=\"Num\u00e9ro de t\u00e9l\u00e9phone\" value=\"\" type=\"text\" name=\"text-738\" \/><\/span>\n\t<\/p>\n\t<p><span class=\"wpcf7-form-control-wrap\" data-name=\"textarea-837\"><textarea cols=\"40\" rows=\"10\" maxlength=\"2000\" class=\"wpcf7-form-control wpcf7-textarea wpcf7-validates-as-required\" aria-required=\"true\" aria-invalid=\"false\" placeholder=\"D\u00e9crivez-nous vos besoins de mani\u00e8re aussi pr\u00e9cise que possible*\" name=\"textarea-837\"><\/textarea><\/span>\n\t<\/p>\n\t<p><input class=\"wpcf7-form-control wpcf7-submit has-spinner\" type=\"submit\" value=\"Envoyer\" \/>\n\t<\/p>\n<\/div><div class=\"wpcf7-response-output\" aria-hidden=\"true\"><\/div>\n<input type=\"hidden\" name=\"trp-form-language\" value=\"fr\"\/><\/form>\n<\/div>","protected":false},"excerpt":{"rendered":"<p>Caract\u00e9ristiques<\/p>\n<p>Isolation thermique, maintien de l'humidit\u00e9, protection contre la poussi\u00e8re, protection contre les insectes, isolation acoustique, r\u00e9sistance au vent, etc., permettant de maintenir l'atelier dans un environnement de travail \u00e0 temp\u00e9rature et humidit\u00e9 constantes et propre. Sur la base de l'am\u00e9lioration de la porte rapide, elle dispose d'une fonction anti-collision avec r\u00e9initialisation et d'une meilleure \u00e9tanch\u00e9it\u00e9.<\/p>","protected":false},"featured_media":12247,"comment_status":"open","ping_status":"closed","template":"","meta":[],"product_brand":[],"product_cat":[303],"product_tag":[378,379,380,319,355],"class_list":{"0":"post-12244","1":"product","2":"type-product","3":"status-publish","4":"has-post-thumbnail","6":"product_cat-high-speed-zipper-door","7":"product_tag-high-speed-door-italy","8":"product_tag-high-speed-door-japan","9":"product_tag-high-speed-door-malaysia","10":"product_tag-high-speed-zipper-door","11":"product_tag-zipper-high-speed-door","14":"first","15":"instock","16":"shipping-taxable","17":"product-type-simple"},"_links":{"self":[{"href":"https:\/\/seppeschina.com\/fr\/wp-json\/wp\/v2\/product\/12244","targetHints":{"allow":["GET"]}}],"collection":[{"href":"https:\/\/seppeschina.com\/fr\/wp-json\/wp\/v2\/product"}],"about":[{"href":"https:\/\/seppeschina.com\/fr\/wp-json\/wp\/v2\/types\/product"}],"replies":[{"embeddable":true,"href":"https:\/\/seppeschina.com\/fr\/wp-json\/wp\/v2\/comments?post=12244"}],"wp:featuredmedia":[{"embeddable":true,"href":"https:\/\/seppeschina.com\/fr\/wp-json\/wp\/v2\/media\/12247"}],"wp:attachment":[{"href":"https:\/\/seppeschina.com\/fr\/wp-json\/wp\/v2\/media?parent=12244"}],"wp:term":[{"taxonomy":"product_brand","embeddable":true,"href":"https:\/\/seppeschina.com\/fr\/wp-json\/wp\/v2\/product_brand?post=12244"},{"taxonomy":"product_cat","embeddable":true,"href":"https:\/\/seppeschina.com\/fr\/wp-json\/wp\/v2\/product_cat?post=12244"},{"taxonomy":"product_tag","embeddable":true,"href":"https:\/\/seppeschina.com\/fr\/wp-json\/wp\/v2\/product_tag?post=12244"}],"curies":[{"name":"wp","href":"https:\/\/api.w.org\/{rel}","templated":true}]}}