{"id":12507,"date":"2021-07-23T16:23:34","date_gmt":"2021-07-23T08:23:34","guid":{"rendered":"https:\/\/seppeschina.com\/?post_type=product&#038;p=12507"},"modified":"2025-06-17T17:05:33","modified_gmt":"2025-06-17T09:05:33","slug":"porte-a-haute-vitesse","status":"publish","type":"product","link":"https:\/\/seppeschina.com\/fr\/product\/high-speed-door\/","title":{"rendered":"Porte Rapide"},"content":{"rendered":"<h2><strong>Description<\/strong><\/h2>\n<p><strong data-start=\"166\" data-end=\"332\">SEPPES est un fabricant de portes rapides de confiance avec plus de 14 ans d'exp\u00e9rience, desservant les centres logistiques, les salles propres et les installations industrielles dans plus de 70 pays.<\/strong><\/p>\n<p><br data-start=\"332\" data-end=\"335\" \/>Nos portes rapides \u00e0 enroulement en PVC fonctionnent jusqu'\u00e0 <strong data-start=\"382\" data-end=\"393\">0,8-1,2 m\/s<\/strong>, supportent <strong data-start=\"403\" data-end=\"426\">plus de 50 cycles par heure<\/strong>, et offrent <strong data-start=\"438\" data-end=\"483\">une excellente \u00e9tanch\u00e9it\u00e9, s\u00e9curit\u00e9 et durabilit\u00e9<\/strong>.<\/p>\n<p><br data-start=\"484\" data-end=\"487\" \/>Certifi\u00e9es <strong data-start=\"504\" data-end=\"510\">CE<\/strong>, <strong data-start=\"512\" data-end=\"519\">ISO<\/strong>, et install\u00e9es par <strong data-start=\"538\" data-end=\"561\">des clients du Fortune 500<\/strong>, les portes SEPPES sont con\u00e7ues pour des performances \u00e9lev\u00e9es dans des environnements exigeants\u2014<strong data-start=\"638\" data-end=\"700\">\u00e0 un prix bien plus comp\u00e9titif que les marques internationales.<\/strong><\/p>\n<p><img loading=\"lazy\" decoding=\"async\" class=\"aligncenter size-full wp-image-13060\" src=\"https:\/\/seppeschina.com\/wp-content\/uploads\/2021\/07\/2-2.jpg\" alt=\"\" width=\"750\" height=\"766\" srcset=\"https:\/\/seppeschina.com\/wp-content\/uploads\/2021\/07\/2-2.jpg 750w, https:\/\/seppeschina.com\/wp-content\/uploads\/2021\/07\/2-2-360x368.jpg 360w, https:\/\/seppeschina.com\/wp-content\/uploads\/2021\/07\/2-2-600x613.jpg 600w, https:\/\/seppeschina.com\/wp-content\/uploads\/2021\/07\/2-2-294x300.jpg 294w, https:\/\/seppeschina.com\/wp-content\/uploads\/2021\/07\/2-2-24x24.jpg 24w, https:\/\/seppeschina.com\/wp-content\/uploads\/2021\/07\/2-2-48x48.jpg 48w, https:\/\/seppeschina.com\/wp-content\/uploads\/2021\/07\/2-2-50x50.jpg 50w, https:\/\/seppeschina.com\/wp-content\/uploads\/2021\/07\/2-2-539x550.jpg 539w\" sizes=\"auto, (max-width: 750px) 100vw, 750px\" \/><\/p>\n<h2>Cas de projets<\/h2>\n<p><img loading=\"lazy\" decoding=\"async\" class=\"aligncenter size-full wp-image-13062\" src=\"https:\/\/seppeschina.com\/wp-content\/uploads\/2021\/07\/3\u4fee\u6539.jpg\" alt=\"\" width=\"750\" height=\"776\" srcset=\"https:\/\/seppeschina.com\/wp-content\/uploads\/2021\/07\/3\u4fee\u6539.jpg 750w, https:\/\/seppeschina.com\/wp-content\/uploads\/2021\/07\/3\u4fee\u6539-360x372.jpg 360w, https:\/\/seppeschina.com\/wp-content\/uploads\/2021\/07\/3\u4fee\u6539-600x621.jpg 600w, https:\/\/seppeschina.com\/wp-content\/uploads\/2021\/07\/3\u4fee\u6539-290x300.jpg 290w, https:\/\/seppeschina.com\/wp-content\/uploads\/2021\/07\/3\u4fee\u6539-24x24.jpg 24w, https:\/\/seppeschina.com\/wp-content\/uploads\/2021\/07\/3\u4fee\u6539-532x550.jpg 532w\" sizes=\"auto, (max-width: 750px) 100vw, 750px\" \/><\/p>\n<p data-start=\"1054\" data-end=\"1200\"><strong>| Fabrication Alimentaire et Pharmaceutique |<\/strong><br data-start=\"1092\" data-end=\"1095\" \/>Install\u00e9e dans une usine alimentaire certifi\u00e9e BPF, assurant l'isolation de l'air et un acc\u00e8s rapide avec plus de 50 cycles quotidiens.<\/p>\n<p data-start=\"1202\" data-end=\"1339\"><strong>| Liaison AGV d'Usine Intelligente |<\/strong><br data-start=\"1234\" data-end=\"1237\" \/>Porte sur mesure avec rideau lumineux et radar, permettant un acc\u00e8s mains libres pour les AGV dans une installation automatis\u00e9e.<\/p>\n<p data-start=\"1341\" data-end=\"1486\"><strong>| Salle de D\u00e9poussi\u00e9rage (Sas) pour Salle Propre |<\/strong><br data-start=\"1373\" data-end=\"1376\" \/>Utilis\u00e9e dans une salle propre pharmaceutique avec une haute \u00e9tanch\u00e9it\u00e9, am\u00e9liorant le contr\u00f4le des poussi\u00e8res et la s\u00e9paration des flux de travail.<\/p>\n<p data-start=\"1488\" data-end=\"1626\"><strong>| Atelier de Pr\u00e9cision |<\/strong><br data-start=\"1513\" data-end=\"1516\" \/>Porte PVC antistatique install\u00e9e dans une usine \u00e9lectronique de haute pr\u00e9cision aux exigences environnementales strictes.<\/p>\n<p data-start=\"1628\" data-end=\"1746\"><strong>| Atelier Automobile |<\/strong><br data-start=\"1654\" data-end=\"1657\" \/>Porte rapide robuste con\u00e7ue pour de grandes ouvertures et un acc\u00e8s logistique \u00e0 haute fr\u00e9quence.<\/p>\n<p data-start=\"1748\" data-end=\"1885\"><strong>| Fabrication \u00c9lectronique |<\/strong><br data-start=\"1780\" data-end=\"1783\" \/>D\u00e9ploy\u00e9e sur une ligne de production de circuits imprim\u00e9s avec plusieurs portes rapides pour le contr\u00f4le des poussi\u00e8res et un flux de production optimis\u00e9.<\/p>\n<h2>D\u00e9tails<\/h2>\n<p><img loading=\"lazy\" decoding=\"async\" class=\"aligncenter size-full wp-image-12509\" src=\"https:\/\/seppeschina.com\/wp-content\/uploads\/2021\/07\/fast-door-4.jpg\" alt=\"\" width=\"750\" height=\"748\" srcset=\"https:\/\/seppeschina.com\/wp-content\/uploads\/2021\/07\/fast-door-4.jpg 750w, https:\/\/seppeschina.com\/wp-content\/uploads\/2021\/07\/fast-door-4-360x359.jpg 360w, https:\/\/seppeschina.com\/wp-content\/uploads\/2021\/07\/fast-door-4-100x100.jpg 100w, https:\/\/seppeschina.com\/wp-content\/uploads\/2021\/07\/fast-door-4-600x598.jpg 600w, https:\/\/seppeschina.com\/wp-content\/uploads\/2021\/07\/fast-door-4-300x300.jpg 300w, https:\/\/seppeschina.com\/wp-content\/uploads\/2021\/07\/fast-door-4-150x150.jpg 150w, https:\/\/seppeschina.com\/wp-content\/uploads\/2021\/07\/fast-door-4-24x24.jpg 24w, https:\/\/seppeschina.com\/wp-content\/uploads\/2021\/07\/fast-door-4-48x48.jpg 48w, https:\/\/seppeschina.com\/wp-content\/uploads\/2021\/07\/fast-door-4-96x96.jpg 96w, https:\/\/seppeschina.com\/wp-content\/uploads\/2021\/07\/fast-door-4-364x364.jpg 364w, https:\/\/seppeschina.com\/wp-content\/uploads\/2021\/07\/fast-door-4-50x50.jpg 50w, https:\/\/seppeschina.com\/wp-content\/uploads\/2021\/07\/fast-door-4-110x110.jpg 110w, https:\/\/seppeschina.com\/wp-content\/uploads\/2021\/07\/fast-door-4-275x275.jpg 275w, https:\/\/seppeschina.com\/wp-content\/uploads\/2021\/07\/fast-door-4-480x480.jpg 480w, https:\/\/seppeschina.com\/wp-content\/uploads\/2021\/07\/fast-door-4-550x550.jpg 550w\" sizes=\"auto, (max-width: 750px) 100vw, 750px\" \/><\/p>\n<h3 data-start=\"503\" data-end=\"548\"><strong data-start=\"503\" data-end=\"548\">Composants Cl\u00e9s de la Porte Rapide SEPPES :<\/strong><\/h3>\n<ul data-start=\"553\" data-end=\"1486\">\n<li data-start=\"553\" data-end=\"711\">\n<p data-start=\"555\" data-end=\"711\"><strong data-start=\"555\" data-end=\"571\">B\u00e2che PVC :<\/strong> Fabriqu\u00e9e en PVC r\u00e9sistant \u00e0 l'usure et flexible, adapt\u00e9e aux environnements de qualit\u00e9 alimentaire ou aux salles propres. Disponible en plusieurs couleurs et \u00e9paisseurs.<\/p>\n<\/li>\n<li data-start=\"714\" data-end=\"862\">\n<p data-start=\"716\" data-end=\"862\"><strong data-start=\"716\" data-end=\"740\">Cadre en Acier Peint :<\/strong> Surface anti-corrosion, durable sous des cycles d'ouverture\/fermeture fr\u00e9quents. Personnalisable en acier galvanis\u00e9 ou inoxydable.<\/p>\n<\/li>\n<li data-start=\"865\" data-end=\"1000\">\n<p data-start=\"867\" data-end=\"1000\"><strong data-start=\"867\" data-end=\"893\">Barre Anti-Vent (Baguette de Vent) :<\/strong> Am\u00e9liore la r\u00e9sistance au vent, maintenant la stabilit\u00e9 de la porte sous des diff\u00e9rences de pression ou en installation ext\u00e9rieure.<\/p>\n<\/li>\n<li data-start=\"1003\" data-end=\"1136\">\n<p data-start=\"1005\" data-end=\"1136\"><strong data-start=\"1005\" data-end=\"1026\">Capteurs Infrarouges :<\/strong> Capteurs double face pour une utilisation s\u00fbre ; arr\u00eat et inversion automatiques lors de la d\u00e9tection d'un obstacle pendant la fermeture.<\/p>\n<\/li>\n<li data-start=\"1139\" data-end=\"1226\">\n<p data-start=\"1141\" data-end=\"1226\"><strong data-start=\"1141\" data-end=\"1156\">Joint \u00e0 Brosse :<\/strong> Mont\u00e9 \u00e0 l'int\u00e9rieur du rail guide pour r\u00e9duire le bruit, la poussi\u00e8re et les fuites d'air.<\/p>\n<\/li>\n<li data-start=\"1229\" data-end=\"1368\">\n<p data-start=\"1231\" data-end=\"1368\"><strong data-start=\"1231\" data-end=\"1247\">Bo\u00eetier de Commande :<\/strong> Contr\u00f4leur intelligent avec fonctionnement multi-mode (manuel, radar, cordon de tirage, etc.), personnalisable en plusieurs langues.<\/p>\n<\/li>\n<li data-start=\"1371\" data-end=\"1486\">\n<p data-start=\"1373\" data-end=\"1486\"><strong data-start=\"1373\" data-end=\"1383\">Moteur :<\/strong> Syst\u00e8me moteur haute vitesse avec protection contre les surcharges, longue dur\u00e9e de vie, et option de mise \u00e0 niveau avec moteur servo.<\/p>\n<\/li>\n<\/ul>\n<h2>Avantages<\/h2>\n<p><a href=\"https:\/\/seppeschina.com\/fr\/historique-de-lentreprise\/\"><img loading=\"lazy\" decoding=\"async\" class=\"aligncenter size-full wp-image-12875\" src=\"https:\/\/seppeschina.com\/wp-content\/uploads\/2021\/07\/2-1.jpg\" alt=\"\" width=\"750\" height=\"272\" srcset=\"https:\/\/seppeschina.com\/wp-content\/uploads\/2021\/07\/2-1.jpg 750w, https:\/\/seppeschina.com\/wp-content\/uploads\/2021\/07\/2-1-360x131.jpg 360w, https:\/\/seppeschina.com\/wp-content\/uploads\/2021\/07\/2-1-600x218.jpg 600w, https:\/\/seppeschina.com\/wp-content\/uploads\/2021\/07\/2-1-300x109.jpg 300w, https:\/\/seppeschina.com\/wp-content\/uploads\/2021\/07\/2-1-550x199.jpg 550w\" sizes=\"auto, (max-width: 750px) 100vw, 750px\" \/><\/a><\/p>\n<p><img loading=\"lazy\" decoding=\"async\" class=\"aligncenter size-full wp-image-13063\" src=\"https:\/\/seppeschina.com\/wp-content\/uploads\/2021\/07\/6\u4fee\u6539.jpg\" alt=\"\" width=\"750\" height=\"828\" srcset=\"https:\/\/seppeschina.com\/wp-content\/uploads\/2021\/07\/6\u4fee\u6539.jpg 750w, https:\/\/seppeschina.com\/wp-content\/uploads\/2021\/07\/6\u4fee\u6539-360x397.jpg 360w, https:\/\/seppeschina.com\/wp-content\/uploads\/2021\/07\/6\u4fee\u6539-600x662.jpg 600w, https:\/\/seppeschina.com\/wp-content\/uploads\/2021\/07\/6\u4fee\u6539-272x300.jpg 272w, https:\/\/seppeschina.com\/wp-content\/uploads\/2021\/07\/6\u4fee\u6539-498x550.jpg 498w\" sizes=\"auto, (max-width: 750px) 100vw, 750px\" \/><\/p>\n<h2>Certificat<\/h2>\n<p><img loading=\"lazy\" decoding=\"async\" class=\"aligncenter wp-image-14344 size-full\" src=\"https:\/\/seppeschina.com\/wp-content\/uploads\/2021\/07\/certificate-1.webp\" alt=\"CERTIFICAT SEPPES\" width=\"800\" height=\"463\" srcset=\"https:\/\/seppeschina.com\/wp-content\/uploads\/2021\/07\/certificate-1.webp 800w, https:\/\/seppeschina.com\/wp-content\/uploads\/2021\/07\/certificate-1-300x174.webp 300w, https:\/\/seppeschina.com\/wp-content\/uploads\/2021\/07\/certificate-1-768x444.webp 768w, https:\/\/seppeschina.com\/wp-content\/uploads\/2021\/07\/certificate-1-18x10.webp 18w, https:\/\/seppeschina.com\/wp-content\/uploads\/2021\/07\/certificate-1-360x208.webp 360w, https:\/\/seppeschina.com\/wp-content\/uploads\/2021\/07\/certificate-1-600x347.webp 600w, https:\/\/seppeschina.com\/wp-content\/uploads\/2021\/07\/certificate-1-550x318.webp 550w\" sizes=\"auto, (max-width: 800px) 100vw, 800px\" \/><\/p>\n<p>&nbsp;<\/p>\n<h2>Pr\u00e9sentation de l'usine<\/h2>\n<p><img loading=\"lazy\" decoding=\"async\" class=\"aligncenter size-full wp-image-13054\" src=\"https:\/\/seppeschina.com\/wp-content\/uploads\/2022\/01\/\u5ba2\u6237\u597d\u8bc41.jpg\" alt=\"\" width=\"750\" height=\"728\" srcset=\"https:\/\/seppeschina.com\/wp-content\/uploads\/2022\/01\/\u5ba2\u6237\u597d\u8bc41.jpg 750w, https:\/\/seppeschina.com\/wp-content\/uploads\/2022\/01\/\u5ba2\u6237\u597d\u8bc41-360x349.jpg 360w, https:\/\/seppeschina.com\/wp-content\/uploads\/2022\/01\/\u5ba2\u6237\u597d\u8bc41-600x582.jpg 600w, https:\/\/seppeschina.com\/wp-content\/uploads\/2022\/01\/\u5ba2\u6237\u597d\u8bc41-300x291.jpg 300w, https:\/\/seppeschina.com\/wp-content\/uploads\/2022\/01\/\u5ba2\u6237\u597d\u8bc41-24x24.jpg 24w, https:\/\/seppeschina.com\/wp-content\/uploads\/2022\/01\/\u5ba2\u6237\u597d\u8bc41-48x48.jpg 48w, https:\/\/seppeschina.com\/wp-content\/uploads\/2022\/01\/\u5ba2\u6237\u597d\u8bc41-50x50.jpg 50w, https:\/\/seppeschina.com\/wp-content\/uploads\/2022\/01\/\u5ba2\u6237\u597d\u8bc41-550x534.jpg 550w\" sizes=\"auto, (max-width: 750px) 100vw, 750px\" \/><\/p>\n<h2>Clients<\/h2>\n<p>Voici une photo de clients espagnols, australiens, br\u00e9siliens, chiliens, etc. qui nous ont fait de grands \u00e9loges.<br \/>\n<span class=\"color-main\"><img loading=\"lazy\" decoding=\"async\" class=\"aligncenter wp-image-12511 size-full\" title=\"Porte \u00e0 haute vitesse pour usine\" src=\"https:\/\/seppeschina.com\/wp-content\/uploads\/2021\/07\/fast-door-6.jpg\" alt=\"\" width=\"750\" height=\"1466\" srcset=\"https:\/\/seppeschina.com\/wp-content\/uploads\/2021\/07\/fast-door-6.jpg 750w, https:\/\/seppeschina.com\/wp-content\/uploads\/2021\/07\/fast-door-6-360x704.jpg 360w, https:\/\/seppeschina.com\/wp-content\/uploads\/2021\/07\/fast-door-6-600x1173.jpg 600w, https:\/\/seppeschina.com\/wp-content\/uploads\/2021\/07\/fast-door-6-153x300.jpg 153w, https:\/\/seppeschina.com\/wp-content\/uploads\/2021\/07\/fast-door-6-524x1024.jpg 524w, https:\/\/seppeschina.com\/wp-content\/uploads\/2021\/07\/fast-door-6-281x550.jpg 281w\" sizes=\"auto, (max-width: 750px) 100vw, 750px\" \/><\/span><\/p>\n<p><img loading=\"lazy\" decoding=\"async\" class=\"aligncenter size-full wp-image-13050\" src=\"https:\/\/seppeschina.com\/wp-content\/uploads\/2022\/01\/\u4eba\u7269\u597d\u8bc4.jpg\" alt=\"\" width=\"750\" height=\"575\" srcset=\"https:\/\/seppeschina.com\/wp-content\/uploads\/2022\/01\/\u4eba\u7269\u597d\u8bc4.jpg 750w, https:\/\/seppeschina.com\/wp-content\/uploads\/2022\/01\/\u4eba\u7269\u597d\u8bc4-360x276.jpg 360w, https:\/\/seppeschina.com\/wp-content\/uploads\/2022\/01\/\u4eba\u7269\u597d\u8bc4-600x460.jpg 600w, https:\/\/seppeschina.com\/wp-content\/uploads\/2022\/01\/\u4eba\u7269\u597d\u8bc4-300x230.jpg 300w, https:\/\/seppeschina.com\/wp-content\/uploads\/2022\/01\/\u4eba\u7269\u597d\u8bc4-550x422.jpg 550w\" sizes=\"auto, (max-width: 750px) 100vw, 750px\" \/><\/p>\n<h2>Nos partenaires<\/h2>\n<p>Plus de 60 entreprises du Fortune 500 telles que\u00a0<a href=\"http:\/\/global.geely.com\/\" rel=\"nofollow noopener\" target=\"_blank\">Geely<\/a>, Procter &amp; Gamble, Huawei, Bosch et Pfizer nous ont choisis.<\/p>\n<p><img loading=\"lazy\" decoding=\"async\" class=\"aligncenter size-full wp-image-13053\" src=\"https:\/\/seppeschina.com\/wp-content\/uploads\/2022\/01\/9.jpg\" alt=\"\" width=\"750\" height=\"754\" srcset=\"https:\/\/seppeschina.com\/wp-content\/uploads\/2022\/01\/9.jpg 750w, https:\/\/seppeschina.com\/wp-content\/uploads\/2022\/01\/9-360x362.jpg 360w, https:\/\/seppeschina.com\/wp-content\/uploads\/2022\/01\/9-100x100.jpg 100w, https:\/\/seppeschina.com\/wp-content\/uploads\/2022\/01\/9-600x603.jpg 600w, https:\/\/seppeschina.com\/wp-content\/uploads\/2022\/01\/9-298x300.jpg 298w, https:\/\/seppeschina.com\/wp-content\/uploads\/2022\/01\/9-150x150.jpg 150w, https:\/\/seppeschina.com\/wp-content\/uploads\/2022\/01\/9-24x24.jpg 24w, https:\/\/seppeschina.com\/wp-content\/uploads\/2022\/01\/9-48x48.jpg 48w, https:\/\/seppeschina.com\/wp-content\/uploads\/2022\/01\/9-96x96.jpg 96w, https:\/\/seppeschina.com\/wp-content\/uploads\/2022\/01\/9-50x50.jpg 50w, https:\/\/seppeschina.com\/wp-content\/uploads\/2022\/01\/9-110x110.jpg 110w, https:\/\/seppeschina.com\/wp-content\/uploads\/2022\/01\/9-275x275.jpg 275w, https:\/\/seppeschina.com\/wp-content\/uploads\/2022\/01\/9-547x550.jpg 547w\" sizes=\"auto, (max-width: 750px) 100vw, 750px\" \/><\/p>\n<h2>Plus de cas d'utilisation<\/h2>\n<p><img loading=\"lazy\" decoding=\"async\" class=\"aligncenter wp-image-12508 size-full\" title=\"Porte \u00e0 haute vitesse\" src=\"https:\/\/seppeschina.com\/wp-content\/uploads\/2021\/07\/fast-door-3.jpg\" alt=\"\" width=\"750\" height=\"734\" srcset=\"https:\/\/seppeschina.com\/wp-content\/uploads\/2021\/07\/fast-door-3.jpg 750w, https:\/\/seppeschina.com\/wp-content\/uploads\/2021\/07\/fast-door-3-360x352.jpg 360w, https:\/\/seppeschina.com\/wp-content\/uploads\/2021\/07\/fast-door-3-600x587.jpg 600w, https:\/\/seppeschina.com\/wp-content\/uploads\/2021\/07\/fast-door-3-300x294.jpg 300w, https:\/\/seppeschina.com\/wp-content\/uploads\/2021\/07\/fast-door-3-24x24.jpg 24w, https:\/\/seppeschina.com\/wp-content\/uploads\/2021\/07\/fast-door-3-48x48.jpg 48w, https:\/\/seppeschina.com\/wp-content\/uploads\/2021\/07\/fast-door-3-50x50.jpg 50w, https:\/\/seppeschina.com\/wp-content\/uploads\/2021\/07\/fast-door-3-550x538.jpg 550w\" sizes=\"auto, (max-width: 750px) 100vw, 750px\" \/><\/p>\n<h2>FAQ<\/h2>\n<p><span class=\"magic-36\"><b data-spm-anchor-id=\"a2700.details.0.i23.546e123aKROpOh\">1<\/b><b>.1.Q : Quelle est la couleur de la porte ?<\/b><\/span><\/p>\n<div>\n<p><span class=\"magic-36\">R : Rouge, jaune, bleu, blanc, gris et transparent.<\/span><\/p>\n<p><b>2.Q : Quel est le type de moteur de la porte ?<\/b><br \/>\nR : Moteur servo, 220V - 0,75 KW - 50HZ - 1 phase.<\/p>\n<p><b>3.Q : Quel est le mat\u00e9riau du cadre de la porte ?<\/b><br \/>\nR : Cadre de porte en acier peint, cadre de porte en SUS304, cadre de porte en alliage d'aluminium.<\/p>\n<p><b>4.Q : Quel est le prix de la porte ?<\/b><br \/>\nR : Cela d\u00e9pend de la taille et des autres \u00e9quipements.<\/p>\n<p><b data-spm-anchor-id=\"a2700.details.0.i24.546e123aKROpOh\">5.Q : Combien de temps la porte peut-elle \u00eatre utilis\u00e9e ?<\/b><br \/>\nR : 8 \u00e0 10 ans.<\/p>\n<p><b>6.Q : Dans quel type d'endroit la porte peut-elle \u00eatre utilis\u00e9e ?<\/b><br \/>\nR : Entrep\u00f4t d'usine, stockage, salle blanche.<\/p>\n<\/div>\n<div>\n\n<div class=\"wpcf7 no-js\" id=\"wpcf7-f1555-o1\" lang=\"en-US\" dir=\"ltr\" data-wpcf7-id=\"1555\">\n<div class=\"screen-reader-response\"><p role=\"status\" aria-live=\"polite\" aria-atomic=\"true\"><\/p> <ul><\/ul><\/div>\n<form action=\"\/fr\/wp-json\/wp\/v2\/product\/12507#wpcf7-f1555-o1\" method=\"post\" class=\"wpcf7-form init\" aria-label=\"Contact form\" novalidate=\"novalidate\" data-status=\"init\" data-trp-original-action=\"\/fr\/wp-json\/wp\/v2\/product\/12507#wpcf7-f1555-o1\">\n<fieldset class=\"hidden-fields-container\"><input type=\"hidden\" name=\"_wpcf7\" value=\"1555\" \/><input type=\"hidden\" name=\"_wpcf7_version\" value=\"6.1.4\" \/><input type=\"hidden\" name=\"_wpcf7_locale\" value=\"en_US\" \/><input type=\"hidden\" name=\"_wpcf7_unit_tag\" value=\"wpcf7-f1555-o1\" \/><input type=\"hidden\" name=\"_wpcf7_container_post\" value=\"0\" \/><input type=\"hidden\" name=\"_wpcf7_posted_data_hash\" value=\"\" \/><input type=\"hidden\" name=\"_wpcf7_recaptcha_response\" value=\"\" \/>\n<\/fieldset>\n<div class=\"hunkcf71\">\n\t<p class=\"cf7-title\" style=\"font-size:25px;\"><i class=\"fa fa-envelope-o\"><\/i> Nous r\u00e9pondrons \u00e0 votre e-mail sous peu !\n\t<\/p>\n\t<p><span class=\"wpcf7-form-control-wrap\" data-name=\"text-737\"><input size=\"40\" maxlength=\"400\" class=\"wpcf7-form-control wpcf7-text wpcf7-validates-as-required\" aria-required=\"true\" aria-invalid=\"false\" placeholder=\"Votre nom*\" value=\"\" type=\"text\" name=\"text-737\" \/><\/span>\n\t<\/p>\n\t<p><span class=\"wpcf7-form-control-wrap\" data-name=\"email-193\"><input size=\"40\" maxlength=\"400\" class=\"wpcf7-form-control wpcf7-email wpcf7-validates-as-required wpcf7-text wpcf7-validates-as-email\" aria-required=\"true\" aria-invalid=\"false\" placeholder=\"Adresse e-mail*\" value=\"\" type=\"email\" name=\"email-193\" \/><\/span>\n\t<\/p>\n\t<p><span class=\"wpcf7-form-control-wrap\" data-name=\"text-738\"><input size=\"40\" maxlength=\"400\" class=\"wpcf7-form-control wpcf7-text\" aria-invalid=\"false\" placeholder=\"Num\u00e9ro de t\u00e9l\u00e9phone\" value=\"\" type=\"text\" name=\"text-738\" \/><\/span>\n\t<\/p>\n\t<p><span class=\"wpcf7-form-control-wrap\" data-name=\"textarea-837\"><textarea cols=\"40\" rows=\"10\" maxlength=\"2000\" class=\"wpcf7-form-control wpcf7-textarea wpcf7-validates-as-required\" aria-required=\"true\" aria-invalid=\"false\" placeholder=\"D\u00e9crivez-nous vos besoins de mani\u00e8re aussi pr\u00e9cise que possible*\" name=\"textarea-837\"><\/textarea><\/span>\n\t<\/p>\n\t<p><input class=\"wpcf7-form-control wpcf7-submit has-spinner\" type=\"submit\" value=\"Envoyer\" \/>\n\t<\/p>\n<\/div><div class=\"wpcf7-response-output\" aria-hidden=\"true\"><\/div>\n<input type=\"hidden\" name=\"trp-form-language\" value=\"fr\"\/><\/form>\n<\/div>\n\n<\/div>\n<hr \/>\n<h2>Articles Connexes<\/h2>\n<ul>\n<li><a href=\"https:\/\/seppeschina.com\/fr\/how-to-choose-the-right-high-speed-door\/\">Comment Choisir la Bonne Porte Rapide<\/a><\/li>\n<li><a href=\"https:\/\/seppeschina.com\/fr\/high-speed-door-vs-sectionals\/\">Porte Rapide vs Porte Sectionnelle : Quelle est la Meilleure ?<\/a><\/li>\n<li><a href=\"https:\/\/seppeschina.com\/fr\/maintenance-tips-for-fast-rolling-doors\/\">5 Conseils d'Entretien pour les Portes \u00e0 Enroulement Rapide<\/a><\/li>\n<\/ul>\n<p><a href=\"https:\/\/seppeschina.com\/fr\/etiquette\/porte-a-haute-vitesse\/\"><strong> Voir tous les articles sur les Portes Rapides<\/strong><\/a><\/p>","protected":false},"excerpt":{"rendered":"<p><span class=\"color-main\"><span style=\"color: #000000;\">High speed door can be widely used in workshops and clean plants in various industries such as&#8230;&#8230;<\/span><\/span><\/p>\n[video width=\"640\" height=\"368\" mp4=\"https:\/\/seppeschina.com\/wp-content\/uploads\/2021\/07\/1.mp4\"][\/video]\n","protected":false},"featured_media":13061,"comment_status":"open","ping_status":"closed","template":"","meta":[],"product_brand":[],"product_cat":[309],"product_tag":[416,368,363,371,369,418,417],"class_list":{"0":"post-12507","1":"product","2":"type-product","3":"status-publish","4":"has-post-thumbnail","6":"product_cat-high-speed-door","7":"product_tag-automated-workshop-high-speed-door","8":"product_tag-china-pvc-fast-door","9":"product_tag-clean-room-high-speed-door","10":"product_tag-fast-acting-door","11":"product_tag-fast-action-fabric-rapid-roller-door","12":"product_tag-workshop-automatic-lifting-door","13":"product_tag-workshop-induction-automatic-door","16":"first","17":"instock","18":"shipping-taxable","19":"product-type-simple"},"_links":{"self":[{"href":"https:\/\/seppeschina.com\/fr\/wp-json\/wp\/v2\/product\/12507","targetHints":{"allow":["GET"]}}],"collection":[{"href":"https:\/\/seppeschina.com\/fr\/wp-json\/wp\/v2\/product"}],"about":[{"href":"https:\/\/seppeschina.com\/fr\/wp-json\/wp\/v2\/types\/product"}],"replies":[{"embeddable":true,"href":"https:\/\/seppeschina.com\/fr\/wp-json\/wp\/v2\/comments?post=12507"}],"wp:featuredmedia":[{"embeddable":true,"href":"https:\/\/seppeschina.com\/fr\/wp-json\/wp\/v2\/media\/13061"}],"wp:attachment":[{"href":"https:\/\/seppeschina.com\/fr\/wp-json\/wp\/v2\/media?parent=12507"}],"wp:term":[{"taxonomy":"product_brand","embeddable":true,"href":"https:\/\/seppeschina.com\/fr\/wp-json\/wp\/v2\/product_brand?post=12507"},{"taxonomy":"product_cat","embeddable":true,"href":"https:\/\/seppeschina.com\/fr\/wp-json\/wp\/v2\/product_cat?post=12507"},{"taxonomy":"product_tag","embeddable":true,"href":"https:\/\/seppeschina.com\/fr\/wp-json\/wp\/v2\/product_tag?post=12507"}],"curies":[{"name":"wp","href":"https:\/\/api.w.org\/{rel}","templated":true}]}}